{"id":23,"date":"2022-07-02T22:21:08","date_gmt":"2022-07-02T20:21:08","guid":{"rendered":"https:\/\/blogs.donboscovolunteers.de\/mimmiinbenini\/?page_id=23"},"modified":"2022-07-07T22:31:29","modified_gmt":"2022-07-07T20:31:29","slug":"cest-moi","status":"publish","type":"page","link":"https:\/\/blogs.donboscovolunteers.de\/mimmiinbenini\/cest-moi\/","title":{"rendered":"C\u2018est moi"},"content":{"rendered":"<h3 class=\"wp-block-heading\">Hallo zusammen und herzlich willkommen zu meinem Blog!<\/h3>\n\n\n\n<p>Ich freue mich, dass du mich w\u00e4hrend meines Freiwilligendienstes im Ausland begleiten wirst. Auf diesem Blog werde ich die ein oder anderen Eindr\u00fccke  und meinen Alltag aus <a href=\"https:\/\/strassenkinder.de\/laender\/afrika\/benin\/\">Benin<\/a> teilen und dir so hoffentlich ein Bild von meinem bevorstehenden Jahr vermitteln k\u00f6nnen. Ich bin jetzt schon (Juli 2022) voller Vorfreude und kann es kaum erwarten den ersten Eintrag in Benin zu schreiben.&nbsp;<\/p>\n\n\n\n<p><\/p>\n\n\n\n<h3 class=\"wp-block-heading\">F\u00fcr alle, die mich (noch) nicht kennen folgt hier eine kleine Vorstellungsrunde:<\/h3>\n\n\n\n<p>Ich hei\u00dfe Mia (oder auch Mimmi), bin 18 Jahre alt und komme aus einem kleinen Dorf in der N\u00e4he von Freiburg im Breisgau. F\u00fcr mich war schon lange klar: nach dem Abi muss ich raus in die Welt!!! Gleichzeitig habe ich mir immer gew\u00fcnscht eine Zeit lang mit Kindern und Jugendlichen zusammenzuarbeiten und deren Lebensrealit\u00e4ten kennenzulernen. Als ich dann von der M\u00f6glichkeit erfahren habe, einen <a href=\"https:\/\/www.donboscovolunteers.de\/\">Freiwilligendienst<\/a> im Ausland zu absolvieren, habe ich darin die perfekte Chance gesehen, diese beiden W\u00fcnsche zu vereinen. Somit geht es f\u00fcr mich am 7. September diesen Jahres mit meiner Mitvolont\u00e4rin Milena nach Cotonou zu den Schwestern DonBoscos.<\/p>\n\n\n\n<figure class=\"wp-block-gallery has-nested-images columns-default is-cropped wp-block-gallery-1 is-layout-flex wp-block-gallery-is-layout-flex\">\n<figure class=\"wp-block-image size-large\"><img loading=\"lazy\" decoding=\"async\" width=\"768\" height=\"1024\" data-id=\"48\" src=\"https:\/\/blogs.donboscovolunteers.de\/mimmiinbenini\/wp-content\/uploads\/sites\/21653\/2022\/07\/D8504AD3-E803-42E3-A3A4-64AE7F329F04-768x1024.jpeg\" alt=\"\" class=\"wp-image-48\" srcset=\"https:\/\/blogs.donboscovolunteers.de\/mimmiinbenini\/wp-content\/uploads\/sites\/21653\/2022\/07\/D8504AD3-E803-42E3-A3A4-64AE7F329F04-768x1024.jpeg 768w, https:\/\/blogs.donboscovolunteers.de\/mimmiinbenini\/wp-content\/uploads\/sites\/21653\/2022\/07\/D8504AD3-E803-42E3-A3A4-64AE7F329F04-225x300.jpeg 225w, https:\/\/blogs.donboscovolunteers.de\/mimmiinbenini\/wp-content\/uploads\/sites\/21653\/2022\/07\/D8504AD3-E803-42E3-A3A4-64AE7F329F04.jpeg 960w\" sizes=\"auto, (max-width: 768px) 100vw, 768px\" \/><figcaption>C\u2018est moi<\/figcaption><\/figure>\n\n\n\n<figure class=\"wp-block-image size-large\"><img loading=\"lazy\" decoding=\"async\" width=\"788\" height=\"614\" data-id=\"50\" src=\"https:\/\/blogs.donboscovolunteers.de\/mimmiinbenini\/wp-content\/uploads\/sites\/21653\/2022\/07\/0614E1CD-86F7-4649-AD82-134A09788FE2-edited.jpeg\" alt=\"\" class=\"wp-image-50\" srcset=\"https:\/\/blogs.donboscovolunteers.de\/mimmiinbenini\/wp-content\/uploads\/sites\/21653\/2022\/07\/0614E1CD-86F7-4649-AD82-134A09788FE2-edited.jpeg 788w, https:\/\/blogs.donboscovolunteers.de\/mimmiinbenini\/wp-content\/uploads\/sites\/21653\/2022\/07\/0614E1CD-86F7-4649-AD82-134A09788FE2-edited-300x234.jpeg 300w, https:\/\/blogs.donboscovolunteers.de\/mimmiinbenini\/wp-content\/uploads\/sites\/21653\/2022\/07\/0614E1CD-86F7-4649-AD82-134A09788FE2-edited-768x598.jpeg 768w\" sizes=\"auto, (max-width: 788px) 100vw, 788px\" \/><figcaption>Victor, mein nicht mehr ganz so kleiner Bruder und meine maman<\/figcaption><\/figure>\n\n\n\n<figure class=\"wp-block-image size-large\"><img loading=\"lazy\" decoding=\"async\" width=\"573\" height=\"880\" data-id=\"51\" src=\"https:\/\/blogs.donboscovolunteers.de\/mimmiinbenini\/wp-content\/uploads\/sites\/21653\/2022\/07\/3821AB65-59AE-4C18-B55F-391D6BC683AF-edited.jpeg\" alt=\"\" class=\"wp-image-51\" srcset=\"https:\/\/blogs.donboscovolunteers.de\/mimmiinbenini\/wp-content\/uploads\/sites\/21653\/2022\/07\/3821AB65-59AE-4C18-B55F-391D6BC683AF-edited.jpeg 573w, https:\/\/blogs.donboscovolunteers.de\/mimmiinbenini\/wp-content\/uploads\/sites\/21653\/2022\/07\/3821AB65-59AE-4C18-B55F-391D6BC683AF-edited-195x300.jpeg 195w\" sizes=\"auto, (max-width: 573px) 100vw, 573px\" \/><figcaption>papa, maman und ich <\/figcaption><\/figure>\n<\/figure>\n\n\n\n<h4 class=\"wp-block-heading\">Mein Leben bisher\u2026.<\/h4>\n\n\n\n<p>Geboren worden bin ich am 5.11.2003 in Frankfurt am Main, wo ich meine ersten 3 1\/2 Lebensjahre verbracht habe. 2007 sind wir dann umgezogen und leben seitdem in dem idyllischen 1600 Seelen Dorf M\u00fcnchweier (mit H\u00fchnern,Streuobstwiese, Traktor und allem drum und dran). Im benachbarten Dorf bin ich bis dieses Jahr aufs Gymnasium gegangen und habe nun mein Abitur in der Tasche. Schon immer lese ich gerne, lasse meiner Kreativit\u00e4t beim Malen und Zeichnen freien Lauf und mache gerne an der frischen Luft Sport. Ich w\u00fcrde mich als engagiert, weltoffen und optimistisch beschreiben und freue mich diese Eigenschaften im kommenden Jahr noch zu st\u00e4rken und meine Komfortzone vielleicht noch ein kleines St\u00fcck zu erweitern.\u00a0<\/p>\n\n\n\n<p>Jetzt hast du hoffentlich einiges \u00fcber mich erfahren und ich lade dich nat\u00fcrlich ganz herzlich dazu ein, meine Spuren in Benin zu verfolgen. Andererseits freue ich mich nat\u00fcrlich auch von dir zu h\u00f6ren, zum Beispiel \u00fcber Kommentare oder \u00e4hnlichem \ud83d\ude42<\/p>\n\n\n\n<p>\u00c0 bient\u00f4t,&nbsp;<\/p>\n\n\n\n<p>Mia<\/p>","protected":false},"excerpt":{"rendered":"<p>Hallo zusammen und herzlich willkommen zu meinem Blog! Ich freue mich, dass du mich w\u00e4hrend meines Freiwilligendienstes im Ausland begleiten wirst. Auf diesem Blog werde ich die ein oder anderen Eindr\u00fccke und meinen Alltag aus <a href=\"https:\/\/strassenkinder.de\/laender\/afrika\/benin\/\">Benin<\/a> teilen und dir so hoffentlich ein Bild von meinem bevorstehenden Jahr vermitteln k\u00f6nnen. Ich bin jetzt schon (Juli 2022) [&hellip;]<\/p>\n","protected":false},"author":21745,"featured_media":0,"parent":0,"menu_order":0,"comment_status":"closed","ping_status":"closed","template":"","meta":{"footnotes":""},"class_list":["post-23","page","type-page","status-publish","hentry"],"yoast_head":"<!-- This site is optimized with the Yoast SEO plugin v25.3.1 - https:\/\/yoast.com\/wordpress\/plugins\/seo\/ -->\n<title>C\u2018est moi - Mimmi in Benini<\/title>\n<meta name=\"description\" content=\"\u00dcber mich (Mimmi) und meinen Blog aus Benin - eine kleine Vorstellung.\" \/>\n<meta name=\"robots\" content=\"index, follow, max-snippet:-1, max-image-preview:large, max-video-preview:-1\" \/>\n<link rel=\"canonical\" href=\"https:\/\/blogs.donboscovolunteers.de\/mimmiinbenini\/cest-moi\/\" \/>\n<meta property=\"og:locale\" content=\"de_DE\" \/>\n<meta property=\"og:type\" content=\"article\" \/>\n<meta property=\"og:title\" content=\"C\u2018est moi - Mimmi in Benini\" \/>\n<meta property=\"og:description\" content=\"\u00dcber mich (Mimmi) und meinen Blog aus Benin - eine kleine Vorstellung.\" \/>\n<meta property=\"og:url\" content=\"https:\/\/blogs.donboscovolunteers.de\/mimmiinbenini\/cest-moi\/\" \/>\n<meta property=\"og:site_name\" content=\"Mimmi in Benini\" \/>\n<meta property=\"article:modified_time\" content=\"2022-07-07T20:31:29+00:00\" \/>\n<meta property=\"og:image\" content=\"https:\/\/blogs.donboscovolunteers.de\/mimmiinbenini\/wp-content\/uploads\/sites\/21653\/2022\/07\/D8504AD3-E803-42E3-A3A4-64AE7F329F04-768x1024.jpeg\" \/>\n<meta name=\"twitter:card\" content=\"summary_large_image\" \/>\n<meta name=\"twitter:label1\" content=\"Gesch\u00e4tzte Lesezeit\" \/>\n\t<meta name=\"twitter:data1\" content=\"3\u00a0Minuten\" \/>\n<script type=\"application\/ld+json\" class=\"yoast-schema-graph\">{\"@context\":\"https:\/\/schema.org\",\"@graph\":[{\"@type\":\"WebPage\",\"@id\":\"https:\/\/blogs.donboscovolunteers.de\/mimmiinbenini\/cest-moi\/\",\"url\":\"https:\/\/blogs.donboscovolunteers.de\/mimmiinbenini\/cest-moi\/\",\"name\":\"C\u2018est moi - Mimmi in Benini\",\"isPartOf\":{\"@id\":\"https:\/\/blogs.donboscovolunteers.de\/mimmiinbenini\/#website\"},\"primaryImageOfPage\":{\"@id\":\"https:\/\/blogs.donboscovolunteers.de\/mimmiinbenini\/cest-moi\/#primaryimage\"},\"image\":{\"@id\":\"https:\/\/blogs.donboscovolunteers.de\/mimmiinbenini\/cest-moi\/#primaryimage\"},\"thumbnailUrl\":\"https:\/\/blogs.donboscovolunteers.de\/mimmiinbenini\/wp-content\/uploads\/sites\/21653\/2022\/07\/D8504AD3-E803-42E3-A3A4-64AE7F329F04-768x1024.jpeg\",\"datePublished\":\"2022-07-02T20:21:08+00:00\",\"dateModified\":\"2022-07-07T20:31:29+00:00\",\"description\":\"\u00dcber mich (Mimmi) und meinen Blog aus Benin - eine kleine Vorstellung.\",\"breadcrumb\":{\"@id\":\"https:\/\/blogs.donboscovolunteers.de\/mimmiinbenini\/cest-moi\/#breadcrumb\"},\"inLanguage\":\"de\",\"potentialAction\":[{\"@type\":\"ReadAction\",\"target\":[\"https:\/\/blogs.donboscovolunteers.de\/mimmiinbenini\/cest-moi\/\"]}]},{\"@type\":\"ImageObject\",\"inLanguage\":\"de\",\"@id\":\"https:\/\/blogs.donboscovolunteers.de\/mimmiinbenini\/cest-moi\/#primaryimage\",\"url\":\"https:\/\/blogs.donboscovolunteers.de\/mimmiinbenini\/wp-content\/uploads\/sites\/21653\/2022\/07\/D8504AD3-E803-42E3-A3A4-64AE7F329F04.jpeg\",\"contentUrl\":\"https:\/\/blogs.donboscovolunteers.de\/mimmiinbenini\/wp-content\/uploads\/sites\/21653\/2022\/07\/D8504AD3-E803-42E3-A3A4-64AE7F329F04.jpeg\",\"width\":960,\"height\":1280},{\"@type\":\"BreadcrumbList\",\"@id\":\"https:\/\/blogs.donboscovolunteers.de\/mimmiinbenini\/cest-moi\/#breadcrumb\",\"itemListElement\":[{\"@type\":\"ListItem\",\"position\":1,\"name\":\"Startseite\",\"item\":\"https:\/\/blogs.donboscovolunteers.de\/mimmiinbenini\/\"},{\"@type\":\"ListItem\",\"position\":2,\"name\":\"C\u2018est moi\"}]},{\"@type\":\"WebSite\",\"@id\":\"https:\/\/blogs.donboscovolunteers.de\/mimmiinbenini\/#website\",\"url\":\"https:\/\/blogs.donboscovolunteers.de\/mimmiinbenini\/\",\"name\":\"Mimmi in Benini\",\"description\":\"(M)ein Jahr in Benin\",\"potentialAction\":[{\"@type\":\"SearchAction\",\"target\":{\"@type\":\"EntryPoint\",\"urlTemplate\":\"https:\/\/blogs.donboscovolunteers.de\/mimmiinbenini\/?s={search_term_string}\"},\"query-input\":{\"@type\":\"PropertyValueSpecification\",\"valueRequired\":true,\"valueName\":\"search_term_string\"}}],\"inLanguage\":\"de\"}]}<\/script>\n<!-- \/ Yoast SEO plugin. -->","yoast_head_json":{"title":"C\u2018est moi - Mimmi in Benini","description":"\u00dcber mich (Mimmi) und meinen Blog aus Benin - eine kleine Vorstellung.","robots":{"index":"index","follow":"follow","max-snippet":"max-snippet:-1","max-image-preview":"max-image-preview:large","max-video-preview":"max-video-preview:-1"},"canonical":"https:\/\/blogs.donboscovolunteers.de\/mimmiinbenini\/cest-moi\/","og_locale":"de_DE","og_type":"article","og_title":"C\u2018est moi - Mimmi in Benini","og_description":"\u00dcber mich (Mimmi) und meinen Blog aus Benin - eine kleine Vorstellung.","og_url":"https:\/\/blogs.donboscovolunteers.de\/mimmiinbenini\/cest-moi\/","og_site_name":"Mimmi in Benini","article_modified_time":"2022-07-07T20:31:29+00:00","og_image":[{"url":"https:\/\/blogs.donboscovolunteers.de\/mimmiinbenini\/wp-content\/uploads\/sites\/21653\/2022\/07\/D8504AD3-E803-42E3-A3A4-64AE7F329F04-768x1024.jpeg","type":"","width":"","height":""}],"twitter_card":"summary_large_image","twitter_misc":{"Gesch\u00e4tzte Lesezeit":"3\u00a0Minuten"},"schema":{"@context":"https:\/\/schema.org","@graph":[{"@type":"WebPage","@id":"https:\/\/blogs.donboscovolunteers.de\/mimmiinbenini\/cest-moi\/","url":"https:\/\/blogs.donboscovolunteers.de\/mimmiinbenini\/cest-moi\/","name":"C\u2018est moi - Mimmi in Benini","isPartOf":{"@id":"https:\/\/blogs.donboscovolunteers.de\/mimmiinbenini\/#website"},"primaryImageOfPage":{"@id":"https:\/\/blogs.donboscovolunteers.de\/mimmiinbenini\/cest-moi\/#primaryimage"},"image":{"@id":"https:\/\/blogs.donboscovolunteers.de\/mimmiinbenini\/cest-moi\/#primaryimage"},"thumbnailUrl":"https:\/\/blogs.donboscovolunteers.de\/mimmiinbenini\/wp-content\/uploads\/sites\/21653\/2022\/07\/D8504AD3-E803-42E3-A3A4-64AE7F329F04-768x1024.jpeg","datePublished":"2022-07-02T20:21:08+00:00","dateModified":"2022-07-07T20:31:29+00:00","description":"\u00dcber mich (Mimmi) und meinen Blog aus Benin - eine kleine Vorstellung.","breadcrumb":{"@id":"https:\/\/blogs.donboscovolunteers.de\/mimmiinbenini\/cest-moi\/#breadcrumb"},"inLanguage":"de","potentialAction":[{"@type":"ReadAction","target":["https:\/\/blogs.donboscovolunteers.de\/mimmiinbenini\/cest-moi\/"]}]},{"@type":"ImageObject","inLanguage":"de","@id":"https:\/\/blogs.donboscovolunteers.de\/mimmiinbenini\/cest-moi\/#primaryimage","url":"https:\/\/blogs.donboscovolunteers.de\/mimmiinbenini\/wp-content\/uploads\/sites\/21653\/2022\/07\/D8504AD3-E803-42E3-A3A4-64AE7F329F04.jpeg","contentUrl":"https:\/\/blogs.donboscovolunteers.de\/mimmiinbenini\/wp-content\/uploads\/sites\/21653\/2022\/07\/D8504AD3-E803-42E3-A3A4-64AE7F329F04.jpeg","width":960,"height":1280},{"@type":"BreadcrumbList","@id":"https:\/\/blogs.donboscovolunteers.de\/mimmiinbenini\/cest-moi\/#breadcrumb","itemListElement":[{"@type":"ListItem","position":1,"name":"Startseite","item":"https:\/\/blogs.donboscovolunteers.de\/mimmiinbenini\/"},{"@type":"ListItem","position":2,"name":"C\u2018est moi"}]},{"@type":"WebSite","@id":"https:\/\/blogs.donboscovolunteers.de\/mimmiinbenini\/#website","url":"https:\/\/blogs.donboscovolunteers.de\/mimmiinbenini\/","name":"Mimmi in Benini","description":"(M)ein Jahr in Benin","potentialAction":[{"@type":"SearchAction","target":{"@type":"EntryPoint","urlTemplate":"https:\/\/blogs.donboscovolunteers.de\/mimmiinbenini\/?s={search_term_string}"},"query-input":{"@type":"PropertyValueSpecification","valueRequired":true,"valueName":"search_term_string"}}],"inLanguage":"de"}]}},"_links":{"self":[{"href":"https:\/\/blogs.donboscovolunteers.de\/mimmiinbenini\/wp-json\/wp\/v2\/pages\/23","targetHints":{"allow":["GET"]}}],"collection":[{"href":"https:\/\/blogs.donboscovolunteers.de\/mimmiinbenini\/wp-json\/wp\/v2\/pages"}],"about":[{"href":"https:\/\/blogs.donboscovolunteers.de\/mimmiinbenini\/wp-json\/wp\/v2\/types\/page"}],"author":[{"embeddable":true,"href":"https:\/\/blogs.donboscovolunteers.de\/mimmiinbenini\/wp-json\/wp\/v2\/users\/21745"}],"replies":[{"embeddable":true,"href":"https:\/\/blogs.donboscovolunteers.de\/mimmiinbenini\/wp-json\/wp\/v2\/comments?post=23"}],"version-history":[{"count":12,"href":"https:\/\/blogs.donboscovolunteers.de\/mimmiinbenini\/wp-json\/wp\/v2\/pages\/23\/revisions"}],"predecessor-version":[{"id":58,"href":"https:\/\/blogs.donboscovolunteers.de\/mimmiinbenini\/wp-json\/wp\/v2\/pages\/23\/revisions\/58"}],"wp:attachment":[{"href":"https:\/\/blogs.donboscovolunteers.de\/mimmiinbenini\/wp-json\/wp\/v2\/media?parent=23"}],"curies":[{"name":"wp","href":"https:\/\/api.w.org\/{rel}","templated":true}]}}