{"id":229,"date":"2023-03-02T15:43:54","date_gmt":"2023-03-02T14:43:54","guid":{"rendered":"https:\/\/blogs.donboscovolunteers.de\/mimmiinbenini\/?page_id=229"},"modified":"2023-03-02T15:43:54","modified_gmt":"2023-03-02T14:43:54","slug":"gipfelstuermerinnen","status":"publish","type":"page","link":"https:\/\/blogs.donboscovolunteers.de\/mimmiinbenini\/gipfelstuermerinnen\/","title":{"rendered":"Gipfelst\u00fcrmerinnen"},"content":{"rendered":"<p>Um das kunterbunte <a href=\"https:\/\/strassenkinder.de\/laender\/afrika\/benin\/\">Benin<\/a> zu entdecken, haben wir uns nach den Weihnachtsfeiertagen auf Reisen begeben und unglaublich viele Facetten von dem uns doch irgendwie noch unbekannten Land entdeckt und lieben gelernt! Unser erster Tag hat mich zum Staunen gebracht und mich mich fragen lassen: \u201eWow, das gab es die ganze Zeit hier? Hier wohne ich?\u201c und das m\u00f6chte ich mit euch allen teilen! Unterwegs sind wir allerdings nicht alleine, sondern mit unserem Reisef\u00fchrer Euloge, der es sich zur Aufgabe gemacht hat, dieses Land f\u00fcr Menschen wie uns zug\u00e4nglich zu machen!<\/p>\n\n\n\n<h3 class=\"wp-block-heading\">Nach 6h Fahrt\u2026<\/h3>\n\n\n\n<p>\u2026mit dem \u201e\u00f6ffentlichen Fernverkehr\u201c (sprich: vollgestopften kleinen Autos), kommen wir in Savalou an, einer mittelgro\u00dfen Stadt in der Mitte des Landes. Doch hier bleiben wir nur zum Mittagessen und schwingen uns anschlie\u00dfend auf den R\u00fccken eines Motorrads hinter Euloge. Er gibt Gas und wir d\u00fcsen los ins Abenteuer. Wir genie\u00dfen die h\u00fcgelige Landschaft, die es in Cotonou so \u00fcberhaupt nicht gibt und \u00e4rgern uns \u00fcber den ganzen Sahara-Staub in der Luft. Dieser verh\u00fcllt uns wie Nebel die Sicht und wird vom sogenannten Harmattan-Wind im Dezember nach Benin getragen\u2026so schade, jetzt gibt es endlich mal eine Aussicht und wir bekommen nichts davon mit :(( Auf einmal werden wir langsamer und mehrere Personen kommen vom Stra\u00dfenrand auf uns zugerannt\u2026wir bleiben stehen und der unverwechselbare Geruch von rotem Palm\u00f6l steigt mir in die Nase! Ich schaue nach rechts und wei\u00df gar nicht recht, wie ich das Wahrgenommene einordnen kann: zwei verwesende Haufen aus Stofffetzen, Holz und anderen Dingen, die ich gar nicht so genau wissen will befinden sich hier auf diesem scheinbar heiligen Platz, der sich Dankoli-Fetisch nennt.<\/p>\n\n\n\n<figure class=\"wp-block-image size-large is-resized\"><img loading=\"lazy\" decoding=\"async\" src=\"https:\/\/blogs.donboscovolunteers.de\/mimmiinbenini\/wp-content\/uploads\/sites\/21653\/2023\/03\/5918A2D1-B129-413E-8EA9-7D2E02FF67CA-1024x684.jpeg\" alt=\"\" class=\"wp-image-232\" width=\"873\" height=\"583\" srcset=\"https:\/\/blogs.donboscovolunteers.de\/mimmiinbenini\/wp-content\/uploads\/sites\/21653\/2023\/03\/5918A2D1-B129-413E-8EA9-7D2E02FF67CA-1024x684.jpeg 1024w, https:\/\/blogs.donboscovolunteers.de\/mimmiinbenini\/wp-content\/uploads\/sites\/21653\/2023\/03\/5918A2D1-B129-413E-8EA9-7D2E02FF67CA-300x200.jpeg 300w, https:\/\/blogs.donboscovolunteers.de\/mimmiinbenini\/wp-content\/uploads\/sites\/21653\/2023\/03\/5918A2D1-B129-413E-8EA9-7D2E02FF67CA-768x513.jpeg 768w, https:\/\/blogs.donboscovolunteers.de\/mimmiinbenini\/wp-content\/uploads\/sites\/21653\/2023\/03\/5918A2D1-B129-413E-8EA9-7D2E02FF67CA-1200x802.jpeg 1200w, https:\/\/blogs.donboscovolunteers.de\/mimmiinbenini\/wp-content\/uploads\/sites\/21653\/2023\/03\/5918A2D1-B129-413E-8EA9-7D2E02FF67CA.jpeg 1280w\" sizes=\"auto, (max-width: 873px) 100vw, 873px\" \/><\/figure>\n\n\n\n<p>Ein Fetisch sei ein Ort, an dem man glaube, in ihm wohnen m\u00e4chtige Geister. Diese sollen einem nach einer Opfergabe die k\u00fchnsten W\u00fcnsche erf\u00fcllen k\u00f6nnen. <\/p>\n\n\n\n<p>Hmmm, die Ziege, die hier rechts festgebunden ist, wird dann wohl nicht mehr lange leben\u2026.<\/p>\n\n\n\n<h3 class=\"wp-block-heading\">Weiter geht\u2018s\u2026<\/h3>\n\n\n\n<p>\u2026zu unserer Wanderung auf den Zwillingsberg. Bei Wanderung dachte ich ehrlich gesagt eher an einen Spaziergang, weil selbst Spazierg\u00e4nge hier eigentlich meist mit dem Motorrad gemacht werden. So anstrengend kann das also gar nicht werden! Falsch gedacht!!! Schnell bereue ich meine Entscheidung, keine Sportschuhe angezogen zu haben, sondern mit Birkenstock losgegangen zu sein. Denn das wird doch kein Zuckerschlecken: \u201ejaaa, also die Schnellsten schaffen das in drei Stunden, wahrscheinlich werden es eher vier!\u201c &#8211; Oooh okay, ja dann mal los: unser Weg f\u00fchrt uns an kleinen Lehmh\u00fctten vorbei, durch einen fast mysthischen \u201eWald\u201c, der herrlich duftet und schlie\u00dflich zu einem ordentlichen Aufstieg in der knallen Sonne (meine 0,75l Wasser werden wohl nicht reichen upsi). Die erste Verschnaufpause genie\u00dfen wir im Schatten eines Riesenbaumes: dem Baum der Gesundheit, dem Baobab. Gerade tr\u00e4gt er keine Bl\u00e4tter, sondern nur Fr\u00fcchte, dessen Samen nach Traubenzucker schmecken!<\/p>\n\n\n\n<figure class=\"wp-block-gallery has-nested-images columns-default is-cropped wp-block-gallery-1 is-layout-flex wp-block-gallery-is-layout-flex\">\n<figure class=\"wp-block-image size-large\"><img loading=\"lazy\" decoding=\"async\" width=\"1024\" height=\"684\" data-id=\"234\" src=\"https:\/\/blogs.donboscovolunteers.de\/mimmiinbenini\/wp-content\/uploads\/sites\/21653\/2023\/03\/C2AE776D-BCBD-423C-BCE0-47784D0522D0-1024x684.jpeg\" alt=\"\" class=\"wp-image-234\" srcset=\"https:\/\/blogs.donboscovolunteers.de\/mimmiinbenini\/wp-content\/uploads\/sites\/21653\/2023\/03\/C2AE776D-BCBD-423C-BCE0-47784D0522D0-1024x684.jpeg 1024w, https:\/\/blogs.donboscovolunteers.de\/mimmiinbenini\/wp-content\/uploads\/sites\/21653\/2023\/03\/C2AE776D-BCBD-423C-BCE0-47784D0522D0-300x200.jpeg 300w, https:\/\/blogs.donboscovolunteers.de\/mimmiinbenini\/wp-content\/uploads\/sites\/21653\/2023\/03\/C2AE776D-BCBD-423C-BCE0-47784D0522D0-768x513.jpeg 768w, https:\/\/blogs.donboscovolunteers.de\/mimmiinbenini\/wp-content\/uploads\/sites\/21653\/2023\/03\/C2AE776D-BCBD-423C-BCE0-47784D0522D0-1200x802.jpeg 1200w, https:\/\/blogs.donboscovolunteers.de\/mimmiinbenini\/wp-content\/uploads\/sites\/21653\/2023\/03\/C2AE776D-BCBD-423C-BCE0-47784D0522D0.jpeg 1280w\" sizes=\"auto, (max-width: 1024px) 100vw, 1024px\" \/><\/figure>\n\n\n\n<figure class=\"wp-block-image size-large\"><img loading=\"lazy\" decoding=\"async\" width=\"1024\" height=\"684\" data-id=\"236\" src=\"https:\/\/blogs.donboscovolunteers.de\/mimmiinbenini\/wp-content\/uploads\/sites\/21653\/2023\/03\/A334A87B-A2E1-48C2-87F6-A48501CD3E3C-1024x684.jpeg\" alt=\"\" class=\"wp-image-236\" srcset=\"https:\/\/blogs.donboscovolunteers.de\/mimmiinbenini\/wp-content\/uploads\/sites\/21653\/2023\/03\/A334A87B-A2E1-48C2-87F6-A48501CD3E3C-1024x684.jpeg 1024w, https:\/\/blogs.donboscovolunteers.de\/mimmiinbenini\/wp-content\/uploads\/sites\/21653\/2023\/03\/A334A87B-A2E1-48C2-87F6-A48501CD3E3C-300x200.jpeg 300w, https:\/\/blogs.donboscovolunteers.de\/mimmiinbenini\/wp-content\/uploads\/sites\/21653\/2023\/03\/A334A87B-A2E1-48C2-87F6-A48501CD3E3C-768x513.jpeg 768w, https:\/\/blogs.donboscovolunteers.de\/mimmiinbenini\/wp-content\/uploads\/sites\/21653\/2023\/03\/A334A87B-A2E1-48C2-87F6-A48501CD3E3C-1200x802.jpeg 1200w, https:\/\/blogs.donboscovolunteers.de\/mimmiinbenini\/wp-content\/uploads\/sites\/21653\/2023\/03\/A334A87B-A2E1-48C2-87F6-A48501CD3E3C.jpeg 1280w\" sizes=\"auto, (max-width: 1024px) 100vw, 1024px\" \/><figcaption class=\"wp-element-caption\">Ein Duft liegt in der Luft \ud83d\ude42<\/figcaption><\/figure>\n\n\n\n<figure class=\"wp-block-image size-large\"><img loading=\"lazy\" decoding=\"async\" width=\"684\" height=\"1024\" data-id=\"235\" src=\"https:\/\/blogs.donboscovolunteers.de\/mimmiinbenini\/wp-content\/uploads\/sites\/21653\/2023\/03\/C5A054E5-C91C-4F85-9656-41DE2E3DC074-684x1024.jpeg\" alt=\"\" class=\"wp-image-235\" srcset=\"https:\/\/blogs.donboscovolunteers.de\/mimmiinbenini\/wp-content\/uploads\/sites\/21653\/2023\/03\/C5A054E5-C91C-4F85-9656-41DE2E3DC074-684x1024.jpeg 684w, https:\/\/blogs.donboscovolunteers.de\/mimmiinbenini\/wp-content\/uploads\/sites\/21653\/2023\/03\/C5A054E5-C91C-4F85-9656-41DE2E3DC074-200x300.jpeg 200w, https:\/\/blogs.donboscovolunteers.de\/mimmiinbenini\/wp-content\/uploads\/sites\/21653\/2023\/03\/C5A054E5-C91C-4F85-9656-41DE2E3DC074-768x1150.jpeg 768w, https:\/\/blogs.donboscovolunteers.de\/mimmiinbenini\/wp-content\/uploads\/sites\/21653\/2023\/03\/C5A054E5-C91C-4F85-9656-41DE2E3DC074.jpeg 855w\" sizes=\"auto, (max-width: 684px) 100vw, 684px\" \/><figcaption class=\"wp-element-caption\">Pr\u00e4chtig: die Silhouette des Baobabs<\/figcaption><\/figure>\n\n\n\n<figure class=\"wp-block-image size-large\"><img loading=\"lazy\" decoding=\"async\" width=\"1024\" height=\"684\" data-id=\"233\" src=\"https:\/\/blogs.donboscovolunteers.de\/mimmiinbenini\/wp-content\/uploads\/sites\/21653\/2023\/03\/29416B1A-EE46-426F-98CB-6AAB6177512A-1024x684.jpeg\" alt=\"\" class=\"wp-image-233\" srcset=\"https:\/\/blogs.donboscovolunteers.de\/mimmiinbenini\/wp-content\/uploads\/sites\/21653\/2023\/03\/29416B1A-EE46-426F-98CB-6AAB6177512A-1024x684.jpeg 1024w, https:\/\/blogs.donboscovolunteers.de\/mimmiinbenini\/wp-content\/uploads\/sites\/21653\/2023\/03\/29416B1A-EE46-426F-98CB-6AAB6177512A-300x200.jpeg 300w, https:\/\/blogs.donboscovolunteers.de\/mimmiinbenini\/wp-content\/uploads\/sites\/21653\/2023\/03\/29416B1A-EE46-426F-98CB-6AAB6177512A-768x513.jpeg 768w, https:\/\/blogs.donboscovolunteers.de\/mimmiinbenini\/wp-content\/uploads\/sites\/21653\/2023\/03\/29416B1A-EE46-426F-98CB-6AAB6177512A-1200x802.jpeg 1200w, https:\/\/blogs.donboscovolunteers.de\/mimmiinbenini\/wp-content\/uploads\/sites\/21653\/2023\/03\/29416B1A-EE46-426F-98CB-6AAB6177512A.jpeg 1280w\" sizes=\"auto, (max-width: 1024px) 100vw, 1024px\" \/><figcaption class=\"wp-element-caption\">Nat\u00fcrlicher Traubenzucker &#8211; mmmh<\/figcaption><\/figure>\n<\/figure>\n\n\n\n<h3 class=\"wp-block-heading\">Und die wundersamen roten Fr\u00fcchte?<\/h3>\n\n\n<div class=\"wp-block-image\">\n<figure class=\"alignleft size-large is-resized\"><img loading=\"lazy\" decoding=\"async\" src=\"https:\/\/blogs.donboscovolunteers.de\/mimmiinbenini\/wp-content\/uploads\/sites\/21653\/2023\/03\/5EA4E8B8-F4D5-440C-9200-73D66AA5D05A-1024x684.jpeg\" alt=\"\" class=\"wp-image-237\" width=\"359\" height=\"239\" srcset=\"https:\/\/blogs.donboscovolunteers.de\/mimmiinbenini\/wp-content\/uploads\/sites\/21653\/2023\/03\/5EA4E8B8-F4D5-440C-9200-73D66AA5D05A-1024x684.jpeg 1024w, https:\/\/blogs.donboscovolunteers.de\/mimmiinbenini\/wp-content\/uploads\/sites\/21653\/2023\/03\/5EA4E8B8-F4D5-440C-9200-73D66AA5D05A-300x200.jpeg 300w, https:\/\/blogs.donboscovolunteers.de\/mimmiinbenini\/wp-content\/uploads\/sites\/21653\/2023\/03\/5EA4E8B8-F4D5-440C-9200-73D66AA5D05A-768x513.jpeg 768w, https:\/\/blogs.donboscovolunteers.de\/mimmiinbenini\/wp-content\/uploads\/sites\/21653\/2023\/03\/5EA4E8B8-F4D5-440C-9200-73D66AA5D05A-1200x802.jpeg 1200w, https:\/\/blogs.donboscovolunteers.de\/mimmiinbenini\/wp-content\/uploads\/sites\/21653\/2023\/03\/5EA4E8B8-F4D5-440C-9200-73D66AA5D05A.jpeg 1280w\" sizes=\"auto, (max-width: 359px) 100vw, 359px\" \/><\/figure>\n<\/div>\n\n\n<p>An den wohlriechenden B\u00e4umen h\u00e4ngen zum Teil auch Fr\u00fcchte, die man nicht \u00fcbersehen kann: pralle, rote oder gelbe l\u00e4ngliche \u00c4pfel stechen aus dem Gr\u00fcn heraus. \u201eDas\u2026das ist ein Cashewapfel\u201c &#8211; Cashewapfel? Ich kenne nur die Cashewnuss \ud83d\ude09 Aber die h\u00e4ngt dort bei n\u00e4herem Hinsehen auch dran: kannst du lieber Leser sie entdecken? Der Apfel schmeckt faserig s\u00fc\u00dflich, eine Mischung aus Mango, Banane &amp; Litschi und wird mein Energielieferant f\u00fcr die restliche Wanderung. <\/p>\n\n\n\n<h3 class=\"wp-block-heading\">Wir lernen\u2026<\/h3>\n\n\n\n<p>\u2026dass es in Benin Baumwolle gibt und bestaunen eine Baumwollbl\u00fcte!<\/p>\n\n\n\n<p>\u2026dass man mit manchen Pflanzen besser nicht spielen sollte, weil deren Saft einen erblinden l\u00e4sst.<\/p>\n\n\n\n<p>\u2026dass wahre J\u00e4ger kein Wasser brauchen, weil sie hier einfach aus Lianen trinken!<\/p>\n\n\n\n<figure class=\"wp-block-gallery has-nested-images columns-default is-cropped wp-block-gallery-2 is-layout-flex wp-block-gallery-is-layout-flex\">\n<figure class=\"wp-block-image size-large\"><img loading=\"lazy\" decoding=\"async\" width=\"1024\" height=\"684\" data-id=\"238\" src=\"https:\/\/blogs.donboscovolunteers.de\/mimmiinbenini\/wp-content\/uploads\/sites\/21653\/2023\/03\/494DEDEC-95D0-419E-A2F7-8F0C00CDBC92-1024x684.jpeg\" alt=\"\" class=\"wp-image-238\" srcset=\"https:\/\/blogs.donboscovolunteers.de\/mimmiinbenini\/wp-content\/uploads\/sites\/21653\/2023\/03\/494DEDEC-95D0-419E-A2F7-8F0C00CDBC92-1024x684.jpeg 1024w, https:\/\/blogs.donboscovolunteers.de\/mimmiinbenini\/wp-content\/uploads\/sites\/21653\/2023\/03\/494DEDEC-95D0-419E-A2F7-8F0C00CDBC92-300x200.jpeg 300w, https:\/\/blogs.donboscovolunteers.de\/mimmiinbenini\/wp-content\/uploads\/sites\/21653\/2023\/03\/494DEDEC-95D0-419E-A2F7-8F0C00CDBC92-768x513.jpeg 768w, https:\/\/blogs.donboscovolunteers.de\/mimmiinbenini\/wp-content\/uploads\/sites\/21653\/2023\/03\/494DEDEC-95D0-419E-A2F7-8F0C00CDBC92-1200x802.jpeg 1200w, https:\/\/blogs.donboscovolunteers.de\/mimmiinbenini\/wp-content\/uploads\/sites\/21653\/2023\/03\/494DEDEC-95D0-419E-A2F7-8F0C00CDBC92.jpeg 1280w\" sizes=\"auto, (max-width: 1024px) 100vw, 1024px\" \/><figcaption class=\"wp-element-caption\">Das wei\u00dfe Gold<\/figcaption><\/figure>\n\n\n\n<figure class=\"wp-block-image size-large\"><img loading=\"lazy\" decoding=\"async\" width=\"684\" height=\"1024\" data-id=\"240\" src=\"https:\/\/blogs.donboscovolunteers.de\/mimmiinbenini\/wp-content\/uploads\/sites\/21653\/2023\/03\/2F3FE729-3BB7-47CE-9A1E-0E5C1E9AFAF1-684x1024.jpeg\" alt=\"\" class=\"wp-image-240\" srcset=\"https:\/\/blogs.donboscovolunteers.de\/mimmiinbenini\/wp-content\/uploads\/sites\/21653\/2023\/03\/2F3FE729-3BB7-47CE-9A1E-0E5C1E9AFAF1-684x1024.jpeg 684w, https:\/\/blogs.donboscovolunteers.de\/mimmiinbenini\/wp-content\/uploads\/sites\/21653\/2023\/03\/2F3FE729-3BB7-47CE-9A1E-0E5C1E9AFAF1-200x300.jpeg 200w, https:\/\/blogs.donboscovolunteers.de\/mimmiinbenini\/wp-content\/uploads\/sites\/21653\/2023\/03\/2F3FE729-3BB7-47CE-9A1E-0E5C1E9AFAF1-768x1150.jpeg 768w, https:\/\/blogs.donboscovolunteers.de\/mimmiinbenini\/wp-content\/uploads\/sites\/21653\/2023\/03\/2F3FE729-3BB7-47CE-9A1E-0E5C1E9AFAF1.jpeg 855w\" sizes=\"auto, (max-width: 684px) 100vw, 684px\" \/><figcaption class=\"wp-element-caption\">Giftbaum statt Duftbaum<\/figcaption><\/figure>\n\n\n\n<figure class=\"wp-block-image size-large\"><img loading=\"lazy\" decoding=\"async\" width=\"1092\" height=\"729\" data-id=\"241\" src=\"https:\/\/blogs.donboscovolunteers.de\/mimmiinbenini\/wp-content\/uploads\/sites\/21653\/2023\/03\/03B0748D-1E63-41AA-9522-5ED7294F519F-edited.jpeg\" alt=\"\" class=\"wp-image-241\" srcset=\"https:\/\/blogs.donboscovolunteers.de\/mimmiinbenini\/wp-content\/uploads\/sites\/21653\/2023\/03\/03B0748D-1E63-41AA-9522-5ED7294F519F-edited.jpeg 1092w, https:\/\/blogs.donboscovolunteers.de\/mimmiinbenini\/wp-content\/uploads\/sites\/21653\/2023\/03\/03B0748D-1E63-41AA-9522-5ED7294F519F-edited-300x200.jpeg 300w, https:\/\/blogs.donboscovolunteers.de\/mimmiinbenini\/wp-content\/uploads\/sites\/21653\/2023\/03\/03B0748D-1E63-41AA-9522-5ED7294F519F-edited-1024x684.jpeg 1024w, https:\/\/blogs.donboscovolunteers.de\/mimmiinbenini\/wp-content\/uploads\/sites\/21653\/2023\/03\/03B0748D-1E63-41AA-9522-5ED7294F519F-edited-768x513.jpeg 768w\" sizes=\"auto, (max-width: 1092px) 100vw, 1092px\" \/><figcaption class=\"wp-element-caption\">Prost!!!<\/figcaption><\/figure>\n<\/figure>\n\n\n\n<p>Und schlie\u00dflich sind wir oben angekommen, unsere F\u00fc\u00dfe inzwischen schwarz wie Kohle, unsere TShirts nass wie die Lianen, aber gl\u00fccklich und ehrf\u00fcrchtig, was es hier in Benin denn alles so gibt!<\/p>","protected":false},"excerpt":{"rendered":"<p>Um das kunterbunte <a href=\"https:\/\/strassenkinder.de\/laender\/afrika\/benin\/\">Benin<\/a> zu entdecken, haben wir uns nach den Weihnachtsfeiertagen auf Reisen begeben und unglaublich viele Facetten von dem uns doch irgendwie noch unbekannten Land entdeckt und lieben gelernt! Unser erster Tag hat mich zum Staunen gebracht und mich mich fragen lassen: \u201eWow, das gab es die ganze Zeit hier? Hier wohne ich?\u201c [&hellip;]<\/p>\n","protected":false},"author":21745,"featured_media":196,"parent":0,"menu_order":0,"comment_status":"closed","ping_status":"closed","template":"","meta":{"footnotes":""},"class_list":["post-229","page","type-page","status-publish","has-post-thumbnail","hentry"],"yoast_head":"<!-- This site is optimized with the Yoast SEO plugin v25.3.1 - https:\/\/yoast.com\/wordpress\/plugins\/seo\/ -->\n<title>Gipfelst\u00fcrmerinnen - Mimmi in Benini<\/title>\n<meta name=\"description\" content=\"Im Dezember machten wir eine spannende Wanderung in Savalou und bestauenten die Flora und Fauna Benins, die mehr hergab als erwartet!\" \/>\n<meta name=\"robots\" content=\"index, follow, max-snippet:-1, max-image-preview:large, max-video-preview:-1\" \/>\n<link rel=\"canonical\" href=\"https:\/\/blogs.donboscovolunteers.de\/mimmiinbenini\/gipfelstuermerinnen\/\" \/>\n<meta property=\"og:locale\" content=\"de_DE\" \/>\n<meta property=\"og:type\" content=\"article\" \/>\n<meta property=\"og:title\" content=\"Gipfelst\u00fcrmerinnen - Mimmi in Benini\" \/>\n<meta property=\"og:description\" content=\"Im Dezember machten wir eine spannende Wanderung in Savalou und bestauenten die Flora und Fauna Benins, die mehr hergab als erwartet!\" \/>\n<meta property=\"og:url\" content=\"https:\/\/blogs.donboscovolunteers.de\/mimmiinbenini\/gipfelstuermerinnen\/\" \/>\n<meta property=\"og:site_name\" content=\"Mimmi in Benini\" \/>\n<meta property=\"og:image\" content=\"https:\/\/blogs.donboscovolunteers.de\/mimmiinbenini\/wp-content\/uploads\/sites\/21653\/2023\/02\/968DA455-488F-4A6F-9B7E-6A64C31A2CA6.jpeg\" \/>\n\t<meta property=\"og:image:width\" content=\"855\" \/>\n\t<meta property=\"og:image:height\" content=\"1280\" \/>\n\t<meta property=\"og:image:type\" content=\"image\/jpeg\" \/>\n<meta name=\"twitter:card\" content=\"summary_large_image\" \/>\n<meta name=\"twitter:label1\" content=\"Gesch\u00e4tzte Lesezeit\" \/>\n\t<meta name=\"twitter:data1\" content=\"6\u00a0Minuten\" \/>\n<script type=\"application\/ld+json\" class=\"yoast-schema-graph\">{\"@context\":\"https:\/\/schema.org\",\"@graph\":[{\"@type\":\"WebPage\",\"@id\":\"https:\/\/blogs.donboscovolunteers.de\/mimmiinbenini\/gipfelstuermerinnen\/\",\"url\":\"https:\/\/blogs.donboscovolunteers.de\/mimmiinbenini\/gipfelstuermerinnen\/\",\"name\":\"Gipfelst\u00fcrmerinnen - Mimmi in Benini\",\"isPartOf\":{\"@id\":\"https:\/\/blogs.donboscovolunteers.de\/mimmiinbenini\/#website\"},\"primaryImageOfPage\":{\"@id\":\"https:\/\/blogs.donboscovolunteers.de\/mimmiinbenini\/gipfelstuermerinnen\/#primaryimage\"},\"image\":{\"@id\":\"https:\/\/blogs.donboscovolunteers.de\/mimmiinbenini\/gipfelstuermerinnen\/#primaryimage\"},\"thumbnailUrl\":\"https:\/\/blogs.donboscovolunteers.de\/mimmiinbenini\/wp-content\/uploads\/sites\/21653\/2023\/02\/968DA455-488F-4A6F-9B7E-6A64C31A2CA6.jpeg\",\"datePublished\":\"2023-03-02T14:43:54+00:00\",\"description\":\"Im Dezember machten wir eine spannende Wanderung in Savalou und bestauenten die Flora und Fauna Benins, die mehr hergab als erwartet!\",\"breadcrumb\":{\"@id\":\"https:\/\/blogs.donboscovolunteers.de\/mimmiinbenini\/gipfelstuermerinnen\/#breadcrumb\"},\"inLanguage\":\"de\",\"potentialAction\":[{\"@type\":\"ReadAction\",\"target\":[\"https:\/\/blogs.donboscovolunteers.de\/mimmiinbenini\/gipfelstuermerinnen\/\"]}]},{\"@type\":\"ImageObject\",\"inLanguage\":\"de\",\"@id\":\"https:\/\/blogs.donboscovolunteers.de\/mimmiinbenini\/gipfelstuermerinnen\/#primaryimage\",\"url\":\"https:\/\/blogs.donboscovolunteers.de\/mimmiinbenini\/wp-content\/uploads\/sites\/21653\/2023\/02\/968DA455-488F-4A6F-9B7E-6A64C31A2CA6.jpeg\",\"contentUrl\":\"https:\/\/blogs.donboscovolunteers.de\/mimmiinbenini\/wp-content\/uploads\/sites\/21653\/2023\/02\/968DA455-488F-4A6F-9B7E-6A64C31A2CA6.jpeg\",\"width\":855,\"height\":1280},{\"@type\":\"BreadcrumbList\",\"@id\":\"https:\/\/blogs.donboscovolunteers.de\/mimmiinbenini\/gipfelstuermerinnen\/#breadcrumb\",\"itemListElement\":[{\"@type\":\"ListItem\",\"position\":1,\"name\":\"Startseite\",\"item\":\"https:\/\/blogs.donboscovolunteers.de\/mimmiinbenini\/\"},{\"@type\":\"ListItem\",\"position\":2,\"name\":\"Gipfelst\u00fcrmerinnen\"}]},{\"@type\":\"WebSite\",\"@id\":\"https:\/\/blogs.donboscovolunteers.de\/mimmiinbenini\/#website\",\"url\":\"https:\/\/blogs.donboscovolunteers.de\/mimmiinbenini\/\",\"name\":\"Mimmi in Benini\",\"description\":\"(M)ein Jahr in Benin\",\"potentialAction\":[{\"@type\":\"SearchAction\",\"target\":{\"@type\":\"EntryPoint\",\"urlTemplate\":\"https:\/\/blogs.donboscovolunteers.de\/mimmiinbenini\/?s={search_term_string}\"},\"query-input\":{\"@type\":\"PropertyValueSpecification\",\"valueRequired\":true,\"valueName\":\"search_term_string\"}}],\"inLanguage\":\"de\"}]}<\/script>\n<!-- \/ Yoast SEO plugin. -->","yoast_head_json":{"title":"Gipfelst\u00fcrmerinnen - Mimmi in Benini","description":"Im Dezember machten wir eine spannende Wanderung in Savalou und bestauenten die Flora und Fauna Benins, die mehr hergab als erwartet!","robots":{"index":"index","follow":"follow","max-snippet":"max-snippet:-1","max-image-preview":"max-image-preview:large","max-video-preview":"max-video-preview:-1"},"canonical":"https:\/\/blogs.donboscovolunteers.de\/mimmiinbenini\/gipfelstuermerinnen\/","og_locale":"de_DE","og_type":"article","og_title":"Gipfelst\u00fcrmerinnen - Mimmi in Benini","og_description":"Im Dezember machten wir eine spannende Wanderung in Savalou und bestauenten die Flora und Fauna Benins, die mehr hergab als erwartet!","og_url":"https:\/\/blogs.donboscovolunteers.de\/mimmiinbenini\/gipfelstuermerinnen\/","og_site_name":"Mimmi in Benini","og_image":[{"width":855,"height":1280,"url":"https:\/\/blogs.donboscovolunteers.de\/mimmiinbenini\/wp-content\/uploads\/sites\/21653\/2023\/02\/968DA455-488F-4A6F-9B7E-6A64C31A2CA6.jpeg","type":"image\/jpeg"}],"twitter_card":"summary_large_image","twitter_misc":{"Gesch\u00e4tzte Lesezeit":"6\u00a0Minuten"},"schema":{"@context":"https:\/\/schema.org","@graph":[{"@type":"WebPage","@id":"https:\/\/blogs.donboscovolunteers.de\/mimmiinbenini\/gipfelstuermerinnen\/","url":"https:\/\/blogs.donboscovolunteers.de\/mimmiinbenini\/gipfelstuermerinnen\/","name":"Gipfelst\u00fcrmerinnen - Mimmi in Benini","isPartOf":{"@id":"https:\/\/blogs.donboscovolunteers.de\/mimmiinbenini\/#website"},"primaryImageOfPage":{"@id":"https:\/\/blogs.donboscovolunteers.de\/mimmiinbenini\/gipfelstuermerinnen\/#primaryimage"},"image":{"@id":"https:\/\/blogs.donboscovolunteers.de\/mimmiinbenini\/gipfelstuermerinnen\/#primaryimage"},"thumbnailUrl":"https:\/\/blogs.donboscovolunteers.de\/mimmiinbenini\/wp-content\/uploads\/sites\/21653\/2023\/02\/968DA455-488F-4A6F-9B7E-6A64C31A2CA6.jpeg","datePublished":"2023-03-02T14:43:54+00:00","description":"Im Dezember machten wir eine spannende Wanderung in Savalou und bestauenten die Flora und Fauna Benins, die mehr hergab als erwartet!","breadcrumb":{"@id":"https:\/\/blogs.donboscovolunteers.de\/mimmiinbenini\/gipfelstuermerinnen\/#breadcrumb"},"inLanguage":"de","potentialAction":[{"@type":"ReadAction","target":["https:\/\/blogs.donboscovolunteers.de\/mimmiinbenini\/gipfelstuermerinnen\/"]}]},{"@type":"ImageObject","inLanguage":"de","@id":"https:\/\/blogs.donboscovolunteers.de\/mimmiinbenini\/gipfelstuermerinnen\/#primaryimage","url":"https:\/\/blogs.donboscovolunteers.de\/mimmiinbenini\/wp-content\/uploads\/sites\/21653\/2023\/02\/968DA455-488F-4A6F-9B7E-6A64C31A2CA6.jpeg","contentUrl":"https:\/\/blogs.donboscovolunteers.de\/mimmiinbenini\/wp-content\/uploads\/sites\/21653\/2023\/02\/968DA455-488F-4A6F-9B7E-6A64C31A2CA6.jpeg","width":855,"height":1280},{"@type":"BreadcrumbList","@id":"https:\/\/blogs.donboscovolunteers.de\/mimmiinbenini\/gipfelstuermerinnen\/#breadcrumb","itemListElement":[{"@type":"ListItem","position":1,"name":"Startseite","item":"https:\/\/blogs.donboscovolunteers.de\/mimmiinbenini\/"},{"@type":"ListItem","position":2,"name":"Gipfelst\u00fcrmerinnen"}]},{"@type":"WebSite","@id":"https:\/\/blogs.donboscovolunteers.de\/mimmiinbenini\/#website","url":"https:\/\/blogs.donboscovolunteers.de\/mimmiinbenini\/","name":"Mimmi in Benini","description":"(M)ein Jahr in Benin","potentialAction":[{"@type":"SearchAction","target":{"@type":"EntryPoint","urlTemplate":"https:\/\/blogs.donboscovolunteers.de\/mimmiinbenini\/?s={search_term_string}"},"query-input":{"@type":"PropertyValueSpecification","valueRequired":true,"valueName":"search_term_string"}}],"inLanguage":"de"}]}},"_links":{"self":[{"href":"https:\/\/blogs.donboscovolunteers.de\/mimmiinbenini\/wp-json\/wp\/v2\/pages\/229","targetHints":{"allow":["GET"]}}],"collection":[{"href":"https:\/\/blogs.donboscovolunteers.de\/mimmiinbenini\/wp-json\/wp\/v2\/pages"}],"about":[{"href":"https:\/\/blogs.donboscovolunteers.de\/mimmiinbenini\/wp-json\/wp\/v2\/types\/page"}],"author":[{"embeddable":true,"href":"https:\/\/blogs.donboscovolunteers.de\/mimmiinbenini\/wp-json\/wp\/v2\/users\/21745"}],"replies":[{"embeddable":true,"href":"https:\/\/blogs.donboscovolunteers.de\/mimmiinbenini\/wp-json\/wp\/v2\/comments?post=229"}],"version-history":[{"count":4,"href":"https:\/\/blogs.donboscovolunteers.de\/mimmiinbenini\/wp-json\/wp\/v2\/pages\/229\/revisions"}],"predecessor-version":[{"id":246,"href":"https:\/\/blogs.donboscovolunteers.de\/mimmiinbenini\/wp-json\/wp\/v2\/pages\/229\/revisions\/246"}],"wp:featuredmedia":[{"embeddable":true,"href":"https:\/\/blogs.donboscovolunteers.de\/mimmiinbenini\/wp-json\/wp\/v2\/media\/196"}],"wp:attachment":[{"href":"https:\/\/blogs.donboscovolunteers.de\/mimmiinbenini\/wp-json\/wp\/v2\/media?parent=229"}],"curies":[{"name":"wp","href":"https:\/\/api.w.org\/{rel}","templated":true}]}}