{"id":214,"date":"2023-03-02T15:44:09","date_gmt":"2023-03-02T14:44:09","guid":{"rendered":"https:\/\/blogs.donboscovolunteers.de\/mimmiinbenini\/?page_id=214"},"modified":"2023-03-02T15:44:09","modified_gmt":"2023-03-02T14:44:09","slug":"bonne-annee-2023","status":"publish","type":"page","link":"https:\/\/blogs.donboscovolunteers.de\/mimmiinbenini\/bonne-annee-2023\/","title":{"rendered":"Bonne ann\u00e9e 2023!"},"content":{"rendered":"<h3 class=\"wp-block-heading\">28. Dezember 2022, Savalou<\/h3>\n\n\n\n<p>\u201eUnd morgen werden wir in eines meiner Lieblingsd\u00f6rfer fahren\u201c, h\u00f6ren wir Euloge, unseren Reiseguide, zu uns beim Abendessen sagen, \u201estellt euch vor, da gibt es nichtmal flie\u00dfend Wasser oder gar Strom!\u201c<\/p>\n\n\n\n<h3 class=\"wp-block-heading\">29. Dezember 2022, 17:56 Uhr <\/h3>\n\n\n\n<p>Dose auf\u2026Schnur durch den Deckel f\u00e4deln\u2026 zwei Zentimeter rausziehen\u2026Deckel wieder drauf und n\u00e4chste Dose aus der Plastikt\u00fcte holen\u2026<\/p>\n\n\n\n<p>\u2026\u201eWas die zwei Yowos und Euloge wohl machen?\u201c fragen sich die neugierigen Kinderaugen sicherlich, als sie am Campement Tan\u00e9ka B\u00e9ri durchgehen und einen Blick auf die umfunktionierten Caf\u00e9dosen erhaschen\u2026<\/p>\n\n\n<div class=\"wp-block-image\">\n<figure class=\"aligncenter size-large is-resized\"><img loading=\"lazy\" decoding=\"async\" src=\"https:\/\/blogs.donboscovolunteers.de\/mimmiinbenini\/wp-content\/uploads\/sites\/21653\/2023\/03\/IMG_2182-edited.jpeg\" alt=\"\" class=\"wp-image-217\" width=\"454\" height=\"341\" srcset=\"https:\/\/blogs.donboscovolunteers.de\/mimmiinbenini\/wp-content\/uploads\/sites\/21653\/2023\/03\/IMG_2182-edited.jpeg 965w, https:\/\/blogs.donboscovolunteers.de\/mimmiinbenini\/wp-content\/uploads\/sites\/21653\/2023\/03\/IMG_2182-edited-300x225.jpeg 300w, https:\/\/blogs.donboscovolunteers.de\/mimmiinbenini\/wp-content\/uploads\/sites\/21653\/2023\/03\/IMG_2182-edited-768x576.jpeg 768w\" sizes=\"auto, (max-width: 454px) 100vw, 454px\" \/><\/figure>\n<\/div>\n\n\n<h3 class=\"wp-block-heading\">31. Dezember, 18:14 Uhr<\/h3>\n\n\n\n<p>\u201eHabt ihr schon euer Palmholz zugeschnitten und vor die T\u00fcr gestellt? &#8211; Nein?!\u2026Warte ich zeige euch, wie das geht\u201c Wusch, wusch mit der Machete und schon hat Euloge eine Halterung gezaubert, aber f\u00fcr was genau denn??<\/p>\n\n\n\n<figure class=\"wp-block-gallery has-nested-images columns-default is-cropped wp-block-gallery-1 is-layout-flex wp-block-gallery-is-layout-flex\">\n<figure class=\"wp-block-image size-large\"><img loading=\"lazy\" decoding=\"async\" width=\"595\" height=\"974\" data-id=\"225\" src=\"https:\/\/blogs.donboscovolunteers.de\/mimmiinbenini\/wp-content\/uploads\/sites\/21653\/2023\/03\/FF7FB548-4FB1-4D5D-9700-6C82288AB75C.jpeg\" alt=\"\" class=\"wp-image-225\" srcset=\"https:\/\/blogs.donboscovolunteers.de\/mimmiinbenini\/wp-content\/uploads\/sites\/21653\/2023\/03\/FF7FB548-4FB1-4D5D-9700-6C82288AB75C.jpeg 595w, https:\/\/blogs.donboscovolunteers.de\/mimmiinbenini\/wp-content\/uploads\/sites\/21653\/2023\/03\/FF7FB548-4FB1-4D5D-9700-6C82288AB75C-183x300.jpeg 183w\" sizes=\"auto, (max-width: 595px) 100vw, 595px\" \/><\/figure>\n\n\n\n<figure class=\"wp-block-image size-large\"><img loading=\"lazy\" decoding=\"async\" width=\"407\" height=\"609\" data-id=\"227\" src=\"https:\/\/blogs.donboscovolunteers.de\/mimmiinbenini\/wp-content\/uploads\/sites\/21653\/2023\/03\/7F954303-B428-4A3C-A1A1-4DB41D491CC9-edited.jpeg\" alt=\"\" class=\"wp-image-227\" srcset=\"https:\/\/blogs.donboscovolunteers.de\/mimmiinbenini\/wp-content\/uploads\/sites\/21653\/2023\/03\/7F954303-B428-4A3C-A1A1-4DB41D491CC9-edited.jpeg 407w, https:\/\/blogs.donboscovolunteers.de\/mimmiinbenini\/wp-content\/uploads\/sites\/21653\/2023\/03\/7F954303-B428-4A3C-A1A1-4DB41D491CC9-edited-200x300.jpeg 200w\" sizes=\"auto, (max-width: 407px) 100vw, 407px\" \/><figcaption class=\"wp-element-caption\">Et voil\u00e0!<\/figcaption><\/figure>\n<\/figure>\n\n\n\n<h3 class=\"wp-block-heading\">31. Dezember, 20:01 Uhr<\/h3>\n\n\n\n<p>\u201eWie gesagt, heute haben wir was ganz Besonderes f\u00fcr Taneka vor\u2026.wir werden das Dorf erleuchten! Also los geht\u2018s Mia und Milena, zieht euch warm an, auf euch wartet ein besonderes Sylvester!\u201c Schnell klopft mein Herz, als wir den H\u00fcgel hochlaufen, der unser Campement von dem wie aus Mythen entsprungenen D\u00f6rfchen trennt: runde, mit Stroh bedeckte Lehmh\u00fcttchen kommen in Sicht und wie von Euloge angek\u00fcndigt: alles dunkel!!! Einzig und allein unsere Taschenlampen tanzen in der Dunkelheit und das Licht zieht nicht nur die M\u00fccken, sondern auch helle Kinderstimmen an. Gemeinsam streifen wir von Haus zu Haus, von Palmstock zu Palmstock, wo wir jedes Mal eine kleine Blechdose in die Hand nehmen, den Deckel \u00f6ffnen, die Dose mit Petrol f\u00fcllen, den Deckel schlie\u00dfen, zwischen die vier St\u00e4bchen stecken und den Docht mit den Streichh\u00f6lzern anz\u00fcnden\u2026ES WERDE LICHT!<\/p>\n\n\n\n<figure class=\"wp-block-gallery has-nested-images columns-default is-cropped wp-block-gallery-2 is-layout-flex wp-block-gallery-is-layout-flex\">\n<figure class=\"wp-block-image size-large\"><img loading=\"lazy\" decoding=\"async\" width=\"1024\" height=\"684\" data-id=\"224\" src=\"https:\/\/blogs.donboscovolunteers.de\/mimmiinbenini\/wp-content\/uploads\/sites\/21653\/2023\/03\/3059ABCC-B797-4A99-B255-8AA2C9FD4936-1024x684.jpeg\" alt=\"\" class=\"wp-image-224\" srcset=\"https:\/\/blogs.donboscovolunteers.de\/mimmiinbenini\/wp-content\/uploads\/sites\/21653\/2023\/03\/3059ABCC-B797-4A99-B255-8AA2C9FD4936-1024x684.jpeg 1024w, https:\/\/blogs.donboscovolunteers.de\/mimmiinbenini\/wp-content\/uploads\/sites\/21653\/2023\/03\/3059ABCC-B797-4A99-B255-8AA2C9FD4936-300x200.jpeg 300w, https:\/\/blogs.donboscovolunteers.de\/mimmiinbenini\/wp-content\/uploads\/sites\/21653\/2023\/03\/3059ABCC-B797-4A99-B255-8AA2C9FD4936-768x513.jpeg 768w, https:\/\/blogs.donboscovolunteers.de\/mimmiinbenini\/wp-content\/uploads\/sites\/21653\/2023\/03\/3059ABCC-B797-4A99-B255-8AA2C9FD4936-1200x802.jpeg 1200w, https:\/\/blogs.donboscovolunteers.de\/mimmiinbenini\/wp-content\/uploads\/sites\/21653\/2023\/03\/3059ABCC-B797-4A99-B255-8AA2C9FD4936.jpeg 1280w\" sizes=\"auto, (max-width: 1024px) 100vw, 1024px\" \/><figcaption class=\"wp-element-caption\">Afrika wie aus dem Bilderbuch!<\/figcaption><\/figure>\n\n\n\n<figure class=\"wp-block-image size-large\"><img loading=\"lazy\" decoding=\"async\" width=\"1024\" height=\"684\" data-id=\"222\" src=\"https:\/\/blogs.donboscovolunteers.de\/mimmiinbenini\/wp-content\/uploads\/sites\/21653\/2023\/03\/489E0D51-C1AB-4753-9253-7B89E1B1D174-1024x684.jpeg\" alt=\"\" class=\"wp-image-222\" srcset=\"https:\/\/blogs.donboscovolunteers.de\/mimmiinbenini\/wp-content\/uploads\/sites\/21653\/2023\/03\/489E0D51-C1AB-4753-9253-7B89E1B1D174-1024x684.jpeg 1024w, https:\/\/blogs.donboscovolunteers.de\/mimmiinbenini\/wp-content\/uploads\/sites\/21653\/2023\/03\/489E0D51-C1AB-4753-9253-7B89E1B1D174-300x200.jpeg 300w, https:\/\/blogs.donboscovolunteers.de\/mimmiinbenini\/wp-content\/uploads\/sites\/21653\/2023\/03\/489E0D51-C1AB-4753-9253-7B89E1B1D174-768x513.jpeg 768w, https:\/\/blogs.donboscovolunteers.de\/mimmiinbenini\/wp-content\/uploads\/sites\/21653\/2023\/03\/489E0D51-C1AB-4753-9253-7B89E1B1D174-1200x802.jpeg 1200w, https:\/\/blogs.donboscovolunteers.de\/mimmiinbenini\/wp-content\/uploads\/sites\/21653\/2023\/03\/489E0D51-C1AB-4753-9253-7B89E1B1D174.jpeg 1280w\" sizes=\"auto, (max-width: 1024px) 100vw, 1024px\" \/><\/figure>\n\n\n\n<figure class=\"wp-block-image size-large\"><img loading=\"lazy\" decoding=\"async\" width=\"1024\" height=\"684\" data-id=\"223\" src=\"https:\/\/blogs.donboscovolunteers.de\/mimmiinbenini\/wp-content\/uploads\/sites\/21653\/2023\/03\/BCFEFA48-6EC1-439E-8827-FEE0755C3F6E-1024x684.jpeg\" alt=\"\" class=\"wp-image-223\" srcset=\"https:\/\/blogs.donboscovolunteers.de\/mimmiinbenini\/wp-content\/uploads\/sites\/21653\/2023\/03\/BCFEFA48-6EC1-439E-8827-FEE0755C3F6E-1024x684.jpeg 1024w, https:\/\/blogs.donboscovolunteers.de\/mimmiinbenini\/wp-content\/uploads\/sites\/21653\/2023\/03\/BCFEFA48-6EC1-439E-8827-FEE0755C3F6E-300x200.jpeg 300w, https:\/\/blogs.donboscovolunteers.de\/mimmiinbenini\/wp-content\/uploads\/sites\/21653\/2023\/03\/BCFEFA48-6EC1-439E-8827-FEE0755C3F6E-768x513.jpeg 768w, https:\/\/blogs.donboscovolunteers.de\/mimmiinbenini\/wp-content\/uploads\/sites\/21653\/2023\/03\/BCFEFA48-6EC1-439E-8827-FEE0755C3F6E-1200x802.jpeg 1200w, https:\/\/blogs.donboscovolunteers.de\/mimmiinbenini\/wp-content\/uploads\/sites\/21653\/2023\/03\/BCFEFA48-6EC1-439E-8827-FEE0755C3F6E.jpeg 1280w\" sizes=\"auto, (max-width: 1024px) 100vw, 1024px\" \/><figcaption class=\"wp-element-caption\">Euloge in Aktion<\/figcaption><\/figure>\n<\/figure>\n\n\n\n<p>Und so fahren wir fort, schnitzen noch Palmst\u00f6cke zurecht, verteilen Streichh\u00f6lzer, witzeln mit den Kindern\u2026bis kurz vor 0 Uhr flimmert vor beinahe jedem H\u00e4usschen ein kleines Lichtlein! Zufrieden mit uns und unserer Arbeit kehren wir alle gemeinsam ins Campement ein, teilen Sirup und Momente aus dem vergangenen Jahr und dann: ZEHN, NEUN, ACHT, SIEBEN, SECHS, F\u00dcNF, VIER, DREI, ZWEI, EINS\u2026<strong>BONNE ANN\u00c9E 2023!!!<\/strong><\/p>","protected":false},"excerpt":{"rendered":"<p>28. Dezember 2022, Savalou \u201eUnd morgen werden wir in eines meiner Lieblingsd\u00f6rfer fahren\u201c, h\u00f6ren wir Euloge, unseren Reiseguide, zu uns beim Abendessen sagen, \u201estellt euch vor, da gibt es nichtmal flie\u00dfend Wasser oder gar Strom!\u201c 29. Dezember 2022, 17:56 Uhr Dose auf\u2026Schnur durch den Deckel f\u00e4deln\u2026 zwei Zentimeter rausziehen\u2026Deckel wieder drauf und n\u00e4chste Dose aus [&hellip;]<\/p>\n","protected":false},"author":21745,"featured_media":231,"parent":0,"menu_order":0,"comment_status":"open","ping_status":"closed","template":"","meta":{"footnotes":""},"class_list":["post-214","page","type-page","status-publish","has-post-thumbnail","hentry"],"yoast_head":"<!-- This site is optimized with the Yoast SEO plugin v25.3.1 - https:\/\/yoast.com\/wordpress\/plugins\/seo\/ -->\n<title>Bonne ann\u00e9e 2023! - Mimmi in Benini<\/title>\n<meta name=\"description\" content=\"Wir haben in dem Dorf Taneka Beri in das Jahr 2023 gefeiert und haben dabei eine au\u00dfergew\u00f6hnliche Erfahrung gemacht.\" \/>\n<meta name=\"robots\" content=\"index, follow, max-snippet:-1, max-image-preview:large, max-video-preview:-1\" \/>\n<link rel=\"canonical\" href=\"https:\/\/blogs.donboscovolunteers.de\/mimmiinbenini\/bonne-annee-2023\/\" \/>\n<meta property=\"og:locale\" content=\"de_DE\" \/>\n<meta property=\"og:type\" content=\"article\" \/>\n<meta property=\"og:title\" content=\"Bonne ann\u00e9e 2023! - Mimmi in Benini\" \/>\n<meta property=\"og:description\" content=\"Wir haben in dem Dorf Taneka Beri in das Jahr 2023 gefeiert und haben dabei eine au\u00dfergew\u00f6hnliche Erfahrung gemacht.\" \/>\n<meta property=\"og:url\" content=\"https:\/\/blogs.donboscovolunteers.de\/mimmiinbenini\/bonne-annee-2023\/\" \/>\n<meta property=\"og:site_name\" content=\"Mimmi in Benini\" \/>\n<meta property=\"og:image\" content=\"https:\/\/blogs.donboscovolunteers.de\/mimmiinbenini\/wp-content\/uploads\/sites\/21653\/2023\/03\/72BA1B76-45B9-4371-A48C-FA4A1B21A69F.jpeg\" \/>\n\t<meta property=\"og:image:width\" content=\"1024\" \/>\n\t<meta property=\"og:image:height\" content=\"768\" \/>\n\t<meta property=\"og:image:type\" content=\"image\/jpeg\" \/>\n<meta name=\"twitter:card\" content=\"summary_large_image\" \/>\n<meta name=\"twitter:label1\" content=\"Gesch\u00e4tzte Lesezeit\" \/>\n\t<meta name=\"twitter:data1\" content=\"4\u00a0Minuten\" \/>\n<script type=\"application\/ld+json\" class=\"yoast-schema-graph\">{\"@context\":\"https:\/\/schema.org\",\"@graph\":[{\"@type\":\"WebPage\",\"@id\":\"https:\/\/blogs.donboscovolunteers.de\/mimmiinbenini\/bonne-annee-2023\/\",\"url\":\"https:\/\/blogs.donboscovolunteers.de\/mimmiinbenini\/bonne-annee-2023\/\",\"name\":\"Bonne ann\u00e9e 2023! - Mimmi in Benini\",\"isPartOf\":{\"@id\":\"https:\/\/blogs.donboscovolunteers.de\/mimmiinbenini\/#website\"},\"primaryImageOfPage\":{\"@id\":\"https:\/\/blogs.donboscovolunteers.de\/mimmiinbenini\/bonne-annee-2023\/#primaryimage\"},\"image\":{\"@id\":\"https:\/\/blogs.donboscovolunteers.de\/mimmiinbenini\/bonne-annee-2023\/#primaryimage\"},\"thumbnailUrl\":\"https:\/\/blogs.donboscovolunteers.de\/mimmiinbenini\/wp-content\/uploads\/sites\/21653\/2023\/03\/72BA1B76-45B9-4371-A48C-FA4A1B21A69F.jpeg\",\"datePublished\":\"2023-03-02T14:44:09+00:00\",\"description\":\"Wir haben in dem Dorf Taneka Beri in das Jahr 2023 gefeiert und haben dabei eine au\u00dfergew\u00f6hnliche Erfahrung gemacht.\",\"breadcrumb\":{\"@id\":\"https:\/\/blogs.donboscovolunteers.de\/mimmiinbenini\/bonne-annee-2023\/#breadcrumb\"},\"inLanguage\":\"de\",\"potentialAction\":[{\"@type\":\"ReadAction\",\"target\":[\"https:\/\/blogs.donboscovolunteers.de\/mimmiinbenini\/bonne-annee-2023\/\"]}]},{\"@type\":\"ImageObject\",\"inLanguage\":\"de\",\"@id\":\"https:\/\/blogs.donboscovolunteers.de\/mimmiinbenini\/bonne-annee-2023\/#primaryimage\",\"url\":\"https:\/\/blogs.donboscovolunteers.de\/mimmiinbenini\/wp-content\/uploads\/sites\/21653\/2023\/03\/72BA1B76-45B9-4371-A48C-FA4A1B21A69F.jpeg\",\"contentUrl\":\"https:\/\/blogs.donboscovolunteers.de\/mimmiinbenini\/wp-content\/uploads\/sites\/21653\/2023\/03\/72BA1B76-45B9-4371-A48C-FA4A1B21A69F.jpeg\",\"width\":1024,\"height\":768},{\"@type\":\"BreadcrumbList\",\"@id\":\"https:\/\/blogs.donboscovolunteers.de\/mimmiinbenini\/bonne-annee-2023\/#breadcrumb\",\"itemListElement\":[{\"@type\":\"ListItem\",\"position\":1,\"name\":\"Startseite\",\"item\":\"https:\/\/blogs.donboscovolunteers.de\/mimmiinbenini\/\"},{\"@type\":\"ListItem\",\"position\":2,\"name\":\"Bonne ann\u00e9e 2023!\"}]},{\"@type\":\"WebSite\",\"@id\":\"https:\/\/blogs.donboscovolunteers.de\/mimmiinbenini\/#website\",\"url\":\"https:\/\/blogs.donboscovolunteers.de\/mimmiinbenini\/\",\"name\":\"Mimmi in Benini\",\"description\":\"(M)ein Jahr in Benin\",\"potentialAction\":[{\"@type\":\"SearchAction\",\"target\":{\"@type\":\"EntryPoint\",\"urlTemplate\":\"https:\/\/blogs.donboscovolunteers.de\/mimmiinbenini\/?s={search_term_string}\"},\"query-input\":{\"@type\":\"PropertyValueSpecification\",\"valueRequired\":true,\"valueName\":\"search_term_string\"}}],\"inLanguage\":\"de\"}]}<\/script>\n<!-- \/ Yoast SEO plugin. -->","yoast_head_json":{"title":"Bonne ann\u00e9e 2023! - Mimmi in Benini","description":"Wir haben in dem Dorf Taneka Beri in das Jahr 2023 gefeiert und haben dabei eine au\u00dfergew\u00f6hnliche Erfahrung gemacht.","robots":{"index":"index","follow":"follow","max-snippet":"max-snippet:-1","max-image-preview":"max-image-preview:large","max-video-preview":"max-video-preview:-1"},"canonical":"https:\/\/blogs.donboscovolunteers.de\/mimmiinbenini\/bonne-annee-2023\/","og_locale":"de_DE","og_type":"article","og_title":"Bonne ann\u00e9e 2023! - Mimmi in Benini","og_description":"Wir haben in dem Dorf Taneka Beri in das Jahr 2023 gefeiert und haben dabei eine au\u00dfergew\u00f6hnliche Erfahrung gemacht.","og_url":"https:\/\/blogs.donboscovolunteers.de\/mimmiinbenini\/bonne-annee-2023\/","og_site_name":"Mimmi in Benini","og_image":[{"width":1024,"height":768,"url":"https:\/\/blogs.donboscovolunteers.de\/mimmiinbenini\/wp-content\/uploads\/sites\/21653\/2023\/03\/72BA1B76-45B9-4371-A48C-FA4A1B21A69F.jpeg","type":"image\/jpeg"}],"twitter_card":"summary_large_image","twitter_misc":{"Gesch\u00e4tzte Lesezeit":"4\u00a0Minuten"},"schema":{"@context":"https:\/\/schema.org","@graph":[{"@type":"WebPage","@id":"https:\/\/blogs.donboscovolunteers.de\/mimmiinbenini\/bonne-annee-2023\/","url":"https:\/\/blogs.donboscovolunteers.de\/mimmiinbenini\/bonne-annee-2023\/","name":"Bonne ann\u00e9e 2023! - Mimmi in Benini","isPartOf":{"@id":"https:\/\/blogs.donboscovolunteers.de\/mimmiinbenini\/#website"},"primaryImageOfPage":{"@id":"https:\/\/blogs.donboscovolunteers.de\/mimmiinbenini\/bonne-annee-2023\/#primaryimage"},"image":{"@id":"https:\/\/blogs.donboscovolunteers.de\/mimmiinbenini\/bonne-annee-2023\/#primaryimage"},"thumbnailUrl":"https:\/\/blogs.donboscovolunteers.de\/mimmiinbenini\/wp-content\/uploads\/sites\/21653\/2023\/03\/72BA1B76-45B9-4371-A48C-FA4A1B21A69F.jpeg","datePublished":"2023-03-02T14:44:09+00:00","description":"Wir haben in dem Dorf Taneka Beri in das Jahr 2023 gefeiert und haben dabei eine au\u00dfergew\u00f6hnliche Erfahrung gemacht.","breadcrumb":{"@id":"https:\/\/blogs.donboscovolunteers.de\/mimmiinbenini\/bonne-annee-2023\/#breadcrumb"},"inLanguage":"de","potentialAction":[{"@type":"ReadAction","target":["https:\/\/blogs.donboscovolunteers.de\/mimmiinbenini\/bonne-annee-2023\/"]}]},{"@type":"ImageObject","inLanguage":"de","@id":"https:\/\/blogs.donboscovolunteers.de\/mimmiinbenini\/bonne-annee-2023\/#primaryimage","url":"https:\/\/blogs.donboscovolunteers.de\/mimmiinbenini\/wp-content\/uploads\/sites\/21653\/2023\/03\/72BA1B76-45B9-4371-A48C-FA4A1B21A69F.jpeg","contentUrl":"https:\/\/blogs.donboscovolunteers.de\/mimmiinbenini\/wp-content\/uploads\/sites\/21653\/2023\/03\/72BA1B76-45B9-4371-A48C-FA4A1B21A69F.jpeg","width":1024,"height":768},{"@type":"BreadcrumbList","@id":"https:\/\/blogs.donboscovolunteers.de\/mimmiinbenini\/bonne-annee-2023\/#breadcrumb","itemListElement":[{"@type":"ListItem","position":1,"name":"Startseite","item":"https:\/\/blogs.donboscovolunteers.de\/mimmiinbenini\/"},{"@type":"ListItem","position":2,"name":"Bonne ann\u00e9e 2023!"}]},{"@type":"WebSite","@id":"https:\/\/blogs.donboscovolunteers.de\/mimmiinbenini\/#website","url":"https:\/\/blogs.donboscovolunteers.de\/mimmiinbenini\/","name":"Mimmi in Benini","description":"(M)ein Jahr in Benin","potentialAction":[{"@type":"SearchAction","target":{"@type":"EntryPoint","urlTemplate":"https:\/\/blogs.donboscovolunteers.de\/mimmiinbenini\/?s={search_term_string}"},"query-input":{"@type":"PropertyValueSpecification","valueRequired":true,"valueName":"search_term_string"}}],"inLanguage":"de"}]}},"_links":{"self":[{"href":"https:\/\/blogs.donboscovolunteers.de\/mimmiinbenini\/wp-json\/wp\/v2\/pages\/214","targetHints":{"allow":["GET"]}}],"collection":[{"href":"https:\/\/blogs.donboscovolunteers.de\/mimmiinbenini\/wp-json\/wp\/v2\/pages"}],"about":[{"href":"https:\/\/blogs.donboscovolunteers.de\/mimmiinbenini\/wp-json\/wp\/v2\/types\/page"}],"author":[{"embeddable":true,"href":"https:\/\/blogs.donboscovolunteers.de\/mimmiinbenini\/wp-json\/wp\/v2\/users\/21745"}],"replies":[{"embeddable":true,"href":"https:\/\/blogs.donboscovolunteers.de\/mimmiinbenini\/wp-json\/wp\/v2\/comments?post=214"}],"version-history":[{"count":2,"href":"https:\/\/blogs.donboscovolunteers.de\/mimmiinbenini\/wp-json\/wp\/v2\/pages\/214\/revisions"}],"predecessor-version":[{"id":228,"href":"https:\/\/blogs.donboscovolunteers.de\/mimmiinbenini\/wp-json\/wp\/v2\/pages\/214\/revisions\/228"}],"wp:featuredmedia":[{"embeddable":true,"href":"https:\/\/blogs.donboscovolunteers.de\/mimmiinbenini\/wp-json\/wp\/v2\/media\/231"}],"wp:attachment":[{"href":"https:\/\/blogs.donboscovolunteers.de\/mimmiinbenini\/wp-json\/wp\/v2\/media?parent=214"}],"curies":[{"name":"wp","href":"https:\/\/api.w.org\/{rel}","templated":true}]}}