{"id":198,"date":"2023-03-02T15:43:13","date_gmt":"2023-03-02T14:43:13","guid":{"rendered":"https:\/\/blogs.donboscovolunteers.de\/mimmiinbenini\/?page_id=198"},"modified":"2025-01-01T21:05:36","modified_gmt":"2025-01-01T20:05:36","slug":"in-der-weihnachtsbaeckerei","status":"publish","type":"page","link":"https:\/\/blogs.donboscovolunteers.de\/mimmiinbenini\/in-der-weihnachtsbaeckerei\/","title":{"rendered":"In der Weihnachtsb\u00e4ckerei\u2026"},"content":{"rendered":"<p>\u2026eine riesengro\u00dfe Kleckerei! W\u00e4hrend Milena und ich am Ersten Advent noch ganz gem\u00fctlich zu zweit unsere beiden Lieblingssorten Pl\u00e4tzchen buken, wurde es am Sonntag darauf deutlich bunter! Denn bei unserer Backaktion im M\u00e4dchenheim kneteten und formten flei\u00dfige Kinderh\u00e4nde mit. Bereits um 10:30 Uhr starteten wir mit dem Ausrollen und Ausstechen, das schlie\u00dflich bis 15 Uhr dauern sollte! <\/p>\n\n\n\n<h4 class=\"wp-block-heading\">\u00ab&nbsp;Biscuits de No\u00ebl- was soll denn das sein?&nbsp;\u00bb &#8211; ja liebe M\u00e4dels, das werdet ihr im Laufe des Tages rausfinden \ud83d\ude09<\/h4>\n\n\n\n<p>Mit Zimtgeruch in der Nase rollten wir den ersten Teig aus und die M\u00e4dels fingen an, eifrig auszustechen\u2026doch aiaiai\u2026bei der Hitze klebt der Teig nat\u00fcrlich ohne Ende!!! Somit war insbesondere f\u00fcr Nelia* und Charlotte* jeder erfolgreicher Keks, bei dem keine Ecke und Kante fehlte ein Grund zur Freude. Klatschend und Singend feierten sie jeden noch so kleinen Erfolg! Und diejenigen, denen der Teig in den H\u00e4nden vor lauter Hitze schmolz, kamen irgendwann auf die Idee ihre H\u00e4nde mit K\u00fchlpacks zu k\u00fchlen, wodurch schon bald ein kleiner Wettbewerb entstand: wer kann seine H\u00e4nde am l\u00e4ngsten in der K\u00e4lte behalten? <\/p>\n\n\n\n<figure class=\"wp-block-gallery has-nested-images columns-default is-cropped wp-block-gallery-1 is-layout-flex wp-block-gallery-is-layout-flex\">\n<figure class=\"wp-block-image size-large\"><img loading=\"lazy\" decoding=\"async\" width=\"1024\" height=\"684\" data-id=\"201\" src=\"https:\/\/blogs.donboscovolunteers.de\/mimmiinbenini\/wp-content\/uploads\/sites\/21653\/2023\/02\/D05F8D15-9FF3-4191-8183-7DCF71C07E67-1024x684.jpeg\" alt=\"\" class=\"wp-image-201\" srcset=\"https:\/\/blogs.donboscovolunteers.de\/mimmiinbenini\/wp-content\/uploads\/sites\/21653\/2023\/02\/D05F8D15-9FF3-4191-8183-7DCF71C07E67-1024x684.jpeg 1024w, https:\/\/blogs.donboscovolunteers.de\/mimmiinbenini\/wp-content\/uploads\/sites\/21653\/2023\/02\/D05F8D15-9FF3-4191-8183-7DCF71C07E67-300x200.jpeg 300w, https:\/\/blogs.donboscovolunteers.de\/mimmiinbenini\/wp-content\/uploads\/sites\/21653\/2023\/02\/D05F8D15-9FF3-4191-8183-7DCF71C07E67-768x513.jpeg 768w, https:\/\/blogs.donboscovolunteers.de\/mimmiinbenini\/wp-content\/uploads\/sites\/21653\/2023\/02\/D05F8D15-9FF3-4191-8183-7DCF71C07E67-1200x802.jpeg 1200w, https:\/\/blogs.donboscovolunteers.de\/mimmiinbenini\/wp-content\/uploads\/sites\/21653\/2023\/02\/D05F8D15-9FF3-4191-8183-7DCF71C07E67.jpeg 1280w\" sizes=\"auto, (max-width: 1024px) 100vw, 1024px\" \/><figcaption class=\"wp-element-caption\">\u2764\ufe0f<\/figcaption><\/figure>\n\n\n\n<figure class=\"wp-block-image size-large\"><img loading=\"lazy\" decoding=\"async\" width=\"637\" height=\"426\" data-id=\"200\" src=\"https:\/\/blogs.donboscovolunteers.de\/mimmiinbenini\/wp-content\/uploads\/sites\/21653\/2023\/02\/3C09C82E-A1BB-4C3B-A252-329F781AC6A3.jpeg\" alt=\"\" class=\"wp-image-200\" srcset=\"https:\/\/blogs.donboscovolunteers.de\/mimmiinbenini\/wp-content\/uploads\/sites\/21653\/2023\/02\/3C09C82E-A1BB-4C3B-A252-329F781AC6A3.jpeg 637w, https:\/\/blogs.donboscovolunteers.de\/mimmiinbenini\/wp-content\/uploads\/sites\/21653\/2023\/02\/3C09C82E-A1BB-4C3B-A252-329F781AC6A3-300x201.jpeg 300w\" sizes=\"auto, (max-width: 637px) 100vw, 637px\" \/><figcaption class=\"wp-element-caption\">Eiskalter Wettbewerb!<\/figcaption><\/figure>\n\n\n\n<figure class=\"wp-block-image size-large\"><img loading=\"lazy\" decoding=\"async\" width=\"837\" height=\"1024\" data-id=\"206\" src=\"https:\/\/blogs.donboscovolunteers.de\/mimmiinbenini\/wp-content\/uploads\/sites\/21653\/2023\/02\/5106F35E-E814-4C31-8AB6-524645F5403F-837x1024.jpeg\" alt=\"\" class=\"wp-image-206\" srcset=\"https:\/\/blogs.donboscovolunteers.de\/mimmiinbenini\/wp-content\/uploads\/sites\/21653\/2023\/02\/5106F35E-E814-4C31-8AB6-524645F5403F-837x1024.jpeg 837w, https:\/\/blogs.donboscovolunteers.de\/mimmiinbenini\/wp-content\/uploads\/sites\/21653\/2023\/02\/5106F35E-E814-4C31-8AB6-524645F5403F-245x300.jpeg 245w, https:\/\/blogs.donboscovolunteers.de\/mimmiinbenini\/wp-content\/uploads\/sites\/21653\/2023\/02\/5106F35E-E814-4C31-8AB6-524645F5403F-768x939.jpeg 768w, https:\/\/blogs.donboscovolunteers.de\/mimmiinbenini\/wp-content\/uploads\/sites\/21653\/2023\/02\/5106F35E-E814-4C31-8AB6-524645F5403F.jpeg 883w\" sizes=\"auto, (max-width: 837px) 100vw, 837px\" \/><figcaption class=\"wp-element-caption\">Flei\u00dfiges Formen \ud83d\ude42<\/figcaption><\/figure>\n<\/figure>\n\n\n\n<h4 class=\"wp-block-heading\">Die gr\u00f6\u00dfte Herausforderung\u2026<\/h4>\n\n\n\n<p>\u2026 waren definitiv die Schokobrezeln! Und das obwohl Tata Milena es so sch\u00f6n vormachte:  \u201eErst machen wir eine kleine Rolle\u2026.dann nimmt man das eine Ende\u2026genau\u2026dann das andere und voil\u00e0!\u201c Begeistert und erstaunt brechen die M\u00e4dels in Applaus aus! Selbst aber klappt es nicht ganz so gut und die sie geben schnell auf &#8211; Ausstechen macht schlie\u00dflich viel mehr Spa\u00df!!!<\/p>\n\n\n\n<p>Um 15 Uhr beginnt das Oratorium und f\u00fcr uns hei\u00dft das: es kehrt Ruhe ein! Die M\u00e4dels sind verschwunden und wir kratzen die Teigreste vom Boden, das Mehl staubt beim Fegen wei\u00df auf und das letzte Blech wird in den Ofen geschoben! Puh das war ein wildes Chaos\u2026.doch gl\u00fccklich und zufrieden betrachten wir am Ende des Tages unser Werk: stolze 6 Dosen haben wir gef\u00fcllt und dabei ganz Vielen ein L\u00e4cheln auf die Lippen gezaubert! Das Kinderlachen hallt in meinen Ohren und ich bin wie so oft ehrf\u00fcrchtig, welch kleine Dinge einen gl\u00fccklich machen k\u00f6nnen &lt;3<\/p>\n\n\n\n<figure class=\"wp-block-gallery has-nested-images columns-default is-cropped wp-block-gallery-2 is-layout-flex wp-block-gallery-is-layout-flex\">\n<figure class=\"wp-block-image size-medium\"><img loading=\"lazy\" decoding=\"async\" width=\"300\" height=\"200\" data-id=\"204\" src=\"https:\/\/blogs.donboscovolunteers.de\/mimmiinbenini\/wp-content\/uploads\/sites\/21653\/2023\/02\/77D17880-A193-47A6-9438-6D80C44F6D1A-300x200.jpeg\" alt=\"\" class=\"wp-image-204\" srcset=\"https:\/\/blogs.donboscovolunteers.de\/mimmiinbenini\/wp-content\/uploads\/sites\/21653\/2023\/02\/77D17880-A193-47A6-9438-6D80C44F6D1A-300x200.jpeg 300w, https:\/\/blogs.donboscovolunteers.de\/mimmiinbenini\/wp-content\/uploads\/sites\/21653\/2023\/02\/77D17880-A193-47A6-9438-6D80C44F6D1A-1024x684.jpeg 1024w, https:\/\/blogs.donboscovolunteers.de\/mimmiinbenini\/wp-content\/uploads\/sites\/21653\/2023\/02\/77D17880-A193-47A6-9438-6D80C44F6D1A-768x513.jpeg 768w, https:\/\/blogs.donboscovolunteers.de\/mimmiinbenini\/wp-content\/uploads\/sites\/21653\/2023\/02\/77D17880-A193-47A6-9438-6D80C44F6D1A-1200x802.jpeg 1200w, https:\/\/blogs.donboscovolunteers.de\/mimmiinbenini\/wp-content\/uploads\/sites\/21653\/2023\/02\/77D17880-A193-47A6-9438-6D80C44F6D1A.jpeg 1280w\" sizes=\"auto, (max-width: 300px) 100vw, 300px\" \/><figcaption class=\"wp-element-caption\">Backe backe Kuchen\u2026.<\/figcaption><\/figure>\n\n\n\n<figure class=\"wp-block-image size-medium\"><img loading=\"lazy\" decoding=\"async\" width=\"300\" height=\"200\" data-id=\"203\" src=\"https:\/\/blogs.donboscovolunteers.de\/mimmiinbenini\/wp-content\/uploads\/sites\/21653\/2023\/02\/ABD69DDE-EF0B-4007-8CC9-39D941815DA2-300x200.jpeg\" alt=\"\" class=\"wp-image-203\" srcset=\"https:\/\/blogs.donboscovolunteers.de\/mimmiinbenini\/wp-content\/uploads\/sites\/21653\/2023\/02\/ABD69DDE-EF0B-4007-8CC9-39D941815DA2-300x200.jpeg 300w, https:\/\/blogs.donboscovolunteers.de\/mimmiinbenini\/wp-content\/uploads\/sites\/21653\/2023\/02\/ABD69DDE-EF0B-4007-8CC9-39D941815DA2-1024x684.jpeg 1024w, https:\/\/blogs.donboscovolunteers.de\/mimmiinbenini\/wp-content\/uploads\/sites\/21653\/2023\/02\/ABD69DDE-EF0B-4007-8CC9-39D941815DA2-768x513.jpeg 768w, https:\/\/blogs.donboscovolunteers.de\/mimmiinbenini\/wp-content\/uploads\/sites\/21653\/2023\/02\/ABD69DDE-EF0B-4007-8CC9-39D941815DA2-1200x802.jpeg 1200w, https:\/\/blogs.donboscovolunteers.de\/mimmiinbenini\/wp-content\/uploads\/sites\/21653\/2023\/02\/ABD69DDE-EF0B-4007-8CC9-39D941815DA2.jpeg 1280w\" sizes=\"auto, (max-width: 300px) 100vw, 300px\" \/><figcaption class=\"wp-element-caption\">\u2026Geschafft \ud83d\ude42<\/figcaption><\/figure>\n<\/figure>","protected":false},"excerpt":{"rendered":"<p>\u2026eine riesengro\u00dfe Kleckerei! W\u00e4hrend Milena und ich am Ersten Advent noch ganz gem\u00fctlich zu zweit unsere beiden Lieblingssorten Pl\u00e4tzchen buken, wurde es am Sonntag darauf deutlich bunter! Denn bei unserer Backaktion im M\u00e4dchenheim kneteten und formten flei\u00dfige Kinderh\u00e4nde mit. Bereits um 10:30 Uhr starteten wir mit dem Ausrollen und Ausstechen, das schlie\u00dflich bis 15 Uhr [&hellip;]<\/p>\n","protected":false},"author":21745,"featured_media":208,"parent":0,"menu_order":0,"comment_status":"open","ping_status":"closed","template":"","meta":{"footnotes":""},"class_list":["post-198","page","type-page","status-publish","has-post-thumbnail","hentry"],"yoast_head":"<!-- This site is optimized with the Yoast SEO plugin v25.3.1 - https:\/\/yoast.com\/wordpress\/plugins\/seo\/ -->\n<title>In der Weihnachtsb\u00e4ckerei\u2026 - Mimmi in Benini<\/title>\n<meta name=\"description\" content=\"Wir backen mit den M\u00e4dels aus dem Foyer am Sonntag Pl\u00e4tzchen und haben einen riesengro\u00dfen Spa\u00df! Von Ausstechern zu Schokobrezeln!\" \/>\n<meta name=\"robots\" content=\"index, follow, max-snippet:-1, max-image-preview:large, max-video-preview:-1\" \/>\n<link rel=\"canonical\" href=\"https:\/\/blogs.donboscovolunteers.de\/mimmiinbenini\/in-der-weihnachtsbaeckerei\/\" \/>\n<meta property=\"og:locale\" content=\"de_DE\" \/>\n<meta property=\"og:type\" content=\"article\" \/>\n<meta property=\"og:title\" content=\"In der Weihnachtsb\u00e4ckerei\u2026 - Mimmi in Benini\" \/>\n<meta property=\"og:description\" content=\"Wir backen mit den M\u00e4dels aus dem Foyer am Sonntag Pl\u00e4tzchen und haben einen riesengro\u00dfen Spa\u00df! Von Ausstechern zu Schokobrezeln!\" \/>\n<meta property=\"og:url\" content=\"https:\/\/blogs.donboscovolunteers.de\/mimmiinbenini\/in-der-weihnachtsbaeckerei\/\" \/>\n<meta property=\"og:site_name\" content=\"Mimmi in Benini\" \/>\n<meta property=\"article:modified_time\" content=\"2025-01-01T20:05:36+00:00\" \/>\n<meta property=\"og:image\" content=\"https:\/\/blogs.donboscovolunteers.de\/mimmiinbenini\/wp-content\/uploads\/sites\/21653\/2023\/02\/B4C9CB44-93B7-4964-877E-1B762F5BD61D.jpeg\" \/>\n\t<meta property=\"og:image:width\" content=\"1280\" \/>\n\t<meta property=\"og:image:height\" content=\"855\" \/>\n\t<meta property=\"og:image:type\" content=\"image\/jpeg\" \/>\n<meta name=\"twitter:card\" content=\"summary_large_image\" \/>\n<meta name=\"twitter:label1\" content=\"Gesch\u00e4tzte Lesezeit\" \/>\n\t<meta name=\"twitter:data1\" content=\"4\u00a0Minuten\" \/>\n<script type=\"application\/ld+json\" class=\"yoast-schema-graph\">{\"@context\":\"https:\/\/schema.org\",\"@graph\":[{\"@type\":\"WebPage\",\"@id\":\"https:\/\/blogs.donboscovolunteers.de\/mimmiinbenini\/in-der-weihnachtsbaeckerei\/\",\"url\":\"https:\/\/blogs.donboscovolunteers.de\/mimmiinbenini\/in-der-weihnachtsbaeckerei\/\",\"name\":\"In der Weihnachtsb\u00e4ckerei\u2026 - Mimmi in Benini\",\"isPartOf\":{\"@id\":\"https:\/\/blogs.donboscovolunteers.de\/mimmiinbenini\/#website\"},\"primaryImageOfPage\":{\"@id\":\"https:\/\/blogs.donboscovolunteers.de\/mimmiinbenini\/in-der-weihnachtsbaeckerei\/#primaryimage\"},\"image\":{\"@id\":\"https:\/\/blogs.donboscovolunteers.de\/mimmiinbenini\/in-der-weihnachtsbaeckerei\/#primaryimage\"},\"thumbnailUrl\":\"https:\/\/blogs.donboscovolunteers.de\/mimmiinbenini\/wp-content\/uploads\/sites\/21653\/2023\/02\/B4C9CB44-93B7-4964-877E-1B762F5BD61D.jpeg\",\"datePublished\":\"2023-03-02T14:43:13+00:00\",\"dateModified\":\"2025-01-01T20:05:36+00:00\",\"description\":\"Wir backen mit den M\u00e4dels aus dem Foyer am Sonntag Pl\u00e4tzchen und haben einen riesengro\u00dfen Spa\u00df! Von Ausstechern zu Schokobrezeln!\",\"breadcrumb\":{\"@id\":\"https:\/\/blogs.donboscovolunteers.de\/mimmiinbenini\/in-der-weihnachtsbaeckerei\/#breadcrumb\"},\"inLanguage\":\"de\",\"potentialAction\":[{\"@type\":\"ReadAction\",\"target\":[\"https:\/\/blogs.donboscovolunteers.de\/mimmiinbenini\/in-der-weihnachtsbaeckerei\/\"]}]},{\"@type\":\"ImageObject\",\"inLanguage\":\"de\",\"@id\":\"https:\/\/blogs.donboscovolunteers.de\/mimmiinbenini\/in-der-weihnachtsbaeckerei\/#primaryimage\",\"url\":\"https:\/\/blogs.donboscovolunteers.de\/mimmiinbenini\/wp-content\/uploads\/sites\/21653\/2023\/02\/B4C9CB44-93B7-4964-877E-1B762F5BD61D.jpeg\",\"contentUrl\":\"https:\/\/blogs.donboscovolunteers.de\/mimmiinbenini\/wp-content\/uploads\/sites\/21653\/2023\/02\/B4C9CB44-93B7-4964-877E-1B762F5BD61D.jpeg\",\"width\":1280,\"height\":855},{\"@type\":\"BreadcrumbList\",\"@id\":\"https:\/\/blogs.donboscovolunteers.de\/mimmiinbenini\/in-der-weihnachtsbaeckerei\/#breadcrumb\",\"itemListElement\":[{\"@type\":\"ListItem\",\"position\":1,\"name\":\"Startseite\",\"item\":\"https:\/\/blogs.donboscovolunteers.de\/mimmiinbenini\/\"},{\"@type\":\"ListItem\",\"position\":2,\"name\":\"In der Weihnachtsb\u00e4ckerei\u2026\"}]},{\"@type\":\"WebSite\",\"@id\":\"https:\/\/blogs.donboscovolunteers.de\/mimmiinbenini\/#website\",\"url\":\"https:\/\/blogs.donboscovolunteers.de\/mimmiinbenini\/\",\"name\":\"Mimmi in Benini\",\"description\":\"(M)ein Jahr in Benin\",\"potentialAction\":[{\"@type\":\"SearchAction\",\"target\":{\"@type\":\"EntryPoint\",\"urlTemplate\":\"https:\/\/blogs.donboscovolunteers.de\/mimmiinbenini\/?s={search_term_string}\"},\"query-input\":{\"@type\":\"PropertyValueSpecification\",\"valueRequired\":true,\"valueName\":\"search_term_string\"}}],\"inLanguage\":\"de\"}]}<\/script>\n<!-- \/ Yoast SEO plugin. -->","yoast_head_json":{"title":"In der Weihnachtsb\u00e4ckerei\u2026 - Mimmi in Benini","description":"Wir backen mit den M\u00e4dels aus dem Foyer am Sonntag Pl\u00e4tzchen und haben einen riesengro\u00dfen Spa\u00df! Von Ausstechern zu Schokobrezeln!","robots":{"index":"index","follow":"follow","max-snippet":"max-snippet:-1","max-image-preview":"max-image-preview:large","max-video-preview":"max-video-preview:-1"},"canonical":"https:\/\/blogs.donboscovolunteers.de\/mimmiinbenini\/in-der-weihnachtsbaeckerei\/","og_locale":"de_DE","og_type":"article","og_title":"In der Weihnachtsb\u00e4ckerei\u2026 - Mimmi in Benini","og_description":"Wir backen mit den M\u00e4dels aus dem Foyer am Sonntag Pl\u00e4tzchen und haben einen riesengro\u00dfen Spa\u00df! Von Ausstechern zu Schokobrezeln!","og_url":"https:\/\/blogs.donboscovolunteers.de\/mimmiinbenini\/in-der-weihnachtsbaeckerei\/","og_site_name":"Mimmi in Benini","article_modified_time":"2025-01-01T20:05:36+00:00","og_image":[{"width":1280,"height":855,"url":"https:\/\/blogs.donboscovolunteers.de\/mimmiinbenini\/wp-content\/uploads\/sites\/21653\/2023\/02\/B4C9CB44-93B7-4964-877E-1B762F5BD61D.jpeg","type":"image\/jpeg"}],"twitter_card":"summary_large_image","twitter_misc":{"Gesch\u00e4tzte Lesezeit":"4\u00a0Minuten"},"schema":{"@context":"https:\/\/schema.org","@graph":[{"@type":"WebPage","@id":"https:\/\/blogs.donboscovolunteers.de\/mimmiinbenini\/in-der-weihnachtsbaeckerei\/","url":"https:\/\/blogs.donboscovolunteers.de\/mimmiinbenini\/in-der-weihnachtsbaeckerei\/","name":"In der Weihnachtsb\u00e4ckerei\u2026 - Mimmi in Benini","isPartOf":{"@id":"https:\/\/blogs.donboscovolunteers.de\/mimmiinbenini\/#website"},"primaryImageOfPage":{"@id":"https:\/\/blogs.donboscovolunteers.de\/mimmiinbenini\/in-der-weihnachtsbaeckerei\/#primaryimage"},"image":{"@id":"https:\/\/blogs.donboscovolunteers.de\/mimmiinbenini\/in-der-weihnachtsbaeckerei\/#primaryimage"},"thumbnailUrl":"https:\/\/blogs.donboscovolunteers.de\/mimmiinbenini\/wp-content\/uploads\/sites\/21653\/2023\/02\/B4C9CB44-93B7-4964-877E-1B762F5BD61D.jpeg","datePublished":"2023-03-02T14:43:13+00:00","dateModified":"2025-01-01T20:05:36+00:00","description":"Wir backen mit den M\u00e4dels aus dem Foyer am Sonntag Pl\u00e4tzchen und haben einen riesengro\u00dfen Spa\u00df! Von Ausstechern zu Schokobrezeln!","breadcrumb":{"@id":"https:\/\/blogs.donboscovolunteers.de\/mimmiinbenini\/in-der-weihnachtsbaeckerei\/#breadcrumb"},"inLanguage":"de","potentialAction":[{"@type":"ReadAction","target":["https:\/\/blogs.donboscovolunteers.de\/mimmiinbenini\/in-der-weihnachtsbaeckerei\/"]}]},{"@type":"ImageObject","inLanguage":"de","@id":"https:\/\/blogs.donboscovolunteers.de\/mimmiinbenini\/in-der-weihnachtsbaeckerei\/#primaryimage","url":"https:\/\/blogs.donboscovolunteers.de\/mimmiinbenini\/wp-content\/uploads\/sites\/21653\/2023\/02\/B4C9CB44-93B7-4964-877E-1B762F5BD61D.jpeg","contentUrl":"https:\/\/blogs.donboscovolunteers.de\/mimmiinbenini\/wp-content\/uploads\/sites\/21653\/2023\/02\/B4C9CB44-93B7-4964-877E-1B762F5BD61D.jpeg","width":1280,"height":855},{"@type":"BreadcrumbList","@id":"https:\/\/blogs.donboscovolunteers.de\/mimmiinbenini\/in-der-weihnachtsbaeckerei\/#breadcrumb","itemListElement":[{"@type":"ListItem","position":1,"name":"Startseite","item":"https:\/\/blogs.donboscovolunteers.de\/mimmiinbenini\/"},{"@type":"ListItem","position":2,"name":"In der Weihnachtsb\u00e4ckerei\u2026"}]},{"@type":"WebSite","@id":"https:\/\/blogs.donboscovolunteers.de\/mimmiinbenini\/#website","url":"https:\/\/blogs.donboscovolunteers.de\/mimmiinbenini\/","name":"Mimmi in Benini","description":"(M)ein Jahr in Benin","potentialAction":[{"@type":"SearchAction","target":{"@type":"EntryPoint","urlTemplate":"https:\/\/blogs.donboscovolunteers.de\/mimmiinbenini\/?s={search_term_string}"},"query-input":{"@type":"PropertyValueSpecification","valueRequired":true,"valueName":"search_term_string"}}],"inLanguage":"de"}]}},"_links":{"self":[{"href":"https:\/\/blogs.donboscovolunteers.de\/mimmiinbenini\/wp-json\/wp\/v2\/pages\/198","targetHints":{"allow":["GET"]}}],"collection":[{"href":"https:\/\/blogs.donboscovolunteers.de\/mimmiinbenini\/wp-json\/wp\/v2\/pages"}],"about":[{"href":"https:\/\/blogs.donboscovolunteers.de\/mimmiinbenini\/wp-json\/wp\/v2\/types\/page"}],"author":[{"embeddable":true,"href":"https:\/\/blogs.donboscovolunteers.de\/mimmiinbenini\/wp-json\/wp\/v2\/users\/21745"}],"replies":[{"embeddable":true,"href":"https:\/\/blogs.donboscovolunteers.de\/mimmiinbenini\/wp-json\/wp\/v2\/comments?post=198"}],"version-history":[{"count":9,"href":"https:\/\/blogs.donboscovolunteers.de\/mimmiinbenini\/wp-json\/wp\/v2\/pages\/198\/revisions"}],"predecessor-version":[{"id":277,"href":"https:\/\/blogs.donboscovolunteers.de\/mimmiinbenini\/wp-json\/wp\/v2\/pages\/198\/revisions\/277"}],"wp:featuredmedia":[{"embeddable":true,"href":"https:\/\/blogs.donboscovolunteers.de\/mimmiinbenini\/wp-json\/wp\/v2\/media\/208"}],"wp:attachment":[{"href":"https:\/\/blogs.donboscovolunteers.de\/mimmiinbenini\/wp-json\/wp\/v2\/media?parent=198"}],"curies":[{"name":"wp","href":"https:\/\/api.w.org\/{rel}","templated":true}]}}