{"id":139,"date":"2022-10-09T17:32:38","date_gmt":"2022-10-09T16:32:38","guid":{"rendered":"https:\/\/blogs.donboscovolunteers.de\/mimmiinbenini\/?page_id=139"},"modified":"2022-10-09T17:32:39","modified_gmt":"2022-10-09T16:32:39","slug":"spenden","status":"publish","type":"page","link":"https:\/\/blogs.donboscovolunteers.de\/mimmiinbenini\/spenden\/","title":{"rendered":"Spenden"},"content":{"rendered":"<h3 class=\"wp-block-heading\">ICH GEHE WELTW\u00c4RTS!<\/h3>\n\n\n\n<p>Das hei\u00dft: Ich mache einen entwicklungspolitischen&nbsp;<a href=\"https:\/\/www.donboscovolunteers.de\/\">Freiwilligendienst<\/a>&nbsp;im Ausland, der \u00fcber das Programm&nbsp;<em>\u201eweltw\u00e4rts\u201c&nbsp;<\/em>l\u00e4uft. Dieses staatlich gef\u00f6rderte Programm wurde vom Bundesministerium f\u00fcr wirtschaftliche Zusammenarbeit und Entwicklung (BMZ) ins Leben gerufen. Ziel ist es, junge Menschen in die Welt zu schicken, um das Globale Lernen und die internationale Solidarit\u00e4t zu st\u00e4rken. Entsendet werden wir Freiwilligen dann \u00fcber gepr\u00fcfte, zivilgesellschaftliche Organisationen \u2013 in meinem Fall \u201e<a href=\"https:\/\/www.donboscomission.de\/don-bosco\/\">Don Bosco<\/a>&nbsp;Volunteers\u201c.<\/p>\n\n\n\n<h3 class=\"wp-block-heading\">DU KANNST MICH UNTERST\u00dcTZEN!<\/h3>\n\n\n\n<p>W\u00e4hrend eines solchen Auslandsaufenthaltes fallen nat\u00fcrlich einige Kosten an. Das BMZ tr\u00e4gt davon 75%. Um sicherzustellen, dass das Hilfsprojekt auch in Zukunft Freiwilligendienste anbieten kann, bauen wir Freiwillige jeweils einen eigenen Unterst\u00fctzerkreis auf.<\/p>\n\n\n\n<p>Wenn du mein Engagement unterst\u00fctzen m\u00f6chtest, dann w\u00fcrde ich mich sehr \u00fcber eine kleine Spende freuen!&nbsp;<\/p>\n\n\n\n<p>Spenden geht entweder ganz schnell und unkompliziert \u00fcber folgenden Link:<\/p>\n\n\n\n<p><a href=\"https:\/\/www.donboscomission.de\/volontariat\/2022\/spenden\/mimmiinbenini\">https:\/\/www.donboscomission.de\/volontariat\/2022\/spenden\/<\/a><a href=\"https:\/\/www.donboscomission.de\/volontariat\/2022\/spenden\/mimmiinbenini\" target=\"_blank\" rel=\"noreferrer noopener\">mimmiinbenini<\/a><\/p>\n\n\n\n<p>Oder per \u00dcberweisung an folgendes Konto:<\/p>\n\n\n<div class=\"wp-block-image\">\n<figure class=\"aligncenter size-medium\"><img loading=\"lazy\" decoding=\"async\" width=\"300\" height=\"190\" src=\"https:\/\/blogs.donboscovolunteers.de\/mimmiinbenini\/wp-content\/uploads\/sites\/21653\/2022\/10\/B4E3237E-5BDC-43F0-9FDD-0311FECA7578-300x190.jpeg\" alt=\"\" class=\"wp-image-140\" srcset=\"https:\/\/blogs.donboscovolunteers.de\/mimmiinbenini\/wp-content\/uploads\/sites\/21653\/2022\/10\/B4E3237E-5BDC-43F0-9FDD-0311FECA7578-300x190.jpeg 300w, https:\/\/blogs.donboscovolunteers.de\/mimmiinbenini\/wp-content\/uploads\/sites\/21653\/2022\/10\/B4E3237E-5BDC-43F0-9FDD-0311FECA7578-1024x648.jpeg 1024w, https:\/\/blogs.donboscovolunteers.de\/mimmiinbenini\/wp-content\/uploads\/sites\/21653\/2022\/10\/B4E3237E-5BDC-43F0-9FDD-0311FECA7578-768x486.jpeg 768w, https:\/\/blogs.donboscovolunteers.de\/mimmiinbenini\/wp-content\/uploads\/sites\/21653\/2022\/10\/B4E3237E-5BDC-43F0-9FDD-0311FECA7578-1200x759.jpeg 1200w, https:\/\/blogs.donboscovolunteers.de\/mimmiinbenini\/wp-content\/uploads\/sites\/21653\/2022\/10\/B4E3237E-5BDC-43F0-9FDD-0311FECA7578.jpeg 1280w\" sizes=\"auto, (max-width: 300px) 100vw, 300px\" \/><\/figure>\n<\/div>\n\n\n<p>Bitte achte dabei darauf, den korrekten Verwendungszweck mit meinem Spendencode anzugeben, damit die Spende richtig zugeordnet werden kann.&nbsp;<\/p>\n\n\n\n<p>Wenn Du Deine Spende steuerlich absetzen m\u00f6chtest, dann schreibe einfach Deinen vollst\u00e4ndigen Namen und Deine Adresse zus\u00e4tzlich zu meinem Spendencode in den Verwendungszweck, um eine Spendenbescheinigung zu erhalten.<\/p>\n\n\n<div class=\"wp-block-image\">\n<figure class=\"aligncenter size-medium\"><img loading=\"lazy\" decoding=\"async\" width=\"300\" height=\"247\" src=\"https:\/\/blogs.donboscovolunteers.de\/mimmiinbenini\/wp-content\/uploads\/sites\/21653\/2022\/10\/D2CF18BA-715D-4BD4-BDA2-A96260DFC524-300x247.jpeg\" alt=\"\" class=\"wp-image-141\" srcset=\"https:\/\/blogs.donboscovolunteers.de\/mimmiinbenini\/wp-content\/uploads\/sites\/21653\/2022\/10\/D2CF18BA-715D-4BD4-BDA2-A96260DFC524-300x247.jpeg 300w, https:\/\/blogs.donboscovolunteers.de\/mimmiinbenini\/wp-content\/uploads\/sites\/21653\/2022\/10\/D2CF18BA-715D-4BD4-BDA2-A96260DFC524-1024x843.jpeg 1024w, https:\/\/blogs.donboscovolunteers.de\/mimmiinbenini\/wp-content\/uploads\/sites\/21653\/2022\/10\/D2CF18BA-715D-4BD4-BDA2-A96260DFC524-768x632.jpeg 768w, https:\/\/blogs.donboscovolunteers.de\/mimmiinbenini\/wp-content\/uploads\/sites\/21653\/2022\/10\/D2CF18BA-715D-4BD4-BDA2-A96260DFC524-1200x988.jpeg 1200w, https:\/\/blogs.donboscovolunteers.de\/mimmiinbenini\/wp-content\/uploads\/sites\/21653\/2022\/10\/D2CF18BA-715D-4BD4-BDA2-A96260DFC524.jpeg 1280w\" sizes=\"auto, (max-width: 300px) 100vw, 300px\" \/><\/figure>\n<\/div>","protected":false},"excerpt":{"rendered":"<p>ICH GEHE WELTW\u00c4RTS! Das hei\u00dft: Ich mache einen entwicklungspolitischen&nbsp;<a href=\"https:\/\/www.donboscovolunteers.de\/\">Freiwilligendienst<\/a>&nbsp;im Ausland, der \u00fcber das Programm&nbsp;\u201eweltw\u00e4rts\u201c&nbsp;l\u00e4uft. Dieses staatlich gef\u00f6rderte Programm wurde vom Bundesministerium f\u00fcr wirtschaftliche Zusammenarbeit und Entwicklung (BMZ) ins Leben gerufen. Ziel ist es, junge Menschen in die Welt zu schicken, um das Globale Lernen und die internationale Solidarit\u00e4t zu st\u00e4rken. Entsendet werden wir Freiwilligen dann [&hellip;]<\/p>\n","protected":false},"author":21745,"featured_media":0,"parent":0,"menu_order":0,"comment_status":"closed","ping_status":"closed","template":"","meta":{"footnotes":""},"class_list":["post-139","page","type-page","status-publish","hentry"],"yoast_head":"<!-- This site is optimized with the Yoast SEO plugin v25.3.1 - https:\/\/yoast.com\/wordpress\/plugins\/seo\/ -->\n<title>Spenden - Mimmi in Benini<\/title>\n<meta name=\"description\" content=\"Hier erf\u00e4hrst du, wie du mich und meinen Freiwilligendienst finanziell unterst\u00fctzen kannst. Ich freue mich \u00fcber jede Spende!\" \/>\n<meta name=\"robots\" content=\"index, follow, max-snippet:-1, max-image-preview:large, max-video-preview:-1\" \/>\n<link rel=\"canonical\" href=\"https:\/\/blogs.donboscovolunteers.de\/mimmiinbenini\/spenden\/\" \/>\n<meta property=\"og:locale\" content=\"de_DE\" \/>\n<meta property=\"og:type\" content=\"article\" \/>\n<meta property=\"og:title\" content=\"Spenden - Mimmi in Benini\" \/>\n<meta property=\"og:description\" content=\"Hier erf\u00e4hrst du, wie du mich und meinen Freiwilligendienst finanziell unterst\u00fctzen kannst. Ich freue mich \u00fcber jede Spende!\" \/>\n<meta property=\"og:url\" content=\"https:\/\/blogs.donboscovolunteers.de\/mimmiinbenini\/spenden\/\" \/>\n<meta property=\"og:site_name\" content=\"Mimmi in Benini\" \/>\n<meta property=\"article:modified_time\" content=\"2022-10-09T16:32:39+00:00\" \/>\n<meta property=\"og:image\" content=\"https:\/\/blogs.donboscovolunteers.de\/mimmiinbenini\/wp-content\/uploads\/sites\/21653\/2022\/10\/B4E3237E-5BDC-43F0-9FDD-0311FECA7578-300x190.jpeg\" \/>\n<meta name=\"twitter:card\" content=\"summary_large_image\" \/>\n<meta name=\"twitter:label1\" content=\"Gesch\u00e4tzte Lesezeit\" \/>\n\t<meta name=\"twitter:data1\" content=\"2\u00a0Minuten\" \/>\n<script type=\"application\/ld+json\" class=\"yoast-schema-graph\">{\"@context\":\"https:\/\/schema.org\",\"@graph\":[{\"@type\":\"WebPage\",\"@id\":\"https:\/\/blogs.donboscovolunteers.de\/mimmiinbenini\/spenden\/\",\"url\":\"https:\/\/blogs.donboscovolunteers.de\/mimmiinbenini\/spenden\/\",\"name\":\"Spenden - Mimmi in Benini\",\"isPartOf\":{\"@id\":\"https:\/\/blogs.donboscovolunteers.de\/mimmiinbenini\/#website\"},\"primaryImageOfPage\":{\"@id\":\"https:\/\/blogs.donboscovolunteers.de\/mimmiinbenini\/spenden\/#primaryimage\"},\"image\":{\"@id\":\"https:\/\/blogs.donboscovolunteers.de\/mimmiinbenini\/spenden\/#primaryimage\"},\"thumbnailUrl\":\"https:\/\/blogs.donboscovolunteers.de\/mimmiinbenini\/wp-content\/uploads\/sites\/21653\/2022\/10\/B4E3237E-5BDC-43F0-9FDD-0311FECA7578-300x190.jpeg\",\"datePublished\":\"2022-10-09T16:32:38+00:00\",\"dateModified\":\"2022-10-09T16:32:39+00:00\",\"description\":\"Hier erf\u00e4hrst du, wie du mich und meinen Freiwilligendienst finanziell unterst\u00fctzen kannst. Ich freue mich \u00fcber jede Spende!\",\"breadcrumb\":{\"@id\":\"https:\/\/blogs.donboscovolunteers.de\/mimmiinbenini\/spenden\/#breadcrumb\"},\"inLanguage\":\"de\",\"potentialAction\":[{\"@type\":\"ReadAction\",\"target\":[\"https:\/\/blogs.donboscovolunteers.de\/mimmiinbenini\/spenden\/\"]}]},{\"@type\":\"ImageObject\",\"inLanguage\":\"de\",\"@id\":\"https:\/\/blogs.donboscovolunteers.de\/mimmiinbenini\/spenden\/#primaryimage\",\"url\":\"https:\/\/blogs.donboscovolunteers.de\/mimmiinbenini\/wp-content\/uploads\/sites\/21653\/2022\/10\/B4E3237E-5BDC-43F0-9FDD-0311FECA7578.jpeg\",\"contentUrl\":\"https:\/\/blogs.donboscovolunteers.de\/mimmiinbenini\/wp-content\/uploads\/sites\/21653\/2022\/10\/B4E3237E-5BDC-43F0-9FDD-0311FECA7578.jpeg\",\"width\":1280,\"height\":810},{\"@type\":\"BreadcrumbList\",\"@id\":\"https:\/\/blogs.donboscovolunteers.de\/mimmiinbenini\/spenden\/#breadcrumb\",\"itemListElement\":[{\"@type\":\"ListItem\",\"position\":1,\"name\":\"Startseite\",\"item\":\"https:\/\/blogs.donboscovolunteers.de\/mimmiinbenini\/\"},{\"@type\":\"ListItem\",\"position\":2,\"name\":\"Spenden\"}]},{\"@type\":\"WebSite\",\"@id\":\"https:\/\/blogs.donboscovolunteers.de\/mimmiinbenini\/#website\",\"url\":\"https:\/\/blogs.donboscovolunteers.de\/mimmiinbenini\/\",\"name\":\"Mimmi in Benini\",\"description\":\"(M)ein Jahr in Benin\",\"potentialAction\":[{\"@type\":\"SearchAction\",\"target\":{\"@type\":\"EntryPoint\",\"urlTemplate\":\"https:\/\/blogs.donboscovolunteers.de\/mimmiinbenini\/?s={search_term_string}\"},\"query-input\":{\"@type\":\"PropertyValueSpecification\",\"valueRequired\":true,\"valueName\":\"search_term_string\"}}],\"inLanguage\":\"de\"}]}<\/script>\n<!-- \/ Yoast SEO plugin. -->","yoast_head_json":{"title":"Spenden - Mimmi in Benini","description":"Hier erf\u00e4hrst du, wie du mich und meinen Freiwilligendienst finanziell unterst\u00fctzen kannst. Ich freue mich \u00fcber jede Spende!","robots":{"index":"index","follow":"follow","max-snippet":"max-snippet:-1","max-image-preview":"max-image-preview:large","max-video-preview":"max-video-preview:-1"},"canonical":"https:\/\/blogs.donboscovolunteers.de\/mimmiinbenini\/spenden\/","og_locale":"de_DE","og_type":"article","og_title":"Spenden - Mimmi in Benini","og_description":"Hier erf\u00e4hrst du, wie du mich und meinen Freiwilligendienst finanziell unterst\u00fctzen kannst. Ich freue mich \u00fcber jede Spende!","og_url":"https:\/\/blogs.donboscovolunteers.de\/mimmiinbenini\/spenden\/","og_site_name":"Mimmi in Benini","article_modified_time":"2022-10-09T16:32:39+00:00","og_image":[{"url":"https:\/\/blogs.donboscovolunteers.de\/mimmiinbenini\/wp-content\/uploads\/sites\/21653\/2022\/10\/B4E3237E-5BDC-43F0-9FDD-0311FECA7578-300x190.jpeg","type":"","width":"","height":""}],"twitter_card":"summary_large_image","twitter_misc":{"Gesch\u00e4tzte Lesezeit":"2\u00a0Minuten"},"schema":{"@context":"https:\/\/schema.org","@graph":[{"@type":"WebPage","@id":"https:\/\/blogs.donboscovolunteers.de\/mimmiinbenini\/spenden\/","url":"https:\/\/blogs.donboscovolunteers.de\/mimmiinbenini\/spenden\/","name":"Spenden - Mimmi in Benini","isPartOf":{"@id":"https:\/\/blogs.donboscovolunteers.de\/mimmiinbenini\/#website"},"primaryImageOfPage":{"@id":"https:\/\/blogs.donboscovolunteers.de\/mimmiinbenini\/spenden\/#primaryimage"},"image":{"@id":"https:\/\/blogs.donboscovolunteers.de\/mimmiinbenini\/spenden\/#primaryimage"},"thumbnailUrl":"https:\/\/blogs.donboscovolunteers.de\/mimmiinbenini\/wp-content\/uploads\/sites\/21653\/2022\/10\/B4E3237E-5BDC-43F0-9FDD-0311FECA7578-300x190.jpeg","datePublished":"2022-10-09T16:32:38+00:00","dateModified":"2022-10-09T16:32:39+00:00","description":"Hier erf\u00e4hrst du, wie du mich und meinen Freiwilligendienst finanziell unterst\u00fctzen kannst. Ich freue mich \u00fcber jede Spende!","breadcrumb":{"@id":"https:\/\/blogs.donboscovolunteers.de\/mimmiinbenini\/spenden\/#breadcrumb"},"inLanguage":"de","potentialAction":[{"@type":"ReadAction","target":["https:\/\/blogs.donboscovolunteers.de\/mimmiinbenini\/spenden\/"]}]},{"@type":"ImageObject","inLanguage":"de","@id":"https:\/\/blogs.donboscovolunteers.de\/mimmiinbenini\/spenden\/#primaryimage","url":"https:\/\/blogs.donboscovolunteers.de\/mimmiinbenini\/wp-content\/uploads\/sites\/21653\/2022\/10\/B4E3237E-5BDC-43F0-9FDD-0311FECA7578.jpeg","contentUrl":"https:\/\/blogs.donboscovolunteers.de\/mimmiinbenini\/wp-content\/uploads\/sites\/21653\/2022\/10\/B4E3237E-5BDC-43F0-9FDD-0311FECA7578.jpeg","width":1280,"height":810},{"@type":"BreadcrumbList","@id":"https:\/\/blogs.donboscovolunteers.de\/mimmiinbenini\/spenden\/#breadcrumb","itemListElement":[{"@type":"ListItem","position":1,"name":"Startseite","item":"https:\/\/blogs.donboscovolunteers.de\/mimmiinbenini\/"},{"@type":"ListItem","position":2,"name":"Spenden"}]},{"@type":"WebSite","@id":"https:\/\/blogs.donboscovolunteers.de\/mimmiinbenini\/#website","url":"https:\/\/blogs.donboscovolunteers.de\/mimmiinbenini\/","name":"Mimmi in Benini","description":"(M)ein Jahr in Benin","potentialAction":[{"@type":"SearchAction","target":{"@type":"EntryPoint","urlTemplate":"https:\/\/blogs.donboscovolunteers.de\/mimmiinbenini\/?s={search_term_string}"},"query-input":{"@type":"PropertyValueSpecification","valueRequired":true,"valueName":"search_term_string"}}],"inLanguage":"de"}]}},"_links":{"self":[{"href":"https:\/\/blogs.donboscovolunteers.de\/mimmiinbenini\/wp-json\/wp\/v2\/pages\/139","targetHints":{"allow":["GET"]}}],"collection":[{"href":"https:\/\/blogs.donboscovolunteers.de\/mimmiinbenini\/wp-json\/wp\/v2\/pages"}],"about":[{"href":"https:\/\/blogs.donboscovolunteers.de\/mimmiinbenini\/wp-json\/wp\/v2\/types\/page"}],"author":[{"embeddable":true,"href":"https:\/\/blogs.donboscovolunteers.de\/mimmiinbenini\/wp-json\/wp\/v2\/users\/21745"}],"replies":[{"embeddable":true,"href":"https:\/\/blogs.donboscovolunteers.de\/mimmiinbenini\/wp-json\/wp\/v2\/comments?post=139"}],"version-history":[{"count":2,"href":"https:\/\/blogs.donboscovolunteers.de\/mimmiinbenini\/wp-json\/wp\/v2\/pages\/139\/revisions"}],"predecessor-version":[{"id":143,"href":"https:\/\/blogs.donboscovolunteers.de\/mimmiinbenini\/wp-json\/wp\/v2\/pages\/139\/revisions\/143"}],"wp:attachment":[{"href":"https:\/\/blogs.donboscovolunteers.de\/mimmiinbenini\/wp-json\/wp\/v2\/media?parent=139"}],"curies":[{"name":"wp","href":"https:\/\/api.w.org\/{rel}","templated":true}]}}