{"id":4,"date":"2024-07-27T19:19:05","date_gmt":"2024-07-27T17:19:05","guid":{"rendered":"https:\/\/blogs.donboscovolunteers.de\/milaentdecktindien\/about-2\/"},"modified":"2025-04-05T16:09:02","modified_gmt":"2025-04-05T14:09:02","slug":"about-2","status":"publish","type":"page","link":"https:\/\/blogs.donboscovolunteers.de\/milaentdecktindien\/about-2\/","title":{"rendered":"Spenden"},"content":{"rendered":"<p>Unser <a href=\"https:\/\/www.donboscovolunteers.de\/\">Freiwilligendienst<\/a> wird zu 75% von Weltw\u00e4rts getragen. Die restlichen 25% m\u00fcssen wir durch einen Spendenkreis sammeln. Es w\u00fcrde mich riesig freuen, wenn du meine Arbeit unterst\u00fctzt und somit auch die wichtige Arbeit Don Boscos.<\/p>\n<p>Wenn du spenden m\u00f6chtet, kannst du das auf folgendes Konto tun:<\/p>\n<p><strong><a href=\"https:\/\/www.donboscomission.de\/don-bosco\/\">DON BOSCO<\/a> MISSION<br \/>\nLIGA BANK M\u00dcNCHEN<br \/>\nIBAN: DE66 7509 0300 0102 1418 76<br \/>\nBIC: GENODEF1M05<br \/>\nVERWENDUNGSZWECK: Mila Metten S24VB015<br \/>\n<\/strong><\/p>\n<p>(Dir wird eine Spendenbescheinigung zugeschickt, wenn du im Verwendungszweck zus\u00e4tzlich deine Adresse angibst.)<\/p>\n<p>Vielen Dank f\u00fcr deine Unterst\u00fctzung! \ud83e\udd70<\/p>\n","protected":false},"excerpt":{"rendered":"<p>Unser <a href=\"https:\/\/www.donboscovolunteers.de\/\">Freiwilligendienst<\/a> wird zu 75% von Weltw\u00e4rts getragen. Die restlichen 25% m\u00fcssen wir durch einen Spendenkreis sammeln. Es w\u00fcrde mich riesig freuen, wenn du meine Arbeit unterst\u00fctzt und somit auch die wichtige Arbeit Don Boscos. Wenn du spenden m\u00f6chtet, kannst du das auf folgendes Konto tun: <a href=\"https:\/\/www.donboscomission.de\/don-bosco\/\">DON BOSCO<\/a> MISSION LIGA BANK M\u00dcNCHEN IBAN: DE66 7509 [&hellip;]<\/p>\n","protected":false},"author":1,"featured_media":368,"parent":0,"menu_order":1,"comment_status":"closed","ping_status":"closed","template":"","meta":{"footnotes":""},"class_list":["post-4","page","type-page","status-publish","has-post-thumbnail","hentry"],"yoast_head":"<!-- This site is optimized with the Yoast SEO plugin v25.3.1 - https:\/\/yoast.com\/wordpress\/plugins\/seo\/ -->\n<title>Spenden - Mila entdeckt Indien!<\/title>\n<meta name=\"robots\" content=\"index, follow, max-snippet:-1, max-image-preview:large, max-video-preview:-1\" \/>\n<link rel=\"canonical\" href=\"https:\/\/blogs.donboscovolunteers.de\/milaentdecktindien\/about-2\/\" \/>\n<meta property=\"og:locale\" content=\"de_DE\" \/>\n<meta property=\"og:type\" content=\"article\" \/>\n<meta property=\"og:title\" content=\"Spenden - Mila entdeckt Indien!\" \/>\n<meta property=\"og:description\" content=\"Unser Freiwilligendienst wird zu 75% von Weltw\u00e4rts getragen. Die restlichen 25% m\u00fcssen wir durch einen Spendenkreis sammeln. Es w\u00fcrde mich riesig freuen, wenn du meine Arbeit unterst\u00fctzt und somit auch die wichtige Arbeit Don Boscos. Wenn du spenden m\u00f6chtet, kannst du das auf folgendes Konto tun: DON BOSCO MISSION LIGA BANK M\u00dcNCHEN IBAN: DE66 7509 [&hellip;]\" \/>\n<meta property=\"og:url\" content=\"https:\/\/blogs.donboscovolunteers.de\/milaentdecktindien\/about-2\/\" \/>\n<meta property=\"og:site_name\" content=\"Mila entdeckt Indien!\" \/>\n<meta property=\"article:modified_time\" content=\"2025-04-05T14:09:02+00:00\" \/>\n<meta property=\"og:image\" content=\"https:\/\/blogs.donboscovolunteers.de\/milaentdecktindien\/wp-content\/uploads\/sites\/21717\/2025\/04\/IMG_7653-e1743862137490.jpeg\" \/>\n\t<meta property=\"og:image:width\" content=\"960\" \/>\n\t<meta property=\"og:image:height\" content=\"444\" \/>\n\t<meta property=\"og:image:type\" content=\"image\/jpeg\" \/>\n<meta name=\"twitter:card\" content=\"summary_large_image\" \/>\n<meta name=\"twitter:label1\" content=\"Gesch\u00e4tzte Lesezeit\" \/>\n\t<meta name=\"twitter:data1\" content=\"1\u00a0Minute\" \/>\n<script type=\"application\/ld+json\" class=\"yoast-schema-graph\">{\"@context\":\"https:\/\/schema.org\",\"@graph\":[{\"@type\":\"WebPage\",\"@id\":\"https:\/\/blogs.donboscovolunteers.de\/milaentdecktindien\/about-2\/\",\"url\":\"https:\/\/blogs.donboscovolunteers.de\/milaentdecktindien\/about-2\/\",\"name\":\"Spenden - Mila entdeckt Indien!\",\"isPartOf\":{\"@id\":\"https:\/\/blogs.donboscovolunteers.de\/milaentdecktindien\/#website\"},\"primaryImageOfPage\":{\"@id\":\"https:\/\/blogs.donboscovolunteers.de\/milaentdecktindien\/about-2\/#primaryimage\"},\"image\":{\"@id\":\"https:\/\/blogs.donboscovolunteers.de\/milaentdecktindien\/about-2\/#primaryimage\"},\"thumbnailUrl\":\"https:\/\/blogs.donboscovolunteers.de\/milaentdecktindien\/wp-content\/uploads\/sites\/21717\/2025\/04\/IMG_7653-e1743862137490.jpeg\",\"datePublished\":\"2024-07-27T17:19:05+00:00\",\"dateModified\":\"2025-04-05T14:09:02+00:00\",\"breadcrumb\":{\"@id\":\"https:\/\/blogs.donboscovolunteers.de\/milaentdecktindien\/about-2\/#breadcrumb\"},\"inLanguage\":\"de\",\"potentialAction\":[{\"@type\":\"ReadAction\",\"target\":[\"https:\/\/blogs.donboscovolunteers.de\/milaentdecktindien\/about-2\/\"]}]},{\"@type\":\"ImageObject\",\"inLanguage\":\"de\",\"@id\":\"https:\/\/blogs.donboscovolunteers.de\/milaentdecktindien\/about-2\/#primaryimage\",\"url\":\"https:\/\/blogs.donboscovolunteers.de\/milaentdecktindien\/wp-content\/uploads\/sites\/21717\/2025\/04\/IMG_7653-e1743862137490.jpeg\",\"contentUrl\":\"https:\/\/blogs.donboscovolunteers.de\/milaentdecktindien\/wp-content\/uploads\/sites\/21717\/2025\/04\/IMG_7653-e1743862137490.jpeg\",\"width\":960,\"height\":444},{\"@type\":\"BreadcrumbList\",\"@id\":\"https:\/\/blogs.donboscovolunteers.de\/milaentdecktindien\/about-2\/#breadcrumb\",\"itemListElement\":[{\"@type\":\"ListItem\",\"position\":1,\"name\":\"Startseite\",\"item\":\"https:\/\/blogs.donboscovolunteers.de\/milaentdecktindien\/\"},{\"@type\":\"ListItem\",\"position\":2,\"name\":\"Spenden\"}]},{\"@type\":\"WebSite\",\"@id\":\"https:\/\/blogs.donboscovolunteers.de\/milaentdecktindien\/#website\",\"url\":\"https:\/\/blogs.donboscovolunteers.de\/milaentdecktindien\/\",\"name\":\"Mila entdeckt Indien!\",\"description\":\"\",\"potentialAction\":[{\"@type\":\"SearchAction\",\"target\":{\"@type\":\"EntryPoint\",\"urlTemplate\":\"https:\/\/blogs.donboscovolunteers.de\/milaentdecktindien\/?s={search_term_string}\"},\"query-input\":{\"@type\":\"PropertyValueSpecification\",\"valueRequired\":true,\"valueName\":\"search_term_string\"}}],\"inLanguage\":\"de\"}]}<\/script>\n<!-- \/ Yoast SEO plugin. -->","yoast_head_json":{"title":"Spenden - Mila entdeckt Indien!","robots":{"index":"index","follow":"follow","max-snippet":"max-snippet:-1","max-image-preview":"max-image-preview:large","max-video-preview":"max-video-preview:-1"},"canonical":"https:\/\/blogs.donboscovolunteers.de\/milaentdecktindien\/about-2\/","og_locale":"de_DE","og_type":"article","og_title":"Spenden - Mila entdeckt Indien!","og_description":"Unser Freiwilligendienst wird zu 75% von Weltw\u00e4rts getragen. Die restlichen 25% m\u00fcssen wir durch einen Spendenkreis sammeln. Es w\u00fcrde mich riesig freuen, wenn du meine Arbeit unterst\u00fctzt und somit auch die wichtige Arbeit Don Boscos. Wenn du spenden m\u00f6chtet, kannst du das auf folgendes Konto tun: DON BOSCO MISSION LIGA BANK M\u00dcNCHEN IBAN: DE66 7509 [&hellip;]","og_url":"https:\/\/blogs.donboscovolunteers.de\/milaentdecktindien\/about-2\/","og_site_name":"Mila entdeckt Indien!","article_modified_time":"2025-04-05T14:09:02+00:00","og_image":[{"width":960,"height":444,"url":"https:\/\/blogs.donboscovolunteers.de\/milaentdecktindien\/wp-content\/uploads\/sites\/21717\/2025\/04\/IMG_7653-e1743862137490.jpeg","type":"image\/jpeg"}],"twitter_card":"summary_large_image","twitter_misc":{"Gesch\u00e4tzte Lesezeit":"1\u00a0Minute"},"schema":{"@context":"https:\/\/schema.org","@graph":[{"@type":"WebPage","@id":"https:\/\/blogs.donboscovolunteers.de\/milaentdecktindien\/about-2\/","url":"https:\/\/blogs.donboscovolunteers.de\/milaentdecktindien\/about-2\/","name":"Spenden - Mila entdeckt Indien!","isPartOf":{"@id":"https:\/\/blogs.donboscovolunteers.de\/milaentdecktindien\/#website"},"primaryImageOfPage":{"@id":"https:\/\/blogs.donboscovolunteers.de\/milaentdecktindien\/about-2\/#primaryimage"},"image":{"@id":"https:\/\/blogs.donboscovolunteers.de\/milaentdecktindien\/about-2\/#primaryimage"},"thumbnailUrl":"https:\/\/blogs.donboscovolunteers.de\/milaentdecktindien\/wp-content\/uploads\/sites\/21717\/2025\/04\/IMG_7653-e1743862137490.jpeg","datePublished":"2024-07-27T17:19:05+00:00","dateModified":"2025-04-05T14:09:02+00:00","breadcrumb":{"@id":"https:\/\/blogs.donboscovolunteers.de\/milaentdecktindien\/about-2\/#breadcrumb"},"inLanguage":"de","potentialAction":[{"@type":"ReadAction","target":["https:\/\/blogs.donboscovolunteers.de\/milaentdecktindien\/about-2\/"]}]},{"@type":"ImageObject","inLanguage":"de","@id":"https:\/\/blogs.donboscovolunteers.de\/milaentdecktindien\/about-2\/#primaryimage","url":"https:\/\/blogs.donboscovolunteers.de\/milaentdecktindien\/wp-content\/uploads\/sites\/21717\/2025\/04\/IMG_7653-e1743862137490.jpeg","contentUrl":"https:\/\/blogs.donboscovolunteers.de\/milaentdecktindien\/wp-content\/uploads\/sites\/21717\/2025\/04\/IMG_7653-e1743862137490.jpeg","width":960,"height":444},{"@type":"BreadcrumbList","@id":"https:\/\/blogs.donboscovolunteers.de\/milaentdecktindien\/about-2\/#breadcrumb","itemListElement":[{"@type":"ListItem","position":1,"name":"Startseite","item":"https:\/\/blogs.donboscovolunteers.de\/milaentdecktindien\/"},{"@type":"ListItem","position":2,"name":"Spenden"}]},{"@type":"WebSite","@id":"https:\/\/blogs.donboscovolunteers.de\/milaentdecktindien\/#website","url":"https:\/\/blogs.donboscovolunteers.de\/milaentdecktindien\/","name":"Mila entdeckt Indien!","description":"","potentialAction":[{"@type":"SearchAction","target":{"@type":"EntryPoint","urlTemplate":"https:\/\/blogs.donboscovolunteers.de\/milaentdecktindien\/?s={search_term_string}"},"query-input":{"@type":"PropertyValueSpecification","valueRequired":true,"valueName":"search_term_string"}}],"inLanguage":"de"}]}},"_links":{"self":[{"href":"https:\/\/blogs.donboscovolunteers.de\/milaentdecktindien\/wp-json\/wp\/v2\/pages\/4","targetHints":{"allow":["GET"]}}],"collection":[{"href":"https:\/\/blogs.donboscovolunteers.de\/milaentdecktindien\/wp-json\/wp\/v2\/pages"}],"about":[{"href":"https:\/\/blogs.donboscovolunteers.de\/milaentdecktindien\/wp-json\/wp\/v2\/types\/page"}],"author":[{"embeddable":true,"href":"https:\/\/blogs.donboscovolunteers.de\/milaentdecktindien\/wp-json\/wp\/v2\/users\/1"}],"replies":[{"embeddable":true,"href":"https:\/\/blogs.donboscovolunteers.de\/milaentdecktindien\/wp-json\/wp\/v2\/comments?post=4"}],"version-history":[{"count":5,"href":"https:\/\/blogs.donboscovolunteers.de\/milaentdecktindien\/wp-json\/wp\/v2\/pages\/4\/revisions"}],"predecessor-version":[{"id":331,"href":"https:\/\/blogs.donboscovolunteers.de\/milaentdecktindien\/wp-json\/wp\/v2\/pages\/4\/revisions\/331"}],"wp:featuredmedia":[{"embeddable":true,"href":"https:\/\/blogs.donboscovolunteers.de\/milaentdecktindien\/wp-json\/wp\/v2\/media\/368"}],"wp:attachment":[{"href":"https:\/\/blogs.donboscovolunteers.de\/milaentdecktindien\/wp-json\/wp\/v2\/media?parent=4"}],"curies":[{"name":"wp","href":"https:\/\/api.w.org\/{rel}","templated":true}]}}