{"id":328,"date":"2025-04-06T08:42:25","date_gmt":"2025-04-06T06:42:25","guid":{"rendered":"https:\/\/blogs.donboscovolunteers.de\/milaentdecktindien\/?page_id=328"},"modified":"2025-04-06T08:42:25","modified_gmt":"2025-04-06T06:42:25","slug":"mein-projekt-don-bosco-sayal","status":"publish","type":"page","link":"https:\/\/blogs.donboscovolunteers.de\/milaentdecktindien\/mein-projekt-don-bosco-sayal\/","title":{"rendered":"Mein Projekt &#8211; Don Bosco SAYAL"},"content":{"rendered":"<div class=\"wp-block-image\">\n<figure class=\"alignright size-full is-resized\"><img loading=\"lazy\" decoding=\"async\" width=\"868\" height=\"868\" src=\"https:\/\/blogs.donboscovolunteers.de\/milaentdecktindien\/wp-content\/uploads\/sites\/21717\/2025\/04\/IMG_1945-2-edited.jpeg\" alt=\"\" class=\"wp-image-336\" style=\"width:250px;height:auto\" srcset=\"https:\/\/blogs.donboscovolunteers.de\/milaentdecktindien\/wp-content\/uploads\/sites\/21717\/2025\/04\/IMG_1945-2-edited.jpeg 868w, https:\/\/blogs.donboscovolunteers.de\/milaentdecktindien\/wp-content\/uploads\/sites\/21717\/2025\/04\/IMG_1945-2-edited-300x300.jpeg 300w, https:\/\/blogs.donboscovolunteers.de\/milaentdecktindien\/wp-content\/uploads\/sites\/21717\/2025\/04\/IMG_1945-2-edited-150x150.jpeg 150w, https:\/\/blogs.donboscovolunteers.de\/milaentdecktindien\/wp-content\/uploads\/sites\/21717\/2025\/04\/IMG_1945-2-edited-768x768.jpeg 768w, https:\/\/blogs.donboscovolunteers.de\/milaentdecktindien\/wp-content\/uploads\/sites\/21717\/2025\/04\/IMG_1945-2-edited-88x88.jpeg 88w\" sizes=\"auto, (max-width: 868px) 100vw, 868px\" \/><\/figure>\n<\/div>\n\n\n<figure class=\"wp-block-image size-large is-resized\"><img loading=\"lazy\" decoding=\"async\" width=\"1258\" height=\"644\" src=\"https:\/\/blogs.donboscovolunteers.de\/milaentdecktindien\/wp-content\/uploads\/sites\/21717\/2025\/04\/IMG_8583-2-edited.jpeg\" alt=\"\" class=\"wp-image-353\" style=\"width:326px;height:auto\" srcset=\"https:\/\/blogs.donboscovolunteers.de\/milaentdecktindien\/wp-content\/uploads\/sites\/21717\/2025\/04\/IMG_8583-2-edited.jpeg 1258w, https:\/\/blogs.donboscovolunteers.de\/milaentdecktindien\/wp-content\/uploads\/sites\/21717\/2025\/04\/IMG_8583-2-edited-300x154.jpeg 300w, https:\/\/blogs.donboscovolunteers.de\/milaentdecktindien\/wp-content\/uploads\/sites\/21717\/2025\/04\/IMG_8583-2-edited-1024x524.jpeg 1024w, https:\/\/blogs.donboscovolunteers.de\/milaentdecktindien\/wp-content\/uploads\/sites\/21717\/2025\/04\/IMG_8583-2-edited-768x393.jpeg 768w, https:\/\/blogs.donboscovolunteers.de\/milaentdecktindien\/wp-content\/uploads\/sites\/21717\/2025\/04\/IMG_8583-2-edited-900x461.jpeg 900w\" sizes=\"auto, (max-width: 1258px) 100vw, 1258px\" \/><\/figure>\n\n\n\n<p><a href=\"https:\/\/www.donboscomission.de\/don-bosco\/\">Don Bosco<\/a> Sayal besteht aus der Don Bosco School of Excellence (DBSE) und dem SAYAL Reach-Out-Programme.<\/p>\n\n\n\n<p>Die DBSE geht von Kindergarten \u00fcber Primary School (Grundschule) bis zur Secondary School (weiterf\u00fchrende Schule). Ab Juni gibt es das erste Mal eine 12. Klasse und somit Abschlussklasse (mit sechs Sch\u00fclern), da die Schule erst 2016 er\u00f6ffnet wurde. Die Schulen in <a href=\"https:\/\/strassenkinder.de\/laender\/asien\/inden\/\">Indien<\/a> lassen sich in mehrere Kategorien unterteilen:<\/p>\n\n\n\n<p>1) Staatlich vs. Privat<\/p>\n\n\n\n<p>2) \u201eEnglish Medium\u201c (kompletter Unterricht auf Englisch, bis auf Tamil) vs. \u201eTamil Medium\u201c (Unterricht auf Tamil)<\/p>\n\n\n\n<p>3) CBSE vs. nicht CBSE (Central Board of Secondary Education)<\/p>\n\n\n\n<p>Die Schule in Sayalgudi ist eine Privat-, \u201eEnglish-Medium-\u201c und \u201eCBSE-\u201c Schule. CBSE-Schulen werden nicht wie die restlichen Schulen von den Bundesstaaten verwaltet, sondern von der indischen Regierung zentral aus Delhi. An diesen Schulen ist das Niveau h\u00f6her und soll den Sch\u00fcler*innen so sp\u00e4ter bessere Chancen auf Jobs bieten. Sayalgudi liegt sehr l\u00e4ndlich und durch die Schule wird den Kindern, die in dieser l\u00e4ndlichen Umgebung leben, ein Zugang zu hochwertiger Bildung geboten.<\/p>\n\n\n\n<p>Die meiste unserer Zeit verbringen Lea und ich an der Schule. Hier unterrichten wir in den Klassenstufen 3 bis 8 (manchmal auch 1 und 2) \u201espoken english\u201c, geben Reading Practice und bringen den Kindern auch ein paar deutsche W\u00f6rter bei. Freitagnachmittags finden immer Extracurricular Activities statt. Es gibt verschiedene Sportangebote oder auch Kochen, Singen und Malen. Lea und ich unterst\u00fctzen, wo n\u00f6tig, und schauen \u00fcberall mal vorbei.<\/p>\n\n\n\n<p>Website der Schule: <a href=\"https:\/\/donboscocbsesayal.com\">https:\/\/donboscocbsesayal.com<\/a><\/p>\n\n\n\n<p>Zu dem SAYAL Reach-Out-Programm geh\u00f6ren u.a. 32 Abendschulen f\u00fcr Kinder aus einkommensschwachen Familien, die diesen kostenlose Hausaufgabenbetreuung anbieten. Die sogenannten \u201enight schools\u201c befinden sich in Sayalgudi und umliegenden D\u00f6rfern und werden von Lehrer*innen betreut. Uns ist freigestellt, wie oft in der Woche wir diese besuchen. Vor Ort unterst\u00fctzen wir die anwesende Lehrkraft, indem wir den Kindern bei ihren Hausaufgaben oder beim Lernen helfen. Wenn die Hausaufgaben erledigt sind, k\u00f6nnen wir uns mit den Kindern unterhalten \u2013 soweit es die Sprachbarriere zul\u00e4sst, denn die Kinder hier k\u00f6nnen nur sehr wenig Englisch sprechen \u2013 oder spielen auch Spiele.<\/p>\n\n\n\n<figure class=\"wp-block-gallery has-nested-images columns-default is-cropped wp-block-gallery-1 is-layout-flex wp-block-gallery-is-layout-flex\">\n<figure class=\"wp-block-image size-large\"><img loading=\"lazy\" decoding=\"async\" width=\"768\" height=\"1024\" data-id=\"338\" src=\"https:\/\/blogs.donboscovolunteers.de\/milaentdecktindien\/wp-content\/uploads\/sites\/21717\/2025\/04\/IMG_0276-768x1024.jpeg\" alt=\"\" class=\"wp-image-338\" srcset=\"https:\/\/blogs.donboscovolunteers.de\/milaentdecktindien\/wp-content\/uploads\/sites\/21717\/2025\/04\/IMG_0276-768x1024.jpeg 768w, https:\/\/blogs.donboscovolunteers.de\/milaentdecktindien\/wp-content\/uploads\/sites\/21717\/2025\/04\/IMG_0276-225x300.jpeg 225w, https:\/\/blogs.donboscovolunteers.de\/milaentdecktindien\/wp-content\/uploads\/sites\/21717\/2025\/04\/IMG_0276-900x1200.jpeg 900w, https:\/\/blogs.donboscovolunteers.de\/milaentdecktindien\/wp-content\/uploads\/sites\/21717\/2025\/04\/IMG_0276.jpeg 960w\" sizes=\"auto, (max-width: 768px) 100vw, 768px\" \/><figcaption class=\"wp-element-caption\">Eingang<\/figcaption><\/figure>\n\n\n\n<figure class=\"wp-block-image size-large\"><img loading=\"lazy\" decoding=\"async\" width=\"858\" height=\"1144\" data-id=\"342\" src=\"https:\/\/blogs.donboscovolunteers.de\/milaentdecktindien\/wp-content\/uploads\/sites\/21717\/2025\/04\/IMG_1126-edited.jpeg\" alt=\"\" class=\"wp-image-342\" srcset=\"https:\/\/blogs.donboscovolunteers.de\/milaentdecktindien\/wp-content\/uploads\/sites\/21717\/2025\/04\/IMG_1126-edited.jpeg 858w, https:\/\/blogs.donboscovolunteers.de\/milaentdecktindien\/wp-content\/uploads\/sites\/21717\/2025\/04\/IMG_1126-edited-225x300.jpeg 225w, https:\/\/blogs.donboscovolunteers.de\/milaentdecktindien\/wp-content\/uploads\/sites\/21717\/2025\/04\/IMG_1126-edited-768x1024.jpeg 768w\" sizes=\"auto, (max-width: 858px) 100vw, 858px\" \/><figcaption class=\"wp-element-caption\">Innenhof<\/figcaption><\/figure>\n\n\n\n<figure class=\"wp-block-image size-large\"><img loading=\"lazy\" decoding=\"async\" width=\"768\" height=\"1024\" data-id=\"337\" src=\"https:\/\/blogs.donboscovolunteers.de\/milaentdecktindien\/wp-content\/uploads\/sites\/21717\/2025\/04\/IMG_1227-768x1024.jpeg\" alt=\"\" class=\"wp-image-337\" srcset=\"https:\/\/blogs.donboscovolunteers.de\/milaentdecktindien\/wp-content\/uploads\/sites\/21717\/2025\/04\/IMG_1227-768x1024.jpeg 768w, https:\/\/blogs.donboscovolunteers.de\/milaentdecktindien\/wp-content\/uploads\/sites\/21717\/2025\/04\/IMG_1227-225x300.jpeg 225w, https:\/\/blogs.donboscovolunteers.de\/milaentdecktindien\/wp-content\/uploads\/sites\/21717\/2025\/04\/IMG_1227-900x1200.jpeg 900w, https:\/\/blogs.donboscovolunteers.de\/milaentdecktindien\/wp-content\/uploads\/sites\/21717\/2025\/04\/IMG_1227.jpeg 960w\" sizes=\"auto, (max-width: 768px) 100vw, 768px\" \/><figcaption class=\"wp-element-caption\">Sportplatz<\/figcaption><\/figure>\n\n\n\n<figure class=\"wp-block-image size-large\"><img loading=\"lazy\" decoding=\"async\" width=\"768\" height=\"1024\" data-id=\"339\" src=\"https:\/\/blogs.donboscovolunteers.de\/milaentdecktindien\/wp-content\/uploads\/sites\/21717\/2025\/04\/IMG_1259-768x1024.jpeg\" alt=\"\" class=\"wp-image-339\" srcset=\"https:\/\/blogs.donboscovolunteers.de\/milaentdecktindien\/wp-content\/uploads\/sites\/21717\/2025\/04\/IMG_1259-768x1024.jpeg 768w, https:\/\/blogs.donboscovolunteers.de\/milaentdecktindien\/wp-content\/uploads\/sites\/21717\/2025\/04\/IMG_1259-225x300.jpeg 225w, https:\/\/blogs.donboscovolunteers.de\/milaentdecktindien\/wp-content\/uploads\/sites\/21717\/2025\/04\/IMG_1259-900x1200.jpeg 900w, https:\/\/blogs.donboscovolunteers.de\/milaentdecktindien\/wp-content\/uploads\/sites\/21717\/2025\/04\/IMG_1259.jpeg 960w\" sizes=\"auto, (max-width: 768px) 100vw, 768px\" \/><figcaption class=\"wp-element-caption\">Klassenzimmer<\/figcaption><\/figure>\n\n\n\n<figure class=\"wp-block-image size-large\"><img loading=\"lazy\" decoding=\"async\" width=\"768\" height=\"1024\" data-id=\"340\" src=\"https:\/\/blogs.donboscovolunteers.de\/milaentdecktindien\/wp-content\/uploads\/sites\/21717\/2025\/04\/IMG_6866-768x1024.jpeg\" alt=\"\" class=\"wp-image-340\" srcset=\"https:\/\/blogs.donboscovolunteers.de\/milaentdecktindien\/wp-content\/uploads\/sites\/21717\/2025\/04\/IMG_6866-768x1024.jpeg 768w, https:\/\/blogs.donboscovolunteers.de\/milaentdecktindien\/wp-content\/uploads\/sites\/21717\/2025\/04\/IMG_6866-225x300.jpeg 225w, https:\/\/blogs.donboscovolunteers.de\/milaentdecktindien\/wp-content\/uploads\/sites\/21717\/2025\/04\/IMG_6866-900x1200.jpeg 900w, https:\/\/blogs.donboscovolunteers.de\/milaentdecktindien\/wp-content\/uploads\/sites\/21717\/2025\/04\/IMG_6866.jpeg 960w\" sizes=\"auto, (max-width: 768px) 100vw, 768px\" \/><figcaption class=\"wp-element-caption\">fathers-Haus (hier haben auch Lea und ich unser Zimmer)<\/figcaption><\/figure>\n<\/figure>","protected":false},"excerpt":{"rendered":"<p><a href=\"https:\/\/www.donboscomission.de\/don-bosco\/\">Don Bosco<\/a> Sayal besteht aus der Don Bosco School of Excellence (DBSE) und dem SAYAL Reach-Out-Programme. Die DBSE geht von Kindergarten \u00fcber Primary School (Grundschule) bis zur Secondary School (weiterf\u00fchrende Schule). Ab Juni gibt es das erste Mal eine 12. Klasse und somit Abschlussklasse (mit sechs Sch\u00fclern), da die Schule erst 2016 er\u00f6ffnet wurde. Die [&hellip;]<\/p>\n","protected":false},"author":21831,"featured_media":369,"parent":0,"menu_order":0,"comment_status":"closed","ping_status":"closed","template":"","meta":{"footnotes":""},"class_list":["post-328","page","type-page","status-publish","has-post-thumbnail","hentry"],"yoast_head":"<!-- This site is optimized with the Yoast SEO plugin v25.3.1 - https:\/\/yoast.com\/wordpress\/plugins\/seo\/ -->\n<title>Mein Projekt - Don Bosco SAYAL - Mila entdeckt Indien!<\/title>\n<meta name=\"robots\" content=\"index, follow, max-snippet:-1, max-image-preview:large, max-video-preview:-1\" \/>\n<link rel=\"canonical\" href=\"https:\/\/blogs.donboscovolunteers.de\/milaentdecktindien\/mein-projekt-don-bosco-sayal\/\" \/>\n<meta property=\"og:locale\" content=\"de_DE\" \/>\n<meta property=\"og:type\" content=\"article\" \/>\n<meta property=\"og:title\" content=\"Mein Projekt - Don Bosco SAYAL - Mila entdeckt Indien!\" \/>\n<meta property=\"og:description\" content=\"Don Bosco Sayal besteht aus der Don Bosco School of Excellence (DBSE) und dem SAYAL Reach-Out-Programme. Die DBSE geht von Kindergarten \u00fcber Primary School (Grundschule) bis zur Secondary School (weiterf\u00fchrende Schule). Ab Juni gibt es das erste Mal eine 12. Klasse und somit Abschlussklasse (mit sechs Sch\u00fclern), da die Schule erst 2016 er\u00f6ffnet wurde. Die [&hellip;]\" \/>\n<meta property=\"og:url\" content=\"https:\/\/blogs.donboscovolunteers.de\/milaentdecktindien\/mein-projekt-don-bosco-sayal\/\" \/>\n<meta property=\"og:site_name\" content=\"Mila entdeckt Indien!\" \/>\n<meta property=\"og:image\" content=\"https:\/\/blogs.donboscovolunteers.de\/milaentdecktindien\/wp-content\/uploads\/sites\/21717\/2025\/04\/IMG_8605-e1743921290182.jpeg\" \/>\n\t<meta property=\"og:image:width\" content=\"1280\" \/>\n\t<meta property=\"og:image:height\" content=\"512\" \/>\n\t<meta property=\"og:image:type\" content=\"image\/jpeg\" \/>\n<meta name=\"twitter:card\" content=\"summary_large_image\" \/>\n<meta name=\"twitter:label1\" content=\"Gesch\u00e4tzte Lesezeit\" \/>\n\t<meta name=\"twitter:data1\" content=\"4\u00a0Minuten\" \/>\n<script type=\"application\/ld+json\" class=\"yoast-schema-graph\">{\"@context\":\"https:\/\/schema.org\",\"@graph\":[{\"@type\":\"WebPage\",\"@id\":\"https:\/\/blogs.donboscovolunteers.de\/milaentdecktindien\/mein-projekt-don-bosco-sayal\/\",\"url\":\"https:\/\/blogs.donboscovolunteers.de\/milaentdecktindien\/mein-projekt-don-bosco-sayal\/\",\"name\":\"Mein Projekt - Don Bosco SAYAL - Mila entdeckt Indien!\",\"isPartOf\":{\"@id\":\"https:\/\/blogs.donboscovolunteers.de\/milaentdecktindien\/#website\"},\"primaryImageOfPage\":{\"@id\":\"https:\/\/blogs.donboscovolunteers.de\/milaentdecktindien\/mein-projekt-don-bosco-sayal\/#primaryimage\"},\"image\":{\"@id\":\"https:\/\/blogs.donboscovolunteers.de\/milaentdecktindien\/mein-projekt-don-bosco-sayal\/#primaryimage\"},\"thumbnailUrl\":\"https:\/\/blogs.donboscovolunteers.de\/milaentdecktindien\/wp-content\/uploads\/sites\/21717\/2025\/04\/IMG_8605-e1743921290182.jpeg\",\"datePublished\":\"2025-04-06T06:42:25+00:00\",\"breadcrumb\":{\"@id\":\"https:\/\/blogs.donboscovolunteers.de\/milaentdecktindien\/mein-projekt-don-bosco-sayal\/#breadcrumb\"},\"inLanguage\":\"de\",\"potentialAction\":[{\"@type\":\"ReadAction\",\"target\":[\"https:\/\/blogs.donboscovolunteers.de\/milaentdecktindien\/mein-projekt-don-bosco-sayal\/\"]}]},{\"@type\":\"ImageObject\",\"inLanguage\":\"de\",\"@id\":\"https:\/\/blogs.donboscovolunteers.de\/milaentdecktindien\/mein-projekt-don-bosco-sayal\/#primaryimage\",\"url\":\"https:\/\/blogs.donboscovolunteers.de\/milaentdecktindien\/wp-content\/uploads\/sites\/21717\/2025\/04\/IMG_8605-e1743921290182.jpeg\",\"contentUrl\":\"https:\/\/blogs.donboscovolunteers.de\/milaentdecktindien\/wp-content\/uploads\/sites\/21717\/2025\/04\/IMG_8605-e1743921290182.jpeg\",\"width\":1280,\"height\":512},{\"@type\":\"BreadcrumbList\",\"@id\":\"https:\/\/blogs.donboscovolunteers.de\/milaentdecktindien\/mein-projekt-don-bosco-sayal\/#breadcrumb\",\"itemListElement\":[{\"@type\":\"ListItem\",\"position\":1,\"name\":\"Startseite\",\"item\":\"https:\/\/blogs.donboscovolunteers.de\/milaentdecktindien\/\"},{\"@type\":\"ListItem\",\"position\":2,\"name\":\"Mein Projekt &#8211; Don Bosco SAYAL\"}]},{\"@type\":\"WebSite\",\"@id\":\"https:\/\/blogs.donboscovolunteers.de\/milaentdecktindien\/#website\",\"url\":\"https:\/\/blogs.donboscovolunteers.de\/milaentdecktindien\/\",\"name\":\"Mila entdeckt Indien!\",\"description\":\"\",\"potentialAction\":[{\"@type\":\"SearchAction\",\"target\":{\"@type\":\"EntryPoint\",\"urlTemplate\":\"https:\/\/blogs.donboscovolunteers.de\/milaentdecktindien\/?s={search_term_string}\"},\"query-input\":{\"@type\":\"PropertyValueSpecification\",\"valueRequired\":true,\"valueName\":\"search_term_string\"}}],\"inLanguage\":\"de\"}]}<\/script>\n<!-- \/ Yoast SEO plugin. -->","yoast_head_json":{"title":"Mein Projekt - Don Bosco SAYAL - Mila entdeckt Indien!","robots":{"index":"index","follow":"follow","max-snippet":"max-snippet:-1","max-image-preview":"max-image-preview:large","max-video-preview":"max-video-preview:-1"},"canonical":"https:\/\/blogs.donboscovolunteers.de\/milaentdecktindien\/mein-projekt-don-bosco-sayal\/","og_locale":"de_DE","og_type":"article","og_title":"Mein Projekt - Don Bosco SAYAL - Mila entdeckt Indien!","og_description":"Don Bosco Sayal besteht aus der Don Bosco School of Excellence (DBSE) und dem SAYAL Reach-Out-Programme. Die DBSE geht von Kindergarten \u00fcber Primary School (Grundschule) bis zur Secondary School (weiterf\u00fchrende Schule). Ab Juni gibt es das erste Mal eine 12. Klasse und somit Abschlussklasse (mit sechs Sch\u00fclern), da die Schule erst 2016 er\u00f6ffnet wurde. Die [&hellip;]","og_url":"https:\/\/blogs.donboscovolunteers.de\/milaentdecktindien\/mein-projekt-don-bosco-sayal\/","og_site_name":"Mila entdeckt Indien!","og_image":[{"width":1280,"height":512,"url":"https:\/\/blogs.donboscovolunteers.de\/milaentdecktindien\/wp-content\/uploads\/sites\/21717\/2025\/04\/IMG_8605-e1743921290182.jpeg","type":"image\/jpeg"}],"twitter_card":"summary_large_image","twitter_misc":{"Gesch\u00e4tzte Lesezeit":"4\u00a0Minuten"},"schema":{"@context":"https:\/\/schema.org","@graph":[{"@type":"WebPage","@id":"https:\/\/blogs.donboscovolunteers.de\/milaentdecktindien\/mein-projekt-don-bosco-sayal\/","url":"https:\/\/blogs.donboscovolunteers.de\/milaentdecktindien\/mein-projekt-don-bosco-sayal\/","name":"Mein Projekt - Don Bosco SAYAL - Mila entdeckt Indien!","isPartOf":{"@id":"https:\/\/blogs.donboscovolunteers.de\/milaentdecktindien\/#website"},"primaryImageOfPage":{"@id":"https:\/\/blogs.donboscovolunteers.de\/milaentdecktindien\/mein-projekt-don-bosco-sayal\/#primaryimage"},"image":{"@id":"https:\/\/blogs.donboscovolunteers.de\/milaentdecktindien\/mein-projekt-don-bosco-sayal\/#primaryimage"},"thumbnailUrl":"https:\/\/blogs.donboscovolunteers.de\/milaentdecktindien\/wp-content\/uploads\/sites\/21717\/2025\/04\/IMG_8605-e1743921290182.jpeg","datePublished":"2025-04-06T06:42:25+00:00","breadcrumb":{"@id":"https:\/\/blogs.donboscovolunteers.de\/milaentdecktindien\/mein-projekt-don-bosco-sayal\/#breadcrumb"},"inLanguage":"de","potentialAction":[{"@type":"ReadAction","target":["https:\/\/blogs.donboscovolunteers.de\/milaentdecktindien\/mein-projekt-don-bosco-sayal\/"]}]},{"@type":"ImageObject","inLanguage":"de","@id":"https:\/\/blogs.donboscovolunteers.de\/milaentdecktindien\/mein-projekt-don-bosco-sayal\/#primaryimage","url":"https:\/\/blogs.donboscovolunteers.de\/milaentdecktindien\/wp-content\/uploads\/sites\/21717\/2025\/04\/IMG_8605-e1743921290182.jpeg","contentUrl":"https:\/\/blogs.donboscovolunteers.de\/milaentdecktindien\/wp-content\/uploads\/sites\/21717\/2025\/04\/IMG_8605-e1743921290182.jpeg","width":1280,"height":512},{"@type":"BreadcrumbList","@id":"https:\/\/blogs.donboscovolunteers.de\/milaentdecktindien\/mein-projekt-don-bosco-sayal\/#breadcrumb","itemListElement":[{"@type":"ListItem","position":1,"name":"Startseite","item":"https:\/\/blogs.donboscovolunteers.de\/milaentdecktindien\/"},{"@type":"ListItem","position":2,"name":"Mein Projekt &#8211; Don Bosco SAYAL"}]},{"@type":"WebSite","@id":"https:\/\/blogs.donboscovolunteers.de\/milaentdecktindien\/#website","url":"https:\/\/blogs.donboscovolunteers.de\/milaentdecktindien\/","name":"Mila entdeckt Indien!","description":"","potentialAction":[{"@type":"SearchAction","target":{"@type":"EntryPoint","urlTemplate":"https:\/\/blogs.donboscovolunteers.de\/milaentdecktindien\/?s={search_term_string}"},"query-input":{"@type":"PropertyValueSpecification","valueRequired":true,"valueName":"search_term_string"}}],"inLanguage":"de"}]}},"_links":{"self":[{"href":"https:\/\/blogs.donboscovolunteers.de\/milaentdecktindien\/wp-json\/wp\/v2\/pages\/328","targetHints":{"allow":["GET"]}}],"collection":[{"href":"https:\/\/blogs.donboscovolunteers.de\/milaentdecktindien\/wp-json\/wp\/v2\/pages"}],"about":[{"href":"https:\/\/blogs.donboscovolunteers.de\/milaentdecktindien\/wp-json\/wp\/v2\/types\/page"}],"author":[{"embeddable":true,"href":"https:\/\/blogs.donboscovolunteers.de\/milaentdecktindien\/wp-json\/wp\/v2\/users\/21831"}],"replies":[{"embeddable":true,"href":"https:\/\/blogs.donboscovolunteers.de\/milaentdecktindien\/wp-json\/wp\/v2\/comments?post=328"}],"version-history":[{"count":17,"href":"https:\/\/blogs.donboscovolunteers.de\/milaentdecktindien\/wp-json\/wp\/v2\/pages\/328\/revisions"}],"predecessor-version":[{"id":373,"href":"https:\/\/blogs.donboscovolunteers.de\/milaentdecktindien\/wp-json\/wp\/v2\/pages\/328\/revisions\/373"}],"wp:featuredmedia":[{"embeddable":true,"href":"https:\/\/blogs.donboscovolunteers.de\/milaentdecktindien\/wp-json\/wp\/v2\/media\/369"}],"wp:attachment":[{"href":"https:\/\/blogs.donboscovolunteers.de\/milaentdecktindien\/wp-json\/wp\/v2\/media?parent=328"}],"curies":[{"name":"wp","href":"https:\/\/api.w.org\/{rel}","templated":true}]}}