{"id":3,"date":"2024-07-27T19:19:05","date_gmt":"2024-07-27T17:19:05","guid":{"rendered":"https:\/\/blogs.donboscovolunteers.de\/milaentdecktindien\/about\/"},"modified":"2025-04-05T16:07:03","modified_gmt":"2025-04-05T14:07:03","slug":"about","status":"publish","type":"page","link":"https:\/\/blogs.donboscovolunteers.de\/milaentdecktindien\/about\/","title":{"rendered":"\u00dcber mich :)"},"content":{"rendered":"<div class=\"wp-block-image\">\n<figure class=\"alignleft size-large is-resized\"><img loading=\"lazy\" decoding=\"async\" width=\"768\" height=\"1024\" src=\"https:\/\/blogs.donboscovolunteers.de\/milaentdecktindien\/wp-content\/uploads\/sites\/21717\/2024\/11\/IMG_0375-1-768x1024.jpeg\" alt=\"\" class=\"wp-image-192\" style=\"width:266px;height:auto\" srcset=\"https:\/\/blogs.donboscovolunteers.de\/milaentdecktindien\/wp-content\/uploads\/sites\/21717\/2024\/11\/IMG_0375-1-768x1024.jpeg 768w, https:\/\/blogs.donboscovolunteers.de\/milaentdecktindien\/wp-content\/uploads\/sites\/21717\/2024\/11\/IMG_0375-1-225x300.jpeg 225w, https:\/\/blogs.donboscovolunteers.de\/milaentdecktindien\/wp-content\/uploads\/sites\/21717\/2024\/11\/IMG_0375-1-900x1200.jpeg 900w, https:\/\/blogs.donboscovolunteers.de\/milaentdecktindien\/wp-content\/uploads\/sites\/21717\/2024\/11\/IMG_0375-1.jpeg 960w\" sizes=\"auto, (max-width: 768px) 100vw, 768px\" \/><\/figure>\n<\/div>\n\n\n<p><strong>\u0bb5\u0ba3\u0b95\u0bcd\u0b95\u0bae\u0bcd<\/strong> \u2026 [Va\u1e47akkam] (Hallo auf Tamil)<\/p>\n\n\n\n<p><br>\u2026 mein Name ist Mila Metten, ich bin 18 Jahre alt und komme aus M\u00fcnchen. Schon l\u00e4nger wusste ich, dass ich nach meinem Abitur nicht unmittelbar mit dem Studium beginnen m\u00f6chte. Auf der Suche nach Alternativen bin ich auf \u201e<a href=\"https:\/\/www.donboscomission.de\/don-bosco\/\">Don Bosco<\/a> Volunteers\u201c gesto\u00dfen. Durch sie wird mir erm\u00f6glicht, dass ich von<br>September 2024 bis August 2025 an der \u201eDon Bosco School of Excellence\u201c in Sayalgudi, <a href=\"https:\/\/strassenkinder.de\/laender\/asien\/inden\/\">Indien<\/a>, mitarbeite. Hier werde ich haupts\u00e4chlich Englisch und Deutsch unterrichten.<\/p>\n\n\n<div class=\"wp-block-image\">\n<figure class=\"alignright size-large is-resized\"><img loading=\"lazy\" decoding=\"async\" width=\"718\" height=\"1024\" src=\"https:\/\/blogs.donboscovolunteers.de\/milaentdecktindien\/wp-content\/uploads\/sites\/21717\/2024\/09\/image-718x1024.jpeg\" alt=\"\" class=\"wp-image-77\" style=\"width:226px;height:auto\" srcset=\"https:\/\/blogs.donboscovolunteers.de\/milaentdecktindien\/wp-content\/uploads\/sites\/21717\/2024\/09\/image-718x1024.jpeg 718w, https:\/\/blogs.donboscovolunteers.de\/milaentdecktindien\/wp-content\/uploads\/sites\/21717\/2024\/09\/image-210x300.jpeg 210w, https:\/\/blogs.donboscovolunteers.de\/milaentdecktindien\/wp-content\/uploads\/sites\/21717\/2024\/09\/image-768x1095.jpeg 768w, https:\/\/blogs.donboscovolunteers.de\/milaentdecktindien\/wp-content\/uploads\/sites\/21717\/2024\/09\/image.jpeg 898w\" sizes=\"auto, (max-width: 718px) 100vw, 718px\" \/><\/figure>\n<\/div>\n\n\n<p>Auf diesem Reiseblog werde ich euch durch mein Leben in Indien mitnehmen und \u00fcber meine Eindr\u00fccke berichten. Zus\u00e4tzlich habe ich auch noch einen Instagram-Account, hier k\u00f6nnt ihr mir auch gerne folgen: <a href=\"https:\/\/www.instagram.com\/mila.entdeckt.indien\">https:\/\/www.instagram.com\/mila.entdeckt.indien<\/a><\/p>\n\n\n\n<p>eure Mila \ud83e\udd70<\/p>","protected":false},"excerpt":{"rendered":"<p>\u0bb5\u0ba3\u0b95\u0bcd\u0b95\u0bae\u0bcd \u2026 [Va\u1e47akkam] (Hallo auf Tamil) \u2026 mein Name ist Mila Metten, ich bin 18 Jahre alt und komme aus M\u00fcnchen. Schon l\u00e4nger wusste ich, dass ich nach meinem Abitur nicht unmittelbar mit dem Studium beginnen m\u00f6chte. Auf der Suche nach Alternativen bin ich auf \u201e<a href=\"https:\/\/www.donboscomission.de\/don-bosco\/\">Don Bosco<\/a> Volunteers\u201c gesto\u00dfen. Durch sie wird mir erm\u00f6glicht, dass [&hellip;]<\/p>\n","protected":false},"author":1,"featured_media":367,"parent":0,"menu_order":1,"comment_status":"closed","ping_status":"closed","template":"","meta":{"footnotes":""},"class_list":["post-3","page","type-page","status-publish","has-post-thumbnail","hentry"],"yoast_head":"<!-- This site is optimized with the Yoast SEO plugin v25.3.1 - https:\/\/yoast.com\/wordpress\/plugins\/seo\/ -->\n<title>\u00dcber mich :) - Mila entdeckt Indien! %<\/title>\n<meta name=\"robots\" content=\"index, follow, max-snippet:-1, max-image-preview:large, max-video-preview:-1\" \/>\n<link rel=\"canonical\" href=\"https:\/\/blogs.donboscovolunteers.de\/milaentdecktindien\/about\/\" \/>\n<meta property=\"og:locale\" content=\"de_DE\" \/>\n<meta property=\"og:type\" content=\"article\" \/>\n<meta property=\"og:title\" content=\"\u00dcber mich :) - Mila entdeckt Indien! %\" \/>\n<meta property=\"og:description\" content=\"\u0bb5\u0ba3\u0b95\u0bcd\u0b95\u0bae\u0bcd \u2026 [Va\u1e47akkam] (Hallo auf Tamil) \u2026 mein Name ist Mila Metten, ich bin 18 Jahre alt und komme aus M\u00fcnchen. Schon l\u00e4nger wusste ich, dass ich nach meinem Abitur nicht unmittelbar mit dem Studium beginnen m\u00f6chte. Auf der Suche nach Alternativen bin ich auf \u201eDon Bosco Volunteers\u201c gesto\u00dfen. Durch sie wird mir erm\u00f6glicht, dass [&hellip;]\" \/>\n<meta property=\"og:url\" content=\"https:\/\/blogs.donboscovolunteers.de\/milaentdecktindien\/about\/\" \/>\n<meta property=\"og:site_name\" content=\"Mila entdeckt Indien!\" \/>\n<meta property=\"article:modified_time\" content=\"2025-04-05T14:07:03+00:00\" \/>\n<meta property=\"og:image\" content=\"https:\/\/blogs.donboscovolunteers.de\/milaentdecktindien\/wp-content\/uploads\/sites\/21717\/2025\/04\/f58024ca-fde3-40db-bdaa-fac805f762fa-e1743862019188.jpeg\" \/>\n\t<meta property=\"og:image:width\" content=\"960\" \/>\n\t<meta property=\"og:image:height\" content=\"342\" \/>\n\t<meta property=\"og:image:type\" content=\"image\/jpeg\" \/>\n<meta name=\"twitter:card\" content=\"summary_large_image\" \/>\n<meta name=\"twitter:label1\" content=\"Gesch\u00e4tzte Lesezeit\" \/>\n\t<meta name=\"twitter:data1\" content=\"2\u00a0Minuten\" \/>\n<script type=\"application\/ld+json\" class=\"yoast-schema-graph\">{\"@context\":\"https:\/\/schema.org\",\"@graph\":[{\"@type\":\"WebPage\",\"@id\":\"https:\/\/blogs.donboscovolunteers.de\/milaentdecktindien\/about\/\",\"url\":\"https:\/\/blogs.donboscovolunteers.de\/milaentdecktindien\/about\/\",\"name\":\"\u00dcber mich :) - Mila entdeckt Indien! %\",\"isPartOf\":{\"@id\":\"https:\/\/blogs.donboscovolunteers.de\/milaentdecktindien\/#website\"},\"primaryImageOfPage\":{\"@id\":\"https:\/\/blogs.donboscovolunteers.de\/milaentdecktindien\/about\/#primaryimage\"},\"image\":{\"@id\":\"https:\/\/blogs.donboscovolunteers.de\/milaentdecktindien\/about\/#primaryimage\"},\"thumbnailUrl\":\"https:\/\/blogs.donboscovolunteers.de\/milaentdecktindien\/wp-content\/uploads\/sites\/21717\/2025\/04\/f58024ca-fde3-40db-bdaa-fac805f762fa-e1743862019188.jpeg\",\"datePublished\":\"2024-07-27T17:19:05+00:00\",\"dateModified\":\"2025-04-05T14:07:03+00:00\",\"breadcrumb\":{\"@id\":\"https:\/\/blogs.donboscovolunteers.de\/milaentdecktindien\/about\/#breadcrumb\"},\"inLanguage\":\"de\",\"potentialAction\":[{\"@type\":\"ReadAction\",\"target\":[\"https:\/\/blogs.donboscovolunteers.de\/milaentdecktindien\/about\/\"]}]},{\"@type\":\"ImageObject\",\"inLanguage\":\"de\",\"@id\":\"https:\/\/blogs.donboscovolunteers.de\/milaentdecktindien\/about\/#primaryimage\",\"url\":\"https:\/\/blogs.donboscovolunteers.de\/milaentdecktindien\/wp-content\/uploads\/sites\/21717\/2025\/04\/f58024ca-fde3-40db-bdaa-fac805f762fa-e1743862019188.jpeg\",\"contentUrl\":\"https:\/\/blogs.donboscovolunteers.de\/milaentdecktindien\/wp-content\/uploads\/sites\/21717\/2025\/04\/f58024ca-fde3-40db-bdaa-fac805f762fa-e1743862019188.jpeg\",\"width\":960,\"height\":342},{\"@type\":\"BreadcrumbList\",\"@id\":\"https:\/\/blogs.donboscovolunteers.de\/milaentdecktindien\/about\/#breadcrumb\",\"itemListElement\":[{\"@type\":\"ListItem\",\"position\":1,\"name\":\"Startseite\",\"item\":\"https:\/\/blogs.donboscovolunteers.de\/milaentdecktindien\/\"},{\"@type\":\"ListItem\",\"position\":2,\"name\":\"\u00dcber mich :)\"}]},{\"@type\":\"WebSite\",\"@id\":\"https:\/\/blogs.donboscovolunteers.de\/milaentdecktindien\/#website\",\"url\":\"https:\/\/blogs.donboscovolunteers.de\/milaentdecktindien\/\",\"name\":\"Mila entdeckt Indien!\",\"description\":\"\",\"potentialAction\":[{\"@type\":\"SearchAction\",\"target\":{\"@type\":\"EntryPoint\",\"urlTemplate\":\"https:\/\/blogs.donboscovolunteers.de\/milaentdecktindien\/?s={search_term_string}\"},\"query-input\":{\"@type\":\"PropertyValueSpecification\",\"valueRequired\":true,\"valueName\":\"search_term_string\"}}],\"inLanguage\":\"de\"}]}<\/script>\n<!-- \/ Yoast SEO plugin. -->","yoast_head_json":{"title":"\u00dcber mich :) - Mila entdeckt Indien! %","robots":{"index":"index","follow":"follow","max-snippet":"max-snippet:-1","max-image-preview":"max-image-preview:large","max-video-preview":"max-video-preview:-1"},"canonical":"https:\/\/blogs.donboscovolunteers.de\/milaentdecktindien\/about\/","og_locale":"de_DE","og_type":"article","og_title":"\u00dcber mich :) - Mila entdeckt Indien! %","og_description":"\u0bb5\u0ba3\u0b95\u0bcd\u0b95\u0bae\u0bcd \u2026 [Va\u1e47akkam] (Hallo auf Tamil) \u2026 mein Name ist Mila Metten, ich bin 18 Jahre alt und komme aus M\u00fcnchen. Schon l\u00e4nger wusste ich, dass ich nach meinem Abitur nicht unmittelbar mit dem Studium beginnen m\u00f6chte. Auf der Suche nach Alternativen bin ich auf \u201eDon Bosco Volunteers\u201c gesto\u00dfen. Durch sie wird mir erm\u00f6glicht, dass [&hellip;]","og_url":"https:\/\/blogs.donboscovolunteers.de\/milaentdecktindien\/about\/","og_site_name":"Mila entdeckt Indien!","article_modified_time":"2025-04-05T14:07:03+00:00","og_image":[{"width":960,"height":342,"url":"https:\/\/blogs.donboscovolunteers.de\/milaentdecktindien\/wp-content\/uploads\/sites\/21717\/2025\/04\/f58024ca-fde3-40db-bdaa-fac805f762fa-e1743862019188.jpeg","type":"image\/jpeg"}],"twitter_card":"summary_large_image","twitter_misc":{"Gesch\u00e4tzte Lesezeit":"2\u00a0Minuten"},"schema":{"@context":"https:\/\/schema.org","@graph":[{"@type":"WebPage","@id":"https:\/\/blogs.donboscovolunteers.de\/milaentdecktindien\/about\/","url":"https:\/\/blogs.donboscovolunteers.de\/milaentdecktindien\/about\/","name":"\u00dcber mich :) - Mila entdeckt Indien! %","isPartOf":{"@id":"https:\/\/blogs.donboscovolunteers.de\/milaentdecktindien\/#website"},"primaryImageOfPage":{"@id":"https:\/\/blogs.donboscovolunteers.de\/milaentdecktindien\/about\/#primaryimage"},"image":{"@id":"https:\/\/blogs.donboscovolunteers.de\/milaentdecktindien\/about\/#primaryimage"},"thumbnailUrl":"https:\/\/blogs.donboscovolunteers.de\/milaentdecktindien\/wp-content\/uploads\/sites\/21717\/2025\/04\/f58024ca-fde3-40db-bdaa-fac805f762fa-e1743862019188.jpeg","datePublished":"2024-07-27T17:19:05+00:00","dateModified":"2025-04-05T14:07:03+00:00","breadcrumb":{"@id":"https:\/\/blogs.donboscovolunteers.de\/milaentdecktindien\/about\/#breadcrumb"},"inLanguage":"de","potentialAction":[{"@type":"ReadAction","target":["https:\/\/blogs.donboscovolunteers.de\/milaentdecktindien\/about\/"]}]},{"@type":"ImageObject","inLanguage":"de","@id":"https:\/\/blogs.donboscovolunteers.de\/milaentdecktindien\/about\/#primaryimage","url":"https:\/\/blogs.donboscovolunteers.de\/milaentdecktindien\/wp-content\/uploads\/sites\/21717\/2025\/04\/f58024ca-fde3-40db-bdaa-fac805f762fa-e1743862019188.jpeg","contentUrl":"https:\/\/blogs.donboscovolunteers.de\/milaentdecktindien\/wp-content\/uploads\/sites\/21717\/2025\/04\/f58024ca-fde3-40db-bdaa-fac805f762fa-e1743862019188.jpeg","width":960,"height":342},{"@type":"BreadcrumbList","@id":"https:\/\/blogs.donboscovolunteers.de\/milaentdecktindien\/about\/#breadcrumb","itemListElement":[{"@type":"ListItem","position":1,"name":"Startseite","item":"https:\/\/blogs.donboscovolunteers.de\/milaentdecktindien\/"},{"@type":"ListItem","position":2,"name":"\u00dcber mich :)"}]},{"@type":"WebSite","@id":"https:\/\/blogs.donboscovolunteers.de\/milaentdecktindien\/#website","url":"https:\/\/blogs.donboscovolunteers.de\/milaentdecktindien\/","name":"Mila entdeckt Indien!","description":"","potentialAction":[{"@type":"SearchAction","target":{"@type":"EntryPoint","urlTemplate":"https:\/\/blogs.donboscovolunteers.de\/milaentdecktindien\/?s={search_term_string}"},"query-input":{"@type":"PropertyValueSpecification","valueRequired":true,"valueName":"search_term_string"}}],"inLanguage":"de"}]}},"_links":{"self":[{"href":"https:\/\/blogs.donboscovolunteers.de\/milaentdecktindien\/wp-json\/wp\/v2\/pages\/3","targetHints":{"allow":["GET"]}}],"collection":[{"href":"https:\/\/blogs.donboscovolunteers.de\/milaentdecktindien\/wp-json\/wp\/v2\/pages"}],"about":[{"href":"https:\/\/blogs.donboscovolunteers.de\/milaentdecktindien\/wp-json\/wp\/v2\/types\/page"}],"author":[{"embeddable":true,"href":"https:\/\/blogs.donboscovolunteers.de\/milaentdecktindien\/wp-json\/wp\/v2\/users\/1"}],"replies":[{"embeddable":true,"href":"https:\/\/blogs.donboscovolunteers.de\/milaentdecktindien\/wp-json\/wp\/v2\/comments?post=3"}],"version-history":[{"count":6,"href":"https:\/\/blogs.donboscovolunteers.de\/milaentdecktindien\/wp-json\/wp\/v2\/pages\/3\/revisions"}],"predecessor-version":[{"id":194,"href":"https:\/\/blogs.donboscovolunteers.de\/milaentdecktindien\/wp-json\/wp\/v2\/pages\/3\/revisions\/194"}],"wp:featuredmedia":[{"embeddable":true,"href":"https:\/\/blogs.donboscovolunteers.de\/milaentdecktindien\/wp-json\/wp\/v2\/media\/367"}],"wp:attachment":[{"href":"https:\/\/blogs.donboscovolunteers.de\/milaentdecktindien\/wp-json\/wp\/v2\/media?parent=3"}],"curies":[{"name":"wp","href":"https:\/\/api.w.org\/{rel}","templated":true}]}}