{"id":61,"date":"2023-09-05T00:30:10","date_gmt":"2023-09-04T22:30:10","guid":{"rendered":"https:\/\/blogs.donboscovolunteers.de\/michaelinargentinien\/?page_id=61"},"modified":"2024-08-06T20:07:46","modified_gmt":"2024-08-06T18:07:46","slug":"mein-jahr","status":"publish","type":"page","link":"https:\/\/blogs.donboscovolunteers.de\/michaelinargentinien\/mein-jahr\/","title":{"rendered":"Mein Jahr"},"content":{"rendered":"<p>So &#8211; nun geht&#8217;s los \ud83d\ude42<\/p>\n\n\n\n<p>In regelm\u00e4\u00dfigen Abst\u00e4nden m\u00f6chte ich euch hier \u00fcber meinen <a href=\"https:\/\/www.donboscovolunteers.de\/\">Freiwilligendienst<\/a> in Argentinien berichten.<\/p>\n\n\n\n<p>An der rechten Leiste seht ihr dann alle meine Eintr\u00e4ge. <\/p>\n\n\n\n<p>Ich hoffe euch gef\u00e4llt mein Blog und ich w\u00fcrde mich \u00fcber Kommentare von euch freuen.<\/p>\n\n\n\n<p>Ich verbringe mein Argentinien-Jahr in Santiago del Estero mit meiner Mitvolunt\u00e4rin Clara &#8211; ihr k\u00f6nnt auch gerne auf <a href=\"https:\/\/blogs.donboscovolunteers.de\/clarainargentinien\/\">Clara&#8217;s Blog<\/a> weiterlesen &#8211; dann seid ihr immer bestens informiert. <\/p>\n\n\n\n<p>Hier sind meine Berichte:<\/p>\n\n\n\n<p><a href=\"https:\/\/blogs.donboscovolunteers.de\/michaelinargentinien\/2024\/08\/06\/neues-schuljahr-2024-2025-im-oratorio\/\">Neues Schuljahr 2024\/2025 im Oratorio<\/a><\/p>\n\n\n\n<p><a href=\"https:\/\/blogs.donboscovolunteers.de\/michaelinargentinien\/2024\/08\/05\/familienurlaub-in-argentinien\/\">Familienurlaub in Argentinien<\/a><\/p>\n\n\n\n<p><a href=\"https:\/\/blogs.donboscovolunteers.de\/michaelinargentinien\/2024\/08\/04\/colonia-und-zwischenseminar\/\">Colonia und Zwischenseminar<\/a><\/p>\n\n\n\n<p><a href=\"https:\/\/blogs.donboscovolunteers.de\/michaelinargentinien\/2024\/02\/08\/weihnachten-neujahr-und-urlaub-in-chile\/\">Weihnachten, Neujahr und Urlaub in Chile und Patagonien<\/a><\/p>\n\n\n\n<p><a href=\"https:\/\/blogs.donboscovolunteers.de\/michaelinargentinien\/2023\/12\/06\/kommunion-und-konfirmation\/\">Kommunion und Firmung<\/a><\/p>\n\n\n\n<p><a href=\"https:\/\/blogs.donboscovolunteers.de\/michaelinargentinien\/wp-admin\/post.php?post=191&amp;action=edit\">Tagesablauf in unserem Oratorio<\/a><\/p>\n\n\n\n<p><a href=\"https:\/\/blogs.donboscovolunteers.de\/michaelinargentinien\/2023\/10\/05\/santiago-del-estero\/\">Santiago del Estero \u2013 Meine neue Heimat<\/a><\/p>\n\n\n\n<p><a href=\"https:\/\/blogs.donboscovolunteers.de\/michaelinargentinien\/2023\/09\/18\/bienvenido-cordoba\/\">Bienvenido Cordoba<\/a><\/p>\n\n\n\n<p><a href=\"https:\/\/blogs.donboscovolunteers.de\/michaelinargentinien\/2023\/09\/07\/argentina-aqui-vamos\/\">Argentina \u2013 All\u00e1 voy<\/a><\/p>\n\n\n\n<p><a href=\"https:\/\/blogs.donboscovolunteers.de\/michaelinargentinien\/2023\/09\/05\/packen-oder-wandern\/\">Packen oder Wandern?<\/a><\/p>\n\n\n\n<p><a href=\"https:\/\/blogs.donboscovolunteers.de\/michaelinargentinien\/2023\/09\/04\/vorbereitungsphase\/\">Alles Ready f\u00fcr Argentina<\/a><\/p>","protected":false},"excerpt":{"rendered":"<p>So &#8211; nun geht&#8217;s los \ud83d\ude42 In regelm\u00e4\u00dfigen Abst\u00e4nden m\u00f6chte ich euch hier \u00fcber meinen <a href=\"https:\/\/www.donboscovolunteers.de\/\">Freiwilligendienst<\/a> in Argentinien berichten. An der rechten Leiste seht ihr dann alle meine Eintr\u00e4ge. Ich hoffe euch gef\u00e4llt mein Blog und ich w\u00fcrde mich \u00fcber Kommentare von euch freuen. Ich verbringe mein Argentinien-Jahr in Santiago del Estero mit meiner Mitvolunt\u00e4rin [&hellip;]<\/p>\n","protected":false},"author":21797,"featured_media":0,"parent":0,"menu_order":0,"comment_status":"closed","ping_status":"closed","template":"","meta":{"footnotes":""},"class_list":["post-61","page","type-page","status-publish","hentry"],"yoast_head":"<!-- This site is optimized with the Yoast SEO plugin v25.3.1 - https:\/\/yoast.com\/wordpress\/plugins\/seo\/ -->\n<title>Mein Jahr - Michael in Argentinien<\/title>\n<meta name=\"description\" content=\"Hinweis auf meine Blogeintr\u00e4ge \u00fcber das ganze Jahr in Argentinien\" \/>\n<meta name=\"robots\" content=\"index, follow, max-snippet:-1, max-image-preview:large, max-video-preview:-1\" \/>\n<link rel=\"canonical\" href=\"https:\/\/blogs.donboscovolunteers.de\/michaelinargentinien\/mein-jahr\/\" \/>\n<meta property=\"og:locale\" content=\"de_DE\" \/>\n<meta property=\"og:type\" content=\"article\" \/>\n<meta property=\"og:title\" content=\"Mein Jahr - Michael in Argentinien\" \/>\n<meta property=\"og:description\" content=\"Hinweis auf meine Blogeintr\u00e4ge \u00fcber das ganze Jahr in Argentinien\" \/>\n<meta property=\"og:url\" content=\"https:\/\/blogs.donboscovolunteers.de\/michaelinargentinien\/mein-jahr\/\" \/>\n<meta property=\"og:site_name\" content=\"Michael in Argentinien\" \/>\n<meta property=\"article:modified_time\" content=\"2024-08-06T18:07:46+00:00\" \/>\n<meta name=\"twitter:card\" content=\"summary_large_image\" \/>\n<meta name=\"twitter:label1\" content=\"Gesch\u00e4tzte Lesezeit\" \/>\n\t<meta name=\"twitter:data1\" content=\"1\u00a0Minute\" \/>\n<script type=\"application\/ld+json\" class=\"yoast-schema-graph\">{\"@context\":\"https:\/\/schema.org\",\"@graph\":[{\"@type\":\"WebPage\",\"@id\":\"https:\/\/blogs.donboscovolunteers.de\/michaelinargentinien\/mein-jahr\/\",\"url\":\"https:\/\/blogs.donboscovolunteers.de\/michaelinargentinien\/mein-jahr\/\",\"name\":\"Mein Jahr - Michael in Argentinien\",\"isPartOf\":{\"@id\":\"https:\/\/blogs.donboscovolunteers.de\/michaelinargentinien\/#website\"},\"datePublished\":\"2023-09-04T22:30:10+00:00\",\"dateModified\":\"2024-08-06T18:07:46+00:00\",\"description\":\"Hinweis auf meine Blogeintr\u00e4ge \u00fcber das ganze Jahr in Argentinien\",\"breadcrumb\":{\"@id\":\"https:\/\/blogs.donboscovolunteers.de\/michaelinargentinien\/mein-jahr\/#breadcrumb\"},\"inLanguage\":\"de\",\"potentialAction\":[{\"@type\":\"ReadAction\",\"target\":[\"https:\/\/blogs.donboscovolunteers.de\/michaelinargentinien\/mein-jahr\/\"]}]},{\"@type\":\"BreadcrumbList\",\"@id\":\"https:\/\/blogs.donboscovolunteers.de\/michaelinargentinien\/mein-jahr\/#breadcrumb\",\"itemListElement\":[{\"@type\":\"ListItem\",\"position\":1,\"name\":\"Startseite\",\"item\":\"https:\/\/blogs.donboscovolunteers.de\/michaelinargentinien\/\"},{\"@type\":\"ListItem\",\"position\":2,\"name\":\"Mein Jahr\"}]},{\"@type\":\"WebSite\",\"@id\":\"https:\/\/blogs.donboscovolunteers.de\/michaelinargentinien\/#website\",\"url\":\"https:\/\/blogs.donboscovolunteers.de\/michaelinargentinien\/\",\"name\":\"Michael in Argentinien\",\"description\":\"\",\"potentialAction\":[{\"@type\":\"SearchAction\",\"target\":{\"@type\":\"EntryPoint\",\"urlTemplate\":\"https:\/\/blogs.donboscovolunteers.de\/michaelinargentinien\/?s={search_term_string}\"},\"query-input\":{\"@type\":\"PropertyValueSpecification\",\"valueRequired\":true,\"valueName\":\"search_term_string\"}}],\"inLanguage\":\"de\"}]}<\/script>\n<!-- \/ Yoast SEO plugin. -->","yoast_head_json":{"title":"Mein Jahr - Michael in Argentinien","description":"Hinweis auf meine Blogeintr\u00e4ge \u00fcber das ganze Jahr in Argentinien","robots":{"index":"index","follow":"follow","max-snippet":"max-snippet:-1","max-image-preview":"max-image-preview:large","max-video-preview":"max-video-preview:-1"},"canonical":"https:\/\/blogs.donboscovolunteers.de\/michaelinargentinien\/mein-jahr\/","og_locale":"de_DE","og_type":"article","og_title":"Mein Jahr - Michael in Argentinien","og_description":"Hinweis auf meine Blogeintr\u00e4ge \u00fcber das ganze Jahr in Argentinien","og_url":"https:\/\/blogs.donboscovolunteers.de\/michaelinargentinien\/mein-jahr\/","og_site_name":"Michael in Argentinien","article_modified_time":"2024-08-06T18:07:46+00:00","twitter_card":"summary_large_image","twitter_misc":{"Gesch\u00e4tzte Lesezeit":"1\u00a0Minute"},"schema":{"@context":"https:\/\/schema.org","@graph":[{"@type":"WebPage","@id":"https:\/\/blogs.donboscovolunteers.de\/michaelinargentinien\/mein-jahr\/","url":"https:\/\/blogs.donboscovolunteers.de\/michaelinargentinien\/mein-jahr\/","name":"Mein Jahr - Michael in Argentinien","isPartOf":{"@id":"https:\/\/blogs.donboscovolunteers.de\/michaelinargentinien\/#website"},"datePublished":"2023-09-04T22:30:10+00:00","dateModified":"2024-08-06T18:07:46+00:00","description":"Hinweis auf meine Blogeintr\u00e4ge \u00fcber das ganze Jahr in Argentinien","breadcrumb":{"@id":"https:\/\/blogs.donboscovolunteers.de\/michaelinargentinien\/mein-jahr\/#breadcrumb"},"inLanguage":"de","potentialAction":[{"@type":"ReadAction","target":["https:\/\/blogs.donboscovolunteers.de\/michaelinargentinien\/mein-jahr\/"]}]},{"@type":"BreadcrumbList","@id":"https:\/\/blogs.donboscovolunteers.de\/michaelinargentinien\/mein-jahr\/#breadcrumb","itemListElement":[{"@type":"ListItem","position":1,"name":"Startseite","item":"https:\/\/blogs.donboscovolunteers.de\/michaelinargentinien\/"},{"@type":"ListItem","position":2,"name":"Mein Jahr"}]},{"@type":"WebSite","@id":"https:\/\/blogs.donboscovolunteers.de\/michaelinargentinien\/#website","url":"https:\/\/blogs.donboscovolunteers.de\/michaelinargentinien\/","name":"Michael in Argentinien","description":"","potentialAction":[{"@type":"SearchAction","target":{"@type":"EntryPoint","urlTemplate":"https:\/\/blogs.donboscovolunteers.de\/michaelinargentinien\/?s={search_term_string}"},"query-input":{"@type":"PropertyValueSpecification","valueRequired":true,"valueName":"search_term_string"}}],"inLanguage":"de"}]}},"_links":{"self":[{"href":"https:\/\/blogs.donboscovolunteers.de\/michaelinargentinien\/wp-json\/wp\/v2\/pages\/61","targetHints":{"allow":["GET"]}}],"collection":[{"href":"https:\/\/blogs.donboscovolunteers.de\/michaelinargentinien\/wp-json\/wp\/v2\/pages"}],"about":[{"href":"https:\/\/blogs.donboscovolunteers.de\/michaelinargentinien\/wp-json\/wp\/v2\/types\/page"}],"author":[{"embeddable":true,"href":"https:\/\/blogs.donboscovolunteers.de\/michaelinargentinien\/wp-json\/wp\/v2\/users\/21797"}],"replies":[{"embeddable":true,"href":"https:\/\/blogs.donboscovolunteers.de\/michaelinargentinien\/wp-json\/wp\/v2\/comments?post=61"}],"version-history":[{"count":15,"href":"https:\/\/blogs.donboscovolunteers.de\/michaelinargentinien\/wp-json\/wp\/v2\/pages\/61\/revisions"}],"predecessor-version":[{"id":350,"href":"https:\/\/blogs.donboscovolunteers.de\/michaelinargentinien\/wp-json\/wp\/v2\/pages\/61\/revisions\/350"}],"wp:attachment":[{"href":"https:\/\/blogs.donboscovolunteers.de\/michaelinargentinien\/wp-json\/wp\/v2\/media?parent=61"}],"curies":[{"name":"wp","href":"https:\/\/api.w.org\/{rel}","templated":true}]}}