{"id":59,"date":"2023-09-05T00:30:10","date_gmt":"2023-09-04T22:30:10","guid":{"rendered":"https:\/\/blogs.donboscovolunteers.de\/michaelinargentinien\/?page_id=59"},"modified":"2023-09-05T00:39:28","modified_gmt":"2023-09-04T22:39:28","slug":"spenden","status":"publish","type":"page","link":"https:\/\/blogs.donboscovolunteers.de\/michaelinargentinien\/spenden\/","title":{"rendered":"Spenden"},"content":{"rendered":"<p>Noch ein kleiner Spendenaufruf an euch :-))<\/p>\n\n\n\n<p>Mein Projekt in Argentinien im Oratorio Santiago del Estero finanziert sich durch Spenden. Wenn ihr Lust habt meinen Freiwilligen Dienst und die Arbeit der&nbsp;<a href=\"https:\/\/www.donboscomission.de\/don-bosco\/\">Don Bosco<\/a>&nbsp;Salesianer finanziell zu unterst\u00fctzen, bitte ich euch f\u00fcr mein Projekt in Argentinien zu spenden. Dar\u00fcber w\u00fcrde ich mich sehr freuen.<\/p>\n\n\n\n<p>Jede kleine und gro\u00dfe Spende ist herzlich willkommen.<\/p>\n\n\n\n<p>Gerne wird dir auch eine Spendenbescheinigung zugesandt, wenn du diese ben\u00f6tigst.<\/p>\n\n\n\n<p><strong>Vielen Dank!<\/strong><\/p>\n\n\n\n<p><strong>Spendenadresse:<\/strong><br>DON BOSCO MISSION<br>LIGA BANK M\u00dcNCHEN<br>IBAN: DE66 7509 0300 0102 1418 76<br>BIC: GENODEF1M05<br>VERWENDUNGSZWECK: Michael H\u00e4rtle, Spendencode S23VB005<\/p>","protected":false},"excerpt":{"rendered":"<p>Noch ein kleiner Spendenaufruf an euch :-)) Mein Projekt in Argentinien im Oratorio Santiago del Estero finanziert sich durch Spenden. Wenn ihr Lust habt meinen Freiwilligen Dienst und die Arbeit der&nbsp;<a href=\"https:\/\/www.donboscomission.de\/don-bosco\/\">Don Bosco<\/a>&nbsp;Salesianer finanziell zu unterst\u00fctzen, bitte ich euch f\u00fcr mein Projekt in Argentinien zu spenden. Dar\u00fcber w\u00fcrde ich mich sehr freuen. Jede kleine und gro\u00dfe [&hellip;]<\/p>\n","protected":false},"author":21797,"featured_media":0,"parent":0,"menu_order":0,"comment_status":"closed","ping_status":"closed","template":"","meta":{"footnotes":""},"class_list":["post-59","page","type-page","status-publish","hentry"],"yoast_head":"<!-- This site is optimized with the Yoast SEO plugin v25.3.1 - https:\/\/yoast.com\/wordpress\/plugins\/seo\/ -->\n<title>Spenden - Michael in Argentinien<\/title>\n<meta name=\"robots\" content=\"index, follow, max-snippet:-1, max-image-preview:large, max-video-preview:-1\" \/>\n<link rel=\"canonical\" href=\"https:\/\/blogs.donboscovolunteers.de\/michaelinargentinien\/spenden\/\" \/>\n<meta property=\"og:locale\" content=\"de_DE\" \/>\n<meta property=\"og:type\" content=\"article\" \/>\n<meta property=\"og:title\" content=\"Spenden - Michael in Argentinien\" \/>\n<meta property=\"og:description\" content=\"Noch ein kleiner Spendenaufruf an euch :-)) Mein Projekt in Argentinien im Oratorio Santiago del Estero finanziert sich durch Spenden. Wenn ihr Lust habt meinen Freiwilligen Dienst und die Arbeit der&nbsp;Don Bosco&nbsp;Salesianer finanziell zu unterst\u00fctzen, bitte ich euch f\u00fcr mein Projekt in Argentinien zu spenden. Dar\u00fcber w\u00fcrde ich mich sehr freuen. Jede kleine und gro\u00dfe [&hellip;]\" \/>\n<meta property=\"og:url\" content=\"https:\/\/blogs.donboscovolunteers.de\/michaelinargentinien\/spenden\/\" \/>\n<meta property=\"og:site_name\" content=\"Michael in Argentinien\" \/>\n<meta property=\"article:modified_time\" content=\"2023-09-04T22:39:28+00:00\" \/>\n<meta name=\"twitter:card\" content=\"summary_large_image\" \/>\n<meta name=\"twitter:label1\" content=\"Gesch\u00e4tzte Lesezeit\" \/>\n\t<meta name=\"twitter:data1\" content=\"1\u00a0Minute\" \/>\n<script type=\"application\/ld+json\" class=\"yoast-schema-graph\">{\"@context\":\"https:\/\/schema.org\",\"@graph\":[{\"@type\":\"WebPage\",\"@id\":\"https:\/\/blogs.donboscovolunteers.de\/michaelinargentinien\/spenden\/\",\"url\":\"https:\/\/blogs.donboscovolunteers.de\/michaelinargentinien\/spenden\/\",\"name\":\"Spenden - Michael in Argentinien\",\"isPartOf\":{\"@id\":\"https:\/\/blogs.donboscovolunteers.de\/michaelinargentinien\/#website\"},\"datePublished\":\"2023-09-04T22:30:10+00:00\",\"dateModified\":\"2023-09-04T22:39:28+00:00\",\"breadcrumb\":{\"@id\":\"https:\/\/blogs.donboscovolunteers.de\/michaelinargentinien\/spenden\/#breadcrumb\"},\"inLanguage\":\"de\",\"potentialAction\":[{\"@type\":\"ReadAction\",\"target\":[\"https:\/\/blogs.donboscovolunteers.de\/michaelinargentinien\/spenden\/\"]}]},{\"@type\":\"BreadcrumbList\",\"@id\":\"https:\/\/blogs.donboscovolunteers.de\/michaelinargentinien\/spenden\/#breadcrumb\",\"itemListElement\":[{\"@type\":\"ListItem\",\"position\":1,\"name\":\"Startseite\",\"item\":\"https:\/\/blogs.donboscovolunteers.de\/michaelinargentinien\/\"},{\"@type\":\"ListItem\",\"position\":2,\"name\":\"Spenden\"}]},{\"@type\":\"WebSite\",\"@id\":\"https:\/\/blogs.donboscovolunteers.de\/michaelinargentinien\/#website\",\"url\":\"https:\/\/blogs.donboscovolunteers.de\/michaelinargentinien\/\",\"name\":\"Michael in Argentinien\",\"description\":\"\",\"potentialAction\":[{\"@type\":\"SearchAction\",\"target\":{\"@type\":\"EntryPoint\",\"urlTemplate\":\"https:\/\/blogs.donboscovolunteers.de\/michaelinargentinien\/?s={search_term_string}\"},\"query-input\":{\"@type\":\"PropertyValueSpecification\",\"valueRequired\":true,\"valueName\":\"search_term_string\"}}],\"inLanguage\":\"de\"}]}<\/script>\n<!-- \/ Yoast SEO plugin. -->","yoast_head_json":{"title":"Spenden - Michael in Argentinien","robots":{"index":"index","follow":"follow","max-snippet":"max-snippet:-1","max-image-preview":"max-image-preview:large","max-video-preview":"max-video-preview:-1"},"canonical":"https:\/\/blogs.donboscovolunteers.de\/michaelinargentinien\/spenden\/","og_locale":"de_DE","og_type":"article","og_title":"Spenden - Michael in Argentinien","og_description":"Noch ein kleiner Spendenaufruf an euch :-)) Mein Projekt in Argentinien im Oratorio Santiago del Estero finanziert sich durch Spenden. Wenn ihr Lust habt meinen Freiwilligen Dienst und die Arbeit der&nbsp;Don Bosco&nbsp;Salesianer finanziell zu unterst\u00fctzen, bitte ich euch f\u00fcr mein Projekt in Argentinien zu spenden. Dar\u00fcber w\u00fcrde ich mich sehr freuen. Jede kleine und gro\u00dfe [&hellip;]","og_url":"https:\/\/blogs.donboscovolunteers.de\/michaelinargentinien\/spenden\/","og_site_name":"Michael in Argentinien","article_modified_time":"2023-09-04T22:39:28+00:00","twitter_card":"summary_large_image","twitter_misc":{"Gesch\u00e4tzte Lesezeit":"1\u00a0Minute"},"schema":{"@context":"https:\/\/schema.org","@graph":[{"@type":"WebPage","@id":"https:\/\/blogs.donboscovolunteers.de\/michaelinargentinien\/spenden\/","url":"https:\/\/blogs.donboscovolunteers.de\/michaelinargentinien\/spenden\/","name":"Spenden - Michael in Argentinien","isPartOf":{"@id":"https:\/\/blogs.donboscovolunteers.de\/michaelinargentinien\/#website"},"datePublished":"2023-09-04T22:30:10+00:00","dateModified":"2023-09-04T22:39:28+00:00","breadcrumb":{"@id":"https:\/\/blogs.donboscovolunteers.de\/michaelinargentinien\/spenden\/#breadcrumb"},"inLanguage":"de","potentialAction":[{"@type":"ReadAction","target":["https:\/\/blogs.donboscovolunteers.de\/michaelinargentinien\/spenden\/"]}]},{"@type":"BreadcrumbList","@id":"https:\/\/blogs.donboscovolunteers.de\/michaelinargentinien\/spenden\/#breadcrumb","itemListElement":[{"@type":"ListItem","position":1,"name":"Startseite","item":"https:\/\/blogs.donboscovolunteers.de\/michaelinargentinien\/"},{"@type":"ListItem","position":2,"name":"Spenden"}]},{"@type":"WebSite","@id":"https:\/\/blogs.donboscovolunteers.de\/michaelinargentinien\/#website","url":"https:\/\/blogs.donboscovolunteers.de\/michaelinargentinien\/","name":"Michael in Argentinien","description":"","potentialAction":[{"@type":"SearchAction","target":{"@type":"EntryPoint","urlTemplate":"https:\/\/blogs.donboscovolunteers.de\/michaelinargentinien\/?s={search_term_string}"},"query-input":{"@type":"PropertyValueSpecification","valueRequired":true,"valueName":"search_term_string"}}],"inLanguage":"de"}]}},"_links":{"self":[{"href":"https:\/\/blogs.donboscovolunteers.de\/michaelinargentinien\/wp-json\/wp\/v2\/pages\/59","targetHints":{"allow":["GET"]}}],"collection":[{"href":"https:\/\/blogs.donboscovolunteers.de\/michaelinargentinien\/wp-json\/wp\/v2\/pages"}],"about":[{"href":"https:\/\/blogs.donboscovolunteers.de\/michaelinargentinien\/wp-json\/wp\/v2\/types\/page"}],"author":[{"embeddable":true,"href":"https:\/\/blogs.donboscovolunteers.de\/michaelinargentinien\/wp-json\/wp\/v2\/users\/21797"}],"replies":[{"embeddable":true,"href":"https:\/\/blogs.donboscovolunteers.de\/michaelinargentinien\/wp-json\/wp\/v2\/comments?post=59"}],"version-history":[{"count":2,"href":"https:\/\/blogs.donboscovolunteers.de\/michaelinargentinien\/wp-json\/wp\/v2\/pages\/59\/revisions"}],"predecessor-version":[{"id":71,"href":"https:\/\/blogs.donboscovolunteers.de\/michaelinargentinien\/wp-json\/wp\/v2\/pages\/59\/revisions\/71"}],"wp:attachment":[{"href":"https:\/\/blogs.donboscovolunteers.de\/michaelinargentinien\/wp-json\/wp\/v2\/media?parent=59"}],"curies":[{"name":"wp","href":"https:\/\/api.w.org\/{rel}","templated":true}]}}