{"id":58,"date":"2023-09-05T00:30:10","date_gmt":"2023-09-04T22:30:10","guid":{"rendered":"https:\/\/blogs.donboscovolunteers.de\/michaelinargentinien\/?page_id=58"},"modified":"2023-09-05T00:42:11","modified_gmt":"2023-09-04T22:42:11","slug":"ueber-mich","status":"publish","type":"page","link":"https:\/\/blogs.donboscovolunteers.de\/michaelinargentinien\/ueber-mich\/","title":{"rendered":"\u00dcber mich"},"content":{"rendered":"<p class=\"has-large-font-size\"><a href=\"https:\/\/blogs.donboscovolunteers.de\/michaelinargentinien\/2023\/08\/24\/hola-mi-amigos\/\"><strong>Hola mi Amigos<\/strong><\/a><\/p>\n\n\n\n<p>Hola \u2013 ein herzliches Willkommen auf meiner Blogseite<\/p>\n\n\n\n<p>Ich hei\u00dfe Michael H\u00e4rtle und bin 19 Jahre alt. Ich komme aus einem kleineren Ort in Bayern \u2013 n\u00e4mlich aus Pei\u00dfenberg, das liegt ca. 60 km s\u00fcdlich von M\u00fcnchen.<\/p>\n\n\n\n<figure class=\"wp-block-image\"><img loading=\"lazy\" decoding=\"async\" width=\"414\" height=\"610\" src=\"https:\/\/blogs.donboscovolunteers.de\/michaelinargentinien\/wp-content\/uploads\/sites\/21692\/2023\/09\/qqnv5f3d.png\" alt=\"\" class=\"wp-image-32\" srcset=\"https:\/\/blogs.donboscovolunteers.de\/michaelinargentinien\/wp-content\/uploads\/sites\/21692\/2023\/09\/qqnv5f3d.png 414w, https:\/\/blogs.donboscovolunteers.de\/michaelinargentinien\/wp-content\/uploads\/sites\/21692\/2023\/09\/qqnv5f3d-204x300.png 204w\" sizes=\"auto, (max-width: 414px) 100vw, 414px\" \/><\/figure>\n\n\n\n<p>Ich habe einen \u00e4lteren Bruder Florian, der f\u00fcr jeden Schmarrn zu haben ist\u00a0\ud83d\ude42<\/p>\n\n\n\n<p>Au\u00dferdem habe ich noch eine Katze namens \u201eKr\u00fcmel\u201c \u2013 eigentlich m\u00fcsste er jetzt eher \u201eBrot\u201c hei\u00dfen, weil mein Kater inzwischen schon 4 Jahre alt ist und gro\u00df und stark geworden ist\u2026 Aber f\u00fcr uns bleibt er immer unser kleiner \u201eKr\u00fcmel\u201c.<\/p>\n\n\n\n<p>Ich spiele gerne Fu\u00dfball und Basketball und wandere gerne in den Bergen. Ich reise auch sehr gerne und habe schon viele L\u00e4nder auf dieser Welt besucht.<\/p>\n\n\n\n<p>Ich war 2019\/2020 als Austauschsch\u00fcler in den USA und habe dort 10 Monate in Iowa gelebt und eine Highschool besucht.<\/p>\n\n\n\n<p>Nun werde ich f\u00fcr 1 Jahr meine Heimat mit einem neuen Leben in Argentinien eintauschen. Da bin ich schon gespannt und freue mich auf das Kennenlernen eines neuen Landes, vieler netter Menschen, einer neuen Kultur, vielf\u00e4ltigen Erfahrungen etc \u2013 einfach auf ein neues Leben in der Ferne .&nbsp;<\/p>","protected":false},"excerpt":{"rendered":"<p>Hola mi Amigos Hola \u2013 ein herzliches Willkommen auf meiner Blogseite Ich hei\u00dfe Michael H\u00e4rtle und bin 19 Jahre alt. Ich komme aus einem kleineren Ort in Bayern \u2013 n\u00e4mlich aus Pei\u00dfenberg, das liegt ca. 60 km s\u00fcdlich von M\u00fcnchen. Ich habe einen \u00e4lteren Bruder Florian, der f\u00fcr jeden Schmarrn zu haben ist\u00a0\ud83d\ude42 Au\u00dferdem habe [&hellip;]<\/p>\n","protected":false},"author":21797,"featured_media":0,"parent":0,"menu_order":0,"comment_status":"closed","ping_status":"closed","template":"","meta":{"footnotes":""},"class_list":["post-58","page","type-page","status-publish","hentry"],"yoast_head":"<!-- This site is optimized with the Yoast SEO plugin v25.3.1 - https:\/\/yoast.com\/wordpress\/plugins\/seo\/ -->\n<title>\u00dcber mich - Michael in Argentinien<\/title>\n<meta name=\"robots\" content=\"index, follow, max-snippet:-1, max-image-preview:large, max-video-preview:-1\" \/>\n<link rel=\"canonical\" href=\"https:\/\/blogs.donboscovolunteers.de\/michaelinargentinien\/ueber-mich\/\" \/>\n<meta property=\"og:locale\" content=\"de_DE\" \/>\n<meta property=\"og:type\" content=\"article\" \/>\n<meta property=\"og:title\" content=\"\u00dcber mich - Michael in Argentinien\" \/>\n<meta property=\"og:description\" content=\"Hola mi Amigos Hola \u2013 ein herzliches Willkommen auf meiner Blogseite Ich hei\u00dfe Michael H\u00e4rtle und bin 19 Jahre alt. Ich komme aus einem kleineren Ort in Bayern \u2013 n\u00e4mlich aus Pei\u00dfenberg, das liegt ca. 60 km s\u00fcdlich von M\u00fcnchen. Ich habe einen \u00e4lteren Bruder Florian, der f\u00fcr jeden Schmarrn zu haben ist\u00a0\ud83d\ude42 Au\u00dferdem habe [&hellip;]\" \/>\n<meta property=\"og:url\" content=\"https:\/\/blogs.donboscovolunteers.de\/michaelinargentinien\/ueber-mich\/\" \/>\n<meta property=\"og:site_name\" content=\"Michael in Argentinien\" \/>\n<meta property=\"article:modified_time\" content=\"2023-09-04T22:42:11+00:00\" \/>\n<meta property=\"og:image\" content=\"https:\/\/blogs.donboscovolunteers.de\/michaelinargentinien\/wp-content\/uploads\/sites\/21692\/2023\/09\/qqnv5f3d.png\" \/>\n<meta name=\"twitter:card\" content=\"summary_large_image\" \/>\n<meta name=\"twitter:label1\" content=\"Gesch\u00e4tzte Lesezeit\" \/>\n\t<meta name=\"twitter:data1\" content=\"1\u00a0Minute\" \/>\n<script type=\"application\/ld+json\" class=\"yoast-schema-graph\">{\"@context\":\"https:\/\/schema.org\",\"@graph\":[{\"@type\":\"WebPage\",\"@id\":\"https:\/\/blogs.donboscovolunteers.de\/michaelinargentinien\/ueber-mich\/\",\"url\":\"https:\/\/blogs.donboscovolunteers.de\/michaelinargentinien\/ueber-mich\/\",\"name\":\"\u00dcber mich - Michael in Argentinien\",\"isPartOf\":{\"@id\":\"https:\/\/blogs.donboscovolunteers.de\/michaelinargentinien\/#website\"},\"primaryImageOfPage\":{\"@id\":\"https:\/\/blogs.donboscovolunteers.de\/michaelinargentinien\/ueber-mich\/#primaryimage\"},\"image\":{\"@id\":\"https:\/\/blogs.donboscovolunteers.de\/michaelinargentinien\/ueber-mich\/#primaryimage\"},\"thumbnailUrl\":\"https:\/\/blogs.donboscovolunteers.de\/michaelinargentinien\/wp-content\/uploads\/sites\/21692\/2023\/09\/qqnv5f3d.png\",\"datePublished\":\"2023-09-04T22:30:10+00:00\",\"dateModified\":\"2023-09-04T22:42:11+00:00\",\"breadcrumb\":{\"@id\":\"https:\/\/blogs.donboscovolunteers.de\/michaelinargentinien\/ueber-mich\/#breadcrumb\"},\"inLanguage\":\"de\",\"potentialAction\":[{\"@type\":\"ReadAction\",\"target\":[\"https:\/\/blogs.donboscovolunteers.de\/michaelinargentinien\/ueber-mich\/\"]}]},{\"@type\":\"ImageObject\",\"inLanguage\":\"de\",\"@id\":\"https:\/\/blogs.donboscovolunteers.de\/michaelinargentinien\/ueber-mich\/#primaryimage\",\"url\":\"https:\/\/blogs.donboscovolunteers.de\/michaelinargentinien\/wp-content\/uploads\/sites\/21692\/2023\/09\/qqnv5f3d.png\",\"contentUrl\":\"https:\/\/blogs.donboscovolunteers.de\/michaelinargentinien\/wp-content\/uploads\/sites\/21692\/2023\/09\/qqnv5f3d.png\",\"width\":414,\"height\":610},{\"@type\":\"BreadcrumbList\",\"@id\":\"https:\/\/blogs.donboscovolunteers.de\/michaelinargentinien\/ueber-mich\/#breadcrumb\",\"itemListElement\":[{\"@type\":\"ListItem\",\"position\":1,\"name\":\"Startseite\",\"item\":\"https:\/\/blogs.donboscovolunteers.de\/michaelinargentinien\/\"},{\"@type\":\"ListItem\",\"position\":2,\"name\":\"\u00dcber mich\"}]},{\"@type\":\"WebSite\",\"@id\":\"https:\/\/blogs.donboscovolunteers.de\/michaelinargentinien\/#website\",\"url\":\"https:\/\/blogs.donboscovolunteers.de\/michaelinargentinien\/\",\"name\":\"Michael in Argentinien\",\"description\":\"\",\"potentialAction\":[{\"@type\":\"SearchAction\",\"target\":{\"@type\":\"EntryPoint\",\"urlTemplate\":\"https:\/\/blogs.donboscovolunteers.de\/michaelinargentinien\/?s={search_term_string}\"},\"query-input\":{\"@type\":\"PropertyValueSpecification\",\"valueRequired\":true,\"valueName\":\"search_term_string\"}}],\"inLanguage\":\"de\"}]}<\/script>\n<!-- \/ Yoast SEO plugin. -->","yoast_head_json":{"title":"\u00dcber mich - Michael in Argentinien","robots":{"index":"index","follow":"follow","max-snippet":"max-snippet:-1","max-image-preview":"max-image-preview:large","max-video-preview":"max-video-preview:-1"},"canonical":"https:\/\/blogs.donboscovolunteers.de\/michaelinargentinien\/ueber-mich\/","og_locale":"de_DE","og_type":"article","og_title":"\u00dcber mich - Michael in Argentinien","og_description":"Hola mi Amigos Hola \u2013 ein herzliches Willkommen auf meiner Blogseite Ich hei\u00dfe Michael H\u00e4rtle und bin 19 Jahre alt. Ich komme aus einem kleineren Ort in Bayern \u2013 n\u00e4mlich aus Pei\u00dfenberg, das liegt ca. 60 km s\u00fcdlich von M\u00fcnchen. Ich habe einen \u00e4lteren Bruder Florian, der f\u00fcr jeden Schmarrn zu haben ist\u00a0\ud83d\ude42 Au\u00dferdem habe [&hellip;]","og_url":"https:\/\/blogs.donboscovolunteers.de\/michaelinargentinien\/ueber-mich\/","og_site_name":"Michael in Argentinien","article_modified_time":"2023-09-04T22:42:11+00:00","og_image":[{"url":"https:\/\/blogs.donboscovolunteers.de\/michaelinargentinien\/wp-content\/uploads\/sites\/21692\/2023\/09\/qqnv5f3d.png","type":"","width":"","height":""}],"twitter_card":"summary_large_image","twitter_misc":{"Gesch\u00e4tzte Lesezeit":"1\u00a0Minute"},"schema":{"@context":"https:\/\/schema.org","@graph":[{"@type":"WebPage","@id":"https:\/\/blogs.donboscovolunteers.de\/michaelinargentinien\/ueber-mich\/","url":"https:\/\/blogs.donboscovolunteers.de\/michaelinargentinien\/ueber-mich\/","name":"\u00dcber mich - Michael in Argentinien","isPartOf":{"@id":"https:\/\/blogs.donboscovolunteers.de\/michaelinargentinien\/#website"},"primaryImageOfPage":{"@id":"https:\/\/blogs.donboscovolunteers.de\/michaelinargentinien\/ueber-mich\/#primaryimage"},"image":{"@id":"https:\/\/blogs.donboscovolunteers.de\/michaelinargentinien\/ueber-mich\/#primaryimage"},"thumbnailUrl":"https:\/\/blogs.donboscovolunteers.de\/michaelinargentinien\/wp-content\/uploads\/sites\/21692\/2023\/09\/qqnv5f3d.png","datePublished":"2023-09-04T22:30:10+00:00","dateModified":"2023-09-04T22:42:11+00:00","breadcrumb":{"@id":"https:\/\/blogs.donboscovolunteers.de\/michaelinargentinien\/ueber-mich\/#breadcrumb"},"inLanguage":"de","potentialAction":[{"@type":"ReadAction","target":["https:\/\/blogs.donboscovolunteers.de\/michaelinargentinien\/ueber-mich\/"]}]},{"@type":"ImageObject","inLanguage":"de","@id":"https:\/\/blogs.donboscovolunteers.de\/michaelinargentinien\/ueber-mich\/#primaryimage","url":"https:\/\/blogs.donboscovolunteers.de\/michaelinargentinien\/wp-content\/uploads\/sites\/21692\/2023\/09\/qqnv5f3d.png","contentUrl":"https:\/\/blogs.donboscovolunteers.de\/michaelinargentinien\/wp-content\/uploads\/sites\/21692\/2023\/09\/qqnv5f3d.png","width":414,"height":610},{"@type":"BreadcrumbList","@id":"https:\/\/blogs.donboscovolunteers.de\/michaelinargentinien\/ueber-mich\/#breadcrumb","itemListElement":[{"@type":"ListItem","position":1,"name":"Startseite","item":"https:\/\/blogs.donboscovolunteers.de\/michaelinargentinien\/"},{"@type":"ListItem","position":2,"name":"\u00dcber mich"}]},{"@type":"WebSite","@id":"https:\/\/blogs.donboscovolunteers.de\/michaelinargentinien\/#website","url":"https:\/\/blogs.donboscovolunteers.de\/michaelinargentinien\/","name":"Michael in Argentinien","description":"","potentialAction":[{"@type":"SearchAction","target":{"@type":"EntryPoint","urlTemplate":"https:\/\/blogs.donboscovolunteers.de\/michaelinargentinien\/?s={search_term_string}"},"query-input":{"@type":"PropertyValueSpecification","valueRequired":true,"valueName":"search_term_string"}}],"inLanguage":"de"}]}},"_links":{"self":[{"href":"https:\/\/blogs.donboscovolunteers.de\/michaelinargentinien\/wp-json\/wp\/v2\/pages\/58","targetHints":{"allow":["GET"]}}],"collection":[{"href":"https:\/\/blogs.donboscovolunteers.de\/michaelinargentinien\/wp-json\/wp\/v2\/pages"}],"about":[{"href":"https:\/\/blogs.donboscovolunteers.de\/michaelinargentinien\/wp-json\/wp\/v2\/types\/page"}],"author":[{"embeddable":true,"href":"https:\/\/blogs.donboscovolunteers.de\/michaelinargentinien\/wp-json\/wp\/v2\/users\/21797"}],"replies":[{"embeddable":true,"href":"https:\/\/blogs.donboscovolunteers.de\/michaelinargentinien\/wp-json\/wp\/v2\/comments?post=58"}],"version-history":[{"count":3,"href":"https:\/\/blogs.donboscovolunteers.de\/michaelinargentinien\/wp-json\/wp\/v2\/pages\/58\/revisions"}],"predecessor-version":[{"id":73,"href":"https:\/\/blogs.donboscovolunteers.de\/michaelinargentinien\/wp-json\/wp\/v2\/pages\/58\/revisions\/73"}],"wp:attachment":[{"href":"https:\/\/blogs.donboscovolunteers.de\/michaelinargentinien\/wp-json\/wp\/v2\/media?parent=58"}],"curies":[{"name":"wp","href":"https:\/\/api.w.org\/{rel}","templated":true}]}}