{"id":3,"date":"2025-04-24T20:15:09","date_gmt":"2025-04-24T18:15:09","guid":{"rendered":"https:\/\/blogs.donboscovolunteers.de\/merllin\/about\/"},"modified":"2025-04-26T14:15:03","modified_gmt":"2025-04-26T12:15:03","slug":"about","status":"publish","type":"page","link":"https:\/\/blogs.donboscovolunteers.de\/merllin\/about\/","title":{"rendered":"\u00dcber mich"},"content":{"rendered":"<p>Hallo zusammen! <\/p>\n\n\n\n<p>Ich bin Merle, 18, und werde 2025\/26 einen <a href=\"https:\/\/www.donboscovolunteers.de\/\">Freiwilligendienst<\/a> in Medell\u00edn, Kolumbien absolvieren. Dieser Blog hier wird zum einen f\u00fcr euch sein, damit ihr Einblicke in meinen Alltag bekommt, andererseits wird er als pers\u00f6nliches Tagebuch genutzt um mich in 5 Jahren auch noch detailliert an meinen Freiwilligendienst zu erinnern. <\/p>\n\n\n\n<p>Viel Spa\u00df beim Lesen:)<\/p>","protected":false},"excerpt":{"rendered":"<p>Hallo zusammen! Ich bin Merle, 18, und werde 2025\/26 einen <a href=\"https:\/\/www.donboscovolunteers.de\/\">Freiwilligendienst<\/a> in Medell\u00edn, Kolumbien absolvieren. Dieser Blog hier wird zum einen f\u00fcr euch sein, damit ihr Einblicke in meinen Alltag bekommt, andererseits wird er als pers\u00f6nliches Tagebuch genutzt um mich in 5 Jahren auch noch detailliert an meinen Freiwilligendienst zu erinnern. Viel Spa\u00df beim Lesen:)<\/p>\n","protected":false},"author":1,"featured_media":0,"parent":0,"menu_order":1,"comment_status":"closed","ping_status":"closed","template":"","meta":{"footnotes":""},"class_list":["post-3","page","type-page","status-publish","hentry"],"yoast_head":"<!-- This site is optimized with the Yoast SEO plugin v25.3.1 - https:\/\/yoast.com\/wordpress\/plugins\/seo\/ -->\n<title>\u00dcber mich - Merll\u00edn<\/title>\n<meta name=\"robots\" content=\"index, follow, max-snippet:-1, max-image-preview:large, max-video-preview:-1\" \/>\n<link rel=\"canonical\" href=\"https:\/\/blogs.donboscovolunteers.de\/merllin\/about\/\" \/>\n<meta property=\"og:locale\" content=\"de_DE\" \/>\n<meta property=\"og:type\" content=\"article\" \/>\n<meta property=\"og:title\" content=\"\u00dcber mich - Merll\u00edn\" \/>\n<meta property=\"og:description\" content=\"Hallo zusammen! Ich bin Merle, 18, und werde 2025\/26 einen Freiwilligendienst in Medell\u00edn, Kolumbien absolvieren. Dieser Blog hier wird zum einen f\u00fcr euch sein, damit ihr Einblicke in meinen Alltag bekommt, andererseits wird er als pers\u00f6nliches Tagebuch genutzt um mich in 5 Jahren auch noch detailliert an meinen Freiwilligendienst zu erinnern. Viel Spa\u00df beim Lesen:)\" \/>\n<meta property=\"og:url\" content=\"https:\/\/blogs.donboscovolunteers.de\/merllin\/about\/\" \/>\n<meta property=\"og:site_name\" content=\"Merll\u00edn\" \/>\n<meta property=\"article:modified_time\" content=\"2025-04-26T12:15:03+00:00\" \/>\n<meta name=\"twitter:card\" content=\"summary_large_image\" \/>\n<meta name=\"twitter:label1\" content=\"Gesch\u00e4tzte Lesezeit\" \/>\n\t<meta name=\"twitter:data1\" content=\"1\u00a0Minute\" \/>\n<script type=\"application\/ld+json\" class=\"yoast-schema-graph\">{\"@context\":\"https:\/\/schema.org\",\"@graph\":[{\"@type\":\"WebPage\",\"@id\":\"https:\/\/blogs.donboscovolunteers.de\/merllin\/about\/\",\"url\":\"https:\/\/blogs.donboscovolunteers.de\/merllin\/about\/\",\"name\":\"\u00dcber mich - Merll\u00edn\",\"isPartOf\":{\"@id\":\"https:\/\/blogs.donboscovolunteers.de\/merllin\/#website\"},\"datePublished\":\"2025-04-24T18:15:09+00:00\",\"dateModified\":\"2025-04-26T12:15:03+00:00\",\"breadcrumb\":{\"@id\":\"https:\/\/blogs.donboscovolunteers.de\/merllin\/about\/#breadcrumb\"},\"inLanguage\":\"de\",\"potentialAction\":[{\"@type\":\"ReadAction\",\"target\":[\"https:\/\/blogs.donboscovolunteers.de\/merllin\/about\/\"]}]},{\"@type\":\"BreadcrumbList\",\"@id\":\"https:\/\/blogs.donboscovolunteers.de\/merllin\/about\/#breadcrumb\",\"itemListElement\":[{\"@type\":\"ListItem\",\"position\":1,\"name\":\"Startseite\",\"item\":\"https:\/\/blogs.donboscovolunteers.de\/merllin\/\"},{\"@type\":\"ListItem\",\"position\":2,\"name\":\"\u00dcber mich\"}]},{\"@type\":\"WebSite\",\"@id\":\"https:\/\/blogs.donboscovolunteers.de\/merllin\/#website\",\"url\":\"https:\/\/blogs.donboscovolunteers.de\/merllin\/\",\"name\":\"Merll\u00edn\",\"description\":\"\",\"potentialAction\":[{\"@type\":\"SearchAction\",\"target\":{\"@type\":\"EntryPoint\",\"urlTemplate\":\"https:\/\/blogs.donboscovolunteers.de\/merllin\/?s={search_term_string}\"},\"query-input\":{\"@type\":\"PropertyValueSpecification\",\"valueRequired\":true,\"valueName\":\"search_term_string\"}}],\"inLanguage\":\"de\"}]}<\/script>\n<!-- \/ Yoast SEO plugin. -->","yoast_head_json":{"title":"\u00dcber mich - Merll\u00edn","robots":{"index":"index","follow":"follow","max-snippet":"max-snippet:-1","max-image-preview":"max-image-preview:large","max-video-preview":"max-video-preview:-1"},"canonical":"https:\/\/blogs.donboscovolunteers.de\/merllin\/about\/","og_locale":"de_DE","og_type":"article","og_title":"\u00dcber mich - Merll\u00edn","og_description":"Hallo zusammen! Ich bin Merle, 18, und werde 2025\/26 einen Freiwilligendienst in Medell\u00edn, Kolumbien absolvieren. Dieser Blog hier wird zum einen f\u00fcr euch sein, damit ihr Einblicke in meinen Alltag bekommt, andererseits wird er als pers\u00f6nliches Tagebuch genutzt um mich in 5 Jahren auch noch detailliert an meinen Freiwilligendienst zu erinnern. Viel Spa\u00df beim Lesen:)","og_url":"https:\/\/blogs.donboscovolunteers.de\/merllin\/about\/","og_site_name":"Merll\u00edn","article_modified_time":"2025-04-26T12:15:03+00:00","twitter_card":"summary_large_image","twitter_misc":{"Gesch\u00e4tzte Lesezeit":"1\u00a0Minute"},"schema":{"@context":"https:\/\/schema.org","@graph":[{"@type":"WebPage","@id":"https:\/\/blogs.donboscovolunteers.de\/merllin\/about\/","url":"https:\/\/blogs.donboscovolunteers.de\/merllin\/about\/","name":"\u00dcber mich - Merll\u00edn","isPartOf":{"@id":"https:\/\/blogs.donboscovolunteers.de\/merllin\/#website"},"datePublished":"2025-04-24T18:15:09+00:00","dateModified":"2025-04-26T12:15:03+00:00","breadcrumb":{"@id":"https:\/\/blogs.donboscovolunteers.de\/merllin\/about\/#breadcrumb"},"inLanguage":"de","potentialAction":[{"@type":"ReadAction","target":["https:\/\/blogs.donboscovolunteers.de\/merllin\/about\/"]}]},{"@type":"BreadcrumbList","@id":"https:\/\/blogs.donboscovolunteers.de\/merllin\/about\/#breadcrumb","itemListElement":[{"@type":"ListItem","position":1,"name":"Startseite","item":"https:\/\/blogs.donboscovolunteers.de\/merllin\/"},{"@type":"ListItem","position":2,"name":"\u00dcber mich"}]},{"@type":"WebSite","@id":"https:\/\/blogs.donboscovolunteers.de\/merllin\/#website","url":"https:\/\/blogs.donboscovolunteers.de\/merllin\/","name":"Merll\u00edn","description":"","potentialAction":[{"@type":"SearchAction","target":{"@type":"EntryPoint","urlTemplate":"https:\/\/blogs.donboscovolunteers.de\/merllin\/?s={search_term_string}"},"query-input":{"@type":"PropertyValueSpecification","valueRequired":true,"valueName":"search_term_string"}}],"inLanguage":"de"}]}},"_links":{"self":[{"href":"https:\/\/blogs.donboscovolunteers.de\/merllin\/wp-json\/wp\/v2\/pages\/3","targetHints":{"allow":["GET"]}}],"collection":[{"href":"https:\/\/blogs.donboscovolunteers.de\/merllin\/wp-json\/wp\/v2\/pages"}],"about":[{"href":"https:\/\/blogs.donboscovolunteers.de\/merllin\/wp-json\/wp\/v2\/types\/page"}],"author":[{"embeddable":true,"href":"https:\/\/blogs.donboscovolunteers.de\/merllin\/wp-json\/wp\/v2\/users\/1"}],"replies":[{"embeddable":true,"href":"https:\/\/blogs.donboscovolunteers.de\/merllin\/wp-json\/wp\/v2\/comments?post=3"}],"version-history":[{"count":1,"href":"https:\/\/blogs.donboscovolunteers.de\/merllin\/wp-json\/wp\/v2\/pages\/3\/revisions"}],"predecessor-version":[{"id":29,"href":"https:\/\/blogs.donboscovolunteers.de\/merllin\/wp-json\/wp\/v2\/pages\/3\/revisions\/29"}],"wp:attachment":[{"href":"https:\/\/blogs.donboscovolunteers.de\/merllin\/wp-json\/wp\/v2\/media?parent=3"}],"curies":[{"name":"wp","href":"https:\/\/api.w.org\/{rel}","templated":true}]}}