{"id":37,"date":"2020-11-05T14:03:33","date_gmt":"2020-11-05T13:03:33","guid":{"rendered":"https:\/\/blogs.donboscovolunteers.de\/meineevaluation\/?page_id=37"},"modified":"2020-11-05T14:03:34","modified_gmt":"2020-11-05T13:03:34","slug":"spenden","status":"publish","type":"page","link":"https:\/\/blogs.donboscovolunteers.de\/meineevaluation\/spenden\/","title":{"rendered":"Spenden"},"content":{"rendered":"<p>So ein <a href=\"https:\/\/www.donboscovolunteers.de\/\">Freiwilligendienst<\/a> ist nat\u00fcrlich nicht ganz kostenfrei und da stellt sich die Frage, wer das nun finanziert.<\/p>\n\n\n\n<p>Zum Gl\u00fcck wird <a href=\"https:\/\/www.donboscomission.de\/don-bosco\/\">Don Bosco<\/a> Volunteers hierbei von dem Programm weltw\u00e4rts unterst\u00fctzt. Dieses \u00fcbernimmt 75% der Kosten. Die \u00fcbrigen 2500 Euro m\u00fcssen die jeweiligen Organisationen selbst tragen.<\/p>\n\n\n\n<p>Mit jeder noch so kleinen Spende unterst\u00fctzt ihr also zun\u00e4chst mich und das Programm der Don Bosco Akademie. Zus\u00e4tzlich kommt das Geld, das \u00fcber den Betrag hinaus gespendet wird, weltweit den Projekten von Don Bsoco zugute.<\/p>\n\n\n\n<p>Schon einmal vielen Dank im Voraus!                                                                                                                                         Und nat\u00fcrlich erfolgt eine Spendenquittung bei Angabe von Namen und Anschrift.<\/p>\n\n\n\n<div class=\"wp-block-group has-vivid-green-cyan-background-color has-background\"><div class=\"wp-block-group__inner-container is-layout-flow wp-block-group-is-layout-flow\">\n<pre class=\"wp-block-preformatted\"><strong>DON BOSCO MISSION                                                                                                                                  LIGA BANK M\u00dcNCHEN                                                                                                              IBAN: DE66 7509 0300 0102 1418 76                                                                                         BIC: GENODEF1M05                                                                                                              Verwendungszweck: Stegmair Eva SV20B020<\/strong><\/pre>\n<\/div><\/div>","protected":false},"excerpt":{"rendered":"<p>So ein <a href=\"https:\/\/www.donboscovolunteers.de\/\">Freiwilligendienst<\/a> ist nat\u00fcrlich nicht ganz kostenfrei und da stellt sich die Frage, wer das nun finanziert. Zum Gl\u00fcck wird <a href=\"https:\/\/www.donboscomission.de\/don-bosco\/\">Don Bosco<\/a> Volunteers hierbei von dem Programm weltw\u00e4rts unterst\u00fctzt. Dieses \u00fcbernimmt 75% der Kosten. Die \u00fcbrigen 2500 Euro m\u00fcssen die jeweiligen Organisationen selbst tragen. Mit jeder noch so kleinen Spende unterst\u00fctzt ihr also zun\u00e4chst [&hellip;]<\/p>\n","protected":false},"author":21692,"featured_media":0,"parent":0,"menu_order":0,"comment_status":"closed","ping_status":"closed","template":"","meta":{"footnotes":""},"class_list":["post-37","page","type-page","status-publish","hentry"],"yoast_head":"<!-- This site is optimized with the Yoast SEO plugin v25.3.1 - https:\/\/yoast.com\/wordpress\/plugins\/seo\/ -->\n<title>Spenden - Meine EVAluation<\/title>\n<meta name=\"robots\" content=\"index, follow, max-snippet:-1, max-image-preview:large, max-video-preview:-1\" \/>\n<link rel=\"canonical\" href=\"https:\/\/blogs.donboscovolunteers.de\/meineevaluation\/spenden\/\" \/>\n<meta property=\"og:locale\" content=\"de_DE\" \/>\n<meta property=\"og:type\" content=\"article\" \/>\n<meta property=\"og:title\" content=\"Spenden - Meine EVAluation\" \/>\n<meta property=\"og:description\" content=\"So ein Freiwilligendienst ist nat\u00fcrlich nicht ganz kostenfrei und da stellt sich die Frage, wer das nun finanziert. Zum Gl\u00fcck wird Don Bosco Volunteers hierbei von dem Programm weltw\u00e4rts unterst\u00fctzt. Dieses \u00fcbernimmt 75% der Kosten. Die \u00fcbrigen 2500 Euro m\u00fcssen die jeweiligen Organisationen selbst tragen. Mit jeder noch so kleinen Spende unterst\u00fctzt ihr also zun\u00e4chst [&hellip;]\" \/>\n<meta property=\"og:url\" content=\"https:\/\/blogs.donboscovolunteers.de\/meineevaluation\/spenden\/\" \/>\n<meta property=\"og:site_name\" content=\"Meine EVAluation\" \/>\n<meta property=\"article:modified_time\" content=\"2020-11-05T13:03:34+00:00\" \/>\n<meta name=\"twitter:card\" content=\"summary_large_image\" \/>\n<meta name=\"twitter:label1\" content=\"Gesch\u00e4tzte Lesezeit\" \/>\n\t<meta name=\"twitter:data1\" content=\"1\u00a0Minute\" \/>\n<script type=\"application\/ld+json\" class=\"yoast-schema-graph\">{\"@context\":\"https:\/\/schema.org\",\"@graph\":[{\"@type\":\"WebPage\",\"@id\":\"https:\/\/blogs.donboscovolunteers.de\/meineevaluation\/spenden\/\",\"url\":\"https:\/\/blogs.donboscovolunteers.de\/meineevaluation\/spenden\/\",\"name\":\"Spenden - Meine EVAluation\",\"isPartOf\":{\"@id\":\"https:\/\/blogs.donboscovolunteers.de\/meineevaluation\/#website\"},\"datePublished\":\"2020-11-05T13:03:33+00:00\",\"dateModified\":\"2020-11-05T13:03:34+00:00\",\"breadcrumb\":{\"@id\":\"https:\/\/blogs.donboscovolunteers.de\/meineevaluation\/spenden\/#breadcrumb\"},\"inLanguage\":\"de\",\"potentialAction\":[{\"@type\":\"ReadAction\",\"target\":[\"https:\/\/blogs.donboscovolunteers.de\/meineevaluation\/spenden\/\"]}]},{\"@type\":\"BreadcrumbList\",\"@id\":\"https:\/\/blogs.donboscovolunteers.de\/meineevaluation\/spenden\/#breadcrumb\",\"itemListElement\":[{\"@type\":\"ListItem\",\"position\":1,\"name\":\"Startseite\",\"item\":\"https:\/\/blogs.donboscovolunteers.de\/meineevaluation\/\"},{\"@type\":\"ListItem\",\"position\":2,\"name\":\"Spenden\"}]},{\"@type\":\"WebSite\",\"@id\":\"https:\/\/blogs.donboscovolunteers.de\/meineevaluation\/#website\",\"url\":\"https:\/\/blogs.donboscovolunteers.de\/meineevaluation\/\",\"name\":\"Meine EVAluation\",\"description\":\"Mein Auslandsjahr im Inland\",\"potentialAction\":[{\"@type\":\"SearchAction\",\"target\":{\"@type\":\"EntryPoint\",\"urlTemplate\":\"https:\/\/blogs.donboscovolunteers.de\/meineevaluation\/?s={search_term_string}\"},\"query-input\":{\"@type\":\"PropertyValueSpecification\",\"valueRequired\":true,\"valueName\":\"search_term_string\"}}],\"inLanguage\":\"de\"}]}<\/script>\n<!-- \/ Yoast SEO plugin. -->","yoast_head_json":{"title":"Spenden - Meine EVAluation","robots":{"index":"index","follow":"follow","max-snippet":"max-snippet:-1","max-image-preview":"max-image-preview:large","max-video-preview":"max-video-preview:-1"},"canonical":"https:\/\/blogs.donboscovolunteers.de\/meineevaluation\/spenden\/","og_locale":"de_DE","og_type":"article","og_title":"Spenden - Meine EVAluation","og_description":"So ein Freiwilligendienst ist nat\u00fcrlich nicht ganz kostenfrei und da stellt sich die Frage, wer das nun finanziert. Zum Gl\u00fcck wird Don Bosco Volunteers hierbei von dem Programm weltw\u00e4rts unterst\u00fctzt. Dieses \u00fcbernimmt 75% der Kosten. Die \u00fcbrigen 2500 Euro m\u00fcssen die jeweiligen Organisationen selbst tragen. Mit jeder noch so kleinen Spende unterst\u00fctzt ihr also zun\u00e4chst [&hellip;]","og_url":"https:\/\/blogs.donboscovolunteers.de\/meineevaluation\/spenden\/","og_site_name":"Meine EVAluation","article_modified_time":"2020-11-05T13:03:34+00:00","twitter_card":"summary_large_image","twitter_misc":{"Gesch\u00e4tzte Lesezeit":"1\u00a0Minute"},"schema":{"@context":"https:\/\/schema.org","@graph":[{"@type":"WebPage","@id":"https:\/\/blogs.donboscovolunteers.de\/meineevaluation\/spenden\/","url":"https:\/\/blogs.donboscovolunteers.de\/meineevaluation\/spenden\/","name":"Spenden - Meine EVAluation","isPartOf":{"@id":"https:\/\/blogs.donboscovolunteers.de\/meineevaluation\/#website"},"datePublished":"2020-11-05T13:03:33+00:00","dateModified":"2020-11-05T13:03:34+00:00","breadcrumb":{"@id":"https:\/\/blogs.donboscovolunteers.de\/meineevaluation\/spenden\/#breadcrumb"},"inLanguage":"de","potentialAction":[{"@type":"ReadAction","target":["https:\/\/blogs.donboscovolunteers.de\/meineevaluation\/spenden\/"]}]},{"@type":"BreadcrumbList","@id":"https:\/\/blogs.donboscovolunteers.de\/meineevaluation\/spenden\/#breadcrumb","itemListElement":[{"@type":"ListItem","position":1,"name":"Startseite","item":"https:\/\/blogs.donboscovolunteers.de\/meineevaluation\/"},{"@type":"ListItem","position":2,"name":"Spenden"}]},{"@type":"WebSite","@id":"https:\/\/blogs.donboscovolunteers.de\/meineevaluation\/#website","url":"https:\/\/blogs.donboscovolunteers.de\/meineevaluation\/","name":"Meine EVAluation","description":"Mein Auslandsjahr im Inland","potentialAction":[{"@type":"SearchAction","target":{"@type":"EntryPoint","urlTemplate":"https:\/\/blogs.donboscovolunteers.de\/meineevaluation\/?s={search_term_string}"},"query-input":{"@type":"PropertyValueSpecification","valueRequired":true,"valueName":"search_term_string"}}],"inLanguage":"de"}]}},"_links":{"self":[{"href":"https:\/\/blogs.donboscovolunteers.de\/meineevaluation\/wp-json\/wp\/v2\/pages\/37","targetHints":{"allow":["GET"]}}],"collection":[{"href":"https:\/\/blogs.donboscovolunteers.de\/meineevaluation\/wp-json\/wp\/v2\/pages"}],"about":[{"href":"https:\/\/blogs.donboscovolunteers.de\/meineevaluation\/wp-json\/wp\/v2\/types\/page"}],"author":[{"embeddable":true,"href":"https:\/\/blogs.donboscovolunteers.de\/meineevaluation\/wp-json\/wp\/v2\/users\/21692"}],"replies":[{"embeddable":true,"href":"https:\/\/blogs.donboscovolunteers.de\/meineevaluation\/wp-json\/wp\/v2\/comments?post=37"}],"version-history":[{"count":2,"href":"https:\/\/blogs.donboscovolunteers.de\/meineevaluation\/wp-json\/wp\/v2\/pages\/37\/revisions"}],"predecessor-version":[{"id":39,"href":"https:\/\/blogs.donboscovolunteers.de\/meineevaluation\/wp-json\/wp\/v2\/pages\/37\/revisions\/39"}],"wp:attachment":[{"href":"https:\/\/blogs.donboscovolunteers.de\/meineevaluation\/wp-json\/wp\/v2\/media?parent=37"}],"curies":[{"name":"wp","href":"https:\/\/api.w.org\/{rel}","templated":true}]}}