{"id":28,"date":"2020-11-02T18:33:04","date_gmt":"2020-11-02T17:33:04","guid":{"rendered":"https:\/\/blogs.donboscovolunteers.de\/meineevaluation\/?page_id=28"},"modified":"2021-02-19T15:30:59","modified_gmt":"2021-02-19T14:30:59","slug":"ueber-mich","status":"publish","type":"page","link":"https:\/\/blogs.donboscovolunteers.de\/meineevaluation\/","title":{"rendered":"\u00dcber mich"},"content":{"rendered":"<p>Hallo!<\/p>\n\n\n\n<p>Ich hei\u00dfe Eva, bin 18 Jahre alt und komme aus Kempten im sch\u00f6nen Allg\u00e4u!<\/p>\n\n\n\n<p>Wie die meisten anderen Volont\u00e4r*innen habe auch ich 2020 mein Abitur gemacht und mich daf\u00fcr entschieden danach ein Jahr ins Ausland zu gehen. Auch wenn die Ausreise nach <a href=\"https:\/\/strassenkinder.de\/laender\/asien\/inden\/\">Indien<\/a> jetzt erstmal verschoben werden musste, freue ich mich trotzdem auf die kommende Zeit mit <a href=\"https:\/\/www.donboscomission.de\/don-bosco\/\">Don Bosco<\/a> Volunteers.<\/p>\n\n\n\n<p>Ich w\u00fcrde mich sehr freuen, wenn ihr mich auf meinem Abenteuer begleitet. Zwar wei\u00df ich noch nicht genau, wie die n\u00e4chste Zeit aussehen wird, trotzdem werde ich versuchen mich hier immer wieder zu melden und euch zu berichten! <\/p>","protected":false},"excerpt":{"rendered":"<p>Hallo! Ich hei\u00dfe Eva, bin 18 Jahre alt und komme aus Kempten im sch\u00f6nen Allg\u00e4u! Wie die meisten anderen Volont\u00e4r*innen habe auch ich 2020 mein Abitur gemacht und mich daf\u00fcr entschieden danach ein Jahr ins Ausland zu gehen. Auch wenn die Ausreise nach <a href=\"https:\/\/strassenkinder.de\/laender\/asien\/inden\/\">Indien<\/a> jetzt erstmal verschoben werden musste, freue ich mich trotzdem auf die [&hellip;]<\/p>\n","protected":false},"author":21692,"featured_media":0,"parent":0,"menu_order":0,"comment_status":"open","ping_status":"closed","template":"","meta":{"footnotes":""},"class_list":["post-28","page","type-page","status-publish","hentry"],"yoast_head":"<!-- This site is optimized with the Yoast SEO plugin v25.3.1 - https:\/\/yoast.com\/wordpress\/plugins\/seo\/ -->\n<title>\u00dcber mich - Meine EVAluation<\/title>\n<meta name=\"robots\" content=\"index, follow, max-snippet:-1, max-image-preview:large, max-video-preview:-1\" \/>\n<link rel=\"canonical\" href=\"https:\/\/blogs.donboscovolunteers.de\/meineevaluation\/\" \/>\n<meta property=\"og:locale\" content=\"de_DE\" \/>\n<meta property=\"og:type\" content=\"article\" \/>\n<meta property=\"og:title\" content=\"\u00dcber mich - Meine EVAluation\" \/>\n<meta property=\"og:description\" content=\"Hallo! Ich hei\u00dfe Eva, bin 18 Jahre alt und komme aus Kempten im sch\u00f6nen Allg\u00e4u! Wie die meisten anderen Volont\u00e4r*innen habe auch ich 2020 mein Abitur gemacht und mich daf\u00fcr entschieden danach ein Jahr ins Ausland zu gehen. Auch wenn die Ausreise nach Indien jetzt erstmal verschoben werden musste, freue ich mich trotzdem auf die [&hellip;]\" \/>\n<meta property=\"og:url\" content=\"https:\/\/blogs.donboscovolunteers.de\/meineevaluation\/\" \/>\n<meta property=\"og:site_name\" content=\"Meine EVAluation\" \/>\n<meta property=\"article:modified_time\" content=\"2021-02-19T14:30:59+00:00\" \/>\n<meta name=\"twitter:card\" content=\"summary_large_image\" \/>\n<meta name=\"twitter:label1\" content=\"Gesch\u00e4tzte Lesezeit\" \/>\n\t<meta name=\"twitter:data1\" content=\"1\u00a0Minute\" \/>\n<script type=\"application\/ld+json\" class=\"yoast-schema-graph\">{\"@context\":\"https:\/\/schema.org\",\"@graph\":[{\"@type\":\"WebPage\",\"@id\":\"https:\/\/blogs.donboscovolunteers.de\/meineevaluation\/\",\"url\":\"https:\/\/blogs.donboscovolunteers.de\/meineevaluation\/\",\"name\":\"\u00dcber mich - Meine EVAluation\",\"isPartOf\":{\"@id\":\"https:\/\/blogs.donboscovolunteers.de\/meineevaluation\/#website\"},\"datePublished\":\"2020-11-02T17:33:04+00:00\",\"dateModified\":\"2021-02-19T14:30:59+00:00\",\"breadcrumb\":{\"@id\":\"https:\/\/blogs.donboscovolunteers.de\/meineevaluation\/#breadcrumb\"},\"inLanguage\":\"de\",\"potentialAction\":[{\"@type\":\"ReadAction\",\"target\":[\"https:\/\/blogs.donboscovolunteers.de\/meineevaluation\/\"]}]},{\"@type\":\"BreadcrumbList\",\"@id\":\"https:\/\/blogs.donboscovolunteers.de\/meineevaluation\/#breadcrumb\",\"itemListElement\":[{\"@type\":\"ListItem\",\"position\":1,\"name\":\"Startseite\",\"item\":\"https:\/\/blogs.donboscovolunteers.de\/meineevaluation\/\"},{\"@type\":\"ListItem\",\"position\":2,\"name\":\"\u00dcber mich\"}]},{\"@type\":\"WebSite\",\"@id\":\"https:\/\/blogs.donboscovolunteers.de\/meineevaluation\/#website\",\"url\":\"https:\/\/blogs.donboscovolunteers.de\/meineevaluation\/\",\"name\":\"Meine EVAluation\",\"description\":\"Mein Auslandsjahr im Inland\",\"potentialAction\":[{\"@type\":\"SearchAction\",\"target\":{\"@type\":\"EntryPoint\",\"urlTemplate\":\"https:\/\/blogs.donboscovolunteers.de\/meineevaluation\/?s={search_term_string}\"},\"query-input\":{\"@type\":\"PropertyValueSpecification\",\"valueRequired\":true,\"valueName\":\"search_term_string\"}}],\"inLanguage\":\"de\"}]}<\/script>\n<!-- \/ Yoast SEO plugin. -->","yoast_head_json":{"title":"\u00dcber mich - Meine EVAluation","robots":{"index":"index","follow":"follow","max-snippet":"max-snippet:-1","max-image-preview":"max-image-preview:large","max-video-preview":"max-video-preview:-1"},"canonical":"https:\/\/blogs.donboscovolunteers.de\/meineevaluation\/","og_locale":"de_DE","og_type":"article","og_title":"\u00dcber mich - Meine EVAluation","og_description":"Hallo! Ich hei\u00dfe Eva, bin 18 Jahre alt und komme aus Kempten im sch\u00f6nen Allg\u00e4u! Wie die meisten anderen Volont\u00e4r*innen habe auch ich 2020 mein Abitur gemacht und mich daf\u00fcr entschieden danach ein Jahr ins Ausland zu gehen. Auch wenn die Ausreise nach Indien jetzt erstmal verschoben werden musste, freue ich mich trotzdem auf die [&hellip;]","og_url":"https:\/\/blogs.donboscovolunteers.de\/meineevaluation\/","og_site_name":"Meine EVAluation","article_modified_time":"2021-02-19T14:30:59+00:00","twitter_card":"summary_large_image","twitter_misc":{"Gesch\u00e4tzte Lesezeit":"1\u00a0Minute"},"schema":{"@context":"https:\/\/schema.org","@graph":[{"@type":"WebPage","@id":"https:\/\/blogs.donboscovolunteers.de\/meineevaluation\/","url":"https:\/\/blogs.donboscovolunteers.de\/meineevaluation\/","name":"\u00dcber mich - Meine EVAluation","isPartOf":{"@id":"https:\/\/blogs.donboscovolunteers.de\/meineevaluation\/#website"},"datePublished":"2020-11-02T17:33:04+00:00","dateModified":"2021-02-19T14:30:59+00:00","breadcrumb":{"@id":"https:\/\/blogs.donboscovolunteers.de\/meineevaluation\/#breadcrumb"},"inLanguage":"de","potentialAction":[{"@type":"ReadAction","target":["https:\/\/blogs.donboscovolunteers.de\/meineevaluation\/"]}]},{"@type":"BreadcrumbList","@id":"https:\/\/blogs.donboscovolunteers.de\/meineevaluation\/#breadcrumb","itemListElement":[{"@type":"ListItem","position":1,"name":"Startseite","item":"https:\/\/blogs.donboscovolunteers.de\/meineevaluation\/"},{"@type":"ListItem","position":2,"name":"\u00dcber mich"}]},{"@type":"WebSite","@id":"https:\/\/blogs.donboscovolunteers.de\/meineevaluation\/#website","url":"https:\/\/blogs.donboscovolunteers.de\/meineevaluation\/","name":"Meine EVAluation","description":"Mein Auslandsjahr im Inland","potentialAction":[{"@type":"SearchAction","target":{"@type":"EntryPoint","urlTemplate":"https:\/\/blogs.donboscovolunteers.de\/meineevaluation\/?s={search_term_string}"},"query-input":{"@type":"PropertyValueSpecification","valueRequired":true,"valueName":"search_term_string"}}],"inLanguage":"de"}]}},"_links":{"self":[{"href":"https:\/\/blogs.donboscovolunteers.de\/meineevaluation\/wp-json\/wp\/v2\/pages\/28","targetHints":{"allow":["GET"]}}],"collection":[{"href":"https:\/\/blogs.donboscovolunteers.de\/meineevaluation\/wp-json\/wp\/v2\/pages"}],"about":[{"href":"https:\/\/blogs.donboscovolunteers.de\/meineevaluation\/wp-json\/wp\/v2\/types\/page"}],"author":[{"embeddable":true,"href":"https:\/\/blogs.donboscovolunteers.de\/meineevaluation\/wp-json\/wp\/v2\/users\/21692"}],"replies":[{"embeddable":true,"href":"https:\/\/blogs.donboscovolunteers.de\/meineevaluation\/wp-json\/wp\/v2\/comments?post=28"}],"version-history":[{"count":7,"href":"https:\/\/blogs.donboscovolunteers.de\/meineevaluation\/wp-json\/wp\/v2\/pages\/28\/revisions"}],"predecessor-version":[{"id":100,"href":"https:\/\/blogs.donboscovolunteers.de\/meineevaluation\/wp-json\/wp\/v2\/pages\/28\/revisions\/100"}],"wp:attachment":[{"href":"https:\/\/blogs.donboscovolunteers.de\/meineevaluation\/wp-json\/wp\/v2\/media?parent=28"}],"curies":[{"name":"wp","href":"https:\/\/api.w.org\/{rel}","templated":true}]}}