{"id":3,"date":"2024-07-22T11:19:07","date_gmt":"2024-07-22T09:19:07","guid":{"rendered":"https:\/\/blogs.donboscovolunteers.de\/marleniwirdindi\/about\/"},"modified":"2024-08-23T15:21:02","modified_gmt":"2024-08-23T13:21:02","slug":"about","status":"publish","type":"page","link":"https:\/\/blogs.donboscovolunteers.de\/marleniwirdindi\/about\/","title":{"rendered":"\u0ba8\u0bbe\u0ba9\u0bcd \u0ba4\u0bbe\u0ba9\u0bcd &#8211; Das bin ich"},"content":{"rendered":"<p>Hallo Zusammen!<\/p>\n\n\n<div class=\"wp-block-image\">\n<figure class=\"alignleft size-large is-resized\"><img loading=\"lazy\" decoding=\"async\" width=\"875\" height=\"1024\" src=\"https:\/\/blogs.donboscovolunteers.de\/marleniwirdindi\/wp-content\/uploads\/sites\/21716\/2024\/08\/Mee-1-875x1024.jpg\" alt=\"\" class=\"wp-image-44\" style=\"width:150px;height:auto\" srcset=\"https:\/\/blogs.donboscovolunteers.de\/marleniwirdindi\/wp-content\/uploads\/sites\/21716\/2024\/08\/Mee-1-875x1024.jpg 875w, https:\/\/blogs.donboscovolunteers.de\/marleniwirdindi\/wp-content\/uploads\/sites\/21716\/2024\/08\/Mee-1-256x300.jpg 256w, https:\/\/blogs.donboscovolunteers.de\/marleniwirdindi\/wp-content\/uploads\/sites\/21716\/2024\/08\/Mee-1-768x899.jpg 768w, https:\/\/blogs.donboscovolunteers.de\/marleniwirdindi\/wp-content\/uploads\/sites\/21716\/2024\/08\/Mee-1-900x1053.jpg 900w, https:\/\/blogs.donboscovolunteers.de\/marleniwirdindi\/wp-content\/uploads\/sites\/21716\/2024\/08\/Mee-1.jpg 1094w\" sizes=\"auto, (max-width: 875px) 100vw, 875px\" \/><\/figure>\n<\/div>\n\n\n<p>Ich bin Marlene Ott, 18 Jahre alt und komme aus dem s\u00fcdlichen Allg\u00e4u. Nach meinem bestandenen Abitur gehts f\u00fcr mich raus in die gro\u00dfe weite Welt! Ab September 2024 darf ich f\u00fcr ein Jahr nach <a href=\"https:\/\/strassenkinder.de\/laender\/asien\/inden\/\">Indien<\/a> im Rahmen des <a href=\"https:\/\/www.donboscovolunteers.de\/\">Freiwilligendienst<\/a> Programms von <a href=\"https:\/\/www.donboscomission.de\/don-bosco\/\">Don Bosco<\/a>. Mit Don Bosco Volunteers habe ich die M\u00f6glichkeit ein soziales Projekt in Salem zu unterst\u00fctzen. Im Don Bosco Care Home &#8211; einem Internat f\u00fcr 5- bis 20-j\u00e4hrige Jungen &#8211; werden meine Mitvolunt\u00e4rin und ich in verschiedenen Bereichen mitarbeiten. Darunter fallen Aufgaben wie Hausaufgabenbetreuung und die Organisation verschiedenster Freizeitaktivit\u00e4ten.<\/p>\n\n\n<div class=\"wp-block-image\">\n<figure class=\"alignright size-full is-resized\"><img loading=\"lazy\" decoding=\"async\" width=\"694\" height=\"827\" src=\"https:\/\/blogs.donboscovolunteers.de\/marleniwirdindi\/wp-content\/uploads\/sites\/21716\/2024\/08\/indien.png\" alt=\"\" class=\"wp-image-64\" style=\"width:253px;height:auto\" srcset=\"https:\/\/blogs.donboscovolunteers.de\/marleniwirdindi\/wp-content\/uploads\/sites\/21716\/2024\/08\/indien.png 694w, https:\/\/blogs.donboscovolunteers.de\/marleniwirdindi\/wp-content\/uploads\/sites\/21716\/2024\/08\/indien-252x300.png 252w\" sizes=\"auto, (max-width: 694px) 100vw, 694px\" \/><\/figure>\n<\/div>\n\n\n<p>Was mich dabei sehr freut ist, dass ich dabei meine Musikalit\u00e4t und Kreativit\u00e4t in die Arbeit mit den Jungs miteinflie\u00dfen lassen kann. Ich war schon immer sozial engagiert in meiner Gemeinde und kann es nicht erwarten dieses Engagement auch in Indien zeigen zu d\u00fcrfen. Ich bin gespannt auf die vielen Begegnungen, Eindr\u00fccke und Erfahrungen, die auf mich warten. <\/p>\n\n\n\n<p>Auf diesem Kanal werde ich regelm\u00e4\u00dfig \u00fcber mein indisches Abenteuer berichten. Ich lade euch herzlich ein mich bei meinem Abenteuer des Freiwilligendiensts zu begleiten und w\u00fcnsche euch viel Spa\u00df beim Lesen meines Blogs! Gerne k\u00f6nnt ihr mir aber auch auf meinem Instgram-Account folgen, da gibts auch regelm\u00e4\u00dfige Updates (https:\/\/www.instagram.com\/marlene_goes_india\/). W\u00fcrde mich freuen, wenn ihr auch da vorbeischaut!!<\/p>\n\n\n\n<p>Eure Marlene<\/p>","protected":false},"excerpt":{"rendered":"<p>Hallo Zusammen! Ich bin Marlene Ott, 18 Jahre alt und komme aus dem s\u00fcdlichen Allg\u00e4u. Nach meinem bestandenen Abitur gehts f\u00fcr mich raus in die gro\u00dfe weite Welt! Ab September 2024 darf ich f\u00fcr ein Jahr nach <a href=\"https:\/\/strassenkinder.de\/laender\/asien\/inden\/\">Indien<\/a> im Rahmen des <a href=\"https:\/\/www.donboscovolunteers.de\/\">Freiwilligendienst<\/a> Programms von <a href=\"https:\/\/www.donboscomission.de\/don-bosco\/\">Don Bosco<\/a>. Mit Don Bosco Volunteers habe ich die M\u00f6glichkeit ein [&hellip;]<\/p>\n","protected":false},"author":21829,"featured_media":0,"parent":0,"menu_order":1,"comment_status":"closed","ping_status":"closed","template":"","meta":{"footnotes":""},"class_list":["post-3","page","type-page","status-publish","hentry"],"yoast_head":"<!-- This site is optimized with the Yoast SEO plugin v25.3.1 - https:\/\/yoast.com\/wordpress\/plugins\/seo\/ -->\n<title>\u0ba8\u0bbe\u0ba9\u0bcd \u0ba4\u0bbe\u0ba9\u0bcd - Das bin ich - Marleni wird Indi<\/title>\n<meta name=\"robots\" content=\"index, follow, max-snippet:-1, max-image-preview:large, max-video-preview:-1\" \/>\n<link rel=\"canonical\" href=\"https:\/\/blogs.donboscovolunteers.de\/marleniwirdindi\/about\/\" \/>\n<meta property=\"og:locale\" content=\"de_DE\" \/>\n<meta property=\"og:type\" content=\"article\" \/>\n<meta property=\"og:title\" content=\"\u0ba8\u0bbe\u0ba9\u0bcd \u0ba4\u0bbe\u0ba9\u0bcd - Das bin ich - Marleni wird Indi\" \/>\n<meta property=\"og:description\" content=\"Hallo Zusammen! Ich bin Marlene Ott, 18 Jahre alt und komme aus dem s\u00fcdlichen Allg\u00e4u. Nach meinem bestandenen Abitur gehts f\u00fcr mich raus in die gro\u00dfe weite Welt! Ab September 2024 darf ich f\u00fcr ein Jahr nach Indien im Rahmen des Freiwilligendienst Programms von Don Bosco. Mit Don Bosco Volunteers habe ich die M\u00f6glichkeit ein [&hellip;]\" \/>\n<meta property=\"og:url\" content=\"https:\/\/blogs.donboscovolunteers.de\/marleniwirdindi\/about\/\" \/>\n<meta property=\"og:site_name\" content=\"Marleni wird Indi\" \/>\n<meta property=\"article:modified_time\" content=\"2024-08-23T13:21:02+00:00\" \/>\n<meta property=\"og:image\" content=\"https:\/\/blogs.donboscovolunteers.de\/marleniwirdindi\/wp-content\/uploads\/sites\/21716\/2024\/08\/Mee-1-875x1024.jpg\" \/>\n<meta name=\"twitter:card\" content=\"summary_large_image\" \/>\n<meta name=\"twitter:label1\" content=\"Gesch\u00e4tzte Lesezeit\" \/>\n\t<meta name=\"twitter:data1\" content=\"2\u00a0Minuten\" \/>\n<script type=\"application\/ld+json\" class=\"yoast-schema-graph\">{\"@context\":\"https:\/\/schema.org\",\"@graph\":[{\"@type\":\"WebPage\",\"@id\":\"https:\/\/blogs.donboscovolunteers.de\/marleniwirdindi\/about\/\",\"url\":\"https:\/\/blogs.donboscovolunteers.de\/marleniwirdindi\/about\/\",\"name\":\"\u0ba8\u0bbe\u0ba9\u0bcd \u0ba4\u0bbe\u0ba9\u0bcd - Das bin ich - Marleni wird Indi\",\"isPartOf\":{\"@id\":\"https:\/\/blogs.donboscovolunteers.de\/marleniwirdindi\/#website\"},\"primaryImageOfPage\":{\"@id\":\"https:\/\/blogs.donboscovolunteers.de\/marleniwirdindi\/about\/#primaryimage\"},\"image\":{\"@id\":\"https:\/\/blogs.donboscovolunteers.de\/marleniwirdindi\/about\/#primaryimage\"},\"thumbnailUrl\":\"https:\/\/blogs.donboscovolunteers.de\/marleniwirdindi\/wp-content\/uploads\/sites\/21716\/2024\/08\/Mee-1-875x1024.jpg\",\"datePublished\":\"2024-07-22T09:19:07+00:00\",\"dateModified\":\"2024-08-23T13:21:02+00:00\",\"breadcrumb\":{\"@id\":\"https:\/\/blogs.donboscovolunteers.de\/marleniwirdindi\/about\/#breadcrumb\"},\"inLanguage\":\"de\",\"potentialAction\":[{\"@type\":\"ReadAction\",\"target\":[\"https:\/\/blogs.donboscovolunteers.de\/marleniwirdindi\/about\/\"]}]},{\"@type\":\"ImageObject\",\"inLanguage\":\"de\",\"@id\":\"https:\/\/blogs.donboscovolunteers.de\/marleniwirdindi\/about\/#primaryimage\",\"url\":\"https:\/\/blogs.donboscovolunteers.de\/marleniwirdindi\/wp-content\/uploads\/sites\/21716\/2024\/08\/Mee-1.jpg\",\"contentUrl\":\"https:\/\/blogs.donboscovolunteers.de\/marleniwirdindi\/wp-content\/uploads\/sites\/21716\/2024\/08\/Mee-1.jpg\",\"width\":1094,\"height\":1280},{\"@type\":\"BreadcrumbList\",\"@id\":\"https:\/\/blogs.donboscovolunteers.de\/marleniwirdindi\/about\/#breadcrumb\",\"itemListElement\":[{\"@type\":\"ListItem\",\"position\":1,\"name\":\"Startseite\",\"item\":\"https:\/\/blogs.donboscovolunteers.de\/marleniwirdindi\/\"},{\"@type\":\"ListItem\",\"position\":2,\"name\":\"\u0ba8\u0bbe\u0ba9\u0bcd \u0ba4\u0bbe\u0ba9\u0bcd &#8211; Das bin ich\"}]},{\"@type\":\"WebSite\",\"@id\":\"https:\/\/blogs.donboscovolunteers.de\/marleniwirdindi\/#website\",\"url\":\"https:\/\/blogs.donboscovolunteers.de\/marleniwirdindi\/\",\"name\":\"Marleni wird Indi\",\"description\":\"Begleite mich auf meinem Abenteuer in Indien\",\"potentialAction\":[{\"@type\":\"SearchAction\",\"target\":{\"@type\":\"EntryPoint\",\"urlTemplate\":\"https:\/\/blogs.donboscovolunteers.de\/marleniwirdindi\/?s={search_term_string}\"},\"query-input\":{\"@type\":\"PropertyValueSpecification\",\"valueRequired\":true,\"valueName\":\"search_term_string\"}}],\"inLanguage\":\"de\"}]}<\/script>\n<!-- \/ Yoast SEO plugin. -->","yoast_head_json":{"title":"\u0ba8\u0bbe\u0ba9\u0bcd \u0ba4\u0bbe\u0ba9\u0bcd - Das bin ich - Marleni wird Indi","robots":{"index":"index","follow":"follow","max-snippet":"max-snippet:-1","max-image-preview":"max-image-preview:large","max-video-preview":"max-video-preview:-1"},"canonical":"https:\/\/blogs.donboscovolunteers.de\/marleniwirdindi\/about\/","og_locale":"de_DE","og_type":"article","og_title":"\u0ba8\u0bbe\u0ba9\u0bcd \u0ba4\u0bbe\u0ba9\u0bcd - Das bin ich - Marleni wird Indi","og_description":"Hallo Zusammen! Ich bin Marlene Ott, 18 Jahre alt und komme aus dem s\u00fcdlichen Allg\u00e4u. Nach meinem bestandenen Abitur gehts f\u00fcr mich raus in die gro\u00dfe weite Welt! Ab September 2024 darf ich f\u00fcr ein Jahr nach Indien im Rahmen des Freiwilligendienst Programms von Don Bosco. Mit Don Bosco Volunteers habe ich die M\u00f6glichkeit ein [&hellip;]","og_url":"https:\/\/blogs.donboscovolunteers.de\/marleniwirdindi\/about\/","og_site_name":"Marleni wird Indi","article_modified_time":"2024-08-23T13:21:02+00:00","og_image":[{"url":"https:\/\/blogs.donboscovolunteers.de\/marleniwirdindi\/wp-content\/uploads\/sites\/21716\/2024\/08\/Mee-1-875x1024.jpg","type":"","width":"","height":""}],"twitter_card":"summary_large_image","twitter_misc":{"Gesch\u00e4tzte Lesezeit":"2\u00a0Minuten"},"schema":{"@context":"https:\/\/schema.org","@graph":[{"@type":"WebPage","@id":"https:\/\/blogs.donboscovolunteers.de\/marleniwirdindi\/about\/","url":"https:\/\/blogs.donboscovolunteers.de\/marleniwirdindi\/about\/","name":"\u0ba8\u0bbe\u0ba9\u0bcd \u0ba4\u0bbe\u0ba9\u0bcd - Das bin ich - Marleni wird Indi","isPartOf":{"@id":"https:\/\/blogs.donboscovolunteers.de\/marleniwirdindi\/#website"},"primaryImageOfPage":{"@id":"https:\/\/blogs.donboscovolunteers.de\/marleniwirdindi\/about\/#primaryimage"},"image":{"@id":"https:\/\/blogs.donboscovolunteers.de\/marleniwirdindi\/about\/#primaryimage"},"thumbnailUrl":"https:\/\/blogs.donboscovolunteers.de\/marleniwirdindi\/wp-content\/uploads\/sites\/21716\/2024\/08\/Mee-1-875x1024.jpg","datePublished":"2024-07-22T09:19:07+00:00","dateModified":"2024-08-23T13:21:02+00:00","breadcrumb":{"@id":"https:\/\/blogs.donboscovolunteers.de\/marleniwirdindi\/about\/#breadcrumb"},"inLanguage":"de","potentialAction":[{"@type":"ReadAction","target":["https:\/\/blogs.donboscovolunteers.de\/marleniwirdindi\/about\/"]}]},{"@type":"ImageObject","inLanguage":"de","@id":"https:\/\/blogs.donboscovolunteers.de\/marleniwirdindi\/about\/#primaryimage","url":"https:\/\/blogs.donboscovolunteers.de\/marleniwirdindi\/wp-content\/uploads\/sites\/21716\/2024\/08\/Mee-1.jpg","contentUrl":"https:\/\/blogs.donboscovolunteers.de\/marleniwirdindi\/wp-content\/uploads\/sites\/21716\/2024\/08\/Mee-1.jpg","width":1094,"height":1280},{"@type":"BreadcrumbList","@id":"https:\/\/blogs.donboscovolunteers.de\/marleniwirdindi\/about\/#breadcrumb","itemListElement":[{"@type":"ListItem","position":1,"name":"Startseite","item":"https:\/\/blogs.donboscovolunteers.de\/marleniwirdindi\/"},{"@type":"ListItem","position":2,"name":"\u0ba8\u0bbe\u0ba9\u0bcd \u0ba4\u0bbe\u0ba9\u0bcd &#8211; Das bin ich"}]},{"@type":"WebSite","@id":"https:\/\/blogs.donboscovolunteers.de\/marleniwirdindi\/#website","url":"https:\/\/blogs.donboscovolunteers.de\/marleniwirdindi\/","name":"Marleni wird Indi","description":"Begleite mich auf meinem Abenteuer in Indien","potentialAction":[{"@type":"SearchAction","target":{"@type":"EntryPoint","urlTemplate":"https:\/\/blogs.donboscovolunteers.de\/marleniwirdindi\/?s={search_term_string}"},"query-input":{"@type":"PropertyValueSpecification","valueRequired":true,"valueName":"search_term_string"}}],"inLanguage":"de"}]}},"_links":{"self":[{"href":"https:\/\/blogs.donboscovolunteers.de\/marleniwirdindi\/wp-json\/wp\/v2\/pages\/3","targetHints":{"allow":["GET"]}}],"collection":[{"href":"https:\/\/blogs.donboscovolunteers.de\/marleniwirdindi\/wp-json\/wp\/v2\/pages"}],"about":[{"href":"https:\/\/blogs.donboscovolunteers.de\/marleniwirdindi\/wp-json\/wp\/v2\/types\/page"}],"author":[{"embeddable":true,"href":"https:\/\/blogs.donboscovolunteers.de\/marleniwirdindi\/wp-json\/wp\/v2\/users\/21829"}],"replies":[{"embeddable":true,"href":"https:\/\/blogs.donboscovolunteers.de\/marleniwirdindi\/wp-json\/wp\/v2\/comments?post=3"}],"version-history":[{"count":4,"href":"https:\/\/blogs.donboscovolunteers.de\/marleniwirdindi\/wp-json\/wp\/v2\/pages\/3\/revisions"}],"predecessor-version":[{"id":65,"href":"https:\/\/blogs.donboscovolunteers.de\/marleniwirdindi\/wp-json\/wp\/v2\/pages\/3\/revisions\/65"}],"wp:attachment":[{"href":"https:\/\/blogs.donboscovolunteers.de\/marleniwirdindi\/wp-json\/wp\/v2\/media?parent=3"}],"curies":[{"name":"wp","href":"https:\/\/api.w.org\/{rel}","templated":true}]}}