{"id":4,"date":"2025-06-29T14:46:26","date_gmt":"2025-06-29T12:46:26","guid":{"rendered":"https:\/\/blogs.donboscovolunteers.de\/marleneinindien\/about-2\/"},"modified":"2025-07-13T22:49:04","modified_gmt":"2025-07-13T20:49:04","slug":"about-2","status":"publish","type":"page","link":"https:\/\/blogs.donboscovolunteers.de\/marleneinindien\/about-2\/","title":{"rendered":"Spenden"},"content":{"rendered":"<p>Unser <a href=\"https:\/\/www.donboscovolunteers.de\/\">Freiwilligendienst<\/a> wird zu 75% von Weltw\u00e4rts getragen. Die restlichen 25% m\u00fcssen wir durch einen Spendenkreis sammeln. Es w\u00fcrde mich riesig freuen, wenn du meine Arbeit unterst\u00fctzt und somit auch die wichtige Arbeit Don Boscos.<\/p>\n<p>Wenn ihr spenden m\u00f6chtet, k\u00f6nnt ihr das auf folgendes Konto tun:<\/p>\n<p><strong><a href=\"https:\/\/www.donboscomission.de\/don-bosco\/\">Don Bosco<\/a> Mission<\/strong><\/p>\n<p><strong>LIGA Bank M\u00fcnchen<\/strong><\/p>\n<p><strong>IBAN: DE66 7509 0300 0102 1418 76<\/strong><\/p>\n<p><strong>BIC: GENODEF1M05<\/strong><\/p>\n<p><strong>Verwendungszweck: Marlene Blum S25VB002<\/strong><\/p>\n<p>(Euch wird eine Spendenbescheinigung zugeschickt, wenn ihr im Verwendungszweck zus\u00e4tzlich eure Adresse angebt)<\/p>\n<p>Vielen Dank!<\/p>\n","protected":false},"excerpt":{"rendered":"<p>Unser <a href=\"https:\/\/www.donboscovolunteers.de\/\">Freiwilligendienst<\/a> wird zu 75% von Weltw\u00e4rts getragen. Die restlichen 25% m\u00fcssen wir durch einen Spendenkreis sammeln. Es w\u00fcrde mich riesig freuen, wenn du meine Arbeit unterst\u00fctzt und somit auch die wichtige Arbeit Don Boscos. Wenn ihr spenden m\u00f6chtet, k\u00f6nnt ihr das auf folgendes Konto tun: <a href=\"https:\/\/www.donboscomission.de\/don-bosco\/\">Don Bosco<\/a> Mission LIGA Bank M\u00fcnchen IBAN: DE66 7509 [&hellip;]<\/p>\n","protected":false},"author":1,"featured_media":0,"parent":0,"menu_order":1,"comment_status":"closed","ping_status":"closed","template":"","meta":{"footnotes":""},"class_list":["post-4","page","type-page","status-publish","hentry"],"yoast_head":"<!-- This site is optimized with the Yoast SEO plugin v25.3.1 - https:\/\/yoast.com\/wordpress\/plugins\/seo\/ -->\n<title>Spenden - Ma(r)l in Indien<\/title>\n<meta name=\"robots\" content=\"index, follow, max-snippet:-1, max-image-preview:large, max-video-preview:-1\" \/>\n<link rel=\"canonical\" href=\"https:\/\/blogs.donboscovolunteers.de\/marleneinindien\/about-2\/\" \/>\n<meta property=\"og:locale\" content=\"de_DE\" \/>\n<meta property=\"og:type\" content=\"article\" \/>\n<meta property=\"og:title\" content=\"Spenden - Ma(r)l in Indien\" \/>\n<meta property=\"og:description\" content=\"Unser Freiwilligendienst wird zu 75% von Weltw\u00e4rts getragen. Die restlichen 25% m\u00fcssen wir durch einen Spendenkreis sammeln. Es w\u00fcrde mich riesig freuen, wenn du meine Arbeit unterst\u00fctzt und somit auch die wichtige Arbeit Don Boscos. Wenn ihr spenden m\u00f6chtet, k\u00f6nnt ihr das auf folgendes Konto tun: Don Bosco Mission LIGA Bank M\u00fcnchen IBAN: DE66 7509 [&hellip;]\" \/>\n<meta property=\"og:url\" content=\"https:\/\/blogs.donboscovolunteers.de\/marleneinindien\/about-2\/\" \/>\n<meta property=\"og:site_name\" content=\"Ma(r)l in Indien\" \/>\n<meta property=\"article:modified_time\" content=\"2025-07-13T20:49:04+00:00\" \/>\n<meta name=\"twitter:card\" content=\"summary_large_image\" \/>\n<meta name=\"twitter:label1\" content=\"Gesch\u00e4tzte Lesezeit\" \/>\n\t<meta name=\"twitter:data1\" content=\"1\u00a0Minute\" \/>\n<script type=\"application\/ld+json\" class=\"yoast-schema-graph\">{\"@context\":\"https:\/\/schema.org\",\"@graph\":[{\"@type\":\"WebPage\",\"@id\":\"https:\/\/blogs.donboscovolunteers.de\/marleneinindien\/about-2\/\",\"url\":\"https:\/\/blogs.donboscovolunteers.de\/marleneinindien\/about-2\/\",\"name\":\"Spenden - Ma(r)l in Indien\",\"isPartOf\":{\"@id\":\"https:\/\/blogs.donboscovolunteers.de\/marleneinindien\/#website\"},\"datePublished\":\"2025-06-29T12:46:26+00:00\",\"dateModified\":\"2025-07-13T20:49:04+00:00\",\"breadcrumb\":{\"@id\":\"https:\/\/blogs.donboscovolunteers.de\/marleneinindien\/about-2\/#breadcrumb\"},\"inLanguage\":\"de\",\"potentialAction\":[{\"@type\":\"ReadAction\",\"target\":[\"https:\/\/blogs.donboscovolunteers.de\/marleneinindien\/about-2\/\"]}]},{\"@type\":\"BreadcrumbList\",\"@id\":\"https:\/\/blogs.donboscovolunteers.de\/marleneinindien\/about-2\/#breadcrumb\",\"itemListElement\":[{\"@type\":\"ListItem\",\"position\":1,\"name\":\"Startseite\",\"item\":\"https:\/\/blogs.donboscovolunteers.de\/marleneinindien\/\"},{\"@type\":\"ListItem\",\"position\":2,\"name\":\"Spenden\"}]},{\"@type\":\"WebSite\",\"@id\":\"https:\/\/blogs.donboscovolunteers.de\/marleneinindien\/#website\",\"url\":\"https:\/\/blogs.donboscovolunteers.de\/marleneinindien\/\",\"name\":\"Ma(r)l in Indien\",\"description\":\"\",\"potentialAction\":[{\"@type\":\"SearchAction\",\"target\":{\"@type\":\"EntryPoint\",\"urlTemplate\":\"https:\/\/blogs.donboscovolunteers.de\/marleneinindien\/?s={search_term_string}\"},\"query-input\":{\"@type\":\"PropertyValueSpecification\",\"valueRequired\":true,\"valueName\":\"search_term_string\"}}],\"inLanguage\":\"de\"}]}<\/script>\n<!-- \/ Yoast SEO plugin. -->","yoast_head_json":{"title":"Spenden - Ma(r)l in Indien","robots":{"index":"index","follow":"follow","max-snippet":"max-snippet:-1","max-image-preview":"max-image-preview:large","max-video-preview":"max-video-preview:-1"},"canonical":"https:\/\/blogs.donboscovolunteers.de\/marleneinindien\/about-2\/","og_locale":"de_DE","og_type":"article","og_title":"Spenden - Ma(r)l in Indien","og_description":"Unser Freiwilligendienst wird zu 75% von Weltw\u00e4rts getragen. Die restlichen 25% m\u00fcssen wir durch einen Spendenkreis sammeln. Es w\u00fcrde mich riesig freuen, wenn du meine Arbeit unterst\u00fctzt und somit auch die wichtige Arbeit Don Boscos. Wenn ihr spenden m\u00f6chtet, k\u00f6nnt ihr das auf folgendes Konto tun: Don Bosco Mission LIGA Bank M\u00fcnchen IBAN: DE66 7509 [&hellip;]","og_url":"https:\/\/blogs.donboscovolunteers.de\/marleneinindien\/about-2\/","og_site_name":"Ma(r)l in Indien","article_modified_time":"2025-07-13T20:49:04+00:00","twitter_card":"summary_large_image","twitter_misc":{"Gesch\u00e4tzte Lesezeit":"1\u00a0Minute"},"schema":{"@context":"https:\/\/schema.org","@graph":[{"@type":"WebPage","@id":"https:\/\/blogs.donboscovolunteers.de\/marleneinindien\/about-2\/","url":"https:\/\/blogs.donboscovolunteers.de\/marleneinindien\/about-2\/","name":"Spenden - Ma(r)l in Indien","isPartOf":{"@id":"https:\/\/blogs.donboscovolunteers.de\/marleneinindien\/#website"},"datePublished":"2025-06-29T12:46:26+00:00","dateModified":"2025-07-13T20:49:04+00:00","breadcrumb":{"@id":"https:\/\/blogs.donboscovolunteers.de\/marleneinindien\/about-2\/#breadcrumb"},"inLanguage":"de","potentialAction":[{"@type":"ReadAction","target":["https:\/\/blogs.donboscovolunteers.de\/marleneinindien\/about-2\/"]}]},{"@type":"BreadcrumbList","@id":"https:\/\/blogs.donboscovolunteers.de\/marleneinindien\/about-2\/#breadcrumb","itemListElement":[{"@type":"ListItem","position":1,"name":"Startseite","item":"https:\/\/blogs.donboscovolunteers.de\/marleneinindien\/"},{"@type":"ListItem","position":2,"name":"Spenden"}]},{"@type":"WebSite","@id":"https:\/\/blogs.donboscovolunteers.de\/marleneinindien\/#website","url":"https:\/\/blogs.donboscovolunteers.de\/marleneinindien\/","name":"Ma(r)l in Indien","description":"","potentialAction":[{"@type":"SearchAction","target":{"@type":"EntryPoint","urlTemplate":"https:\/\/blogs.donboscovolunteers.de\/marleneinindien\/?s={search_term_string}"},"query-input":{"@type":"PropertyValueSpecification","valueRequired":true,"valueName":"search_term_string"}}],"inLanguage":"de"}]}},"_links":{"self":[{"href":"https:\/\/blogs.donboscovolunteers.de\/marleneinindien\/wp-json\/wp\/v2\/pages\/4","targetHints":{"allow":["GET"]}}],"collection":[{"href":"https:\/\/blogs.donboscovolunteers.de\/marleneinindien\/wp-json\/wp\/v2\/pages"}],"about":[{"href":"https:\/\/blogs.donboscovolunteers.de\/marleneinindien\/wp-json\/wp\/v2\/types\/page"}],"author":[{"embeddable":true,"href":"https:\/\/blogs.donboscovolunteers.de\/marleneinindien\/wp-json\/wp\/v2\/users\/1"}],"replies":[{"embeddable":true,"href":"https:\/\/blogs.donboscovolunteers.de\/marleneinindien\/wp-json\/wp\/v2\/comments?post=4"}],"version-history":[{"count":1,"href":"https:\/\/blogs.donboscovolunteers.de\/marleneinindien\/wp-json\/wp\/v2\/pages\/4\/revisions"}],"predecessor-version":[{"id":24,"href":"https:\/\/blogs.donboscovolunteers.de\/marleneinindien\/wp-json\/wp\/v2\/pages\/4\/revisions\/24"}],"wp:attachment":[{"href":"https:\/\/blogs.donboscovolunteers.de\/marleneinindien\/wp-json\/wp\/v2\/media?parent=4"}],"curies":[{"name":"wp","href":"https:\/\/api.w.org\/{rel}","templated":true}]}}