{"id":3,"date":"2025-06-29T14:46:26","date_gmt":"2025-06-29T12:46:26","guid":{"rendered":"https:\/\/blogs.donboscovolunteers.de\/marleneinindien\/about\/"},"modified":"2025-07-13T22:27:07","modified_gmt":"2025-07-13T20:27:07","slug":"about","status":"publish","type":"page","link":"https:\/\/blogs.donboscovolunteers.de\/marleneinindien\/about\/","title":{"rendered":"\u00dcber mich"},"content":{"rendered":"<p><strong>Hallo Zusammen!!!<\/strong><\/p>\n<p>Ich hei\u00dfe Marlene, werde bald 19 Jahre alt und komme aus Obers\u00f6chering ,einem kleinen Dorf in Oberbayern in der N\u00e4he von Benediktbeuern. Wenn die Leute mich fragen, wo ich wohne, sage ich meistens ich komme aus M\u00fcnchen, weil mein Dorf jetzt nicht gerade Bekanntheit genie\u00dft. Wie auch immer. Hier wohne ich zusammen mit meiner kleinen Schwester und meinen Eltern. Jetzt habe ich, das Fachabitur in der Tasche und m\u00f6chte Erfahrungen au\u00dferhalb des Wei\u00dfwurst\u00e4quators sammeln.<\/p>\n<p><img loading=\"lazy\" decoding=\"async\" class=\"alignnone size-medium wp-image-18\" src=\"https:\/\/blogs.donboscovolunteers.de\/marleneinindien\/wp-content\/uploads\/sites\/21759\/2025\/07\/Obersoechering-Blick-vom-Badsee-300x211.jpg\" alt=\"\" width=\"300\" height=\"211\" srcset=\"https:\/\/blogs.donboscovolunteers.de\/marleneinindien\/wp-content\/uploads\/sites\/21759\/2025\/07\/Obersoechering-Blick-vom-Badsee-300x211.jpg 300w, https:\/\/blogs.donboscovolunteers.de\/marleneinindien\/wp-content\/uploads\/sites\/21759\/2025\/07\/Obersoechering-Blick-vom-Badsee.jpg 681w\" sizes=\"auto, (max-width: 300px) 100vw, 300px\" \/><\/p>\n<p>In meiner Freizeit gehe ich gerne in die Berge zum Wandern oder Skifahren. Au\u00dferdem bin ich im Laufteam des \u00f6rtlichen Sportvereins und in der Dorfjugend aktiv. Dort organisiert man Aktivit\u00e4ten, wie zum Beispiel ein Zeltlager oder einen H\u00fcttenausflug f\u00fcr Kinder. Ansonsten treffe ich mich gerne mit Freunden und dann \u00fcberlegen wir, was man im Dorf so machen kann.<\/p>\n<p><img loading=\"lazy\" decoding=\"async\" class=\"alignnone wp-image-19 size-medium\" src=\"https:\/\/blogs.donboscovolunteers.de\/marleneinindien\/wp-content\/uploads\/sites\/21759\/2025\/07\/blog-236x300.jpg\" alt=\"\" width=\"236\" height=\"300\" srcset=\"https:\/\/blogs.donboscovolunteers.de\/marleneinindien\/wp-content\/uploads\/sites\/21759\/2025\/07\/blog-236x300.jpg 236w, https:\/\/blogs.donboscovolunteers.de\/marleneinindien\/wp-content\/uploads\/sites\/21759\/2025\/07\/blog-805x1024.jpg 805w, https:\/\/blogs.donboscovolunteers.de\/marleneinindien\/wp-content\/uploads\/sites\/21759\/2025\/07\/blog-768x977.jpg 768w, https:\/\/blogs.donboscovolunteers.de\/marleneinindien\/wp-content\/uploads\/sites\/21759\/2025\/07\/blog-900x1145.jpg 900w, https:\/\/blogs.donboscovolunteers.de\/marleneinindien\/wp-content\/uploads\/sites\/21759\/2025\/07\/blog.jpg 1006w\" sizes=\"auto, (max-width: 236px) 100vw, 236px\" \/><\/p>\n<p>Ab September arbeite ich als <a href=\"https:\/\/www.donboscomission.de\/don-bosco\/\">Don Bosco<\/a> Volunteer f\u00fcr ein Jahr an der Ostk\u00fcste von <a href=\"https:\/\/strassenkinder.de\/laender\/asien\/inden\/\">Indien<\/a>. Die Stadt, in der wir leben werden, hei\u00dft <strong>\u201eVijayawada\u201c<\/strong> und hat ca. 2 Millionen Einwohner. Hier sind wir als Volunteers im Projekt <strong>\u201eNavajeevan\u201c<\/strong>. Dort gibt es ein Internat, ein Shelter und verschiedene Heime f\u00fcr Jungen und M\u00e4dchen. Ziel ist es, Stra\u00dfenkindern und Kindern aus \u00e4rmeren Verh\u00e4ltnissen eine Unterkunft zu bieten und Zugang zu schulischer Bildung zu erm\u00f6glichen.<\/p>\n<p><img loading=\"lazy\" decoding=\"async\" class=\"alignnone size-medium wp-image-20\" src=\"https:\/\/blogs.donboscovolunteers.de\/marleneinindien\/wp-content\/uploads\/sites\/21759\/2025\/07\/image-2-269x300.png\" alt=\"\" width=\"269\" height=\"300\" srcset=\"https:\/\/blogs.donboscovolunteers.de\/marleneinindien\/wp-content\/uploads\/sites\/21759\/2025\/07\/image-2-269x300.png 269w, https:\/\/blogs.donboscovolunteers.de\/marleneinindien\/wp-content\/uploads\/sites\/21759\/2025\/07\/image-2.png 396w\" sizes=\"auto, (max-width: 269px) 100vw, 269px\" \/><img loading=\"lazy\" decoding=\"async\" class=\"alignnone size-medium wp-image-21\" src=\"https:\/\/blogs.donboscovolunteers.de\/marleneinindien\/wp-content\/uploads\/sites\/21759\/2025\/07\/logo-organisation-300x214.png\" alt=\"\" width=\"300\" height=\"214\" srcset=\"https:\/\/blogs.donboscovolunteers.de\/marleneinindien\/wp-content\/uploads\/sites\/21759\/2025\/07\/logo-organisation-300x214.png 300w, https:\/\/blogs.donboscovolunteers.de\/marleneinindien\/wp-content\/uploads\/sites\/21759\/2025\/07\/logo-organisation.png 353w\" sizes=\"auto, (max-width: 300px) 100vw, 300px\" \/><\/p>\n<p>Ich werde zusammen mit anderen Volunteers in einer WG wohnen, wie viele wir genau sein werden, wei\u00df ich noch nicht. F\u00fcnf kenne ich schon und wir tauschen uns gemeinsam mit den Volunteers, die gerade in Indien sind, schon flei\u00dfig \u00fcber das, was uns erwartet, aus.<\/p>\n<p>Anfang September geht es mit dem Flugzeug los. Etwa 7.200 km entfernt von allem, was ich bis dahin kannte, beginne ich ein neues Kapitel in meinem Leben.<\/p>\n<p><strong>Ich bin schon gespannt, wie das alles so wird und freue mich auf das, was kommt!<\/strong><\/p>\n<p>Ich werde hier versuchen, von meinem Aufenthalt zu berichten und ab und zu meine Erlebnisse schildern. Ich freue mich auf den Austausch und bin gespannt, was das Jahr so mit sich bringen wird. Ihr werdet davon erfahren.<\/p>\n<p>Alles Liebe &lt;3<\/p>\n<p>Marlene<\/p>\n","protected":false},"excerpt":{"rendered":"<p>Hallo Zusammen!!! Ich hei\u00dfe Marlene, werde bald 19 Jahre alt und komme aus Obers\u00f6chering ,einem kleinen Dorf in Oberbayern in der N\u00e4he von Benediktbeuern. Wenn die Leute mich fragen, wo ich wohne, sage ich meistens ich komme aus M\u00fcnchen, weil mein Dorf jetzt nicht gerade Bekanntheit genie\u00dft. Wie auch immer. Hier wohne ich zusammen mit [&hellip;]<\/p>\n","protected":false},"author":1,"featured_media":0,"parent":0,"menu_order":1,"comment_status":"closed","ping_status":"closed","template":"","meta":{"footnotes":""},"class_list":["post-3","page","type-page","status-publish","hentry"],"yoast_head":"<!-- This site is optimized with the Yoast SEO plugin v25.3.1 - https:\/\/yoast.com\/wordpress\/plugins\/seo\/ -->\n<title>\u00dcber mich - Ma(r)l in Indien<\/title>\n<meta name=\"robots\" content=\"index, follow, max-snippet:-1, max-image-preview:large, max-video-preview:-1\" \/>\n<link rel=\"canonical\" href=\"https:\/\/blogs.donboscovolunteers.de\/marleneinindien\/about\/\" \/>\n<meta property=\"og:locale\" content=\"de_DE\" \/>\n<meta property=\"og:type\" content=\"article\" \/>\n<meta property=\"og:title\" content=\"\u00dcber mich - Ma(r)l in Indien\" \/>\n<meta property=\"og:description\" content=\"Hallo Zusammen!!! Ich hei\u00dfe Marlene, werde bald 19 Jahre alt und komme aus Obers\u00f6chering ,einem kleinen Dorf in Oberbayern in der N\u00e4he von Benediktbeuern. Wenn die Leute mich fragen, wo ich wohne, sage ich meistens ich komme aus M\u00fcnchen, weil mein Dorf jetzt nicht gerade Bekanntheit genie\u00dft. Wie auch immer. Hier wohne ich zusammen mit [&hellip;]\" \/>\n<meta property=\"og:url\" content=\"https:\/\/blogs.donboscovolunteers.de\/marleneinindien\/about\/\" \/>\n<meta property=\"og:site_name\" content=\"Ma(r)l in Indien\" \/>\n<meta property=\"article:modified_time\" content=\"2025-07-13T20:27:07+00:00\" \/>\n<meta property=\"og:image\" content=\"https:\/\/blogs.donboscovolunteers.de\/marleneinindien\/wp-content\/uploads\/sites\/21759\/2025\/07\/Obersoechering-Blick-vom-Badsee.jpg\" \/>\n\t<meta property=\"og:image:width\" content=\"681\" \/>\n\t<meta property=\"og:image:height\" content=\"480\" \/>\n\t<meta property=\"og:image:type\" content=\"image\/jpeg\" \/>\n<meta name=\"twitter:card\" content=\"summary_large_image\" \/>\n<meta name=\"twitter:label1\" content=\"Gesch\u00e4tzte Lesezeit\" \/>\n\t<meta name=\"twitter:data1\" content=\"3\u00a0Minuten\" \/>\n<script type=\"application\/ld+json\" class=\"yoast-schema-graph\">{\"@context\":\"https:\/\/schema.org\",\"@graph\":[{\"@type\":\"WebPage\",\"@id\":\"https:\/\/blogs.donboscovolunteers.de\/marleneinindien\/about\/\",\"url\":\"https:\/\/blogs.donboscovolunteers.de\/marleneinindien\/about\/\",\"name\":\"\u00dcber mich - Ma(r)l in Indien\",\"isPartOf\":{\"@id\":\"https:\/\/blogs.donboscovolunteers.de\/marleneinindien\/#website\"},\"primaryImageOfPage\":{\"@id\":\"https:\/\/blogs.donboscovolunteers.de\/marleneinindien\/about\/#primaryimage\"},\"image\":{\"@id\":\"https:\/\/blogs.donboscovolunteers.de\/marleneinindien\/about\/#primaryimage\"},\"thumbnailUrl\":\"https:\/\/blogs.donboscovolunteers.de\/marleneinindien\/wp-content\/uploads\/sites\/21759\/2025\/07\/Obersoechering-Blick-vom-Badsee-300x211.jpg\",\"datePublished\":\"2025-06-29T12:46:26+00:00\",\"dateModified\":\"2025-07-13T20:27:07+00:00\",\"breadcrumb\":{\"@id\":\"https:\/\/blogs.donboscovolunteers.de\/marleneinindien\/about\/#breadcrumb\"},\"inLanguage\":\"de\",\"potentialAction\":[{\"@type\":\"ReadAction\",\"target\":[\"https:\/\/blogs.donboscovolunteers.de\/marleneinindien\/about\/\"]}]},{\"@type\":\"ImageObject\",\"inLanguage\":\"de\",\"@id\":\"https:\/\/blogs.donboscovolunteers.de\/marleneinindien\/about\/#primaryimage\",\"url\":\"https:\/\/blogs.donboscovolunteers.de\/marleneinindien\/wp-content\/uploads\/sites\/21759\/2025\/07\/Obersoechering-Blick-vom-Badsee.jpg\",\"contentUrl\":\"https:\/\/blogs.donboscovolunteers.de\/marleneinindien\/wp-content\/uploads\/sites\/21759\/2025\/07\/Obersoechering-Blick-vom-Badsee.jpg\",\"width\":681,\"height\":480},{\"@type\":\"BreadcrumbList\",\"@id\":\"https:\/\/blogs.donboscovolunteers.de\/marleneinindien\/about\/#breadcrumb\",\"itemListElement\":[{\"@type\":\"ListItem\",\"position\":1,\"name\":\"Startseite\",\"item\":\"https:\/\/blogs.donboscovolunteers.de\/marleneinindien\/\"},{\"@type\":\"ListItem\",\"position\":2,\"name\":\"\u00dcber mich\"}]},{\"@type\":\"WebSite\",\"@id\":\"https:\/\/blogs.donboscovolunteers.de\/marleneinindien\/#website\",\"url\":\"https:\/\/blogs.donboscovolunteers.de\/marleneinindien\/\",\"name\":\"Ma(r)l in Indien\",\"description\":\"\",\"potentialAction\":[{\"@type\":\"SearchAction\",\"target\":{\"@type\":\"EntryPoint\",\"urlTemplate\":\"https:\/\/blogs.donboscovolunteers.de\/marleneinindien\/?s={search_term_string}\"},\"query-input\":{\"@type\":\"PropertyValueSpecification\",\"valueRequired\":true,\"valueName\":\"search_term_string\"}}],\"inLanguage\":\"de\"}]}<\/script>\n<!-- \/ Yoast SEO plugin. -->","yoast_head_json":{"title":"\u00dcber mich - Ma(r)l in Indien","robots":{"index":"index","follow":"follow","max-snippet":"max-snippet:-1","max-image-preview":"max-image-preview:large","max-video-preview":"max-video-preview:-1"},"canonical":"https:\/\/blogs.donboscovolunteers.de\/marleneinindien\/about\/","og_locale":"de_DE","og_type":"article","og_title":"\u00dcber mich - Ma(r)l in Indien","og_description":"Hallo Zusammen!!! Ich hei\u00dfe Marlene, werde bald 19 Jahre alt und komme aus Obers\u00f6chering ,einem kleinen Dorf in Oberbayern in der N\u00e4he von Benediktbeuern. Wenn die Leute mich fragen, wo ich wohne, sage ich meistens ich komme aus M\u00fcnchen, weil mein Dorf jetzt nicht gerade Bekanntheit genie\u00dft. Wie auch immer. Hier wohne ich zusammen mit [&hellip;]","og_url":"https:\/\/blogs.donboscovolunteers.de\/marleneinindien\/about\/","og_site_name":"Ma(r)l in Indien","article_modified_time":"2025-07-13T20:27:07+00:00","og_image":[{"width":681,"height":480,"url":"https:\/\/blogs.donboscovolunteers.de\/marleneinindien\/wp-content\/uploads\/sites\/21759\/2025\/07\/Obersoechering-Blick-vom-Badsee.jpg","type":"image\/jpeg"}],"twitter_card":"summary_large_image","twitter_misc":{"Gesch\u00e4tzte Lesezeit":"3\u00a0Minuten"},"schema":{"@context":"https:\/\/schema.org","@graph":[{"@type":"WebPage","@id":"https:\/\/blogs.donboscovolunteers.de\/marleneinindien\/about\/","url":"https:\/\/blogs.donboscovolunteers.de\/marleneinindien\/about\/","name":"\u00dcber mich - Ma(r)l in Indien","isPartOf":{"@id":"https:\/\/blogs.donboscovolunteers.de\/marleneinindien\/#website"},"primaryImageOfPage":{"@id":"https:\/\/blogs.donboscovolunteers.de\/marleneinindien\/about\/#primaryimage"},"image":{"@id":"https:\/\/blogs.donboscovolunteers.de\/marleneinindien\/about\/#primaryimage"},"thumbnailUrl":"https:\/\/blogs.donboscovolunteers.de\/marleneinindien\/wp-content\/uploads\/sites\/21759\/2025\/07\/Obersoechering-Blick-vom-Badsee-300x211.jpg","datePublished":"2025-06-29T12:46:26+00:00","dateModified":"2025-07-13T20:27:07+00:00","breadcrumb":{"@id":"https:\/\/blogs.donboscovolunteers.de\/marleneinindien\/about\/#breadcrumb"},"inLanguage":"de","potentialAction":[{"@type":"ReadAction","target":["https:\/\/blogs.donboscovolunteers.de\/marleneinindien\/about\/"]}]},{"@type":"ImageObject","inLanguage":"de","@id":"https:\/\/blogs.donboscovolunteers.de\/marleneinindien\/about\/#primaryimage","url":"https:\/\/blogs.donboscovolunteers.de\/marleneinindien\/wp-content\/uploads\/sites\/21759\/2025\/07\/Obersoechering-Blick-vom-Badsee.jpg","contentUrl":"https:\/\/blogs.donboscovolunteers.de\/marleneinindien\/wp-content\/uploads\/sites\/21759\/2025\/07\/Obersoechering-Blick-vom-Badsee.jpg","width":681,"height":480},{"@type":"BreadcrumbList","@id":"https:\/\/blogs.donboscovolunteers.de\/marleneinindien\/about\/#breadcrumb","itemListElement":[{"@type":"ListItem","position":1,"name":"Startseite","item":"https:\/\/blogs.donboscovolunteers.de\/marleneinindien\/"},{"@type":"ListItem","position":2,"name":"\u00dcber mich"}]},{"@type":"WebSite","@id":"https:\/\/blogs.donboscovolunteers.de\/marleneinindien\/#website","url":"https:\/\/blogs.donboscovolunteers.de\/marleneinindien\/","name":"Ma(r)l in Indien","description":"","potentialAction":[{"@type":"SearchAction","target":{"@type":"EntryPoint","urlTemplate":"https:\/\/blogs.donboscovolunteers.de\/marleneinindien\/?s={search_term_string}"},"query-input":{"@type":"PropertyValueSpecification","valueRequired":true,"valueName":"search_term_string"}}],"inLanguage":"de"}]}},"_links":{"self":[{"href":"https:\/\/blogs.donboscovolunteers.de\/marleneinindien\/wp-json\/wp\/v2\/pages\/3","targetHints":{"allow":["GET"]}}],"collection":[{"href":"https:\/\/blogs.donboscovolunteers.de\/marleneinindien\/wp-json\/wp\/v2\/pages"}],"about":[{"href":"https:\/\/blogs.donboscovolunteers.de\/marleneinindien\/wp-json\/wp\/v2\/types\/page"}],"author":[{"embeddable":true,"href":"https:\/\/blogs.donboscovolunteers.de\/marleneinindien\/wp-json\/wp\/v2\/users\/1"}],"replies":[{"embeddable":true,"href":"https:\/\/blogs.donboscovolunteers.de\/marleneinindien\/wp-json\/wp\/v2\/comments?post=3"}],"version-history":[{"count":1,"href":"https:\/\/blogs.donboscovolunteers.de\/marleneinindien\/wp-json\/wp\/v2\/pages\/3\/revisions"}],"predecessor-version":[{"id":22,"href":"https:\/\/blogs.donboscovolunteers.de\/marleneinindien\/wp-json\/wp\/v2\/pages\/3\/revisions\/22"}],"wp:attachment":[{"href":"https:\/\/blogs.donboscovolunteers.de\/marleneinindien\/wp-json\/wp\/v2\/media?parent=3"}],"curies":[{"name":"wp","href":"https:\/\/api.w.org\/{rel}","templated":true}]}}