{"id":37,"date":"2017-09-10T23:25:01","date_gmt":"2017-09-10T21:25:01","guid":{"rendered":"https:\/\/blogs.donboscovolunteers.de\/marieluisescheckenbach\/?page_id=37"},"modified":"2017-09-12T23:50:48","modified_gmt":"2017-09-12T21:50:48","slug":"cest-moi","status":"publish","type":"page","link":"https:\/\/blogs.donboscovolunteers.de\/marieluisescheckenbach\/","title":{"rendered":"C&#8217;est moi"},"content":{"rendered":"<p>Liebe Blogleser,<img loading=\"lazy\" decoding=\"async\" class=\"size-medium wp-image-10 alignright\" src=\"https:\/\/blogs.donboscovolunteers.de\/marieluisescheckenbach\/wp-content\/uploads\/sites\/21512\/2017\/08\/DSC_4617-300x200.jpg\" alt=\"\" width=\"300\" height=\"200\" srcset=\"https:\/\/blogs.donboscovolunteers.de\/marieluisescheckenbach\/wp-content\/uploads\/sites\/21512\/2017\/08\/DSC_4617-300x200.jpg 300w, https:\/\/blogs.donboscovolunteers.de\/marieluisescheckenbach\/wp-content\/uploads\/sites\/21512\/2017\/08\/DSC_4617-768x512.jpg 768w, https:\/\/blogs.donboscovolunteers.de\/marieluisescheckenbach\/wp-content\/uploads\/sites\/21512\/2017\/08\/DSC_4617-1024x683.jpg 1024w, https:\/\/blogs.donboscovolunteers.de\/marieluisescheckenbach\/wp-content\/uploads\/sites\/21512\/2017\/08\/DSC_4617-900x600.jpg 900w, https:\/\/blogs.donboscovolunteers.de\/marieluisescheckenbach\/wp-content\/uploads\/sites\/21512\/2017\/08\/DSC_4617.jpg 1280w\" sizes=\"auto, (max-width: 300px) 100vw, 300px\" \/><\/p>\n<p>Auf dieser Seite m\u00f6chte ich mich vorstellen.<\/p>\n<p>Mein Name ist Marie-Luise Scheckenbach. Ich bin 18 Jahre alt und komme aus Iphofen.<\/p>\n<p>&nbsp;<\/p>\n<p><img loading=\"lazy\" decoding=\"async\" class=\"size-medium wp-image-38 alignleft\" src=\"https:\/\/blogs.donboscovolunteers.de\/marieluisescheckenbach\/wp-content\/uploads\/sites\/21512\/2017\/09\/Abifoto-300x170.jpg\" alt=\"\" width=\"300\" height=\"170\" srcset=\"https:\/\/blogs.donboscovolunteers.de\/marieluisescheckenbach\/wp-content\/uploads\/sites\/21512\/2017\/09\/Abifoto-300x170.jpg 300w, https:\/\/blogs.donboscovolunteers.de\/marieluisescheckenbach\/wp-content\/uploads\/sites\/21512\/2017\/09\/Abifoto-768x436.jpg 768w, https:\/\/blogs.donboscovolunteers.de\/marieluisescheckenbach\/wp-content\/uploads\/sites\/21512\/2017\/09\/Abifoto-1024x581.jpg 1024w, https:\/\/blogs.donboscovolunteers.de\/marieluisescheckenbach\/wp-content\/uploads\/sites\/21512\/2017\/09\/Abifoto-900x511.jpg 900w, https:\/\/blogs.donboscovolunteers.de\/marieluisescheckenbach\/wp-content\/uploads\/sites\/21512\/2017\/09\/Abifoto.jpg 1161w\" sizes=\"auto, (max-width: 300px) 100vw, 300px\" \/><\/p>\n<p>Vor einigen Wochen erhielt ich nach erfolgreich absolvierter Schulzeit<\/p>\n<p>am Armin-Knab-Gymnasium in Kitzingen stolz mein Abiturzeugnis. Gerne engagierte ich mich sozial und musikalisch an der Schule. Ich war begeisterte Tutorin f\u00fcr die neuen 5.Kl\u00e4ssler und ich unterst\u00fctzte das Sinfonische Blasorchester und den Schulchor musikalisch.<\/p>\n<p>In meinem Heimatort spiele ich seit Jahren im Musikzug der Freiwilligen Feuerwehr Iphofen mit Klarinette und Oboe mit und unterst\u00fctze Ereignisse in<\/p>\n<p>Iphofen au\u00dferdem gerne mit dem Jugendraum St. Veit Iphofen. Ein j\u00e4hrliches Highlight ist f\u00fcr mich ob jahrelang als Teilnehmerin oder als Betreuerin das Zeltlager der Katholischen Jugend. Ein Ehrenamt, das mich sehr stark vor allem in meiner Heimatverbundenheit pr\u00e4gte, war das Amt der Iph\u00f6fer Weinprinzessin 2016-2017. Dabei habe ich Iphofen mit seinen Winzern und deren Weinen in Weinfranken und dar\u00fcber hinaus vertreten.<\/p>\n<p>Seit 1. September 2017 leiste ich einen 1-j\u00e4hrigen <a href=\"https:\/\/www.donboscovolunteers.de\/\">Freiwilligendienst<\/a> \u00fcber <a href=\"https:\/\/www.donboscomission.de\/don-bosco\/\">Don Bosco<\/a> Volunteers in Cotonou, <a href=\"https:\/\/strassenkinder.de\/laender\/afrika\/benin\/\">Benin<\/a> in Westafrika. Ich unterst\u00fctze die Projekte der Don Bosco Schwestern hier indem ich dort mit meinen Mitfreiwilligen Gina und Barbara arbeite.<\/p>\n<p><img loading=\"lazy\" decoding=\"async\" class=\"size-medium wp-image-5 alignleft\" src=\"https:\/\/blogs.donboscovolunteers.de\/marieluisescheckenbach\/wp-content\/uploads\/sites\/21512\/2017\/08\/DSC_4767-200x300.jpg\" alt=\"\" width=\"200\" height=\"300\" srcset=\"https:\/\/blogs.donboscovolunteers.de\/marieluisescheckenbach\/wp-content\/uploads\/sites\/21512\/2017\/08\/DSC_4767-200x300.jpg 200w, https:\/\/blogs.donboscovolunteers.de\/marieluisescheckenbach\/wp-content\/uploads\/sites\/21512\/2017\/08\/DSC_4767-768x1151.jpg 768w, https:\/\/blogs.donboscovolunteers.de\/marieluisescheckenbach\/wp-content\/uploads\/sites\/21512\/2017\/08\/DSC_4767-683x1024.jpg 683w, https:\/\/blogs.donboscovolunteers.de\/marieluisescheckenbach\/wp-content\/uploads\/sites\/21512\/2017\/08\/DSC_4767.jpg 854w\" sizes=\"auto, (max-width: 200px) 100vw, 200px\" \/><\/p>\n<p>Ich versuche w\u00e4hrend meines Aufenthalts m\u00f6glichst regelm\u00e4\u00dfig meine Erlebnisse und Erfahrungen mit euch zu teilen. Immer freue ich mich \u00fcber Kommentare oder bei Fragen auch \u00fcber E-Mails (<a href=\"mailto:ml.scheckenbach@googlemail.com\">ml.scheckenbach@googlemail.com<\/a>).<\/p>\n<p>Viel Spa\u00df beim Lesen!<\/p>\n<p>Eure Marie-Luise<\/p>\n","protected":false},"excerpt":{"rendered":"<p>Liebe Blogleser, Auf dieser Seite m\u00f6chte ich mich vorstellen. Mein Name ist Marie-Luise Scheckenbach. Ich bin 18 Jahre alt und komme aus Iphofen. &nbsp; Vor einigen Wochen erhielt ich nach erfolgreich absolvierter Schulzeit am Armin-Knab-Gymnasium in Kitzingen stolz mein Abiturzeugnis. Gerne engagierte ich mich sozial und musikalisch an der Schule. Ich war begeisterte Tutorin f\u00fcr [&hellip;]<\/p>\n","protected":false},"author":21564,"featured_media":0,"parent":0,"menu_order":0,"comment_status":"closed","ping_status":"closed","template":"","meta":{"footnotes":""},"class_list":["post-37","page","type-page","status-publish","hentry"],"yoast_head":"<!-- This site is optimized with the Yoast SEO plugin v25.3.1 - https:\/\/yoast.com\/wordpress\/plugins\/seo\/ -->\n<title>C&#039;est moi - Marie-Luise in Benin<\/title>\n<meta name=\"robots\" content=\"index, follow, max-snippet:-1, max-image-preview:large, max-video-preview:-1\" \/>\n<link rel=\"canonical\" href=\"https:\/\/blogs.donboscovolunteers.de\/marieluisescheckenbach\/\" \/>\n<meta property=\"og:locale\" content=\"de_DE\" \/>\n<meta property=\"og:type\" content=\"article\" \/>\n<meta property=\"og:title\" content=\"C&#039;est moi - Marie-Luise in Benin\" \/>\n<meta property=\"og:description\" content=\"Liebe Blogleser, Auf dieser Seite m\u00f6chte ich mich vorstellen. Mein Name ist Marie-Luise Scheckenbach. Ich bin 18 Jahre alt und komme aus Iphofen. &nbsp; Vor einigen Wochen erhielt ich nach erfolgreich absolvierter Schulzeit am Armin-Knab-Gymnasium in Kitzingen stolz mein Abiturzeugnis. Gerne engagierte ich mich sozial und musikalisch an der Schule. Ich war begeisterte Tutorin f\u00fcr [&hellip;]\" \/>\n<meta property=\"og:url\" content=\"https:\/\/blogs.donboscovolunteers.de\/marieluisescheckenbach\/\" \/>\n<meta property=\"og:site_name\" content=\"Marie-Luise in Benin\" \/>\n<meta property=\"article:modified_time\" content=\"2017-09-12T21:50:48+00:00\" \/>\n<meta property=\"og:image\" content=\"https:\/\/blogs.donboscovolunteers.de\/marieluisescheckenbach\/wp-content\/uploads\/sites\/21512\/2017\/08\/DSC_4617-300x200.jpg\" \/>\n<meta name=\"twitter:card\" content=\"summary_large_image\" \/>\n<meta name=\"twitter:label1\" content=\"Gesch\u00e4tzte Lesezeit\" \/>\n\t<meta name=\"twitter:data1\" content=\"1\u00a0Minute\" \/>\n<script type=\"application\/ld+json\" class=\"yoast-schema-graph\">{\"@context\":\"https:\/\/schema.org\",\"@graph\":[{\"@type\":\"WebPage\",\"@id\":\"https:\/\/blogs.donboscovolunteers.de\/marieluisescheckenbach\/\",\"url\":\"https:\/\/blogs.donboscovolunteers.de\/marieluisescheckenbach\/\",\"name\":\"C'est moi - Marie-Luise in Benin\",\"isPartOf\":{\"@id\":\"https:\/\/blogs.donboscovolunteers.de\/marieluisescheckenbach\/#website\"},\"primaryImageOfPage\":{\"@id\":\"https:\/\/blogs.donboscovolunteers.de\/marieluisescheckenbach\/#primaryimage\"},\"image\":{\"@id\":\"https:\/\/blogs.donboscovolunteers.de\/marieluisescheckenbach\/#primaryimage\"},\"thumbnailUrl\":\"https:\/\/blogs.donboscovolunteers.de\/marieluisescheckenbach\/wp-content\/uploads\/sites\/21512\/2017\/08\/DSC_4617-300x200.jpg\",\"datePublished\":\"2017-09-10T21:25:01+00:00\",\"dateModified\":\"2017-09-12T21:50:48+00:00\",\"breadcrumb\":{\"@id\":\"https:\/\/blogs.donboscovolunteers.de\/marieluisescheckenbach\/#breadcrumb\"},\"inLanguage\":\"de\",\"potentialAction\":[{\"@type\":\"ReadAction\",\"target\":[\"https:\/\/blogs.donboscovolunteers.de\/marieluisescheckenbach\/\"]}]},{\"@type\":\"ImageObject\",\"inLanguage\":\"de\",\"@id\":\"https:\/\/blogs.donboscovolunteers.de\/marieluisescheckenbach\/#primaryimage\",\"url\":\"https:\/\/blogs.donboscovolunteers.de\/marieluisescheckenbach\/wp-content\/uploads\/sites\/21512\/2017\/08\/DSC_4617.jpg\",\"contentUrl\":\"https:\/\/blogs.donboscovolunteers.de\/marieluisescheckenbach\/wp-content\/uploads\/sites\/21512\/2017\/08\/DSC_4617.jpg\",\"width\":1280,\"height\":854},{\"@type\":\"BreadcrumbList\",\"@id\":\"https:\/\/blogs.donboscovolunteers.de\/marieluisescheckenbach\/#breadcrumb\",\"itemListElement\":[{\"@type\":\"ListItem\",\"position\":1,\"name\":\"Startseite\",\"item\":\"https:\/\/blogs.donboscovolunteers.de\/marieluisescheckenbach\/\"},{\"@type\":\"ListItem\",\"position\":2,\"name\":\"C&#8217;est moi\"}]},{\"@type\":\"WebSite\",\"@id\":\"https:\/\/blogs.donboscovolunteers.de\/marieluisescheckenbach\/#website\",\"url\":\"https:\/\/blogs.donboscovolunteers.de\/marieluisescheckenbach\/\",\"name\":\"Marie-Luise in Benin\",\"description\":\"Ein &quot;weltw\u00e4rts&quot;-Freiwilligendienst mit Don  Bosco Volunteers\",\"potentialAction\":[{\"@type\":\"SearchAction\",\"target\":{\"@type\":\"EntryPoint\",\"urlTemplate\":\"https:\/\/blogs.donboscovolunteers.de\/marieluisescheckenbach\/?s={search_term_string}\"},\"query-input\":{\"@type\":\"PropertyValueSpecification\",\"valueRequired\":true,\"valueName\":\"search_term_string\"}}],\"inLanguage\":\"de\"}]}<\/script>\n<!-- \/ Yoast SEO plugin. -->","yoast_head_json":{"title":"C'est moi - Marie-Luise in Benin","robots":{"index":"index","follow":"follow","max-snippet":"max-snippet:-1","max-image-preview":"max-image-preview:large","max-video-preview":"max-video-preview:-1"},"canonical":"https:\/\/blogs.donboscovolunteers.de\/marieluisescheckenbach\/","og_locale":"de_DE","og_type":"article","og_title":"C'est moi - Marie-Luise in Benin","og_description":"Liebe Blogleser, Auf dieser Seite m\u00f6chte ich mich vorstellen. Mein Name ist Marie-Luise Scheckenbach. Ich bin 18 Jahre alt und komme aus Iphofen. &nbsp; Vor einigen Wochen erhielt ich nach erfolgreich absolvierter Schulzeit am Armin-Knab-Gymnasium in Kitzingen stolz mein Abiturzeugnis. Gerne engagierte ich mich sozial und musikalisch an der Schule. Ich war begeisterte Tutorin f\u00fcr [&hellip;]","og_url":"https:\/\/blogs.donboscovolunteers.de\/marieluisescheckenbach\/","og_site_name":"Marie-Luise in Benin","article_modified_time":"2017-09-12T21:50:48+00:00","og_image":[{"url":"https:\/\/blogs.donboscovolunteers.de\/marieluisescheckenbach\/wp-content\/uploads\/sites\/21512\/2017\/08\/DSC_4617-300x200.jpg","type":"","width":"","height":""}],"twitter_card":"summary_large_image","twitter_misc":{"Gesch\u00e4tzte Lesezeit":"1\u00a0Minute"},"schema":{"@context":"https:\/\/schema.org","@graph":[{"@type":"WebPage","@id":"https:\/\/blogs.donboscovolunteers.de\/marieluisescheckenbach\/","url":"https:\/\/blogs.donboscovolunteers.de\/marieluisescheckenbach\/","name":"C'est moi - Marie-Luise in Benin","isPartOf":{"@id":"https:\/\/blogs.donboscovolunteers.de\/marieluisescheckenbach\/#website"},"primaryImageOfPage":{"@id":"https:\/\/blogs.donboscovolunteers.de\/marieluisescheckenbach\/#primaryimage"},"image":{"@id":"https:\/\/blogs.donboscovolunteers.de\/marieluisescheckenbach\/#primaryimage"},"thumbnailUrl":"https:\/\/blogs.donboscovolunteers.de\/marieluisescheckenbach\/wp-content\/uploads\/sites\/21512\/2017\/08\/DSC_4617-300x200.jpg","datePublished":"2017-09-10T21:25:01+00:00","dateModified":"2017-09-12T21:50:48+00:00","breadcrumb":{"@id":"https:\/\/blogs.donboscovolunteers.de\/marieluisescheckenbach\/#breadcrumb"},"inLanguage":"de","potentialAction":[{"@type":"ReadAction","target":["https:\/\/blogs.donboscovolunteers.de\/marieluisescheckenbach\/"]}]},{"@type":"ImageObject","inLanguage":"de","@id":"https:\/\/blogs.donboscovolunteers.de\/marieluisescheckenbach\/#primaryimage","url":"https:\/\/blogs.donboscovolunteers.de\/marieluisescheckenbach\/wp-content\/uploads\/sites\/21512\/2017\/08\/DSC_4617.jpg","contentUrl":"https:\/\/blogs.donboscovolunteers.de\/marieluisescheckenbach\/wp-content\/uploads\/sites\/21512\/2017\/08\/DSC_4617.jpg","width":1280,"height":854},{"@type":"BreadcrumbList","@id":"https:\/\/blogs.donboscovolunteers.de\/marieluisescheckenbach\/#breadcrumb","itemListElement":[{"@type":"ListItem","position":1,"name":"Startseite","item":"https:\/\/blogs.donboscovolunteers.de\/marieluisescheckenbach\/"},{"@type":"ListItem","position":2,"name":"C&#8217;est moi"}]},{"@type":"WebSite","@id":"https:\/\/blogs.donboscovolunteers.de\/marieluisescheckenbach\/#website","url":"https:\/\/blogs.donboscovolunteers.de\/marieluisescheckenbach\/","name":"Marie-Luise in Benin","description":"Ein &quot;weltw\u00e4rts&quot;-Freiwilligendienst mit Don  Bosco Volunteers","potentialAction":[{"@type":"SearchAction","target":{"@type":"EntryPoint","urlTemplate":"https:\/\/blogs.donboscovolunteers.de\/marieluisescheckenbach\/?s={search_term_string}"},"query-input":{"@type":"PropertyValueSpecification","valueRequired":true,"valueName":"search_term_string"}}],"inLanguage":"de"}]}},"_links":{"self":[{"href":"https:\/\/blogs.donboscovolunteers.de\/marieluisescheckenbach\/wp-json\/wp\/v2\/pages\/37","targetHints":{"allow":["GET"]}}],"collection":[{"href":"https:\/\/blogs.donboscovolunteers.de\/marieluisescheckenbach\/wp-json\/wp\/v2\/pages"}],"about":[{"href":"https:\/\/blogs.donboscovolunteers.de\/marieluisescheckenbach\/wp-json\/wp\/v2\/types\/page"}],"author":[{"embeddable":true,"href":"https:\/\/blogs.donboscovolunteers.de\/marieluisescheckenbach\/wp-json\/wp\/v2\/users\/21564"}],"replies":[{"embeddable":true,"href":"https:\/\/blogs.donboscovolunteers.de\/marieluisescheckenbach\/wp-json\/wp\/v2\/comments?post=37"}],"version-history":[{"count":5,"href":"https:\/\/blogs.donboscovolunteers.de\/marieluisescheckenbach\/wp-json\/wp\/v2\/pages\/37\/revisions"}],"predecessor-version":[{"id":68,"href":"https:\/\/blogs.donboscovolunteers.de\/marieluisescheckenbach\/wp-json\/wp\/v2\/pages\/37\/revisions\/68"}],"wp:attachment":[{"href":"https:\/\/blogs.donboscovolunteers.de\/marieluisescheckenbach\/wp-json\/wp\/v2\/media?parent=37"}],"curies":[{"name":"wp","href":"https:\/\/api.w.org\/{rel}","templated":true}]}}