{"id":51,"date":"2024-12-24T14:08:01","date_gmt":"2024-12-24T13:08:01","guid":{"rendered":"https:\/\/blogs.donboscovolunteers.de\/manuel-in-medellin\/?page_id=51"},"modified":"2024-12-24T14:08:02","modified_gmt":"2024-12-24T13:08:02","slug":"das-magische-gefuehl-unverwundbar-zu-sein-erzaehlungen-aus-kolumbien-3-eine-andere-weihnacht","status":"publish","type":"page","link":"https:\/\/blogs.donboscovolunteers.de\/manuel-in-medellin\/das-magische-gefuehl-unverwundbar-zu-sein-erzaehlungen-aus-kolumbien-3-eine-andere-weihnacht\/","title":{"rendered":"Das magische Gef\u00fchl unverwundbar zu sein. Erz\u00e4hlungen aus Kolumbien (3). Eine andere Weihnacht"},"content":{"rendered":"<p>Vor einiger Zeit zeigte mir mein Vater einen Text \u00fcber Weihnachten den ich gerne mit euch teilen m\u00f6chte.<br>&#8222;Was f\u00fcr ein Tag heute. Wir feiern die Geburt eines Revolution\u00e4rs , der sich dem Imperium entgegenstellte und sich auf die Seite der Armen, der Prostituierten und der Ausgesto\u00dfenen stellte. Ein Sohn von Vertriebenen, der sich gegen ehrgeizige religi\u00f6se F\u00fchrer auflehnte, ein Rebell, der vom Staat get\u00f6tet wurde.<br>Es ist ein Datum zum Gedenken an die Geburt eines Kampfes. Nicht die Figur, die uns von der Kirche aufgezwungen wird, sondern die eines Menschen, der f\u00fcr Revolution, Ver\u00e4nderung und Hoffnung steht.<br>M\u00f6ge der Wandel heute geboren werden, m\u00f6ge die Sonne in dir scheinen, m\u00f6gest du alle Kraft haben, deine \u00c4ngste zu \u00fcberwinden. Jesuskind, bring Kraft, Freude und Rebellion.&#8220;<br>Weihnachten ist daher nicht nur ein Fest der Freude und Liebe, nein, Heute in dieser Nacht sagen wir, die Geburt die wir feiern, ist nicht nur die eines Kindes vor zweitausend Jahren. Es ist die Geburt der Hoffnung. Eine Hoffnung, die in jedem Herzen entz\u00fcndet wird, das sich weigert, sich mit der Welt wie sie ist zufrieden zu geben. Weihnachten ist nicht nur eine Feier. Es ist ein Akt der Rebellion. Es ist die Erinnerung daran, dass es m\u00f6glich ist, anders zu leben, dass eine andere Welt nicht nur notwendig, sondern auch machbar ist.<br>Heute vor zweitausend Jahren kam Christus auf die Welt, aber er kam eben nicht, um Macht und Reichtum zu bringen, er kam um Liebe zu bringen, um Hoffnung zu bringen, um eine Botschaft zu bringen. Dass die Kleinen gro\u00df werden k\u00f6nnen, dass die Bescheidenen die Welt ver\u00e4ndern k\u00f6nnen.<br>Jesus war eben ein Mann der keine Krone oder einen Palast besa\u00df, er war mit denen die am Rande der Gesellschaft standen. Seine H\u00e4nde waren die H\u00e4nde eines Handwerkers, nicht die eines K\u00f6nigs. Seine Worte waren f\u00fcr die Unterdr\u00fcckten, nicht f\u00fcr die M\u00e4chtigen.<br>Seine Hoffnung, die er mit sich trug, war radikal. Sie war nicht die Hoffnung auf eine Welt, wie sie ist, sondern auf eine Welt, wie sie sein sollte. Eine Welt, in der niemand mehr hungert, niemand mehr leidet, niemand mehr unterdr\u00fcckt wird. Diese Hoffnung war nicht passiv, seine Worte waren f\u00fcr Frieden aber brannten wie Feuer. Er sagte, dass die Letzten die Ersten sein werden und dass die Reichen schwerer in das Reich Gottes eintreten k\u00f6nnen als ein Kamel durch ein Nadel\u00f6hr. Das war keine Botschaft des Schweigens. Es war ein Aufruf zur Rebellion. Es war ein Aufruf zum Handeln, ein Aufruf, die Tische der H\u00e4ndler im Tempel umzuwerfen, die Mauern des Unrechts einzurei\u00dfen.<br>Jesus lehrte uns damit, dass Hoffnung eine Waffe ist. Keine Waffe aus Stahl, sondern eine aus Worten, aus Herzen die sich weigern, aufzuh\u00f6ren zu schlagen, aus H\u00e4nden, die sich verbinden.<br>Er zeigte, dass wahre Rebellion nicht aus Hass geboren wird, sondern aus Liebe. Einer Liebe f\u00fcr die Menschheit, die so gro\u00df ist, dass sie die Ketten der Unterdr\u00fcckung nicht ertr\u00e4gt.<br>Diese Waffe der Hoffnung, die man uns gab ist das was uns verbindet. Die Hoffnung ist nicht das Licht, das die Dunkelheit vertreibt. Die Hoffnung ist die Kraft, die dich weitermachen l\u00e4sst, selbst wenn die Dunkelheit \u00fcberm\u00e4chtig scheint. Sie ist der Same, den du in die Erde legst, obwohl du nicht wei\u00dft, ob er wachsen wird. Diese Hoffnung bedeutet, weiterzugehen, auch wenn die Schritte schwer werden. Es bedeutet, zu tr\u00e4umen selbst wenn die Welt dir sagt, dass Tr\u00e4ume sinnlos sind.<br>Hoffnung ist die Erinnerung daran, dass selbst in den dunkelsten N\u00e4chten die Sterne scheinen. Und dass irgendwo auf dieser Welt jemand k\u00e4mpft, liebt, lebt und dass wir niemals alleine sind.<br>Die Hoffnung lebt nicht in der Zukunft, sie lebt in jedem Schritt, den wir heute machen. Hoffnung bedeutet zu wissen, dass das Morgen nicht in Stein gemei\u00dfelt ist, dass das Leben sich wandelt, wie die Erde sich dreht. Sie lebt in der Umarmung, die geteilt wird, im Wort, das gesprochen wird, in der Hand, die gereicht wird. Hoffnung ist das Fl\u00fcstern, das sagt &#8222;Es ist m\u00f6glich&#8220;. Daher ist f\u00fcr all diejenigen die K\u00e4mpfen die Hoffnung kein Traum sondern eine Waffe. Sie ist der Glaube, dass der Schmerz nicht ewig ist, dass die Welt neu geboren werden kann, denn Hoffnung ist keine Garantie, kein Vertrag, der sagt, dass morgen besser sein wird. Hoffnung ist ein Akt der Rebellion. Hoffnung ist das Herz, das sagt &#8222;Ich gebe nicht auf, ich werde nicht akzeptieren, dass dies alles ist&#8220;. Die M\u00e4chtigen dieser Welt haben Angst vor dieser Hoffnung, denn die St\u00e4rke ihrer liegt nicht in der Macht, sondern in der Wahrheit. Sie wissen, dass, wenn viele sich verbinden, ihre Welt ins Wanken ger\u00e4t. Sie wissen, dass Hoffnung ansteckend ist. Eine Flamme, die andere entz\u00fcndet, eine Flamme die nicht erstickt werden kann, solange sie geteilt wird.<br>Wenn ich von dieser Hoffnung spreche will ich damit sagen das sie nicht naiv ist. Wir wissen, dass die Welt voller Hindernisse ist, voller Schmerz, voller Verrat. Aber wir wissen auch, dass diese Welt nicht endg\u00fcltig ist. Wir wissen, dass eine andere Welt m\u00f6glich ist, weil wir sie in den Augen derjenigen sehen, die sich nicht beugen, in den Tr\u00e4nen und im L\u00e4cheln derer die K\u00e4mpfen.<br>Ich glaube daher, dass Jesus kein K\u00f6nig war, sondern ein Rebell. Kein Herrscher sondern ein Tr\u00e4umer. Kein Richter, sondern ein Freund. Und in dieser Freundschaft finden wir die Kraft, weiterzugehen.<br>Die Hoffnung, die er brachte, war nicht leicht. Es war eine Hoffnung, die blutet, die k\u00e4mpft, die f\u00e4llt und wieder aufsteht.<br>Eine Hoffnung, die nicht in den Hallen der Macht zu finden ist, sondern in den Augen derer, die sich weigern, aufzugeben.<br>Und so erinnern wir uns an Jesus, nicht als Figur der Religion, sondern als Symbol der Rebellion, der Solidarit\u00e4t und der Hoffnung. Er lehrte uns, dass die M\u00e4chtigen nicht ewig herrschen werden, dass das Unrecht nicht das letzte Wort hat, dass die Letzten die Ersten sein werden. M\u00f6ge diese Nacht nicht nur ein Moment der Erinnerung sein, sondern ein Moment des Handelns. M\u00f6ge das Kind, das in der Krippe liegt, uns daran erinnern, das auch wir die Macht haben, etwas Neues zu geb\u00e4ren. Gerechtigkeit, Freiheit, W\u00fcrde. Denn Weihnachten ist nicht das Ende der Geschichte. Es ist der Anfang einer Reise, die uns hinausf\u00fchrt aus der Dunkelheit hin zu einer neuen Morgend\u00e4mmerung.<\/p>\n\n\n\n<p>M\u00f6gen wir nie aufh\u00f6ren, zu hoffen, zu tr\u00e4umen, zu k\u00e4mpfen!<\/p>","protected":false},"excerpt":{"rendered":"<p>Vor einiger Zeit zeigte mir mein Vater einen Text \u00fcber Weihnachten den ich gerne mit euch teilen m\u00f6chte.&#8222;Was f\u00fcr ein Tag heute. Wir feiern die Geburt eines Revolution\u00e4rs , der sich dem Imperium entgegenstellte und sich auf die Seite der Armen, der Prostituierten und der Ausgesto\u00dfenen stellte. Ein Sohn von Vertriebenen, der sich gegen ehrgeizige [&hellip;]<\/p>\n","protected":false},"author":21845,"featured_media":0,"parent":0,"menu_order":0,"comment_status":"closed","ping_status":"closed","template":"","meta":{"footnotes":""},"class_list":["post-51","page","type-page","status-publish","hentry"],"yoast_head":"<!-- This site is optimized with the Yoast SEO plugin v25.3.1 - https:\/\/yoast.com\/wordpress\/plugins\/seo\/ -->\n<title>Das magische Gef\u00fchl unverwundbar zu sein. Erz\u00e4hlungen aus Kolumbien (3). Eine andere Weihnacht - Manuel in Medell\u00edn<\/title>\n<meta name=\"robots\" content=\"index, follow, max-snippet:-1, max-image-preview:large, max-video-preview:-1\" \/>\n<link rel=\"canonical\" href=\"https:\/\/blogs.donboscovolunteers.de\/manuel-in-medellin\/das-magische-gefuehl-unverwundbar-zu-sein-erzaehlungen-aus-kolumbien-3-eine-andere-weihnacht\/\" \/>\n<meta property=\"og:locale\" content=\"de_DE\" \/>\n<meta property=\"og:type\" content=\"article\" \/>\n<meta property=\"og:title\" content=\"Das magische Gef\u00fchl unverwundbar zu sein. Erz\u00e4hlungen aus Kolumbien (3). Eine andere Weihnacht - Manuel in Medell\u00edn\" \/>\n<meta property=\"og:description\" content=\"Vor einiger Zeit zeigte mir mein Vater einen Text \u00fcber Weihnachten den ich gerne mit euch teilen m\u00f6chte.&#8222;Was f\u00fcr ein Tag heute. Wir feiern die Geburt eines Revolution\u00e4rs , der sich dem Imperium entgegenstellte und sich auf die Seite der Armen, der Prostituierten und der Ausgesto\u00dfenen stellte. Ein Sohn von Vertriebenen, der sich gegen ehrgeizige [&hellip;]\" \/>\n<meta property=\"og:url\" content=\"https:\/\/blogs.donboscovolunteers.de\/manuel-in-medellin\/das-magische-gefuehl-unverwundbar-zu-sein-erzaehlungen-aus-kolumbien-3-eine-andere-weihnacht\/\" \/>\n<meta property=\"og:site_name\" content=\"Manuel in Medell\u00edn\" \/>\n<meta property=\"article:modified_time\" content=\"2024-12-24T13:08:02+00:00\" \/>\n<meta name=\"twitter:card\" content=\"summary_large_image\" \/>\n<meta name=\"twitter:label1\" content=\"Gesch\u00e4tzte Lesezeit\" \/>\n\t<meta name=\"twitter:data1\" content=\"6\u00a0Minuten\" \/>\n<script type=\"application\/ld+json\" class=\"yoast-schema-graph\">{\"@context\":\"https:\/\/schema.org\",\"@graph\":[{\"@type\":\"WebPage\",\"@id\":\"https:\/\/blogs.donboscovolunteers.de\/manuel-in-medellin\/das-magische-gefuehl-unverwundbar-zu-sein-erzaehlungen-aus-kolumbien-3-eine-andere-weihnacht\/\",\"url\":\"https:\/\/blogs.donboscovolunteers.de\/manuel-in-medellin\/das-magische-gefuehl-unverwundbar-zu-sein-erzaehlungen-aus-kolumbien-3-eine-andere-weihnacht\/\",\"name\":\"Das magische Gef\u00fchl unverwundbar zu sein. Erz\u00e4hlungen aus Kolumbien (3). Eine andere Weihnacht - Manuel in Medell\u00edn\",\"isPartOf\":{\"@id\":\"https:\/\/blogs.donboscovolunteers.de\/manuel-in-medellin\/#website\"},\"datePublished\":\"2024-12-24T13:08:01+00:00\",\"dateModified\":\"2024-12-24T13:08:02+00:00\",\"breadcrumb\":{\"@id\":\"https:\/\/blogs.donboscovolunteers.de\/manuel-in-medellin\/das-magische-gefuehl-unverwundbar-zu-sein-erzaehlungen-aus-kolumbien-3-eine-andere-weihnacht\/#breadcrumb\"},\"inLanguage\":\"de\",\"potentialAction\":[{\"@type\":\"ReadAction\",\"target\":[\"https:\/\/blogs.donboscovolunteers.de\/manuel-in-medellin\/das-magische-gefuehl-unverwundbar-zu-sein-erzaehlungen-aus-kolumbien-3-eine-andere-weihnacht\/\"]}]},{\"@type\":\"BreadcrumbList\",\"@id\":\"https:\/\/blogs.donboscovolunteers.de\/manuel-in-medellin\/das-magische-gefuehl-unverwundbar-zu-sein-erzaehlungen-aus-kolumbien-3-eine-andere-weihnacht\/#breadcrumb\",\"itemListElement\":[{\"@type\":\"ListItem\",\"position\":1,\"name\":\"Startseite\",\"item\":\"https:\/\/blogs.donboscovolunteers.de\/manuel-in-medellin\/\"},{\"@type\":\"ListItem\",\"position\":2,\"name\":\"Das magische Gef\u00fchl unverwundbar zu sein. Erz\u00e4hlungen aus Kolumbien (3). Eine andere Weihnacht\"}]},{\"@type\":\"WebSite\",\"@id\":\"https:\/\/blogs.donboscovolunteers.de\/manuel-in-medellin\/#website\",\"url\":\"https:\/\/blogs.donboscovolunteers.de\/manuel-in-medellin\/\",\"name\":\"Manuel in Medell\u00edn\",\"description\":\"\",\"potentialAction\":[{\"@type\":\"SearchAction\",\"target\":{\"@type\":\"EntryPoint\",\"urlTemplate\":\"https:\/\/blogs.donboscovolunteers.de\/manuel-in-medellin\/?s={search_term_string}\"},\"query-input\":{\"@type\":\"PropertyValueSpecification\",\"valueRequired\":true,\"valueName\":\"search_term_string\"}}],\"inLanguage\":\"de\"}]}<\/script>\n<!-- \/ Yoast SEO plugin. -->","yoast_head_json":{"title":"Das magische Gef\u00fchl unverwundbar zu sein. Erz\u00e4hlungen aus Kolumbien (3). Eine andere Weihnacht - Manuel in Medell\u00edn","robots":{"index":"index","follow":"follow","max-snippet":"max-snippet:-1","max-image-preview":"max-image-preview:large","max-video-preview":"max-video-preview:-1"},"canonical":"https:\/\/blogs.donboscovolunteers.de\/manuel-in-medellin\/das-magische-gefuehl-unverwundbar-zu-sein-erzaehlungen-aus-kolumbien-3-eine-andere-weihnacht\/","og_locale":"de_DE","og_type":"article","og_title":"Das magische Gef\u00fchl unverwundbar zu sein. Erz\u00e4hlungen aus Kolumbien (3). Eine andere Weihnacht - Manuel in Medell\u00edn","og_description":"Vor einiger Zeit zeigte mir mein Vater einen Text \u00fcber Weihnachten den ich gerne mit euch teilen m\u00f6chte.&#8222;Was f\u00fcr ein Tag heute. Wir feiern die Geburt eines Revolution\u00e4rs , der sich dem Imperium entgegenstellte und sich auf die Seite der Armen, der Prostituierten und der Ausgesto\u00dfenen stellte. Ein Sohn von Vertriebenen, der sich gegen ehrgeizige [&hellip;]","og_url":"https:\/\/blogs.donboscovolunteers.de\/manuel-in-medellin\/das-magische-gefuehl-unverwundbar-zu-sein-erzaehlungen-aus-kolumbien-3-eine-andere-weihnacht\/","og_site_name":"Manuel in Medell\u00edn","article_modified_time":"2024-12-24T13:08:02+00:00","twitter_card":"summary_large_image","twitter_misc":{"Gesch\u00e4tzte Lesezeit":"6\u00a0Minuten"},"schema":{"@context":"https:\/\/schema.org","@graph":[{"@type":"WebPage","@id":"https:\/\/blogs.donboscovolunteers.de\/manuel-in-medellin\/das-magische-gefuehl-unverwundbar-zu-sein-erzaehlungen-aus-kolumbien-3-eine-andere-weihnacht\/","url":"https:\/\/blogs.donboscovolunteers.de\/manuel-in-medellin\/das-magische-gefuehl-unverwundbar-zu-sein-erzaehlungen-aus-kolumbien-3-eine-andere-weihnacht\/","name":"Das magische Gef\u00fchl unverwundbar zu sein. Erz\u00e4hlungen aus Kolumbien (3). Eine andere Weihnacht - Manuel in Medell\u00edn","isPartOf":{"@id":"https:\/\/blogs.donboscovolunteers.de\/manuel-in-medellin\/#website"},"datePublished":"2024-12-24T13:08:01+00:00","dateModified":"2024-12-24T13:08:02+00:00","breadcrumb":{"@id":"https:\/\/blogs.donboscovolunteers.de\/manuel-in-medellin\/das-magische-gefuehl-unverwundbar-zu-sein-erzaehlungen-aus-kolumbien-3-eine-andere-weihnacht\/#breadcrumb"},"inLanguage":"de","potentialAction":[{"@type":"ReadAction","target":["https:\/\/blogs.donboscovolunteers.de\/manuel-in-medellin\/das-magische-gefuehl-unverwundbar-zu-sein-erzaehlungen-aus-kolumbien-3-eine-andere-weihnacht\/"]}]},{"@type":"BreadcrumbList","@id":"https:\/\/blogs.donboscovolunteers.de\/manuel-in-medellin\/das-magische-gefuehl-unverwundbar-zu-sein-erzaehlungen-aus-kolumbien-3-eine-andere-weihnacht\/#breadcrumb","itemListElement":[{"@type":"ListItem","position":1,"name":"Startseite","item":"https:\/\/blogs.donboscovolunteers.de\/manuel-in-medellin\/"},{"@type":"ListItem","position":2,"name":"Das magische Gef\u00fchl unverwundbar zu sein. Erz\u00e4hlungen aus Kolumbien (3). Eine andere Weihnacht"}]},{"@type":"WebSite","@id":"https:\/\/blogs.donboscovolunteers.de\/manuel-in-medellin\/#website","url":"https:\/\/blogs.donboscovolunteers.de\/manuel-in-medellin\/","name":"Manuel in Medell\u00edn","description":"","potentialAction":[{"@type":"SearchAction","target":{"@type":"EntryPoint","urlTemplate":"https:\/\/blogs.donboscovolunteers.de\/manuel-in-medellin\/?s={search_term_string}"},"query-input":{"@type":"PropertyValueSpecification","valueRequired":true,"valueName":"search_term_string"}}],"inLanguage":"de"}]}},"_links":{"self":[{"href":"https:\/\/blogs.donboscovolunteers.de\/manuel-in-medellin\/wp-json\/wp\/v2\/pages\/51","targetHints":{"allow":["GET"]}}],"collection":[{"href":"https:\/\/blogs.donboscovolunteers.de\/manuel-in-medellin\/wp-json\/wp\/v2\/pages"}],"about":[{"href":"https:\/\/blogs.donboscovolunteers.de\/manuel-in-medellin\/wp-json\/wp\/v2\/types\/page"}],"author":[{"embeddable":true,"href":"https:\/\/blogs.donboscovolunteers.de\/manuel-in-medellin\/wp-json\/wp\/v2\/users\/21845"}],"replies":[{"embeddable":true,"href":"https:\/\/blogs.donboscovolunteers.de\/manuel-in-medellin\/wp-json\/wp\/v2\/comments?post=51"}],"version-history":[{"count":1,"href":"https:\/\/blogs.donboscovolunteers.de\/manuel-in-medellin\/wp-json\/wp\/v2\/pages\/51\/revisions"}],"predecessor-version":[{"id":52,"href":"https:\/\/blogs.donboscovolunteers.de\/manuel-in-medellin\/wp-json\/wp\/v2\/pages\/51\/revisions\/52"}],"wp:attachment":[{"href":"https:\/\/blogs.donboscovolunteers.de\/manuel-in-medellin\/wp-json\/wp\/v2\/media?parent=51"}],"curies":[{"name":"wp","href":"https:\/\/api.w.org\/{rel}","templated":true}]}}