{"id":25,"date":"2024-10-18T02:42:47","date_gmt":"2024-10-18T00:42:47","guid":{"rendered":"https:\/\/blogs.donboscovolunteers.de\/manuel-in-medellin\/?page_id=25"},"modified":"2024-10-18T02:42:48","modified_gmt":"2024-10-18T00:42:48","slug":"vowort","status":"publish","type":"page","link":"https:\/\/blogs.donboscovolunteers.de\/manuel-in-medellin\/vowort\/","title":{"rendered":"Vowort"},"content":{"rendered":"<p>Meine Reise nach Kolumbien, Medell\u00edn begann nicht erst im September sondern wesentlich fr\u00fcher. Wir m\u00fcssen in die Zeit zur\u00fcck gehen, genau genommen in der Zeit von Januar, Februar diesen Jahres. Gefangen im Stress f\u00fchlte ich mich als ich Januar erfuhr das mein urspr\u00fcnglicher <a href=\"https:\/\/www.donboscovolunteers.de\/\">Freiwilligendienst<\/a> nicht klappen sollte und ich zeitgleich mich um das Vorabitur k\u00fcmmern musste. Ich erinnere mich noch genau wie gestresst ich mich f\u00fchlte weil alles zu scheitern drohte. \u00dcber Umwege noch gelang ich zum Tr\u00e4ger <a href=\"https:\/\/www.donboscomission.de\/don-bosco\/\">Don Bosco<\/a> Volunteers, genauer gesagt hatte ich direkt nach dem f\u00fcnfst\u00fcndigen Sozialwissenschaft\/Wirtschaft Abitur mein Vorstellungsgespr\u00e4ch dort. Ich fuhr sofort nach der Klausur dorthin und hatte ein gutes Gespr\u00e4ch, jedoch meinte man zu mir das ich deutlich zu sp\u00e4t sei und man mir die Einsatzstelle in Kolumbien nicht wirklich geben kann. Es wurde gesagt meine Chancen diese Stelle zu bekommen lagen bei 5% hie\u00df es. Ich ging somit nach dem Gespr\u00e4ch erstmal entt\u00e4uscht weil ich f\u00fcrs erste wieder mit leeren H\u00e4nden stand.<\/p>\n\n\n\n<p>Es war der 20. M\u00e4rz als mir ein gro\u00dfer Stein vom Herzen fiel. Es war Mittwoch Morgens als ich verschlafen ins Badezimmer lief und mir die Z\u00e4hneputzen wollte. Diese Woche war meine letzte regul\u00e4re Schulwoche, an dem Tag sollten wir Bescheid kriegen ob wir f\u00fcr das Abitur zugelassen werden oder nicht. Mit Freunden war somit auch geplant am Abend raus zu gehen und die hoffentlich Zulassung zu feiern, jedenfalls \u00f6ffnete ich w\u00e4hrend des Z\u00e4hneputzens meine Mails und sehe da &#8211; Wie ein Wunder stand drin das ich f\u00fcr Kolumbien zugelassen wurde. In Ekstase verlie\u00df ich das Badezimmer, unerwartet fiel mir ein gro\u00dfer Stein vom Herzen. Der andere Stein fiel mir noch am selbigen Nachmittag vom Herzen als ich auch die Zulassung f\u00fcr mein Abitur bekam, so lie\u00df es sich auch Abends bis in die morgen Stunden feiern. Ich hatte nichts in den H\u00e4nden und bekam auf einmal alles. Das war ein Moment wo ich mich wie ein gro\u00dfer Sieger f\u00fchlte.&nbsp;<\/p>\n\n\n\n<p>W\u00e4hrend ich das schreibe sind nun Monate vergangen. Das Abitur hab ich erfolgreich bestanden und es wurden viele Momente der Ewigkeit geschrieben wof\u00fcr ich sehr dankbar bin. Kommen wir nun dazu warum ich hier \u00fcberhaupt schreibe. Zum einen m\u00f6chte ich weiterhin kleine Unendlichkeiten schaffen und sie aufschreiben damit sie f\u00fcr immer da sind und ihr sie auch lesen k\u00f6nnt. Zum anderen schreibe ich weil ich gerne euch Leser Kolumbien n\u00e4her bringen m\u00f6chte. Kolumbien und besonders Medell\u00edn sind Orte der Vielf\u00e4ltigkeit. Es ist ein reiches Land, und damit meine ich nicht die \u00d6konomie (da steht das Land nicht ganz so gut dar), reich meine ich an der Kultur und Geschichte. Sowohl positiv als auch negativ. Das Land hatte vor wenigen Jahren noch B\u00fcrgerkrieg und Medell\u00edn galt zwischenzeitlich gef\u00e4hrlichste Stadt der Welt. Heute ist es sicherer geworden, die Lage bessert sich dennoch ist der bewaffnete Konflikt stets pr\u00e4sent. Besonders in der Einrichtung in der Ich arbeite, die Casa de protecci\u00f3n oder kurz gesagt CAPRE arbeitet mit Jugendlichen die von Guerilla Truppen oder Paramilit\u00e4r als <a href=\"https:\/\/strassenkinder.de\/laender\/lateinamerika\/kolumbien-kindersoldaten\/\">Kindersoldaten<\/a> missbraucht wurden. Der Konflikt ist somit allgegenw\u00e4rtig.&nbsp;<\/p>\n\n\n\n<p>Ich m\u00f6chte euch meine Reise und die Geschichte Kolumbiens n\u00e4her bringen. Bewusstsein ist der erste Schritt um was ver\u00e4ndern zu k\u00f6nnen. Aus rechtlichen Gr\u00fcnden darf ich Bilder oder Namen der Kinder nicht nennen also werde ich einiges Ab\u00e4ndern m\u00fcssen was dennoch die Geschichte des Landes, der Individuen nicht \u00e4ndert.&nbsp;<\/p>\n\n\n\n<p>Ihr k\u00f6nnt mich, das Projekt oder das Land durch das Lesen meiner Artikels schon unterst\u00fctzen. Eine andere Unterst\u00fctzungsm\u00f6glickeit w\u00e4re die Spende. Die Tr\u00e4gerorganisation Don Bosco Volunteers die mich nach Kolumbien schickte \u00fcbernimmt von den Kosten 25% (die restlichen 75% \u00fcbernimmt die Organisation der Bundesregierung WELTW\u00c4RTS). Mit einer Spende unterst\u00fctzt ihr Don Bosco Volunteers damit Leute wie ich einen Freiwilligendienst machen k\u00f6nnen. Der Betrag ist hierbei nur zweitrangig. Jede Unterst\u00fctzung z\u00e4hlt! Falls ihr spenden m\u00f6chtet k\u00f6nnt ihr ebenso die Spende von der Steuer absetzen lassen und auch eine Quittung fordern. Die Spende funktioniert so:<\/p>\n\n\n\n<p>IBAN: DE89 3705 0198 0000 0994 99<\/p>\n\n\n\n<p>Verwendungszweck (f\u00fcr mein Projekt, das CAPRE): Manuel Graef Alarc\u00f3n &#8211; S24VR008<\/p>\n\n\n\n<p>Die Spende w\u00fcrde definitiv weiterhelfen wie auch das Lesen meiner Artikel. Hier werdet ihr \u00fcber meine Reise erfahren. In dem Sinne bis bald und Liebe Gr\u00fc\u00dfe aus der Stadt des ewigen Fr\u00fchlings.<\/p>","protected":false},"excerpt":{"rendered":"<p>Meine Reise nach Kolumbien, Medell\u00edn begann nicht erst im September sondern wesentlich fr\u00fcher. Wir m\u00fcssen in die Zeit zur\u00fcck gehen, genau genommen in der Zeit von Januar, Februar diesen Jahres. Gefangen im Stress f\u00fchlte ich mich als ich Januar erfuhr das mein urspr\u00fcnglicher <a href=\"https:\/\/www.donboscovolunteers.de\/\">Freiwilligendienst<\/a> nicht klappen sollte und ich zeitgleich mich um das Vorabitur k\u00fcmmern [&hellip;]<\/p>\n","protected":false},"author":21845,"featured_media":0,"parent":0,"menu_order":0,"comment_status":"closed","ping_status":"closed","template":"","meta":{"footnotes":""},"class_list":["post-25","page","type-page","status-publish","hentry"],"yoast_head":"<!-- This site is optimized with the Yoast SEO plugin v25.3.1 - https:\/\/yoast.com\/wordpress\/plugins\/seo\/ -->\n<title>Vowort - Manuel in Medell\u00edn<\/title>\n<meta name=\"robots\" content=\"index, follow, max-snippet:-1, max-image-preview:large, max-video-preview:-1\" \/>\n<link rel=\"canonical\" href=\"https:\/\/blogs.donboscovolunteers.de\/manuel-in-medellin\/vowort\/\" \/>\n<meta property=\"og:locale\" content=\"de_DE\" \/>\n<meta property=\"og:type\" content=\"article\" \/>\n<meta property=\"og:title\" content=\"Vowort - Manuel in Medell\u00edn\" \/>\n<meta property=\"og:description\" content=\"Meine Reise nach Kolumbien, Medell\u00edn begann nicht erst im September sondern wesentlich fr\u00fcher. Wir m\u00fcssen in die Zeit zur\u00fcck gehen, genau genommen in der Zeit von Januar, Februar diesen Jahres. Gefangen im Stress f\u00fchlte ich mich als ich Januar erfuhr das mein urspr\u00fcnglicher Freiwilligendienst nicht klappen sollte und ich zeitgleich mich um das Vorabitur k\u00fcmmern [&hellip;]\" \/>\n<meta property=\"og:url\" content=\"https:\/\/blogs.donboscovolunteers.de\/manuel-in-medellin\/vowort\/\" \/>\n<meta property=\"og:site_name\" content=\"Manuel in Medell\u00edn\" \/>\n<meta property=\"article:modified_time\" content=\"2024-10-18T00:42:48+00:00\" \/>\n<meta name=\"twitter:card\" content=\"summary_large_image\" \/>\n<meta name=\"twitter:label1\" content=\"Gesch\u00e4tzte Lesezeit\" \/>\n\t<meta name=\"twitter:data1\" content=\"4\u00a0Minuten\" \/>\n<script type=\"application\/ld+json\" class=\"yoast-schema-graph\">{\"@context\":\"https:\/\/schema.org\",\"@graph\":[{\"@type\":\"WebPage\",\"@id\":\"https:\/\/blogs.donboscovolunteers.de\/manuel-in-medellin\/vowort\/\",\"url\":\"https:\/\/blogs.donboscovolunteers.de\/manuel-in-medellin\/vowort\/\",\"name\":\"Vowort - Manuel in Medell\u00edn\",\"isPartOf\":{\"@id\":\"https:\/\/blogs.donboscovolunteers.de\/manuel-in-medellin\/#website\"},\"datePublished\":\"2024-10-18T00:42:47+00:00\",\"dateModified\":\"2024-10-18T00:42:48+00:00\",\"breadcrumb\":{\"@id\":\"https:\/\/blogs.donboscovolunteers.de\/manuel-in-medellin\/vowort\/#breadcrumb\"},\"inLanguage\":\"de\",\"potentialAction\":[{\"@type\":\"ReadAction\",\"target\":[\"https:\/\/blogs.donboscovolunteers.de\/manuel-in-medellin\/vowort\/\"]}]},{\"@type\":\"BreadcrumbList\",\"@id\":\"https:\/\/blogs.donboscovolunteers.de\/manuel-in-medellin\/vowort\/#breadcrumb\",\"itemListElement\":[{\"@type\":\"ListItem\",\"position\":1,\"name\":\"Startseite\",\"item\":\"https:\/\/blogs.donboscovolunteers.de\/manuel-in-medellin\/\"},{\"@type\":\"ListItem\",\"position\":2,\"name\":\"Vowort\"}]},{\"@type\":\"WebSite\",\"@id\":\"https:\/\/blogs.donboscovolunteers.de\/manuel-in-medellin\/#website\",\"url\":\"https:\/\/blogs.donboscovolunteers.de\/manuel-in-medellin\/\",\"name\":\"Manuel in Medell\u00edn\",\"description\":\"\",\"potentialAction\":[{\"@type\":\"SearchAction\",\"target\":{\"@type\":\"EntryPoint\",\"urlTemplate\":\"https:\/\/blogs.donboscovolunteers.de\/manuel-in-medellin\/?s={search_term_string}\"},\"query-input\":{\"@type\":\"PropertyValueSpecification\",\"valueRequired\":true,\"valueName\":\"search_term_string\"}}],\"inLanguage\":\"de\"}]}<\/script>\n<!-- \/ Yoast SEO plugin. -->","yoast_head_json":{"title":"Vowort - Manuel in Medell\u00edn","robots":{"index":"index","follow":"follow","max-snippet":"max-snippet:-1","max-image-preview":"max-image-preview:large","max-video-preview":"max-video-preview:-1"},"canonical":"https:\/\/blogs.donboscovolunteers.de\/manuel-in-medellin\/vowort\/","og_locale":"de_DE","og_type":"article","og_title":"Vowort - Manuel in Medell\u00edn","og_description":"Meine Reise nach Kolumbien, Medell\u00edn begann nicht erst im September sondern wesentlich fr\u00fcher. Wir m\u00fcssen in die Zeit zur\u00fcck gehen, genau genommen in der Zeit von Januar, Februar diesen Jahres. Gefangen im Stress f\u00fchlte ich mich als ich Januar erfuhr das mein urspr\u00fcnglicher Freiwilligendienst nicht klappen sollte und ich zeitgleich mich um das Vorabitur k\u00fcmmern [&hellip;]","og_url":"https:\/\/blogs.donboscovolunteers.de\/manuel-in-medellin\/vowort\/","og_site_name":"Manuel in Medell\u00edn","article_modified_time":"2024-10-18T00:42:48+00:00","twitter_card":"summary_large_image","twitter_misc":{"Gesch\u00e4tzte Lesezeit":"4\u00a0Minuten"},"schema":{"@context":"https:\/\/schema.org","@graph":[{"@type":"WebPage","@id":"https:\/\/blogs.donboscovolunteers.de\/manuel-in-medellin\/vowort\/","url":"https:\/\/blogs.donboscovolunteers.de\/manuel-in-medellin\/vowort\/","name":"Vowort - Manuel in Medell\u00edn","isPartOf":{"@id":"https:\/\/blogs.donboscovolunteers.de\/manuel-in-medellin\/#website"},"datePublished":"2024-10-18T00:42:47+00:00","dateModified":"2024-10-18T00:42:48+00:00","breadcrumb":{"@id":"https:\/\/blogs.donboscovolunteers.de\/manuel-in-medellin\/vowort\/#breadcrumb"},"inLanguage":"de","potentialAction":[{"@type":"ReadAction","target":["https:\/\/blogs.donboscovolunteers.de\/manuel-in-medellin\/vowort\/"]}]},{"@type":"BreadcrumbList","@id":"https:\/\/blogs.donboscovolunteers.de\/manuel-in-medellin\/vowort\/#breadcrumb","itemListElement":[{"@type":"ListItem","position":1,"name":"Startseite","item":"https:\/\/blogs.donboscovolunteers.de\/manuel-in-medellin\/"},{"@type":"ListItem","position":2,"name":"Vowort"}]},{"@type":"WebSite","@id":"https:\/\/blogs.donboscovolunteers.de\/manuel-in-medellin\/#website","url":"https:\/\/blogs.donboscovolunteers.de\/manuel-in-medellin\/","name":"Manuel in Medell\u00edn","description":"","potentialAction":[{"@type":"SearchAction","target":{"@type":"EntryPoint","urlTemplate":"https:\/\/blogs.donboscovolunteers.de\/manuel-in-medellin\/?s={search_term_string}"},"query-input":{"@type":"PropertyValueSpecification","valueRequired":true,"valueName":"search_term_string"}}],"inLanguage":"de"}]}},"_links":{"self":[{"href":"https:\/\/blogs.donboscovolunteers.de\/manuel-in-medellin\/wp-json\/wp\/v2\/pages\/25","targetHints":{"allow":["GET"]}}],"collection":[{"href":"https:\/\/blogs.donboscovolunteers.de\/manuel-in-medellin\/wp-json\/wp\/v2\/pages"}],"about":[{"href":"https:\/\/blogs.donboscovolunteers.de\/manuel-in-medellin\/wp-json\/wp\/v2\/types\/page"}],"author":[{"embeddable":true,"href":"https:\/\/blogs.donboscovolunteers.de\/manuel-in-medellin\/wp-json\/wp\/v2\/users\/21845"}],"replies":[{"embeddable":true,"href":"https:\/\/blogs.donboscovolunteers.de\/manuel-in-medellin\/wp-json\/wp\/v2\/comments?post=25"}],"version-history":[{"count":1,"href":"https:\/\/blogs.donboscovolunteers.de\/manuel-in-medellin\/wp-json\/wp\/v2\/pages\/25\/revisions"}],"predecessor-version":[{"id":26,"href":"https:\/\/blogs.donboscovolunteers.de\/manuel-in-medellin\/wp-json\/wp\/v2\/pages\/25\/revisions\/26"}],"wp:attachment":[{"href":"https:\/\/blogs.donboscovolunteers.de\/manuel-in-medellin\/wp-json\/wp\/v2\/media?parent=25"}],"curies":[{"name":"wp","href":"https:\/\/api.w.org\/{rel}","templated":true}]}}