{"id":72,"date":"2020-11-23T13:07:17","date_gmt":"2020-11-23T12:07:17","guid":{"rendered":"https:\/\/blogs.donboscovolunteers.de\/mahatmaausreisemahatmakeine\/?page_id=72"},"modified":"2020-11-23T13:07:19","modified_gmt":"2020-11-23T12:07:19","slug":"spenden","status":"publish","type":"page","link":"https:\/\/blogs.donboscovolunteers.de\/mahatmaausreisemahatmakeine\/spenden\/","title":{"rendered":"Spenden"},"content":{"rendered":"<p>Mein Auslandsfreiwilligendienst bei \u201e<a href=\"https:\/\/www.donboscomission.de\/don-bosco\/\">Don Bosco<\/a> Volunteers\u201c ist Teil des entwicklungspolitischen Freiwilligendiensts \u201eweltw\u00e4rts\u201c des deutschen Bundesministeriums f\u00fcr wirtschaftliche Zusammenarbeit und Entwicklung (BMZ). Das Ziel des Freiwilligendienstes ist es, jungen Menschen wichtige Impulse f\u00fcr zivilgesellschaftliches Engagement zu geben, sowohl in Deutschland, als auch in den Partnerl\u00e4ndern. Im weltw\u00e4rts-Programm leisten wir Freiwilligen Entwicklungszusammenarbeit in Projekten in Afrika, Asien, Lateinamerika oder S\u00fcdosteuropa.<\/p>\n\n\n\n<p>Zurzeit noch in Deutschland, wollen wir Freiwilligen die Hoffnung nicht aufgeben, in Zukunft noch internationale Kontakte zu kn\u00fcpfen und andere Kulturen kennen und wertsch\u00e4tzen zu lernen. Zwar sind das \u201eGlobale Lernen\u201c und der interkulturelle Austausch unter den Bedingungen der Covid-19-Pandemie erschwert, doch unser Tr\u00e4ger Don Bosco Volunteers erm\u00f6glicht uns Freiwilligen des Jahrgangs 2020\/2021 m\u00f6glichst viele nachhaltige Erfahrungen im Rahmen der Don Bosco Volunteers Akademie zu sammeln. <\/p>\n\n\n\n<p>Die SDG\u2019s (Sustainable Developement Goals) waren mir vor der Akademie beispielsweise gar kein Begriff, doch in der Auseinandersetzung mit den nachhaltigen Entwicklungszielen bekamen wir Freiwilligen viele Anregungen, uns mit Problemen in der Welt auseinanderzusetzen und ein Auge f\u00fcr das zu entwickeln, was schief l\u00e4uft. Au\u00dferdem bietet die Akademie uns ein Lernumfeld zur Verwirklichung der Kinder- und Menschenrechte. Wir stellen eigene Projekte auf die Beine und trainieren unsere p\u00e4dagogischen F\u00e4higkeiten im Praxiseinsatz. Nicht, um die Welt im Ganzen zu ver\u00e4ndern \u2013 das kann ein <a href=\"https:\/\/www.donboscovolunteers.de\/\">Freiwilligendienst<\/a> nicht leisten \u2013 sondern, um die Welt der jungen Menschen zu ver\u00e4ndern, denen wir bei unserem Engagement begegnen. Wir wollen jungen Menschen Perspektiven aufzeigen und ihnen eine Aufgabe geben, um ihnen auf dem Weg zu einem selbstbestimmten Leben zu helfen.<\/p>\n\n\n\n<p>So ist mein Engagement eine Investition in die Zukunft. Mit den im Freiwilligendienst gesammelten Erfahrungen bin ich eine Bereicherung f\u00fcr die Gesellschaft. &#8211; Um f\u00fcr die christlichen Werte einzutreten, mein soziales und ehrenamtliches Engagement zu st\u00e4rken, den Finger in die Wunde gesellschaftlicher wie globaler Probleme zu legen und andere Menschen mit dieser Einstellung und meinem Engagement anzustecken und mitzunehmen. Der Freiwilligendienst regt mich zur \u00dcbernahme gesellschaftlicher Verantwortung und zu solidarischem Handeln an. Das m\u00f6chte ich weitergeben und damit die Welt ein kleines St\u00fcck besser machen. Damit das Leben junger Menschen gelingt!<\/p>\n\n\n\n<p>Mein Freiwilligendienst in der Entwicklungszusammenarbeit wird zu 75% vom BMZ gef\u00f6rdert. Die verbleibenden 25% der entstehenden Unkosten zu decken, liegt in meiner Verantwortung. Wenn Sie mich bei meinem Engagement im Freiwilligendienst unterst\u00fctzen m\u00f6chten, dann w\u00fcrde ich mich sehr \u00fcber eine Spende freuen.<\/p>\n\n\n\n<pre class=\"wp-block-preformatted\">Spendenkonto: DON BOSCO MISSION \nBank: SPARKASSE K\u00d6LN BONN \nIBAN: DE89 3705 0198 0000 0994 99 \nBIC: COLSDE 33 \nVerwendungszweck: Elisabeth Gl\u00e4ser S20VR006 <\/pre>\n\n\n\n<p>Vielen Dank!<\/p>","protected":false},"excerpt":{"rendered":"<p>Mein Auslandsfreiwilligendienst bei \u201e<a href=\"https:\/\/www.donboscomission.de\/don-bosco\/\">Don Bosco<\/a> Volunteers\u201c ist Teil des entwicklungspolitischen Freiwilligendiensts \u201eweltw\u00e4rts\u201c des deutschen Bundesministeriums f\u00fcr wirtschaftliche Zusammenarbeit und Entwicklung (BMZ). Das Ziel des Freiwilligendienstes ist es, jungen Menschen wichtige Impulse f\u00fcr zivilgesellschaftliches Engagement zu geben, sowohl in Deutschland, als auch in den Partnerl\u00e4ndern. Im weltw\u00e4rts-Programm leisten wir Freiwilligen Entwicklungszusammenarbeit in Projekten in Afrika, Asien, [&hellip;]<\/p>\n","protected":false},"author":21691,"featured_media":0,"parent":0,"menu_order":0,"comment_status":"closed","ping_status":"closed","template":"","meta":{"footnotes":""},"class_list":["post-72","page","type-page","status-publish","hentry"],"yoast_head":"<!-- This site is optimized with the Yoast SEO plugin v25.3.1 - https:\/\/yoast.com\/wordpress\/plugins\/seo\/ -->\n<title>Spenden - Mahatma Ausreise, Mahatma keine!<\/title>\n<meta name=\"description\" content=\"Mein Freiwilligendienst wird zu einem Teil vom BMZ gef\u00f6rdert. Der Rest der entstehenden Unkosten sind Eigenanteil. Ich freue mich \u00fcber Ihre Unterst\u00fctzung!\" \/>\n<meta name=\"robots\" content=\"index, follow, max-snippet:-1, max-image-preview:large, max-video-preview:-1\" \/>\n<link rel=\"canonical\" href=\"https:\/\/blogs.donboscovolunteers.de\/mahatmaausreisemahatmakeine\/spenden\/\" \/>\n<meta property=\"og:locale\" content=\"de_DE\" \/>\n<meta property=\"og:type\" content=\"article\" \/>\n<meta property=\"og:title\" content=\"Spenden - Mahatma Ausreise, Mahatma keine!\" \/>\n<meta property=\"og:description\" content=\"Mein Freiwilligendienst wird zu einem Teil vom BMZ gef\u00f6rdert. Der Rest der entstehenden Unkosten sind Eigenanteil. Ich freue mich \u00fcber Ihre Unterst\u00fctzung!\" \/>\n<meta property=\"og:url\" content=\"https:\/\/blogs.donboscovolunteers.de\/mahatmaausreisemahatmakeine\/spenden\/\" \/>\n<meta property=\"og:site_name\" content=\"Mahatma Ausreise, Mahatma keine!\" \/>\n<meta property=\"article:modified_time\" content=\"2020-11-23T12:07:19+00:00\" \/>\n<meta name=\"twitter:card\" content=\"summary_large_image\" \/>\n<meta name=\"twitter:label1\" content=\"Gesch\u00e4tzte Lesezeit\" \/>\n\t<meta name=\"twitter:data1\" content=\"2\u00a0Minuten\" \/>\n<script type=\"application\/ld+json\" class=\"yoast-schema-graph\">{\"@context\":\"https:\/\/schema.org\",\"@graph\":[{\"@type\":\"WebPage\",\"@id\":\"https:\/\/blogs.donboscovolunteers.de\/mahatmaausreisemahatmakeine\/spenden\/\",\"url\":\"https:\/\/blogs.donboscovolunteers.de\/mahatmaausreisemahatmakeine\/spenden\/\",\"name\":\"Spenden - Mahatma Ausreise, Mahatma keine!\",\"isPartOf\":{\"@id\":\"https:\/\/blogs.donboscovolunteers.de\/mahatmaausreisemahatmakeine\/#website\"},\"datePublished\":\"2020-11-23T12:07:17+00:00\",\"dateModified\":\"2020-11-23T12:07:19+00:00\",\"description\":\"Mein Freiwilligendienst wird zu einem Teil vom BMZ gef\u00f6rdert. Der Rest der entstehenden Unkosten sind Eigenanteil. Ich freue mich \u00fcber Ihre Unterst\u00fctzung!\",\"breadcrumb\":{\"@id\":\"https:\/\/blogs.donboscovolunteers.de\/mahatmaausreisemahatmakeine\/spenden\/#breadcrumb\"},\"inLanguage\":\"de\",\"potentialAction\":[{\"@type\":\"ReadAction\",\"target\":[\"https:\/\/blogs.donboscovolunteers.de\/mahatmaausreisemahatmakeine\/spenden\/\"]}]},{\"@type\":\"BreadcrumbList\",\"@id\":\"https:\/\/blogs.donboscovolunteers.de\/mahatmaausreisemahatmakeine\/spenden\/#breadcrumb\",\"itemListElement\":[{\"@type\":\"ListItem\",\"position\":1,\"name\":\"Startseite\",\"item\":\"https:\/\/blogs.donboscovolunteers.de\/mahatmaausreisemahatmakeine\/\"},{\"@type\":\"ListItem\",\"position\":2,\"name\":\"Spenden\"}]},{\"@type\":\"WebSite\",\"@id\":\"https:\/\/blogs.donboscovolunteers.de\/mahatmaausreisemahatmakeine\/#website\",\"url\":\"https:\/\/blogs.donboscovolunteers.de\/mahatmaausreisemahatmakeine\/\",\"name\":\"Mahatma Ausreise, Mahatma keine!\",\"description\":\"Mein Jahr als Freiwillige in bisher nicht Indien\",\"potentialAction\":[{\"@type\":\"SearchAction\",\"target\":{\"@type\":\"EntryPoint\",\"urlTemplate\":\"https:\/\/blogs.donboscovolunteers.de\/mahatmaausreisemahatmakeine\/?s={search_term_string}\"},\"query-input\":{\"@type\":\"PropertyValueSpecification\",\"valueRequired\":true,\"valueName\":\"search_term_string\"}}],\"inLanguage\":\"de\"}]}<\/script>\n<!-- \/ Yoast SEO plugin. -->","yoast_head_json":{"title":"Spenden - Mahatma Ausreise, Mahatma keine!","description":"Mein Freiwilligendienst wird zu einem Teil vom BMZ gef\u00f6rdert. Der Rest der entstehenden Unkosten sind Eigenanteil. Ich freue mich \u00fcber Ihre Unterst\u00fctzung!","robots":{"index":"index","follow":"follow","max-snippet":"max-snippet:-1","max-image-preview":"max-image-preview:large","max-video-preview":"max-video-preview:-1"},"canonical":"https:\/\/blogs.donboscovolunteers.de\/mahatmaausreisemahatmakeine\/spenden\/","og_locale":"de_DE","og_type":"article","og_title":"Spenden - Mahatma Ausreise, Mahatma keine!","og_description":"Mein Freiwilligendienst wird zu einem Teil vom BMZ gef\u00f6rdert. Der Rest der entstehenden Unkosten sind Eigenanteil. Ich freue mich \u00fcber Ihre Unterst\u00fctzung!","og_url":"https:\/\/blogs.donboscovolunteers.de\/mahatmaausreisemahatmakeine\/spenden\/","og_site_name":"Mahatma Ausreise, Mahatma keine!","article_modified_time":"2020-11-23T12:07:19+00:00","twitter_card":"summary_large_image","twitter_misc":{"Gesch\u00e4tzte Lesezeit":"2\u00a0Minuten"},"schema":{"@context":"https:\/\/schema.org","@graph":[{"@type":"WebPage","@id":"https:\/\/blogs.donboscovolunteers.de\/mahatmaausreisemahatmakeine\/spenden\/","url":"https:\/\/blogs.donboscovolunteers.de\/mahatmaausreisemahatmakeine\/spenden\/","name":"Spenden - Mahatma Ausreise, Mahatma keine!","isPartOf":{"@id":"https:\/\/blogs.donboscovolunteers.de\/mahatmaausreisemahatmakeine\/#website"},"datePublished":"2020-11-23T12:07:17+00:00","dateModified":"2020-11-23T12:07:19+00:00","description":"Mein Freiwilligendienst wird zu einem Teil vom BMZ gef\u00f6rdert. Der Rest der entstehenden Unkosten sind Eigenanteil. Ich freue mich \u00fcber Ihre Unterst\u00fctzung!","breadcrumb":{"@id":"https:\/\/blogs.donboscovolunteers.de\/mahatmaausreisemahatmakeine\/spenden\/#breadcrumb"},"inLanguage":"de","potentialAction":[{"@type":"ReadAction","target":["https:\/\/blogs.donboscovolunteers.de\/mahatmaausreisemahatmakeine\/spenden\/"]}]},{"@type":"BreadcrumbList","@id":"https:\/\/blogs.donboscovolunteers.de\/mahatmaausreisemahatmakeine\/spenden\/#breadcrumb","itemListElement":[{"@type":"ListItem","position":1,"name":"Startseite","item":"https:\/\/blogs.donboscovolunteers.de\/mahatmaausreisemahatmakeine\/"},{"@type":"ListItem","position":2,"name":"Spenden"}]},{"@type":"WebSite","@id":"https:\/\/blogs.donboscovolunteers.de\/mahatmaausreisemahatmakeine\/#website","url":"https:\/\/blogs.donboscovolunteers.de\/mahatmaausreisemahatmakeine\/","name":"Mahatma Ausreise, Mahatma keine!","description":"Mein Jahr als Freiwillige in bisher nicht Indien","potentialAction":[{"@type":"SearchAction","target":{"@type":"EntryPoint","urlTemplate":"https:\/\/blogs.donboscovolunteers.de\/mahatmaausreisemahatmakeine\/?s={search_term_string}"},"query-input":{"@type":"PropertyValueSpecification","valueRequired":true,"valueName":"search_term_string"}}],"inLanguage":"de"}]}},"_links":{"self":[{"href":"https:\/\/blogs.donboscovolunteers.de\/mahatmaausreisemahatmakeine\/wp-json\/wp\/v2\/pages\/72","targetHints":{"allow":["GET"]}}],"collection":[{"href":"https:\/\/blogs.donboscovolunteers.de\/mahatmaausreisemahatmakeine\/wp-json\/wp\/v2\/pages"}],"about":[{"href":"https:\/\/blogs.donboscovolunteers.de\/mahatmaausreisemahatmakeine\/wp-json\/wp\/v2\/types\/page"}],"author":[{"embeddable":true,"href":"https:\/\/blogs.donboscovolunteers.de\/mahatmaausreisemahatmakeine\/wp-json\/wp\/v2\/users\/21691"}],"replies":[{"embeddable":true,"href":"https:\/\/blogs.donboscovolunteers.de\/mahatmaausreisemahatmakeine\/wp-json\/wp\/v2\/comments?post=72"}],"version-history":[{"count":2,"href":"https:\/\/blogs.donboscovolunteers.de\/mahatmaausreisemahatmakeine\/wp-json\/wp\/v2\/pages\/72\/revisions"}],"predecessor-version":[{"id":85,"href":"https:\/\/blogs.donboscovolunteers.de\/mahatmaausreisemahatmakeine\/wp-json\/wp\/v2\/pages\/72\/revisions\/85"}],"wp:attachment":[{"href":"https:\/\/blogs.donboscovolunteers.de\/mahatmaausreisemahatmakeine\/wp-json\/wp\/v2\/media?parent=72"}],"curies":[{"name":"wp","href":"https:\/\/api.w.org\/{rel}","templated":true}]}}