{"id":24,"date":"2020-10-24T18:02:06","date_gmt":"2020-10-24T16:02:06","guid":{"rendered":"https:\/\/blogs.donboscovolunteers.de\/mahatmaausreisemahatmakeine\/?page_id=24"},"modified":"2020-10-24T18:19:01","modified_gmt":"2020-10-24T16:19:01","slug":"herzlich-willkommen","status":"publish","type":"page","link":"https:\/\/blogs.donboscovolunteers.de\/mahatmaausreisemahatmakeine\/","title":{"rendered":"Herzlich Willkommen!"},"content":{"rendered":"<p>Sch\u00f6n, dass ihr den Weg auf meinen Blog gefunden habt. Hier m\u00f6chte ich meine Eindr\u00fccke und Erlebnisse w\u00e4hrend meiner Zeit als Freiwillige mit euch teilen. <\/p>\n\n\n\n<p>Zurzeit bin ich noch in Deutschland unterwegs, da die momentane Pandemie leider keine Ausreise zul\u00e4sst. So leiste ich meinen Auslandsfreiwilligendienst im Inland, will aber die Hoffnung auf eine Ausreise nach <a href=\"https:\/\/strassenkinder.de\/laender\/asien\/inden\/\">Indien<\/a> nicht aufgeben. Bis es so weit ist lerne ich in der Freiwilligenakademie entwicklungspolitische Ziele und Probleme kennen und sammle Erfahrungen im Praxiseinsatz.<\/p>\n\n\n\n<p>Was ich da so erlebe? Schaut euch gerne auf meinem Blog um!<\/p>","protected":false},"excerpt":{"rendered":"<p>Sch\u00f6n, dass ihr den Weg auf meinen Blog gefunden habt. Hier m\u00f6chte ich meine Eindr\u00fccke und Erlebnisse w\u00e4hrend meiner Zeit als Freiwillige mit euch teilen. Zurzeit bin ich noch in Deutschland unterwegs, da die momentane Pandemie leider keine Ausreise zul\u00e4sst. So leiste ich meinen Auslandsfreiwilligendienst im Inland, will aber die Hoffnung auf eine Ausreise nach [&hellip;]<\/p>\n","protected":false},"author":21691,"featured_media":0,"parent":0,"menu_order":0,"comment_status":"closed","ping_status":"closed","template":"","meta":{"footnotes":""},"class_list":["post-24","page","type-page","status-publish","hentry"],"yoast_head":"<!-- This site is optimized with the Yoast SEO plugin v25.3.1 - https:\/\/yoast.com\/wordpress\/plugins\/seo\/ -->\n<title>Herzlich Willkommen! - Mahatma Ausreise, Mahatma keine!<\/title>\n<meta name=\"robots\" content=\"index, follow, max-snippet:-1, max-image-preview:large, max-video-preview:-1\" \/>\n<link rel=\"canonical\" href=\"https:\/\/blogs.donboscovolunteers.de\/mahatmaausreisemahatmakeine\/\" \/>\n<meta property=\"og:locale\" content=\"de_DE\" \/>\n<meta property=\"og:type\" content=\"article\" \/>\n<meta property=\"og:title\" content=\"Herzlich Willkommen! - Mahatma Ausreise, Mahatma keine!\" \/>\n<meta property=\"og:description\" content=\"Sch\u00f6n, dass ihr den Weg auf meinen Blog gefunden habt. Hier m\u00f6chte ich meine Eindr\u00fccke und Erlebnisse w\u00e4hrend meiner Zeit als Freiwillige mit euch teilen. Zurzeit bin ich noch in Deutschland unterwegs, da die momentane Pandemie leider keine Ausreise zul\u00e4sst. So leiste ich meinen Auslandsfreiwilligendienst im Inland, will aber die Hoffnung auf eine Ausreise nach [&hellip;]\" \/>\n<meta property=\"og:url\" content=\"https:\/\/blogs.donboscovolunteers.de\/mahatmaausreisemahatmakeine\/\" \/>\n<meta property=\"og:site_name\" content=\"Mahatma Ausreise, Mahatma keine!\" \/>\n<meta property=\"article:modified_time\" content=\"2020-10-24T16:19:01+00:00\" \/>\n<meta name=\"twitter:card\" content=\"summary_large_image\" \/>\n<script type=\"application\/ld+json\" class=\"yoast-schema-graph\">{\"@context\":\"https:\/\/schema.org\",\"@graph\":[{\"@type\":\"WebPage\",\"@id\":\"https:\/\/blogs.donboscovolunteers.de\/mahatmaausreisemahatmakeine\/\",\"url\":\"https:\/\/blogs.donboscovolunteers.de\/mahatmaausreisemahatmakeine\/\",\"name\":\"Herzlich Willkommen! - Mahatma Ausreise, Mahatma keine!\",\"isPartOf\":{\"@id\":\"https:\/\/blogs.donboscovolunteers.de\/mahatmaausreisemahatmakeine\/#website\"},\"datePublished\":\"2020-10-24T16:02:06+00:00\",\"dateModified\":\"2020-10-24T16:19:01+00:00\",\"breadcrumb\":{\"@id\":\"https:\/\/blogs.donboscovolunteers.de\/mahatmaausreisemahatmakeine\/#breadcrumb\"},\"inLanguage\":\"de\",\"potentialAction\":[{\"@type\":\"ReadAction\",\"target\":[\"https:\/\/blogs.donboscovolunteers.de\/mahatmaausreisemahatmakeine\/\"]}]},{\"@type\":\"BreadcrumbList\",\"@id\":\"https:\/\/blogs.donboscovolunteers.de\/mahatmaausreisemahatmakeine\/#breadcrumb\",\"itemListElement\":[{\"@type\":\"ListItem\",\"position\":1,\"name\":\"Startseite\",\"item\":\"https:\/\/blogs.donboscovolunteers.de\/mahatmaausreisemahatmakeine\/\"},{\"@type\":\"ListItem\",\"position\":2,\"name\":\"Herzlich Willkommen!\"}]},{\"@type\":\"WebSite\",\"@id\":\"https:\/\/blogs.donboscovolunteers.de\/mahatmaausreisemahatmakeine\/#website\",\"url\":\"https:\/\/blogs.donboscovolunteers.de\/mahatmaausreisemahatmakeine\/\",\"name\":\"Mahatma Ausreise, Mahatma keine!\",\"description\":\"Mein Jahr als Freiwillige in bisher nicht Indien\",\"potentialAction\":[{\"@type\":\"SearchAction\",\"target\":{\"@type\":\"EntryPoint\",\"urlTemplate\":\"https:\/\/blogs.donboscovolunteers.de\/mahatmaausreisemahatmakeine\/?s={search_term_string}\"},\"query-input\":{\"@type\":\"PropertyValueSpecification\",\"valueRequired\":true,\"valueName\":\"search_term_string\"}}],\"inLanguage\":\"de\"}]}<\/script>\n<!-- \/ Yoast SEO plugin. -->","yoast_head_json":{"title":"Herzlich Willkommen! - Mahatma Ausreise, Mahatma keine!","robots":{"index":"index","follow":"follow","max-snippet":"max-snippet:-1","max-image-preview":"max-image-preview:large","max-video-preview":"max-video-preview:-1"},"canonical":"https:\/\/blogs.donboscovolunteers.de\/mahatmaausreisemahatmakeine\/","og_locale":"de_DE","og_type":"article","og_title":"Herzlich Willkommen! - Mahatma Ausreise, Mahatma keine!","og_description":"Sch\u00f6n, dass ihr den Weg auf meinen Blog gefunden habt. Hier m\u00f6chte ich meine Eindr\u00fccke und Erlebnisse w\u00e4hrend meiner Zeit als Freiwillige mit euch teilen. Zurzeit bin ich noch in Deutschland unterwegs, da die momentane Pandemie leider keine Ausreise zul\u00e4sst. So leiste ich meinen Auslandsfreiwilligendienst im Inland, will aber die Hoffnung auf eine Ausreise nach [&hellip;]","og_url":"https:\/\/blogs.donboscovolunteers.de\/mahatmaausreisemahatmakeine\/","og_site_name":"Mahatma Ausreise, Mahatma keine!","article_modified_time":"2020-10-24T16:19:01+00:00","twitter_card":"summary_large_image","schema":{"@context":"https:\/\/schema.org","@graph":[{"@type":"WebPage","@id":"https:\/\/blogs.donboscovolunteers.de\/mahatmaausreisemahatmakeine\/","url":"https:\/\/blogs.donboscovolunteers.de\/mahatmaausreisemahatmakeine\/","name":"Herzlich Willkommen! - Mahatma Ausreise, Mahatma keine!","isPartOf":{"@id":"https:\/\/blogs.donboscovolunteers.de\/mahatmaausreisemahatmakeine\/#website"},"datePublished":"2020-10-24T16:02:06+00:00","dateModified":"2020-10-24T16:19:01+00:00","breadcrumb":{"@id":"https:\/\/blogs.donboscovolunteers.de\/mahatmaausreisemahatmakeine\/#breadcrumb"},"inLanguage":"de","potentialAction":[{"@type":"ReadAction","target":["https:\/\/blogs.donboscovolunteers.de\/mahatmaausreisemahatmakeine\/"]}]},{"@type":"BreadcrumbList","@id":"https:\/\/blogs.donboscovolunteers.de\/mahatmaausreisemahatmakeine\/#breadcrumb","itemListElement":[{"@type":"ListItem","position":1,"name":"Startseite","item":"https:\/\/blogs.donboscovolunteers.de\/mahatmaausreisemahatmakeine\/"},{"@type":"ListItem","position":2,"name":"Herzlich Willkommen!"}]},{"@type":"WebSite","@id":"https:\/\/blogs.donboscovolunteers.de\/mahatmaausreisemahatmakeine\/#website","url":"https:\/\/blogs.donboscovolunteers.de\/mahatmaausreisemahatmakeine\/","name":"Mahatma Ausreise, Mahatma keine!","description":"Mein Jahr als Freiwillige in bisher nicht Indien","potentialAction":[{"@type":"SearchAction","target":{"@type":"EntryPoint","urlTemplate":"https:\/\/blogs.donboscovolunteers.de\/mahatmaausreisemahatmakeine\/?s={search_term_string}"},"query-input":{"@type":"PropertyValueSpecification","valueRequired":true,"valueName":"search_term_string"}}],"inLanguage":"de"}]}},"_links":{"self":[{"href":"https:\/\/blogs.donboscovolunteers.de\/mahatmaausreisemahatmakeine\/wp-json\/wp\/v2\/pages\/24","targetHints":{"allow":["GET"]}}],"collection":[{"href":"https:\/\/blogs.donboscovolunteers.de\/mahatmaausreisemahatmakeine\/wp-json\/wp\/v2\/pages"}],"about":[{"href":"https:\/\/blogs.donboscovolunteers.de\/mahatmaausreisemahatmakeine\/wp-json\/wp\/v2\/types\/page"}],"author":[{"embeddable":true,"href":"https:\/\/blogs.donboscovolunteers.de\/mahatmaausreisemahatmakeine\/wp-json\/wp\/v2\/users\/21691"}],"replies":[{"embeddable":true,"href":"https:\/\/blogs.donboscovolunteers.de\/mahatmaausreisemahatmakeine\/wp-json\/wp\/v2\/comments?post=24"}],"version-history":[{"count":2,"href":"https:\/\/blogs.donboscovolunteers.de\/mahatmaausreisemahatmakeine\/wp-json\/wp\/v2\/pages\/24\/revisions"}],"predecessor-version":[{"id":29,"href":"https:\/\/blogs.donboscovolunteers.de\/mahatmaausreisemahatmakeine\/wp-json\/wp\/v2\/pages\/24\/revisions\/29"}],"wp:attachment":[{"href":"https:\/\/blogs.donboscovolunteers.de\/mahatmaausreisemahatmakeine\/wp-json\/wp\/v2\/media?parent=24"}],"curies":[{"name":"wp","href":"https:\/\/api.w.org\/{rel}","templated":true}]}}