{"id":282,"date":"2019-01-15T07:01:14","date_gmt":"2019-01-15T06:01:14","guid":{"rendered":"https:\/\/blogs.donboscovolunteers.de\/lukasinindien\/?page_id=282"},"modified":"2019-08-21T11:15:50","modified_gmt":"2019-08-21T09:15:50","slug":"monatsuebersicht","status":"publish","type":"page","link":"https:\/\/blogs.donboscovolunteers.de\/lukasinindien\/monatsuebersicht\/","title":{"rendered":"Monats\u00fcbersicht"},"content":{"rendered":"<p style=\"text-align: center\"><strong>I. Die Vorbereitung<\/strong><br \/>\n<a href=\"https:\/\/blogs.donboscovolunteers.de\/lukasinindien\/aufbruch\/\">Aufbruch?!<\/a><\/p>\n<p style=\"text-align: center\"><strong>II. Der Hinweg<\/strong><br \/>\n<a href=\"https:\/\/blogs.donboscovolunteers.de\/lukasinindien\/die-lange-reisenach-vilathikulam\/\">Die lange Reise nach Vilathikulam<\/a><\/p>\n<p style=\"text-align: center\"><strong>III. Der Oktober<\/strong><br \/>\n<a href=\"https:\/\/blogs.donboscovolunteers.de\/lukasinindien\/von-den-ersten-wochen-in-indien\/\">Von den ersten Wochen in Indien<\/a><\/p>\n<p style=\"text-align: center\"><strong>IV. Der November<\/strong><br \/>\n<a href=\"https:\/\/blogs.donboscovolunteers.de\/lukasinindien\/vom-november\/\">Vom k\u00e4ltesten Monat im Jahr<\/a><\/p>\n<p style=\"text-align: center\"><strong>V. Der Dezember<\/strong><br \/>\n<a href=\"https:\/\/blogs.donboscovolunteers.de\/lukasinindien\/der-dezember\/\">Vom letzten Monat 2018<\/a><\/p>\n<p style=\"text-align: center\"><strong>VI. Unsere erste gro\u00dfe Reise<\/strong><br \/>\n<a href=\"https:\/\/blogs.donboscovolunteers.de\/lukasinindien\/von-der-ersten-grossen-reise\/\">Einmal quer durch S\u00fcdindien bitte<\/a><\/p>\n<p style=\"text-align: center\"><strong>VII. Der Januar<\/strong><br \/>\n<a href=\"https:\/\/blogs.donboscovolunteers.de\/lukasinindien\/der-januar\/\">Zur\u00fcck zu Hause<\/a><\/p>\n<p style=\"text-align: center\"><strong>VIII. Der Februar<br \/>\n<\/strong><a href=\"https:\/\/blogs.donboscovolunteers.de\/lukasinindien\/februar\/\">Halbzeit<\/a><\/p>\n<p style=\"text-align: center\"><strong>IX. Der M\u00e4rz<br \/>\n<\/strong><a href=\"https:\/\/blogs.donboscovolunteers.de\/lukasinindien\/der-maerz\/\">Das Erste Finale<\/a><strong><br \/>\n<\/strong><\/p>\n<p style=\"text-align: center\"><strong>X. Der April<\/strong><br \/>\n<a href=\"https:\/\/blogs.donboscovolunteers.de\/lukasinindien\/der-april\/\">Ferien<\/a><\/p>\n<p style=\"text-align: center\"><strong>XI. Der Mai<br \/>\n<\/strong><a href=\"https:\/\/blogs.donboscovolunteers.de\/lukasinindien\/der-mai\/\">Das Englischcamp<\/a><\/p>\n<p style=\"text-align: center\"><strong>XII. Unsere zweite gro\u00dfe Reise<br \/>\n<\/strong><a href=\"https:\/\/blogs.donboscovolunteers.de\/lukasinindien\/unsere-zweite-grosse-reise\/\">Tempel, Ruinen und Wasser<\/a><strong><br \/>\n<\/strong><\/p>\n","protected":false},"excerpt":{"rendered":"<p>I. Die Vorbereitung Aufbruch?! II. Der Hinweg Die lange Reise nach Vilathikulam III. Der Oktober Von den ersten Wochen in <a href=\"https:\/\/strassenkinder.de\/laender\/asien\/inden\/\">Indien<\/a> IV. Der November Vom k\u00e4ltesten Monat im Jahr V. Der Dezember Vom letzten Monat 2018 VI. Unsere erste gro\u00dfe Reise Einmal quer durch S\u00fcdindien bitte VII. Der Januar Zur\u00fcck zu Hause VIII. Der Februar [&hellip;]<\/p>\n","protected":false},"author":21611,"featured_media":0,"parent":0,"menu_order":0,"comment_status":"closed","ping_status":"closed","template":"","meta":{"footnotes":""},"class_list":["post-282","page","type-page","status-publish","hentry"],"yoast_head":"<!-- This site is optimized with the Yoast SEO plugin v25.3.1 - https:\/\/yoast.com\/wordpress\/plugins\/seo\/ -->\n<title>Monats\u00fcbersicht - Lukas in Indien<\/title>\n<meta name=\"robots\" content=\"index, follow, max-snippet:-1, max-image-preview:large, max-video-preview:-1\" \/>\n<link rel=\"canonical\" href=\"https:\/\/blogs.donboscovolunteers.de\/lukasinindien\/monatsuebersicht\/\" \/>\n<meta property=\"og:locale\" content=\"de_DE\" \/>\n<meta property=\"og:type\" content=\"article\" \/>\n<meta property=\"og:title\" content=\"Monats\u00fcbersicht - Lukas in Indien\" \/>\n<meta property=\"og:description\" content=\"I. Die Vorbereitung Aufbruch?! II. Der Hinweg Die lange Reise nach Vilathikulam III. Der Oktober Von den ersten Wochen in Indien IV. Der November Vom k\u00e4ltesten Monat im Jahr V. Der Dezember Vom letzten Monat 2018 VI. Unsere erste gro\u00dfe Reise Einmal quer durch S\u00fcdindien bitte VII. Der Januar Zur\u00fcck zu Hause VIII. Der Februar [&hellip;]\" \/>\n<meta property=\"og:url\" content=\"https:\/\/blogs.donboscovolunteers.de\/lukasinindien\/monatsuebersicht\/\" \/>\n<meta property=\"og:site_name\" content=\"Lukas in Indien\" \/>\n<meta property=\"article:modified_time\" content=\"2019-08-21T09:15:50+00:00\" \/>\n<meta name=\"twitter:card\" content=\"summary_large_image\" \/>\n<script type=\"application\/ld+json\" class=\"yoast-schema-graph\">{\"@context\":\"https:\/\/schema.org\",\"@graph\":[{\"@type\":\"WebPage\",\"@id\":\"https:\/\/blogs.donboscovolunteers.de\/lukasinindien\/monatsuebersicht\/\",\"url\":\"https:\/\/blogs.donboscovolunteers.de\/lukasinindien\/monatsuebersicht\/\",\"name\":\"Monats\u00fcbersicht - Lukas in Indien\",\"isPartOf\":{\"@id\":\"https:\/\/blogs.donboscovolunteers.de\/lukasinindien\/#website\"},\"datePublished\":\"2019-01-15T06:01:14+00:00\",\"dateModified\":\"2019-08-21T09:15:50+00:00\",\"breadcrumb\":{\"@id\":\"https:\/\/blogs.donboscovolunteers.de\/lukasinindien\/monatsuebersicht\/#breadcrumb\"},\"inLanguage\":\"de\",\"potentialAction\":[{\"@type\":\"ReadAction\",\"target\":[\"https:\/\/blogs.donboscovolunteers.de\/lukasinindien\/monatsuebersicht\/\"]}]},{\"@type\":\"BreadcrumbList\",\"@id\":\"https:\/\/blogs.donboscovolunteers.de\/lukasinindien\/monatsuebersicht\/#breadcrumb\",\"itemListElement\":[{\"@type\":\"ListItem\",\"position\":1,\"name\":\"Startseite\",\"item\":\"https:\/\/blogs.donboscovolunteers.de\/lukasinindien\/\"},{\"@type\":\"ListItem\",\"position\":2,\"name\":\"Monats\u00fcbersicht\"}]},{\"@type\":\"WebSite\",\"@id\":\"https:\/\/blogs.donboscovolunteers.de\/lukasinindien\/#website\",\"url\":\"https:\/\/blogs.donboscovolunteers.de\/lukasinindien\/\",\"name\":\"Lukas in Indien\",\"description\":\"Ein Jahr in Vilathikulam\",\"potentialAction\":[{\"@type\":\"SearchAction\",\"target\":{\"@type\":\"EntryPoint\",\"urlTemplate\":\"https:\/\/blogs.donboscovolunteers.de\/lukasinindien\/?s={search_term_string}\"},\"query-input\":{\"@type\":\"PropertyValueSpecification\",\"valueRequired\":true,\"valueName\":\"search_term_string\"}}],\"inLanguage\":\"de\"}]}<\/script>\n<!-- \/ Yoast SEO plugin. -->","yoast_head_json":{"title":"Monats\u00fcbersicht - Lukas in Indien","robots":{"index":"index","follow":"follow","max-snippet":"max-snippet:-1","max-image-preview":"max-image-preview:large","max-video-preview":"max-video-preview:-1"},"canonical":"https:\/\/blogs.donboscovolunteers.de\/lukasinindien\/monatsuebersicht\/","og_locale":"de_DE","og_type":"article","og_title":"Monats\u00fcbersicht - Lukas in Indien","og_description":"I. Die Vorbereitung Aufbruch?! II. Der Hinweg Die lange Reise nach Vilathikulam III. Der Oktober Von den ersten Wochen in Indien IV. Der November Vom k\u00e4ltesten Monat im Jahr V. Der Dezember Vom letzten Monat 2018 VI. Unsere erste gro\u00dfe Reise Einmal quer durch S\u00fcdindien bitte VII. Der Januar Zur\u00fcck zu Hause VIII. Der Februar [&hellip;]","og_url":"https:\/\/blogs.donboscovolunteers.de\/lukasinindien\/monatsuebersicht\/","og_site_name":"Lukas in Indien","article_modified_time":"2019-08-21T09:15:50+00:00","twitter_card":"summary_large_image","schema":{"@context":"https:\/\/schema.org","@graph":[{"@type":"WebPage","@id":"https:\/\/blogs.donboscovolunteers.de\/lukasinindien\/monatsuebersicht\/","url":"https:\/\/blogs.donboscovolunteers.de\/lukasinindien\/monatsuebersicht\/","name":"Monats\u00fcbersicht - Lukas in Indien","isPartOf":{"@id":"https:\/\/blogs.donboscovolunteers.de\/lukasinindien\/#website"},"datePublished":"2019-01-15T06:01:14+00:00","dateModified":"2019-08-21T09:15:50+00:00","breadcrumb":{"@id":"https:\/\/blogs.donboscovolunteers.de\/lukasinindien\/monatsuebersicht\/#breadcrumb"},"inLanguage":"de","potentialAction":[{"@type":"ReadAction","target":["https:\/\/blogs.donboscovolunteers.de\/lukasinindien\/monatsuebersicht\/"]}]},{"@type":"BreadcrumbList","@id":"https:\/\/blogs.donboscovolunteers.de\/lukasinindien\/monatsuebersicht\/#breadcrumb","itemListElement":[{"@type":"ListItem","position":1,"name":"Startseite","item":"https:\/\/blogs.donboscovolunteers.de\/lukasinindien\/"},{"@type":"ListItem","position":2,"name":"Monats\u00fcbersicht"}]},{"@type":"WebSite","@id":"https:\/\/blogs.donboscovolunteers.de\/lukasinindien\/#website","url":"https:\/\/blogs.donboscovolunteers.de\/lukasinindien\/","name":"Lukas in Indien","description":"Ein Jahr in Vilathikulam","potentialAction":[{"@type":"SearchAction","target":{"@type":"EntryPoint","urlTemplate":"https:\/\/blogs.donboscovolunteers.de\/lukasinindien\/?s={search_term_string}"},"query-input":{"@type":"PropertyValueSpecification","valueRequired":true,"valueName":"search_term_string"}}],"inLanguage":"de"}]}},"_links":{"self":[{"href":"https:\/\/blogs.donboscovolunteers.de\/lukasinindien\/wp-json\/wp\/v2\/pages\/282","targetHints":{"allow":["GET"]}}],"collection":[{"href":"https:\/\/blogs.donboscovolunteers.de\/lukasinindien\/wp-json\/wp\/v2\/pages"}],"about":[{"href":"https:\/\/blogs.donboscovolunteers.de\/lukasinindien\/wp-json\/wp\/v2\/types\/page"}],"author":[{"embeddable":true,"href":"https:\/\/blogs.donboscovolunteers.de\/lukasinindien\/wp-json\/wp\/v2\/users\/21611"}],"replies":[{"embeddable":true,"href":"https:\/\/blogs.donboscovolunteers.de\/lukasinindien\/wp-json\/wp\/v2\/comments?post=282"}],"version-history":[{"count":10,"href":"https:\/\/blogs.donboscovolunteers.de\/lukasinindien\/wp-json\/wp\/v2\/pages\/282\/revisions"}],"predecessor-version":[{"id":730,"href":"https:\/\/blogs.donboscovolunteers.de\/lukasinindien\/wp-json\/wp\/v2\/pages\/282\/revisions\/730"}],"wp:attachment":[{"href":"https:\/\/blogs.donboscovolunteers.de\/lukasinindien\/wp-json\/wp\/v2\/media?parent=282"}],"curies":[{"name":"wp","href":"https:\/\/api.w.org\/{rel}","templated":true}]}}