{"id":237,"date":"2019-01-10T18:30:04","date_gmt":"2019-01-10T17:30:04","guid":{"rendered":"https:\/\/blogs.donboscovolunteers.de\/lukasinindien\/?page_id=237"},"modified":"2019-01-15T11:00:26","modified_gmt":"2019-01-15T10:00:26","slug":"indisch","status":"publish","type":"page","link":"https:\/\/blogs.donboscovolunteers.de\/lukasinindien\/indisch\/","title":{"rendered":"&#8222;Indisch&#8220;"},"content":{"rendered":"<p><a href=\"https:\/\/strassenkinder.de\/laender\/asien\/inden\/\">Indien<\/a> ist gro\u00df. Sehr sogar.<br \/>\nW\u00e4hrend ich in Vilathikulam lebe und ab und an die D\u00f6rfer drum herum besuche, vergesse ich das manchmal. Aber w\u00e4hrend unserer Urlaubsreise \u00fcber Neujahr, ist mir diese Gr\u00f6\u00dfe erst wieder richtig bewusst geworden. Und wir sind nicht mal \u00fcber die Mitte Indiens hinweg gefahren.<\/p>\n<p>Diese riesige Gr\u00f6\u00dfe ist nun angef\u00fcllt von so vielem, von so vielen verschiedenen Dingen.<\/p>\n<p>Manche dieser Dinge sind \u00fcberall genau gleich. Andere unterscheiden sich, mal mehr, mal weniger.<\/p>\n<p>Manche dieser vielen Dinge, sind auch\u00a0 in L\u00e4ndern wie Deutschland zu finden. So leben beispielsweise auch hier Menschen mit zwei Armen, zwei Beinen, mit Augen zum Sehen, mit einem Mund zum Sprechen, mit Haaren auf dem Kopf (zumindest gr\u00f6\u00dftenteils) und einem denkendem Etwas, was sie antreibt. Auch hier wird Ackerbau betrieben, um Nahrung zu erwirtschaften, auch hier gibt es St\u00e4dte und D\u00f6rfer, in denen das erwirtschaftete verbraucht wird.<\/p>\n<p>Manche Dinge sind aber auch ganz anders. Diese Dinge, die so \u00e4hnlich sind, sind wie ein Dach, das man von oben als ersten sieht, vieles von dem darunter, was das Dach st\u00fctzt, oder einfache Deko ist, ist dann doch anders.<\/p>\n<p>Genau \u00fcber diese Dinge, die Besonderheiten und scheinbaren Nichtigkeiten, die anders sind oder auch nicht, m\u00f6chte ich ein wenig schreiben, mal mehr, mal weniger, \u00a0um ein wenig aufzuf\u00e4chern, was dieses Land ist, wie dieses Land ist, was f\u00fcr mich, einem Ausl\u00e4nder, <strong>\u201eindisch\u201c<\/strong> ist.<\/p>\n<hr \/>\n<p style=\"padding-left: 30px\"><strong>1. Kapitel<br \/>\n<\/strong><a href=\"https:\/\/blogs.donboscovolunteers.de\/lukasinindien\/die-regenzeit\/\">Die gr\u00fcne Farbe S\u00fcdindiens &#8211; Die Regenzeit<\/a><\/p>\n<p style=\"padding-left: 30px\"><strong>II. Kapitel<\/strong><br \/>\n<a href=\"https:\/\/blogs.donboscovolunteers.de\/lukasinindien\/das-ersinnen-des-essen\/\">Das Ersinnen des Essen<\/a><\/p>\n<hr \/>\n<p style=\"text-align: center\"><em>Disclaimer: Es kann sehr gut sein, dass in einem der Beitr\u00e4ge hier gef\u00e4hrliches Halbwissen vorkommt. Dann ist das aber auf keinen Fall b\u00f6se gemeint. Ich versuche mich zwar stets gut zu informieren, doch ein Studium \u00fcber Indien habe ich nicht abgeschlossen.<\/em><\/p>\n","protected":false},"excerpt":{"rendered":"<p><a href=\"https:\/\/strassenkinder.de\/laender\/asien\/inden\/\">Indien<\/a> ist gro\u00df. Sehr sogar. W\u00e4hrend ich in Vilathikulam lebe und ab und an die D\u00f6rfer drum herum besuche, vergesse ich das manchmal. Aber w\u00e4hrend unserer Urlaubsreise \u00fcber Neujahr, ist mir diese Gr\u00f6\u00dfe erst wieder richtig bewusst geworden. Und wir sind nicht mal \u00fcber die Mitte Indiens hinweg gefahren. Diese riesige Gr\u00f6\u00dfe ist nun angef\u00fcllt [&hellip;]<\/p>\n","protected":false},"author":21611,"featured_media":0,"parent":0,"menu_order":0,"comment_status":"closed","ping_status":"closed","template":"","meta":{"footnotes":""},"class_list":["post-237","page","type-page","status-publish","hentry"],"yoast_head":"<!-- This site is optimized with the Yoast SEO plugin v25.3.1 - https:\/\/yoast.com\/wordpress\/plugins\/seo\/ -->\n<title>&quot;Indisch&quot; - Lukas in Indien<\/title>\n<meta name=\"robots\" content=\"index, follow, max-snippet:-1, max-image-preview:large, max-video-preview:-1\" \/>\n<link rel=\"canonical\" href=\"https:\/\/blogs.donboscovolunteers.de\/lukasinindien\/indisch\/\" \/>\n<meta property=\"og:locale\" content=\"de_DE\" \/>\n<meta property=\"og:type\" content=\"article\" \/>\n<meta property=\"og:title\" content=\"&quot;Indisch&quot; - Lukas in Indien\" \/>\n<meta property=\"og:description\" content=\"Indien ist gro\u00df. Sehr sogar. W\u00e4hrend ich in Vilathikulam lebe und ab und an die D\u00f6rfer drum herum besuche, vergesse ich das manchmal. Aber w\u00e4hrend unserer Urlaubsreise \u00fcber Neujahr, ist mir diese Gr\u00f6\u00dfe erst wieder richtig bewusst geworden. Und wir sind nicht mal \u00fcber die Mitte Indiens hinweg gefahren. Diese riesige Gr\u00f6\u00dfe ist nun angef\u00fcllt [&hellip;]\" \/>\n<meta property=\"og:url\" content=\"https:\/\/blogs.donboscovolunteers.de\/lukasinindien\/indisch\/\" \/>\n<meta property=\"og:site_name\" content=\"Lukas in Indien\" \/>\n<meta property=\"article:modified_time\" content=\"2019-01-15T10:00:26+00:00\" \/>\n<meta name=\"twitter:card\" content=\"summary_large_image\" \/>\n<meta name=\"twitter:label1\" content=\"Gesch\u00e4tzte Lesezeit\" \/>\n\t<meta name=\"twitter:data1\" content=\"2\u00a0Minuten\" \/>\n<script type=\"application\/ld+json\" class=\"yoast-schema-graph\">{\"@context\":\"https:\/\/schema.org\",\"@graph\":[{\"@type\":\"WebPage\",\"@id\":\"https:\/\/blogs.donboscovolunteers.de\/lukasinindien\/indisch\/\",\"url\":\"https:\/\/blogs.donboscovolunteers.de\/lukasinindien\/indisch\/\",\"name\":\"\\\"Indisch\\\" - Lukas in Indien\",\"isPartOf\":{\"@id\":\"https:\/\/blogs.donboscovolunteers.de\/lukasinindien\/#website\"},\"datePublished\":\"2019-01-10T17:30:04+00:00\",\"dateModified\":\"2019-01-15T10:00:26+00:00\",\"breadcrumb\":{\"@id\":\"https:\/\/blogs.donboscovolunteers.de\/lukasinindien\/indisch\/#breadcrumb\"},\"inLanguage\":\"de\",\"potentialAction\":[{\"@type\":\"ReadAction\",\"target\":[\"https:\/\/blogs.donboscovolunteers.de\/lukasinindien\/indisch\/\"]}]},{\"@type\":\"BreadcrumbList\",\"@id\":\"https:\/\/blogs.donboscovolunteers.de\/lukasinindien\/indisch\/#breadcrumb\",\"itemListElement\":[{\"@type\":\"ListItem\",\"position\":1,\"name\":\"Startseite\",\"item\":\"https:\/\/blogs.donboscovolunteers.de\/lukasinindien\/\"},{\"@type\":\"ListItem\",\"position\":2,\"name\":\"&#8222;Indisch&#8220;\"}]},{\"@type\":\"WebSite\",\"@id\":\"https:\/\/blogs.donboscovolunteers.de\/lukasinindien\/#website\",\"url\":\"https:\/\/blogs.donboscovolunteers.de\/lukasinindien\/\",\"name\":\"Lukas in Indien\",\"description\":\"Ein Jahr in Vilathikulam\",\"potentialAction\":[{\"@type\":\"SearchAction\",\"target\":{\"@type\":\"EntryPoint\",\"urlTemplate\":\"https:\/\/blogs.donboscovolunteers.de\/lukasinindien\/?s={search_term_string}\"},\"query-input\":{\"@type\":\"PropertyValueSpecification\",\"valueRequired\":true,\"valueName\":\"search_term_string\"}}],\"inLanguage\":\"de\"}]}<\/script>\n<!-- \/ Yoast SEO plugin. -->","yoast_head_json":{"title":"\"Indisch\" - Lukas in Indien","robots":{"index":"index","follow":"follow","max-snippet":"max-snippet:-1","max-image-preview":"max-image-preview:large","max-video-preview":"max-video-preview:-1"},"canonical":"https:\/\/blogs.donboscovolunteers.de\/lukasinindien\/indisch\/","og_locale":"de_DE","og_type":"article","og_title":"\"Indisch\" - Lukas in Indien","og_description":"Indien ist gro\u00df. Sehr sogar. W\u00e4hrend ich in Vilathikulam lebe und ab und an die D\u00f6rfer drum herum besuche, vergesse ich das manchmal. Aber w\u00e4hrend unserer Urlaubsreise \u00fcber Neujahr, ist mir diese Gr\u00f6\u00dfe erst wieder richtig bewusst geworden. Und wir sind nicht mal \u00fcber die Mitte Indiens hinweg gefahren. Diese riesige Gr\u00f6\u00dfe ist nun angef\u00fcllt [&hellip;]","og_url":"https:\/\/blogs.donboscovolunteers.de\/lukasinindien\/indisch\/","og_site_name":"Lukas in Indien","article_modified_time":"2019-01-15T10:00:26+00:00","twitter_card":"summary_large_image","twitter_misc":{"Gesch\u00e4tzte Lesezeit":"2\u00a0Minuten"},"schema":{"@context":"https:\/\/schema.org","@graph":[{"@type":"WebPage","@id":"https:\/\/blogs.donboscovolunteers.de\/lukasinindien\/indisch\/","url":"https:\/\/blogs.donboscovolunteers.de\/lukasinindien\/indisch\/","name":"\"Indisch\" - Lukas in Indien","isPartOf":{"@id":"https:\/\/blogs.donboscovolunteers.de\/lukasinindien\/#website"},"datePublished":"2019-01-10T17:30:04+00:00","dateModified":"2019-01-15T10:00:26+00:00","breadcrumb":{"@id":"https:\/\/blogs.donboscovolunteers.de\/lukasinindien\/indisch\/#breadcrumb"},"inLanguage":"de","potentialAction":[{"@type":"ReadAction","target":["https:\/\/blogs.donboscovolunteers.de\/lukasinindien\/indisch\/"]}]},{"@type":"BreadcrumbList","@id":"https:\/\/blogs.donboscovolunteers.de\/lukasinindien\/indisch\/#breadcrumb","itemListElement":[{"@type":"ListItem","position":1,"name":"Startseite","item":"https:\/\/blogs.donboscovolunteers.de\/lukasinindien\/"},{"@type":"ListItem","position":2,"name":"&#8222;Indisch&#8220;"}]},{"@type":"WebSite","@id":"https:\/\/blogs.donboscovolunteers.de\/lukasinindien\/#website","url":"https:\/\/blogs.donboscovolunteers.de\/lukasinindien\/","name":"Lukas in Indien","description":"Ein Jahr in Vilathikulam","potentialAction":[{"@type":"SearchAction","target":{"@type":"EntryPoint","urlTemplate":"https:\/\/blogs.donboscovolunteers.de\/lukasinindien\/?s={search_term_string}"},"query-input":{"@type":"PropertyValueSpecification","valueRequired":true,"valueName":"search_term_string"}}],"inLanguage":"de"}]}},"_links":{"self":[{"href":"https:\/\/blogs.donboscovolunteers.de\/lukasinindien\/wp-json\/wp\/v2\/pages\/237","targetHints":{"allow":["GET"]}}],"collection":[{"href":"https:\/\/blogs.donboscovolunteers.de\/lukasinindien\/wp-json\/wp\/v2\/pages"}],"about":[{"href":"https:\/\/blogs.donboscovolunteers.de\/lukasinindien\/wp-json\/wp\/v2\/types\/page"}],"author":[{"embeddable":true,"href":"https:\/\/blogs.donboscovolunteers.de\/lukasinindien\/wp-json\/wp\/v2\/users\/21611"}],"replies":[{"embeddable":true,"href":"https:\/\/blogs.donboscovolunteers.de\/lukasinindien\/wp-json\/wp\/v2\/comments?post=237"}],"version-history":[{"count":8,"href":"https:\/\/blogs.donboscovolunteers.de\/lukasinindien\/wp-json\/wp\/v2\/pages\/237\/revisions"}],"predecessor-version":[{"id":304,"href":"https:\/\/blogs.donboscovolunteers.de\/lukasinindien\/wp-json\/wp\/v2\/pages\/237\/revisions\/304"}],"wp:attachment":[{"href":"https:\/\/blogs.donboscovolunteers.de\/lukasinindien\/wp-json\/wp\/v2\/media?parent=237"}],"curies":[{"name":"wp","href":"https:\/\/api.w.org\/{rel}","templated":true}]}}