{"id":9,"date":"2024-01-29T13:52:39","date_gmt":"2024-01-29T12:52:39","guid":{"rendered":"https:\/\/blogs.donboscovolunteers.de\/luiseinindien\/?page_id=9"},"modified":"2024-02-26T11:25:33","modified_gmt":"2024-02-26T10:25:33","slug":"meine-offizielle-spendenseite","status":"publish","type":"page","link":"https:\/\/blogs.donboscovolunteers.de\/luiseinindien\/meine-offizielle-spendenseite\/","title":{"rendered":"Meine offizielle Spendenseite"},"content":{"rendered":"<p>Hallo liebe Leser*innen, wenn euch mein Blog gef\u00e4llt, w\u00fcrde ich mich sehr \u00fcber eine kleine Spende freuen. Dies ist ganz einfach \u00fcber das unten verlinkte Spendentool m\u00f6glich. <\/p>\n\n\n\n<p>Jede Spende ist eine gro\u00dfe Hilfe f\u00fcr <a href=\"https:\/\/www.donboscomission.de\/don-bosco\/\">Don Bosco<\/a> Volunteers. Damit k\u00f6nnen in den n\u00e4chsten Jahren weitere Volont\u00e4re wie ich einen <a href=\"https:\/\/www.donboscovolunteers.de\/\">Freiwilligendienst<\/a> im Ausland machen und dort tatkr\u00e4ftig die Projekte in den Einsatzl\u00e4ndern unterst\u00fctzen. Auch die Projekte selbst wie zum Beispiel meines in <a href=\"https:\/\/multimedia.strassenkinder.de\/bolivien\">Bolivien<\/a> werden u.A. mit diesen Geldern gef\u00f6rdert. <\/p>\n\n\n\n<p>Rund 50 Freiwillige werden jedes Jahr von Don Bosco Volunteers ins Ausland entsandt. Hier k\u00f6nnt ihr f\u00fcr meinen Freiwilligendienst in Bolivien spenden: <a href=\"https:\/\/www.donboscomission.de\/volontariat\/2023\/spenden\/luiseinindien\">https:\/\/www.donboscomission.de\/volontariat\/2023\/spenden\/luiseinindien<\/a><\/p>\n\n\n<div class=\"yoast-breadcrumbs\"><span><span><a href=\"https:\/\/blogs.donboscovolunteers.de\/luiseinindien\/\">Startseite<\/a><\/span> \u00bb <span class=\"breadcrumb_last\" aria-current=\"page\">Meine offizielle Spendenseite<\/span><\/span><\/div>","protected":false},"excerpt":{"rendered":"<p>Hallo liebe Leser*innen, wenn euch mein Blog gef\u00e4llt, w\u00fcrde ich mich sehr \u00fcber eine kleine Spende freuen. Dies ist ganz einfach \u00fcber das unten verlinkte Spendentool m\u00f6glich. Jede Spende ist eine gro\u00dfe Hilfe f\u00fcr <a href=\"https:\/\/www.donboscomission.de\/don-bosco\/\">Don Bosco<\/a> Volunteers. Damit k\u00f6nnen in den n\u00e4chsten Jahren weitere Volont\u00e4re wie ich einen <a href=\"https:\/\/www.donboscovolunteers.de\/\">Freiwilligendienst<\/a> im Ausland machen und dort tatkr\u00e4ftig [&hellip;]<\/p>\n","protected":false},"author":21783,"featured_media":0,"parent":0,"menu_order":0,"comment_status":"closed","ping_status":"closed","template":"","meta":{"footnotes":""},"class_list":["post-9","page","type-page","status-publish","hentry"],"yoast_head":"<!-- This site is optimized with the Yoast SEO plugin v25.3.1 - https:\/\/yoast.com\/wordpress\/plugins\/seo\/ -->\n<title>Meine offizielle Spendenseite - Luise in Bolivien<\/title>\n<meta name=\"description\" content=\"Um mein Projekt in Bolivien und Don Bosco Volunteers zu unterst\u00fctzen, kannst du hier wenn du willst etwas spenden.\" \/>\n<meta name=\"robots\" content=\"index, follow, max-snippet:-1, max-image-preview:large, max-video-preview:-1\" \/>\n<link rel=\"canonical\" href=\"https:\/\/blogs.donboscovolunteers.de\/luiseinindien\/meine-offizielle-spendenseite\/\" \/>\n<meta property=\"og:locale\" content=\"de_DE\" \/>\n<meta property=\"og:type\" content=\"article\" \/>\n<meta property=\"og:title\" content=\"Meine offizielle Spendenseite - Luise in Bolivien\" \/>\n<meta property=\"og:description\" content=\"Um mein Projekt in Bolivien und Don Bosco Volunteers zu unterst\u00fctzen, kannst du hier wenn du willst etwas spenden.\" \/>\n<meta property=\"og:url\" content=\"https:\/\/blogs.donboscovolunteers.de\/luiseinindien\/meine-offizielle-spendenseite\/\" \/>\n<meta property=\"og:site_name\" content=\"Luise in Bolivien\" \/>\n<meta property=\"article:modified_time\" content=\"2024-02-26T10:25:33+00:00\" \/>\n<meta name=\"twitter:card\" content=\"summary_large_image\" \/>\n<meta name=\"twitter:label1\" content=\"Gesch\u00e4tzte Lesezeit\" \/>\n\t<meta name=\"twitter:data1\" content=\"1\u00a0Minute\" \/>\n<script type=\"application\/ld+json\" class=\"yoast-schema-graph\">{\"@context\":\"https:\/\/schema.org\",\"@graph\":[{\"@type\":\"WebPage\",\"@id\":\"https:\/\/blogs.donboscovolunteers.de\/luiseinindien\/meine-offizielle-spendenseite\/\",\"url\":\"https:\/\/blogs.donboscovolunteers.de\/luiseinindien\/meine-offizielle-spendenseite\/\",\"name\":\"Meine offizielle Spendenseite - Luise in Bolivien\",\"isPartOf\":{\"@id\":\"https:\/\/blogs.donboscovolunteers.de\/luiseinindien\/#website\"},\"datePublished\":\"2024-01-29T12:52:39+00:00\",\"dateModified\":\"2024-02-26T10:25:33+00:00\",\"description\":\"Um mein Projekt in Bolivien und Don Bosco Volunteers zu unterst\u00fctzen, kannst du hier wenn du willst etwas spenden.\",\"breadcrumb\":{\"@id\":\"https:\/\/blogs.donboscovolunteers.de\/luiseinindien\/meine-offizielle-spendenseite\/#breadcrumb\"},\"inLanguage\":\"de\",\"potentialAction\":[{\"@type\":\"ReadAction\",\"target\":[\"https:\/\/blogs.donboscovolunteers.de\/luiseinindien\/meine-offizielle-spendenseite\/\"]}]},{\"@type\":\"BreadcrumbList\",\"@id\":\"https:\/\/blogs.donboscovolunteers.de\/luiseinindien\/meine-offizielle-spendenseite\/#breadcrumb\",\"itemListElement\":[{\"@type\":\"ListItem\",\"position\":1,\"name\":\"Startseite\",\"item\":\"https:\/\/blogs.donboscovolunteers.de\/luiseinindien\/\"},{\"@type\":\"ListItem\",\"position\":2,\"name\":\"Meine offizielle Spendenseite\"}]},{\"@type\":\"WebSite\",\"@id\":\"https:\/\/blogs.donboscovolunteers.de\/luiseinindien\/#website\",\"url\":\"https:\/\/blogs.donboscovolunteers.de\/luiseinindien\/\",\"name\":\"Luise in Bolivien\",\"description\":\"meine Erlebnisse in Santa Cruz\",\"potentialAction\":[{\"@type\":\"SearchAction\",\"target\":{\"@type\":\"EntryPoint\",\"urlTemplate\":\"https:\/\/blogs.donboscovolunteers.de\/luiseinindien\/?s={search_term_string}\"},\"query-input\":{\"@type\":\"PropertyValueSpecification\",\"valueRequired\":true,\"valueName\":\"search_term_string\"}}],\"inLanguage\":\"de\"}]}<\/script>\n<!-- \/ Yoast SEO plugin. -->","yoast_head_json":{"title":"Meine offizielle Spendenseite - Luise in Bolivien","description":"Um mein Projekt in Bolivien und Don Bosco Volunteers zu unterst\u00fctzen, kannst du hier wenn du willst etwas spenden.","robots":{"index":"index","follow":"follow","max-snippet":"max-snippet:-1","max-image-preview":"max-image-preview:large","max-video-preview":"max-video-preview:-1"},"canonical":"https:\/\/blogs.donboscovolunteers.de\/luiseinindien\/meine-offizielle-spendenseite\/","og_locale":"de_DE","og_type":"article","og_title":"Meine offizielle Spendenseite - Luise in Bolivien","og_description":"Um mein Projekt in Bolivien und Don Bosco Volunteers zu unterst\u00fctzen, kannst du hier wenn du willst etwas spenden.","og_url":"https:\/\/blogs.donboscovolunteers.de\/luiseinindien\/meine-offizielle-spendenseite\/","og_site_name":"Luise in Bolivien","article_modified_time":"2024-02-26T10:25:33+00:00","twitter_card":"summary_large_image","twitter_misc":{"Gesch\u00e4tzte Lesezeit":"1\u00a0Minute"},"schema":{"@context":"https:\/\/schema.org","@graph":[{"@type":"WebPage","@id":"https:\/\/blogs.donboscovolunteers.de\/luiseinindien\/meine-offizielle-spendenseite\/","url":"https:\/\/blogs.donboscovolunteers.de\/luiseinindien\/meine-offizielle-spendenseite\/","name":"Meine offizielle Spendenseite - Luise in Bolivien","isPartOf":{"@id":"https:\/\/blogs.donboscovolunteers.de\/luiseinindien\/#website"},"datePublished":"2024-01-29T12:52:39+00:00","dateModified":"2024-02-26T10:25:33+00:00","description":"Um mein Projekt in Bolivien und Don Bosco Volunteers zu unterst\u00fctzen, kannst du hier wenn du willst etwas spenden.","breadcrumb":{"@id":"https:\/\/blogs.donboscovolunteers.de\/luiseinindien\/meine-offizielle-spendenseite\/#breadcrumb"},"inLanguage":"de","potentialAction":[{"@type":"ReadAction","target":["https:\/\/blogs.donboscovolunteers.de\/luiseinindien\/meine-offizielle-spendenseite\/"]}]},{"@type":"BreadcrumbList","@id":"https:\/\/blogs.donboscovolunteers.de\/luiseinindien\/meine-offizielle-spendenseite\/#breadcrumb","itemListElement":[{"@type":"ListItem","position":1,"name":"Startseite","item":"https:\/\/blogs.donboscovolunteers.de\/luiseinindien\/"},{"@type":"ListItem","position":2,"name":"Meine offizielle Spendenseite"}]},{"@type":"WebSite","@id":"https:\/\/blogs.donboscovolunteers.de\/luiseinindien\/#website","url":"https:\/\/blogs.donboscovolunteers.de\/luiseinindien\/","name":"Luise in Bolivien","description":"meine Erlebnisse in Santa Cruz","potentialAction":[{"@type":"SearchAction","target":{"@type":"EntryPoint","urlTemplate":"https:\/\/blogs.donboscovolunteers.de\/luiseinindien\/?s={search_term_string}"},"query-input":{"@type":"PropertyValueSpecification","valueRequired":true,"valueName":"search_term_string"}}],"inLanguage":"de"}]}},"_links":{"self":[{"href":"https:\/\/blogs.donboscovolunteers.de\/luiseinindien\/wp-json\/wp\/v2\/pages\/9","targetHints":{"allow":["GET"]}}],"collection":[{"href":"https:\/\/blogs.donboscovolunteers.de\/luiseinindien\/wp-json\/wp\/v2\/pages"}],"about":[{"href":"https:\/\/blogs.donboscovolunteers.de\/luiseinindien\/wp-json\/wp\/v2\/types\/page"}],"author":[{"embeddable":true,"href":"https:\/\/blogs.donboscovolunteers.de\/luiseinindien\/wp-json\/wp\/v2\/users\/21783"}],"replies":[{"embeddable":true,"href":"https:\/\/blogs.donboscovolunteers.de\/luiseinindien\/wp-json\/wp\/v2\/comments?post=9"}],"version-history":[{"count":6,"href":"https:\/\/blogs.donboscovolunteers.de\/luiseinindien\/wp-json\/wp\/v2\/pages\/9\/revisions"}],"predecessor-version":[{"id":99,"href":"https:\/\/blogs.donboscovolunteers.de\/luiseinindien\/wp-json\/wp\/v2\/pages\/9\/revisions\/99"}],"wp:attachment":[{"href":"https:\/\/blogs.donboscovolunteers.de\/luiseinindien\/wp-json\/wp\/v2\/media?parent=9"}],"curies":[{"name":"wp","href":"https:\/\/api.w.org\/{rel}","templated":true}]}}