{"id":4,"date":"2024-08-06T12:23:18","date_gmt":"2024-08-06T10:23:18","guid":{"rendered":"https:\/\/blogs.donboscovolunteers.de\/lucainkamerun\/about-2\/"},"modified":"2024-09-03T20:13:25","modified_gmt":"2024-09-03T18:13:25","slug":"about-2","status":"publish","type":"page","link":"https:\/\/blogs.donboscovolunteers.de\/lucainkamerun\/about-2\/","title":{"rendered":"Spenden \u2014 Donaciones"},"content":{"rendered":"<p>M\u00e1s abajo la versi\u00f3n en espa\u00f1ol:<\/p>\n<p>Salut,<\/p>\n<p>ich freue mich sehr, dass ihr euch f\u00fcr mein Freiwilligenjahr in Kamerun interessiert. Im Rahmen des \u201cweltw\u00e4rts\u201d-Programms, werde ich ab dem 8. September in der <a href=\"https:\/\/www.donboscomission.de\/don-bosco\/\">Don Bosco<\/a> Einrichtung Mimboman mitwirken. Dort bieten die <a href=\"https:\/\/www.donboscomission.de\/don-bosco\/erbe\/\">Salesianer Don Boscos<\/a> Bildungs- und Freizeitangebote f\u00fcr Kinder und Jugendliche an und schaffen einen Ort der Gemeinschaft.<\/p>\n<p>Mein <a href=\"https:\/\/www.donboscovolunteers.de\/\">Freiwilligendienst<\/a> wird zu 75 % durch \u201cweltw\u00e4rts\u201d finanziert. Die verbleibenden 25 % der Kosten (etwa 3.000 \u20ac) m\u00fcssen wir jedoch \u00fcber Spenden aufbringen. Eure Unterst\u00fctzung hilft nicht nur, meinen Aufenthalt zu erm\u00f6glichen, sondern auch die wertvolle Arbeit der Don Bosco Einrichtung zu f\u00f6rdern.<\/p>\n<p>Wenn ihr mich unterst\u00fctzen m\u00f6chtet, k\u00f6nnt ihr das auf verschiedene Wege tun:<\/p>\n<p>&#8211; <strong>Online spenden<\/strong>: <a href=\"https:\/\/www.donboscomission.de\/volontariat\/2024\/spenden\/lucainkamerun\">https:\/\/www.donboscomission.de\/volontariat\/2024\/spenden\/lucainkamerun<\/a><\/p>\n<p>&#8211; <strong>PayPal<\/strong>: <a href=\"https:\/\/www.paypal.com\/pools\/c\/97BZz3VcgR\">https:\/\/www.paypal.com\/pools\/c\/97BZz3VcgR<\/a><br \/>\n<span style=\"font-size: revert\"><br \/>\n&#8211; <\/span><strong style=\"font-size: revert\">Per \u00dcberweisung<\/strong><span style=\"font-size: revert\">:<br \/>\n<\/span><span style=\"font-size: revert\">Don Bosco Mission<\/span><\/p>\n<p>Sparkasse K\u00f6ln Bonn<br \/>\nIBAN: DE89 3705 0198 0000 0994 99<br \/>\nVerwendungszweck: Luca Pfitzner Garcia &#8211; S24VR015<\/p>\n<p>(F\u00fcr eine Spendenbescheinigung gebt bitte im Verwendungszweck zus\u00e4tzlich eure Adresse an.)<\/p>\n<p>Vielen Dank f\u00fcr eure Unterst\u00fctzung und euer Interesse!<\/p>\n<p>Liebe Gr\u00fc\u00dfe,<br \/>\nLuca<\/p>\n<p class=\"p1\">\u2014\u2014\u2014\u2014\u2014\u2014\u2014\u2014\u2014\u2014\u2014\u2014\u2014\u2014\u2014<\/p>\n<p>Salut!<\/p>\n<p class=\"p1\"><span class=\"s1\">Estoy muy contento de que est\u00e9is interesados en mi a\u00f1o de voluntariado en Yaund\u00e9, Camer\u00fan. A partir del 8 de septiembre, trabajar\u00e9 como voluntario en la empresa escuela de Don Bosco Mimboman en Yaund\u00e9, Camer\u00fan, como parte del programa \u201cweltw\u00e4rts\u201d, un programa del Ministerio Federal de Cooperaci\u00f3n Econ\u00f3mica y de Desarrollo de Alemania. En este proyecto, los Salesianos de Don Bosco ofrecen actividades educativas y recreativas para ni\u00f1os y j\u00f3venes, creando un espacio de comunidad y aprendizaje.<\/span><\/p>\n<p class=\"p1\"><span class=\"s1\">Mi servicio de voluntariado est\u00e1 financiado en un 75 % por el programa \u201cweltw\u00e4rts\u201d. Sin embargo, el 25 % restante de los costos (alrededor de 3.000 \u20ac) debe cubrirse a trav\u00e9s de donaciones. Vuestra ayuda no solo me permite realizar esta experiencia, sino que tambi\u00e9n apoya la importante labor de la comunidad Don Bosco en Mimboman.<\/span><\/p>\n<p class=\"p1\"><span class=\"s1\">Si quer\u00e9is ayudarme, pod\u00e9is hacerlo de las siguientes maneras:<\/span><\/p>\n<p class=\"p1\"><span class=\"s1\">&#8211; <b>Donaci\u00f3n en l\u00ednea<\/b>: <a href=\"https:\/\/www.donboscomission.de\/volontariat\/2024\/spenden\/lucainkamerun\">https:\/\/www.donboscomission.de\/volontariat\/2024\/spenden\/lucainkamerun<\/a><\/span><\/p>\n<p class=\"p1\"><span class=\"s1\">&#8211; <strong>PayPal<\/strong><\/span><span class=\"s1\">:\u00a0<a href=\"https:\/\/www.paypal.com\/pools\/c\/123507836212420464\">https:\/\/www.paypal.com\/pools\/c\/123507836212420464<\/a><\/span><\/p>\n<p class=\"p1\"><span class=\"s1\">&#8211; <strong>Transferencia bancaria<\/strong>: <\/span><\/p>\n<p class=\"p1\"><span class=\"s1\"><span class=\"Apple-converted-space\">\u00a0 <\/span>Don Bosco Mission<\/span><\/p>\n<p class=\"p1\"><span class=\"s1\"><span class=\"Apple-converted-space\">\u00a0 <\/span>Sparkasse K\u00f6ln Bonn <\/span><\/p>\n<p class=\"p1\"><span class=\"s1\"><span class=\"Apple-converted-space\">\u00a0 <\/span>IBAN: DE89 3705 0198 0000 0994 99<\/span><\/p>\n<p>\u00a0 BIC: COLSDE33XXX<\/p>\n<p class=\"p1\"><span class=\"s1\"><span class=\"Apple-converted-space\">\u00a0 Referencia<\/span>: Luca Pfitzner Garcia &#8211; S24VR015 <\/span><\/p>\n<p class=\"p1\"><span class=\"s1\">\u00a1Muchas gracias por vuestro apoyo e inter\u00e9s!<\/span><\/p>\n<p class=\"p1\"><span class=\"s1\">Un abrazo, <\/span><\/p>\n<p class=\"p1\"><span class=\"s1\">Luca<\/span><\/p>\n","protected":false},"excerpt":{"rendered":"<p>M\u00e1s abajo la versi\u00f3n en espa\u00f1ol: Salut, ich freue mich sehr, dass ihr euch f\u00fcr mein Freiwilligenjahr in Kamerun interessiert. Im Rahmen des \u201cweltw\u00e4rts\u201d-Programms, werde ich ab dem 8. September in der <a href=\"https:\/\/www.donboscomission.de\/don-bosco\/\">Don Bosco<\/a> Einrichtung Mimboman mitwirken. Dort bieten die <a href=\"https:\/\/www.donboscomission.de\/don-bosco\/erbe\/\">Salesianer Don Boscos<\/a> Bildungs- und Freizeitangebote f\u00fcr Kinder und Jugendliche an und schaffen einen Ort [&hellip;]<\/p>\n","protected":false},"author":1,"featured_media":0,"parent":0,"menu_order":1,"comment_status":"closed","ping_status":"closed","template":"","meta":{"footnotes":""},"class_list":["post-4","page","type-page","status-publish","hentry"],"yoast_head":"<!-- This site is optimized with the Yoast SEO plugin v25.3.1 - https:\/\/yoast.com\/wordpress\/plugins\/seo\/ -->\n<title>Spenden \u2014 Donaciones - Luca in Kamerun<\/title>\n<meta name=\"robots\" content=\"index, follow, max-snippet:-1, max-image-preview:large, max-video-preview:-1\" \/>\n<link rel=\"canonical\" href=\"https:\/\/blogs.donboscovolunteers.de\/lucainkamerun\/about-2\/\" \/>\n<meta property=\"og:locale\" content=\"de_DE\" \/>\n<meta property=\"og:type\" content=\"article\" \/>\n<meta property=\"og:title\" content=\"Spenden \u2014 Donaciones - Luca in Kamerun\" \/>\n<meta property=\"og:description\" content=\"M\u00e1s abajo la versi\u00f3n en espa\u00f1ol: Salut, ich freue mich sehr, dass ihr euch f\u00fcr mein Freiwilligenjahr in Kamerun interessiert. Im Rahmen des \u201cweltw\u00e4rts\u201d-Programms, werde ich ab dem 8. September in der Don Bosco Einrichtung Mimboman mitwirken. Dort bieten die Salesianer Don Boscos Bildungs- und Freizeitangebote f\u00fcr Kinder und Jugendliche an und schaffen einen Ort [&hellip;]\" \/>\n<meta property=\"og:url\" content=\"https:\/\/blogs.donboscovolunteers.de\/lucainkamerun\/about-2\/\" \/>\n<meta property=\"og:site_name\" content=\"Luca in Kamerun\" \/>\n<meta property=\"article:modified_time\" content=\"2024-09-03T18:13:25+00:00\" \/>\n<meta name=\"twitter:card\" content=\"summary_large_image\" \/>\n<meta name=\"twitter:label1\" content=\"Gesch\u00e4tzte Lesezeit\" \/>\n\t<meta name=\"twitter:data1\" content=\"2\u00a0Minuten\" \/>\n<script type=\"application\/ld+json\" class=\"yoast-schema-graph\">{\"@context\":\"https:\/\/schema.org\",\"@graph\":[{\"@type\":\"WebPage\",\"@id\":\"https:\/\/blogs.donboscovolunteers.de\/lucainkamerun\/about-2\/\",\"url\":\"https:\/\/blogs.donboscovolunteers.de\/lucainkamerun\/about-2\/\",\"name\":\"Spenden \u2014 Donaciones - Luca in Kamerun\",\"isPartOf\":{\"@id\":\"https:\/\/blogs.donboscovolunteers.de\/lucainkamerun\/#website\"},\"datePublished\":\"2024-08-06T10:23:18+00:00\",\"dateModified\":\"2024-09-03T18:13:25+00:00\",\"breadcrumb\":{\"@id\":\"https:\/\/blogs.donboscovolunteers.de\/lucainkamerun\/about-2\/#breadcrumb\"},\"inLanguage\":\"de\",\"potentialAction\":[{\"@type\":\"ReadAction\",\"target\":[\"https:\/\/blogs.donboscovolunteers.de\/lucainkamerun\/about-2\/\"]}]},{\"@type\":\"BreadcrumbList\",\"@id\":\"https:\/\/blogs.donboscovolunteers.de\/lucainkamerun\/about-2\/#breadcrumb\",\"itemListElement\":[{\"@type\":\"ListItem\",\"position\":1,\"name\":\"Startseite\",\"item\":\"https:\/\/blogs.donboscovolunteers.de\/lucainkamerun\/\"},{\"@type\":\"ListItem\",\"position\":2,\"name\":\"Spenden \u2014 Donaciones\"}]},{\"@type\":\"WebSite\",\"@id\":\"https:\/\/blogs.donboscovolunteers.de\/lucainkamerun\/#website\",\"url\":\"https:\/\/blogs.donboscovolunteers.de\/lucainkamerun\/\",\"name\":\"Luca in Kamerun\",\"description\":\"\",\"potentialAction\":[{\"@type\":\"SearchAction\",\"target\":{\"@type\":\"EntryPoint\",\"urlTemplate\":\"https:\/\/blogs.donboscovolunteers.de\/lucainkamerun\/?s={search_term_string}\"},\"query-input\":{\"@type\":\"PropertyValueSpecification\",\"valueRequired\":true,\"valueName\":\"search_term_string\"}}],\"inLanguage\":\"de\"}]}<\/script>\n<!-- \/ Yoast SEO plugin. -->","yoast_head_json":{"title":"Spenden \u2014 Donaciones - Luca in Kamerun","robots":{"index":"index","follow":"follow","max-snippet":"max-snippet:-1","max-image-preview":"max-image-preview:large","max-video-preview":"max-video-preview:-1"},"canonical":"https:\/\/blogs.donboscovolunteers.de\/lucainkamerun\/about-2\/","og_locale":"de_DE","og_type":"article","og_title":"Spenden \u2014 Donaciones - Luca in Kamerun","og_description":"M\u00e1s abajo la versi\u00f3n en espa\u00f1ol: Salut, ich freue mich sehr, dass ihr euch f\u00fcr mein Freiwilligenjahr in Kamerun interessiert. Im Rahmen des \u201cweltw\u00e4rts\u201d-Programms, werde ich ab dem 8. September in der Don Bosco Einrichtung Mimboman mitwirken. Dort bieten die Salesianer Don Boscos Bildungs- und Freizeitangebote f\u00fcr Kinder und Jugendliche an und schaffen einen Ort [&hellip;]","og_url":"https:\/\/blogs.donboscovolunteers.de\/lucainkamerun\/about-2\/","og_site_name":"Luca in Kamerun","article_modified_time":"2024-09-03T18:13:25+00:00","twitter_card":"summary_large_image","twitter_misc":{"Gesch\u00e4tzte Lesezeit":"2\u00a0Minuten"},"schema":{"@context":"https:\/\/schema.org","@graph":[{"@type":"WebPage","@id":"https:\/\/blogs.donboscovolunteers.de\/lucainkamerun\/about-2\/","url":"https:\/\/blogs.donboscovolunteers.de\/lucainkamerun\/about-2\/","name":"Spenden \u2014 Donaciones - Luca in Kamerun","isPartOf":{"@id":"https:\/\/blogs.donboscovolunteers.de\/lucainkamerun\/#website"},"datePublished":"2024-08-06T10:23:18+00:00","dateModified":"2024-09-03T18:13:25+00:00","breadcrumb":{"@id":"https:\/\/blogs.donboscovolunteers.de\/lucainkamerun\/about-2\/#breadcrumb"},"inLanguage":"de","potentialAction":[{"@type":"ReadAction","target":["https:\/\/blogs.donboscovolunteers.de\/lucainkamerun\/about-2\/"]}]},{"@type":"BreadcrumbList","@id":"https:\/\/blogs.donboscovolunteers.de\/lucainkamerun\/about-2\/#breadcrumb","itemListElement":[{"@type":"ListItem","position":1,"name":"Startseite","item":"https:\/\/blogs.donboscovolunteers.de\/lucainkamerun\/"},{"@type":"ListItem","position":2,"name":"Spenden \u2014 Donaciones"}]},{"@type":"WebSite","@id":"https:\/\/blogs.donboscovolunteers.de\/lucainkamerun\/#website","url":"https:\/\/blogs.donboscovolunteers.de\/lucainkamerun\/","name":"Luca in Kamerun","description":"","potentialAction":[{"@type":"SearchAction","target":{"@type":"EntryPoint","urlTemplate":"https:\/\/blogs.donboscovolunteers.de\/lucainkamerun\/?s={search_term_string}"},"query-input":{"@type":"PropertyValueSpecification","valueRequired":true,"valueName":"search_term_string"}}],"inLanguage":"de"}]}},"_links":{"self":[{"href":"https:\/\/blogs.donboscovolunteers.de\/lucainkamerun\/wp-json\/wp\/v2\/pages\/4","targetHints":{"allow":["GET"]}}],"collection":[{"href":"https:\/\/blogs.donboscovolunteers.de\/lucainkamerun\/wp-json\/wp\/v2\/pages"}],"about":[{"href":"https:\/\/blogs.donboscovolunteers.de\/lucainkamerun\/wp-json\/wp\/v2\/types\/page"}],"author":[{"embeddable":true,"href":"https:\/\/blogs.donboscovolunteers.de\/lucainkamerun\/wp-json\/wp\/v2\/users\/1"}],"replies":[{"embeddable":true,"href":"https:\/\/blogs.donboscovolunteers.de\/lucainkamerun\/wp-json\/wp\/v2\/comments?post=4"}],"version-history":[{"count":13,"href":"https:\/\/blogs.donboscovolunteers.de\/lucainkamerun\/wp-json\/wp\/v2\/pages\/4\/revisions"}],"predecessor-version":[{"id":49,"href":"https:\/\/blogs.donboscovolunteers.de\/lucainkamerun\/wp-json\/wp\/v2\/pages\/4\/revisions\/49"}],"wp:attachment":[{"href":"https:\/\/blogs.donboscovolunteers.de\/lucainkamerun\/wp-json\/wp\/v2\/media?parent=4"}],"curies":[{"name":"wp","href":"https:\/\/api.w.org\/{rel}","templated":true}]}}