{"id":3,"date":"2024-08-06T12:23:18","date_gmt":"2024-08-06T10:23:18","guid":{"rendered":"https:\/\/blogs.donboscovolunteers.de\/lucainkamerun\/about\/"},"modified":"2024-09-03T20:45:54","modified_gmt":"2024-09-03T18:45:54","slug":"about","status":"publish","type":"page","link":"https:\/\/blogs.donboscovolunteers.de\/lucainkamerun\/about\/","title":{"rendered":"\u00dcber mich \u2014 Sobre mi"},"content":{"rendered":"<p>abajo la versi\u00f3n en espa\u00f1ol:<\/p>\n<p class=\"p1\"><span class=\"s1\"><br \/>\nHallo zusammen,<\/span><\/p>\n<p class=\"p1\"><span class=\"s1\"> Ich bin Luca und ich habe diesen Sommer mein Abitur gemacht. Nach all den Jahren in der Schule wollte ich mal eine Pause vom Lernen und die Zeit nutzen, um etwas ganz anderes zu erleben. Da ich schon lange als Schwimmtrainer mit Kindern gearbeitet habe, lag es f\u00fcr mich nahe, mein Freiwilliges Soziales Jahr der Arbeit mit Kindern zu widmen.<\/span><\/p>\n<p class=\"p1\"><span class=\"s1\">Deshalb habe ich mich entschieden, mit \u201eweltw\u00e4rts\u201c nach Kamerun zu gehen \u2013 einem Land, das auch als &#8222;Afrique en miniature&#8220; bekannt ist, weil es so viele verschiedene Landschaften und Kulturen vereint. Ich freue mich besonders darauf, mein Schulfranz\u00f6sisch endlich in der Praxis anzuwenden und die Sprache im Alltag zu erleben. <\/span><\/p>\n<p class=\"p1\"><span class=\"s1\">Ich bin gespannt auf die Herausforderungen und Erfahrungen, die mich in Kamerun erwarten, und freue mich darauf, viele neue Menschen kennenzulernen und eine andere Kultur hautnah zu erleben.<\/span><\/p>\n<p class=\"p1\"><span class=\"s1\">Viele Gr\u00fc\u00dfe, <\/span><\/p>\n<p class=\"p1\"><span class=\"s1\">Luca<\/span><\/p>\n<p>\u2014\u2014\u2014\u2014\u2014\u2014\u2014\u2014\u2014\u2014\u2014\u2014\u2014\u2014\u2014<\/p>\n<p class=\"p1\"><span class=\"s1\">Hola a todos,<\/span><\/p>\n<p class=\"p1\"><span class=\"s1\">Me llamo Luca y este verano termin\u00e9 el bachillerato. Despu\u00e9s de todos estos a\u00f1os en la escuela, quer\u00eda tomarme un descanso del estudio y aprovechar el tiempo para vivir algo completamente diferente. Como ya llevo mucho tiempo trabajando como entrenador de nataci\u00f3n con ni\u00f1os, me pareci\u00f3 natural dedicar mi Voluntariado a trabajar con ellos.<\/span><\/p>\n<p class=\"p1\"><span class=\"s1\">Por eso decid\u00ed irme con &#8222;weltw\u00e4rts&#8220; a Camer\u00fan, un pa\u00eds conocido como la &#8222;\u00c1frica en miniatura&#8220; porque re\u00fane una gran variedad de paisajes y culturas. Estoy especialmente entusiasmado por la oportunidad de finalmente poner en pr\u00e1ctica mis conocimientos de franc\u00e9s y mejorar el idioma en la vida cotidiana.<\/span><\/p>\n<p class=\"p1\"><span class=\"s1\">Estoy muy feliz y a la espera de disfrutar de los desaf\u00edos y experiencias que me esperan en Camer\u00fan, y con muchas ganas de conocer a nuevas personas y vivir de cerca una nueva y diferente cultura de cerca.<\/span><\/p>\n<p class=\"p1\"><span class=\"s1\">Os mantendr\u00e9 informados.<\/span><\/p>\n<p class=\"p1\"><span class=\"s1\">Un saludo, <\/span><\/p>\n<p class=\"p1\"><span class=\"s1\">Luca<\/span><\/p>\n","protected":false},"excerpt":{"rendered":"<p>abajo la versi\u00f3n en espa\u00f1ol: Hallo zusammen, Ich bin Luca und ich habe diesen Sommer mein Abitur gemacht. Nach all den Jahren in der Schule wollte ich mal eine Pause vom Lernen und die Zeit nutzen, um etwas ganz anderes zu erleben. Da ich schon lange als Schwimmtrainer mit Kindern gearbeitet habe, lag es f\u00fcr [&hellip;]<\/p>\n","protected":false},"author":1,"featured_media":0,"parent":0,"menu_order":1,"comment_status":"closed","ping_status":"closed","template":"","meta":{"footnotes":""},"class_list":["post-3","page","type-page","status-publish","hentry"],"yoast_head":"<!-- This site is optimized with the Yoast SEO plugin v25.3.1 - https:\/\/yoast.com\/wordpress\/plugins\/seo\/ -->\n<title>\u00dcber mich \u2014 Sobre mi - Luca in Kamerun<\/title>\n<meta name=\"robots\" content=\"index, follow, max-snippet:-1, max-image-preview:large, max-video-preview:-1\" \/>\n<link rel=\"canonical\" href=\"https:\/\/blogs.donboscovolunteers.de\/lucainkamerun\/about\/\" \/>\n<meta property=\"og:locale\" content=\"de_DE\" \/>\n<meta property=\"og:type\" content=\"article\" \/>\n<meta property=\"og:title\" content=\"\u00dcber mich \u2014 Sobre mi - Luca in Kamerun\" \/>\n<meta property=\"og:description\" content=\"abajo la versi\u00f3n en espa\u00f1ol: Hallo zusammen, Ich bin Luca und ich habe diesen Sommer mein Abitur gemacht. Nach all den Jahren in der Schule wollte ich mal eine Pause vom Lernen und die Zeit nutzen, um etwas ganz anderes zu erleben. Da ich schon lange als Schwimmtrainer mit Kindern gearbeitet habe, lag es f\u00fcr [&hellip;]\" \/>\n<meta property=\"og:url\" content=\"https:\/\/blogs.donboscovolunteers.de\/lucainkamerun\/about\/\" \/>\n<meta property=\"og:site_name\" content=\"Luca in Kamerun\" \/>\n<meta property=\"article:modified_time\" content=\"2024-09-03T18:45:54+00:00\" \/>\n<meta name=\"twitter:card\" content=\"summary_large_image\" \/>\n<meta name=\"twitter:label1\" content=\"Gesch\u00e4tzte Lesezeit\" \/>\n\t<meta name=\"twitter:data1\" content=\"2\u00a0Minuten\" \/>\n<script type=\"application\/ld+json\" class=\"yoast-schema-graph\">{\"@context\":\"https:\/\/schema.org\",\"@graph\":[{\"@type\":\"WebPage\",\"@id\":\"https:\/\/blogs.donboscovolunteers.de\/lucainkamerun\/about\/\",\"url\":\"https:\/\/blogs.donboscovolunteers.de\/lucainkamerun\/about\/\",\"name\":\"\u00dcber mich \u2014 Sobre mi - Luca in Kamerun\",\"isPartOf\":{\"@id\":\"https:\/\/blogs.donboscovolunteers.de\/lucainkamerun\/#website\"},\"datePublished\":\"2024-08-06T10:23:18+00:00\",\"dateModified\":\"2024-09-03T18:45:54+00:00\",\"breadcrumb\":{\"@id\":\"https:\/\/blogs.donboscovolunteers.de\/lucainkamerun\/about\/#breadcrumb\"},\"inLanguage\":\"de\",\"potentialAction\":[{\"@type\":\"ReadAction\",\"target\":[\"https:\/\/blogs.donboscovolunteers.de\/lucainkamerun\/about\/\"]}]},{\"@type\":\"BreadcrumbList\",\"@id\":\"https:\/\/blogs.donboscovolunteers.de\/lucainkamerun\/about\/#breadcrumb\",\"itemListElement\":[{\"@type\":\"ListItem\",\"position\":1,\"name\":\"Startseite\",\"item\":\"https:\/\/blogs.donboscovolunteers.de\/lucainkamerun\/\"},{\"@type\":\"ListItem\",\"position\":2,\"name\":\"\u00dcber mich \u2014 Sobre mi\"}]},{\"@type\":\"WebSite\",\"@id\":\"https:\/\/blogs.donboscovolunteers.de\/lucainkamerun\/#website\",\"url\":\"https:\/\/blogs.donboscovolunteers.de\/lucainkamerun\/\",\"name\":\"Luca in Kamerun\",\"description\":\"\",\"potentialAction\":[{\"@type\":\"SearchAction\",\"target\":{\"@type\":\"EntryPoint\",\"urlTemplate\":\"https:\/\/blogs.donboscovolunteers.de\/lucainkamerun\/?s={search_term_string}\"},\"query-input\":{\"@type\":\"PropertyValueSpecification\",\"valueRequired\":true,\"valueName\":\"search_term_string\"}}],\"inLanguage\":\"de\"}]}<\/script>\n<!-- \/ Yoast SEO plugin. -->","yoast_head_json":{"title":"\u00dcber mich \u2014 Sobre mi - Luca in Kamerun","robots":{"index":"index","follow":"follow","max-snippet":"max-snippet:-1","max-image-preview":"max-image-preview:large","max-video-preview":"max-video-preview:-1"},"canonical":"https:\/\/blogs.donboscovolunteers.de\/lucainkamerun\/about\/","og_locale":"de_DE","og_type":"article","og_title":"\u00dcber mich \u2014 Sobre mi - Luca in Kamerun","og_description":"abajo la versi\u00f3n en espa\u00f1ol: Hallo zusammen, Ich bin Luca und ich habe diesen Sommer mein Abitur gemacht. Nach all den Jahren in der Schule wollte ich mal eine Pause vom Lernen und die Zeit nutzen, um etwas ganz anderes zu erleben. Da ich schon lange als Schwimmtrainer mit Kindern gearbeitet habe, lag es f\u00fcr [&hellip;]","og_url":"https:\/\/blogs.donboscovolunteers.de\/lucainkamerun\/about\/","og_site_name":"Luca in Kamerun","article_modified_time":"2024-09-03T18:45:54+00:00","twitter_card":"summary_large_image","twitter_misc":{"Gesch\u00e4tzte Lesezeit":"2\u00a0Minuten"},"schema":{"@context":"https:\/\/schema.org","@graph":[{"@type":"WebPage","@id":"https:\/\/blogs.donboscovolunteers.de\/lucainkamerun\/about\/","url":"https:\/\/blogs.donboscovolunteers.de\/lucainkamerun\/about\/","name":"\u00dcber mich \u2014 Sobre mi - Luca in Kamerun","isPartOf":{"@id":"https:\/\/blogs.donboscovolunteers.de\/lucainkamerun\/#website"},"datePublished":"2024-08-06T10:23:18+00:00","dateModified":"2024-09-03T18:45:54+00:00","breadcrumb":{"@id":"https:\/\/blogs.donboscovolunteers.de\/lucainkamerun\/about\/#breadcrumb"},"inLanguage":"de","potentialAction":[{"@type":"ReadAction","target":["https:\/\/blogs.donboscovolunteers.de\/lucainkamerun\/about\/"]}]},{"@type":"BreadcrumbList","@id":"https:\/\/blogs.donboscovolunteers.de\/lucainkamerun\/about\/#breadcrumb","itemListElement":[{"@type":"ListItem","position":1,"name":"Startseite","item":"https:\/\/blogs.donboscovolunteers.de\/lucainkamerun\/"},{"@type":"ListItem","position":2,"name":"\u00dcber mich \u2014 Sobre mi"}]},{"@type":"WebSite","@id":"https:\/\/blogs.donboscovolunteers.de\/lucainkamerun\/#website","url":"https:\/\/blogs.donboscovolunteers.de\/lucainkamerun\/","name":"Luca in Kamerun","description":"","potentialAction":[{"@type":"SearchAction","target":{"@type":"EntryPoint","urlTemplate":"https:\/\/blogs.donboscovolunteers.de\/lucainkamerun\/?s={search_term_string}"},"query-input":{"@type":"PropertyValueSpecification","valueRequired":true,"valueName":"search_term_string"}}],"inLanguage":"de"}]}},"_links":{"self":[{"href":"https:\/\/blogs.donboscovolunteers.de\/lucainkamerun\/wp-json\/wp\/v2\/pages\/3","targetHints":{"allow":["GET"]}}],"collection":[{"href":"https:\/\/blogs.donboscovolunteers.de\/lucainkamerun\/wp-json\/wp\/v2\/pages"}],"about":[{"href":"https:\/\/blogs.donboscovolunteers.de\/lucainkamerun\/wp-json\/wp\/v2\/types\/page"}],"author":[{"embeddable":true,"href":"https:\/\/blogs.donboscovolunteers.de\/lucainkamerun\/wp-json\/wp\/v2\/users\/1"}],"replies":[{"embeddable":true,"href":"https:\/\/blogs.donboscovolunteers.de\/lucainkamerun\/wp-json\/wp\/v2\/comments?post=3"}],"version-history":[{"count":1,"href":"https:\/\/blogs.donboscovolunteers.de\/lucainkamerun\/wp-json\/wp\/v2\/pages\/3\/revisions"}],"predecessor-version":[{"id":51,"href":"https:\/\/blogs.donboscovolunteers.de\/lucainkamerun\/wp-json\/wp\/v2\/pages\/3\/revisions\/51"}],"wp:attachment":[{"href":"https:\/\/blogs.donboscovolunteers.de\/lucainkamerun\/wp-json\/wp\/v2\/media?parent=3"}],"curies":[{"name":"wp","href":"https:\/\/api.w.org\/{rel}","templated":true}]}}