{"id":55,"date":"2019-08-31T13:25:42","date_gmt":"2019-08-31T11:25:42","guid":{"rendered":"https:\/\/blogs.donboscovolunteers.de\/lottainmumbai\/?page_id=55"},"modified":"2019-09-22T19:43:36","modified_gmt":"2019-09-22T17:43:36","slug":"einrichtung","status":"publish","type":"page","link":"https:\/\/blogs.donboscovolunteers.de\/lottainmumbai\/einrichtung\/","title":{"rendered":"Shelter Don Bosco"},"content":{"rendered":"<p><strong>Was ist eigentlich der Shelter <a href=\"https:\/\/www.donboscomission.de\/don-bosco\/\">Don Bosco<\/a>?<\/strong><\/p>\n\n\n\n<p>Das ist der Ort in Mumbai, wo ich arbeite, wieso ich eigentlich hier bin. <\/p>\n\n\n\n<p>Kurz gesagt ein Kinderheim, das von Salesianern geleitet wird. Hier leben um die 50 Jungs. Die sind zwischen 10 und 18 Jahren alt. Es sind ehemalige Stra\u00dfenkinder: entweder Waisen oder \u201eRunaway-Children\u201c, also Kinder, die von zu Hause abgehauen sind. Vielleicht sind ihre Familien aber auch selbst nach indischen Standards so kaputt, dass sie von dort rausgeholt werden mussten. <\/p>\n\n\n\n<p>Die Jungs gehen auf 11 Schulen, die unmittelbar in der Umgebung des Shelters sind. Das ist nat\u00fcrlich einiges zum Koordinieren und deswegen geht eine Gruppe vormittags, die andere nachmittags zum Unterricht. Dieser findet je nach Schule auf Hindi, Marathi (der lokalen Sprache) oder Englisch statt. <\/p>\n\n\n\n<p>Ihr Tag ist ansonsten von Lernen; ganz viel Fu\u00dfball, Hockey, Carrom, Uno spielen; das gerade aktuelle Fest feiern und nat\u00fcrlich Essen gepr\u00e4gt. Man muss \u00fcber <a href=\"https:\/\/strassenkinder.de\/laender\/asien\/inden\/\">Indien<\/a> wissen, dass fast jeden Tag ein Fest gefeiert wird.<\/p>\n\n\n\n<p>Obwohl der Shelter nat\u00fcrlich eine katholische Einrichtung ist (Don Bosco, die Salesianer, ihr erinnert euch) ist nicht jedes Kind Christ. Es gibt auf jeden Fall auch Hindus und Muslime. S\u00e4mtliche Zeichen der verschiedenen Religionen sind im Hauptaufenthaltsraum um ein Bild von Don Bosco aufgemalt.<\/p>\n\n\n\n<p>Es gibt zwei Hunde, Scooby und Thunder und die Mitarbeiter k\u00fcmmern sich sehr gut um Kinder. Sie leisten unglaubliche Arbeit und sind trotzdem immer freundlich und lebensfroh. Es gibt immer Ansprechpartner, die bei den Hausaufgaben helfen (mich zum Beispiel!) und besondere Angebote (zum Beispiel traditionelle T\u00e4nze tanzen). Au\u00dferdem jede Menge Spielpartner (die anderen Jungs und\/oder mich;)). <\/p>\n\n\n\n<p>Die Atmosph\u00e4re ist locker und fr\u00f6hlich, sodass man nie nie denken w\u00fcrde, dass es sich um ehemalige Stra\u00dfenkinder handelt. Die Dinge, die sie in ihrem Leben bereits erlebt haben m\u00fcssen sind unvorstellbar. <\/p>\n\n\n\n<p>Der Shelter leistet hervorragende Arbeit, den Jungs einen gesch\u00fctzen Rahmen zum Heilen zu geben.<\/p>\n\n\n\n<p><\/p>\n\n\n\n<p><\/p>\n\n\n\n<p><\/p>\n\n\n\n<p><\/p>\n\n\n\n<p><\/p>\n\n\n\n<p><\/p>\n\n\n\n<p><\/p>\n\n\n\n<p><\/p>\n\n\n\n<p><\/p>\n\n\n\n<p><\/p>\n\n\n\n<p><\/p>\n\n\n\n<p>Weitere Infos zum Shelter Don Bosco findest du unter <a href=\"https:\/\/sites.google.com\/site\/shelterdb\/about-us\">https:\/\/sites.google.com\/site\/shelterdb\/about-us<\/a>.<\/p>","protected":false},"excerpt":{"rendered":"<p>Was ist eigentlich der Shelter <a href=\"https:\/\/www.donboscomission.de\/don-bosco\/\">Don Bosco<\/a>? Das ist der Ort in Mumbai, wo ich arbeite, wieso ich eigentlich hier bin. Kurz gesagt ein Kinderheim, das von Salesianern geleitet wird. Hier leben um die 50 Jungs. Die sind zwischen 10 und 18 Jahren alt. Es sind ehemalige Stra\u00dfenkinder: entweder Waisen oder \u201eRunaway-Children\u201c, also Kinder, die [&hellip;]<\/p>\n","protected":false},"author":21653,"featured_media":271,"parent":0,"menu_order":0,"comment_status":"closed","ping_status":"closed","template":"","meta":{"footnotes":""},"class_list":["post-55","page","type-page","status-publish","has-post-thumbnail","hentry"],"yoast_head":"<!-- This site is optimized with the Yoast SEO plugin v25.3.1 - https:\/\/yoast.com\/wordpress\/plugins\/seo\/ -->\n<title>Shelter Don Bosco - Lotta in Mumbai<\/title>\n<meta name=\"robots\" content=\"index, follow, max-snippet:-1, max-image-preview:large, max-video-preview:-1\" \/>\n<link rel=\"canonical\" href=\"https:\/\/blogs.donboscovolunteers.de\/lottainmumbai\/einrichtung\/\" \/>\n<meta property=\"og:locale\" content=\"de_DE\" \/>\n<meta property=\"og:type\" content=\"article\" \/>\n<meta property=\"og:title\" content=\"Shelter Don Bosco - Lotta in Mumbai\" \/>\n<meta property=\"og:description\" content=\"Was ist eigentlich der Shelter Don Bosco? Das ist der Ort in Mumbai, wo ich arbeite, wieso ich eigentlich hier bin. Kurz gesagt ein Kinderheim, das von Salesianern geleitet wird. Hier leben um die 50 Jungs. Die sind zwischen 10 und 18 Jahren alt. Es sind ehemalige Stra\u00dfenkinder: entweder Waisen oder \u201eRunaway-Children\u201c, also Kinder, die [&hellip;]\" \/>\n<meta property=\"og:url\" content=\"https:\/\/blogs.donboscovolunteers.de\/lottainmumbai\/einrichtung\/\" \/>\n<meta property=\"og:site_name\" content=\"Lotta in Mumbai\" \/>\n<meta property=\"article:modified_time\" content=\"2019-09-22T17:43:36+00:00\" \/>\n<meta property=\"og:image\" content=\"https:\/\/blogs.donboscovolunteers.de\/lottainmumbai\/wp-content\/uploads\/sites\/21592\/2019\/09\/IMG_20190911_1637173413.jpg\" \/>\n\t<meta property=\"og:image:width\" content=\"1280\" \/>\n\t<meta property=\"og:image:height\" content=\"914\" \/>\n\t<meta property=\"og:image:type\" content=\"image\/jpeg\" \/>\n<meta name=\"twitter:card\" content=\"summary_large_image\" \/>\n<meta name=\"twitter:label1\" content=\"Gesch\u00e4tzte Lesezeit\" \/>\n\t<meta name=\"twitter:data1\" content=\"2\u00a0Minuten\" \/>\n<script type=\"application\/ld+json\" class=\"yoast-schema-graph\">{\"@context\":\"https:\/\/schema.org\",\"@graph\":[{\"@type\":\"WebPage\",\"@id\":\"https:\/\/blogs.donboscovolunteers.de\/lottainmumbai\/einrichtung\/\",\"url\":\"https:\/\/blogs.donboscovolunteers.de\/lottainmumbai\/einrichtung\/\",\"name\":\"Shelter Don Bosco - Lotta in Mumbai\",\"isPartOf\":{\"@id\":\"https:\/\/blogs.donboscovolunteers.de\/lottainmumbai\/#website\"},\"primaryImageOfPage\":{\"@id\":\"https:\/\/blogs.donboscovolunteers.de\/lottainmumbai\/einrichtung\/#primaryimage\"},\"image\":{\"@id\":\"https:\/\/blogs.donboscovolunteers.de\/lottainmumbai\/einrichtung\/#primaryimage\"},\"thumbnailUrl\":\"https:\/\/blogs.donboscovolunteers.de\/lottainmumbai\/wp-content\/uploads\/sites\/21592\/2019\/09\/IMG_20190911_1637173413.jpg\",\"datePublished\":\"2019-08-31T11:25:42+00:00\",\"dateModified\":\"2019-09-22T17:43:36+00:00\",\"breadcrumb\":{\"@id\":\"https:\/\/blogs.donboscovolunteers.de\/lottainmumbai\/einrichtung\/#breadcrumb\"},\"inLanguage\":\"de\",\"potentialAction\":[{\"@type\":\"ReadAction\",\"target\":[\"https:\/\/blogs.donboscovolunteers.de\/lottainmumbai\/einrichtung\/\"]}]},{\"@type\":\"ImageObject\",\"inLanguage\":\"de\",\"@id\":\"https:\/\/blogs.donboscovolunteers.de\/lottainmumbai\/einrichtung\/#primaryimage\",\"url\":\"https:\/\/blogs.donboscovolunteers.de\/lottainmumbai\/wp-content\/uploads\/sites\/21592\/2019\/09\/IMG_20190911_1637173413.jpg\",\"contentUrl\":\"https:\/\/blogs.donboscovolunteers.de\/lottainmumbai\/wp-content\/uploads\/sites\/21592\/2019\/09\/IMG_20190911_1637173413.jpg\",\"width\":1280,\"height\":914},{\"@type\":\"BreadcrumbList\",\"@id\":\"https:\/\/blogs.donboscovolunteers.de\/lottainmumbai\/einrichtung\/#breadcrumb\",\"itemListElement\":[{\"@type\":\"ListItem\",\"position\":1,\"name\":\"Startseite\",\"item\":\"https:\/\/blogs.donboscovolunteers.de\/lottainmumbai\/\"},{\"@type\":\"ListItem\",\"position\":2,\"name\":\"Shelter Don Bosco\"}]},{\"@type\":\"WebSite\",\"@id\":\"https:\/\/blogs.donboscovolunteers.de\/lottainmumbai\/#website\",\"url\":\"https:\/\/blogs.donboscovolunteers.de\/lottainmumbai\/\",\"name\":\"Lotta in Mumbai\",\"description\":\"Mein Jahr in Indien\",\"potentialAction\":[{\"@type\":\"SearchAction\",\"target\":{\"@type\":\"EntryPoint\",\"urlTemplate\":\"https:\/\/blogs.donboscovolunteers.de\/lottainmumbai\/?s={search_term_string}\"},\"query-input\":{\"@type\":\"PropertyValueSpecification\",\"valueRequired\":true,\"valueName\":\"search_term_string\"}}],\"inLanguage\":\"de\"}]}<\/script>\n<!-- \/ Yoast SEO plugin. -->","yoast_head_json":{"title":"Shelter Don Bosco - Lotta in Mumbai","robots":{"index":"index","follow":"follow","max-snippet":"max-snippet:-1","max-image-preview":"max-image-preview:large","max-video-preview":"max-video-preview:-1"},"canonical":"https:\/\/blogs.donboscovolunteers.de\/lottainmumbai\/einrichtung\/","og_locale":"de_DE","og_type":"article","og_title":"Shelter Don Bosco - Lotta in Mumbai","og_description":"Was ist eigentlich der Shelter Don Bosco? Das ist der Ort in Mumbai, wo ich arbeite, wieso ich eigentlich hier bin. Kurz gesagt ein Kinderheim, das von Salesianern geleitet wird. Hier leben um die 50 Jungs. Die sind zwischen 10 und 18 Jahren alt. Es sind ehemalige Stra\u00dfenkinder: entweder Waisen oder \u201eRunaway-Children\u201c, also Kinder, die [&hellip;]","og_url":"https:\/\/blogs.donboscovolunteers.de\/lottainmumbai\/einrichtung\/","og_site_name":"Lotta in Mumbai","article_modified_time":"2019-09-22T17:43:36+00:00","og_image":[{"width":1280,"height":914,"url":"https:\/\/blogs.donboscovolunteers.de\/lottainmumbai\/wp-content\/uploads\/sites\/21592\/2019\/09\/IMG_20190911_1637173413.jpg","type":"image\/jpeg"}],"twitter_card":"summary_large_image","twitter_misc":{"Gesch\u00e4tzte Lesezeit":"2\u00a0Minuten"},"schema":{"@context":"https:\/\/schema.org","@graph":[{"@type":"WebPage","@id":"https:\/\/blogs.donboscovolunteers.de\/lottainmumbai\/einrichtung\/","url":"https:\/\/blogs.donboscovolunteers.de\/lottainmumbai\/einrichtung\/","name":"Shelter Don Bosco - Lotta in Mumbai","isPartOf":{"@id":"https:\/\/blogs.donboscovolunteers.de\/lottainmumbai\/#website"},"primaryImageOfPage":{"@id":"https:\/\/blogs.donboscovolunteers.de\/lottainmumbai\/einrichtung\/#primaryimage"},"image":{"@id":"https:\/\/blogs.donboscovolunteers.de\/lottainmumbai\/einrichtung\/#primaryimage"},"thumbnailUrl":"https:\/\/blogs.donboscovolunteers.de\/lottainmumbai\/wp-content\/uploads\/sites\/21592\/2019\/09\/IMG_20190911_1637173413.jpg","datePublished":"2019-08-31T11:25:42+00:00","dateModified":"2019-09-22T17:43:36+00:00","breadcrumb":{"@id":"https:\/\/blogs.donboscovolunteers.de\/lottainmumbai\/einrichtung\/#breadcrumb"},"inLanguage":"de","potentialAction":[{"@type":"ReadAction","target":["https:\/\/blogs.donboscovolunteers.de\/lottainmumbai\/einrichtung\/"]}]},{"@type":"ImageObject","inLanguage":"de","@id":"https:\/\/blogs.donboscovolunteers.de\/lottainmumbai\/einrichtung\/#primaryimage","url":"https:\/\/blogs.donboscovolunteers.de\/lottainmumbai\/wp-content\/uploads\/sites\/21592\/2019\/09\/IMG_20190911_1637173413.jpg","contentUrl":"https:\/\/blogs.donboscovolunteers.de\/lottainmumbai\/wp-content\/uploads\/sites\/21592\/2019\/09\/IMG_20190911_1637173413.jpg","width":1280,"height":914},{"@type":"BreadcrumbList","@id":"https:\/\/blogs.donboscovolunteers.de\/lottainmumbai\/einrichtung\/#breadcrumb","itemListElement":[{"@type":"ListItem","position":1,"name":"Startseite","item":"https:\/\/blogs.donboscovolunteers.de\/lottainmumbai\/"},{"@type":"ListItem","position":2,"name":"Shelter Don Bosco"}]},{"@type":"WebSite","@id":"https:\/\/blogs.donboscovolunteers.de\/lottainmumbai\/#website","url":"https:\/\/blogs.donboscovolunteers.de\/lottainmumbai\/","name":"Lotta in Mumbai","description":"Mein Jahr in Indien","potentialAction":[{"@type":"SearchAction","target":{"@type":"EntryPoint","urlTemplate":"https:\/\/blogs.donboscovolunteers.de\/lottainmumbai\/?s={search_term_string}"},"query-input":{"@type":"PropertyValueSpecification","valueRequired":true,"valueName":"search_term_string"}}],"inLanguage":"de"}]}},"_links":{"self":[{"href":"https:\/\/blogs.donboscovolunteers.de\/lottainmumbai\/wp-json\/wp\/v2\/pages\/55","targetHints":{"allow":["GET"]}}],"collection":[{"href":"https:\/\/blogs.donboscovolunteers.de\/lottainmumbai\/wp-json\/wp\/v2\/pages"}],"about":[{"href":"https:\/\/blogs.donboscovolunteers.de\/lottainmumbai\/wp-json\/wp\/v2\/types\/page"}],"author":[{"embeddable":true,"href":"https:\/\/blogs.donboscovolunteers.de\/lottainmumbai\/wp-json\/wp\/v2\/users\/21653"}],"replies":[{"embeddable":true,"href":"https:\/\/blogs.donboscovolunteers.de\/lottainmumbai\/wp-json\/wp\/v2\/comments?post=55"}],"version-history":[{"count":6,"href":"https:\/\/blogs.donboscovolunteers.de\/lottainmumbai\/wp-json\/wp\/v2\/pages\/55\/revisions"}],"predecessor-version":[{"id":293,"href":"https:\/\/blogs.donboscovolunteers.de\/lottainmumbai\/wp-json\/wp\/v2\/pages\/55\/revisions\/293"}],"wp:featuredmedia":[{"embeddable":true,"href":"https:\/\/blogs.donboscovolunteers.de\/lottainmumbai\/wp-json\/wp\/v2\/media\/271"}],"wp:attachment":[{"href":"https:\/\/blogs.donboscovolunteers.de\/lottainmumbai\/wp-json\/wp\/v2\/media?parent=55"}],"curies":[{"name":"wp","href":"https:\/\/api.w.org\/{rel}","templated":true}]}}