{"id":29,"date":"2019-08-30T13:49:41","date_gmt":"2019-08-30T11:49:41","guid":{"rendered":"https:\/\/blogs.donboscovolunteers.de\/lottainmumbai\/?page_id=29"},"modified":"2019-09-07T11:45:23","modified_gmt":"2019-09-07T09:45:23","slug":"ueber-mich","status":"publish","type":"page","link":"https:\/\/blogs.donboscovolunteers.de\/lottainmumbai\/ueber-mich\/","title":{"rendered":"\u00dcber mich"},"content":{"rendered":"<p>Hallo everyone! Hier bist du also auf meinem Blog gelandet! <\/p>\n\n\n\n<p>Hier werde ich das n\u00e4chste Jahr \u00fcber meine Erlebnisse w\u00e4hrend meines Freiwilligendiestes berichten.<\/p>\n\n\n\n<p>Damit du eine Vorstellung von mir hast, stelle ich mich jetzt kurz vor:<\/p>\n\n\n\n<table class=\"wp-block-table\"><tbody><tr><td width=\"20%\"><strong>Name   <\/strong><\/td><td width=\"80%\">   Charlotte \u2013 meistens werde ich aber Lotta genannt   <\/td><\/tr><tr><td><strong>Alter<\/strong>   <\/td><td>\n  18 (noch zumindest)\n  <\/td><\/tr><tr><td width=\"20%\"><strong>Familie<\/strong>   <\/td><td width=\"80%\">\n  Simon,\n  Moritz und Janni&nbsp; sind meine j\u00fcngeren\n  Geschwister \n  &amp;\n  nat\u00fcrlich sind da noch Mama und Papa\n  &amp;\n  Balouuu (der beste Hund der Welt)\n<div class=\"wp-block-image\"><figure class=\"aligncenter is-resized\"><figure><img loading=\"lazy\" decoding=\"async\" src=\"https:\/\/blogs.donboscovolunteers.de\/lottainmumbai\/wp-content\/uploads\/sites\/21592\/2019\/09\/familie.jpg\" alt=\"\" class=\"wp-image-141\" width=\"362\" height=\"272\" srcset=\"https:\/\/blogs.donboscovolunteers.de\/lottainmumbai\/wp-content\/uploads\/sites\/21592\/2019\/09\/familie.jpg 724w, https:\/\/blogs.donboscovolunteers.de\/lottainmumbai\/wp-content\/uploads\/sites\/21592\/2019\/09\/familie-300x225.jpg 300w\" sizes=\"auto, (max-width: 362px) 100vw, 362px\" \/><\/figure><\/figure><\/div>\n  <\/td><\/tr><tr><td><strong>Haustiere<\/strong>   <\/td><td>   Weil   Tiere einfach genial sind (und ich meine Eltern in der Grundschule t\u00e4glich   daran erinnert habe, dass wir unbedingt wieder Haustiere brauchen), hatten   wir schon das ein oder andere Tier \ud83d\ude42 <ul class=\"wp-block-gallery columns-4 is-cropped\"><li class=\"blocks-gallery-item\"><figure><img loading=\"lazy\" decoding=\"async\" width=\"120\" height=\"207\" src=\"https:\/\/blogs.donboscovolunteers.de\/lottainmumbai\/wp-content\/uploads\/sites\/21592\/2019\/09\/balou-e1567843816143.jpg\" alt=\"\" data-id=\"142\" data-link=\"https:\/\/blogs.donboscovolunteers.de\/lottainmumbai\/ueber-mich\/balou\/\" class=\"wp-image-142\" \/><\/figure><\/li><li class=\"blocks-gallery-item\"><figure><img loading=\"lazy\" decoding=\"async\" width=\"120\" height=\"213\" src=\"https:\/\/blogs.donboscovolunteers.de\/lottainmumbai\/wp-content\/uploads\/sites\/21592\/2019\/09\/kakadu-e1567843277784.jpg\" alt=\"\" data-id=\"144\" data-link=\"https:\/\/blogs.donboscovolunteers.de\/lottainmumbai\/ueber-mich\/kakadu\/\" class=\"wp-image-144\" \/><\/figure><\/li><li class=\"blocks-gallery-item\"><figure><img loading=\"lazy\" decoding=\"async\" width=\"120\" height=\"214\" src=\"https:\/\/blogs.donboscovolunteers.de\/lottainmumbai\/wp-content\/uploads\/sites\/21592\/2019\/09\/schildi-e1567843331824.jpg\" alt=\"\" data-id=\"143\" data-link=\"https:\/\/blogs.donboscovolunteers.de\/lottainmumbai\/ueber-mich\/schildi\/\" class=\"wp-image-143\" \/><\/figure><\/li><li class=\"blocks-gallery-item\"><figure><img loading=\"lazy\" decoding=\"async\" width=\"604\" height=\"1024\" src=\"https:\/\/blogs.donboscovolunteers.de\/lottainmumbai\/wp-content\/uploads\/sites\/21592\/2019\/09\/gotti-1-e1567843704720-604x1024.jpg\" alt=\"\" data-id=\"148\" data-link=\"https:\/\/blogs.donboscovolunteers.de\/lottainmumbai\/ueber-mich\/gotti-1\/\" class=\"wp-image-148\" \/><\/figure><\/li><\/ul><br>  &nbsp;    <br> Okay,   eigentlich liebe ich so ziemlich alle Tiere, aber ansonsten sind <strong>Faultiere <\/strong>und das <strong>Kr\u00fcmelmonster <\/strong>schon nochmal besonders \ud83d\ude42   <strong>&nbsp;<\/strong> \n<\/td><\/tr><tr><td width=\"20%\"><strong>Hobbys<\/strong>   <\/td><td width=\"80%\">Akrobatik   &amp; Vertikaltuch (l\u00e4sst sich vielleicht ja in <a href=\"https:\/\/strassenkinder.de\/laender\/asien\/inden\/\">Indien<\/a> fortf\u00fchren, ich nehme   meins mit\u2026),   <ul class=\"wp-block-gallery columns-3 is-cropped\"><li class=\"blocks-gallery-item\"><figure><img loading=\"lazy\" decoding=\"async\" width=\"120\" height=\"178\" src=\"https:\/\/blogs.donboscovolunteers.de\/lottainmumbai\/wp-content\/uploads\/sites\/21592\/2019\/09\/IMG-20170624-WA0009-1-e1567849090556.jpg\" alt=\"\" data-id=\"152\" data-link=\"https:\/\/blogs.donboscovolunteers.de\/lottainmumbai\/ueber-mich\/img-20170624-wa0009-1\/\" class=\"wp-image-152\" \/><\/figure><\/li><li class=\"blocks-gallery-item\"><figure><img loading=\"lazy\" decoding=\"async\" width=\"706\" height=\"1024\" src=\"https:\/\/blogs.donboscovolunteers.de\/lottainmumbai\/wp-content\/uploads\/sites\/21592\/2019\/09\/Handy-Bilder-516-706x1024.jpg\" alt=\"\" data-id=\"151\" data-link=\"https:\/\/blogs.donboscovolunteers.de\/lottainmumbai\/ueber-mich\/handy-bilder-516\/\" class=\"wp-image-151\" \/><\/figure><\/li><li class=\"blocks-gallery-item\"><figure><img loading=\"lazy\" decoding=\"async\" width=\"576\" height=\"1024\" src=\"https:\/\/blogs.donboscovolunteers.de\/lottainmumbai\/wp-content\/uploads\/sites\/21592\/2019\/09\/12345-758-576x1024.png\" alt=\"\" data-id=\"150\" data-link=\"https:\/\/blogs.donboscovolunteers.de\/lottainmumbai\/ueber-mich\/12345-758\/\" class=\"wp-image-150\" \/><\/figure><\/li><\/ul> Standard\/Latein   tanzen,  Freunde   treffen,    <br><br>hier und da mal Cello und Trompete spielen,   &nbsp;  <br><br> leeesen,&nbsp; basteln   &amp; mal mehr, mal weniger gut backen,  <br><br> verkleiden   an Karneval (Viva Colonia!)   \u2026   <\/td><\/tr><\/tbody><\/table>","protected":false},"excerpt":{"rendered":"<p>Hallo everyone! Hier bist du also auf meinem Blog gelandet! Hier werde ich das n\u00e4chste Jahr \u00fcber meine Erlebnisse w\u00e4hrend meines Freiwilligendiestes berichten. Damit du eine Vorstellung von mir hast, stelle ich mich jetzt kurz vor: Name Charlotte \u2013 meistens werde ich aber Lotta genannt Alter 18 (noch zumindest) Familie Simon, Moritz und Janni&nbsp; sind [&hellip;]<\/p>\n","protected":false},"author":21653,"featured_media":103,"parent":0,"menu_order":0,"comment_status":"closed","ping_status":"closed","template":"","meta":{"footnotes":""},"class_list":["post-29","page","type-page","status-publish","has-post-thumbnail","hentry"],"yoast_head":"<!-- This site is optimized with the Yoast SEO plugin v25.3.1 - https:\/\/yoast.com\/wordpress\/plugins\/seo\/ -->\n<title>\u00dcber mich - Lotta in Mumbai<\/title>\n<meta name=\"robots\" content=\"index, follow, max-snippet:-1, max-image-preview:large, max-video-preview:-1\" \/>\n<link rel=\"canonical\" href=\"https:\/\/blogs.donboscovolunteers.de\/lottainmumbai\/ueber-mich\/\" \/>\n<meta property=\"og:locale\" content=\"de_DE\" \/>\n<meta property=\"og:type\" content=\"article\" \/>\n<meta property=\"og:title\" content=\"\u00dcber mich - Lotta in Mumbai\" \/>\n<meta property=\"og:description\" content=\"Hallo everyone! Hier bist du also auf meinem Blog gelandet! Hier werde ich das n\u00e4chste Jahr \u00fcber meine Erlebnisse w\u00e4hrend meines Freiwilligendiestes berichten. Damit du eine Vorstellung von mir hast, stelle ich mich jetzt kurz vor: Name Charlotte \u2013 meistens werde ich aber Lotta genannt Alter 18 (noch zumindest) Familie Simon, Moritz und Janni&nbsp; sind [&hellip;]\" \/>\n<meta property=\"og:url\" content=\"https:\/\/blogs.donboscovolunteers.de\/lottainmumbai\/ueber-mich\/\" \/>\n<meta property=\"og:site_name\" content=\"Lotta in Mumbai\" \/>\n<meta property=\"article:modified_time\" content=\"2019-09-07T09:45:23+00:00\" \/>\n<meta property=\"og:image\" content=\"https:\/\/blogs.donboscovolunteers.de\/lottainmumbai\/wp-content\/uploads\/sites\/21592\/2019\/09\/IMG-20171101-WA0014-e1567448451958.jpg\" \/>\n\t<meta property=\"og:image:width\" content=\"985\" \/>\n\t<meta property=\"og:image:height\" content=\"660\" \/>\n\t<meta property=\"og:image:type\" content=\"image\/jpeg\" \/>\n<meta name=\"twitter:card\" content=\"summary_large_image\" \/>\n<meta name=\"twitter:label1\" content=\"Gesch\u00e4tzte Lesezeit\" \/>\n\t<meta name=\"twitter:data1\" content=\"1\u00a0Minute\" \/>\n<script type=\"application\/ld+json\" class=\"yoast-schema-graph\">{\"@context\":\"https:\/\/schema.org\",\"@graph\":[{\"@type\":\"WebPage\",\"@id\":\"https:\/\/blogs.donboscovolunteers.de\/lottainmumbai\/ueber-mich\/\",\"url\":\"https:\/\/blogs.donboscovolunteers.de\/lottainmumbai\/ueber-mich\/\",\"name\":\"\u00dcber mich - Lotta in Mumbai\",\"isPartOf\":{\"@id\":\"https:\/\/blogs.donboscovolunteers.de\/lottainmumbai\/#website\"},\"primaryImageOfPage\":{\"@id\":\"https:\/\/blogs.donboscovolunteers.de\/lottainmumbai\/ueber-mich\/#primaryimage\"},\"image\":{\"@id\":\"https:\/\/blogs.donboscovolunteers.de\/lottainmumbai\/ueber-mich\/#primaryimage\"},\"thumbnailUrl\":\"https:\/\/blogs.donboscovolunteers.de\/lottainmumbai\/wp-content\/uploads\/sites\/21592\/2019\/09\/IMG-20171101-WA0014-e1567448451958.jpg\",\"datePublished\":\"2019-08-30T11:49:41+00:00\",\"dateModified\":\"2019-09-07T09:45:23+00:00\",\"breadcrumb\":{\"@id\":\"https:\/\/blogs.donboscovolunteers.de\/lottainmumbai\/ueber-mich\/#breadcrumb\"},\"inLanguage\":\"de\",\"potentialAction\":[{\"@type\":\"ReadAction\",\"target\":[\"https:\/\/blogs.donboscovolunteers.de\/lottainmumbai\/ueber-mich\/\"]}]},{\"@type\":\"ImageObject\",\"inLanguage\":\"de\",\"@id\":\"https:\/\/blogs.donboscovolunteers.de\/lottainmumbai\/ueber-mich\/#primaryimage\",\"url\":\"https:\/\/blogs.donboscovolunteers.de\/lottainmumbai\/wp-content\/uploads\/sites\/21592\/2019\/09\/IMG-20171101-WA0014-e1567448451958.jpg\",\"contentUrl\":\"https:\/\/blogs.donboscovolunteers.de\/lottainmumbai\/wp-content\/uploads\/sites\/21592\/2019\/09\/IMG-20171101-WA0014-e1567448451958.jpg\",\"width\":985,\"height\":660},{\"@type\":\"BreadcrumbList\",\"@id\":\"https:\/\/blogs.donboscovolunteers.de\/lottainmumbai\/ueber-mich\/#breadcrumb\",\"itemListElement\":[{\"@type\":\"ListItem\",\"position\":1,\"name\":\"Startseite\",\"item\":\"https:\/\/blogs.donboscovolunteers.de\/lottainmumbai\/\"},{\"@type\":\"ListItem\",\"position\":2,\"name\":\"\u00dcber mich\"}]},{\"@type\":\"WebSite\",\"@id\":\"https:\/\/blogs.donboscovolunteers.de\/lottainmumbai\/#website\",\"url\":\"https:\/\/blogs.donboscovolunteers.de\/lottainmumbai\/\",\"name\":\"Lotta in Mumbai\",\"description\":\"Mein Jahr in Indien\",\"potentialAction\":[{\"@type\":\"SearchAction\",\"target\":{\"@type\":\"EntryPoint\",\"urlTemplate\":\"https:\/\/blogs.donboscovolunteers.de\/lottainmumbai\/?s={search_term_string}\"},\"query-input\":{\"@type\":\"PropertyValueSpecification\",\"valueRequired\":true,\"valueName\":\"search_term_string\"}}],\"inLanguage\":\"de\"}]}<\/script>\n<!-- \/ Yoast SEO plugin. -->","yoast_head_json":{"title":"\u00dcber mich - Lotta in Mumbai","robots":{"index":"index","follow":"follow","max-snippet":"max-snippet:-1","max-image-preview":"max-image-preview:large","max-video-preview":"max-video-preview:-1"},"canonical":"https:\/\/blogs.donboscovolunteers.de\/lottainmumbai\/ueber-mich\/","og_locale":"de_DE","og_type":"article","og_title":"\u00dcber mich - Lotta in Mumbai","og_description":"Hallo everyone! Hier bist du also auf meinem Blog gelandet! Hier werde ich das n\u00e4chste Jahr \u00fcber meine Erlebnisse w\u00e4hrend meines Freiwilligendiestes berichten. Damit du eine Vorstellung von mir hast, stelle ich mich jetzt kurz vor: Name Charlotte \u2013 meistens werde ich aber Lotta genannt Alter 18 (noch zumindest) Familie Simon, Moritz und Janni&nbsp; sind [&hellip;]","og_url":"https:\/\/blogs.donboscovolunteers.de\/lottainmumbai\/ueber-mich\/","og_site_name":"Lotta in Mumbai","article_modified_time":"2019-09-07T09:45:23+00:00","og_image":[{"width":985,"height":660,"url":"https:\/\/blogs.donboscovolunteers.de\/lottainmumbai\/wp-content\/uploads\/sites\/21592\/2019\/09\/IMG-20171101-WA0014-e1567448451958.jpg","type":"image\/jpeg"}],"twitter_card":"summary_large_image","twitter_misc":{"Gesch\u00e4tzte Lesezeit":"1\u00a0Minute"},"schema":{"@context":"https:\/\/schema.org","@graph":[{"@type":"WebPage","@id":"https:\/\/blogs.donboscovolunteers.de\/lottainmumbai\/ueber-mich\/","url":"https:\/\/blogs.donboscovolunteers.de\/lottainmumbai\/ueber-mich\/","name":"\u00dcber mich - Lotta in Mumbai","isPartOf":{"@id":"https:\/\/blogs.donboscovolunteers.de\/lottainmumbai\/#website"},"primaryImageOfPage":{"@id":"https:\/\/blogs.donboscovolunteers.de\/lottainmumbai\/ueber-mich\/#primaryimage"},"image":{"@id":"https:\/\/blogs.donboscovolunteers.de\/lottainmumbai\/ueber-mich\/#primaryimage"},"thumbnailUrl":"https:\/\/blogs.donboscovolunteers.de\/lottainmumbai\/wp-content\/uploads\/sites\/21592\/2019\/09\/IMG-20171101-WA0014-e1567448451958.jpg","datePublished":"2019-08-30T11:49:41+00:00","dateModified":"2019-09-07T09:45:23+00:00","breadcrumb":{"@id":"https:\/\/blogs.donboscovolunteers.de\/lottainmumbai\/ueber-mich\/#breadcrumb"},"inLanguage":"de","potentialAction":[{"@type":"ReadAction","target":["https:\/\/blogs.donboscovolunteers.de\/lottainmumbai\/ueber-mich\/"]}]},{"@type":"ImageObject","inLanguage":"de","@id":"https:\/\/blogs.donboscovolunteers.de\/lottainmumbai\/ueber-mich\/#primaryimage","url":"https:\/\/blogs.donboscovolunteers.de\/lottainmumbai\/wp-content\/uploads\/sites\/21592\/2019\/09\/IMG-20171101-WA0014-e1567448451958.jpg","contentUrl":"https:\/\/blogs.donboscovolunteers.de\/lottainmumbai\/wp-content\/uploads\/sites\/21592\/2019\/09\/IMG-20171101-WA0014-e1567448451958.jpg","width":985,"height":660},{"@type":"BreadcrumbList","@id":"https:\/\/blogs.donboscovolunteers.de\/lottainmumbai\/ueber-mich\/#breadcrumb","itemListElement":[{"@type":"ListItem","position":1,"name":"Startseite","item":"https:\/\/blogs.donboscovolunteers.de\/lottainmumbai\/"},{"@type":"ListItem","position":2,"name":"\u00dcber mich"}]},{"@type":"WebSite","@id":"https:\/\/blogs.donboscovolunteers.de\/lottainmumbai\/#website","url":"https:\/\/blogs.donboscovolunteers.de\/lottainmumbai\/","name":"Lotta in Mumbai","description":"Mein Jahr in Indien","potentialAction":[{"@type":"SearchAction","target":{"@type":"EntryPoint","urlTemplate":"https:\/\/blogs.donboscovolunteers.de\/lottainmumbai\/?s={search_term_string}"},"query-input":{"@type":"PropertyValueSpecification","valueRequired":true,"valueName":"search_term_string"}}],"inLanguage":"de"}]}},"_links":{"self":[{"href":"https:\/\/blogs.donboscovolunteers.de\/lottainmumbai\/wp-json\/wp\/v2\/pages\/29","targetHints":{"allow":["GET"]}}],"collection":[{"href":"https:\/\/blogs.donboscovolunteers.de\/lottainmumbai\/wp-json\/wp\/v2\/pages"}],"about":[{"href":"https:\/\/blogs.donboscovolunteers.de\/lottainmumbai\/wp-json\/wp\/v2\/types\/page"}],"author":[{"embeddable":true,"href":"https:\/\/blogs.donboscovolunteers.de\/lottainmumbai\/wp-json\/wp\/v2\/users\/21653"}],"replies":[{"embeddable":true,"href":"https:\/\/blogs.donboscovolunteers.de\/lottainmumbai\/wp-json\/wp\/v2\/comments?post=29"}],"version-history":[{"count":15,"href":"https:\/\/blogs.donboscovolunteers.de\/lottainmumbai\/wp-json\/wp\/v2\/pages\/29\/revisions"}],"predecessor-version":[{"id":172,"href":"https:\/\/blogs.donboscovolunteers.de\/lottainmumbai\/wp-json\/wp\/v2\/pages\/29\/revisions\/172"}],"wp:featuredmedia":[{"embeddable":true,"href":"https:\/\/blogs.donboscovolunteers.de\/lottainmumbai\/wp-json\/wp\/v2\/media\/103"}],"wp:attachment":[{"href":"https:\/\/blogs.donboscovolunteers.de\/lottainmumbai\/wp-json\/wp\/v2\/media?parent=29"}],"curies":[{"name":"wp","href":"https:\/\/api.w.org\/{rel}","templated":true}]}}