{"id":182,"date":"2019-09-07T19:50:19","date_gmt":"2019-09-07T17:50:19","guid":{"rendered":"https:\/\/blogs.donboscovolunteers.de\/lottainmumbai\/?page_id=182"},"modified":"2019-09-23T15:50:54","modified_gmt":"2019-09-23T13:50:54","slug":"spenden","status":"publish","type":"page","link":"https:\/\/blogs.donboscovolunteers.de\/lottainmumbai\/spenden\/","title":{"rendered":"Spenden"},"content":{"rendered":"<p>Der <a href=\"https:\/\/www.donboscovolunteers.de\/\">Freiwilligendienst<\/a> , von den Reisekosten, Impfungen, Verpflegung, Versicherung, Unterkunft bis hin zur intensiven Betreuung mit Vor- und Nachbereitung sowie Seminaren vor Ort, kostet Geld.  Da nur ein Teil meines Auslandsjahres  vom <em>weltw\u00e4rts<\/em>-Programm des  Entwicklungsministeriums  finanziert werden kann, muss der Rest von den <a href=\"https:\/\/www.donboscomission.de\/don-bosco\/\">Don Bosco<\/a> Volunteers aufgebracht werden.  <\/p>\n\n\n\n<p>Deshalb versuchen alle Volos Unterst\u00fctzer zu finden und Spenden zu sammeln.  Jeder noch so kleine Betrag unterst\u00fctzt meine Arbeit als Volunteer in <a href=\"https:\/\/strassenkinder.de\/laender\/asien\/inden\/\">Indien<\/a>.<\/p>\n\n\n\n<p>Alle Spenden werden in einem Solidarit\u00e4tsfonds gesammelt, um m\u00f6glichst vielen jungen Menschen einen Freiwilligendienst mit Don Bosco Volunteers zu erm\u00f6glichen.     <\/p>\n\n\n\n<p>Das danach noch \u00fcbersch\u00fcssige Geld wird dann nach einem Schl\u00fcssel der <a href=\"https:\/\/www.donboscomission.de\/don-bosco\/\">Don Bosco<\/a> Mission und durch Mitbestimmung der Volunteers an die Projekte weitergeleitet, in denen wir f\u00fcr das Jahr eingesetzt sind. <\/p>\n\n\n\n<p> Spenden bitte an:  <\/p>\n\n\n\n<p><strong>Kontoinhaber: Don Bosco<\/strong> <strong>Volunteers<\/strong><\/p>\n\n\n\n<p><strong>Bank: Sparkasse K\u00f6ln Bonn<\/strong><\/p>\n\n\n\n<p><strong>IBAN: DE89 3705 0198 0000 0994 99<\/strong><\/p>\n\n\n\n<p><strong>BIC: COLSDE33XXX<\/strong><\/p>\n\n\n\n<p><strong>Verwendungszweck: Charlotte Urbanek S19VR022&nbsp;&nbsp;&nbsp;&nbsp;&nbsp;&nbsp; <\/strong><\/p>\n\n\n\n<p>Wenn Du eine Spendenquittung willst, mu\u00dft du hierf\u00fcr auch deine Adresse angeben. <\/p>\n\n\n\n<p>\u00dcber jede Spende freue ich mich sehr und danke Euch schon jetzt ganz herzlich!<\/p>\n\n\n\n<p>Lotta<\/p>\n\n\n\n<div class=\"wp-block-button aligncenter\"><a class=\"wp-block-button__link\" href=\"https:\/\/www.donboscomission.de\/volontariat\/spenden\/?fb_item_id=24770\">Jetzt online spenden!<\/a><\/div>","protected":false},"excerpt":{"rendered":"<p>Der <a href=\"https:\/\/www.donboscovolunteers.de\/\">Freiwilligendienst<\/a> , von den Reisekosten, Impfungen, Verpflegung, Versicherung, Unterkunft bis hin zur intensiven Betreuung mit Vor- und Nachbereitung sowie Seminaren vor Ort, kostet Geld. Da nur ein Teil meines Auslandsjahres vom weltw\u00e4rts-Programm des Entwicklungsministeriums finanziert werden kann, muss der Rest von den <a href=\"https:\/\/www.donboscomission.de\/don-bosco\/\">Don Bosco<\/a> Volunteers aufgebracht werden. Deshalb versuchen alle Volos Unterst\u00fctzer zu finden [&hellip;]<\/p>\n","protected":false},"author":21653,"featured_media":0,"parent":0,"menu_order":0,"comment_status":"closed","ping_status":"closed","template":"","meta":{"footnotes":""},"class_list":["post-182","page","type-page","status-publish","hentry"],"yoast_head":"<!-- This site is optimized with the Yoast SEO plugin v25.3.1 - https:\/\/yoast.com\/wordpress\/plugins\/seo\/ -->\n<title>Spenden - Lotta in Mumbai<\/title>\n<meta name=\"robots\" content=\"index, follow, max-snippet:-1, max-image-preview:large, max-video-preview:-1\" \/>\n<link rel=\"canonical\" href=\"https:\/\/blogs.donboscovolunteers.de\/lottainmumbai\/spenden\/\" \/>\n<meta property=\"og:locale\" content=\"de_DE\" \/>\n<meta property=\"og:type\" content=\"article\" \/>\n<meta property=\"og:title\" content=\"Spenden - Lotta in Mumbai\" \/>\n<meta property=\"og:description\" content=\"Der Freiwilligendienst , von den Reisekosten, Impfungen, Verpflegung, Versicherung, Unterkunft bis hin zur intensiven Betreuung mit Vor- und Nachbereitung sowie Seminaren vor Ort, kostet Geld. Da nur ein Teil meines Auslandsjahres vom weltw\u00e4rts-Programm des Entwicklungsministeriums finanziert werden kann, muss der Rest von den Don Bosco Volunteers aufgebracht werden. Deshalb versuchen alle Volos Unterst\u00fctzer zu finden [&hellip;]\" \/>\n<meta property=\"og:url\" content=\"https:\/\/blogs.donboscovolunteers.de\/lottainmumbai\/spenden\/\" \/>\n<meta property=\"og:site_name\" content=\"Lotta in Mumbai\" \/>\n<meta property=\"article:modified_time\" content=\"2019-09-23T13:50:54+00:00\" \/>\n<meta name=\"twitter:card\" content=\"summary_large_image\" \/>\n<meta name=\"twitter:label1\" content=\"Gesch\u00e4tzte Lesezeit\" \/>\n\t<meta name=\"twitter:data1\" content=\"1\u00a0Minute\" \/>\n<script type=\"application\/ld+json\" class=\"yoast-schema-graph\">{\"@context\":\"https:\/\/schema.org\",\"@graph\":[{\"@type\":\"WebPage\",\"@id\":\"https:\/\/blogs.donboscovolunteers.de\/lottainmumbai\/spenden\/\",\"url\":\"https:\/\/blogs.donboscovolunteers.de\/lottainmumbai\/spenden\/\",\"name\":\"Spenden - Lotta in Mumbai\",\"isPartOf\":{\"@id\":\"https:\/\/blogs.donboscovolunteers.de\/lottainmumbai\/#website\"},\"datePublished\":\"2019-09-07T17:50:19+00:00\",\"dateModified\":\"2019-09-23T13:50:54+00:00\",\"breadcrumb\":{\"@id\":\"https:\/\/blogs.donboscovolunteers.de\/lottainmumbai\/spenden\/#breadcrumb\"},\"inLanguage\":\"de\",\"potentialAction\":[{\"@type\":\"ReadAction\",\"target\":[\"https:\/\/blogs.donboscovolunteers.de\/lottainmumbai\/spenden\/\"]}]},{\"@type\":\"BreadcrumbList\",\"@id\":\"https:\/\/blogs.donboscovolunteers.de\/lottainmumbai\/spenden\/#breadcrumb\",\"itemListElement\":[{\"@type\":\"ListItem\",\"position\":1,\"name\":\"Startseite\",\"item\":\"https:\/\/blogs.donboscovolunteers.de\/lottainmumbai\/\"},{\"@type\":\"ListItem\",\"position\":2,\"name\":\"Spenden\"}]},{\"@type\":\"WebSite\",\"@id\":\"https:\/\/blogs.donboscovolunteers.de\/lottainmumbai\/#website\",\"url\":\"https:\/\/blogs.donboscovolunteers.de\/lottainmumbai\/\",\"name\":\"Lotta in Mumbai\",\"description\":\"Mein Jahr in Indien\",\"potentialAction\":[{\"@type\":\"SearchAction\",\"target\":{\"@type\":\"EntryPoint\",\"urlTemplate\":\"https:\/\/blogs.donboscovolunteers.de\/lottainmumbai\/?s={search_term_string}\"},\"query-input\":{\"@type\":\"PropertyValueSpecification\",\"valueRequired\":true,\"valueName\":\"search_term_string\"}}],\"inLanguage\":\"de\"}]}<\/script>\n<!-- \/ Yoast SEO plugin. -->","yoast_head_json":{"title":"Spenden - Lotta in Mumbai","robots":{"index":"index","follow":"follow","max-snippet":"max-snippet:-1","max-image-preview":"max-image-preview:large","max-video-preview":"max-video-preview:-1"},"canonical":"https:\/\/blogs.donboscovolunteers.de\/lottainmumbai\/spenden\/","og_locale":"de_DE","og_type":"article","og_title":"Spenden - Lotta in Mumbai","og_description":"Der Freiwilligendienst , von den Reisekosten, Impfungen, Verpflegung, Versicherung, Unterkunft bis hin zur intensiven Betreuung mit Vor- und Nachbereitung sowie Seminaren vor Ort, kostet Geld. Da nur ein Teil meines Auslandsjahres vom weltw\u00e4rts-Programm des Entwicklungsministeriums finanziert werden kann, muss der Rest von den Don Bosco Volunteers aufgebracht werden. Deshalb versuchen alle Volos Unterst\u00fctzer zu finden [&hellip;]","og_url":"https:\/\/blogs.donboscovolunteers.de\/lottainmumbai\/spenden\/","og_site_name":"Lotta in Mumbai","article_modified_time":"2019-09-23T13:50:54+00:00","twitter_card":"summary_large_image","twitter_misc":{"Gesch\u00e4tzte Lesezeit":"1\u00a0Minute"},"schema":{"@context":"https:\/\/schema.org","@graph":[{"@type":"WebPage","@id":"https:\/\/blogs.donboscovolunteers.de\/lottainmumbai\/spenden\/","url":"https:\/\/blogs.donboscovolunteers.de\/lottainmumbai\/spenden\/","name":"Spenden - Lotta in Mumbai","isPartOf":{"@id":"https:\/\/blogs.donboscovolunteers.de\/lottainmumbai\/#website"},"datePublished":"2019-09-07T17:50:19+00:00","dateModified":"2019-09-23T13:50:54+00:00","breadcrumb":{"@id":"https:\/\/blogs.donboscovolunteers.de\/lottainmumbai\/spenden\/#breadcrumb"},"inLanguage":"de","potentialAction":[{"@type":"ReadAction","target":["https:\/\/blogs.donboscovolunteers.de\/lottainmumbai\/spenden\/"]}]},{"@type":"BreadcrumbList","@id":"https:\/\/blogs.donboscovolunteers.de\/lottainmumbai\/spenden\/#breadcrumb","itemListElement":[{"@type":"ListItem","position":1,"name":"Startseite","item":"https:\/\/blogs.donboscovolunteers.de\/lottainmumbai\/"},{"@type":"ListItem","position":2,"name":"Spenden"}]},{"@type":"WebSite","@id":"https:\/\/blogs.donboscovolunteers.de\/lottainmumbai\/#website","url":"https:\/\/blogs.donboscovolunteers.de\/lottainmumbai\/","name":"Lotta in Mumbai","description":"Mein Jahr in Indien","potentialAction":[{"@type":"SearchAction","target":{"@type":"EntryPoint","urlTemplate":"https:\/\/blogs.donboscovolunteers.de\/lottainmumbai\/?s={search_term_string}"},"query-input":{"@type":"PropertyValueSpecification","valueRequired":true,"valueName":"search_term_string"}}],"inLanguage":"de"}]}},"_links":{"self":[{"href":"https:\/\/blogs.donboscovolunteers.de\/lottainmumbai\/wp-json\/wp\/v2\/pages\/182","targetHints":{"allow":["GET"]}}],"collection":[{"href":"https:\/\/blogs.donboscovolunteers.de\/lottainmumbai\/wp-json\/wp\/v2\/pages"}],"about":[{"href":"https:\/\/blogs.donboscovolunteers.de\/lottainmumbai\/wp-json\/wp\/v2\/types\/page"}],"author":[{"embeddable":true,"href":"https:\/\/blogs.donboscovolunteers.de\/lottainmumbai\/wp-json\/wp\/v2\/users\/21653"}],"replies":[{"embeddable":true,"href":"https:\/\/blogs.donboscovolunteers.de\/lottainmumbai\/wp-json\/wp\/v2\/comments?post=182"}],"version-history":[{"count":5,"href":"https:\/\/blogs.donboscovolunteers.de\/lottainmumbai\/wp-json\/wp\/v2\/pages\/182\/revisions"}],"predecessor-version":[{"id":297,"href":"https:\/\/blogs.donboscovolunteers.de\/lottainmumbai\/wp-json\/wp\/v2\/pages\/182\/revisions\/297"}],"wp:attachment":[{"href":"https:\/\/blogs.donboscovolunteers.de\/lottainmumbai\/wp-json\/wp\/v2\/media?parent=182"}],"curies":[{"name":"wp","href":"https:\/\/api.w.org\/{rel}","templated":true}]}}