{"id":3,"date":"2025-07-22T16:52:21","date_gmt":"2025-07-22T14:52:21","guid":{"rendered":"https:\/\/blogs.donboscovolunteers.de\/leonews-aus-benin\/about\/"},"modified":"2025-09-19T16:36:34","modified_gmt":"2025-09-19T14:36:34","slug":"about","status":"publish","type":"page","link":"https:\/\/blogs.donboscovolunteers.de\/leonews-aus-benin\/about\/","title":{"rendered":"\u00dcber mich"},"content":{"rendered":"<p>Bonjour allerseits\ud83d\ude43! Sch\u00f6n, dass ihr euch auf die Blogseite <strong>\u201eLeonews aus <a href=\"https:\/\/strassenkinder.de\/laender\/afrika\/benin\/\">Benin<\/a>\u201c <\/strong>verirrt habt! Wie schon der Name verr\u00e4t, werdet ihr hier ein Jahr mit Geschichten und Erlebnissen einer Freiwilligen aus Cotonou versorgt.<\/p>\n\n\n\n<p><strong>Aber nun erst einmal zu mir.<\/strong><\/p>\n\n\n<div class=\"wp-block-image\">\n<figure class=\"aligncenter size-large is-resized\"><img decoding=\"async\" src=\"https:\/\/blogs.donboscovolunteers.de\/leonews-aus-benin\/wp-content\/uploads\/sites\/21769\/2025\/09\/IMG_9693-e1758290602519-1024x768.jpeg\" alt=\"\" class=\"wp-image-71\" style=\"width:477px;height:auto\" \/><\/figure>\n<\/div>\n\n\n<p>Ich bin Leonie, 19 Jahre alt und frisch gebackene Abiturientin! 13 Jahre Schule liegen nun hinter mir. 13 Jahre geregelter Alltag in einem gewohnten Umfeld! Eine seeeeeeehr lange Zeit\u2026<\/p>\n\n\n\n<p>Sp\u00e4testens in der 11. Klasse war f\u00fcr mich klar: ich m\u00f6chte <strong>raus in die Welt<\/strong>, Neues entdecken und Abenteuer erleben! (Nicht, dass ich mich in meiner Heimatstadt Passau nicht wohlf\u00fchlen w\u00fcrde&#8230; Aber ich hatte nach knappen 20 Jahren das Gef\u00fchl, dass mir ein Ortwechsel doch ganz gut tun w\u00fcrde \ud83d\ude09 Studium oder Ausbildung kamen f\u00fcr mich erst einmal nicht in Frage, sondern vielmehr ein Auslandsjahr! Und das wollte ich nirgendwo anders als in <strong>Afrika<\/strong> machen!<\/p>\n\n\n\n<p>Ende 2024 habe ich mich dann bei <strong><a href=\"https:\/\/www.donboscomission.de\/don-bosco\/\">Don Bosco<\/a> Volunteers<\/strong> beworben, um nach dem Abi f\u00fcr ein Jahr einen <a href=\"https:\/\/www.donboscovolunteers.de\/\">Freiwilligendienst<\/a> im Ausland zu machen! Ich wollte aktiv werden, vor allem aber Kindern und Jugendlichen helfen, die nicht das Gl\u00fcck hatten, wie ich in Deutschland geboren zu sein. Der Gedanke an Afrika war schon sehr fr\u00fch pr\u00e4sent, da mich besonders die Menschen, ihre Kultur und die unersch\u00fctterliche Lebensfreude, die sie Tag f\u00fcr Tag ausstrahlen, fasziniert haben. <\/p>\n\n\n\n<p>Als dann feststand, dass es f\u00fcr mich nach <strong>Cotonou<\/strong>, Benin geht, war ich total aus dem H\u00e4uschen! Ich konnte es gar nicht so richtig fassen und habe schon angefangen, die Monate bis zur Ausreise zu z\u00e4hlen.  Neben Vorbereitungsseminaren auf meinen Freiwilligendienst habe ich besonders nach den Abiturpr\u00fcfungen die Zeit zu Hause mit Eltern, Familie und Freunden genossen und einen sehr sch\u00f6nen Sommer verbracht. Und jedes Mal, wenn die Frage kam &#8222;Und, was machst du so nach dem Abi?&#8220; habe ich immer voller Stolz und Vorfreude von meinem bevorstehenden Abenteuer erz\u00e4hlt. <\/p>\n\n\n\n<p>Nun kann ich es kaum erwarten, dass es endlich losgeht! Ich freue mich schon darauf, das Land <strong>Benin<\/strong> in all seinen verschiedenen Facetten kennenzulernen und mal andere Lebensweisen zu erleben. Aber ganz besonders freue ich mich auf die Zeit als Volont\u00e4rin und die Arbeit mit den Kindern!<\/p>\n\n\n\n<p>Es freut mich, dass ihr mich auf meinem Abenteuer begleitet und somit auch das Leben in Benin eintaucht.<\/p>\n\n\n\n<p>GaliGr\u00fc und viel Spa\u00df beim Lesen<\/p>\n\n\n\n<p>Leonie\ud83d\ude09<\/p>","protected":false},"excerpt":{"rendered":"<p>Bonjour allerseits\ud83d\ude43! Sch\u00f6n, dass ihr euch auf die Blogseite \u201eLeonews aus <a href=\"https:\/\/strassenkinder.de\/laender\/afrika\/benin\/\">Benin<\/a>\u201c verirrt habt! Wie schon der Name verr\u00e4t, werdet ihr hier ein Jahr mit Geschichten und Erlebnissen einer Freiwilligen aus Cotonou versorgt. Aber nun erst einmal zu mir. Ich bin Leonie, 19 Jahre alt und frisch gebackene Abiturientin! 13 Jahre Schule liegen nun hinter [&hellip;]<\/p>\n","protected":false},"author":21886,"featured_media":0,"parent":0,"menu_order":1,"comment_status":"closed","ping_status":"closed","template":"","meta":{"footnotes":""},"class_list":["post-3","page","type-page","status-publish","hentry"],"yoast_head":"<!-- This site is optimized with the Yoast SEO plugin v25.3.1 - https:\/\/yoast.com\/wordpress\/plugins\/seo\/ -->\n<title>\u00dcber mich - Leonews aus Benin<\/title>\n<meta name=\"robots\" content=\"index, follow, max-snippet:-1, max-image-preview:large, max-video-preview:-1\" \/>\n<link rel=\"canonical\" href=\"https:\/\/blogs.donboscovolunteers.de\/leonews-aus-benin\/about\/\" \/>\n<meta property=\"og:locale\" content=\"de_DE\" \/>\n<meta property=\"og:type\" content=\"article\" \/>\n<meta property=\"og:title\" content=\"\u00dcber mich - Leonews aus Benin\" \/>\n<meta property=\"og:description\" content=\"Bonjour allerseits\ud83d\ude43! Sch\u00f6n, dass ihr euch auf die Blogseite \u201eLeonews aus Benin\u201c verirrt habt! Wie schon der Name verr\u00e4t, werdet ihr hier ein Jahr mit Geschichten und Erlebnissen einer Freiwilligen aus Cotonou versorgt. Aber nun erst einmal zu mir. Ich bin Leonie, 19 Jahre alt und frisch gebackene Abiturientin! 13 Jahre Schule liegen nun hinter [&hellip;]\" \/>\n<meta property=\"og:url\" content=\"https:\/\/blogs.donboscovolunteers.de\/leonews-aus-benin\/about\/\" \/>\n<meta property=\"og:site_name\" content=\"Leonews aus Benin\" \/>\n<meta property=\"article:modified_time\" content=\"2025-09-19T14:36:34+00:00\" \/>\n<meta name=\"twitter:card\" content=\"summary_large_image\" \/>\n<meta name=\"twitter:label1\" content=\"Gesch\u00e4tzte Lesezeit\" \/>\n\t<meta name=\"twitter:data1\" content=\"3\u00a0Minuten\" \/>\n<script type=\"application\/ld+json\" class=\"yoast-schema-graph\">{\"@context\":\"https:\/\/schema.org\",\"@graph\":[{\"@type\":\"WebPage\",\"@id\":\"https:\/\/blogs.donboscovolunteers.de\/leonews-aus-benin\/about\/\",\"url\":\"https:\/\/blogs.donboscovolunteers.de\/leonews-aus-benin\/about\/\",\"name\":\"\u00dcber mich - Leonews aus Benin\",\"isPartOf\":{\"@id\":\"https:\/\/blogs.donboscovolunteers.de\/leonews-aus-benin\/#website\"},\"primaryImageOfPage\":{\"@id\":\"https:\/\/blogs.donboscovolunteers.de\/leonews-aus-benin\/about\/#primaryimage\"},\"image\":{\"@id\":\"https:\/\/blogs.donboscovolunteers.de\/leonews-aus-benin\/about\/#primaryimage\"},\"thumbnailUrl\":\"https:\/\/blogs.donboscovolunteers.de\/leonews-aus-benin\/wp-content\/uploads\/sites\/21769\/2025\/09\/IMG_9693-e1758290602519-1024x768.jpeg\",\"datePublished\":\"2025-07-22T14:52:21+00:00\",\"dateModified\":\"2025-09-19T14:36:34+00:00\",\"breadcrumb\":{\"@id\":\"https:\/\/blogs.donboscovolunteers.de\/leonews-aus-benin\/about\/#breadcrumb\"},\"inLanguage\":\"de\",\"potentialAction\":[{\"@type\":\"ReadAction\",\"target\":[\"https:\/\/blogs.donboscovolunteers.de\/leonews-aus-benin\/about\/\"]}]},{\"@type\":\"ImageObject\",\"inLanguage\":\"de\",\"@id\":\"https:\/\/blogs.donboscovolunteers.de\/leonews-aus-benin\/about\/#primaryimage\",\"url\":\"\",\"contentUrl\":\"\"},{\"@type\":\"BreadcrumbList\",\"@id\":\"https:\/\/blogs.donboscovolunteers.de\/leonews-aus-benin\/about\/#breadcrumb\",\"itemListElement\":[{\"@type\":\"ListItem\",\"position\":1,\"name\":\"Startseite\",\"item\":\"https:\/\/blogs.donboscovolunteers.de\/leonews-aus-benin\/\"},{\"@type\":\"ListItem\",\"position\":2,\"name\":\"\u00dcber mich\"}]},{\"@type\":\"WebSite\",\"@id\":\"https:\/\/blogs.donboscovolunteers.de\/leonews-aus-benin\/#website\",\"url\":\"https:\/\/blogs.donboscovolunteers.de\/leonews-aus-benin\/\",\"name\":\"Leonews aus Benin\",\"description\":\"zwischen Motorradtaxis und Markt-Gewusel\",\"potentialAction\":[{\"@type\":\"SearchAction\",\"target\":{\"@type\":\"EntryPoint\",\"urlTemplate\":\"https:\/\/blogs.donboscovolunteers.de\/leonews-aus-benin\/?s={search_term_string}\"},\"query-input\":{\"@type\":\"PropertyValueSpecification\",\"valueRequired\":true,\"valueName\":\"search_term_string\"}}],\"inLanguage\":\"de\"}]}<\/script>\n<!-- \/ Yoast SEO plugin. -->","yoast_head_json":{"title":"\u00dcber mich - Leonews aus Benin","robots":{"index":"index","follow":"follow","max-snippet":"max-snippet:-1","max-image-preview":"max-image-preview:large","max-video-preview":"max-video-preview:-1"},"canonical":"https:\/\/blogs.donboscovolunteers.de\/leonews-aus-benin\/about\/","og_locale":"de_DE","og_type":"article","og_title":"\u00dcber mich - Leonews aus Benin","og_description":"Bonjour allerseits\ud83d\ude43! Sch\u00f6n, dass ihr euch auf die Blogseite \u201eLeonews aus Benin\u201c verirrt habt! Wie schon der Name verr\u00e4t, werdet ihr hier ein Jahr mit Geschichten und Erlebnissen einer Freiwilligen aus Cotonou versorgt. Aber nun erst einmal zu mir. Ich bin Leonie, 19 Jahre alt und frisch gebackene Abiturientin! 13 Jahre Schule liegen nun hinter [&hellip;]","og_url":"https:\/\/blogs.donboscovolunteers.de\/leonews-aus-benin\/about\/","og_site_name":"Leonews aus Benin","article_modified_time":"2025-09-19T14:36:34+00:00","twitter_card":"summary_large_image","twitter_misc":{"Gesch\u00e4tzte Lesezeit":"3\u00a0Minuten"},"schema":{"@context":"https:\/\/schema.org","@graph":[{"@type":"WebPage","@id":"https:\/\/blogs.donboscovolunteers.de\/leonews-aus-benin\/about\/","url":"https:\/\/blogs.donboscovolunteers.de\/leonews-aus-benin\/about\/","name":"\u00dcber mich - Leonews aus Benin","isPartOf":{"@id":"https:\/\/blogs.donboscovolunteers.de\/leonews-aus-benin\/#website"},"primaryImageOfPage":{"@id":"https:\/\/blogs.donboscovolunteers.de\/leonews-aus-benin\/about\/#primaryimage"},"image":{"@id":"https:\/\/blogs.donboscovolunteers.de\/leonews-aus-benin\/about\/#primaryimage"},"thumbnailUrl":"https:\/\/blogs.donboscovolunteers.de\/leonews-aus-benin\/wp-content\/uploads\/sites\/21769\/2025\/09\/IMG_9693-e1758290602519-1024x768.jpeg","datePublished":"2025-07-22T14:52:21+00:00","dateModified":"2025-09-19T14:36:34+00:00","breadcrumb":{"@id":"https:\/\/blogs.donboscovolunteers.de\/leonews-aus-benin\/about\/#breadcrumb"},"inLanguage":"de","potentialAction":[{"@type":"ReadAction","target":["https:\/\/blogs.donboscovolunteers.de\/leonews-aus-benin\/about\/"]}]},{"@type":"ImageObject","inLanguage":"de","@id":"https:\/\/blogs.donboscovolunteers.de\/leonews-aus-benin\/about\/#primaryimage","url":"","contentUrl":""},{"@type":"BreadcrumbList","@id":"https:\/\/blogs.donboscovolunteers.de\/leonews-aus-benin\/about\/#breadcrumb","itemListElement":[{"@type":"ListItem","position":1,"name":"Startseite","item":"https:\/\/blogs.donboscovolunteers.de\/leonews-aus-benin\/"},{"@type":"ListItem","position":2,"name":"\u00dcber mich"}]},{"@type":"WebSite","@id":"https:\/\/blogs.donboscovolunteers.de\/leonews-aus-benin\/#website","url":"https:\/\/blogs.donboscovolunteers.de\/leonews-aus-benin\/","name":"Leonews aus Benin","description":"zwischen Motorradtaxis und Markt-Gewusel","potentialAction":[{"@type":"SearchAction","target":{"@type":"EntryPoint","urlTemplate":"https:\/\/blogs.donboscovolunteers.de\/leonews-aus-benin\/?s={search_term_string}"},"query-input":{"@type":"PropertyValueSpecification","valueRequired":true,"valueName":"search_term_string"}}],"inLanguage":"de"}]}},"_links":{"self":[{"href":"https:\/\/blogs.donboscovolunteers.de\/leonews-aus-benin\/wp-json\/wp\/v2\/pages\/3","targetHints":{"allow":["GET"]}}],"collection":[{"href":"https:\/\/blogs.donboscovolunteers.de\/leonews-aus-benin\/wp-json\/wp\/v2\/pages"}],"about":[{"href":"https:\/\/blogs.donboscovolunteers.de\/leonews-aus-benin\/wp-json\/wp\/v2\/types\/page"}],"author":[{"embeddable":true,"href":"https:\/\/blogs.donboscovolunteers.de\/leonews-aus-benin\/wp-json\/wp\/v2\/users\/21886"}],"replies":[{"embeddable":true,"href":"https:\/\/blogs.donboscovolunteers.de\/leonews-aus-benin\/wp-json\/wp\/v2\/comments?post=3"}],"version-history":[{"count":1,"href":"https:\/\/blogs.donboscovolunteers.de\/leonews-aus-benin\/wp-json\/wp\/v2\/pages\/3\/revisions"}],"predecessor-version":[{"id":72,"href":"https:\/\/blogs.donboscovolunteers.de\/leonews-aus-benin\/wp-json\/wp\/v2\/pages\/3\/revisions\/72"}],"wp:attachment":[{"href":"https:\/\/blogs.donboscovolunteers.de\/leonews-aus-benin\/wp-json\/wp\/v2\/media?parent=3"}],"curies":[{"name":"wp","href":"https:\/\/api.w.org\/{rel}","templated":true}]}}