{"id":66,"date":"2017-09-01T10:15:59","date_gmt":"2017-09-01T08:15:59","guid":{"rendered":"https:\/\/blogs.donboscovolunteers.de\/laurainruanda\/?page_id=66"},"modified":"2017-09-08T08:29:33","modified_gmt":"2017-09-08T06:29:33","slug":"spenden","status":"publish","type":"page","link":"https:\/\/blogs.donboscovolunteers.de\/laurainruanda\/spenden\/","title":{"rendered":"Spenden"},"content":{"rendered":"<p><i>Du m\u00f6chtest mein Projekt in Ruanda unterst\u00fctzen und ein St\u00fcck daran beteiligt sein, dass es sich weiterentwickeln kann?<\/i><\/p>\n<p>Ein solcher Auslandsfreiwilligendienst, wie ich ihn mache, muss nat\u00fcrlich finanziert werden<b>.<\/b><b> <\/b>Mein <a href=\"https:\/\/www.donboscovolunteers.de\/\">Freiwilligendienst<\/a> mit \u201e<a href=\"https:\/\/www.donboscomission.de\/don-bosco\/\">Don Bosco<\/a> Volunteers\u201c l\u00e4uft \u00fcber das &#8218;Weltw\u00e4rts-F\u00f6rderprogramm&#8216; des BMZ, das 75% der gesamt anfallenden Kosten meines Freiwilligendienstes \u00fcbernimmt. Die restlichen 25% m\u00fcssen anderweitig zusammenkommen. Jeder Cent, der dar\u00fcber hinausgehend gespendet wird, flie\u00dft direkt in mein Projekt in Ruanda!<\/p>\n<p>Ich werde dann mit meiner Mitvolont\u00e4rin Katha dort zusammen entscheiden, wo dieses gesammelte Geld am besten eingesetzt wird. Laufende Kosten m\u00fcssen zum Beispiel immer gedeckt werden.<\/p>\n<p>Dadurch, dass t\u00e4glich Spenden bei <a href=\"https:\/\/www.donboscomission.de\/\">Don Bosco Mission Bonn<\/a> eingehen, kann es zu Verz\u00f6gerungen in der Spendenverwaltung kommen.<\/p>\n<p><script src=\"https:\/\/api.spendino.de\/admanager\/forms\/display\/1699\"><\/script><\/p>\n<p>Au\u00dferdem ist es <b>sehr wichtig<\/b>, dass der <b>richtige Verwendungszweck<\/b>, das hei\u00dft mein Name <b>und<\/b> die dazugeh\u00f6rige Nummer,<b> <\/b>angegeben werden, damit die Spenden auch auf meinem Konto ankommen und nicht in den Pool nicht zuweisbarer \u00dcberweisungen gelangen!<\/p>\n<p><strong>\u00dcberweisungen bitte auf folgendes Konto:<\/strong><\/p>\n<p><strong>Don Bosco Mission <\/strong><\/p>\n<p><strong>Sparkasse K\u00f6ln Bonn <\/strong><\/p>\n<p><strong>IBAN: DE89 3705 0198 0000 0994 99<\/strong><\/p>\n<p><strong>BIC: COLSDE 33<\/strong><\/p>\n<p><b>Verwendungszweck: Laura Heumann R511708<\/b><\/p>\n<p align=\"JUSTIFY\">Eine Spendenquittung wird ausgestellt, wenn Ihr Don Bosco Mission Eure Adresse mitteilt. Alternativ k\u00f6nnt Ihr Euch deswegen auch bei mir melden (per Mail); Eure Adresse werde ich dann weitergeben. Die Spendenquittungen werden zeitnah versendet, sobald die Adresse der Spender vorliegt.<br \/>\nIch freue mich sehr, wenn sich viele interessierte Menschen finden, die meine Arbeit in Ruanda finanziell unterst\u00fctzen m\u00f6chten. Mit Eurer Spende finanziert Ihr meinen Einsatz und die Einrichtung vor Ort!\u00a0 Ich freue mich \u00fcber jede noch so kleine Spende!<\/p>\n<p>Sollten R\u00fcckfragen entstehen, kontaktiert mich einfach per Mail (laura-heumann@web.de)!<\/p>\n<p align=\"JUSTIFY\"><strong>Murakoze!\u00a0\u00a0\u00a0\u00a0\u00a0\u00a0\u00a0\u00a0\u00a0\u00a0\u00a0\u00a0\u00a0\u00a0\u00a0\u00a0\u00a0\u00a0\u00a0\u00a0\u00a0\u00a0\u00a0\u00a0\u00a0\u00a0\u00a0\u00a0\u00a0\u00a0\u00a0\u00a0\u00a0\u00a0\u00a0\u00a0\u00a0\u00a0\u00a0\u00a0\u00a0\u00a0\u00a0\u00a0\u00a0\u00a0\u00a0\u00a0\u00a0\u00a0\u00a0\u00a0\u00a0\u00a0\u00a0\u00a0\u00a0\u00a0\u00a0\u00a0\u00a0\u00a0\u00a0\u00a0\u00a0\u00a0\u00a0\u00a0\u00a0\u00a0\u00a0\u00a0\u00a0\u00a0\u00a0\u00a0\u00a0\u00a0\u00a0\u00a0\u00a0\u00a0\u00a0\u00a0\u00a0\u00a0\u00a0\u00a0\u00a0\u00a0\u00a0\u00a0\u00a0\u00a0\u00a0\u00a0\u00a0\u00a0\u00a0\u00a0\u00a0\u00a0\u00a0\u00a0\u00a0\u00a0\u00a0\u00a0\u00a0\u00a0\u00a0\u00a0\u00a0\u00a0\u00a0\u00a0\u00a0\u00a0\u00a0\u00a0\u00a0\u00a0\u00a0\u00a0\u00a0\u00a0\u00a0\u00a0\u00a0 <\/strong><strong>Vielen Dank f\u00fcr die Unterst\u00fctzung!<\/strong><\/p>\n","protected":false},"excerpt":{"rendered":"<p>Du m\u00f6chtest mein Projekt in Ruanda unterst\u00fctzen und ein St\u00fcck daran beteiligt sein, dass es sich weiterentwickeln kann? Ein solcher Auslandsfreiwilligendienst, wie ich ihn mache, muss nat\u00fcrlich finanziert werden. Mein <a href=\"https:\/\/www.donboscovolunteers.de\/\">Freiwilligendienst<\/a> mit \u201e<a href=\"https:\/\/www.donboscomission.de\/don-bosco\/\">Don Bosco<\/a> Volunteers\u201c l\u00e4uft \u00fcber das &#8218;Weltw\u00e4rts-F\u00f6rderprogramm&#8216; des BMZ, das 75% der gesamt anfallenden Kosten meines Freiwilligendienstes \u00fcbernimmt. Die restlichen 25% m\u00fcssen anderweitig [&hellip;]<\/p>\n","protected":false},"author":21572,"featured_media":0,"parent":0,"menu_order":0,"comment_status":"closed","ping_status":"closed","template":"","meta":{"footnotes":""},"class_list":["post-66","page","type-page","status-publish","hentry"],"yoast_head":"<!-- This site is optimized with the Yoast SEO plugin v25.3.1 - https:\/\/yoast.com\/wordpress\/plugins\/seo\/ -->\n<title>Spenden - Laura in Ruanda<\/title>\n<meta name=\"robots\" content=\"index, follow, max-snippet:-1, max-image-preview:large, max-video-preview:-1\" \/>\n<link rel=\"canonical\" href=\"https:\/\/blogs.donboscovolunteers.de\/laurainruanda\/spenden\/\" \/>\n<meta property=\"og:locale\" content=\"de_DE\" \/>\n<meta property=\"og:type\" content=\"article\" \/>\n<meta property=\"og:title\" content=\"Spenden - Laura in Ruanda\" \/>\n<meta property=\"og:description\" content=\"Du m\u00f6chtest mein Projekt in Ruanda unterst\u00fctzen und ein St\u00fcck daran beteiligt sein, dass es sich weiterentwickeln kann? Ein solcher Auslandsfreiwilligendienst, wie ich ihn mache, muss nat\u00fcrlich finanziert werden. Mein Freiwilligendienst mit \u201eDon Bosco Volunteers\u201c l\u00e4uft \u00fcber das &#8218;Weltw\u00e4rts-F\u00f6rderprogramm&#8216; des BMZ, das 75% der gesamt anfallenden Kosten meines Freiwilligendienstes \u00fcbernimmt. Die restlichen 25% m\u00fcssen anderweitig [&hellip;]\" \/>\n<meta property=\"og:url\" content=\"https:\/\/blogs.donboscovolunteers.de\/laurainruanda\/spenden\/\" \/>\n<meta property=\"og:site_name\" content=\"Laura in Ruanda\" \/>\n<meta property=\"article:modified_time\" content=\"2017-09-08T06:29:33+00:00\" \/>\n<meta name=\"twitter:card\" content=\"summary_large_image\" \/>\n<meta name=\"twitter:label1\" content=\"Gesch\u00e4tzte Lesezeit\" \/>\n\t<meta name=\"twitter:data1\" content=\"1\u00a0Minute\" \/>\n<script type=\"application\/ld+json\" class=\"yoast-schema-graph\">{\"@context\":\"https:\/\/schema.org\",\"@graph\":[{\"@type\":\"WebPage\",\"@id\":\"https:\/\/blogs.donboscovolunteers.de\/laurainruanda\/spenden\/\",\"url\":\"https:\/\/blogs.donboscovolunteers.de\/laurainruanda\/spenden\/\",\"name\":\"Spenden - Laura in Ruanda\",\"isPartOf\":{\"@id\":\"https:\/\/blogs.donboscovolunteers.de\/laurainruanda\/#website\"},\"datePublished\":\"2017-09-01T08:15:59+00:00\",\"dateModified\":\"2017-09-08T06:29:33+00:00\",\"breadcrumb\":{\"@id\":\"https:\/\/blogs.donboscovolunteers.de\/laurainruanda\/spenden\/#breadcrumb\"},\"inLanguage\":\"de\",\"potentialAction\":[{\"@type\":\"ReadAction\",\"target\":[\"https:\/\/blogs.donboscovolunteers.de\/laurainruanda\/spenden\/\"]}]},{\"@type\":\"BreadcrumbList\",\"@id\":\"https:\/\/blogs.donboscovolunteers.de\/laurainruanda\/spenden\/#breadcrumb\",\"itemListElement\":[{\"@type\":\"ListItem\",\"position\":1,\"name\":\"Startseite\",\"item\":\"https:\/\/blogs.donboscovolunteers.de\/laurainruanda\/\"},{\"@type\":\"ListItem\",\"position\":2,\"name\":\"Spenden\"}]},{\"@type\":\"WebSite\",\"@id\":\"https:\/\/blogs.donboscovolunteers.de\/laurainruanda\/#website\",\"url\":\"https:\/\/blogs.donboscovolunteers.de\/laurainruanda\/\",\"name\":\"Laura in Ruanda\",\"description\":\"Mein Jahr im \u201eLand der tausend H\u00fcgel\u201c\",\"potentialAction\":[{\"@type\":\"SearchAction\",\"target\":{\"@type\":\"EntryPoint\",\"urlTemplate\":\"https:\/\/blogs.donboscovolunteers.de\/laurainruanda\/?s={search_term_string}\"},\"query-input\":{\"@type\":\"PropertyValueSpecification\",\"valueRequired\":true,\"valueName\":\"search_term_string\"}}],\"inLanguage\":\"de\"}]}<\/script>\n<!-- \/ Yoast SEO plugin. -->","yoast_head_json":{"title":"Spenden - Laura in Ruanda","robots":{"index":"index","follow":"follow","max-snippet":"max-snippet:-1","max-image-preview":"max-image-preview:large","max-video-preview":"max-video-preview:-1"},"canonical":"https:\/\/blogs.donboscovolunteers.de\/laurainruanda\/spenden\/","og_locale":"de_DE","og_type":"article","og_title":"Spenden - Laura in Ruanda","og_description":"Du m\u00f6chtest mein Projekt in Ruanda unterst\u00fctzen und ein St\u00fcck daran beteiligt sein, dass es sich weiterentwickeln kann? Ein solcher Auslandsfreiwilligendienst, wie ich ihn mache, muss nat\u00fcrlich finanziert werden. Mein Freiwilligendienst mit \u201eDon Bosco Volunteers\u201c l\u00e4uft \u00fcber das &#8218;Weltw\u00e4rts-F\u00f6rderprogramm&#8216; des BMZ, das 75% der gesamt anfallenden Kosten meines Freiwilligendienstes \u00fcbernimmt. Die restlichen 25% m\u00fcssen anderweitig [&hellip;]","og_url":"https:\/\/blogs.donboscovolunteers.de\/laurainruanda\/spenden\/","og_site_name":"Laura in Ruanda","article_modified_time":"2017-09-08T06:29:33+00:00","twitter_card":"summary_large_image","twitter_misc":{"Gesch\u00e4tzte Lesezeit":"1\u00a0Minute"},"schema":{"@context":"https:\/\/schema.org","@graph":[{"@type":"WebPage","@id":"https:\/\/blogs.donboscovolunteers.de\/laurainruanda\/spenden\/","url":"https:\/\/blogs.donboscovolunteers.de\/laurainruanda\/spenden\/","name":"Spenden - Laura in Ruanda","isPartOf":{"@id":"https:\/\/blogs.donboscovolunteers.de\/laurainruanda\/#website"},"datePublished":"2017-09-01T08:15:59+00:00","dateModified":"2017-09-08T06:29:33+00:00","breadcrumb":{"@id":"https:\/\/blogs.donboscovolunteers.de\/laurainruanda\/spenden\/#breadcrumb"},"inLanguage":"de","potentialAction":[{"@type":"ReadAction","target":["https:\/\/blogs.donboscovolunteers.de\/laurainruanda\/spenden\/"]}]},{"@type":"BreadcrumbList","@id":"https:\/\/blogs.donboscovolunteers.de\/laurainruanda\/spenden\/#breadcrumb","itemListElement":[{"@type":"ListItem","position":1,"name":"Startseite","item":"https:\/\/blogs.donboscovolunteers.de\/laurainruanda\/"},{"@type":"ListItem","position":2,"name":"Spenden"}]},{"@type":"WebSite","@id":"https:\/\/blogs.donboscovolunteers.de\/laurainruanda\/#website","url":"https:\/\/blogs.donboscovolunteers.de\/laurainruanda\/","name":"Laura in Ruanda","description":"Mein Jahr im \u201eLand der tausend H\u00fcgel\u201c","potentialAction":[{"@type":"SearchAction","target":{"@type":"EntryPoint","urlTemplate":"https:\/\/blogs.donboscovolunteers.de\/laurainruanda\/?s={search_term_string}"},"query-input":{"@type":"PropertyValueSpecification","valueRequired":true,"valueName":"search_term_string"}}],"inLanguage":"de"}]}},"_links":{"self":[{"href":"https:\/\/blogs.donboscovolunteers.de\/laurainruanda\/wp-json\/wp\/v2\/pages\/66","targetHints":{"allow":["GET"]}}],"collection":[{"href":"https:\/\/blogs.donboscovolunteers.de\/laurainruanda\/wp-json\/wp\/v2\/pages"}],"about":[{"href":"https:\/\/blogs.donboscovolunteers.de\/laurainruanda\/wp-json\/wp\/v2\/types\/page"}],"author":[{"embeddable":true,"href":"https:\/\/blogs.donboscovolunteers.de\/laurainruanda\/wp-json\/wp\/v2\/users\/21572"}],"replies":[{"embeddable":true,"href":"https:\/\/blogs.donboscovolunteers.de\/laurainruanda\/wp-json\/wp\/v2\/comments?post=66"}],"version-history":[{"count":6,"href":"https:\/\/blogs.donboscovolunteers.de\/laurainruanda\/wp-json\/wp\/v2\/pages\/66\/revisions"}],"predecessor-version":[{"id":108,"href":"https:\/\/blogs.donboscovolunteers.de\/laurainruanda\/wp-json\/wp\/v2\/pages\/66\/revisions\/108"}],"wp:attachment":[{"href":"https:\/\/blogs.donboscovolunteers.de\/laurainruanda\/wp-json\/wp\/v2\/media?parent=66"}],"curies":[{"name":"wp","href":"https:\/\/api.w.org\/{rel}","templated":true}]}}