{"id":76,"date":"2019-06-12T18:53:05","date_gmt":"2019-06-12T16:53:05","guid":{"rendered":"https:\/\/blogs.donboscovolunteers.de\/koellumbienjanwachendorf\/?page_id=76"},"modified":"2019-06-12T18:53:05","modified_gmt":"2019-06-12T16:53:05","slug":"fotos","status":"publish","type":"page","link":"https:\/\/blogs.donboscovolunteers.de\/koellumbienjanwachendorf\/fotos\/","title":{"rendered":"Fotos"},"content":{"rendered":"<p>Hier findet Ihr ein paar Eindr\u00fccke aus meiner bisherigen Zeit. Viel Spa\u00df!<\/p>\n<p>&nbsp;<\/p>\n<p><a href=\"https:\/\/photos.app.goo.gl\/xBLhUTMrgG8UKgbk7\">La Guajira Urlaub (Mai)<\/a><\/p>\n<p><a href=\"https:\/\/photos.app.goo.gl\/oQnQdZ4SGKKM6wG3A\">Ausfl\u00fcge Voluntarios<\/a><\/p>\n<p><a href=\"https:\/\/photos.app.goo.gl\/vWZediiAwPws8M3q7\">Gottesdienste<\/a><\/p>\n","protected":false},"excerpt":{"rendered":"<p>Hier findet Ihr ein paar Eindr\u00fccke aus meiner bisherigen Zeit. Viel Spa\u00df! &nbsp; La Guajira Urlaub (Mai) Ausfl\u00fcge Voluntarios Gottesdienste<\/p>\n","protected":false},"author":21621,"featured_media":0,"parent":0,"menu_order":0,"comment_status":"closed","ping_status":"closed","template":"","meta":{"footnotes":""},"class_list":["post-76","page","type-page","status-publish","hentry"],"yoast_head":"<!-- This site is optimized with the Yoast SEO plugin v25.3.1 - https:\/\/yoast.com\/wordpress\/plugins\/seo\/ -->\n<title>Fotos - K\u00f6llumbien - Jan Wachendorf<\/title>\n<meta name=\"robots\" content=\"index, follow, max-snippet:-1, max-image-preview:large, max-video-preview:-1\" \/>\n<link rel=\"canonical\" href=\"https:\/\/blogs.donboscovolunteers.de\/koellumbienjanwachendorf\/fotos\/\" \/>\n<meta property=\"og:locale\" content=\"de_DE\" \/>\n<meta property=\"og:type\" content=\"article\" \/>\n<meta property=\"og:title\" content=\"Fotos - K\u00f6llumbien - Jan Wachendorf\" \/>\n<meta property=\"og:description\" content=\"Hier findet Ihr ein paar Eindr\u00fccke aus meiner bisherigen Zeit. Viel Spa\u00df! &nbsp; La Guajira Urlaub (Mai) Ausfl\u00fcge Voluntarios Gottesdienste\" \/>\n<meta property=\"og:url\" content=\"https:\/\/blogs.donboscovolunteers.de\/koellumbienjanwachendorf\/fotos\/\" \/>\n<meta property=\"og:site_name\" content=\"K\u00f6llumbien - Jan Wachendorf\" \/>\n<meta name=\"twitter:card\" content=\"summary_large_image\" \/>\n<script type=\"application\/ld+json\" class=\"yoast-schema-graph\">{\"@context\":\"https:\/\/schema.org\",\"@graph\":[{\"@type\":\"WebPage\",\"@id\":\"https:\/\/blogs.donboscovolunteers.de\/koellumbienjanwachendorf\/fotos\/\",\"url\":\"https:\/\/blogs.donboscovolunteers.de\/koellumbienjanwachendorf\/fotos\/\",\"name\":\"Fotos - K\u00f6llumbien - Jan Wachendorf\",\"isPartOf\":{\"@id\":\"https:\/\/blogs.donboscovolunteers.de\/koellumbienjanwachendorf\/#website\"},\"datePublished\":\"2019-06-12T16:53:05+00:00\",\"breadcrumb\":{\"@id\":\"https:\/\/blogs.donboscovolunteers.de\/koellumbienjanwachendorf\/fotos\/#breadcrumb\"},\"inLanguage\":\"de\",\"potentialAction\":[{\"@type\":\"ReadAction\",\"target\":[\"https:\/\/blogs.donboscovolunteers.de\/koellumbienjanwachendorf\/fotos\/\"]}]},{\"@type\":\"BreadcrumbList\",\"@id\":\"https:\/\/blogs.donboscovolunteers.de\/koellumbienjanwachendorf\/fotos\/#breadcrumb\",\"itemListElement\":[{\"@type\":\"ListItem\",\"position\":1,\"name\":\"Startseite\",\"item\":\"https:\/\/blogs.donboscovolunteers.de\/koellumbienjanwachendorf\/\"},{\"@type\":\"ListItem\",\"position\":2,\"name\":\"Fotos\"}]},{\"@type\":\"WebSite\",\"@id\":\"https:\/\/blogs.donboscovolunteers.de\/koellumbienjanwachendorf\/#website\",\"url\":\"https:\/\/blogs.donboscovolunteers.de\/koellumbienjanwachendorf\/\",\"name\":\"K\u00f6llumbien - Jan Wachendorf\",\"description\":\"Jeck in Medll\u00edn\",\"potentialAction\":[{\"@type\":\"SearchAction\",\"target\":{\"@type\":\"EntryPoint\",\"urlTemplate\":\"https:\/\/blogs.donboscovolunteers.de\/koellumbienjanwachendorf\/?s={search_term_string}\"},\"query-input\":{\"@type\":\"PropertyValueSpecification\",\"valueRequired\":true,\"valueName\":\"search_term_string\"}}],\"inLanguage\":\"de\"}]}<\/script>\n<!-- \/ Yoast SEO plugin. -->","yoast_head_json":{"title":"Fotos - K\u00f6llumbien - Jan Wachendorf","robots":{"index":"index","follow":"follow","max-snippet":"max-snippet:-1","max-image-preview":"max-image-preview:large","max-video-preview":"max-video-preview:-1"},"canonical":"https:\/\/blogs.donboscovolunteers.de\/koellumbienjanwachendorf\/fotos\/","og_locale":"de_DE","og_type":"article","og_title":"Fotos - K\u00f6llumbien - Jan Wachendorf","og_description":"Hier findet Ihr ein paar Eindr\u00fccke aus meiner bisherigen Zeit. Viel Spa\u00df! &nbsp; La Guajira Urlaub (Mai) Ausfl\u00fcge Voluntarios Gottesdienste","og_url":"https:\/\/blogs.donboscovolunteers.de\/koellumbienjanwachendorf\/fotos\/","og_site_name":"K\u00f6llumbien - Jan Wachendorf","twitter_card":"summary_large_image","schema":{"@context":"https:\/\/schema.org","@graph":[{"@type":"WebPage","@id":"https:\/\/blogs.donboscovolunteers.de\/koellumbienjanwachendorf\/fotos\/","url":"https:\/\/blogs.donboscovolunteers.de\/koellumbienjanwachendorf\/fotos\/","name":"Fotos - K\u00f6llumbien - Jan Wachendorf","isPartOf":{"@id":"https:\/\/blogs.donboscovolunteers.de\/koellumbienjanwachendorf\/#website"},"datePublished":"2019-06-12T16:53:05+00:00","breadcrumb":{"@id":"https:\/\/blogs.donboscovolunteers.de\/koellumbienjanwachendorf\/fotos\/#breadcrumb"},"inLanguage":"de","potentialAction":[{"@type":"ReadAction","target":["https:\/\/blogs.donboscovolunteers.de\/koellumbienjanwachendorf\/fotos\/"]}]},{"@type":"BreadcrumbList","@id":"https:\/\/blogs.donboscovolunteers.de\/koellumbienjanwachendorf\/fotos\/#breadcrumb","itemListElement":[{"@type":"ListItem","position":1,"name":"Startseite","item":"https:\/\/blogs.donboscovolunteers.de\/koellumbienjanwachendorf\/"},{"@type":"ListItem","position":2,"name":"Fotos"}]},{"@type":"WebSite","@id":"https:\/\/blogs.donboscovolunteers.de\/koellumbienjanwachendorf\/#website","url":"https:\/\/blogs.donboscovolunteers.de\/koellumbienjanwachendorf\/","name":"K\u00f6llumbien - Jan Wachendorf","description":"Jeck in Medll\u00edn","potentialAction":[{"@type":"SearchAction","target":{"@type":"EntryPoint","urlTemplate":"https:\/\/blogs.donboscovolunteers.de\/koellumbienjanwachendorf\/?s={search_term_string}"},"query-input":{"@type":"PropertyValueSpecification","valueRequired":true,"valueName":"search_term_string"}}],"inLanguage":"de"}]}},"_links":{"self":[{"href":"https:\/\/blogs.donboscovolunteers.de\/koellumbienjanwachendorf\/wp-json\/wp\/v2\/pages\/76","targetHints":{"allow":["GET"]}}],"collection":[{"href":"https:\/\/blogs.donboscovolunteers.de\/koellumbienjanwachendorf\/wp-json\/wp\/v2\/pages"}],"about":[{"href":"https:\/\/blogs.donboscovolunteers.de\/koellumbienjanwachendorf\/wp-json\/wp\/v2\/types\/page"}],"author":[{"embeddable":true,"href":"https:\/\/blogs.donboscovolunteers.de\/koellumbienjanwachendorf\/wp-json\/wp\/v2\/users\/21621"}],"replies":[{"embeddable":true,"href":"https:\/\/blogs.donboscovolunteers.de\/koellumbienjanwachendorf\/wp-json\/wp\/v2\/comments?post=76"}],"version-history":[{"count":1,"href":"https:\/\/blogs.donboscovolunteers.de\/koellumbienjanwachendorf\/wp-json\/wp\/v2\/pages\/76\/revisions"}],"predecessor-version":[{"id":77,"href":"https:\/\/blogs.donboscovolunteers.de\/koellumbienjanwachendorf\/wp-json\/wp\/v2\/pages\/76\/revisions\/77"}],"wp:attachment":[{"href":"https:\/\/blogs.donboscovolunteers.de\/koellumbienjanwachendorf\/wp-json\/wp\/v2\/media?parent=76"}],"curies":[{"name":"wp","href":"https:\/\/api.w.org\/{rel}","templated":true}]}}