{"id":19,"date":"2018-09-11T00:43:53","date_gmt":"2018-09-10T22:43:53","guid":{"rendered":"https:\/\/blogs.donboscovolunteers.de\/koellumbienjanwachendorf\/?page_id=19"},"modified":"2018-09-12T10:39:30","modified_gmt":"2018-09-12T08:39:30","slug":"spenden","status":"publish","type":"page","link":"https:\/\/blogs.donboscovolunteers.de\/koellumbienjanwachendorf\/spenden\/","title":{"rendered":"Spenden"},"content":{"rendered":"<p>Ein <a href=\"https:\/\/www.donboscovolunteers.de\/\">Freiwilligendienst<\/a> mit <a href=\"https:\/\/www.donboscomission.de\/don-bosco\/\">Don Bosco<\/a> Volunteers kostet immer grob 10.000 \u20ac. Von diesen Kosten \u00fcbernimmt das weltw\u00e4rts-Programm des Bundesministeriums f\u00fcr wirtschaftliche Zusammenarbeit und Entwicklung 75%, also 7.500 \u20ac (ja, ich hatte Mathe im Abi). Die restlichen 25% muss Don Bosco Volunteers selber \u00fcbernehmen. Da die Organisation ihre gesamten Einnahmen jedoch aus Spenden erh\u00e4lt, werden die Freiwilligen darum gebeten einen Unterst\u00fctzerkreis aufzubauen. Das Geld was aus diesen Spenden eingeht, ist einzig und allein f\u00fcr die Freiwilligendienste, wie den meinen bestimmt und wird auch nur daf\u00fcr verwendet. Sollte also ein \u00dcberschuss entstehen, so wird dieser verwendet um die m\u00f6glicherweise nicht gedeckten Kosten anderer Volunt\u00e4re zu decken. Ihre Spende hilft also nicht nur meinen, sondern auch die Don Bosco Volunteers Freiwilligendienste im generellen zu erm\u00f6glichen und aufrecht zu erhalten.<\/p>\n<p>Sollten Sie also Lust haben mich und das Programm mit dem ich mein FSJ absolviere zu unterst\u00fctzen, so w\u00fcrde mich das sehr freuen.<\/p>\n<p><strong>Online-Spende:<\/strong><\/p>\n<p><script src=\"https:\/\/api.spendino.de\/admanager\/forms\/display\/2823\"><\/script><\/p>\n<p>Spenden bitte hierhin \u00fcberweisen:<\/p>\n<p>Don Bosco Mission<br \/>\nSparkasse K\u00f6ln Bonn \u00a0 \u00a0 \u00a0 \u00a0 \u00a0 \u00a0 \u00a0 \u00a0 \u00a0 \u00a0 \u00a0 \u00a0 \u00a0 \u00a0 \u00a0 \u00a0 \u00a0 \u00a0 \u00a0 \u00a0 \u00a0 \u00a0 \u00a0 \u00a0 \u00a0 \u00a0 \u00a0 \u00a0 \u00a0 \u00a0 \u00a0 \u00a0 \u00a0 \u00a0 \u00a0 \u00a0 \u00a0 \u00a0 \u00a0 \u00a0 \u00a0 \u00a0 \u00a0 \u00a0 \u00a0 \u00a0 \u00a0 \u00a0 \u00a0 \u00a0\u00a0 IBAN : DE89 3705 0198 0000 0994 99 \u00a0 \u00a0 \u00a0 \u00a0 \u00a0 \u00a0 \u00a0 \u00a0 \u00a0 \u00a0 \u00a0 \u00a0 \u00a0 \u00a0 \u00a0 \u00a0 \u00a0 \u00a0 \u00a0 \u00a0 \u00a0 \u00a0 \u00a0 \u00a0 \u00a0 \u00a0 \u00a0 \u00a0 \u00a0 \u00a0 \u00a0 \u00a0 \u00a0 \u00a0 \u00a0 \u00a0\u00a0 BIC : COLSDE 33 \u00a0 \u00a0 \u00a0 \u00a0 \u00a0 \u00a0 \u00a0 \u00a0 \u00a0 \u00a0 \u00a0 \u00a0 \u00a0 \u00a0 \u00a0 \u00a0 \u00a0 \u00a0 \u00a0 \u00a0 \u00a0 \u00a0 \u00a0 \u00a0 \u00a0 \u00a0 \u00a0 \u00a0 \u00a0 \u00a0 \u00a0 \u00a0 \u00a0 \u00a0 \u00a0 \u00a0 \u00a0 \u00a0 \u00a0 \u00a0 \u00a0 \u00a0 \u00a0 \u00a0 \u00a0 \u00a0\u00a0 <strong>Verwendungszweck: Jan Wachendorf S18VR022<\/strong><\/p>\n<p>Bitte dran denken, dass f\u00fcr den Versand einer Spendenquittung die Adresse bei der \u00dcberweisung zu finden sein muss.<\/p>\n<p>F\u00fcr diejenigen, die sich zum Thema Spenden nochmal etwas genauer informieren m\u00f6chten, gibt es hier noch den Link zu der offiziellen Handreichung von Don Bosco Volunteers zum Thema Spenden. Hier wird auch noch genauer aufgef\u00fchrt, wie sich die Kosten verteilen:<\/p>\n<p><a href=\"https:\/\/blogs.donboscovolunteers.de\/koellumbienjanwachendorf\/wp-content\/uploads\/sites\/21565\/2018\/09\/Wachendorf_Jan_Handreichung_Spenden.pdf\">Wachendorf_Jan_Handreichung_Spenden<\/a><\/p>\n<p>&nbsp;<\/p>\n<p>Ich bedanke mich f\u00fcr Ihre Unterst\u00fctzung!!!<\/p>\n<p>Jan<\/p>\n","protected":false},"excerpt":{"rendered":"<p>Ein <a href=\"https:\/\/www.donboscovolunteers.de\/\">Freiwilligendienst<\/a> mit <a href=\"https:\/\/www.donboscomission.de\/don-bosco\/\">Don Bosco<\/a> Volunteers kostet immer grob 10.000 \u20ac. Von diesen Kosten \u00fcbernimmt das weltw\u00e4rts-Programm des Bundesministeriums f\u00fcr wirtschaftliche Zusammenarbeit und Entwicklung 75%, also 7.500 \u20ac (ja, ich hatte Mathe im Abi). Die restlichen 25% muss Don Bosco Volunteers selber \u00fcbernehmen. Da die Organisation ihre gesamten Einnahmen jedoch aus Spenden erh\u00e4lt, werden die [&hellip;]<\/p>\n","protected":false},"author":21621,"featured_media":0,"parent":0,"menu_order":0,"comment_status":"closed","ping_status":"closed","template":"","meta":{"footnotes":""},"class_list":["post-19","page","type-page","status-publish","hentry"],"yoast_head":"<!-- This site is optimized with the Yoast SEO plugin v25.3.1 - https:\/\/yoast.com\/wordpress\/plugins\/seo\/ -->\n<title>Spenden - K\u00f6llumbien - Jan Wachendorf<\/title>\n<meta name=\"robots\" content=\"index, follow, max-snippet:-1, max-image-preview:large, max-video-preview:-1\" \/>\n<link rel=\"canonical\" href=\"https:\/\/blogs.donboscovolunteers.de\/koellumbienjanwachendorf\/spenden\/\" \/>\n<meta property=\"og:locale\" content=\"de_DE\" \/>\n<meta property=\"og:type\" content=\"article\" \/>\n<meta property=\"og:title\" content=\"Spenden - K\u00f6llumbien - Jan Wachendorf\" \/>\n<meta property=\"og:description\" content=\"Ein Freiwilligendienst mit Don Bosco Volunteers kostet immer grob 10.000 \u20ac. Von diesen Kosten \u00fcbernimmt das weltw\u00e4rts-Programm des Bundesministeriums f\u00fcr wirtschaftliche Zusammenarbeit und Entwicklung 75%, also 7.500 \u20ac (ja, ich hatte Mathe im Abi). Die restlichen 25% muss Don Bosco Volunteers selber \u00fcbernehmen. Da die Organisation ihre gesamten Einnahmen jedoch aus Spenden erh\u00e4lt, werden die [&hellip;]\" \/>\n<meta property=\"og:url\" content=\"https:\/\/blogs.donboscovolunteers.de\/koellumbienjanwachendorf\/spenden\/\" \/>\n<meta property=\"og:site_name\" content=\"K\u00f6llumbien - Jan Wachendorf\" \/>\n<meta property=\"article:modified_time\" content=\"2018-09-12T08:39:30+00:00\" \/>\n<meta name=\"twitter:card\" content=\"summary_large_image\" \/>\n<meta name=\"twitter:label1\" content=\"Gesch\u00e4tzte Lesezeit\" \/>\n\t<meta name=\"twitter:data1\" content=\"1\u00a0Minute\" \/>\n<script type=\"application\/ld+json\" class=\"yoast-schema-graph\">{\"@context\":\"https:\/\/schema.org\",\"@graph\":[{\"@type\":\"WebPage\",\"@id\":\"https:\/\/blogs.donboscovolunteers.de\/koellumbienjanwachendorf\/spenden\/\",\"url\":\"https:\/\/blogs.donboscovolunteers.de\/koellumbienjanwachendorf\/spenden\/\",\"name\":\"Spenden - K\u00f6llumbien - Jan Wachendorf\",\"isPartOf\":{\"@id\":\"https:\/\/blogs.donboscovolunteers.de\/koellumbienjanwachendorf\/#website\"},\"datePublished\":\"2018-09-10T22:43:53+00:00\",\"dateModified\":\"2018-09-12T08:39:30+00:00\",\"breadcrumb\":{\"@id\":\"https:\/\/blogs.donboscovolunteers.de\/koellumbienjanwachendorf\/spenden\/#breadcrumb\"},\"inLanguage\":\"de\",\"potentialAction\":[{\"@type\":\"ReadAction\",\"target\":[\"https:\/\/blogs.donboscovolunteers.de\/koellumbienjanwachendorf\/spenden\/\"]}]},{\"@type\":\"BreadcrumbList\",\"@id\":\"https:\/\/blogs.donboscovolunteers.de\/koellumbienjanwachendorf\/spenden\/#breadcrumb\",\"itemListElement\":[{\"@type\":\"ListItem\",\"position\":1,\"name\":\"Startseite\",\"item\":\"https:\/\/blogs.donboscovolunteers.de\/koellumbienjanwachendorf\/\"},{\"@type\":\"ListItem\",\"position\":2,\"name\":\"Spenden\"}]},{\"@type\":\"WebSite\",\"@id\":\"https:\/\/blogs.donboscovolunteers.de\/koellumbienjanwachendorf\/#website\",\"url\":\"https:\/\/blogs.donboscovolunteers.de\/koellumbienjanwachendorf\/\",\"name\":\"K\u00f6llumbien - Jan Wachendorf\",\"description\":\"Jeck in Medll\u00edn\",\"potentialAction\":[{\"@type\":\"SearchAction\",\"target\":{\"@type\":\"EntryPoint\",\"urlTemplate\":\"https:\/\/blogs.donboscovolunteers.de\/koellumbienjanwachendorf\/?s={search_term_string}\"},\"query-input\":{\"@type\":\"PropertyValueSpecification\",\"valueRequired\":true,\"valueName\":\"search_term_string\"}}],\"inLanguage\":\"de\"}]}<\/script>\n<!-- \/ Yoast SEO plugin. -->","yoast_head_json":{"title":"Spenden - K\u00f6llumbien - Jan Wachendorf","robots":{"index":"index","follow":"follow","max-snippet":"max-snippet:-1","max-image-preview":"max-image-preview:large","max-video-preview":"max-video-preview:-1"},"canonical":"https:\/\/blogs.donboscovolunteers.de\/koellumbienjanwachendorf\/spenden\/","og_locale":"de_DE","og_type":"article","og_title":"Spenden - K\u00f6llumbien - Jan Wachendorf","og_description":"Ein Freiwilligendienst mit Don Bosco Volunteers kostet immer grob 10.000 \u20ac. Von diesen Kosten \u00fcbernimmt das weltw\u00e4rts-Programm des Bundesministeriums f\u00fcr wirtschaftliche Zusammenarbeit und Entwicklung 75%, also 7.500 \u20ac (ja, ich hatte Mathe im Abi). Die restlichen 25% muss Don Bosco Volunteers selber \u00fcbernehmen. Da die Organisation ihre gesamten Einnahmen jedoch aus Spenden erh\u00e4lt, werden die [&hellip;]","og_url":"https:\/\/blogs.donboscovolunteers.de\/koellumbienjanwachendorf\/spenden\/","og_site_name":"K\u00f6llumbien - Jan Wachendorf","article_modified_time":"2018-09-12T08:39:30+00:00","twitter_card":"summary_large_image","twitter_misc":{"Gesch\u00e4tzte Lesezeit":"1\u00a0Minute"},"schema":{"@context":"https:\/\/schema.org","@graph":[{"@type":"WebPage","@id":"https:\/\/blogs.donboscovolunteers.de\/koellumbienjanwachendorf\/spenden\/","url":"https:\/\/blogs.donboscovolunteers.de\/koellumbienjanwachendorf\/spenden\/","name":"Spenden - K\u00f6llumbien - Jan Wachendorf","isPartOf":{"@id":"https:\/\/blogs.donboscovolunteers.de\/koellumbienjanwachendorf\/#website"},"datePublished":"2018-09-10T22:43:53+00:00","dateModified":"2018-09-12T08:39:30+00:00","breadcrumb":{"@id":"https:\/\/blogs.donboscovolunteers.de\/koellumbienjanwachendorf\/spenden\/#breadcrumb"},"inLanguage":"de","potentialAction":[{"@type":"ReadAction","target":["https:\/\/blogs.donboscovolunteers.de\/koellumbienjanwachendorf\/spenden\/"]}]},{"@type":"BreadcrumbList","@id":"https:\/\/blogs.donboscovolunteers.de\/koellumbienjanwachendorf\/spenden\/#breadcrumb","itemListElement":[{"@type":"ListItem","position":1,"name":"Startseite","item":"https:\/\/blogs.donboscovolunteers.de\/koellumbienjanwachendorf\/"},{"@type":"ListItem","position":2,"name":"Spenden"}]},{"@type":"WebSite","@id":"https:\/\/blogs.donboscovolunteers.de\/koellumbienjanwachendorf\/#website","url":"https:\/\/blogs.donboscovolunteers.de\/koellumbienjanwachendorf\/","name":"K\u00f6llumbien - Jan Wachendorf","description":"Jeck in Medll\u00edn","potentialAction":[{"@type":"SearchAction","target":{"@type":"EntryPoint","urlTemplate":"https:\/\/blogs.donboscovolunteers.de\/koellumbienjanwachendorf\/?s={search_term_string}"},"query-input":{"@type":"PropertyValueSpecification","valueRequired":true,"valueName":"search_term_string"}}],"inLanguage":"de"}]}},"_links":{"self":[{"href":"https:\/\/blogs.donboscovolunteers.de\/koellumbienjanwachendorf\/wp-json\/wp\/v2\/pages\/19","targetHints":{"allow":["GET"]}}],"collection":[{"href":"https:\/\/blogs.donboscovolunteers.de\/koellumbienjanwachendorf\/wp-json\/wp\/v2\/pages"}],"about":[{"href":"https:\/\/blogs.donboscovolunteers.de\/koellumbienjanwachendorf\/wp-json\/wp\/v2\/types\/page"}],"author":[{"embeddable":true,"href":"https:\/\/blogs.donboscovolunteers.de\/koellumbienjanwachendorf\/wp-json\/wp\/v2\/users\/21621"}],"replies":[{"embeddable":true,"href":"https:\/\/blogs.donboscovolunteers.de\/koellumbienjanwachendorf\/wp-json\/wp\/v2\/comments?post=19"}],"version-history":[{"count":6,"href":"https:\/\/blogs.donboscovolunteers.de\/koellumbienjanwachendorf\/wp-json\/wp\/v2\/pages\/19\/revisions"}],"predecessor-version":[{"id":30,"href":"https:\/\/blogs.donboscovolunteers.de\/koellumbienjanwachendorf\/wp-json\/wp\/v2\/pages\/19\/revisions\/30"}],"wp:attachment":[{"href":"https:\/\/blogs.donboscovolunteers.de\/koellumbienjanwachendorf\/wp-json\/wp\/v2\/media?parent=19"}],"curies":[{"name":"wp","href":"https:\/\/api.w.org\/{rel}","templated":true}]}}