{"id":288,"date":"2024-05-20T21:47:40","date_gmt":"2024-05-20T19:47:40","guid":{"rendered":"https:\/\/blogs.donboscovolunteers.de\/kathiinruanda\/?page_id=288"},"modified":"2024-05-20T21:47:41","modified_gmt":"2024-05-20T19:47:41","slug":"projekt-fuer-sozial-benachteiligte-kinder","status":"publish","type":"page","link":"https:\/\/blogs.donboscovolunteers.de\/kathiinruanda\/projekt-fuer-sozial-benachteiligte-kinder\/","title":{"rendered":"Projekt f\u00fcr sozial benachteiligte Kinder"},"content":{"rendered":"<p>Hey, hier erfahrt ihr etwas \u00fcber mein und Elisas Projekt f\u00fcr sozial benachteiligte Kinder in Sahera. Sahera liegt etwa 3 Kilometer hinter Rango, dem Ort wo wir wohnen. Jeden Samstag und jeden Sonntag laufen wir dorthin, um mit den Kindern zu spielen, Sport zu treiben oder einige Worte Englisch und Franz\u00f6sisch zu lernen. Das sogenannte Oratorium stellt f\u00fcr die Kinder auch eine Ablenkung zu ihrem sonstigen Leben dar, da sie aus sehr armen Verh\u00e4ltnissen kommen. Viele leben nur mit einem Elternteil zusammen, andere sind Waisen und leben auf der Stra\u00dfe. Es kommen jedes mal mittlerweile zwischen 100 und 150 Kinder in alles Altersklassen. Auch Babys werden von ihren Geschwistern mitgebracht. Gesprochen wird Kinyarwanda. Leider haben nicht alle Kinder zu Bildung. Oft scheitert es auch an fehlenden Heften und Stiften. Wir versuchen die Kinder zu unterst\u00fctzen. Daher sammeln wir Geld f\u00fcr zum Beispiel Schulmaterialien, Schuhe beziehungsweise Schlappen namens \u201eBoda Boda\u201c (viele Kinder kommen immer barfu\u00df) oder auch Spiel- und Sportsachen. Bei besonderen Anl\u00e4ssen gibt es auch etwas zu essen. Wenn ihr mehr \u00fcber das Projekt erfahren wollt, k\u00f6nnt ihr gerne diesem Link folgen: <\/p>\n\n\n<a class=\"wp-block-read-more\" href=\"https:\/\/blogs.donboscovolunteers.de\/kathiinruanda\/projekt-fuer-sozial-benachteiligte-kinder\/\" target=\"_self\">https:\/\/blogs.donboscovolunteers.de\/kathiinruanda\/2024\/05\/20\/spendenaufruf-fuer-unser-projekt-fuer-sozialbenachteiligte-kinder-in-sahera\/<span class=\"screen-reader-text\">: Projekt f\u00fcr sozial benachteiligte Kinder<\/span><\/a>\n\n\n<p>Wir freuen uns sehr und sind dankbar f\u00fcr jede Spende, welche wir bekommen. Auch kleine Summen k\u00f6nnen viel bewirken. Ein Heft kostet zum Beispiel etwa zwischen 50 und 70 Cent. Jeder der m\u00f6chte, erh\u00e4lt auch eine Spendenquittung von <a href=\"https:\/\/www.donboscomission.de\/don-bosco\/\">Don Bosco<\/a>. Das alles geht ganz einfach unter diesem Link:<\/p>\n\n\n<a class=\"wp-block-read-more\" href=\"https:\/\/blogs.donboscovolunteers.de\/kathiinruanda\/projekt-fuer-sozial-benachteiligte-kinder\/\" target=\"_self\"><a href=\"https:\/\/www.donboscomission.de\/volontariat\/2023\/spenden\/strassenkinder-ruanda\">https:\/\/www.donboscomission.de\/volontariat\/2023\/spenden\/strassenkinder-ruanda<\/a><span class=\"screen-reader-text\">: Projekt f\u00fcr sozial benachteiligte Kinder<\/span><\/a>\n\n\n<figure class=\"wp-block-image size-large is-resized\"><img loading=\"lazy\" decoding=\"async\" width=\"1024\" height=\"461\" src=\"https:\/\/blogs.donboscovolunteers.de\/kathiinruanda\/wp-content\/uploads\/sites\/21685\/2024\/05\/88DCAD89-9406-4C07-B6C7-2123B6C6474F-1024x461.jpeg\" alt=\"\" class=\"wp-image-291\" style=\"width:642px;height:auto\" srcset=\"https:\/\/blogs.donboscovolunteers.de\/kathiinruanda\/wp-content\/uploads\/sites\/21685\/2024\/05\/88DCAD89-9406-4C07-B6C7-2123B6C6474F-1024x461.jpeg 1024w, https:\/\/blogs.donboscovolunteers.de\/kathiinruanda\/wp-content\/uploads\/sites\/21685\/2024\/05\/88DCAD89-9406-4C07-B6C7-2123B6C6474F-300x135.jpeg 300w, https:\/\/blogs.donboscovolunteers.de\/kathiinruanda\/wp-content\/uploads\/sites\/21685\/2024\/05\/88DCAD89-9406-4C07-B6C7-2123B6C6474F-768x346.jpeg 768w, https:\/\/blogs.donboscovolunteers.de\/kathiinruanda\/wp-content\/uploads\/sites\/21685\/2024\/05\/88DCAD89-9406-4C07-B6C7-2123B6C6474F-900x405.jpeg 900w, https:\/\/blogs.donboscovolunteers.de\/kathiinruanda\/wp-content\/uploads\/sites\/21685\/2024\/05\/88DCAD89-9406-4C07-B6C7-2123B6C6474F.jpeg 1280w\" sizes=\"auto, (max-width: 1024px) 100vw, 1024px\" \/><\/figure>","protected":false},"excerpt":{"rendered":"<p>Hey, hier erfahrt ihr etwas \u00fcber mein und Elisas Projekt f\u00fcr sozial benachteiligte Kinder in Sahera. Sahera liegt etwa 3 Kilometer hinter Rango, dem Ort wo wir wohnen. Jeden Samstag und jeden Sonntag laufen wir dorthin, um mit den Kindern zu spielen, Sport zu treiben oder einige Worte Englisch und Franz\u00f6sisch zu lernen. Das sogenannte [&hellip;]<\/p>\n","protected":false},"author":21805,"featured_media":290,"parent":0,"menu_order":0,"comment_status":"closed","ping_status":"closed","template":"","meta":{"footnotes":""},"class_list":["post-288","page","type-page","status-publish","has-post-thumbnail","hentry"],"yoast_head":"<!-- This site is optimized with the Yoast SEO plugin v25.3.1 - https:\/\/yoast.com\/wordpress\/plugins\/seo\/ -->\n<title>Projekt f\u00fcr sozial benachteiligte Kinder - Kathi in Ruanda<\/title>\n<meta name=\"description\" content=\"Hey, hier erfahrt ihr etwas \u00fcber mein und Elisas Projekt f\u00fcr sozial benachteiligte Kinder in Sahera. Sahera liegt etwa 3 Kilometer hinter Rango, dem Ort wo wir wohnen. Jeden Samstag und jeden Sonntag laufen wir dorthin, um mit den Kindern zu spielen, Sport zu treiben oder einige Worte Englisch und Franz\u00f6sisch zu lernen. Das sogenannte Oratorium stel\" \/>\n<meta name=\"robots\" content=\"index, follow, max-snippet:-1, max-image-preview:large, max-video-preview:-1\" \/>\n<link rel=\"canonical\" href=\"https:\/\/blogs.donboscovolunteers.de\/kathiinruanda\/projekt-fuer-sozial-benachteiligte-kinder\/\" \/>\n<meta property=\"og:locale\" content=\"de_DE\" \/>\n<meta property=\"og:type\" content=\"article\" \/>\n<meta property=\"og:title\" content=\"Projekt f\u00fcr sozial benachteiligte Kinder - Kathi in Ruanda\" \/>\n<meta property=\"og:description\" content=\"Hey, hier erfahrt ihr etwas \u00fcber mein und Elisas Projekt f\u00fcr sozial benachteiligte Kinder in Sahera. Sahera liegt etwa 3 Kilometer hinter Rango, dem Ort wo wir wohnen. Jeden Samstag und jeden Sonntag laufen wir dorthin, um mit den Kindern zu spielen, Sport zu treiben oder einige Worte Englisch und Franz\u00f6sisch zu lernen. Das sogenannte Oratorium stel\" \/>\n<meta property=\"og:url\" content=\"https:\/\/blogs.donboscovolunteers.de\/kathiinruanda\/projekt-fuer-sozial-benachteiligte-kinder\/\" \/>\n<meta property=\"og:site_name\" content=\"Kathi in Ruanda\" \/>\n<meta property=\"article:modified_time\" content=\"2024-05-20T19:47:41+00:00\" \/>\n<meta property=\"og:image\" content=\"https:\/\/blogs.donboscovolunteers.de\/kathiinruanda\/wp-content\/uploads\/sites\/21685\/2024\/05\/A4493CE4-2389-4415-80C0-80B8A68D85F1.jpeg\" \/>\n\t<meta property=\"og:image:width\" content=\"827\" \/>\n\t<meta property=\"og:image:height\" content=\"467\" \/>\n\t<meta property=\"og:image:type\" content=\"image\/jpeg\" \/>\n<meta name=\"twitter:card\" content=\"summary_large_image\" \/>\n<meta name=\"twitter:label1\" content=\"Gesch\u00e4tzte Lesezeit\" \/>\n\t<meta name=\"twitter:data1\" content=\"2\u00a0Minuten\" \/>\n<script type=\"application\/ld+json\" class=\"yoast-schema-graph\">{\"@context\":\"https:\/\/schema.org\",\"@graph\":[{\"@type\":\"WebPage\",\"@id\":\"https:\/\/blogs.donboscovolunteers.de\/kathiinruanda\/projekt-fuer-sozial-benachteiligte-kinder\/\",\"url\":\"https:\/\/blogs.donboscovolunteers.de\/kathiinruanda\/projekt-fuer-sozial-benachteiligte-kinder\/\",\"name\":\"Projekt f\u00fcr sozial benachteiligte Kinder - Kathi in Ruanda\",\"isPartOf\":{\"@id\":\"https:\/\/blogs.donboscovolunteers.de\/kathiinruanda\/#website\"},\"primaryImageOfPage\":{\"@id\":\"https:\/\/blogs.donboscovolunteers.de\/kathiinruanda\/projekt-fuer-sozial-benachteiligte-kinder\/#primaryimage\"},\"image\":{\"@id\":\"https:\/\/blogs.donboscovolunteers.de\/kathiinruanda\/projekt-fuer-sozial-benachteiligte-kinder\/#primaryimage\"},\"thumbnailUrl\":\"https:\/\/blogs.donboscovolunteers.de\/kathiinruanda\/wp-content\/uploads\/sites\/21685\/2024\/05\/A4493CE4-2389-4415-80C0-80B8A68D85F1.jpeg\",\"datePublished\":\"2024-05-20T19:47:40+00:00\",\"dateModified\":\"2024-05-20T19:47:41+00:00\",\"description\":\"Hey, hier erfahrt ihr etwas \u00fcber mein und Elisas Projekt f\u00fcr sozial benachteiligte Kinder in Sahera. Sahera liegt etwa 3 Kilometer hinter Rango, dem Ort wo wir wohnen. Jeden Samstag und jeden Sonntag laufen wir dorthin, um mit den Kindern zu spielen, Sport zu treiben oder einige Worte Englisch und Franz\u00f6sisch zu lernen. Das sogenannte Oratorium stel\",\"breadcrumb\":{\"@id\":\"https:\/\/blogs.donboscovolunteers.de\/kathiinruanda\/projekt-fuer-sozial-benachteiligte-kinder\/#breadcrumb\"},\"inLanguage\":\"de\",\"potentialAction\":[{\"@type\":\"ReadAction\",\"target\":[\"https:\/\/blogs.donboscovolunteers.de\/kathiinruanda\/projekt-fuer-sozial-benachteiligte-kinder\/\"]}]},{\"@type\":\"ImageObject\",\"inLanguage\":\"de\",\"@id\":\"https:\/\/blogs.donboscovolunteers.de\/kathiinruanda\/projekt-fuer-sozial-benachteiligte-kinder\/#primaryimage\",\"url\":\"https:\/\/blogs.donboscovolunteers.de\/kathiinruanda\/wp-content\/uploads\/sites\/21685\/2024\/05\/A4493CE4-2389-4415-80C0-80B8A68D85F1.jpeg\",\"contentUrl\":\"https:\/\/blogs.donboscovolunteers.de\/kathiinruanda\/wp-content\/uploads\/sites\/21685\/2024\/05\/A4493CE4-2389-4415-80C0-80B8A68D85F1.jpeg\",\"width\":827,\"height\":467,\"caption\":\"Screenshot\"},{\"@type\":\"BreadcrumbList\",\"@id\":\"https:\/\/blogs.donboscovolunteers.de\/kathiinruanda\/projekt-fuer-sozial-benachteiligte-kinder\/#breadcrumb\",\"itemListElement\":[{\"@type\":\"ListItem\",\"position\":1,\"name\":\"Startseite\",\"item\":\"https:\/\/blogs.donboscovolunteers.de\/kathiinruanda\/\"},{\"@type\":\"ListItem\",\"position\":2,\"name\":\"Projekt f\u00fcr sozial benachteiligte Kinder\"}]},{\"@type\":\"WebSite\",\"@id\":\"https:\/\/blogs.donboscovolunteers.de\/kathiinruanda\/#website\",\"url\":\"https:\/\/blogs.donboscovolunteers.de\/kathiinruanda\/\",\"name\":\"Kathi in Ruanda\",\"description\":\"\",\"potentialAction\":[{\"@type\":\"SearchAction\",\"target\":{\"@type\":\"EntryPoint\",\"urlTemplate\":\"https:\/\/blogs.donboscovolunteers.de\/kathiinruanda\/?s={search_term_string}\"},\"query-input\":{\"@type\":\"PropertyValueSpecification\",\"valueRequired\":true,\"valueName\":\"search_term_string\"}}],\"inLanguage\":\"de\"}]}<\/script>\n<!-- \/ Yoast SEO plugin. -->","yoast_head_json":{"title":"Projekt f\u00fcr sozial benachteiligte Kinder - Kathi in Ruanda","description":"Hey, hier erfahrt ihr etwas \u00fcber mein und Elisas Projekt f\u00fcr sozial benachteiligte Kinder in Sahera. Sahera liegt etwa 3 Kilometer hinter Rango, dem Ort wo wir wohnen. Jeden Samstag und jeden Sonntag laufen wir dorthin, um mit den Kindern zu spielen, Sport zu treiben oder einige Worte Englisch und Franz\u00f6sisch zu lernen. Das sogenannte Oratorium stel","robots":{"index":"index","follow":"follow","max-snippet":"max-snippet:-1","max-image-preview":"max-image-preview:large","max-video-preview":"max-video-preview:-1"},"canonical":"https:\/\/blogs.donboscovolunteers.de\/kathiinruanda\/projekt-fuer-sozial-benachteiligte-kinder\/","og_locale":"de_DE","og_type":"article","og_title":"Projekt f\u00fcr sozial benachteiligte Kinder - Kathi in Ruanda","og_description":"Hey, hier erfahrt ihr etwas \u00fcber mein und Elisas Projekt f\u00fcr sozial benachteiligte Kinder in Sahera. Sahera liegt etwa 3 Kilometer hinter Rango, dem Ort wo wir wohnen. Jeden Samstag und jeden Sonntag laufen wir dorthin, um mit den Kindern zu spielen, Sport zu treiben oder einige Worte Englisch und Franz\u00f6sisch zu lernen. Das sogenannte Oratorium stel","og_url":"https:\/\/blogs.donboscovolunteers.de\/kathiinruanda\/projekt-fuer-sozial-benachteiligte-kinder\/","og_site_name":"Kathi in Ruanda","article_modified_time":"2024-05-20T19:47:41+00:00","og_image":[{"width":827,"height":467,"url":"https:\/\/blogs.donboscovolunteers.de\/kathiinruanda\/wp-content\/uploads\/sites\/21685\/2024\/05\/A4493CE4-2389-4415-80C0-80B8A68D85F1.jpeg","type":"image\/jpeg"}],"twitter_card":"summary_large_image","twitter_misc":{"Gesch\u00e4tzte Lesezeit":"2\u00a0Minuten"},"schema":{"@context":"https:\/\/schema.org","@graph":[{"@type":"WebPage","@id":"https:\/\/blogs.donboscovolunteers.de\/kathiinruanda\/projekt-fuer-sozial-benachteiligte-kinder\/","url":"https:\/\/blogs.donboscovolunteers.de\/kathiinruanda\/projekt-fuer-sozial-benachteiligte-kinder\/","name":"Projekt f\u00fcr sozial benachteiligte Kinder - Kathi in Ruanda","isPartOf":{"@id":"https:\/\/blogs.donboscovolunteers.de\/kathiinruanda\/#website"},"primaryImageOfPage":{"@id":"https:\/\/blogs.donboscovolunteers.de\/kathiinruanda\/projekt-fuer-sozial-benachteiligte-kinder\/#primaryimage"},"image":{"@id":"https:\/\/blogs.donboscovolunteers.de\/kathiinruanda\/projekt-fuer-sozial-benachteiligte-kinder\/#primaryimage"},"thumbnailUrl":"https:\/\/blogs.donboscovolunteers.de\/kathiinruanda\/wp-content\/uploads\/sites\/21685\/2024\/05\/A4493CE4-2389-4415-80C0-80B8A68D85F1.jpeg","datePublished":"2024-05-20T19:47:40+00:00","dateModified":"2024-05-20T19:47:41+00:00","description":"Hey, hier erfahrt ihr etwas \u00fcber mein und Elisas Projekt f\u00fcr sozial benachteiligte Kinder in Sahera. Sahera liegt etwa 3 Kilometer hinter Rango, dem Ort wo wir wohnen. Jeden Samstag und jeden Sonntag laufen wir dorthin, um mit den Kindern zu spielen, Sport zu treiben oder einige Worte Englisch und Franz\u00f6sisch zu lernen. Das sogenannte Oratorium stel","breadcrumb":{"@id":"https:\/\/blogs.donboscovolunteers.de\/kathiinruanda\/projekt-fuer-sozial-benachteiligte-kinder\/#breadcrumb"},"inLanguage":"de","potentialAction":[{"@type":"ReadAction","target":["https:\/\/blogs.donboscovolunteers.de\/kathiinruanda\/projekt-fuer-sozial-benachteiligte-kinder\/"]}]},{"@type":"ImageObject","inLanguage":"de","@id":"https:\/\/blogs.donboscovolunteers.de\/kathiinruanda\/projekt-fuer-sozial-benachteiligte-kinder\/#primaryimage","url":"https:\/\/blogs.donboscovolunteers.de\/kathiinruanda\/wp-content\/uploads\/sites\/21685\/2024\/05\/A4493CE4-2389-4415-80C0-80B8A68D85F1.jpeg","contentUrl":"https:\/\/blogs.donboscovolunteers.de\/kathiinruanda\/wp-content\/uploads\/sites\/21685\/2024\/05\/A4493CE4-2389-4415-80C0-80B8A68D85F1.jpeg","width":827,"height":467,"caption":"Screenshot"},{"@type":"BreadcrumbList","@id":"https:\/\/blogs.donboscovolunteers.de\/kathiinruanda\/projekt-fuer-sozial-benachteiligte-kinder\/#breadcrumb","itemListElement":[{"@type":"ListItem","position":1,"name":"Startseite","item":"https:\/\/blogs.donboscovolunteers.de\/kathiinruanda\/"},{"@type":"ListItem","position":2,"name":"Projekt f\u00fcr sozial benachteiligte Kinder"}]},{"@type":"WebSite","@id":"https:\/\/blogs.donboscovolunteers.de\/kathiinruanda\/#website","url":"https:\/\/blogs.donboscovolunteers.de\/kathiinruanda\/","name":"Kathi in Ruanda","description":"","potentialAction":[{"@type":"SearchAction","target":{"@type":"EntryPoint","urlTemplate":"https:\/\/blogs.donboscovolunteers.de\/kathiinruanda\/?s={search_term_string}"},"query-input":{"@type":"PropertyValueSpecification","valueRequired":true,"valueName":"search_term_string"}}],"inLanguage":"de"}]}},"_links":{"self":[{"href":"https:\/\/blogs.donboscovolunteers.de\/kathiinruanda\/wp-json\/wp\/v2\/pages\/288","targetHints":{"allow":["GET"]}}],"collection":[{"href":"https:\/\/blogs.donboscovolunteers.de\/kathiinruanda\/wp-json\/wp\/v2\/pages"}],"about":[{"href":"https:\/\/blogs.donboscovolunteers.de\/kathiinruanda\/wp-json\/wp\/v2\/types\/page"}],"author":[{"embeddable":true,"href":"https:\/\/blogs.donboscovolunteers.de\/kathiinruanda\/wp-json\/wp\/v2\/users\/21805"}],"replies":[{"embeddable":true,"href":"https:\/\/blogs.donboscovolunteers.de\/kathiinruanda\/wp-json\/wp\/v2\/comments?post=288"}],"version-history":[{"count":2,"href":"https:\/\/blogs.donboscovolunteers.de\/kathiinruanda\/wp-json\/wp\/v2\/pages\/288\/revisions"}],"predecessor-version":[{"id":293,"href":"https:\/\/blogs.donboscovolunteers.de\/kathiinruanda\/wp-json\/wp\/v2\/pages\/288\/revisions\/293"}],"wp:featuredmedia":[{"embeddable":true,"href":"https:\/\/blogs.donboscovolunteers.de\/kathiinruanda\/wp-json\/wp\/v2\/media\/290"}],"wp:attachment":[{"href":"https:\/\/blogs.donboscovolunteers.de\/kathiinruanda\/wp-json\/wp\/v2\/media?parent=288"}],"curies":[{"name":"wp","href":"https:\/\/api.w.org\/{rel}","templated":true}]}}