{"id":23,"date":"2023-09-08T11:27:07","date_gmt":"2023-09-08T09:27:07","guid":{"rendered":"https:\/\/blogs.donboscovolunteers.de\/kathiinruanda\/?page_id=23"},"modified":"2023-10-11T10:35:47","modified_gmt":"2023-10-11T08:35:47","slug":"mein-offizielles-spendentool","status":"publish","type":"page","link":"https:\/\/blogs.donboscovolunteers.de\/kathiinruanda\/mein-offizielles-spendentool\/","title":{"rendered":"Mein offizielles Spendentool!"},"content":{"rendered":"<p>Hii, hier findet ihr meine offizielle Spendenseite! Wenn euch mein Blog gef\u00e4llt, w\u00fcrde ich mich sehr \u00fcber eure Unterst\u00fctzung freuen. \u00dcber das Spendentool unten k\u00f6nnt ihr ganz unkompliziert spenden. Auch jede kleine Spende ist hilfreich, damit mein <a href=\"https:\/\/www.donboscovolunteers.de\/\">Freiwilligendienst<\/a>, <a href=\"https:\/\/www.donboscomission.de\/don-bosco\/\">Don Bosco<\/a> Volunteers und letztendlich das Projekt in Ruanda unterst\u00fctzt wird und weiter wachsen kann. Vielen Dank!:)<\/p>\n\n\n\n<p>Rund 50 Freiwillige werden jedes Jahr von Don Bosco Volunteers ins Ausland entsandt. Hier k\u00f6nnt ihr f\u00fcr meinen Freiwilligendienst spenden: <a href=\"https:\/\/www.donboscomission.de\/volontariat\/2023\/spenden\/kathiinruanda\">https:\/\/www.donboscomission.de\/volontariat\/2023\/spenden\/kathiinruanda<\/a> <\/p>","protected":false},"excerpt":{"rendered":"<p>Hii, hier findet ihr meine offizielle Spendenseite! Wenn euch mein Blog gef\u00e4llt, w\u00fcrde ich mich sehr \u00fcber eure Unterst\u00fctzung freuen. \u00dcber das Spendentool unten k\u00f6nnt ihr ganz unkompliziert spenden. Auch jede kleine Spende ist hilfreich, damit mein <a href=\"https:\/\/www.donboscovolunteers.de\/\">Freiwilligendienst<\/a>, <a href=\"https:\/\/www.donboscomission.de\/don-bosco\/\">Don Bosco<\/a> Volunteers und letztendlich das Projekt in Ruanda unterst\u00fctzt wird und weiter wachsen kann. Vielen Dank!:) [&hellip;]<\/p>\n","protected":false},"author":21805,"featured_media":0,"parent":0,"menu_order":0,"comment_status":"closed","ping_status":"closed","template":"","meta":{"footnotes":""},"class_list":["post-23","page","type-page","status-publish","hentry"],"yoast_head":"<!-- This site is optimized with the Yoast SEO plugin v25.3.1 - https:\/\/yoast.com\/wordpress\/plugins\/seo\/ -->\n<title>Mein offizielles Spendentool! - Kathi in Ruanda<\/title>\n<meta name=\"description\" content=\"Hii, hier findet ihr meine offizielle Spendenseite! Wenn euch mein Blog gef\u00e4llt, w\u00fcrde ich mich sehr \u00fcber eure Unterst\u00fctzung freuen.\" \/>\n<meta name=\"robots\" content=\"index, follow, max-snippet:-1, max-image-preview:large, max-video-preview:-1\" \/>\n<link rel=\"canonical\" href=\"https:\/\/blogs.donboscovolunteers.de\/kathiinruanda\/mein-offizielles-spendentool\/\" \/>\n<meta property=\"og:locale\" content=\"de_DE\" \/>\n<meta property=\"og:type\" content=\"article\" \/>\n<meta property=\"og:title\" content=\"Mein offizielles Spendentool! - Kathi in Ruanda\" \/>\n<meta property=\"og:description\" content=\"Hii, hier findet ihr meine offizielle Spendenseite! Wenn euch mein Blog gef\u00e4llt, w\u00fcrde ich mich sehr \u00fcber eure Unterst\u00fctzung freuen.\" \/>\n<meta property=\"og:url\" content=\"https:\/\/blogs.donboscovolunteers.de\/kathiinruanda\/mein-offizielles-spendentool\/\" \/>\n<meta property=\"og:site_name\" content=\"Kathi in Ruanda\" \/>\n<meta property=\"article:modified_time\" content=\"2023-10-11T08:35:47+00:00\" \/>\n<meta name=\"twitter:card\" content=\"summary_large_image\" \/>\n<script type=\"application\/ld+json\" class=\"yoast-schema-graph\">{\"@context\":\"https:\/\/schema.org\",\"@graph\":[{\"@type\":\"WebPage\",\"@id\":\"https:\/\/blogs.donboscovolunteers.de\/kathiinruanda\/mein-offizielles-spendentool\/\",\"url\":\"https:\/\/blogs.donboscovolunteers.de\/kathiinruanda\/mein-offizielles-spendentool\/\",\"name\":\"Mein offizielles Spendentool! - Kathi in Ruanda\",\"isPartOf\":{\"@id\":\"https:\/\/blogs.donboscovolunteers.de\/kathiinruanda\/#website\"},\"datePublished\":\"2023-09-08T09:27:07+00:00\",\"dateModified\":\"2023-10-11T08:35:47+00:00\",\"description\":\"Hii, hier findet ihr meine offizielle Spendenseite! Wenn euch mein Blog gef\u00e4llt, w\u00fcrde ich mich sehr \u00fcber eure Unterst\u00fctzung freuen.\",\"breadcrumb\":{\"@id\":\"https:\/\/blogs.donboscovolunteers.de\/kathiinruanda\/mein-offizielles-spendentool\/#breadcrumb\"},\"inLanguage\":\"de\",\"potentialAction\":[{\"@type\":\"ReadAction\",\"target\":[\"https:\/\/blogs.donboscovolunteers.de\/kathiinruanda\/mein-offizielles-spendentool\/\"]}]},{\"@type\":\"BreadcrumbList\",\"@id\":\"https:\/\/blogs.donboscovolunteers.de\/kathiinruanda\/mein-offizielles-spendentool\/#breadcrumb\",\"itemListElement\":[{\"@type\":\"ListItem\",\"position\":1,\"name\":\"Startseite\",\"item\":\"https:\/\/blogs.donboscovolunteers.de\/kathiinruanda\/\"},{\"@type\":\"ListItem\",\"position\":2,\"name\":\"Mein offizielles Spendentool!\"}]},{\"@type\":\"WebSite\",\"@id\":\"https:\/\/blogs.donboscovolunteers.de\/kathiinruanda\/#website\",\"url\":\"https:\/\/blogs.donboscovolunteers.de\/kathiinruanda\/\",\"name\":\"Kathi in Ruanda\",\"description\":\"\",\"potentialAction\":[{\"@type\":\"SearchAction\",\"target\":{\"@type\":\"EntryPoint\",\"urlTemplate\":\"https:\/\/blogs.donboscovolunteers.de\/kathiinruanda\/?s={search_term_string}\"},\"query-input\":{\"@type\":\"PropertyValueSpecification\",\"valueRequired\":true,\"valueName\":\"search_term_string\"}}],\"inLanguage\":\"de\"}]}<\/script>\n<!-- \/ Yoast SEO plugin. -->","yoast_head_json":{"title":"Mein offizielles Spendentool! - Kathi in Ruanda","description":"Hii, hier findet ihr meine offizielle Spendenseite! Wenn euch mein Blog gef\u00e4llt, w\u00fcrde ich mich sehr \u00fcber eure Unterst\u00fctzung freuen.","robots":{"index":"index","follow":"follow","max-snippet":"max-snippet:-1","max-image-preview":"max-image-preview:large","max-video-preview":"max-video-preview:-1"},"canonical":"https:\/\/blogs.donboscovolunteers.de\/kathiinruanda\/mein-offizielles-spendentool\/","og_locale":"de_DE","og_type":"article","og_title":"Mein offizielles Spendentool! - Kathi in Ruanda","og_description":"Hii, hier findet ihr meine offizielle Spendenseite! Wenn euch mein Blog gef\u00e4llt, w\u00fcrde ich mich sehr \u00fcber eure Unterst\u00fctzung freuen.","og_url":"https:\/\/blogs.donboscovolunteers.de\/kathiinruanda\/mein-offizielles-spendentool\/","og_site_name":"Kathi in Ruanda","article_modified_time":"2023-10-11T08:35:47+00:00","twitter_card":"summary_large_image","schema":{"@context":"https:\/\/schema.org","@graph":[{"@type":"WebPage","@id":"https:\/\/blogs.donboscovolunteers.de\/kathiinruanda\/mein-offizielles-spendentool\/","url":"https:\/\/blogs.donboscovolunteers.de\/kathiinruanda\/mein-offizielles-spendentool\/","name":"Mein offizielles Spendentool! - Kathi in Ruanda","isPartOf":{"@id":"https:\/\/blogs.donboscovolunteers.de\/kathiinruanda\/#website"},"datePublished":"2023-09-08T09:27:07+00:00","dateModified":"2023-10-11T08:35:47+00:00","description":"Hii, hier findet ihr meine offizielle Spendenseite! Wenn euch mein Blog gef\u00e4llt, w\u00fcrde ich mich sehr \u00fcber eure Unterst\u00fctzung freuen.","breadcrumb":{"@id":"https:\/\/blogs.donboscovolunteers.de\/kathiinruanda\/mein-offizielles-spendentool\/#breadcrumb"},"inLanguage":"de","potentialAction":[{"@type":"ReadAction","target":["https:\/\/blogs.donboscovolunteers.de\/kathiinruanda\/mein-offizielles-spendentool\/"]}]},{"@type":"BreadcrumbList","@id":"https:\/\/blogs.donboscovolunteers.de\/kathiinruanda\/mein-offizielles-spendentool\/#breadcrumb","itemListElement":[{"@type":"ListItem","position":1,"name":"Startseite","item":"https:\/\/blogs.donboscovolunteers.de\/kathiinruanda\/"},{"@type":"ListItem","position":2,"name":"Mein offizielles Spendentool!"}]},{"@type":"WebSite","@id":"https:\/\/blogs.donboscovolunteers.de\/kathiinruanda\/#website","url":"https:\/\/blogs.donboscovolunteers.de\/kathiinruanda\/","name":"Kathi in Ruanda","description":"","potentialAction":[{"@type":"SearchAction","target":{"@type":"EntryPoint","urlTemplate":"https:\/\/blogs.donboscovolunteers.de\/kathiinruanda\/?s={search_term_string}"},"query-input":{"@type":"PropertyValueSpecification","valueRequired":true,"valueName":"search_term_string"}}],"inLanguage":"de"}]}},"_links":{"self":[{"href":"https:\/\/blogs.donboscovolunteers.de\/kathiinruanda\/wp-json\/wp\/v2\/pages\/23","targetHints":{"allow":["GET"]}}],"collection":[{"href":"https:\/\/blogs.donboscovolunteers.de\/kathiinruanda\/wp-json\/wp\/v2\/pages"}],"about":[{"href":"https:\/\/blogs.donboscovolunteers.de\/kathiinruanda\/wp-json\/wp\/v2\/types\/page"}],"author":[{"embeddable":true,"href":"https:\/\/blogs.donboscovolunteers.de\/kathiinruanda\/wp-json\/wp\/v2\/users\/21805"}],"replies":[{"embeddable":true,"href":"https:\/\/blogs.donboscovolunteers.de\/kathiinruanda\/wp-json\/wp\/v2\/comments?post=23"}],"version-history":[{"count":4,"href":"https:\/\/blogs.donboscovolunteers.de\/kathiinruanda\/wp-json\/wp\/v2\/pages\/23\/revisions"}],"predecessor-version":[{"id":176,"href":"https:\/\/blogs.donboscovolunteers.de\/kathiinruanda\/wp-json\/wp\/v2\/pages\/23\/revisions\/176"}],"wp:attachment":[{"href":"https:\/\/blogs.donboscovolunteers.de\/kathiinruanda\/wp-json\/wp\/v2\/media?parent=23"}],"curies":[{"name":"wp","href":"https:\/\/api.w.org\/{rel}","templated":true}]}}