{"id":22,"date":"2019-09-13T11:47:07","date_gmt":"2019-09-13T09:47:07","guid":{"rendered":"https:\/\/blogs.donboscovolunteers.de\/katharinainsambia\/?page_id=22"},"modified":"2019-09-23T16:01:24","modified_gmt":"2019-09-23T14:01:24","slug":"spenden","status":"publish","type":"page","link":"https:\/\/blogs.donboscovolunteers.de\/katharinainsambia\/spenden\/","title":{"rendered":"Spenden"},"content":{"rendered":"<p>Die Organisation <a href=\"https:\/\/www.donboscomission.de\/don-bosco\/\">Don Bosco<\/a> ist weltweit\nt\u00e4tig um benachteiligten Kindern und Jugendlichen im Sinne der\nP<a href=\"https:\/\/www.donboscomission.de\/don-bosco\/paedagogik\/\">P\u00e4dagogik Don Boscos<\/a>zu unterst\u00fctzen, sie vor einem Leben auf der\nStra\u00dfe, <a href=\"https:\/\/strassenkinder.de\/laender\/asien\/kinderrechte\/\">Kinderarbeit<\/a>, oder Ausbeutung zu bewahren und ihnen eine\npositive Zukunft zu erm\u00f6glichen.<\/p>\n\n\n\n<p>J\u00e4hrlich werden aus Deutschland ca. 50 Freiwillige entsendet um Projekte vor Ort zu unterst\u00fctzen. Dies kommt nicht nur den Projekten vor Ort zu gute sondern bietet auch eine wunderbare M\u00f6glichkeit des interkulturellen Austauschs und ist pers\u00f6nlich eine gro\u00dfe Bereicherung (mehr zu meiner Motivation unter \u201e<a href=\"https:\/\/blogs.donboscovolunteers.de\/katharinainsambia\/das-bin-ich\/\">Das bin ich<\/a>.\u201c)<\/p>\n\n\n\n<p>Nat\u00fcrlich ist so ein\n<a href=\"https:\/\/www.donboscovolunteers.de\/\">Freiwilligendienst<\/a> mit Kosten verbunden. 75% werden durch das\nstaatliche Programm \u201eweltw\u00e4rts\u201c gef\u00f6rdert. Die \u00fcbrigen 2400\u20ac\nm\u00fcssen die Organisationen selbst tragen. Eine riesige Summe, vor\nAllem f\u00fcr kleine Organisationen.<\/p>\n\n\n\n<p>Mit einer Spende k\u00f6nnt ihr nicht nur\nmeinen Aufenthalt in Sambia unterst\u00fctzen sondern vor Allem\nerm\u00f6glichen dass weiterhin Freiwillige aus Deutschland entsendet\nwerden k\u00f6nnen. \n<\/p>\n\n\n\n<p><strong>Ich danke euch von Herzen f\u00fcr jeden noch so kleinen Betrag!<\/strong><\/p>\n\n\n\n<p>(F\u00fcr eine Spendenquittung einfach die Adresse mit angeben.)<\/p>\n\n\n\n<p><\/p>\n\n\n\n<p><strong>Name<\/strong>:&nbsp;&nbsp;&nbsp;&nbsp;&nbsp;&nbsp;&nbsp;&nbsp;&nbsp;&nbsp;&nbsp;&nbsp;&nbsp;&nbsp;&nbsp;&nbsp;&nbsp;&nbsp;&nbsp;&nbsp;&nbsp;&nbsp;&nbsp;&nbsp;&nbsp;&nbsp;&nbsp;&nbsp;&nbsp;&nbsp;&nbsp;&nbsp;&nbsp; Don Bosco Mission<\/p>\n\n\n\n<p><strong>IBAN<\/strong>:&nbsp;&nbsp;&nbsp;&nbsp;&nbsp;&nbsp;&nbsp;&nbsp;&nbsp;&nbsp;&nbsp;&nbsp;&nbsp;&nbsp;&nbsp;&nbsp;&nbsp;&nbsp;&nbsp;&nbsp;&nbsp;&nbsp;&nbsp;&nbsp;&nbsp;&nbsp;&nbsp;&nbsp;&nbsp;&nbsp;&nbsp;&nbsp;&nbsp;&nbsp;&nbsp; DE89 3705 0198 0000 0994 99<\/p>\n\n\n\n<p><strong>BIC<\/strong>:&nbsp;&nbsp;&nbsp;&nbsp;&nbsp;&nbsp;&nbsp;&nbsp;&nbsp;&nbsp;&nbsp;&nbsp;&nbsp;&nbsp;&nbsp;&nbsp;&nbsp;&nbsp;&nbsp;&nbsp;&nbsp;&nbsp;&nbsp;&nbsp;&nbsp;&nbsp;&nbsp;&nbsp;&nbsp;&nbsp;&nbsp;&nbsp;&nbsp;&nbsp;&nbsp;&nbsp;&nbsp;&nbsp; COLSDE33XXX<\/p>\n\n\n\n<p><strong>Verwendungszweck<\/strong>:       Katharina Pausch, S19VR017<\/p>\n\n\n<p><!--EndFragment--><\/p>\n\n\n<div class=\"wp-block-button aligncenter\"><a class=\"wp-block-button__link\" href=\"https:\/\/www.donboscomission.de\/volontariat\/spenden\/?fb_item_id=24762\">Jetzt online spenden!<\/a><\/div>","protected":false},"excerpt":{"rendered":"<p>Die Organisation <a href=\"https:\/\/www.donboscomission.de\/don-bosco\/\">Don Bosco<\/a> ist weltweit t\u00e4tig um benachteiligten Kindern und Jugendlichen im Sinne der PP\u00e4dagogik Don Boscoszu unterst\u00fctzen, sie vor einem Leben auf der Stra\u00dfe, <a href=\"https:\/\/strassenkinder.de\/laender\/asien\/kinderrechte\/\">Kinderarbeit<\/a>, oder Ausbeutung zu bewahren und ihnen eine positive Zukunft zu erm\u00f6glichen. J\u00e4hrlich werden aus Deutschland ca. 50 Freiwillige entsendet um Projekte vor Ort zu unterst\u00fctzen. Dies kommt nicht [&hellip;]<\/p>\n","protected":false},"author":21669,"featured_media":0,"parent":0,"menu_order":0,"comment_status":"closed","ping_status":"closed","template":"","meta":{"footnotes":""},"class_list":["post-22","page","type-page","status-publish","hentry"],"yoast_head":"<!-- This site is optimized with the Yoast SEO plugin v25.3.1 - https:\/\/yoast.com\/wordpress\/plugins\/seo\/ -->\n<title>Spenden - Ein Jahr in Mansa, Sambia.<\/title>\n<meta name=\"robots\" content=\"index, follow, max-snippet:-1, max-image-preview:large, max-video-preview:-1\" \/>\n<link rel=\"canonical\" href=\"https:\/\/blogs.donboscovolunteers.de\/katharinainsambia\/spenden\/\" \/>\n<meta property=\"og:locale\" content=\"de_DE\" \/>\n<meta property=\"og:type\" content=\"article\" \/>\n<meta property=\"og:title\" content=\"Spenden - Ein Jahr in Mansa, Sambia.\" \/>\n<meta property=\"og:description\" content=\"Die Organisation Don Bosco ist weltweit t\u00e4tig um benachteiligten Kindern und Jugendlichen im Sinne der PP\u00e4dagogik Don Boscoszu unterst\u00fctzen, sie vor einem Leben auf der Stra\u00dfe, Kinderarbeit, oder Ausbeutung zu bewahren und ihnen eine positive Zukunft zu erm\u00f6glichen. J\u00e4hrlich werden aus Deutschland ca. 50 Freiwillige entsendet um Projekte vor Ort zu unterst\u00fctzen. Dies kommt nicht [&hellip;]\" \/>\n<meta property=\"og:url\" content=\"https:\/\/blogs.donboscovolunteers.de\/katharinainsambia\/spenden\/\" \/>\n<meta property=\"og:site_name\" content=\"Ein Jahr in Mansa, Sambia.\" \/>\n<meta property=\"article:modified_time\" content=\"2019-09-23T14:01:24+00:00\" \/>\n<meta name=\"twitter:card\" content=\"summary_large_image\" \/>\n<meta name=\"twitter:label1\" content=\"Gesch\u00e4tzte Lesezeit\" \/>\n\t<meta name=\"twitter:data1\" content=\"2\u00a0Minuten\" \/>\n<script type=\"application\/ld+json\" class=\"yoast-schema-graph\">{\"@context\":\"https:\/\/schema.org\",\"@graph\":[{\"@type\":\"WebPage\",\"@id\":\"https:\/\/blogs.donboscovolunteers.de\/katharinainsambia\/spenden\/\",\"url\":\"https:\/\/blogs.donboscovolunteers.de\/katharinainsambia\/spenden\/\",\"name\":\"Spenden - Ein Jahr in Mansa, Sambia.\",\"isPartOf\":{\"@id\":\"https:\/\/blogs.donboscovolunteers.de\/katharinainsambia\/#website\"},\"datePublished\":\"2019-09-13T09:47:07+00:00\",\"dateModified\":\"2019-09-23T14:01:24+00:00\",\"breadcrumb\":{\"@id\":\"https:\/\/blogs.donboscovolunteers.de\/katharinainsambia\/spenden\/#breadcrumb\"},\"inLanguage\":\"de\",\"potentialAction\":[{\"@type\":\"ReadAction\",\"target\":[\"https:\/\/blogs.donboscovolunteers.de\/katharinainsambia\/spenden\/\"]}]},{\"@type\":\"BreadcrumbList\",\"@id\":\"https:\/\/blogs.donboscovolunteers.de\/katharinainsambia\/spenden\/#breadcrumb\",\"itemListElement\":[{\"@type\":\"ListItem\",\"position\":1,\"name\":\"Startseite\",\"item\":\"https:\/\/blogs.donboscovolunteers.de\/katharinainsambia\/\"},{\"@type\":\"ListItem\",\"position\":2,\"name\":\"Spenden\"}]},{\"@type\":\"WebSite\",\"@id\":\"https:\/\/blogs.donboscovolunteers.de\/katharinainsambia\/#website\",\"url\":\"https:\/\/blogs.donboscovolunteers.de\/katharinainsambia\/\",\"name\":\"Ein Jahr in Mansa, Sambia.\",\"description\":\"&quot;Wenn du mutig genug bist &#039;Lebewohl&#039; zu sagen, wird das Leben dich mit einem neuen &#039;Hallo&#039; belohnen.&quot; (Paulo Coelho)\",\"potentialAction\":[{\"@type\":\"SearchAction\",\"target\":{\"@type\":\"EntryPoint\",\"urlTemplate\":\"https:\/\/blogs.donboscovolunteers.de\/katharinainsambia\/?s={search_term_string}\"},\"query-input\":{\"@type\":\"PropertyValueSpecification\",\"valueRequired\":true,\"valueName\":\"search_term_string\"}}],\"inLanguage\":\"de\"}]}<\/script>\n<!-- \/ Yoast SEO plugin. -->","yoast_head_json":{"title":"Spenden - Ein Jahr in Mansa, Sambia.","robots":{"index":"index","follow":"follow","max-snippet":"max-snippet:-1","max-image-preview":"max-image-preview:large","max-video-preview":"max-video-preview:-1"},"canonical":"https:\/\/blogs.donboscovolunteers.de\/katharinainsambia\/spenden\/","og_locale":"de_DE","og_type":"article","og_title":"Spenden - Ein Jahr in Mansa, Sambia.","og_description":"Die Organisation Don Bosco ist weltweit t\u00e4tig um benachteiligten Kindern und Jugendlichen im Sinne der PP\u00e4dagogik Don Boscoszu unterst\u00fctzen, sie vor einem Leben auf der Stra\u00dfe, Kinderarbeit, oder Ausbeutung zu bewahren und ihnen eine positive Zukunft zu erm\u00f6glichen. J\u00e4hrlich werden aus Deutschland ca. 50 Freiwillige entsendet um Projekte vor Ort zu unterst\u00fctzen. Dies kommt nicht [&hellip;]","og_url":"https:\/\/blogs.donboscovolunteers.de\/katharinainsambia\/spenden\/","og_site_name":"Ein Jahr in Mansa, Sambia.","article_modified_time":"2019-09-23T14:01:24+00:00","twitter_card":"summary_large_image","twitter_misc":{"Gesch\u00e4tzte Lesezeit":"2\u00a0Minuten"},"schema":{"@context":"https:\/\/schema.org","@graph":[{"@type":"WebPage","@id":"https:\/\/blogs.donboscovolunteers.de\/katharinainsambia\/spenden\/","url":"https:\/\/blogs.donboscovolunteers.de\/katharinainsambia\/spenden\/","name":"Spenden - Ein Jahr in Mansa, Sambia.","isPartOf":{"@id":"https:\/\/blogs.donboscovolunteers.de\/katharinainsambia\/#website"},"datePublished":"2019-09-13T09:47:07+00:00","dateModified":"2019-09-23T14:01:24+00:00","breadcrumb":{"@id":"https:\/\/blogs.donboscovolunteers.de\/katharinainsambia\/spenden\/#breadcrumb"},"inLanguage":"de","potentialAction":[{"@type":"ReadAction","target":["https:\/\/blogs.donboscovolunteers.de\/katharinainsambia\/spenden\/"]}]},{"@type":"BreadcrumbList","@id":"https:\/\/blogs.donboscovolunteers.de\/katharinainsambia\/spenden\/#breadcrumb","itemListElement":[{"@type":"ListItem","position":1,"name":"Startseite","item":"https:\/\/blogs.donboscovolunteers.de\/katharinainsambia\/"},{"@type":"ListItem","position":2,"name":"Spenden"}]},{"@type":"WebSite","@id":"https:\/\/blogs.donboscovolunteers.de\/katharinainsambia\/#website","url":"https:\/\/blogs.donboscovolunteers.de\/katharinainsambia\/","name":"Ein Jahr in Mansa, Sambia.","description":"&quot;Wenn du mutig genug bist &#039;Lebewohl&#039; zu sagen, wird das Leben dich mit einem neuen &#039;Hallo&#039; belohnen.&quot; (Paulo Coelho)","potentialAction":[{"@type":"SearchAction","target":{"@type":"EntryPoint","urlTemplate":"https:\/\/blogs.donboscovolunteers.de\/katharinainsambia\/?s={search_term_string}"},"query-input":{"@type":"PropertyValueSpecification","valueRequired":true,"valueName":"search_term_string"}}],"inLanguage":"de"}]}},"_links":{"self":[{"href":"https:\/\/blogs.donboscovolunteers.de\/katharinainsambia\/wp-json\/wp\/v2\/pages\/22","targetHints":{"allow":["GET"]}}],"collection":[{"href":"https:\/\/blogs.donboscovolunteers.de\/katharinainsambia\/wp-json\/wp\/v2\/pages"}],"about":[{"href":"https:\/\/blogs.donboscovolunteers.de\/katharinainsambia\/wp-json\/wp\/v2\/types\/page"}],"author":[{"embeddable":true,"href":"https:\/\/blogs.donboscovolunteers.de\/katharinainsambia\/wp-json\/wp\/v2\/users\/21669"}],"replies":[{"embeddable":true,"href":"https:\/\/blogs.donboscovolunteers.de\/katharinainsambia\/wp-json\/wp\/v2\/comments?post=22"}],"version-history":[{"count":3,"href":"https:\/\/blogs.donboscovolunteers.de\/katharinainsambia\/wp-json\/wp\/v2\/pages\/22\/revisions"}],"predecessor-version":[{"id":37,"href":"https:\/\/blogs.donboscovolunteers.de\/katharinainsambia\/wp-json\/wp\/v2\/pages\/22\/revisions\/37"}],"wp:attachment":[{"href":"https:\/\/blogs.donboscovolunteers.de\/katharinainsambia\/wp-json\/wp\/v2\/media?parent=22"}],"curies":[{"name":"wp","href":"https:\/\/api.w.org\/{rel}","templated":true}]}}