{"id":29,"date":"2023-09-10T04:26:19","date_gmt":"2023-09-10T02:26:19","guid":{"rendered":"https:\/\/blogs.donboscovolunteers.de\/justusinkolumbien\/?page_id=29"},"modified":"2023-09-20T00:49:11","modified_gmt":"2023-09-19T22:49:11","slug":"ueber-mich","status":"publish","type":"page","link":"https:\/\/blogs.donboscovolunteers.de\/justusinkolumbien\/ueber-mich\/","title":{"rendered":"\u00dcber mich"},"content":{"rendered":"<p>Buenos d\u00edas, buenas tardes, oder auch buenas noches,<\/p>\n\n\n\n<p>Mein Name ist Justus Lenz, ich bin 18 Jahre alt und wohn(t)e zusammen mit meinen Eltern, meiner 16-j\u00e4hrigen Schwester und unseren 2 Katzen in Bonn.<\/p>\n\n\n\n<p>Im Fr\u00fchjahr diesen Jahres habe ich mein Abitur gemacht und absolviere jetzt mit <a href=\"https:\/\/www.donboscomission.de\/don-bosco\/\">Don Bosco<\/a> Volunteers einen einj\u00e4hrigen Auslandsfreiwilligendienst in Kolumbien.<\/p>\n\n\n\n<p>Vom 05.09.2023 bis Ende August 2024 arbeite ich mit meinem Mitvolunt\u00e4r Yannik, den ich bei den Vorbereitungsseminaren kennengelernt habe, in der Ciudad Don Bosco (Don Bosco Stadt) in Medell\u00edn.<\/p>\n\n\n\n<figure class=\"wp-block-image size-full is-resized\"><img loading=\"lazy\" decoding=\"async\" src=\"https:\/\/blogs.donboscovolunteers.de\/justusinkolumbien\/wp-content\/uploads\/sites\/21681\/2023\/09\/IMG-20230708-WA0033.jpg\" alt=\"Mein Mitvolunt\u00e4r Yannik und ich\" class=\"wp-image-36\" style=\"width:537px;height:403px\" width=\"537\" height=\"403\" srcset=\"https:\/\/blogs.donboscovolunteers.de\/justusinkolumbien\/wp-content\/uploads\/sites\/21681\/2023\/09\/IMG-20230708-WA0033.jpg 1024w, https:\/\/blogs.donboscovolunteers.de\/justusinkolumbien\/wp-content\/uploads\/sites\/21681\/2023\/09\/IMG-20230708-WA0033-300x225.jpg 300w, https:\/\/blogs.donboscovolunteers.de\/justusinkolumbien\/wp-content\/uploads\/sites\/21681\/2023\/09\/IMG-20230708-WA0033-768x576.jpg 768w, https:\/\/blogs.donboscovolunteers.de\/justusinkolumbien\/wp-content\/uploads\/sites\/21681\/2023\/09\/IMG-20230708-WA0033-900x675.jpg 900w\" sizes=\"auto, (max-width: 537px) 100vw, 537px\" \/><figcaption class=\"wp-element-caption\"><em>Mein Mitvolunt\u00e4r Yannik und ich<\/em><\/figcaption><\/figure>\n\n\n\n<p>Die Ciudad Don Bosco (CDB) ist eine Art Campus eines Jungen-Internats f\u00fcr Stra\u00dfenkinder in einem Barrio am Rande Medell\u00edns. Auf dem Gel\u00e4nde gibt es neben den B\u00fcros f\u00fcr die Sozialarbeiter, Psychologen etc. Dormitorios (Schlafs\u00e4le) f\u00fcr die Jungs, Klassenzimmer, wo die Jungs zur Schule gehen, eine Sporthalle mit Trib\u00fcne, mehrere Fu\u00dfball- und Basketballpl\u00e4tze, Spielpl\u00e4tze, eine Mensa, eine Kirche\/Kapelle, das Haus der <a href=\"https:\/\/www.donboscomission.de\/don-bosco\/erbe\/\">Salesianer Don Boscos<\/a>, unser Volont\u00e4rshaus und das Beste: Einen Pool.<\/p>\n\n\n\n<p>Au\u00dferdem gibt es auf dem Gel\u00e4nde verschiedene Werkst\u00e4tten, wie z.B. eine Metallwerkstatt, eine K\u00fcche oder eine Textilwerkstatt, wo sowohl Jungs als auch M\u00e4dchen eine Ausbildung absolvieren k\u00f6nnen.<\/p>\n\n\n\n<figure class=\"wp-block-image size-large is-resized\"><img loading=\"lazy\" decoding=\"async\" src=\"https:\/\/blogs.donboscovolunteers.de\/justusinkolumbien\/wp-content\/uploads\/sites\/21681\/2023\/09\/20230907_210911-1-1024x768.jpg\" alt=\"\" class=\"wp-image-37\" style=\"width:720px;height:540px\" width=\"720\" height=\"540\" srcset=\"https:\/\/blogs.donboscovolunteers.de\/justusinkolumbien\/wp-content\/uploads\/sites\/21681\/2023\/09\/20230907_210911-1-1024x768.jpg 1024w, https:\/\/blogs.donboscovolunteers.de\/justusinkolumbien\/wp-content\/uploads\/sites\/21681\/2023\/09\/20230907_210911-1-300x225.jpg 300w, https:\/\/blogs.donboscovolunteers.de\/justusinkolumbien\/wp-content\/uploads\/sites\/21681\/2023\/09\/20230907_210911-1-768x576.jpg 768w, https:\/\/blogs.donboscovolunteers.de\/justusinkolumbien\/wp-content\/uploads\/sites\/21681\/2023\/09\/20230907_210911-1-900x675.jpg 900w, https:\/\/blogs.donboscovolunteers.de\/justusinkolumbien\/wp-content\/uploads\/sites\/21681\/2023\/09\/20230907_210911-1.jpg 1280w\" sizes=\"auto, (max-width: 720px) 100vw, 720px\" \/><figcaption class=\"wp-element-caption\"><em>Die Kapelle der Ciudad Don Bosco vor der Stadt im Tal bei Nacht<\/em><\/figcaption><\/figure>\n\n\n\n<p>Zudem gibt es au\u00dferhalb des Gel\u00e4ndes der CDB einige Projekte, wie z.B. das Capre \u2013 ein Projekt mit Ex-<a href=\"https:\/\/strassenkinder.de\/laender\/lateinamerika\/kolumbien-kindersoldaten\/\">Kindersoldaten<\/a> \u2013 oder Derecho a so\u00f1ar (Recht zu Tr\u00e4umen), in welchem sozial schw\u00e4chere Familien unterst\u00fctzt und beraten werden und es eine Kinderbetreuung gibt.<\/p>\n\n\n\n<p>In einem der beiden Projekte werde auch ich bald arbeiten.<\/p>\n\n\n\n<p>\u00dcber diesen Blog werde ich mehr oder weniger regelm\u00e4\u00dfig meine Erfahrungen teilen.<\/p>","protected":false},"excerpt":{"rendered":"<p>Buenos d\u00edas, buenas tardes, oder auch buenas noches, Mein Name ist Justus Lenz, ich bin 18 Jahre alt und wohn(t)e zusammen mit meinen Eltern, meiner 16-j\u00e4hrigen Schwester und unseren 2 Katzen in Bonn. Im Fr\u00fchjahr diesen Jahres habe ich mein Abitur gemacht und absolviere jetzt mit <a href=\"https:\/\/www.donboscomission.de\/don-bosco\/\">Don Bosco<\/a> Volunteers einen einj\u00e4hrigen Auslandsfreiwilligendienst in Kolumbien. Vom [&hellip;]<\/p>\n","protected":false},"author":21791,"featured_media":0,"parent":0,"menu_order":0,"comment_status":"closed","ping_status":"closed","template":"","meta":{"footnotes":""},"class_list":["post-29","page","type-page","status-publish","hentry"],"yoast_head":"<!-- This site is optimized with the Yoast SEO plugin v25.3.1 - https:\/\/yoast.com\/wordpress\/plugins\/seo\/ -->\n<title>\u00dcber mich - Medell\u00edn - ein Jahr in der Stadt des ewigen Fr\u00fchlings<\/title>\n<meta name=\"description\" content=\"Wer ich bin und etwas \u00fcber meine Einrichtung Ciudad Don Bosco\" \/>\n<meta name=\"robots\" content=\"index, follow, max-snippet:-1, max-image-preview:large, max-video-preview:-1\" \/>\n<link rel=\"canonical\" href=\"https:\/\/blogs.donboscovolunteers.de\/justusinkolumbien\/ueber-mich\/\" \/>\n<meta property=\"og:locale\" content=\"de_DE\" \/>\n<meta property=\"og:type\" content=\"article\" \/>\n<meta property=\"og:title\" content=\"\u00dcber mich - Medell\u00edn - ein Jahr in der Stadt des ewigen Fr\u00fchlings\" \/>\n<meta property=\"og:description\" content=\"Wer ich bin und etwas \u00fcber meine Einrichtung Ciudad Don Bosco\" \/>\n<meta property=\"og:url\" content=\"https:\/\/blogs.donboscovolunteers.de\/justusinkolumbien\/ueber-mich\/\" \/>\n<meta property=\"og:site_name\" content=\"Medell\u00edn - ein Jahr in der Stadt des ewigen Fr\u00fchlings\" \/>\n<meta property=\"article:modified_time\" content=\"2023-09-19T22:49:11+00:00\" \/>\n<meta property=\"og:image\" content=\"https:\/\/blogs.donboscovolunteers.de\/justusinkolumbien\/wp-content\/uploads\/sites\/21681\/2023\/09\/IMG-20230708-WA0033.jpg\" \/>\n<meta name=\"twitter:card\" content=\"summary_large_image\" \/>\n<meta name=\"twitter:label1\" content=\"Gesch\u00e4tzte Lesezeit\" \/>\n\t<meta name=\"twitter:data1\" content=\"1\u00a0Minute\" \/>\n<script type=\"application\/ld+json\" class=\"yoast-schema-graph\">{\"@context\":\"https:\/\/schema.org\",\"@graph\":[{\"@type\":\"WebPage\",\"@id\":\"https:\/\/blogs.donboscovolunteers.de\/justusinkolumbien\/ueber-mich\/\",\"url\":\"https:\/\/blogs.donboscovolunteers.de\/justusinkolumbien\/ueber-mich\/\",\"name\":\"\u00dcber mich - Medell\u00edn - ein Jahr in der Stadt des ewigen Fr\u00fchlings\",\"isPartOf\":{\"@id\":\"https:\/\/blogs.donboscovolunteers.de\/justusinkolumbien\/#website\"},\"primaryImageOfPage\":{\"@id\":\"https:\/\/blogs.donboscovolunteers.de\/justusinkolumbien\/ueber-mich\/#primaryimage\"},\"image\":{\"@id\":\"https:\/\/blogs.donboscovolunteers.de\/justusinkolumbien\/ueber-mich\/#primaryimage\"},\"thumbnailUrl\":\"https:\/\/blogs.donboscovolunteers.de\/justusinkolumbien\/wp-content\/uploads\/sites\/21681\/2023\/09\/IMG-20230708-WA0033.jpg\",\"datePublished\":\"2023-09-10T02:26:19+00:00\",\"dateModified\":\"2023-09-19T22:49:11+00:00\",\"description\":\"Wer ich bin und etwas \u00fcber meine Einrichtung Ciudad Don Bosco\",\"breadcrumb\":{\"@id\":\"https:\/\/blogs.donboscovolunteers.de\/justusinkolumbien\/ueber-mich\/#breadcrumb\"},\"inLanguage\":\"de\",\"potentialAction\":[{\"@type\":\"ReadAction\",\"target\":[\"https:\/\/blogs.donboscovolunteers.de\/justusinkolumbien\/ueber-mich\/\"]}]},{\"@type\":\"ImageObject\",\"inLanguage\":\"de\",\"@id\":\"https:\/\/blogs.donboscovolunteers.de\/justusinkolumbien\/ueber-mich\/#primaryimage\",\"url\":\"https:\/\/blogs.donboscovolunteers.de\/justusinkolumbien\/wp-content\/uploads\/sites\/21681\/2023\/09\/IMG-20230708-WA0033.jpg\",\"contentUrl\":\"https:\/\/blogs.donboscovolunteers.de\/justusinkolumbien\/wp-content\/uploads\/sites\/21681\/2023\/09\/IMG-20230708-WA0033.jpg\",\"width\":1024,\"height\":768,\"caption\":\"Mein Mitvolunt\u00e4r Yannik und ich\"},{\"@type\":\"BreadcrumbList\",\"@id\":\"https:\/\/blogs.donboscovolunteers.de\/justusinkolumbien\/ueber-mich\/#breadcrumb\",\"itemListElement\":[{\"@type\":\"ListItem\",\"position\":1,\"name\":\"Startseite\",\"item\":\"https:\/\/blogs.donboscovolunteers.de\/justusinkolumbien\/\"},{\"@type\":\"ListItem\",\"position\":2,\"name\":\"\u00dcber mich\"}]},{\"@type\":\"WebSite\",\"@id\":\"https:\/\/blogs.donboscovolunteers.de\/justusinkolumbien\/#website\",\"url\":\"https:\/\/blogs.donboscovolunteers.de\/justusinkolumbien\/\",\"name\":\"Medell\u00edn - ein Jahr in der Stadt des ewigen Fr\u00fchlings\",\"description\":\"\",\"potentialAction\":[{\"@type\":\"SearchAction\",\"target\":{\"@type\":\"EntryPoint\",\"urlTemplate\":\"https:\/\/blogs.donboscovolunteers.de\/justusinkolumbien\/?s={search_term_string}\"},\"query-input\":{\"@type\":\"PropertyValueSpecification\",\"valueRequired\":true,\"valueName\":\"search_term_string\"}}],\"inLanguage\":\"de\"}]}<\/script>\n<!-- \/ Yoast SEO plugin. -->","yoast_head_json":{"title":"\u00dcber mich - Medell\u00edn - ein Jahr in der Stadt des ewigen Fr\u00fchlings","description":"Wer ich bin und etwas \u00fcber meine Einrichtung Ciudad Don Bosco","robots":{"index":"index","follow":"follow","max-snippet":"max-snippet:-1","max-image-preview":"max-image-preview:large","max-video-preview":"max-video-preview:-1"},"canonical":"https:\/\/blogs.donboscovolunteers.de\/justusinkolumbien\/ueber-mich\/","og_locale":"de_DE","og_type":"article","og_title":"\u00dcber mich - Medell\u00edn - ein Jahr in der Stadt des ewigen Fr\u00fchlings","og_description":"Wer ich bin und etwas \u00fcber meine Einrichtung Ciudad Don Bosco","og_url":"https:\/\/blogs.donboscovolunteers.de\/justusinkolumbien\/ueber-mich\/","og_site_name":"Medell\u00edn - ein Jahr in der Stadt des ewigen Fr\u00fchlings","article_modified_time":"2023-09-19T22:49:11+00:00","og_image":[{"url":"https:\/\/blogs.donboscovolunteers.de\/justusinkolumbien\/wp-content\/uploads\/sites\/21681\/2023\/09\/IMG-20230708-WA0033.jpg","type":"","width":"","height":""}],"twitter_card":"summary_large_image","twitter_misc":{"Gesch\u00e4tzte Lesezeit":"1\u00a0Minute"},"schema":{"@context":"https:\/\/schema.org","@graph":[{"@type":"WebPage","@id":"https:\/\/blogs.donboscovolunteers.de\/justusinkolumbien\/ueber-mich\/","url":"https:\/\/blogs.donboscovolunteers.de\/justusinkolumbien\/ueber-mich\/","name":"\u00dcber mich - Medell\u00edn - ein Jahr in der Stadt des ewigen Fr\u00fchlings","isPartOf":{"@id":"https:\/\/blogs.donboscovolunteers.de\/justusinkolumbien\/#website"},"primaryImageOfPage":{"@id":"https:\/\/blogs.donboscovolunteers.de\/justusinkolumbien\/ueber-mich\/#primaryimage"},"image":{"@id":"https:\/\/blogs.donboscovolunteers.de\/justusinkolumbien\/ueber-mich\/#primaryimage"},"thumbnailUrl":"https:\/\/blogs.donboscovolunteers.de\/justusinkolumbien\/wp-content\/uploads\/sites\/21681\/2023\/09\/IMG-20230708-WA0033.jpg","datePublished":"2023-09-10T02:26:19+00:00","dateModified":"2023-09-19T22:49:11+00:00","description":"Wer ich bin und etwas \u00fcber meine Einrichtung Ciudad Don Bosco","breadcrumb":{"@id":"https:\/\/blogs.donboscovolunteers.de\/justusinkolumbien\/ueber-mich\/#breadcrumb"},"inLanguage":"de","potentialAction":[{"@type":"ReadAction","target":["https:\/\/blogs.donboscovolunteers.de\/justusinkolumbien\/ueber-mich\/"]}]},{"@type":"ImageObject","inLanguage":"de","@id":"https:\/\/blogs.donboscovolunteers.de\/justusinkolumbien\/ueber-mich\/#primaryimage","url":"https:\/\/blogs.donboscovolunteers.de\/justusinkolumbien\/wp-content\/uploads\/sites\/21681\/2023\/09\/IMG-20230708-WA0033.jpg","contentUrl":"https:\/\/blogs.donboscovolunteers.de\/justusinkolumbien\/wp-content\/uploads\/sites\/21681\/2023\/09\/IMG-20230708-WA0033.jpg","width":1024,"height":768,"caption":"Mein Mitvolunt\u00e4r Yannik und ich"},{"@type":"BreadcrumbList","@id":"https:\/\/blogs.donboscovolunteers.de\/justusinkolumbien\/ueber-mich\/#breadcrumb","itemListElement":[{"@type":"ListItem","position":1,"name":"Startseite","item":"https:\/\/blogs.donboscovolunteers.de\/justusinkolumbien\/"},{"@type":"ListItem","position":2,"name":"\u00dcber mich"}]},{"@type":"WebSite","@id":"https:\/\/blogs.donboscovolunteers.de\/justusinkolumbien\/#website","url":"https:\/\/blogs.donboscovolunteers.de\/justusinkolumbien\/","name":"Medell\u00edn - ein Jahr in der Stadt des ewigen Fr\u00fchlings","description":"","potentialAction":[{"@type":"SearchAction","target":{"@type":"EntryPoint","urlTemplate":"https:\/\/blogs.donboscovolunteers.de\/justusinkolumbien\/?s={search_term_string}"},"query-input":{"@type":"PropertyValueSpecification","valueRequired":true,"valueName":"search_term_string"}}],"inLanguage":"de"}]}},"_links":{"self":[{"href":"https:\/\/blogs.donboscovolunteers.de\/justusinkolumbien\/wp-json\/wp\/v2\/pages\/29","targetHints":{"allow":["GET"]}}],"collection":[{"href":"https:\/\/blogs.donboscovolunteers.de\/justusinkolumbien\/wp-json\/wp\/v2\/pages"}],"about":[{"href":"https:\/\/blogs.donboscovolunteers.de\/justusinkolumbien\/wp-json\/wp\/v2\/types\/page"}],"author":[{"embeddable":true,"href":"https:\/\/blogs.donboscovolunteers.de\/justusinkolumbien\/wp-json\/wp\/v2\/users\/21791"}],"replies":[{"embeddable":true,"href":"https:\/\/blogs.donboscovolunteers.de\/justusinkolumbien\/wp-json\/wp\/v2\/comments?post=29"}],"version-history":[{"count":17,"href":"https:\/\/blogs.donboscovolunteers.de\/justusinkolumbien\/wp-json\/wp\/v2\/pages\/29\/revisions"}],"predecessor-version":[{"id":56,"href":"https:\/\/blogs.donboscovolunteers.de\/justusinkolumbien\/wp-json\/wp\/v2\/pages\/29\/revisions\/56"}],"wp:attachment":[{"href":"https:\/\/blogs.donboscovolunteers.de\/justusinkolumbien\/wp-json\/wp\/v2\/media?parent=29"}],"curies":[{"name":"wp","href":"https:\/\/api.w.org\/{rel}","templated":true}]}}