{"id":87,"date":"2020-11-30T01:48:28","date_gmt":"2020-11-30T00:48:28","guid":{"rendered":"https:\/\/blogs.donboscovolunteers.de\/josiasimausland\/?page_id=87"},"modified":"2020-12-28T16:11:22","modified_gmt":"2020-12-28T15:11:22","slug":"akademie","status":"publish","type":"page","link":"https:\/\/blogs.donboscovolunteers.de\/josiasimausland\/akademie\/","title":{"rendered":"Akademie"},"content":{"rendered":"<p>Akademie, das klingt so abgehoben. Kenne ich pers\u00f6nlich eher von Hochbegabtenf\u00f6rderungen oder Stipendien. Aber so krass ist das gar nicht. Akademie, genau genommen <a href=\"https:\/\/www.donboscomission.de\/don-bosco\/\">Don Bosco<\/a> Volunteers Akademie, bedeutet, dass wir, alle 25 Auslandsvolont\u00e4re, in Benediktbeuern in der Jugendherberge des Klosters sind. Wir wohnen, schlafen und leben hier. Erstmal nat\u00fcrlich etwas gew\u00f6hnungsbed\u00fcrftig in einer Riesen- WG, aber ich habe mich schnell daran gew\u00f6hnt. Die Akademie macht einen gro\u00dfen Teil meines <a href=\"https:\/\/www.donboscovolunteers.de\/\">Freiwilligendienst<\/a> aus, wenn Ihr jedoch meinen genaueren Zeitplan wissen m\u00f6chten, k\u00f6nnt Ihr das gerne in meinem Beitrag <a href=\"http:\/\/Was mache ich denn jetzt eigentlich\">https:\/\/blogs.donboscovolunteers.de\/josiasimausland\/2020\/11\/26\/hallo-welt\/<\/a> nachlesen<\/p>\n\n\n\n<p>Wir haben unseren Speisesaal, Aufenthaltsr\u00e4ume, einen Ruheraum, ein Musikzimmer und wir d\u00fcrfen ab zu in die Turnhalle oder in die Disko. Um das Kloster herum gibt es eine wundersch\u00f6ne Landschaft und &#8211; liegt es an uns oder der Geographie Benediktbeuerns &#8211; ganz h\u00e4ufig strahlenden Sonnenschein. Wir gehen wandern und im September waren wir auch h\u00e4ufiger in umliegenden Seen oder Fl\u00fcssen baden. <\/p>\n\n\n\n<h4 class=\"wp-block-heading\">Aber was machen wir hier?<\/h4>\n\n\n\n<p>Schwierig zu erkl\u00e4ren. Ich werde auch mal einen typischen Tagesablauf ver\u00f6ffentlichen, obwohl alle Tage total verschieden sind. Dann k\u00f6nnt Ihr Euch ein Bild davon machen, wie ich hier lebe. Ansonsten gibt es auch einen eigenen Blog f\u00fcr die Akademie , da lohnt es sich wirklich reinzuschauen!<\/p>\n\n\n\n<p>Prinzipiell widmen wir den Vormittag Workshops, Seminaren und eigenen Projekten. Dabei stehen die sogenannten Sustainable Development Goals im Fokus. Kurzer Nebeninfo: Die Sustsainable Development Goals, kurz SDGs, beinhalten 17 Ziele, die Weltgemeinschaft 2015 formuliert hat. Ziele, wie Gleichberechtigung, weltweiter Frieden, menschenw\u00fcrdige Arbeit sind dabei. Praktisch alle L\u00e4nder dieser Welt haben diese Ziele unterschrieben und sie m\u00fcssen bis 2030 erf\u00fcllt sein. Nun ist es aber so, dass diese Ziele noch nicht so bekannt sind, wie sie es vielleicht sein sollten. Deshalb geht es f\u00fcr uns darum, uns mit diesen Zielen der Weltgemeinschaft auseinanderzusetzen und zu \u00fcberlegen, wie wir sie sinnvoll Erwachsenen und vor allem Kindern und Jugendlichen vermitteln k\u00f6nnen.<\/p>\n\n\n\n<figure class=\"wp-block-image size-large\"><img loading=\"lazy\" decoding=\"async\" width=\"1024\" height=\"768\" src=\"https:\/\/blogs.donboscovolunteers.de\/josiasimausland\/wp-content\/uploads\/sites\/21629\/2020\/11\/WhatsApp-Image-2020-11-30-at-02.26.22-1024x768.jpeg\" alt=\"\" class=\"wp-image-94\" srcset=\"https:\/\/blogs.donboscovolunteers.de\/josiasimausland\/wp-content\/uploads\/sites\/21629\/2020\/11\/WhatsApp-Image-2020-11-30-at-02.26.22-1024x768.jpeg 1024w, https:\/\/blogs.donboscovolunteers.de\/josiasimausland\/wp-content\/uploads\/sites\/21629\/2020\/11\/WhatsApp-Image-2020-11-30-at-02.26.22-300x225.jpeg 300w, https:\/\/blogs.donboscovolunteers.de\/josiasimausland\/wp-content\/uploads\/sites\/21629\/2020\/11\/WhatsApp-Image-2020-11-30-at-02.26.22-768x576.jpeg 768w, https:\/\/blogs.donboscovolunteers.de\/josiasimausland\/wp-content\/uploads\/sites\/21629\/2020\/11\/WhatsApp-Image-2020-11-30-at-02.26.22-900x675.jpeg 900w, https:\/\/blogs.donboscovolunteers.de\/josiasimausland\/wp-content\/uploads\/sites\/21629\/2020\/11\/WhatsApp-Image-2020-11-30-at-02.26.22.jpeg 1280w\" sizes=\"auto, (max-width: 1024px) 100vw, 1024px\" \/><figcaption>ein Plakat der SDGs vor unserem Gang<\/figcaption><\/figure>\n\n\n\n<p>Zur\u00fcck zur Akademie: F\u00fcr die Workshops, Seminare etc. haben wir Referent*innen, die uns besuchen und f\u00fcr uns die Vormittage gestalten. Das ist eine gro\u00dfe Bereicherung! Aktuell sind wir selber dabei, eigene Seminare f\u00fcr die anderen vorzubereiten.<\/p>\n\n\n\n<p>Nachmittags haben wir meistens frei. Mein chronischer Schlafmangel w\u00fcnscht sich dann einen ausgedehnten Mittagsschlaf. Doch der Kalender l\u00e4sst das nicht zu. Gitarrenworkshop, Yoga, Chor, Fu\u00dfball, Volleyball, Projektarbeit, Spazierg\u00e4nge, Basteln, Musizieren, Workouts, Billard, Theater und vieles mehr sind einfach immer zu verlockend und die Tage werden alles andere als langweilig. Es ist wirklich unglaublich besonders, mit wie viel Motivation alle Lust haben, miteinander Zeit zu verbringen und diese auch f\u00fcreinander zu gestalten.<\/p>\n\n\n\n<p>Abends gibt es stets eine Gute Nacht, dazu auch nochmal ein eigener Beitrag. Danach geht es meistens in den Keller. Hier spielen wir Karten, singen gemeinsam und stellen unsere frisch erworbenen Gitarrenk\u00fcnste unter Beweis, liefern uns hitzige Diskussionen beim Spiel Secret Hitler (ein gro\u00dfartiges Spiel: Link dazu unten), oder lassen einfach den Tag Revue passieren. <\/p>\n\n\n\n<h4 class=\"wp-block-heading\">Ein paar abschlie\u00dfende Worte<\/h4>\n\n\n\n<p>Die Akademie war f\u00fcr uns alle die gr\u00f6\u00dfte \u00dcberraschung. Keiner hatte erwartet, dass es so cool und interessant werden w\u00fcrde. Wir haben eine einzigartige Gruppengemeinschaft und erleben unglaublich viel gemeinsam. Zudem arbeiten wir an vielen Projekten zusammen und lernen viel \u00fcber die Zusammenarbeit mit Kindern und Jugendlichen, \u00fcber Situationen und Probleme in der Welt, \u00fcber die Struktur von Gruppen und Gesellschaften und vor allem \u00fcber uns selbst. Wenn ich jetzt daran denke, wie skeptisch ich zu Beginn war, bin ich jetzt einfach nur froh, diesen Weg gegangen zu sein. <\/p>\n\n\n\n<p>Mit einer Spende f\u00fcr meinen Freiwilligendienst unterst\u00fctzt Ihr auch dieses Konzept der Akademie, welches uns ganz neue Perspektiven und Erfahrungen erm\u00f6glicht hat. Und auch wenn mein Freiwilligendienst auf den ersten Blick nat\u00fcrlich nicht nach einer Arbeit aussieht, f\u00fcr die es sich zu spenden lohnt, denke ich dennoch, dass all das Wissen und die P\u00e4dagogik, die ich aus dieser Zeit mitnehme, eine gute Investition f\u00fcr die Zukunft unserer Gesellschaft darstellt. <\/p>\n\n\n\n<p>Link zum Spiel Secret Hitler: https:\/\/www.secrethitler.com\/<\/p>","protected":false},"excerpt":{"rendered":"<p>Akademie, das klingt so abgehoben. Kenne ich pers\u00f6nlich eher von Hochbegabtenf\u00f6rderungen oder Stipendien. Aber so krass ist das gar nicht. Akademie, genau genommen <a href=\"https:\/\/www.donboscomission.de\/don-bosco\/\">Don Bosco<\/a> Volunteers Akademie, bedeutet, dass wir, alle 25 Auslandsvolont\u00e4re, in Benediktbeuern in der Jugendherberge des Klosters sind. Wir wohnen, schlafen und leben hier. Erstmal nat\u00fcrlich etwas gew\u00f6hnungsbed\u00fcrftig in einer Riesen- WG, [&hellip;]<\/p>\n","protected":false},"author":21694,"featured_media":0,"parent":0,"menu_order":0,"comment_status":"closed","ping_status":"closed","template":"","meta":{"footnotes":""},"class_list":["post-87","page","type-page","status-publish","hentry"],"yoast_head":"<!-- This site is optimized with the Yoast SEO plugin v25.3.1 - https:\/\/yoast.com\/wordpress\/plugins\/seo\/ -->\n<title>Akademie - Josias im Ausland<\/title>\n<meta name=\"robots\" content=\"index, follow, max-snippet:-1, max-image-preview:large, max-video-preview:-1\" \/>\n<link rel=\"canonical\" href=\"https:\/\/blogs.donboscovolunteers.de\/josiasimausland\/akademie\/\" \/>\n<meta property=\"og:locale\" content=\"de_DE\" \/>\n<meta property=\"og:type\" content=\"article\" \/>\n<meta property=\"og:title\" content=\"Akademie - Josias im Ausland\" \/>\n<meta property=\"og:description\" content=\"Akademie, das klingt so abgehoben. Kenne ich pers\u00f6nlich eher von Hochbegabtenf\u00f6rderungen oder Stipendien. Aber so krass ist das gar nicht. Akademie, genau genommen Don Bosco Volunteers Akademie, bedeutet, dass wir, alle 25 Auslandsvolont\u00e4re, in Benediktbeuern in der Jugendherberge des Klosters sind. Wir wohnen, schlafen und leben hier. Erstmal nat\u00fcrlich etwas gew\u00f6hnungsbed\u00fcrftig in einer Riesen- WG, [&hellip;]\" \/>\n<meta property=\"og:url\" content=\"https:\/\/blogs.donboscovolunteers.de\/josiasimausland\/akademie\/\" \/>\n<meta property=\"og:site_name\" content=\"Josias im Ausland\" \/>\n<meta property=\"article:modified_time\" content=\"2020-12-28T15:11:22+00:00\" \/>\n<meta property=\"og:image\" content=\"https:\/\/blogs.donboscovolunteers.de\/josiasimausland\/wp-content\/uploads\/sites\/21629\/2020\/11\/WhatsApp-Image-2020-11-30-at-02.26.22-1024x768.jpeg\" \/>\n<meta name=\"twitter:card\" content=\"summary_large_image\" \/>\n<meta name=\"twitter:label1\" content=\"Gesch\u00e4tzte Lesezeit\" \/>\n\t<meta name=\"twitter:data1\" content=\"3\u00a0Minuten\" \/>\n<script type=\"application\/ld+json\" class=\"yoast-schema-graph\">{\"@context\":\"https:\/\/schema.org\",\"@graph\":[{\"@type\":\"WebPage\",\"@id\":\"https:\/\/blogs.donboscovolunteers.de\/josiasimausland\/akademie\/\",\"url\":\"https:\/\/blogs.donboscovolunteers.de\/josiasimausland\/akademie\/\",\"name\":\"Akademie - Josias im Ausland\",\"isPartOf\":{\"@id\":\"https:\/\/blogs.donboscovolunteers.de\/josiasimausland\/#website\"},\"primaryImageOfPage\":{\"@id\":\"https:\/\/blogs.donboscovolunteers.de\/josiasimausland\/akademie\/#primaryimage\"},\"image\":{\"@id\":\"https:\/\/blogs.donboscovolunteers.de\/josiasimausland\/akademie\/#primaryimage\"},\"thumbnailUrl\":\"https:\/\/blogs.donboscovolunteers.de\/josiasimausland\/wp-content\/uploads\/sites\/21629\/2020\/11\/WhatsApp-Image-2020-11-30-at-02.26.22-1024x768.jpeg\",\"datePublished\":\"2020-11-30T00:48:28+00:00\",\"dateModified\":\"2020-12-28T15:11:22+00:00\",\"breadcrumb\":{\"@id\":\"https:\/\/blogs.donboscovolunteers.de\/josiasimausland\/akademie\/#breadcrumb\"},\"inLanguage\":\"de\",\"potentialAction\":[{\"@type\":\"ReadAction\",\"target\":[\"https:\/\/blogs.donboscovolunteers.de\/josiasimausland\/akademie\/\"]}]},{\"@type\":\"ImageObject\",\"inLanguage\":\"de\",\"@id\":\"https:\/\/blogs.donboscovolunteers.de\/josiasimausland\/akademie\/#primaryimage\",\"url\":\"https:\/\/blogs.donboscovolunteers.de\/josiasimausland\/wp-content\/uploads\/sites\/21629\/2020\/11\/WhatsApp-Image-2020-11-30-at-02.26.22-1024x768.jpeg\",\"contentUrl\":\"https:\/\/blogs.donboscovolunteers.de\/josiasimausland\/wp-content\/uploads\/sites\/21629\/2020\/11\/WhatsApp-Image-2020-11-30-at-02.26.22-1024x768.jpeg\"},{\"@type\":\"BreadcrumbList\",\"@id\":\"https:\/\/blogs.donboscovolunteers.de\/josiasimausland\/akademie\/#breadcrumb\",\"itemListElement\":[{\"@type\":\"ListItem\",\"position\":1,\"name\":\"Startseite\",\"item\":\"https:\/\/blogs.donboscovolunteers.de\/josiasimausland\/\"},{\"@type\":\"ListItem\",\"position\":2,\"name\":\"Akademie\"}]},{\"@type\":\"WebSite\",\"@id\":\"https:\/\/blogs.donboscovolunteers.de\/josiasimausland\/#website\",\"url\":\"https:\/\/blogs.donboscovolunteers.de\/josiasimausland\/\",\"name\":\"Josias im Ausland\",\"description\":\"Oberbayern statt &quot;Pampa&quot;\",\"potentialAction\":[{\"@type\":\"SearchAction\",\"target\":{\"@type\":\"EntryPoint\",\"urlTemplate\":\"https:\/\/blogs.donboscovolunteers.de\/josiasimausland\/?s={search_term_string}\"},\"query-input\":{\"@type\":\"PropertyValueSpecification\",\"valueRequired\":true,\"valueName\":\"search_term_string\"}}],\"inLanguage\":\"de\"}]}<\/script>\n<!-- \/ Yoast SEO plugin. -->","yoast_head_json":{"title":"Akademie - Josias im Ausland","robots":{"index":"index","follow":"follow","max-snippet":"max-snippet:-1","max-image-preview":"max-image-preview:large","max-video-preview":"max-video-preview:-1"},"canonical":"https:\/\/blogs.donboscovolunteers.de\/josiasimausland\/akademie\/","og_locale":"de_DE","og_type":"article","og_title":"Akademie - Josias im Ausland","og_description":"Akademie, das klingt so abgehoben. Kenne ich pers\u00f6nlich eher von Hochbegabtenf\u00f6rderungen oder Stipendien. Aber so krass ist das gar nicht. Akademie, genau genommen Don Bosco Volunteers Akademie, bedeutet, dass wir, alle 25 Auslandsvolont\u00e4re, in Benediktbeuern in der Jugendherberge des Klosters sind. Wir wohnen, schlafen und leben hier. Erstmal nat\u00fcrlich etwas gew\u00f6hnungsbed\u00fcrftig in einer Riesen- WG, [&hellip;]","og_url":"https:\/\/blogs.donboscovolunteers.de\/josiasimausland\/akademie\/","og_site_name":"Josias im Ausland","article_modified_time":"2020-12-28T15:11:22+00:00","og_image":[{"url":"https:\/\/blogs.donboscovolunteers.de\/josiasimausland\/wp-content\/uploads\/sites\/21629\/2020\/11\/WhatsApp-Image-2020-11-30-at-02.26.22-1024x768.jpeg","type":"","width":"","height":""}],"twitter_card":"summary_large_image","twitter_misc":{"Gesch\u00e4tzte Lesezeit":"3\u00a0Minuten"},"schema":{"@context":"https:\/\/schema.org","@graph":[{"@type":"WebPage","@id":"https:\/\/blogs.donboscovolunteers.de\/josiasimausland\/akademie\/","url":"https:\/\/blogs.donboscovolunteers.de\/josiasimausland\/akademie\/","name":"Akademie - Josias im Ausland","isPartOf":{"@id":"https:\/\/blogs.donboscovolunteers.de\/josiasimausland\/#website"},"primaryImageOfPage":{"@id":"https:\/\/blogs.donboscovolunteers.de\/josiasimausland\/akademie\/#primaryimage"},"image":{"@id":"https:\/\/blogs.donboscovolunteers.de\/josiasimausland\/akademie\/#primaryimage"},"thumbnailUrl":"https:\/\/blogs.donboscovolunteers.de\/josiasimausland\/wp-content\/uploads\/sites\/21629\/2020\/11\/WhatsApp-Image-2020-11-30-at-02.26.22-1024x768.jpeg","datePublished":"2020-11-30T00:48:28+00:00","dateModified":"2020-12-28T15:11:22+00:00","breadcrumb":{"@id":"https:\/\/blogs.donboscovolunteers.de\/josiasimausland\/akademie\/#breadcrumb"},"inLanguage":"de","potentialAction":[{"@type":"ReadAction","target":["https:\/\/blogs.donboscovolunteers.de\/josiasimausland\/akademie\/"]}]},{"@type":"ImageObject","inLanguage":"de","@id":"https:\/\/blogs.donboscovolunteers.de\/josiasimausland\/akademie\/#primaryimage","url":"https:\/\/blogs.donboscovolunteers.de\/josiasimausland\/wp-content\/uploads\/sites\/21629\/2020\/11\/WhatsApp-Image-2020-11-30-at-02.26.22-1024x768.jpeg","contentUrl":"https:\/\/blogs.donboscovolunteers.de\/josiasimausland\/wp-content\/uploads\/sites\/21629\/2020\/11\/WhatsApp-Image-2020-11-30-at-02.26.22-1024x768.jpeg"},{"@type":"BreadcrumbList","@id":"https:\/\/blogs.donboscovolunteers.de\/josiasimausland\/akademie\/#breadcrumb","itemListElement":[{"@type":"ListItem","position":1,"name":"Startseite","item":"https:\/\/blogs.donboscovolunteers.de\/josiasimausland\/"},{"@type":"ListItem","position":2,"name":"Akademie"}]},{"@type":"WebSite","@id":"https:\/\/blogs.donboscovolunteers.de\/josiasimausland\/#website","url":"https:\/\/blogs.donboscovolunteers.de\/josiasimausland\/","name":"Josias im Ausland","description":"Oberbayern statt &quot;Pampa&quot;","potentialAction":[{"@type":"SearchAction","target":{"@type":"EntryPoint","urlTemplate":"https:\/\/blogs.donboscovolunteers.de\/josiasimausland\/?s={search_term_string}"},"query-input":{"@type":"PropertyValueSpecification","valueRequired":true,"valueName":"search_term_string"}}],"inLanguage":"de"}]}},"_links":{"self":[{"href":"https:\/\/blogs.donboscovolunteers.de\/josiasimausland\/wp-json\/wp\/v2\/pages\/87","targetHints":{"allow":["GET"]}}],"collection":[{"href":"https:\/\/blogs.donboscovolunteers.de\/josiasimausland\/wp-json\/wp\/v2\/pages"}],"about":[{"href":"https:\/\/blogs.donboscovolunteers.de\/josiasimausland\/wp-json\/wp\/v2\/types\/page"}],"author":[{"embeddable":true,"href":"https:\/\/blogs.donboscovolunteers.de\/josiasimausland\/wp-json\/wp\/v2\/users\/21694"}],"replies":[{"embeddable":true,"href":"https:\/\/blogs.donboscovolunteers.de\/josiasimausland\/wp-json\/wp\/v2\/comments?post=87"}],"version-history":[{"count":7,"href":"https:\/\/blogs.donboscovolunteers.de\/josiasimausland\/wp-json\/wp\/v2\/pages\/87\/revisions"}],"predecessor-version":[{"id":120,"href":"https:\/\/blogs.donboscovolunteers.de\/josiasimausland\/wp-json\/wp\/v2\/pages\/87\/revisions\/120"}],"wp:attachment":[{"href":"https:\/\/blogs.donboscovolunteers.de\/josiasimausland\/wp-json\/wp\/v2\/media?parent=87"}],"curies":[{"name":"wp","href":"https:\/\/api.w.org\/{rel}","templated":true}]}}