{"id":45,"date":"2020-11-25T20:59:02","date_gmt":"2020-11-25T19:59:02","guid":{"rendered":"https:\/\/blogs.donboscovolunteers.de\/josiasimausland\/?page_id=45"},"modified":"2020-12-28T16:08:42","modified_gmt":"2020-12-28T15:08:42","slug":"spenden","status":"publish","type":"page","link":"https:\/\/blogs.donboscovolunteers.de\/josiasimausland\/spenden\/","title":{"rendered":"Spenden"},"content":{"rendered":"<p>Hallo Ihr Lieben! Sch\u00f6n, dass Ihr dem Spendenaufruf gefolgt seid. Nochmal kurz zur Erl\u00e4uterung: Mein Auslandsfreiwilligendienst findet im Rahmen des weltw\u00e4rts-Programms statt. Dieses sieht vor, dass 75% der Kosten des Diensts von der Bundesregierung \u00fcbernommen werden, der Restbetrag liegt beim Freiwilligen. Jetzt bin ich nat\u00fcrlich nicht im Ausland, Kosten in der Akademie und im Praktikum fallen dennoch an. <\/p>\n\n\n\n<h4 class=\"wp-block-heading\">Warum aber f\u00fcr meinen <a href=\"https:\/\/www.donboscovolunteers.de\/\">Freiwilligendienst<\/a> spenden, wenn dieser gar nicht so stattfindet, wie geplant? <\/h4>\n\n\n\n<p>Naja, auch wenn ich nicht im Ausland Erfahrungen sammeln kann, lerne ich in dieser Zeit hier in Deutschland unglaublich viel. Unglaublich viel \u00fcber mich, \u00fcber die Gesellschaft und \u00fcber unsere Weltgemeinschaft. Ich erlange ein Bewusstsein daf\u00fcr, was es bedeutet, in unserer modernen Welt Verantwortung zu \u00fcbernehmen. Insofern sind Spenden f\u00fcr meinen Freiwilligendienst auch Investitionen f\u00fcr eine nachhaltige Welt. Zudem werden die Spenden bei Weitem nicht nur f\u00fcr die Finanzierung der Freiwilligendienste genutzt, sondern unterst\u00fctzen die Einrichtungen Don Boscos weltweit. Gerade in Zeiten von Corona ist dies von besonderer Bedeutung. <\/p>\n\n\n\n<h4 class=\"wp-block-heading\">Und nun?<\/h4>\n\n\n\n<p>Bevor Ihr jetzt sagt, dass \u00fcberzeugt Euch nicht, ich m\u00f6chte eher f\u00fcr konkrete Entwicklungszusammenarbeit spenden, lade ich Euch gerne ein, mit mir ins Gespr\u00e4ch zu kommen. Ich freue mich, wenn Euch sich bei mir melden! Meine Email Adresse lautet: milan.grube@gmx.de<\/p>\n\n\n\n<h4 class=\"wp-block-heading\">Hier mein Spendenkonto:<\/h4>\n\n\n\n<p><a href=\"https:\/\/www.donboscomission.de\/don-bosco\/\">DON Bosco<\/a>&nbsp;Mission<\/p>\n\n\n\n<p>Liga Bank M\u00fcnchen<\/p>\n\n\n\n<p>IBAN: DE667509 0300 0102 1418 76<\/p>\n\n\n\n<p>BIC: GENODEF1M05<\/p>\n\n\n\n<p> Verwendungszweck: &#8222;Josias Grube + S20VB009&#8220;<\/p>\n\n\n\n<p>Jede Spende z\u00e4hlt!  Auf Anfrage kann ich Euch auch gerne eine Spendenbescheinigung ausstellen. Gebt mir daf\u00fcr im Verwendungszweck Eure Adresse an. Kontaktiert mich daf\u00fcr auch unter milan.grube@gmx.de<\/p>\n\n\n\n<h4 class=\"wp-block-heading\">P.S.:<\/h4>\n\n\n\n<p>Auch anderen von meinem besonderen Freiwilligendienst zu berichten hilft mir sehr!<\/p>","protected":false},"excerpt":{"rendered":"<p>Hallo Ihr Lieben! Sch\u00f6n, dass Ihr dem Spendenaufruf gefolgt seid. Nochmal kurz zur Erl\u00e4uterung: Mein Auslandsfreiwilligendienst findet im Rahmen des weltw\u00e4rts-Programms statt. Dieses sieht vor, dass 75% der Kosten des Diensts von der Bundesregierung \u00fcbernommen werden, der Restbetrag liegt beim Freiwilligen. Jetzt bin ich nat\u00fcrlich nicht im Ausland, Kosten in der Akademie und im Praktikum [&hellip;]<\/p>\n","protected":false},"author":21694,"featured_media":0,"parent":0,"menu_order":0,"comment_status":"closed","ping_status":"closed","template":"","meta":{"footnotes":""},"class_list":["post-45","page","type-page","status-publish","hentry"],"yoast_head":"<!-- This site is optimized with the Yoast SEO plugin v25.3.1 - https:\/\/yoast.com\/wordpress\/plugins\/seo\/ -->\n<title>Spenden - Josias im Ausland<\/title>\n<meta name=\"robots\" content=\"index, follow, max-snippet:-1, max-image-preview:large, max-video-preview:-1\" \/>\n<link rel=\"canonical\" href=\"https:\/\/blogs.donboscovolunteers.de\/josiasimausland\/spenden\/\" \/>\n<meta property=\"og:locale\" content=\"de_DE\" \/>\n<meta property=\"og:type\" content=\"article\" \/>\n<meta property=\"og:title\" content=\"Spenden - Josias im Ausland\" \/>\n<meta property=\"og:description\" content=\"Hallo Ihr Lieben! Sch\u00f6n, dass Ihr dem Spendenaufruf gefolgt seid. Nochmal kurz zur Erl\u00e4uterung: Mein Auslandsfreiwilligendienst findet im Rahmen des weltw\u00e4rts-Programms statt. Dieses sieht vor, dass 75% der Kosten des Diensts von der Bundesregierung \u00fcbernommen werden, der Restbetrag liegt beim Freiwilligen. Jetzt bin ich nat\u00fcrlich nicht im Ausland, Kosten in der Akademie und im Praktikum [&hellip;]\" \/>\n<meta property=\"og:url\" content=\"https:\/\/blogs.donboscovolunteers.de\/josiasimausland\/spenden\/\" \/>\n<meta property=\"og:site_name\" content=\"Josias im Ausland\" \/>\n<meta property=\"article:modified_time\" content=\"2020-12-28T15:08:42+00:00\" \/>\n<meta name=\"twitter:card\" content=\"summary_large_image\" \/>\n<meta name=\"twitter:label1\" content=\"Gesch\u00e4tzte Lesezeit\" \/>\n\t<meta name=\"twitter:data1\" content=\"1\u00a0Minute\" \/>\n<script type=\"application\/ld+json\" class=\"yoast-schema-graph\">{\"@context\":\"https:\/\/schema.org\",\"@graph\":[{\"@type\":\"WebPage\",\"@id\":\"https:\/\/blogs.donboscovolunteers.de\/josiasimausland\/spenden\/\",\"url\":\"https:\/\/blogs.donboscovolunteers.de\/josiasimausland\/spenden\/\",\"name\":\"Spenden - Josias im Ausland\",\"isPartOf\":{\"@id\":\"https:\/\/blogs.donboscovolunteers.de\/josiasimausland\/#website\"},\"datePublished\":\"2020-11-25T19:59:02+00:00\",\"dateModified\":\"2020-12-28T15:08:42+00:00\",\"breadcrumb\":{\"@id\":\"https:\/\/blogs.donboscovolunteers.de\/josiasimausland\/spenden\/#breadcrumb\"},\"inLanguage\":\"de\",\"potentialAction\":[{\"@type\":\"ReadAction\",\"target\":[\"https:\/\/blogs.donboscovolunteers.de\/josiasimausland\/spenden\/\"]}]},{\"@type\":\"BreadcrumbList\",\"@id\":\"https:\/\/blogs.donboscovolunteers.de\/josiasimausland\/spenden\/#breadcrumb\",\"itemListElement\":[{\"@type\":\"ListItem\",\"position\":1,\"name\":\"Startseite\",\"item\":\"https:\/\/blogs.donboscovolunteers.de\/josiasimausland\/\"},{\"@type\":\"ListItem\",\"position\":2,\"name\":\"Spenden\"}]},{\"@type\":\"WebSite\",\"@id\":\"https:\/\/blogs.donboscovolunteers.de\/josiasimausland\/#website\",\"url\":\"https:\/\/blogs.donboscovolunteers.de\/josiasimausland\/\",\"name\":\"Josias im Ausland\",\"description\":\"Oberbayern statt &quot;Pampa&quot;\",\"potentialAction\":[{\"@type\":\"SearchAction\",\"target\":{\"@type\":\"EntryPoint\",\"urlTemplate\":\"https:\/\/blogs.donboscovolunteers.de\/josiasimausland\/?s={search_term_string}\"},\"query-input\":{\"@type\":\"PropertyValueSpecification\",\"valueRequired\":true,\"valueName\":\"search_term_string\"}}],\"inLanguage\":\"de\"}]}<\/script>\n<!-- \/ Yoast SEO plugin. -->","yoast_head_json":{"title":"Spenden - Josias im Ausland","robots":{"index":"index","follow":"follow","max-snippet":"max-snippet:-1","max-image-preview":"max-image-preview:large","max-video-preview":"max-video-preview:-1"},"canonical":"https:\/\/blogs.donboscovolunteers.de\/josiasimausland\/spenden\/","og_locale":"de_DE","og_type":"article","og_title":"Spenden - Josias im Ausland","og_description":"Hallo Ihr Lieben! Sch\u00f6n, dass Ihr dem Spendenaufruf gefolgt seid. Nochmal kurz zur Erl\u00e4uterung: Mein Auslandsfreiwilligendienst findet im Rahmen des weltw\u00e4rts-Programms statt. Dieses sieht vor, dass 75% der Kosten des Diensts von der Bundesregierung \u00fcbernommen werden, der Restbetrag liegt beim Freiwilligen. Jetzt bin ich nat\u00fcrlich nicht im Ausland, Kosten in der Akademie und im Praktikum [&hellip;]","og_url":"https:\/\/blogs.donboscovolunteers.de\/josiasimausland\/spenden\/","og_site_name":"Josias im Ausland","article_modified_time":"2020-12-28T15:08:42+00:00","twitter_card":"summary_large_image","twitter_misc":{"Gesch\u00e4tzte Lesezeit":"1\u00a0Minute"},"schema":{"@context":"https:\/\/schema.org","@graph":[{"@type":"WebPage","@id":"https:\/\/blogs.donboscovolunteers.de\/josiasimausland\/spenden\/","url":"https:\/\/blogs.donboscovolunteers.de\/josiasimausland\/spenden\/","name":"Spenden - Josias im Ausland","isPartOf":{"@id":"https:\/\/blogs.donboscovolunteers.de\/josiasimausland\/#website"},"datePublished":"2020-11-25T19:59:02+00:00","dateModified":"2020-12-28T15:08:42+00:00","breadcrumb":{"@id":"https:\/\/blogs.donboscovolunteers.de\/josiasimausland\/spenden\/#breadcrumb"},"inLanguage":"de","potentialAction":[{"@type":"ReadAction","target":["https:\/\/blogs.donboscovolunteers.de\/josiasimausland\/spenden\/"]}]},{"@type":"BreadcrumbList","@id":"https:\/\/blogs.donboscovolunteers.de\/josiasimausland\/spenden\/#breadcrumb","itemListElement":[{"@type":"ListItem","position":1,"name":"Startseite","item":"https:\/\/blogs.donboscovolunteers.de\/josiasimausland\/"},{"@type":"ListItem","position":2,"name":"Spenden"}]},{"@type":"WebSite","@id":"https:\/\/blogs.donboscovolunteers.de\/josiasimausland\/#website","url":"https:\/\/blogs.donboscovolunteers.de\/josiasimausland\/","name":"Josias im Ausland","description":"Oberbayern statt &quot;Pampa&quot;","potentialAction":[{"@type":"SearchAction","target":{"@type":"EntryPoint","urlTemplate":"https:\/\/blogs.donboscovolunteers.de\/josiasimausland\/?s={search_term_string}"},"query-input":{"@type":"PropertyValueSpecification","valueRequired":true,"valueName":"search_term_string"}}],"inLanguage":"de"}]}},"_links":{"self":[{"href":"https:\/\/blogs.donboscovolunteers.de\/josiasimausland\/wp-json\/wp\/v2\/pages\/45","targetHints":{"allow":["GET"]}}],"collection":[{"href":"https:\/\/blogs.donboscovolunteers.de\/josiasimausland\/wp-json\/wp\/v2\/pages"}],"about":[{"href":"https:\/\/blogs.donboscovolunteers.de\/josiasimausland\/wp-json\/wp\/v2\/types\/page"}],"author":[{"embeddable":true,"href":"https:\/\/blogs.donboscovolunteers.de\/josiasimausland\/wp-json\/wp\/v2\/users\/21694"}],"replies":[{"embeddable":true,"href":"https:\/\/blogs.donboscovolunteers.de\/josiasimausland\/wp-json\/wp\/v2\/comments?post=45"}],"version-history":[{"count":4,"href":"https:\/\/blogs.donboscovolunteers.de\/josiasimausland\/wp-json\/wp\/v2\/pages\/45\/revisions"}],"predecessor-version":[{"id":118,"href":"https:\/\/blogs.donboscovolunteers.de\/josiasimausland\/wp-json\/wp\/v2\/pages\/45\/revisions\/118"}],"wp:attachment":[{"href":"https:\/\/blogs.donboscovolunteers.de\/josiasimausland\/wp-json\/wp\/v2\/media?parent=45"}],"curies":[{"name":"wp","href":"https:\/\/api.w.org\/{rel}","templated":true}]}}