{"id":52,"date":"2017-10-17T13:30:44","date_gmt":"2017-10-17T11:30:44","guid":{"rendered":"https:\/\/blogs.donboscovolunteers.de\/josefinsambia\/?page_id=52"},"modified":"2017-10-18T13:46:44","modified_gmt":"2017-10-18T11:46:44","slug":"spenden","status":"publish","type":"page","link":"https:\/\/blogs.donboscovolunteers.de\/josefinsambia\/spenden\/","title":{"rendered":"Spenden"},"content":{"rendered":"<p align=\"left\">Mein Auslandsjahr wird \u00fcber die staatliche F\u00f6rderung \u201eweltw\u00e4rts\u201c finanziert. Diese sieht es vor, dass 75% der Kosten f\u00fcr das Auslandsjahr vom Staat getragen werden und 25% von der Entsendeorganisation aufgebracht werden m\u00fcssen.<\/p>\n<p align=\"left\">Wie bei den meisten Organisationen soll bei <a href=\"https:\/\/www.donboscomission.de\/don-bosco\/\">Don Bosco<\/a> ein Teil der Kosten durch einen Spendenkreis finanziert werden, den die Freiwilligen aufbauen sollen. Auf diese Weise ist jeder Freiwillige angehalten 2400\u20ac zu sammeln, die einen Gro\u00dfteil der Kosten der Organisation decken. Diesen Betrag hatte ich dank vieler und gro\u00dfz\u00fcgiger Spenden bereits vor meiner Ausreise zusammen. Alles, was \u00fcber diese 2400\u20ac hinaus auf mein pers\u00f6nliches Spendenkonto bei Don Bosco eingezahlt wird, kann ich in meiner Einrichtung hier in Sambia verwenden. Ich kann entscheiden, wof\u00fcr genau ich das Geld ausgeben m\u00f6chte, es muss aber sowohl mit Don Bosco in Deutschland, als auch mit der Leitung der Einrichtung hier vor Ort abgesprochen werden.<\/p>\n<p align=\"left\">Ideen, wof\u00fcr man die Spenden verwenden k\u00f6nnte, habe ich schon einige. Auf dem Basketballfeld fehlt ein Korb, es gibt keinen intakten Fu\u00dfball, im Jugendzentrum sind einige Schl\u00f6sser defekt und es fehlen \u00fcberall Gl\u00fchbirnen.<\/p>\n<p align=\"left\">Falls Sie f\u00fcr meine Einrichtung Spenden m\u00f6chten, k\u00f6nnen Sie das auf das folgende Konto tun:<\/p>\n<p align=\"left\">\n<p><script src=\"https:\/\/api.spendino.de\/admanager\/forms\/display\/1803\"><\/script><\/p>\n<pre><span style=\"font-family: Liberation Serif,serif;\"><span style=\"font-size: medium;\">Don Bosco Mission\r\n<\/span><\/span>\r\n<span style=\"font-family: Liberation Serif,serif;\"><span style=\"font-size: medium;\">Sparkasse K\u00f6ln Bonn<\/span><\/span>\r\n<span style=\"font-family: Liberation Serif,serif;\"><span style=\"font-size: medium;\">IBAN: DE89 3705 0198 0000 0994 99<\/span><\/span>\r\n<span style=\"font-family: Liberation Serif,serif;\"><span style=\"font-size: medium;\">BIC: COLSDE 33<\/span><\/span>\r\n<span style=\"font-family: Liberation Serif,serif;\"><span style=\"font-size: medium;\">Verwendungszweck: Josef Schubert R511715\r\n<\/span><\/span><\/pre>\n<p align=\"left\"><strong>Vielen Dank!<\/strong><\/p>\n","protected":false},"excerpt":{"rendered":"<p>Mein Auslandsjahr wird \u00fcber die staatliche F\u00f6rderung \u201eweltw\u00e4rts\u201c finanziert. Diese sieht es vor, dass 75% der Kosten f\u00fcr das Auslandsjahr vom Staat getragen werden und 25% von der Entsendeorganisation aufgebracht werden m\u00fcssen. Wie bei den meisten Organisationen soll bei <a href=\"https:\/\/www.donboscomission.de\/don-bosco\/\">Don Bosco<\/a> ein Teil der Kosten durch einen Spendenkreis finanziert werden, den die Freiwilligen aufbauen sollen. [&hellip;]<\/p>\n","protected":false},"author":21563,"featured_media":0,"parent":0,"menu_order":0,"comment_status":"closed","ping_status":"closed","template":"","meta":{"footnotes":""},"class_list":["post-52","page","type-page","status-publish","hentry"],"yoast_head":"<!-- This site is optimized with the Yoast SEO plugin v25.3.1 - https:\/\/yoast.com\/wordpress\/plugins\/seo\/ -->\n<title>Spenden - Josef in Sambia<\/title>\n<meta name=\"robots\" content=\"index, follow, max-snippet:-1, max-image-preview:large, max-video-preview:-1\" \/>\n<link rel=\"canonical\" href=\"https:\/\/blogs.donboscovolunteers.de\/josefinsambia\/spenden\/\" \/>\n<meta property=\"og:locale\" content=\"de_DE\" \/>\n<meta property=\"og:type\" content=\"article\" \/>\n<meta property=\"og:title\" content=\"Spenden - Josef in Sambia\" \/>\n<meta property=\"og:description\" content=\"Mein Auslandsjahr wird \u00fcber die staatliche F\u00f6rderung \u201eweltw\u00e4rts\u201c finanziert. Diese sieht es vor, dass 75% der Kosten f\u00fcr das Auslandsjahr vom Staat getragen werden und 25% von der Entsendeorganisation aufgebracht werden m\u00fcssen. Wie bei den meisten Organisationen soll bei Don Bosco ein Teil der Kosten durch einen Spendenkreis finanziert werden, den die Freiwilligen aufbauen sollen. [&hellip;]\" \/>\n<meta property=\"og:url\" content=\"https:\/\/blogs.donboscovolunteers.de\/josefinsambia\/spenden\/\" \/>\n<meta property=\"og:site_name\" content=\"Josef in Sambia\" \/>\n<meta property=\"article:modified_time\" content=\"2017-10-18T11:46:44+00:00\" \/>\n<meta name=\"twitter:card\" content=\"summary_large_image\" \/>\n<meta name=\"twitter:label1\" content=\"Gesch\u00e4tzte Lesezeit\" \/>\n\t<meta name=\"twitter:data1\" content=\"1\u00a0Minute\" \/>\n<script type=\"application\/ld+json\" class=\"yoast-schema-graph\">{\"@context\":\"https:\/\/schema.org\",\"@graph\":[{\"@type\":\"WebPage\",\"@id\":\"https:\/\/blogs.donboscovolunteers.de\/josefinsambia\/spenden\/\",\"url\":\"https:\/\/blogs.donboscovolunteers.de\/josefinsambia\/spenden\/\",\"name\":\"Spenden - Josef in Sambia\",\"isPartOf\":{\"@id\":\"https:\/\/blogs.donboscovolunteers.de\/josefinsambia\/#website\"},\"datePublished\":\"2017-10-17T11:30:44+00:00\",\"dateModified\":\"2017-10-18T11:46:44+00:00\",\"breadcrumb\":{\"@id\":\"https:\/\/blogs.donboscovolunteers.de\/josefinsambia\/spenden\/#breadcrumb\"},\"inLanguage\":\"de\",\"potentialAction\":[{\"@type\":\"ReadAction\",\"target\":[\"https:\/\/blogs.donboscovolunteers.de\/josefinsambia\/spenden\/\"]}]},{\"@type\":\"BreadcrumbList\",\"@id\":\"https:\/\/blogs.donboscovolunteers.de\/josefinsambia\/spenden\/#breadcrumb\",\"itemListElement\":[{\"@type\":\"ListItem\",\"position\":1,\"name\":\"Startseite\",\"item\":\"https:\/\/blogs.donboscovolunteers.de\/josefinsambia\/\"},{\"@type\":\"ListItem\",\"position\":2,\"name\":\"Spenden\"}]},{\"@type\":\"WebSite\",\"@id\":\"https:\/\/blogs.donboscovolunteers.de\/josefinsambia\/#website\",\"url\":\"https:\/\/blogs.donboscovolunteers.de\/josefinsambia\/\",\"name\":\"Josef in Sambia\",\"description\":\"Geschichten aus meinem Auslandsjahr mit Don Bosco\",\"potentialAction\":[{\"@type\":\"SearchAction\",\"target\":{\"@type\":\"EntryPoint\",\"urlTemplate\":\"https:\/\/blogs.donboscovolunteers.de\/josefinsambia\/?s={search_term_string}\"},\"query-input\":{\"@type\":\"PropertyValueSpecification\",\"valueRequired\":true,\"valueName\":\"search_term_string\"}}],\"inLanguage\":\"de\"}]}<\/script>\n<!-- \/ Yoast SEO plugin. -->","yoast_head_json":{"title":"Spenden - Josef in Sambia","robots":{"index":"index","follow":"follow","max-snippet":"max-snippet:-1","max-image-preview":"max-image-preview:large","max-video-preview":"max-video-preview:-1"},"canonical":"https:\/\/blogs.donboscovolunteers.de\/josefinsambia\/spenden\/","og_locale":"de_DE","og_type":"article","og_title":"Spenden - Josef in Sambia","og_description":"Mein Auslandsjahr wird \u00fcber die staatliche F\u00f6rderung \u201eweltw\u00e4rts\u201c finanziert. Diese sieht es vor, dass 75% der Kosten f\u00fcr das Auslandsjahr vom Staat getragen werden und 25% von der Entsendeorganisation aufgebracht werden m\u00fcssen. Wie bei den meisten Organisationen soll bei Don Bosco ein Teil der Kosten durch einen Spendenkreis finanziert werden, den die Freiwilligen aufbauen sollen. [&hellip;]","og_url":"https:\/\/blogs.donboscovolunteers.de\/josefinsambia\/spenden\/","og_site_name":"Josef in Sambia","article_modified_time":"2017-10-18T11:46:44+00:00","twitter_card":"summary_large_image","twitter_misc":{"Gesch\u00e4tzte Lesezeit":"1\u00a0Minute"},"schema":{"@context":"https:\/\/schema.org","@graph":[{"@type":"WebPage","@id":"https:\/\/blogs.donboscovolunteers.de\/josefinsambia\/spenden\/","url":"https:\/\/blogs.donboscovolunteers.de\/josefinsambia\/spenden\/","name":"Spenden - Josef in Sambia","isPartOf":{"@id":"https:\/\/blogs.donboscovolunteers.de\/josefinsambia\/#website"},"datePublished":"2017-10-17T11:30:44+00:00","dateModified":"2017-10-18T11:46:44+00:00","breadcrumb":{"@id":"https:\/\/blogs.donboscovolunteers.de\/josefinsambia\/spenden\/#breadcrumb"},"inLanguage":"de","potentialAction":[{"@type":"ReadAction","target":["https:\/\/blogs.donboscovolunteers.de\/josefinsambia\/spenden\/"]}]},{"@type":"BreadcrumbList","@id":"https:\/\/blogs.donboscovolunteers.de\/josefinsambia\/spenden\/#breadcrumb","itemListElement":[{"@type":"ListItem","position":1,"name":"Startseite","item":"https:\/\/blogs.donboscovolunteers.de\/josefinsambia\/"},{"@type":"ListItem","position":2,"name":"Spenden"}]},{"@type":"WebSite","@id":"https:\/\/blogs.donboscovolunteers.de\/josefinsambia\/#website","url":"https:\/\/blogs.donboscovolunteers.de\/josefinsambia\/","name":"Josef in Sambia","description":"Geschichten aus meinem Auslandsjahr mit Don Bosco","potentialAction":[{"@type":"SearchAction","target":{"@type":"EntryPoint","urlTemplate":"https:\/\/blogs.donboscovolunteers.de\/josefinsambia\/?s={search_term_string}"},"query-input":{"@type":"PropertyValueSpecification","valueRequired":true,"valueName":"search_term_string"}}],"inLanguage":"de"}]}},"_links":{"self":[{"href":"https:\/\/blogs.donboscovolunteers.de\/josefinsambia\/wp-json\/wp\/v2\/pages\/52","targetHints":{"allow":["GET"]}}],"collection":[{"href":"https:\/\/blogs.donboscovolunteers.de\/josefinsambia\/wp-json\/wp\/v2\/pages"}],"about":[{"href":"https:\/\/blogs.donboscovolunteers.de\/josefinsambia\/wp-json\/wp\/v2\/types\/page"}],"author":[{"embeddable":true,"href":"https:\/\/blogs.donboscovolunteers.de\/josefinsambia\/wp-json\/wp\/v2\/users\/21563"}],"replies":[{"embeddable":true,"href":"https:\/\/blogs.donboscovolunteers.de\/josefinsambia\/wp-json\/wp\/v2\/comments?post=52"}],"version-history":[{"count":6,"href":"https:\/\/blogs.donboscovolunteers.de\/josefinsambia\/wp-json\/wp\/v2\/pages\/52\/revisions"}],"predecessor-version":[{"id":60,"href":"https:\/\/blogs.donboscovolunteers.de\/josefinsambia\/wp-json\/wp\/v2\/pages\/52\/revisions\/60"}],"wp:attachment":[{"href":"https:\/\/blogs.donboscovolunteers.de\/josefinsambia\/wp-json\/wp\/v2\/media?parent=52"}],"curies":[{"name":"wp","href":"https:\/\/api.w.org\/{rel}","templated":true}]}}