{"id":42,"date":"2025-09-16T07:37:50","date_gmt":"2025-09-16T05:37:50","guid":{"rendered":"https:\/\/blogs.donboscovolunteers.de\/johannainsrilanka\/?page_id=42"},"modified":"2025-09-16T07:37:51","modified_gmt":"2025-09-16T05:37:51","slug":"ueber-mich","status":"publish","type":"page","link":"https:\/\/blogs.donboscovolunteers.de\/johannainsrilanka\/ueber-mich\/","title":{"rendered":"\u00dcber mich"},"content":{"rendered":"<p>Mein Name ist Johanna Thielges, ich bin 19 Jahre alt und komme aus Bad Honnef in der N\u00e4he von Bonn.&nbsp;<\/p>\n\n\n\n<p>Nach 13 Jahren Gesamtschule Sankt Josef und einem kleinen Umweg \u00fcber Winterberg durfte ich am 4.07.2025 mein Abitur in den H\u00e4nden halten.&nbsp;<\/p>\n\n\n\n<p>Ich w\u00fcrde mich als eine hilfsbereite, weltoffene und verr\u00fcckte Person beschreiben. Ich versuche immer, es meinen Mitmenschen recht zu machen und habe ein offenes Ohr f\u00fcr sie.<\/p>\n\n\n\n<p>Seitdem ich denken kann liebe ich es Sport zu machen.&nbsp;<\/p>\n\n\n\n<p>2022 bin ich in das Skiinternat nach Winterberg gezogen, wo ich zwei Jahre lang Leistungssport im Bereich Biathlon betrieben habe. In dieser Zeit habe ich jedoch erkannt, dass der Leistungssport nicht mein Weg ist. Stattdessen wurde mir klar, dass ich meine Begeisterung f\u00fcr den Sport viel lieber mit Kindern und Jugendlichen teilen m\u00f6chte.<\/p>\n\n\n\n<p>Die Arbeit mit jungen Menschen liegt mir besonders am Herzen. Schon in der Vergangenheit durfte ich erleben, wie bereichernd diese T\u00e4tigkeit sein kann. Beispielsweise war ich als Obermessdienerin in der Pfarrgemeinde Bad Honnef t\u00e4tig. Dabei habe ich unter anderem den Kindern das Messdienen beigebracht und habe verschiedene Veranstaltungen mitorganisiert. W\u00e4hrend meines Freiwilligendienstes m\u00f6chte ich daher dazu beitragen, Kindern und Jugendlichen Freude zu schenken und ihnen ein L\u00e4cheln ins Gesicht zu zaubern.<\/p>\n\n\n\n<p>Besonders gepr\u00e4gt hat mich der <a href=\"https:\/\/www.donboscovolunteers.de\/\">Freiwilligendienst<\/a> meines Bruders in Sambia in 2017\/2018. Als ich ihn damals mit zw\u00f6lf Jahren besucht habe, war ich tief beeindruckt von seiner Arbeit und habe zu meiner Mutter gesagt: \u201eWenn ich so gro\u00df bin wie Daniel, m\u00f6chte ich das auch machen.\u201c<\/p>\n\n\n\n<p>Und was soll ich sagen, jetzt ist dieser Wunsch Realit\u00e4t geworden und ich sitze gerade im Flieger in Richtung \u201eAbenteuer Sri Lanka\u201c.<\/p>\n\n\n\n<p>Johanna \ud83d\ude42<\/p>\n\n\n\n<p><\/p>","protected":false},"excerpt":{"rendered":"<p>Mein Name ist Johanna Thielges, ich bin 19 Jahre alt und komme aus Bad Honnef in der N\u00e4he von Bonn.&nbsp; Nach 13 Jahren Gesamtschule Sankt Josef und einem kleinen Umweg \u00fcber Winterberg durfte ich am 4.07.2025 mein Abitur in den H\u00e4nden halten.&nbsp; Ich w\u00fcrde mich als eine hilfsbereite, weltoffene und verr\u00fcckte Person beschreiben. Ich versuche [&hellip;]<\/p>\n","protected":false},"author":21853,"featured_media":43,"parent":0,"menu_order":0,"comment_status":"closed","ping_status":"closed","template":"","meta":{"footnotes":""},"class_list":["post-42","page","type-page","status-publish","has-post-thumbnail","hentry"],"yoast_head":"<!-- This site is optimized with the Yoast SEO plugin v25.3.1 - https:\/\/yoast.com\/wordpress\/plugins\/seo\/ -->\n<title>\u00dcber mich - Johanna in Sri Lanka<\/title>\n<meta name=\"robots\" content=\"index, follow, max-snippet:-1, max-image-preview:large, max-video-preview:-1\" \/>\n<link rel=\"canonical\" href=\"https:\/\/blogs.donboscovolunteers.de\/johannainsrilanka\/ueber-mich\/\" \/>\n<meta property=\"og:locale\" content=\"de_DE\" \/>\n<meta property=\"og:type\" content=\"article\" \/>\n<meta property=\"og:title\" content=\"\u00dcber mich - Johanna in Sri Lanka\" \/>\n<meta property=\"og:description\" content=\"Mein Name ist Johanna Thielges, ich bin 19 Jahre alt und komme aus Bad Honnef in der N\u00e4he von Bonn.&nbsp; Nach 13 Jahren Gesamtschule Sankt Josef und einem kleinen Umweg \u00fcber Winterberg durfte ich am 4.07.2025 mein Abitur in den H\u00e4nden halten.&nbsp; Ich w\u00fcrde mich als eine hilfsbereite, weltoffene und verr\u00fcckte Person beschreiben. Ich versuche [&hellip;]\" \/>\n<meta property=\"og:url\" content=\"https:\/\/blogs.donboscovolunteers.de\/johannainsrilanka\/ueber-mich\/\" \/>\n<meta property=\"og:site_name\" content=\"Johanna in Sri Lanka\" \/>\n<meta property=\"article:modified_time\" content=\"2025-09-16T05:37:51+00:00\" \/>\n<meta property=\"og:image\" content=\"https:\/\/blogs.donboscovolunteers.de\/johannainsrilanka\/wp-content\/uploads\/sites\/21762\/2025\/09\/IMG_3894-2.jpeg\" \/>\n\t<meta property=\"og:image:width\" content=\"1280\" \/>\n\t<meta property=\"og:image:height\" content=\"377\" \/>\n\t<meta property=\"og:image:type\" content=\"image\/jpeg\" \/>\n<meta name=\"twitter:card\" content=\"summary_large_image\" \/>\n<meta name=\"twitter:label1\" content=\"Gesch\u00e4tzte Lesezeit\" \/>\n\t<meta name=\"twitter:data1\" content=\"1\u00a0Minute\" \/>\n<script type=\"application\/ld+json\" class=\"yoast-schema-graph\">{\"@context\":\"https:\/\/schema.org\",\"@graph\":[{\"@type\":\"WebPage\",\"@id\":\"https:\/\/blogs.donboscovolunteers.de\/johannainsrilanka\/ueber-mich\/\",\"url\":\"https:\/\/blogs.donboscovolunteers.de\/johannainsrilanka\/ueber-mich\/\",\"name\":\"\u00dcber mich - Johanna in Sri Lanka\",\"isPartOf\":{\"@id\":\"https:\/\/blogs.donboscovolunteers.de\/johannainsrilanka\/#website\"},\"primaryImageOfPage\":{\"@id\":\"https:\/\/blogs.donboscovolunteers.de\/johannainsrilanka\/ueber-mich\/#primaryimage\"},\"image\":{\"@id\":\"https:\/\/blogs.donboscovolunteers.de\/johannainsrilanka\/ueber-mich\/#primaryimage\"},\"thumbnailUrl\":\"https:\/\/blogs.donboscovolunteers.de\/johannainsrilanka\/wp-content\/uploads\/sites\/21762\/2025\/09\/IMG_3894-2.jpeg\",\"datePublished\":\"2025-09-16T05:37:50+00:00\",\"dateModified\":\"2025-09-16T05:37:51+00:00\",\"breadcrumb\":{\"@id\":\"https:\/\/blogs.donboscovolunteers.de\/johannainsrilanka\/ueber-mich\/#breadcrumb\"},\"inLanguage\":\"de\",\"potentialAction\":[{\"@type\":\"ReadAction\",\"target\":[\"https:\/\/blogs.donboscovolunteers.de\/johannainsrilanka\/ueber-mich\/\"]}]},{\"@type\":\"ImageObject\",\"inLanguage\":\"de\",\"@id\":\"https:\/\/blogs.donboscovolunteers.de\/johannainsrilanka\/ueber-mich\/#primaryimage\",\"url\":\"https:\/\/blogs.donboscovolunteers.de\/johannainsrilanka\/wp-content\/uploads\/sites\/21762\/2025\/09\/IMG_3894-2.jpeg\",\"contentUrl\":\"https:\/\/blogs.donboscovolunteers.de\/johannainsrilanka\/wp-content\/uploads\/sites\/21762\/2025\/09\/IMG_3894-2.jpeg\",\"width\":1280,\"height\":377},{\"@type\":\"BreadcrumbList\",\"@id\":\"https:\/\/blogs.donboscovolunteers.de\/johannainsrilanka\/ueber-mich\/#breadcrumb\",\"itemListElement\":[{\"@type\":\"ListItem\",\"position\":1,\"name\":\"Startseite\",\"item\":\"https:\/\/blogs.donboscovolunteers.de\/johannainsrilanka\/\"},{\"@type\":\"ListItem\",\"position\":2,\"name\":\"\u00dcber mich\"}]},{\"@type\":\"WebSite\",\"@id\":\"https:\/\/blogs.donboscovolunteers.de\/johannainsrilanka\/#website\",\"url\":\"https:\/\/blogs.donboscovolunteers.de\/johannainsrilanka\/\",\"name\":\"Johanna in Sri Lanka\",\"description\":\"\",\"potentialAction\":[{\"@type\":\"SearchAction\",\"target\":{\"@type\":\"EntryPoint\",\"urlTemplate\":\"https:\/\/blogs.donboscovolunteers.de\/johannainsrilanka\/?s={search_term_string}\"},\"query-input\":{\"@type\":\"PropertyValueSpecification\",\"valueRequired\":true,\"valueName\":\"search_term_string\"}}],\"inLanguage\":\"de\"}]}<\/script>\n<!-- \/ Yoast SEO plugin. -->","yoast_head_json":{"title":"\u00dcber mich - Johanna in Sri Lanka","robots":{"index":"index","follow":"follow","max-snippet":"max-snippet:-1","max-image-preview":"max-image-preview:large","max-video-preview":"max-video-preview:-1"},"canonical":"https:\/\/blogs.donboscovolunteers.de\/johannainsrilanka\/ueber-mich\/","og_locale":"de_DE","og_type":"article","og_title":"\u00dcber mich - Johanna in Sri Lanka","og_description":"Mein Name ist Johanna Thielges, ich bin 19 Jahre alt und komme aus Bad Honnef in der N\u00e4he von Bonn.&nbsp; Nach 13 Jahren Gesamtschule Sankt Josef und einem kleinen Umweg \u00fcber Winterberg durfte ich am 4.07.2025 mein Abitur in den H\u00e4nden halten.&nbsp; Ich w\u00fcrde mich als eine hilfsbereite, weltoffene und verr\u00fcckte Person beschreiben. Ich versuche [&hellip;]","og_url":"https:\/\/blogs.donboscovolunteers.de\/johannainsrilanka\/ueber-mich\/","og_site_name":"Johanna in Sri Lanka","article_modified_time":"2025-09-16T05:37:51+00:00","og_image":[{"width":1280,"height":377,"url":"https:\/\/blogs.donboscovolunteers.de\/johannainsrilanka\/wp-content\/uploads\/sites\/21762\/2025\/09\/IMG_3894-2.jpeg","type":"image\/jpeg"}],"twitter_card":"summary_large_image","twitter_misc":{"Gesch\u00e4tzte Lesezeit":"1\u00a0Minute"},"schema":{"@context":"https:\/\/schema.org","@graph":[{"@type":"WebPage","@id":"https:\/\/blogs.donboscovolunteers.de\/johannainsrilanka\/ueber-mich\/","url":"https:\/\/blogs.donboscovolunteers.de\/johannainsrilanka\/ueber-mich\/","name":"\u00dcber mich - Johanna in Sri Lanka","isPartOf":{"@id":"https:\/\/blogs.donboscovolunteers.de\/johannainsrilanka\/#website"},"primaryImageOfPage":{"@id":"https:\/\/blogs.donboscovolunteers.de\/johannainsrilanka\/ueber-mich\/#primaryimage"},"image":{"@id":"https:\/\/blogs.donboscovolunteers.de\/johannainsrilanka\/ueber-mich\/#primaryimage"},"thumbnailUrl":"https:\/\/blogs.donboscovolunteers.de\/johannainsrilanka\/wp-content\/uploads\/sites\/21762\/2025\/09\/IMG_3894-2.jpeg","datePublished":"2025-09-16T05:37:50+00:00","dateModified":"2025-09-16T05:37:51+00:00","breadcrumb":{"@id":"https:\/\/blogs.donboscovolunteers.de\/johannainsrilanka\/ueber-mich\/#breadcrumb"},"inLanguage":"de","potentialAction":[{"@type":"ReadAction","target":["https:\/\/blogs.donboscovolunteers.de\/johannainsrilanka\/ueber-mich\/"]}]},{"@type":"ImageObject","inLanguage":"de","@id":"https:\/\/blogs.donboscovolunteers.de\/johannainsrilanka\/ueber-mich\/#primaryimage","url":"https:\/\/blogs.donboscovolunteers.de\/johannainsrilanka\/wp-content\/uploads\/sites\/21762\/2025\/09\/IMG_3894-2.jpeg","contentUrl":"https:\/\/blogs.donboscovolunteers.de\/johannainsrilanka\/wp-content\/uploads\/sites\/21762\/2025\/09\/IMG_3894-2.jpeg","width":1280,"height":377},{"@type":"BreadcrumbList","@id":"https:\/\/blogs.donboscovolunteers.de\/johannainsrilanka\/ueber-mich\/#breadcrumb","itemListElement":[{"@type":"ListItem","position":1,"name":"Startseite","item":"https:\/\/blogs.donboscovolunteers.de\/johannainsrilanka\/"},{"@type":"ListItem","position":2,"name":"\u00dcber mich"}]},{"@type":"WebSite","@id":"https:\/\/blogs.donboscovolunteers.de\/johannainsrilanka\/#website","url":"https:\/\/blogs.donboscovolunteers.de\/johannainsrilanka\/","name":"Johanna in Sri Lanka","description":"","potentialAction":[{"@type":"SearchAction","target":{"@type":"EntryPoint","urlTemplate":"https:\/\/blogs.donboscovolunteers.de\/johannainsrilanka\/?s={search_term_string}"},"query-input":{"@type":"PropertyValueSpecification","valueRequired":true,"valueName":"search_term_string"}}],"inLanguage":"de"}]}},"_links":{"self":[{"href":"https:\/\/blogs.donboscovolunteers.de\/johannainsrilanka\/wp-json\/wp\/v2\/pages\/42","targetHints":{"allow":["GET"]}}],"collection":[{"href":"https:\/\/blogs.donboscovolunteers.de\/johannainsrilanka\/wp-json\/wp\/v2\/pages"}],"about":[{"href":"https:\/\/blogs.donboscovolunteers.de\/johannainsrilanka\/wp-json\/wp\/v2\/types\/page"}],"author":[{"embeddable":true,"href":"https:\/\/blogs.donboscovolunteers.de\/johannainsrilanka\/wp-json\/wp\/v2\/users\/21853"}],"replies":[{"embeddable":true,"href":"https:\/\/blogs.donboscovolunteers.de\/johannainsrilanka\/wp-json\/wp\/v2\/comments?post=42"}],"version-history":[{"count":1,"href":"https:\/\/blogs.donboscovolunteers.de\/johannainsrilanka\/wp-json\/wp\/v2\/pages\/42\/revisions"}],"predecessor-version":[{"id":44,"href":"https:\/\/blogs.donboscovolunteers.de\/johannainsrilanka\/wp-json\/wp\/v2\/pages\/42\/revisions\/44"}],"wp:featuredmedia":[{"embeddable":true,"href":"https:\/\/blogs.donboscovolunteers.de\/johannainsrilanka\/wp-json\/wp\/v2\/media\/43"}],"wp:attachment":[{"href":"https:\/\/blogs.donboscovolunteers.de\/johannainsrilanka\/wp-json\/wp\/v2\/media?parent=42"}],"curies":[{"name":"wp","href":"https:\/\/api.w.org\/{rel}","templated":true}]}}