{"id":89,"date":"2024-08-24T11:01:03","date_gmt":"2024-08-24T09:01:03","guid":{"rendered":"https:\/\/blogs.donboscovolunteers.de\/johannainkolumbien\/?page_id=89"},"modified":"2024-09-10T13:21:09","modified_gmt":"2024-09-10T11:21:09","slug":"mein-projekt","status":"publish","type":"page","link":"https:\/\/blogs.donboscovolunteers.de\/johannainkolumbien\/mein-projekt\/","title":{"rendered":"Mein Projekt"},"content":{"rendered":"<p>Dank der Initiative &#8222;weltw\u00e4rts&#8220; habe ich die M\u00f6glichkeit meinen <a href=\"https:\/\/www.donboscovolunteers.de\/\">Freiwilligendienst<\/a> in Medellin (Kolumbien) zu beginnen. Das weltw\u00e4rts-Programm wurde 2008 vom Bundesministerium f\u00fcr wirtschaftliche Zusammenarbeit und Entwicklung ins Leben gerufen, um den interkulturellen Austausch zu f\u00f6rdern. Es erm\u00f6glicht jungen Menschen wie auch mir, an entwicklungspolitischen Projekten weltweit teilzunehmen und wertvolle Erfahrungen zu sammeln.<br>Das Besondere am weltw\u00e4rts-Programm ist, dass nicht nur der Austausch in eine Richtung unterst\u00fctzt wird: Auch junge Menschen aus anderen L\u00e4ndern bekommen die M\u00f6glichkeit nach Deutschland zu kommen, um hier einen Freiwilligendienst zu leisten. Tr\u00e4gerorganisationen wie &#8222;<a href=\"https:\/\/www.donboscomission.de\/don-bosco\/\">Don Bosco<\/a> Volunteers&#8220; koordieren und organisieren die Eins\u00e4tze vor Ort, w\u00e4hrend weltw\u00e4rts die finanzielle &amp; strukturelle Unterst\u00fctzung bereitstellt.<br>Dabei ist &#8222;Don Bosco Volunteers&#8220; ist ein wesentlicher Bestandteil der Salesianer Don Bosco, einer katholischen Ordensgemeinschaft, die sich im Globalen S\u00fcden f\u00fcr benachteiligte &amp; vernachl\u00e4ssigte Kinder sowie Jugendliche einsetzt.<br>So meinte einst Giovanni Bosco: <\/p>\n\n\n\n<p><strong>&#8222;Diese Kinder sind Edelsteine, die auf der Stra\u00dfe liegen. Sie m\u00fcssen nur aufgehoben werden, und schon leuchten sie&#8220;<br><\/strong><\/p>\n\n\n\n<p><br>Weitere Informationen \u00fcber Don Bosco Volunteers findest du hier               https:\/\/www.donboscovolunteers.de\/<\/p>\n\n\n\n<p>F\u00fcr weitere Informationen \u00fcber das weltw\u00e4rts-Programm<br>https:\/\/www.weltwaerts.de\/de\/<\/p>\n\n\n\n<p><\/p>\n\n\n\n<h2 class=\"wp-block-heading\">Wohin geht&#8217;s eigentlich? <\/h2>\n\n\n\n<p><br>Ab September 2024 zieht es mich nach Medellin, eine Millionenstadt auf 1500 Metern H\u00f6he im Nordwesten Kolumbiens, die auch als die &#8222;Stadt des ewigen Fr\u00fchlings&#8220; bekannt ist. <br>In der Vergangenheit erreichte die Stadt eher durch negative Thematiken beispielsweise durch das Medellin-Kartell, den Einflusses Pablo Escobars sowie der damit steigenden Lebensgefahr. In den 90er hatte Medellin die h\u00f6chste Mordrate der Welt und galt damit als die gef\u00e4hrlichste Stadt unserer Erde. Auch nach dem Tod Ecobars blieb es noch lang ziemlich gef\u00e4hrlich, denn in verschiedenen Orten entwickelten sich rivalisierende Guerillabewegungen wie die FARC und ELN, die heftige Revierk\u00e4mpfe f\u00fchrten. Diese Konflikte in Medellin wurden zu einem Sinnbild f\u00fcr die gesamte Situation Kolumbiens, welches sich zwischenzeitlich in b\u00fcrgerkriegs\u00e4hnlicher Stimmung befand. <br>Trotzdessen das sich die Gesamtsituation deutlich verbessert hat, ist Medellin ein Ort, an dem das Leid der vergangenen Jahre bis heute sp\u00fcrbare Wunden hinterlassen hat. Auch wenn Medellin nicht mehr so gef\u00e4hrlich ist wie es einmal war, stellen Drogen, Kriminalit\u00e4t und Gewalt besonders in den unteren Klassen riesen Problematiken dar. <br>Hierbei trifft es vorallem die Schw\u00e4chsten, die unschuldigsten Mitglieder der Gesellschaft &#8211; die Kinder. Damit die Schicksale einiger Kinder davor bewahrt werden gibt es dank Don Bosco eine Einrichtung in Medellin f\u00fcr ca. 300 Kinder und Jugendliche. <\/p>\n\n\n<div class=\"wp-block-image\">\n<figure class=\"aligncenter size-full is-resized\"><img loading=\"lazy\" decoding=\"async\" width=\"542\" height=\"415\" src=\"https:\/\/blogs.donboscovolunteers.de\/johannainkolumbien\/wp-content\/uploads\/sites\/21705\/2024\/09\/Medellin-1.png\" alt=\"\" class=\"wp-image-143\" style=\"width:369px;height:auto\" srcset=\"https:\/\/blogs.donboscovolunteers.de\/johannainkolumbien\/wp-content\/uploads\/sites\/21705\/2024\/09\/Medellin-1.png 542w, https:\/\/blogs.donboscovolunteers.de\/johannainkolumbien\/wp-content\/uploads\/sites\/21705\/2024\/09\/Medellin-1-300x230.png 300w\" sizes=\"auto, (max-width: 542px) 100vw, 542px\" \/><\/figure>\n<\/div>","protected":false},"excerpt":{"rendered":"<p>Dank der Initiative &#8222;weltw\u00e4rts&#8220; habe ich die M\u00f6glichkeit meinen <a href=\"https:\/\/www.donboscovolunteers.de\/\">Freiwilligendienst<\/a> in Medellin (Kolumbien) zu beginnen. Das weltw\u00e4rts-Programm wurde 2008 vom Bundesministerium f\u00fcr wirtschaftliche Zusammenarbeit und Entwicklung ins Leben gerufen, um den interkulturellen Austausch zu f\u00f6rdern. Es erm\u00f6glicht jungen Menschen wie auch mir, an entwicklungspolitischen Projekten weltweit teilzunehmen und wertvolle Erfahrungen zu sammeln.Das Besondere am weltw\u00e4rts-Programm [&hellip;]<\/p>\n","protected":false},"author":21820,"featured_media":0,"parent":0,"menu_order":0,"comment_status":"closed","ping_status":"closed","template":"","meta":{"footnotes":""},"class_list":["post-89","page","type-page","status-publish","hentry"],"yoast_head":"<!-- This site is optimized with the Yoast SEO plugin v25.3.1 - https:\/\/yoast.com\/wordpress\/plugins\/seo\/ -->\n<title>Mein Projekt - Johanna in Kolumbien<\/title>\n<meta name=\"robots\" content=\"index, follow, max-snippet:-1, max-image-preview:large, max-video-preview:-1\" \/>\n<link rel=\"canonical\" href=\"https:\/\/blogs.donboscovolunteers.de\/johannainkolumbien\/mein-projekt\/\" \/>\n<meta property=\"og:locale\" content=\"de_DE\" \/>\n<meta property=\"og:type\" content=\"article\" \/>\n<meta property=\"og:title\" content=\"Mein Projekt - Johanna in Kolumbien\" \/>\n<meta property=\"og:description\" content=\"Dank der Initiative &#8222;weltw\u00e4rts&#8220; habe ich die M\u00f6glichkeit meinen Freiwilligendienst in Medellin (Kolumbien) zu beginnen. Das weltw\u00e4rts-Programm wurde 2008 vom Bundesministerium f\u00fcr wirtschaftliche Zusammenarbeit und Entwicklung ins Leben gerufen, um den interkulturellen Austausch zu f\u00f6rdern. Es erm\u00f6glicht jungen Menschen wie auch mir, an entwicklungspolitischen Projekten weltweit teilzunehmen und wertvolle Erfahrungen zu sammeln.Das Besondere am weltw\u00e4rts-Programm [&hellip;]\" \/>\n<meta property=\"og:url\" content=\"https:\/\/blogs.donboscovolunteers.de\/johannainkolumbien\/mein-projekt\/\" \/>\n<meta property=\"og:site_name\" content=\"Johanna in Kolumbien\" \/>\n<meta property=\"article:modified_time\" content=\"2024-09-10T11:21:09+00:00\" \/>\n<meta property=\"og:image\" content=\"https:\/\/blogs.donboscovolunteers.de\/johannainkolumbien\/wp-content\/uploads\/sites\/21705\/2024\/09\/Medellin-1.png\" \/>\n<meta name=\"twitter:card\" content=\"summary_large_image\" \/>\n<meta name=\"twitter:label1\" content=\"Gesch\u00e4tzte Lesezeit\" \/>\n\t<meta name=\"twitter:data1\" content=\"3\u00a0Minuten\" \/>\n<script type=\"application\/ld+json\" class=\"yoast-schema-graph\">{\"@context\":\"https:\/\/schema.org\",\"@graph\":[{\"@type\":\"WebPage\",\"@id\":\"https:\/\/blogs.donboscovolunteers.de\/johannainkolumbien\/mein-projekt\/\",\"url\":\"https:\/\/blogs.donboscovolunteers.de\/johannainkolumbien\/mein-projekt\/\",\"name\":\"Mein Projekt - Johanna in Kolumbien\",\"isPartOf\":{\"@id\":\"https:\/\/blogs.donboscovolunteers.de\/johannainkolumbien\/#website\"},\"primaryImageOfPage\":{\"@id\":\"https:\/\/blogs.donboscovolunteers.de\/johannainkolumbien\/mein-projekt\/#primaryimage\"},\"image\":{\"@id\":\"https:\/\/blogs.donboscovolunteers.de\/johannainkolumbien\/mein-projekt\/#primaryimage\"},\"thumbnailUrl\":\"https:\/\/blogs.donboscovolunteers.de\/johannainkolumbien\/wp-content\/uploads\/sites\/21705\/2024\/09\/Medellin-1.png\",\"datePublished\":\"2024-08-24T09:01:03+00:00\",\"dateModified\":\"2024-09-10T11:21:09+00:00\",\"breadcrumb\":{\"@id\":\"https:\/\/blogs.donboscovolunteers.de\/johannainkolumbien\/mein-projekt\/#breadcrumb\"},\"inLanguage\":\"de\",\"potentialAction\":[{\"@type\":\"ReadAction\",\"target\":[\"https:\/\/blogs.donboscovolunteers.de\/johannainkolumbien\/mein-projekt\/\"]}]},{\"@type\":\"ImageObject\",\"inLanguage\":\"de\",\"@id\":\"https:\/\/blogs.donboscovolunteers.de\/johannainkolumbien\/mein-projekt\/#primaryimage\",\"url\":\"https:\/\/blogs.donboscovolunteers.de\/johannainkolumbien\/wp-content\/uploads\/sites\/21705\/2024\/09\/Medellin-1.png\",\"contentUrl\":\"https:\/\/blogs.donboscovolunteers.de\/johannainkolumbien\/wp-content\/uploads\/sites\/21705\/2024\/09\/Medellin-1.png\",\"width\":542,\"height\":415},{\"@type\":\"BreadcrumbList\",\"@id\":\"https:\/\/blogs.donboscovolunteers.de\/johannainkolumbien\/mein-projekt\/#breadcrumb\",\"itemListElement\":[{\"@type\":\"ListItem\",\"position\":1,\"name\":\"Startseite\",\"item\":\"https:\/\/blogs.donboscovolunteers.de\/johannainkolumbien\/\"},{\"@type\":\"ListItem\",\"position\":2,\"name\":\"Mein Projekt\"}]},{\"@type\":\"WebSite\",\"@id\":\"https:\/\/blogs.donboscovolunteers.de\/johannainkolumbien\/#website\",\"url\":\"https:\/\/blogs.donboscovolunteers.de\/johannainkolumbien\/\",\"name\":\"Johanna in Kolumbien\",\"description\":\"\",\"potentialAction\":[{\"@type\":\"SearchAction\",\"target\":{\"@type\":\"EntryPoint\",\"urlTemplate\":\"https:\/\/blogs.donboscovolunteers.de\/johannainkolumbien\/?s={search_term_string}\"},\"query-input\":{\"@type\":\"PropertyValueSpecification\",\"valueRequired\":true,\"valueName\":\"search_term_string\"}}],\"inLanguage\":\"de\"}]}<\/script>\n<!-- \/ Yoast SEO plugin. -->","yoast_head_json":{"title":"Mein Projekt - Johanna in Kolumbien","robots":{"index":"index","follow":"follow","max-snippet":"max-snippet:-1","max-image-preview":"max-image-preview:large","max-video-preview":"max-video-preview:-1"},"canonical":"https:\/\/blogs.donboscovolunteers.de\/johannainkolumbien\/mein-projekt\/","og_locale":"de_DE","og_type":"article","og_title":"Mein Projekt - Johanna in Kolumbien","og_description":"Dank der Initiative &#8222;weltw\u00e4rts&#8220; habe ich die M\u00f6glichkeit meinen Freiwilligendienst in Medellin (Kolumbien) zu beginnen. Das weltw\u00e4rts-Programm wurde 2008 vom Bundesministerium f\u00fcr wirtschaftliche Zusammenarbeit und Entwicklung ins Leben gerufen, um den interkulturellen Austausch zu f\u00f6rdern. Es erm\u00f6glicht jungen Menschen wie auch mir, an entwicklungspolitischen Projekten weltweit teilzunehmen und wertvolle Erfahrungen zu sammeln.Das Besondere am weltw\u00e4rts-Programm [&hellip;]","og_url":"https:\/\/blogs.donboscovolunteers.de\/johannainkolumbien\/mein-projekt\/","og_site_name":"Johanna in Kolumbien","article_modified_time":"2024-09-10T11:21:09+00:00","og_image":[{"url":"https:\/\/blogs.donboscovolunteers.de\/johannainkolumbien\/wp-content\/uploads\/sites\/21705\/2024\/09\/Medellin-1.png","type":"","width":"","height":""}],"twitter_card":"summary_large_image","twitter_misc":{"Gesch\u00e4tzte Lesezeit":"3\u00a0Minuten"},"schema":{"@context":"https:\/\/schema.org","@graph":[{"@type":"WebPage","@id":"https:\/\/blogs.donboscovolunteers.de\/johannainkolumbien\/mein-projekt\/","url":"https:\/\/blogs.donboscovolunteers.de\/johannainkolumbien\/mein-projekt\/","name":"Mein Projekt - Johanna in Kolumbien","isPartOf":{"@id":"https:\/\/blogs.donboscovolunteers.de\/johannainkolumbien\/#website"},"primaryImageOfPage":{"@id":"https:\/\/blogs.donboscovolunteers.de\/johannainkolumbien\/mein-projekt\/#primaryimage"},"image":{"@id":"https:\/\/blogs.donboscovolunteers.de\/johannainkolumbien\/mein-projekt\/#primaryimage"},"thumbnailUrl":"https:\/\/blogs.donboscovolunteers.de\/johannainkolumbien\/wp-content\/uploads\/sites\/21705\/2024\/09\/Medellin-1.png","datePublished":"2024-08-24T09:01:03+00:00","dateModified":"2024-09-10T11:21:09+00:00","breadcrumb":{"@id":"https:\/\/blogs.donboscovolunteers.de\/johannainkolumbien\/mein-projekt\/#breadcrumb"},"inLanguage":"de","potentialAction":[{"@type":"ReadAction","target":["https:\/\/blogs.donboscovolunteers.de\/johannainkolumbien\/mein-projekt\/"]}]},{"@type":"ImageObject","inLanguage":"de","@id":"https:\/\/blogs.donboscovolunteers.de\/johannainkolumbien\/mein-projekt\/#primaryimage","url":"https:\/\/blogs.donboscovolunteers.de\/johannainkolumbien\/wp-content\/uploads\/sites\/21705\/2024\/09\/Medellin-1.png","contentUrl":"https:\/\/blogs.donboscovolunteers.de\/johannainkolumbien\/wp-content\/uploads\/sites\/21705\/2024\/09\/Medellin-1.png","width":542,"height":415},{"@type":"BreadcrumbList","@id":"https:\/\/blogs.donboscovolunteers.de\/johannainkolumbien\/mein-projekt\/#breadcrumb","itemListElement":[{"@type":"ListItem","position":1,"name":"Startseite","item":"https:\/\/blogs.donboscovolunteers.de\/johannainkolumbien\/"},{"@type":"ListItem","position":2,"name":"Mein Projekt"}]},{"@type":"WebSite","@id":"https:\/\/blogs.donboscovolunteers.de\/johannainkolumbien\/#website","url":"https:\/\/blogs.donboscovolunteers.de\/johannainkolumbien\/","name":"Johanna in Kolumbien","description":"","potentialAction":[{"@type":"SearchAction","target":{"@type":"EntryPoint","urlTemplate":"https:\/\/blogs.donboscovolunteers.de\/johannainkolumbien\/?s={search_term_string}"},"query-input":{"@type":"PropertyValueSpecification","valueRequired":true,"valueName":"search_term_string"}}],"inLanguage":"de"}]}},"_links":{"self":[{"href":"https:\/\/blogs.donboscovolunteers.de\/johannainkolumbien\/wp-json\/wp\/v2\/pages\/89","targetHints":{"allow":["GET"]}}],"collection":[{"href":"https:\/\/blogs.donboscovolunteers.de\/johannainkolumbien\/wp-json\/wp\/v2\/pages"}],"about":[{"href":"https:\/\/blogs.donboscovolunteers.de\/johannainkolumbien\/wp-json\/wp\/v2\/types\/page"}],"author":[{"embeddable":true,"href":"https:\/\/blogs.donboscovolunteers.de\/johannainkolumbien\/wp-json\/wp\/v2\/users\/21820"}],"replies":[{"embeddable":true,"href":"https:\/\/blogs.donboscovolunteers.de\/johannainkolumbien\/wp-json\/wp\/v2\/comments?post=89"}],"version-history":[{"count":6,"href":"https:\/\/blogs.donboscovolunteers.de\/johannainkolumbien\/wp-json\/wp\/v2\/pages\/89\/revisions"}],"predecessor-version":[{"id":146,"href":"https:\/\/blogs.donboscovolunteers.de\/johannainkolumbien\/wp-json\/wp\/v2\/pages\/89\/revisions\/146"}],"wp:attachment":[{"href":"https:\/\/blogs.donboscovolunteers.de\/johannainkolumbien\/wp-json\/wp\/v2\/media?parent=89"}],"curies":[{"name":"wp","href":"https:\/\/api.w.org\/{rel}","templated":true}]}}