{"id":61,"date":"2012-08-01T14:07:49","date_gmt":"2012-08-01T14:07:49","guid":{"rendered":"https:\/\/blogs.donboscovolunteers.de\/jjinmanzini\/"},"modified":"2012-09-26T09:11:00","modified_gmt":"2012-09-26T09:11:00","slug":"spenden-jan","status":"publish","type":"page","link":"https:\/\/blogs.donboscovolunteers.de\/jjinmanzini\/jan\/spenden-jan\/","title":{"rendered":"Spenden Jan"},"content":{"rendered":"<p style=\"text-align: center\"><a href=\"https:\/\/blogs.donboscovolunteers.de\/jjinmanzini\/wp-content\/uploads\/sites\/19641\/2012\/08\/DSCN0269.jpg\"><img loading=\"lazy\" decoding=\"async\" class=\"size-medium wp-image-160 aligncenter\" src=\"https:\/\/blogs.donboscovolunteers.de\/jjinmanzini\/wp-content\/uploads\/sites\/19641\/2012\/08\/DSCN0269-300x225.jpg\" alt=\"\" width=\"300\" height=\"225\" srcset=\"https:\/\/blogs.donboscovolunteers.de\/jjinmanzini\/wp-content\/uploads\/sites\/19641\/2012\/08\/DSCN0269-300x225.jpg 300w, https:\/\/blogs.donboscovolunteers.de\/jjinmanzini\/wp-content\/uploads\/sites\/19641\/2012\/08\/DSCN0269-1024x768.jpg 1024w\" sizes=\"auto, (max-width: 300px) 100vw, 300px\" \/><\/a><\/p>\n<p style=\"text-align: justify\">Ich w\u00e4re euch sehr dankbar, wenn ihr meinen Einsatz unterst\u00fctzen w\u00fcrdet. Eure Spende w\u00fcrde mich und das Projekt unterst\u00fczten!<br \/>\nSo stattet Marius, der vor mir in diesem Projekt\u00a0 Freiwilliger was,   mit seinen gesammelten Spenden, einen Musikraum in der Schule aus und  ich hoffe an dieser Arbeit ankn\u00fcpfen zu k\u00f6nnen, um den Kindern meine  Begeisterung f\u00fcr Musik besser vermitteln zu k\u00f6nnen.<br \/>\nIm folgenden findet ihr die Bankverbindung f\u00fcr das Spendenkonto von <a href=\"https:\/\/www.donboscomission.de\/don-bosco\/\">Don Bosco<\/a> Mission.<\/p>\n<p style=\"text-align: center\"><strong>Kontoinh.: Don Bosco Mission<br \/>\nKontonr.: 99 49 9<br \/>\nBLZ.: 370 501 98 Sparkasse K\u00f6ln\/Bonn<\/strong><br \/>\n<strong> Verwendungszweck: AFM 12-168 Jan Dix<\/strong><\/p>\n<p style=\"text-align: justify\">Bitte gebt unter Verwendungszweck unbedingt folgenden Code an: AFM  12-168, damit das Geld auch wirklich an mein Projekt geht! Au\u00dferdem  k\u00f6nnt ihr auch zus\u00e4tzlich Namen und Adresse angeben um eine  Spendenquittung zu bekommen.<\/p>\n<p style=\"text-align: center\"><strong><a href=\"https:\/\/blogs.donboscovolunteers.de\/jjinmanzini\/wp-content\/uploads\/sites\/19641\/2012\/09\/Marimba.jpg\"><img loading=\"lazy\" decoding=\"async\" class=\"aligncenter size-medium wp-image-150\" src=\"https:\/\/blogs.donboscovolunteers.de\/jjinmanzini\/wp-content\/uploads\/sites\/19641\/2012\/09\/Marimba-300x225.jpg\" alt=\"\" width=\"300\" height=\"225\" srcset=\"https:\/\/blogs.donboscovolunteers.de\/jjinmanzini\/wp-content\/uploads\/sites\/19641\/2012\/09\/Marimba-300x225.jpg 300w, https:\/\/blogs.donboscovolunteers.de\/jjinmanzini\/wp-content\/uploads\/sites\/19641\/2012\/09\/Marimba-1024x768.jpg 1024w\" sizes=\"auto, (max-width: 300px) 100vw, 300px\" \/><\/a><\/strong><\/p>\n<p style=\"text-align: justify\">\n<p style=\"text-align: justify\">\n<p style=\"text-align: center\"><strong> <\/strong><\/p>\n","protected":false},"excerpt":{"rendered":"<p>Ich w\u00e4re euch sehr dankbar, wenn ihr meinen Einsatz unterst\u00fctzen w\u00fcrdet. Eure Spende w\u00fcrde mich und das Projekt unterst\u00fczten! So stattet Marius, der vor mir in diesem Projekt\u00a0 Freiwilliger was, mit seinen gesammelten Spenden, einen Musikraum in der Schule aus und ich hoffe an dieser Arbeit ankn\u00fcpfen zu k\u00f6nnen, um den Kindern meine Begeisterung f\u00fcr [&hellip;]<\/p>\n","protected":false},"author":19668,"featured_media":0,"parent":10,"menu_order":0,"comment_status":"closed","ping_status":"closed","template":"","meta":{"footnotes":""},"class_list":["post-61","page","type-page","status-publish","hentry"],"yoast_head":"<!-- This site is optimized with the Yoast SEO plugin v25.3.1 - https:\/\/yoast.com\/wordpress\/plugins\/seo\/ -->\n<title>Spenden Jan - Im letzten K\u00f6nigreich<\/title>\n<meta name=\"robots\" content=\"index, follow, max-snippet:-1, max-image-preview:large, max-video-preview:-1\" \/>\n<link rel=\"canonical\" href=\"https:\/\/blogs.donboscovolunteers.de\/jjinmanzini\/jan\/spenden-jan\/\" \/>\n<meta property=\"og:locale\" content=\"de_DE\" \/>\n<meta property=\"og:type\" content=\"article\" \/>\n<meta property=\"og:title\" content=\"Spenden Jan - Im letzten K\u00f6nigreich\" \/>\n<meta property=\"og:description\" content=\"Ich w\u00e4re euch sehr dankbar, wenn ihr meinen Einsatz unterst\u00fctzen w\u00fcrdet. Eure Spende w\u00fcrde mich und das Projekt unterst\u00fczten! So stattet Marius, der vor mir in diesem Projekt\u00a0 Freiwilliger was, mit seinen gesammelten Spenden, einen Musikraum in der Schule aus und ich hoffe an dieser Arbeit ankn\u00fcpfen zu k\u00f6nnen, um den Kindern meine Begeisterung f\u00fcr [&hellip;]\" \/>\n<meta property=\"og:url\" content=\"https:\/\/blogs.donboscovolunteers.de\/jjinmanzini\/jan\/spenden-jan\/\" \/>\n<meta property=\"og:site_name\" content=\"Im letzten K\u00f6nigreich\" \/>\n<meta property=\"article:modified_time\" content=\"2012-09-26T09:11:00+00:00\" \/>\n<meta property=\"og:image\" content=\"https:\/\/blogs.donboscovolunteers.de\/jjinmanzini\/wp-content\/uploads\/sites\/19641\/2012\/08\/DSCN0269-300x225.jpg\" \/>\n<meta name=\"twitter:card\" content=\"summary_large_image\" \/>\n<meta name=\"twitter:label1\" content=\"Gesch\u00e4tzte Lesezeit\" \/>\n\t<meta name=\"twitter:data1\" content=\"1\u00a0Minute\" \/>\n<script type=\"application\/ld+json\" class=\"yoast-schema-graph\">{\"@context\":\"https:\/\/schema.org\",\"@graph\":[{\"@type\":\"WebPage\",\"@id\":\"https:\/\/blogs.donboscovolunteers.de\/jjinmanzini\/jan\/spenden-jan\/\",\"url\":\"https:\/\/blogs.donboscovolunteers.de\/jjinmanzini\/jan\/spenden-jan\/\",\"name\":\"Spenden Jan - Im letzten K\u00f6nigreich\",\"isPartOf\":{\"@id\":\"https:\/\/blogs.donboscovolunteers.de\/jjinmanzini\/#website\"},\"primaryImageOfPage\":{\"@id\":\"https:\/\/blogs.donboscovolunteers.de\/jjinmanzini\/jan\/spenden-jan\/#primaryimage\"},\"image\":{\"@id\":\"https:\/\/blogs.donboscovolunteers.de\/jjinmanzini\/jan\/spenden-jan\/#primaryimage\"},\"thumbnailUrl\":\"https:\/\/blogs.donboscovolunteers.de\/jjinmanzini\/wp-content\/uploads\/sites\/19641\/2012\/08\/DSCN0269-300x225.jpg\",\"datePublished\":\"2012-08-01T14:07:49+00:00\",\"dateModified\":\"2012-09-26T09:11:00+00:00\",\"breadcrumb\":{\"@id\":\"https:\/\/blogs.donboscovolunteers.de\/jjinmanzini\/jan\/spenden-jan\/#breadcrumb\"},\"inLanguage\":\"de\",\"potentialAction\":[{\"@type\":\"ReadAction\",\"target\":[\"https:\/\/blogs.donboscovolunteers.de\/jjinmanzini\/jan\/spenden-jan\/\"]}]},{\"@type\":\"ImageObject\",\"inLanguage\":\"de\",\"@id\":\"https:\/\/blogs.donboscovolunteers.de\/jjinmanzini\/jan\/spenden-jan\/#primaryimage\",\"url\":\"https:\/\/blogs.donboscovolunteers.de\/jjinmanzini\/wp-content\/uploads\/sites\/19641\/2012\/08\/DSCN0269.jpg\",\"contentUrl\":\"https:\/\/blogs.donboscovolunteers.de\/jjinmanzini\/wp-content\/uploads\/sites\/19641\/2012\/08\/DSCN0269.jpg\",\"width\":\"4000\",\"height\":\"3000\"},{\"@type\":\"BreadcrumbList\",\"@id\":\"https:\/\/blogs.donboscovolunteers.de\/jjinmanzini\/jan\/spenden-jan\/#breadcrumb\",\"itemListElement\":[{\"@type\":\"ListItem\",\"position\":1,\"name\":\"Startseite\",\"item\":\"https:\/\/blogs.donboscovolunteers.de\/jjinmanzini\/\"},{\"@type\":\"ListItem\",\"position\":2,\"name\":\"Jan Dix\",\"item\":\"https:\/\/blogs.donboscovolunteers.de\/jjinmanzini\/jan\/\"},{\"@type\":\"ListItem\",\"position\":3,\"name\":\"Spenden Jan\"}]},{\"@type\":\"WebSite\",\"@id\":\"https:\/\/blogs.donboscovolunteers.de\/jjinmanzini\/#website\",\"url\":\"https:\/\/blogs.donboscovolunteers.de\/jjinmanzini\/\",\"name\":\"Im letzten K\u00f6nigreich\",\"description\":\"Ein Jahr Swasiland mit Julius und Jan\",\"potentialAction\":[{\"@type\":\"SearchAction\",\"target\":{\"@type\":\"EntryPoint\",\"urlTemplate\":\"https:\/\/blogs.donboscovolunteers.de\/jjinmanzini\/?s={search_term_string}\"},\"query-input\":{\"@type\":\"PropertyValueSpecification\",\"valueRequired\":true,\"valueName\":\"search_term_string\"}}],\"inLanguage\":\"de\"}]}<\/script>\n<!-- \/ Yoast SEO plugin. -->","yoast_head_json":{"title":"Spenden Jan - Im letzten K\u00f6nigreich","robots":{"index":"index","follow":"follow","max-snippet":"max-snippet:-1","max-image-preview":"max-image-preview:large","max-video-preview":"max-video-preview:-1"},"canonical":"https:\/\/blogs.donboscovolunteers.de\/jjinmanzini\/jan\/spenden-jan\/","og_locale":"de_DE","og_type":"article","og_title":"Spenden Jan - Im letzten K\u00f6nigreich","og_description":"Ich w\u00e4re euch sehr dankbar, wenn ihr meinen Einsatz unterst\u00fctzen w\u00fcrdet. Eure Spende w\u00fcrde mich und das Projekt unterst\u00fczten! So stattet Marius, der vor mir in diesem Projekt\u00a0 Freiwilliger was, mit seinen gesammelten Spenden, einen Musikraum in der Schule aus und ich hoffe an dieser Arbeit ankn\u00fcpfen zu k\u00f6nnen, um den Kindern meine Begeisterung f\u00fcr [&hellip;]","og_url":"https:\/\/blogs.donboscovolunteers.de\/jjinmanzini\/jan\/spenden-jan\/","og_site_name":"Im letzten K\u00f6nigreich","article_modified_time":"2012-09-26T09:11:00+00:00","og_image":[{"url":"https:\/\/blogs.donboscovolunteers.de\/jjinmanzini\/wp-content\/uploads\/sites\/19641\/2012\/08\/DSCN0269-300x225.jpg","type":"","width":"","height":""}],"twitter_card":"summary_large_image","twitter_misc":{"Gesch\u00e4tzte Lesezeit":"1\u00a0Minute"},"schema":{"@context":"https:\/\/schema.org","@graph":[{"@type":"WebPage","@id":"https:\/\/blogs.donboscovolunteers.de\/jjinmanzini\/jan\/spenden-jan\/","url":"https:\/\/blogs.donboscovolunteers.de\/jjinmanzini\/jan\/spenden-jan\/","name":"Spenden Jan - Im letzten K\u00f6nigreich","isPartOf":{"@id":"https:\/\/blogs.donboscovolunteers.de\/jjinmanzini\/#website"},"primaryImageOfPage":{"@id":"https:\/\/blogs.donboscovolunteers.de\/jjinmanzini\/jan\/spenden-jan\/#primaryimage"},"image":{"@id":"https:\/\/blogs.donboscovolunteers.de\/jjinmanzini\/jan\/spenden-jan\/#primaryimage"},"thumbnailUrl":"https:\/\/blogs.donboscovolunteers.de\/jjinmanzini\/wp-content\/uploads\/sites\/19641\/2012\/08\/DSCN0269-300x225.jpg","datePublished":"2012-08-01T14:07:49+00:00","dateModified":"2012-09-26T09:11:00+00:00","breadcrumb":{"@id":"https:\/\/blogs.donboscovolunteers.de\/jjinmanzini\/jan\/spenden-jan\/#breadcrumb"},"inLanguage":"de","potentialAction":[{"@type":"ReadAction","target":["https:\/\/blogs.donboscovolunteers.de\/jjinmanzini\/jan\/spenden-jan\/"]}]},{"@type":"ImageObject","inLanguage":"de","@id":"https:\/\/blogs.donboscovolunteers.de\/jjinmanzini\/jan\/spenden-jan\/#primaryimage","url":"https:\/\/blogs.donboscovolunteers.de\/jjinmanzini\/wp-content\/uploads\/sites\/19641\/2012\/08\/DSCN0269.jpg","contentUrl":"https:\/\/blogs.donboscovolunteers.de\/jjinmanzini\/wp-content\/uploads\/sites\/19641\/2012\/08\/DSCN0269.jpg","width":"4000","height":"3000"},{"@type":"BreadcrumbList","@id":"https:\/\/blogs.donboscovolunteers.de\/jjinmanzini\/jan\/spenden-jan\/#breadcrumb","itemListElement":[{"@type":"ListItem","position":1,"name":"Startseite","item":"https:\/\/blogs.donboscovolunteers.de\/jjinmanzini\/"},{"@type":"ListItem","position":2,"name":"Jan Dix","item":"https:\/\/blogs.donboscovolunteers.de\/jjinmanzini\/jan\/"},{"@type":"ListItem","position":3,"name":"Spenden Jan"}]},{"@type":"WebSite","@id":"https:\/\/blogs.donboscovolunteers.de\/jjinmanzini\/#website","url":"https:\/\/blogs.donboscovolunteers.de\/jjinmanzini\/","name":"Im letzten K\u00f6nigreich","description":"Ein Jahr Swasiland mit Julius und Jan","potentialAction":[{"@type":"SearchAction","target":{"@type":"EntryPoint","urlTemplate":"https:\/\/blogs.donboscovolunteers.de\/jjinmanzini\/?s={search_term_string}"},"query-input":{"@type":"PropertyValueSpecification","valueRequired":true,"valueName":"search_term_string"}}],"inLanguage":"de"}]}},"_links":{"self":[{"href":"https:\/\/blogs.donboscovolunteers.de\/jjinmanzini\/wp-json\/wp\/v2\/pages\/61","targetHints":{"allow":["GET"]}}],"collection":[{"href":"https:\/\/blogs.donboscovolunteers.de\/jjinmanzini\/wp-json\/wp\/v2\/pages"}],"about":[{"href":"https:\/\/blogs.donboscovolunteers.de\/jjinmanzini\/wp-json\/wp\/v2\/types\/page"}],"author":[{"embeddable":true,"href":"https:\/\/blogs.donboscovolunteers.de\/jjinmanzini\/wp-json\/wp\/v2\/users\/19668"}],"replies":[{"embeddable":true,"href":"https:\/\/blogs.donboscovolunteers.de\/jjinmanzini\/wp-json\/wp\/v2\/comments?post=61"}],"version-history":[{"count":8,"href":"https:\/\/blogs.donboscovolunteers.de\/jjinmanzini\/wp-json\/wp\/v2\/pages\/61\/revisions"}],"predecessor-version":[{"id":161,"href":"https:\/\/blogs.donboscovolunteers.de\/jjinmanzini\/wp-json\/wp\/v2\/pages\/61\/revisions\/161"}],"up":[{"embeddable":true,"href":"https:\/\/blogs.donboscovolunteers.de\/jjinmanzini\/wp-json\/wp\/v2\/pages\/10"}],"wp:attachment":[{"href":"https:\/\/blogs.donboscovolunteers.de\/jjinmanzini\/wp-json\/wp\/v2\/media?parent=61"}],"curies":[{"name":"wp","href":"https:\/\/api.w.org\/{rel}","templated":true}]}}