{"id":59,"date":"2012-08-01T14:07:23","date_gmt":"2012-08-01T14:07:23","guid":{"rendered":"https:\/\/blogs.donboscovolunteers.de\/jjinmanzini\/"},"modified":"2012-09-23T08:18:44","modified_gmt":"2012-09-23T08:18:44","slug":"spenden-julius","status":"publish","type":"page","link":"https:\/\/blogs.donboscovolunteers.de\/jjinmanzini\/julius\/spenden-julius\/","title":{"rendered":"Spenden Julius"},"content":{"rendered":"<p>Auch ich m\u00f6chte im Rahmen meines Frewilligendienstes Spenden sammeln.<\/p>\n<p>Durch diese Spenden wird das Projekt in Manzini unterst\u00fctzt. Auf welche Weise die Spenden eingesetzt werden, wird mit den Verantwortlichen vor Ort zusammen entschieden. Weiterhin erm\u00f6glichen die Spenden, dass der <a href=\"https:\/\/www.donboscovolunteers.de\/\">Freiwilligendienst<\/a> mit <a href=\"https:\/\/www.donboscomission.de\/don-bosco\/\">Don Bosco<\/a> Volunteers in seiner heutigen Form aufrecht erhalten wird.<\/p>\n<p style=\"text-align: center\"><strong>Kontoinh.: Don Bosco Mission<br \/>\nKontonr.: 99 49 9<br \/>\nBLZ.: 370 501 98 Sparkasse K\u00f6ln\/Bonn<br \/>\nVerwendungszweck: AFM 12-170 Julius Fittkau<\/strong><\/p>\n<p style=\"text-align: left\">Wenn Name und Adresse im Verwendungszweck angegeben sind, gibt es auch eine Spendenquittung.<\/p>\n<p style=\"text-align: center\">Herzlichen Dank im Voraus!<\/p>\n<p style=\"text-align: center\"><a href=\"https:\/\/blogs.donboscovolunteers.de\/jjinmanzini\/wp-content\/uploads\/sites\/19641\/2012\/09\/IMG_0028.jpg\"><img loading=\"lazy\" decoding=\"async\" class=\"aligncenter size-medium wp-image-151\" src=\"https:\/\/blogs.donboscovolunteers.de\/jjinmanzini\/wp-content\/uploads\/sites\/19641\/2012\/09\/IMG_0028-300x225.jpg\" alt=\"\" width=\"300\" height=\"225\" srcset=\"https:\/\/blogs.donboscovolunteers.de\/jjinmanzini\/wp-content\/uploads\/sites\/19641\/2012\/09\/IMG_0028-300x225.jpg 300w, https:\/\/blogs.donboscovolunteers.de\/jjinmanzini\/wp-content\/uploads\/sites\/19641\/2012\/09\/IMG_0028-1024x768.jpg 1024w\" sizes=\"auto, (max-width: 300px) 100vw, 300px\" \/><\/a><\/p>\n","protected":false},"excerpt":{"rendered":"<p>Auch ich m\u00f6chte im Rahmen meines Frewilligendienstes Spenden sammeln. Durch diese Spenden wird das Projekt in Manzini unterst\u00fctzt. Auf welche Weise die Spenden eingesetzt werden, wird mit den Verantwortlichen vor Ort zusammen entschieden. Weiterhin erm\u00f6glichen die Spenden, dass der <a href=\"https:\/\/www.donboscovolunteers.de\/\">Freiwilligendienst<\/a> mit <a href=\"https:\/\/www.donboscomission.de\/don-bosco\/\">Don Bosco<\/a> Volunteers in seiner heutigen Form aufrecht erhalten wird. Kontoinh.: Don Bosco Mission [&hellip;]<\/p>\n","protected":false},"author":19668,"featured_media":0,"parent":18,"menu_order":0,"comment_status":"closed","ping_status":"closed","template":"","meta":{"footnotes":""},"class_list":["post-59","page","type-page","status-publish","hentry"],"yoast_head":"<!-- This site is optimized with the Yoast SEO plugin v25.3.1 - https:\/\/yoast.com\/wordpress\/plugins\/seo\/ -->\n<title>Spenden Julius - Im letzten K\u00f6nigreich<\/title>\n<meta name=\"robots\" content=\"index, follow, max-snippet:-1, max-image-preview:large, max-video-preview:-1\" \/>\n<link rel=\"canonical\" href=\"https:\/\/blogs.donboscovolunteers.de\/jjinmanzini\/julius\/spenden-julius\/\" \/>\n<meta property=\"og:locale\" content=\"de_DE\" \/>\n<meta property=\"og:type\" content=\"article\" \/>\n<meta property=\"og:title\" content=\"Spenden Julius - Im letzten K\u00f6nigreich\" \/>\n<meta property=\"og:description\" content=\"Auch ich m\u00f6chte im Rahmen meines Frewilligendienstes Spenden sammeln. Durch diese Spenden wird das Projekt in Manzini unterst\u00fctzt. Auf welche Weise die Spenden eingesetzt werden, wird mit den Verantwortlichen vor Ort zusammen entschieden. Weiterhin erm\u00f6glichen die Spenden, dass der Freiwilligendienst mit Don Bosco Volunteers in seiner heutigen Form aufrecht erhalten wird. Kontoinh.: Don Bosco Mission [&hellip;]\" \/>\n<meta property=\"og:url\" content=\"https:\/\/blogs.donboscovolunteers.de\/jjinmanzini\/julius\/spenden-julius\/\" \/>\n<meta property=\"og:site_name\" content=\"Im letzten K\u00f6nigreich\" \/>\n<meta property=\"article:modified_time\" content=\"2012-09-23T08:18:44+00:00\" \/>\n<meta property=\"og:image\" content=\"https:\/\/blogs.donboscovolunteers.de\/jjinmanzini\/wp-content\/uploads\/sites\/19641\/2012\/09\/IMG_0028-300x225.jpg\" \/>\n<meta name=\"twitter:card\" content=\"summary_large_image\" \/>\n<script type=\"application\/ld+json\" class=\"yoast-schema-graph\">{\"@context\":\"https:\/\/schema.org\",\"@graph\":[{\"@type\":\"WebPage\",\"@id\":\"https:\/\/blogs.donboscovolunteers.de\/jjinmanzini\/julius\/spenden-julius\/\",\"url\":\"https:\/\/blogs.donboscovolunteers.de\/jjinmanzini\/julius\/spenden-julius\/\",\"name\":\"Spenden Julius - Im letzten K\u00f6nigreich\",\"isPartOf\":{\"@id\":\"https:\/\/blogs.donboscovolunteers.de\/jjinmanzini\/#website\"},\"primaryImageOfPage\":{\"@id\":\"https:\/\/blogs.donboscovolunteers.de\/jjinmanzini\/julius\/spenden-julius\/#primaryimage\"},\"image\":{\"@id\":\"https:\/\/blogs.donboscovolunteers.de\/jjinmanzini\/julius\/spenden-julius\/#primaryimage\"},\"thumbnailUrl\":\"https:\/\/blogs.donboscovolunteers.de\/jjinmanzini\/wp-content\/uploads\/sites\/19641\/2012\/09\/IMG_0028-300x225.jpg\",\"datePublished\":\"2012-08-01T14:07:23+00:00\",\"dateModified\":\"2012-09-23T08:18:44+00:00\",\"breadcrumb\":{\"@id\":\"https:\/\/blogs.donboscovolunteers.de\/jjinmanzini\/julius\/spenden-julius\/#breadcrumb\"},\"inLanguage\":\"de\",\"potentialAction\":[{\"@type\":\"ReadAction\",\"target\":[\"https:\/\/blogs.donboscovolunteers.de\/jjinmanzini\/julius\/spenden-julius\/\"]}]},{\"@type\":\"ImageObject\",\"inLanguage\":\"de\",\"@id\":\"https:\/\/blogs.donboscovolunteers.de\/jjinmanzini\/julius\/spenden-julius\/#primaryimage\",\"url\":\"https:\/\/blogs.donboscovolunteers.de\/jjinmanzini\/wp-content\/uploads\/sites\/19641\/2012\/09\/IMG_0028.jpg\",\"contentUrl\":\"https:\/\/blogs.donboscovolunteers.de\/jjinmanzini\/wp-content\/uploads\/sites\/19641\/2012\/09\/IMG_0028.jpg\",\"width\":\"4320\",\"height\":\"3240\"},{\"@type\":\"BreadcrumbList\",\"@id\":\"https:\/\/blogs.donboscovolunteers.de\/jjinmanzini\/julius\/spenden-julius\/#breadcrumb\",\"itemListElement\":[{\"@type\":\"ListItem\",\"position\":1,\"name\":\"Startseite\",\"item\":\"https:\/\/blogs.donboscovolunteers.de\/jjinmanzini\/\"},{\"@type\":\"ListItem\",\"position\":2,\"name\":\"Julius Fittkau\",\"item\":\"https:\/\/blogs.donboscovolunteers.de\/jjinmanzini\/julius\/\"},{\"@type\":\"ListItem\",\"position\":3,\"name\":\"Spenden Julius\"}]},{\"@type\":\"WebSite\",\"@id\":\"https:\/\/blogs.donboscovolunteers.de\/jjinmanzini\/#website\",\"url\":\"https:\/\/blogs.donboscovolunteers.de\/jjinmanzini\/\",\"name\":\"Im letzten K\u00f6nigreich\",\"description\":\"Ein Jahr Swasiland mit Julius und Jan\",\"potentialAction\":[{\"@type\":\"SearchAction\",\"target\":{\"@type\":\"EntryPoint\",\"urlTemplate\":\"https:\/\/blogs.donboscovolunteers.de\/jjinmanzini\/?s={search_term_string}\"},\"query-input\":{\"@type\":\"PropertyValueSpecification\",\"valueRequired\":true,\"valueName\":\"search_term_string\"}}],\"inLanguage\":\"de\"}]}<\/script>\n<!-- \/ Yoast SEO plugin. -->","yoast_head_json":{"title":"Spenden Julius - Im letzten K\u00f6nigreich","robots":{"index":"index","follow":"follow","max-snippet":"max-snippet:-1","max-image-preview":"max-image-preview:large","max-video-preview":"max-video-preview:-1"},"canonical":"https:\/\/blogs.donboscovolunteers.de\/jjinmanzini\/julius\/spenden-julius\/","og_locale":"de_DE","og_type":"article","og_title":"Spenden Julius - Im letzten K\u00f6nigreich","og_description":"Auch ich m\u00f6chte im Rahmen meines Frewilligendienstes Spenden sammeln. Durch diese Spenden wird das Projekt in Manzini unterst\u00fctzt. Auf welche Weise die Spenden eingesetzt werden, wird mit den Verantwortlichen vor Ort zusammen entschieden. Weiterhin erm\u00f6glichen die Spenden, dass der Freiwilligendienst mit Don Bosco Volunteers in seiner heutigen Form aufrecht erhalten wird. Kontoinh.: Don Bosco Mission [&hellip;]","og_url":"https:\/\/blogs.donboscovolunteers.de\/jjinmanzini\/julius\/spenden-julius\/","og_site_name":"Im letzten K\u00f6nigreich","article_modified_time":"2012-09-23T08:18:44+00:00","og_image":[{"url":"https:\/\/blogs.donboscovolunteers.de\/jjinmanzini\/wp-content\/uploads\/sites\/19641\/2012\/09\/IMG_0028-300x225.jpg","type":"","width":"","height":""}],"twitter_card":"summary_large_image","schema":{"@context":"https:\/\/schema.org","@graph":[{"@type":"WebPage","@id":"https:\/\/blogs.donboscovolunteers.de\/jjinmanzini\/julius\/spenden-julius\/","url":"https:\/\/blogs.donboscovolunteers.de\/jjinmanzini\/julius\/spenden-julius\/","name":"Spenden Julius - Im letzten K\u00f6nigreich","isPartOf":{"@id":"https:\/\/blogs.donboscovolunteers.de\/jjinmanzini\/#website"},"primaryImageOfPage":{"@id":"https:\/\/blogs.donboscovolunteers.de\/jjinmanzini\/julius\/spenden-julius\/#primaryimage"},"image":{"@id":"https:\/\/blogs.donboscovolunteers.de\/jjinmanzini\/julius\/spenden-julius\/#primaryimage"},"thumbnailUrl":"https:\/\/blogs.donboscovolunteers.de\/jjinmanzini\/wp-content\/uploads\/sites\/19641\/2012\/09\/IMG_0028-300x225.jpg","datePublished":"2012-08-01T14:07:23+00:00","dateModified":"2012-09-23T08:18:44+00:00","breadcrumb":{"@id":"https:\/\/blogs.donboscovolunteers.de\/jjinmanzini\/julius\/spenden-julius\/#breadcrumb"},"inLanguage":"de","potentialAction":[{"@type":"ReadAction","target":["https:\/\/blogs.donboscovolunteers.de\/jjinmanzini\/julius\/spenden-julius\/"]}]},{"@type":"ImageObject","inLanguage":"de","@id":"https:\/\/blogs.donboscovolunteers.de\/jjinmanzini\/julius\/spenden-julius\/#primaryimage","url":"https:\/\/blogs.donboscovolunteers.de\/jjinmanzini\/wp-content\/uploads\/sites\/19641\/2012\/09\/IMG_0028.jpg","contentUrl":"https:\/\/blogs.donboscovolunteers.de\/jjinmanzini\/wp-content\/uploads\/sites\/19641\/2012\/09\/IMG_0028.jpg","width":"4320","height":"3240"},{"@type":"BreadcrumbList","@id":"https:\/\/blogs.donboscovolunteers.de\/jjinmanzini\/julius\/spenden-julius\/#breadcrumb","itemListElement":[{"@type":"ListItem","position":1,"name":"Startseite","item":"https:\/\/blogs.donboscovolunteers.de\/jjinmanzini\/"},{"@type":"ListItem","position":2,"name":"Julius Fittkau","item":"https:\/\/blogs.donboscovolunteers.de\/jjinmanzini\/julius\/"},{"@type":"ListItem","position":3,"name":"Spenden Julius"}]},{"@type":"WebSite","@id":"https:\/\/blogs.donboscovolunteers.de\/jjinmanzini\/#website","url":"https:\/\/blogs.donboscovolunteers.de\/jjinmanzini\/","name":"Im letzten K\u00f6nigreich","description":"Ein Jahr Swasiland mit Julius und Jan","potentialAction":[{"@type":"SearchAction","target":{"@type":"EntryPoint","urlTemplate":"https:\/\/blogs.donboscovolunteers.de\/jjinmanzini\/?s={search_term_string}"},"query-input":{"@type":"PropertyValueSpecification","valueRequired":true,"valueName":"search_term_string"}}],"inLanguage":"de"}]}},"_links":{"self":[{"href":"https:\/\/blogs.donboscovolunteers.de\/jjinmanzini\/wp-json\/wp\/v2\/pages\/59","targetHints":{"allow":["GET"]}}],"collection":[{"href":"https:\/\/blogs.donboscovolunteers.de\/jjinmanzini\/wp-json\/wp\/v2\/pages"}],"about":[{"href":"https:\/\/blogs.donboscovolunteers.de\/jjinmanzini\/wp-json\/wp\/v2\/types\/page"}],"author":[{"embeddable":true,"href":"https:\/\/blogs.donboscovolunteers.de\/jjinmanzini\/wp-json\/wp\/v2\/users\/19668"}],"replies":[{"embeddable":true,"href":"https:\/\/blogs.donboscovolunteers.de\/jjinmanzini\/wp-json\/wp\/v2\/comments?post=59"}],"version-history":[{"count":4,"href":"https:\/\/blogs.donboscovolunteers.de\/jjinmanzini\/wp-json\/wp\/v2\/pages\/59\/revisions"}],"predecessor-version":[{"id":127,"href":"https:\/\/blogs.donboscovolunteers.de\/jjinmanzini\/wp-json\/wp\/v2\/pages\/59\/revisions\/127"}],"up":[{"embeddable":true,"href":"https:\/\/blogs.donboscovolunteers.de\/jjinmanzini\/wp-json\/wp\/v2\/pages\/18"}],"wp:attachment":[{"href":"https:\/\/blogs.donboscovolunteers.de\/jjinmanzini\/wp-json\/wp\/v2\/media?parent=59"}],"curies":[{"name":"wp","href":"https:\/\/api.w.org\/{rel}","templated":true}]}}