{"id":34,"date":"2012-08-01T12:13:54","date_gmt":"2012-08-01T12:13:54","guid":{"rendered":"https:\/\/blogs.donboscovolunteers.de\/jjinmanzini\/"},"modified":"2012-08-04T13:02:29","modified_gmt":"2012-08-04T13:02:29","slug":"swasiland","status":"publish","type":"page","link":"https:\/\/blogs.donboscovolunteers.de\/jjinmanzini\/swasiland\/","title":{"rendered":"Swasiland"},"content":{"rendered":"<p style=\"text-align: justify\"><a href=\"..\/wp-content\/uploads\/sites\/19641\/2012\/08\/Falgge.png\"><img loading=\"lazy\" decoding=\"async\" class=\"alignleft\" src=\"..\/wp-content\/uploads\/sites\/19641\/2012\/08\/Falgge.png\" alt=\"\" width=\"209\" height=\"140\" \/><\/a>Swasiland ist ein unabh\u00e4ngiges K\u00f6nigreich zwischen Mosambik und  S\u00fcdafrika und ist mit einer Fl\u00e4che von et<span style=\"color: #000000\">wa 17.000 km\u00b2 gerade einmal halb  so gro\u00df wie Nordrhein Westfalen, daf\u00fcr aber mit einem gewaltigen  Problem: dem <strong>AIDS-Virus<\/strong>.<\/span><\/p>\n<p style=\"text-align: center\"><span style=\"color: #000000\"> <\/span><\/p>\n<p style=\"text-align: justify\"><span style=\"color: #000000\"> <\/span><\/p>\n<p style=\"text-align: justify\"><span style=\"color: #000000\">Bedingt durch Armut, Unwissenheit und Polygamie breitet sich der  HI-Virus rasant aus und zurzeit ist mehr als jeder Dritte mit der  Immunsystemschw\u00e4chenden Krankheit infiziert. Risikogruppen sind  besonders die Menschen zwischen 20 und 40 Jahren, welches ein &#8222;Wegsterben&#8220; \u00a0der mittleren Generationen zur Folge hat. Die durchschnittliche <strong> Lebenserwartung<\/strong> in Swasiland liegt bei <strong>ca. 33 Jahren<\/strong>. Zur\u00fcck bleiben die  Kinder, von denen viele aufgrund des Verlustes der Eltern durch das Virus auf der Stra\u00dfe landen.<\/span><\/p>\n<p style=\"text-align: justify\"><span style=\"color: #000000\">Das <strong>Projekt Manzini Youth Care<\/strong> (MYC), in dem wir f\u00fcr ein Jahr Volunteers \u00a0sein werden, richtet sich im Besonderen an diese Aidswaisen. Im Projekt  werden sie zum Beispiel durch die projekteigene Grundschule auf ihr sp\u00e4teres, unabh\u00e4ngiges Leben vorbereitet.<br \/>\nDie  Kinder bekommen eine Unterkunft und t\u00e4glich mindestens eine warme  Mahlzeit. <\/span><\/p>\n<p style=\"text-align: justify\"><span style=\"color: #000000\">Ab September werden wir die Kinder bei ihren Hausaufgaben unterst\u00fctzen, mit ihnen unterschiedlichste Freizeitaktivit\u00e4ten durchf\u00fchren und ein offenes Ohr f\u00fcr all das bieten, was ihnen auf dem Herzen liegt. Unsere genauen T\u00e4tigkeitsbereiche werden sich jedoch genauer herauskristallisieren, wenn wir im Projekt angekommen sind.<\/span><\/p>\n","protected":false},"excerpt":{"rendered":"<p>Swasiland ist ein unabh\u00e4ngiges K\u00f6nigreich zwischen Mosambik und S\u00fcdafrika und ist mit einer Fl\u00e4che von etwa 17.000 km\u00b2 gerade einmal halb so gro\u00df wie Nordrhein Westfalen, daf\u00fcr aber mit einem gewaltigen Problem: dem AIDS-Virus. Bedingt durch Armut, Unwissenheit und Polygamie breitet sich der HI-Virus rasant aus und zurzeit ist mehr als jeder Dritte mit der [&hellip;]<\/p>\n","protected":false},"author":19668,"featured_media":0,"parent":0,"menu_order":3,"comment_status":"closed","ping_status":"closed","template":"","meta":{"footnotes":""},"class_list":["post-34","page","type-page","status-publish","hentry"],"yoast_head":"<!-- This site is optimized with the Yoast SEO plugin v25.3.1 - https:\/\/yoast.com\/wordpress\/plugins\/seo\/ -->\n<title>Swasiland - Im letzten K\u00f6nigreich<\/title>\n<meta name=\"robots\" content=\"index, follow, max-snippet:-1, max-image-preview:large, max-video-preview:-1\" \/>\n<link rel=\"canonical\" href=\"https:\/\/blogs.donboscovolunteers.de\/jjinmanzini\/swasiland\/\" \/>\n<meta property=\"og:locale\" content=\"de_DE\" \/>\n<meta property=\"og:type\" content=\"article\" \/>\n<meta property=\"og:title\" content=\"Swasiland - Im letzten K\u00f6nigreich\" \/>\n<meta property=\"og:description\" content=\"Swasiland ist ein unabh\u00e4ngiges K\u00f6nigreich zwischen Mosambik und S\u00fcdafrika und ist mit einer Fl\u00e4che von etwa 17.000 km\u00b2 gerade einmal halb so gro\u00df wie Nordrhein Westfalen, daf\u00fcr aber mit einem gewaltigen Problem: dem AIDS-Virus. Bedingt durch Armut, Unwissenheit und Polygamie breitet sich der HI-Virus rasant aus und zurzeit ist mehr als jeder Dritte mit der [&hellip;]\" \/>\n<meta property=\"og:url\" content=\"https:\/\/blogs.donboscovolunteers.de\/jjinmanzini\/swasiland\/\" \/>\n<meta property=\"og:site_name\" content=\"Im letzten K\u00f6nigreich\" \/>\n<meta property=\"article:modified_time\" content=\"2012-08-04T13:02:29+00:00\" \/>\n<meta property=\"og:image\" content=\"http:\/\/..\/wp-content\/uploads\/sites\/19641\/2012\/08\/Falgge.png\" \/>\n<meta name=\"twitter:card\" content=\"summary_large_image\" \/>\n<meta name=\"twitter:label1\" content=\"Gesch\u00e4tzte Lesezeit\" \/>\n\t<meta name=\"twitter:data1\" content=\"1\u00a0Minute\" \/>\n<script type=\"application\/ld+json\" class=\"yoast-schema-graph\">{\"@context\":\"https:\/\/schema.org\",\"@graph\":[{\"@type\":\"WebPage\",\"@id\":\"https:\/\/blogs.donboscovolunteers.de\/jjinmanzini\/swasiland\/\",\"url\":\"https:\/\/blogs.donboscovolunteers.de\/jjinmanzini\/swasiland\/\",\"name\":\"Swasiland - Im letzten K\u00f6nigreich\",\"isPartOf\":{\"@id\":\"https:\/\/blogs.donboscovolunteers.de\/jjinmanzini\/#website\"},\"datePublished\":\"2012-08-01T12:13:54+00:00\",\"dateModified\":\"2012-08-04T13:02:29+00:00\",\"breadcrumb\":{\"@id\":\"https:\/\/blogs.donboscovolunteers.de\/jjinmanzini\/swasiland\/#breadcrumb\"},\"inLanguage\":\"de\",\"potentialAction\":[{\"@type\":\"ReadAction\",\"target\":[\"https:\/\/blogs.donboscovolunteers.de\/jjinmanzini\/swasiland\/\"]}]},{\"@type\":\"BreadcrumbList\",\"@id\":\"https:\/\/blogs.donboscovolunteers.de\/jjinmanzini\/swasiland\/#breadcrumb\",\"itemListElement\":[{\"@type\":\"ListItem\",\"position\":1,\"name\":\"Startseite\",\"item\":\"https:\/\/blogs.donboscovolunteers.de\/jjinmanzini\/\"},{\"@type\":\"ListItem\",\"position\":2,\"name\":\"Swasiland\"}]},{\"@type\":\"WebSite\",\"@id\":\"https:\/\/blogs.donboscovolunteers.de\/jjinmanzini\/#website\",\"url\":\"https:\/\/blogs.donboscovolunteers.de\/jjinmanzini\/\",\"name\":\"Im letzten K\u00f6nigreich\",\"description\":\"Ein Jahr Swasiland mit Julius und Jan\",\"potentialAction\":[{\"@type\":\"SearchAction\",\"target\":{\"@type\":\"EntryPoint\",\"urlTemplate\":\"https:\/\/blogs.donboscovolunteers.de\/jjinmanzini\/?s={search_term_string}\"},\"query-input\":{\"@type\":\"PropertyValueSpecification\",\"valueRequired\":true,\"valueName\":\"search_term_string\"}}],\"inLanguage\":\"de\"}]}<\/script>\n<!-- \/ Yoast SEO plugin. -->","yoast_head_json":{"title":"Swasiland - Im letzten K\u00f6nigreich","robots":{"index":"index","follow":"follow","max-snippet":"max-snippet:-1","max-image-preview":"max-image-preview:large","max-video-preview":"max-video-preview:-1"},"canonical":"https:\/\/blogs.donboscovolunteers.de\/jjinmanzini\/swasiland\/","og_locale":"de_DE","og_type":"article","og_title":"Swasiland - Im letzten K\u00f6nigreich","og_description":"Swasiland ist ein unabh\u00e4ngiges K\u00f6nigreich zwischen Mosambik und S\u00fcdafrika und ist mit einer Fl\u00e4che von etwa 17.000 km\u00b2 gerade einmal halb so gro\u00df wie Nordrhein Westfalen, daf\u00fcr aber mit einem gewaltigen Problem: dem AIDS-Virus. Bedingt durch Armut, Unwissenheit und Polygamie breitet sich der HI-Virus rasant aus und zurzeit ist mehr als jeder Dritte mit der [&hellip;]","og_url":"https:\/\/blogs.donboscovolunteers.de\/jjinmanzini\/swasiland\/","og_site_name":"Im letzten K\u00f6nigreich","article_modified_time":"2012-08-04T13:02:29+00:00","og_image":[{"url":"..\/wp-content\/uploads\/sites\/19641\/2012\/08\/Falgge.png","type":"","width":"","height":""}],"twitter_card":"summary_large_image","twitter_misc":{"Gesch\u00e4tzte Lesezeit":"1\u00a0Minute"},"schema":{"@context":"https:\/\/schema.org","@graph":[{"@type":"WebPage","@id":"https:\/\/blogs.donboscovolunteers.de\/jjinmanzini\/swasiland\/","url":"https:\/\/blogs.donboscovolunteers.de\/jjinmanzini\/swasiland\/","name":"Swasiland - Im letzten K\u00f6nigreich","isPartOf":{"@id":"https:\/\/blogs.donboscovolunteers.de\/jjinmanzini\/#website"},"datePublished":"2012-08-01T12:13:54+00:00","dateModified":"2012-08-04T13:02:29+00:00","breadcrumb":{"@id":"https:\/\/blogs.donboscovolunteers.de\/jjinmanzini\/swasiland\/#breadcrumb"},"inLanguage":"de","potentialAction":[{"@type":"ReadAction","target":["https:\/\/blogs.donboscovolunteers.de\/jjinmanzini\/swasiland\/"]}]},{"@type":"BreadcrumbList","@id":"https:\/\/blogs.donboscovolunteers.de\/jjinmanzini\/swasiland\/#breadcrumb","itemListElement":[{"@type":"ListItem","position":1,"name":"Startseite","item":"https:\/\/blogs.donboscovolunteers.de\/jjinmanzini\/"},{"@type":"ListItem","position":2,"name":"Swasiland"}]},{"@type":"WebSite","@id":"https:\/\/blogs.donboscovolunteers.de\/jjinmanzini\/#website","url":"https:\/\/blogs.donboscovolunteers.de\/jjinmanzini\/","name":"Im letzten K\u00f6nigreich","description":"Ein Jahr Swasiland mit Julius und Jan","potentialAction":[{"@type":"SearchAction","target":{"@type":"EntryPoint","urlTemplate":"https:\/\/blogs.donboscovolunteers.de\/jjinmanzini\/?s={search_term_string}"},"query-input":{"@type":"PropertyValueSpecification","valueRequired":true,"valueName":"search_term_string"}}],"inLanguage":"de"}]}},"_links":{"self":[{"href":"https:\/\/blogs.donboscovolunteers.de\/jjinmanzini\/wp-json\/wp\/v2\/pages\/34","targetHints":{"allow":["GET"]}}],"collection":[{"href":"https:\/\/blogs.donboscovolunteers.de\/jjinmanzini\/wp-json\/wp\/v2\/pages"}],"about":[{"href":"https:\/\/blogs.donboscovolunteers.de\/jjinmanzini\/wp-json\/wp\/v2\/types\/page"}],"author":[{"embeddable":true,"href":"https:\/\/blogs.donboscovolunteers.de\/jjinmanzini\/wp-json\/wp\/v2\/users\/19668"}],"replies":[{"embeddable":true,"href":"https:\/\/blogs.donboscovolunteers.de\/jjinmanzini\/wp-json\/wp\/v2\/comments?post=34"}],"version-history":[{"count":10,"href":"https:\/\/blogs.donboscovolunteers.de\/jjinmanzini\/wp-json\/wp\/v2\/pages\/34\/revisions"}],"predecessor-version":[{"id":125,"href":"https:\/\/blogs.donboscovolunteers.de\/jjinmanzini\/wp-json\/wp\/v2\/pages\/34\/revisions\/125"}],"wp:attachment":[{"href":"https:\/\/blogs.donboscovolunteers.de\/jjinmanzini\/wp-json\/wp\/v2\/media?parent=34"}],"curies":[{"name":"wp","href":"https:\/\/api.w.org\/{rel}","templated":true}]}}