{"id":26,"date":"2012-08-01T11:53:53","date_gmt":"2012-08-01T11:53:53","guid":{"rendered":"https:\/\/blogs.donboscovolunteers.de\/jjinmanzini\/"},"modified":"2013-01-11T08:02:47","modified_gmt":"2013-01-11T08:02:47","slug":"willkommen","status":"publish","type":"page","link":"https:\/\/blogs.donboscovolunteers.de\/jjinmanzini\/","title":{"rendered":"Wamukelekile!"},"content":{"rendered":"<p><a href=\"https:\/\/blogs.donboscovolunteers.de\/jjinmanzini\/wp-content\/uploads\/sites\/19641\/2012\/08\/Wappen.png\"><img loading=\"lazy\" decoding=\"async\" class=\"size-full wp-image-41 alignleft\" src=\"https:\/\/blogs.donboscovolunteers.de\/jjinmanzini\/wp-content\/uploads\/sites\/19641\/2012\/08\/Wappen.png\" alt=\"\" width=\"155\" height=\"107\" \/><\/a>Zu Deutsch: Wir freuen uns, dass ihr auf unserer Seite gelandet seid!<\/p>\n<p>Wir, das sind <a href=\"https:\/\/blogs.donboscovolunteers.de\/jjinmanzini\/julius\/\">Julius<\/a> und <a href=\"https:\/\/blogs.donboscovolunteers.de\/jjinmanzini\/jan\/\">Jan<\/a>, werden auf diesem Blog von unseren Erfahrungen und Erlebnissen berichten,\u00a0welche wir w\u00e4hrend unseres Aufenthalts in Manzini,\u00a0Swasiland machen k\u00f6nnen.<\/p>\n<p>Wir w\u00fcnschen euch viel Spa\u00df beim Herumst\u00f6bern und Lesen!<\/p>\n<p style=\"text-align: justify\">\n<p style=\"margin-bottom: 50px\">\n<p style=\"text-align: justify\">Wollt ihr direkt zu unserem <strong>Blog<\/strong>? Dann klickt einfach <a href=\"https:\/\/blogs.donboscovolunteers.de\/jjinmanzini\/2013\/01\/11\/und-den-kurbis-kriegt-ihr-auch-noch\/\">hier<\/a>!<br \/>\nWollt ihr mehr \u00fcber <strong>uns erfahren<\/strong>? Dann klickt doch einfach auf unsere Namen!<br \/>\nWollt ihr mehr \u00fcber <strong>Swasiland<\/strong> oder das <strong>Projekt<\/strong> erfahren? Dann klickt <a href=\"https:\/\/blogs.donboscovolunteers.de\/jjinmanzini\/swasiland\/\">hier<\/a>!<\/p>\n<p><a href=\"https:\/\/blogs.donboscovolunteers.de\/jjinmanzini\/wp-content\/uploads\/sites\/19641\/2012\/09\/IMG_0028.jpg\"><img loading=\"lazy\" decoding=\"async\" class=\"aligncenter size-medium wp-image-151\" src=\"https:\/\/blogs.donboscovolunteers.de\/jjinmanzini\/wp-content\/uploads\/sites\/19641\/2012\/09\/IMG_0028-300x225.jpg\" alt=\"\" width=\"300\" height=\"225\" srcset=\"https:\/\/blogs.donboscovolunteers.de\/jjinmanzini\/wp-content\/uploads\/sites\/19641\/2012\/09\/IMG_0028-300x225.jpg 300w, https:\/\/blogs.donboscovolunteers.de\/jjinmanzini\/wp-content\/uploads\/sites\/19641\/2012\/09\/IMG_0028-1024x768.jpg 1024w\" sizes=\"auto, (max-width: 300px) 100vw, 300px\" \/><\/a><\/p>\n<p style=\"text-align: justify\">\n<p style=\"text-align: justify\"><strong><br \/>\n<\/strong><\/p>\n<p style=\"text-align: justify\">\n<p style=\"text-align: justify\">\n<p style=\"text-align: justify\">\n<p style=\"text-align: justify\">\n","protected":false},"excerpt":{"rendered":"<p>Zu Deutsch: Wir freuen uns, dass ihr auf unserer Seite gelandet seid! Wir, das sind Julius und Jan, werden auf diesem Blog von unseren Erfahrungen und Erlebnissen berichten,\u00a0welche wir w\u00e4hrend unseres Aufenthalts in Manzini,\u00a0Swasiland machen k\u00f6nnen. Wir w\u00fcnschen euch viel Spa\u00df beim Herumst\u00f6bern und Lesen! Wollt ihr direkt zu unserem Blog? Dann klickt einfach hier! [&hellip;]<\/p>\n","protected":false},"author":19668,"featured_media":0,"parent":0,"menu_order":1,"comment_status":"closed","ping_status":"closed","template":"","meta":{"footnotes":""},"class_list":["post-26","page","type-page","status-publish","hentry"],"yoast_head":"<!-- This site is optimized with the Yoast SEO plugin v25.3.1 - https:\/\/yoast.com\/wordpress\/plugins\/seo\/ -->\n<title>Wamukelekile! - Im letzten K\u00f6nigreich<\/title>\n<meta name=\"robots\" content=\"index, follow, max-snippet:-1, max-image-preview:large, max-video-preview:-1\" \/>\n<link rel=\"canonical\" href=\"https:\/\/blogs.donboscovolunteers.de\/jjinmanzini\/\" \/>\n<meta property=\"og:locale\" content=\"de_DE\" \/>\n<meta property=\"og:type\" content=\"article\" \/>\n<meta property=\"og:title\" content=\"Wamukelekile! - Im letzten K\u00f6nigreich\" \/>\n<meta property=\"og:description\" content=\"Zu Deutsch: Wir freuen uns, dass ihr auf unserer Seite gelandet seid! Wir, das sind Julius und Jan, werden auf diesem Blog von unseren Erfahrungen und Erlebnissen berichten,\u00a0welche wir w\u00e4hrend unseres Aufenthalts in Manzini,\u00a0Swasiland machen k\u00f6nnen. Wir w\u00fcnschen euch viel Spa\u00df beim Herumst\u00f6bern und Lesen! Wollt ihr direkt zu unserem Blog? Dann klickt einfach hier! [&hellip;]\" \/>\n<meta property=\"og:url\" content=\"https:\/\/blogs.donboscovolunteers.de\/jjinmanzini\/\" \/>\n<meta property=\"og:site_name\" content=\"Im letzten K\u00f6nigreich\" \/>\n<meta property=\"article:modified_time\" content=\"2013-01-11T08:02:47+00:00\" \/>\n<meta property=\"og:image\" content=\"https:\/\/blogs.donboscovolunteers.de\/jjinmanzini\/wp-content\/uploads\/sites\/19641\/2012\/08\/Wappen.png\" \/>\n<meta name=\"twitter:card\" content=\"summary_large_image\" \/>\n<script type=\"application\/ld+json\" class=\"yoast-schema-graph\">{\"@context\":\"https:\/\/schema.org\",\"@graph\":[{\"@type\":\"WebPage\",\"@id\":\"https:\/\/blogs.donboscovolunteers.de\/jjinmanzini\/\",\"url\":\"https:\/\/blogs.donboscovolunteers.de\/jjinmanzini\/\",\"name\":\"Wamukelekile! - Im letzten K\u00f6nigreich\",\"isPartOf\":{\"@id\":\"https:\/\/blogs.donboscovolunteers.de\/jjinmanzini\/#website\"},\"primaryImageOfPage\":{\"@id\":\"https:\/\/blogs.donboscovolunteers.de\/jjinmanzini\/#primaryimage\"},\"image\":{\"@id\":\"https:\/\/blogs.donboscovolunteers.de\/jjinmanzini\/#primaryimage\"},\"thumbnailUrl\":\"https:\/\/blogs.donboscovolunteers.de\/jjinmanzini\/wp-content\/uploads\/sites\/19641\/2012\/08\/Wappen.png\",\"datePublished\":\"2012-08-01T11:53:53+00:00\",\"dateModified\":\"2013-01-11T08:02:47+00:00\",\"breadcrumb\":{\"@id\":\"https:\/\/blogs.donboscovolunteers.de\/jjinmanzini\/#breadcrumb\"},\"inLanguage\":\"de\",\"potentialAction\":[{\"@type\":\"ReadAction\",\"target\":[\"https:\/\/blogs.donboscovolunteers.de\/jjinmanzini\/\"]}]},{\"@type\":\"ImageObject\",\"inLanguage\":\"de\",\"@id\":\"https:\/\/blogs.donboscovolunteers.de\/jjinmanzini\/#primaryimage\",\"url\":\"https:\/\/blogs.donboscovolunteers.de\/jjinmanzini\/wp-content\/uploads\/sites\/19641\/2012\/08\/Wappen.png\",\"contentUrl\":\"https:\/\/blogs.donboscovolunteers.de\/jjinmanzini\/wp-content\/uploads\/sites\/19641\/2012\/08\/Wappen.png\",\"width\":\"225\",\"height\":\"156\"},{\"@type\":\"BreadcrumbList\",\"@id\":\"https:\/\/blogs.donboscovolunteers.de\/jjinmanzini\/#breadcrumb\",\"itemListElement\":[{\"@type\":\"ListItem\",\"position\":1,\"name\":\"Startseite\",\"item\":\"https:\/\/blogs.donboscovolunteers.de\/jjinmanzini\/\"},{\"@type\":\"ListItem\",\"position\":2,\"name\":\"Wamukelekile!\"}]},{\"@type\":\"WebSite\",\"@id\":\"https:\/\/blogs.donboscovolunteers.de\/jjinmanzini\/#website\",\"url\":\"https:\/\/blogs.donboscovolunteers.de\/jjinmanzini\/\",\"name\":\"Im letzten K\u00f6nigreich\",\"description\":\"Ein Jahr Swasiland mit Julius und Jan\",\"potentialAction\":[{\"@type\":\"SearchAction\",\"target\":{\"@type\":\"EntryPoint\",\"urlTemplate\":\"https:\/\/blogs.donboscovolunteers.de\/jjinmanzini\/?s={search_term_string}\"},\"query-input\":{\"@type\":\"PropertyValueSpecification\",\"valueRequired\":true,\"valueName\":\"search_term_string\"}}],\"inLanguage\":\"de\"}]}<\/script>\n<!-- \/ Yoast SEO plugin. -->","yoast_head_json":{"title":"Wamukelekile! - Im letzten K\u00f6nigreich","robots":{"index":"index","follow":"follow","max-snippet":"max-snippet:-1","max-image-preview":"max-image-preview:large","max-video-preview":"max-video-preview:-1"},"canonical":"https:\/\/blogs.donboscovolunteers.de\/jjinmanzini\/","og_locale":"de_DE","og_type":"article","og_title":"Wamukelekile! - Im letzten K\u00f6nigreich","og_description":"Zu Deutsch: Wir freuen uns, dass ihr auf unserer Seite gelandet seid! Wir, das sind Julius und Jan, werden auf diesem Blog von unseren Erfahrungen und Erlebnissen berichten,\u00a0welche wir w\u00e4hrend unseres Aufenthalts in Manzini,\u00a0Swasiland machen k\u00f6nnen. Wir w\u00fcnschen euch viel Spa\u00df beim Herumst\u00f6bern und Lesen! Wollt ihr direkt zu unserem Blog? Dann klickt einfach hier! [&hellip;]","og_url":"https:\/\/blogs.donboscovolunteers.de\/jjinmanzini\/","og_site_name":"Im letzten K\u00f6nigreich","article_modified_time":"2013-01-11T08:02:47+00:00","og_image":[{"url":"https:\/\/blogs.donboscovolunteers.de\/jjinmanzini\/wp-content\/uploads\/sites\/19641\/2012\/08\/Wappen.png","type":"","width":"","height":""}],"twitter_card":"summary_large_image","schema":{"@context":"https:\/\/schema.org","@graph":[{"@type":"WebPage","@id":"https:\/\/blogs.donboscovolunteers.de\/jjinmanzini\/","url":"https:\/\/blogs.donboscovolunteers.de\/jjinmanzini\/","name":"Wamukelekile! - Im letzten K\u00f6nigreich","isPartOf":{"@id":"https:\/\/blogs.donboscovolunteers.de\/jjinmanzini\/#website"},"primaryImageOfPage":{"@id":"https:\/\/blogs.donboscovolunteers.de\/jjinmanzini\/#primaryimage"},"image":{"@id":"https:\/\/blogs.donboscovolunteers.de\/jjinmanzini\/#primaryimage"},"thumbnailUrl":"https:\/\/blogs.donboscovolunteers.de\/jjinmanzini\/wp-content\/uploads\/sites\/19641\/2012\/08\/Wappen.png","datePublished":"2012-08-01T11:53:53+00:00","dateModified":"2013-01-11T08:02:47+00:00","breadcrumb":{"@id":"https:\/\/blogs.donboscovolunteers.de\/jjinmanzini\/#breadcrumb"},"inLanguage":"de","potentialAction":[{"@type":"ReadAction","target":["https:\/\/blogs.donboscovolunteers.de\/jjinmanzini\/"]}]},{"@type":"ImageObject","inLanguage":"de","@id":"https:\/\/blogs.donboscovolunteers.de\/jjinmanzini\/#primaryimage","url":"https:\/\/blogs.donboscovolunteers.de\/jjinmanzini\/wp-content\/uploads\/sites\/19641\/2012\/08\/Wappen.png","contentUrl":"https:\/\/blogs.donboscovolunteers.de\/jjinmanzini\/wp-content\/uploads\/sites\/19641\/2012\/08\/Wappen.png","width":"225","height":"156"},{"@type":"BreadcrumbList","@id":"https:\/\/blogs.donboscovolunteers.de\/jjinmanzini\/#breadcrumb","itemListElement":[{"@type":"ListItem","position":1,"name":"Startseite","item":"https:\/\/blogs.donboscovolunteers.de\/jjinmanzini\/"},{"@type":"ListItem","position":2,"name":"Wamukelekile!"}]},{"@type":"WebSite","@id":"https:\/\/blogs.donboscovolunteers.de\/jjinmanzini\/#website","url":"https:\/\/blogs.donboscovolunteers.de\/jjinmanzini\/","name":"Im letzten K\u00f6nigreich","description":"Ein Jahr Swasiland mit Julius und Jan","potentialAction":[{"@type":"SearchAction","target":{"@type":"EntryPoint","urlTemplate":"https:\/\/blogs.donboscovolunteers.de\/jjinmanzini\/?s={search_term_string}"},"query-input":{"@type":"PropertyValueSpecification","valueRequired":true,"valueName":"search_term_string"}}],"inLanguage":"de"}]}},"_links":{"self":[{"href":"https:\/\/blogs.donboscovolunteers.de\/jjinmanzini\/wp-json\/wp\/v2\/pages\/26","targetHints":{"allow":["GET"]}}],"collection":[{"href":"https:\/\/blogs.donboscovolunteers.de\/jjinmanzini\/wp-json\/wp\/v2\/pages"}],"about":[{"href":"https:\/\/blogs.donboscovolunteers.de\/jjinmanzini\/wp-json\/wp\/v2\/types\/page"}],"author":[{"embeddable":true,"href":"https:\/\/blogs.donboscovolunteers.de\/jjinmanzini\/wp-json\/wp\/v2\/users\/19668"}],"replies":[{"embeddable":true,"href":"https:\/\/blogs.donboscovolunteers.de\/jjinmanzini\/wp-json\/wp\/v2\/comments?post=26"}],"version-history":[{"count":39,"href":"https:\/\/blogs.donboscovolunteers.de\/jjinmanzini\/wp-json\/wp\/v2\/pages\/26\/revisions"}],"predecessor-version":[{"id":63,"href":"https:\/\/blogs.donboscovolunteers.de\/jjinmanzini\/wp-json\/wp\/v2\/pages\/26\/revisions\/63"}],"wp:attachment":[{"href":"https:\/\/blogs.donboscovolunteers.de\/jjinmanzini\/wp-json\/wp\/v2\/media?parent=26"}],"curies":[{"name":"wp","href":"https:\/\/api.w.org\/{rel}","templated":true}]}}