{"id":18,"date":"2012-08-01T11:44:43","date_gmt":"2012-08-01T11:44:43","guid":{"rendered":"https:\/\/blogs.donboscovolunteers.de\/jjinmanzini\/"},"modified":"2012-08-20T08:56:08","modified_gmt":"2012-08-20T08:56:08","slug":"julius","status":"publish","type":"page","link":"https:\/\/blogs.donboscovolunteers.de\/jjinmanzini\/julius\/","title":{"rendered":"Julius Fittkau"},"content":{"rendered":"<p>Hallo Freunde, Bekannte und Unbekannte!<\/p>\n<p style=\"text-align: justify\">Ich bin Julius<a href=\"https:\/\/blogs.donboscovolunteers.de\/jjinmanzini\/wp-content\/uploads\/sites\/19641\/2012\/08\/P5290307.jpg\"><img loading=\"lazy\" decoding=\"async\" class=\"size-medium wp-image-135 alignleft\" src=\"https:\/\/blogs.donboscovolunteers.de\/jjinmanzini\/wp-content\/uploads\/sites\/19641\/2012\/08\/P5290307-225x300.jpg\" alt=\"\" width=\"144\" height=\"192\" srcset=\"https:\/\/blogs.donboscovolunteers.de\/jjinmanzini\/wp-content\/uploads\/sites\/19641\/2012\/08\/P5290307-225x300.jpg 225w, https:\/\/blogs.donboscovolunteers.de\/jjinmanzini\/wp-content\/uploads\/sites\/19641\/2012\/08\/P5290307-768x1024.jpg 768w\" sizes=\"auto, (max-width: 144px) 100vw, 144px\" \/><\/a>, 18 Jahre alt, komme aus Berlin und wechsel am 4. September f\u00fcr l\u00e4ngere Zeit den Wohnort. Kollege Jan und ich werden in Frankfurt in den Flieger steigen und 15 Stunden sp\u00e4ter in Manzini, Swasiland ankommen, wo wir im Projekt Manzini Youth Care f\u00fcr ein Jahr als Freiwillige t\u00e4tig sein werden.<\/p>\n<p style=\"text-align: justify\">Die Entscheidung, nach der Schulzeit nicht gleich den \u00fcblichen Bildungsweg \u00fcber Ausbildung oder Studium einzuschlagen, traf ich aus verschiedensten Gr\u00fcnden. Vor allen Dingen wollte ich wohl einen Blick \u00fcber den &#8222;westlichen Tellerrand&#8220; hinaus werfen und dabei noch einen Dienst an der Gesellschaft tun. Diese beiden Aspekte lassen sich \u00fcber einen <a href=\"https:\/\/www.donboscovolunteers.de\/\">Freiwilligendienst<\/a> wunderbar vereinbaren. Nach einem Bewerbungsverfahren bin ich seit Ende letzten Jahres Teil der <a href=\"https:\/\/www.donboscomission.de\/don-bosco\/\">Don Bosco<\/a> Volunteers.<\/p>\n<p style=\"text-align: justify\">In Deutschland begeistere ich mich f\u00fcr viele Sachen. Am meisten Zeit verbringe ich jedoch mit Sport und Dingen, die in die kreative Richtung gehen. So male ich genauso gerne, wie ich mir Bilder von anderen Menschen angucke. Wie jeder andere unternehme ich nat\u00fcrlich viel mit meinen Freunden. Zusammen haben wir schon einige Reisen, Feiern und andere Dinge \u00fcberstanden. Ich hoffe und bin dabei fast der Meinung, dass ich meine Interessen in Swasiland gut einbringen kann und freue mich unglaublich auf die Arbeit mit den Kindern.<\/p>\n","protected":false},"excerpt":{"rendered":"<p>Hallo Freunde, Bekannte und Unbekannte! Ich bin Julius, 18 Jahre alt, komme aus Berlin und wechsel am 4. September f\u00fcr l\u00e4ngere Zeit den Wohnort. Kollege Jan und ich werden in Frankfurt in den Flieger steigen und 15 Stunden sp\u00e4ter in Manzini, Swasiland ankommen, wo wir im Projekt Manzini Youth Care f\u00fcr ein Jahr als Freiwillige [&hellip;]<\/p>\n","protected":false},"author":19668,"featured_media":0,"parent":0,"menu_order":4,"comment_status":"closed","ping_status":"closed","template":"","meta":{"footnotes":""},"class_list":["post-18","page","type-page","status-publish","hentry"],"yoast_head":"<!-- This site is optimized with the Yoast SEO plugin v25.3.1 - https:\/\/yoast.com\/wordpress\/plugins\/seo\/ -->\n<title>Julius Fittkau - Im letzten K\u00f6nigreich<\/title>\n<meta name=\"robots\" content=\"index, follow, max-snippet:-1, max-image-preview:large, max-video-preview:-1\" \/>\n<link rel=\"canonical\" href=\"https:\/\/blogs.donboscovolunteers.de\/jjinmanzini\/julius\/\" \/>\n<meta property=\"og:locale\" content=\"de_DE\" \/>\n<meta property=\"og:type\" content=\"article\" \/>\n<meta property=\"og:title\" content=\"Julius Fittkau - Im letzten K\u00f6nigreich\" \/>\n<meta property=\"og:description\" content=\"Hallo Freunde, Bekannte und Unbekannte! Ich bin Julius, 18 Jahre alt, komme aus Berlin und wechsel am 4. September f\u00fcr l\u00e4ngere Zeit den Wohnort. Kollege Jan und ich werden in Frankfurt in den Flieger steigen und 15 Stunden sp\u00e4ter in Manzini, Swasiland ankommen, wo wir im Projekt Manzini Youth Care f\u00fcr ein Jahr als Freiwillige [&hellip;]\" \/>\n<meta property=\"og:url\" content=\"https:\/\/blogs.donboscovolunteers.de\/jjinmanzini\/julius\/\" \/>\n<meta property=\"og:site_name\" content=\"Im letzten K\u00f6nigreich\" \/>\n<meta property=\"article:modified_time\" content=\"2012-08-20T08:56:08+00:00\" \/>\n<meta property=\"og:image\" content=\"https:\/\/blogs.donboscovolunteers.de\/jjinmanzini\/wp-content\/uploads\/sites\/19641\/2012\/08\/P5290307-225x300.jpg\" \/>\n<meta name=\"twitter:card\" content=\"summary_large_image\" \/>\n<meta name=\"twitter:label1\" content=\"Gesch\u00e4tzte Lesezeit\" \/>\n\t<meta name=\"twitter:data1\" content=\"1\u00a0Minute\" \/>\n<script type=\"application\/ld+json\" class=\"yoast-schema-graph\">{\"@context\":\"https:\/\/schema.org\",\"@graph\":[{\"@type\":\"WebPage\",\"@id\":\"https:\/\/blogs.donboscovolunteers.de\/jjinmanzini\/julius\/\",\"url\":\"https:\/\/blogs.donboscovolunteers.de\/jjinmanzini\/julius\/\",\"name\":\"Julius Fittkau - Im letzten K\u00f6nigreich\",\"isPartOf\":{\"@id\":\"https:\/\/blogs.donboscovolunteers.de\/jjinmanzini\/#website\"},\"primaryImageOfPage\":{\"@id\":\"https:\/\/blogs.donboscovolunteers.de\/jjinmanzini\/julius\/#primaryimage\"},\"image\":{\"@id\":\"https:\/\/blogs.donboscovolunteers.de\/jjinmanzini\/julius\/#primaryimage\"},\"thumbnailUrl\":\"https:\/\/blogs.donboscovolunteers.de\/jjinmanzini\/wp-content\/uploads\/sites\/19641\/2012\/08\/P5290307-225x300.jpg\",\"datePublished\":\"2012-08-01T11:44:43+00:00\",\"dateModified\":\"2012-08-20T08:56:08+00:00\",\"breadcrumb\":{\"@id\":\"https:\/\/blogs.donboscovolunteers.de\/jjinmanzini\/julius\/#breadcrumb\"},\"inLanguage\":\"de\",\"potentialAction\":[{\"@type\":\"ReadAction\",\"target\":[\"https:\/\/blogs.donboscovolunteers.de\/jjinmanzini\/julius\/\"]}]},{\"@type\":\"ImageObject\",\"inLanguage\":\"de\",\"@id\":\"https:\/\/blogs.donboscovolunteers.de\/jjinmanzini\/julius\/#primaryimage\",\"url\":\"https:\/\/blogs.donboscovolunteers.de\/jjinmanzini\/wp-content\/uploads\/sites\/19641\/2012\/08\/P5290307.jpg\",\"contentUrl\":\"https:\/\/blogs.donboscovolunteers.de\/jjinmanzini\/wp-content\/uploads\/sites\/19641\/2012\/08\/P5290307.jpg\",\"width\":\"2304\",\"height\":\"3072\"},{\"@type\":\"BreadcrumbList\",\"@id\":\"https:\/\/blogs.donboscovolunteers.de\/jjinmanzini\/julius\/#breadcrumb\",\"itemListElement\":[{\"@type\":\"ListItem\",\"position\":1,\"name\":\"Startseite\",\"item\":\"https:\/\/blogs.donboscovolunteers.de\/jjinmanzini\/\"},{\"@type\":\"ListItem\",\"position\":2,\"name\":\"Julius Fittkau\"}]},{\"@type\":\"WebSite\",\"@id\":\"https:\/\/blogs.donboscovolunteers.de\/jjinmanzini\/#website\",\"url\":\"https:\/\/blogs.donboscovolunteers.de\/jjinmanzini\/\",\"name\":\"Im letzten K\u00f6nigreich\",\"description\":\"Ein Jahr Swasiland mit Julius und Jan\",\"potentialAction\":[{\"@type\":\"SearchAction\",\"target\":{\"@type\":\"EntryPoint\",\"urlTemplate\":\"https:\/\/blogs.donboscovolunteers.de\/jjinmanzini\/?s={search_term_string}\"},\"query-input\":{\"@type\":\"PropertyValueSpecification\",\"valueRequired\":true,\"valueName\":\"search_term_string\"}}],\"inLanguage\":\"de\"}]}<\/script>\n<!-- \/ Yoast SEO plugin. -->","yoast_head_json":{"title":"Julius Fittkau - Im letzten K\u00f6nigreich","robots":{"index":"index","follow":"follow","max-snippet":"max-snippet:-1","max-image-preview":"max-image-preview:large","max-video-preview":"max-video-preview:-1"},"canonical":"https:\/\/blogs.donboscovolunteers.de\/jjinmanzini\/julius\/","og_locale":"de_DE","og_type":"article","og_title":"Julius Fittkau - Im letzten K\u00f6nigreich","og_description":"Hallo Freunde, Bekannte und Unbekannte! Ich bin Julius, 18 Jahre alt, komme aus Berlin und wechsel am 4. September f\u00fcr l\u00e4ngere Zeit den Wohnort. Kollege Jan und ich werden in Frankfurt in den Flieger steigen und 15 Stunden sp\u00e4ter in Manzini, Swasiland ankommen, wo wir im Projekt Manzini Youth Care f\u00fcr ein Jahr als Freiwillige [&hellip;]","og_url":"https:\/\/blogs.donboscovolunteers.de\/jjinmanzini\/julius\/","og_site_name":"Im letzten K\u00f6nigreich","article_modified_time":"2012-08-20T08:56:08+00:00","og_image":[{"url":"https:\/\/blogs.donboscovolunteers.de\/jjinmanzini\/wp-content\/uploads\/sites\/19641\/2012\/08\/P5290307-225x300.jpg","type":"","width":"","height":""}],"twitter_card":"summary_large_image","twitter_misc":{"Gesch\u00e4tzte Lesezeit":"1\u00a0Minute"},"schema":{"@context":"https:\/\/schema.org","@graph":[{"@type":"WebPage","@id":"https:\/\/blogs.donboscovolunteers.de\/jjinmanzini\/julius\/","url":"https:\/\/blogs.donboscovolunteers.de\/jjinmanzini\/julius\/","name":"Julius Fittkau - Im letzten K\u00f6nigreich","isPartOf":{"@id":"https:\/\/blogs.donboscovolunteers.de\/jjinmanzini\/#website"},"primaryImageOfPage":{"@id":"https:\/\/blogs.donboscovolunteers.de\/jjinmanzini\/julius\/#primaryimage"},"image":{"@id":"https:\/\/blogs.donboscovolunteers.de\/jjinmanzini\/julius\/#primaryimage"},"thumbnailUrl":"https:\/\/blogs.donboscovolunteers.de\/jjinmanzini\/wp-content\/uploads\/sites\/19641\/2012\/08\/P5290307-225x300.jpg","datePublished":"2012-08-01T11:44:43+00:00","dateModified":"2012-08-20T08:56:08+00:00","breadcrumb":{"@id":"https:\/\/blogs.donboscovolunteers.de\/jjinmanzini\/julius\/#breadcrumb"},"inLanguage":"de","potentialAction":[{"@type":"ReadAction","target":["https:\/\/blogs.donboscovolunteers.de\/jjinmanzini\/julius\/"]}]},{"@type":"ImageObject","inLanguage":"de","@id":"https:\/\/blogs.donboscovolunteers.de\/jjinmanzini\/julius\/#primaryimage","url":"https:\/\/blogs.donboscovolunteers.de\/jjinmanzini\/wp-content\/uploads\/sites\/19641\/2012\/08\/P5290307.jpg","contentUrl":"https:\/\/blogs.donboscovolunteers.de\/jjinmanzini\/wp-content\/uploads\/sites\/19641\/2012\/08\/P5290307.jpg","width":"2304","height":"3072"},{"@type":"BreadcrumbList","@id":"https:\/\/blogs.donboscovolunteers.de\/jjinmanzini\/julius\/#breadcrumb","itemListElement":[{"@type":"ListItem","position":1,"name":"Startseite","item":"https:\/\/blogs.donboscovolunteers.de\/jjinmanzini\/"},{"@type":"ListItem","position":2,"name":"Julius Fittkau"}]},{"@type":"WebSite","@id":"https:\/\/blogs.donboscovolunteers.de\/jjinmanzini\/#website","url":"https:\/\/blogs.donboscovolunteers.de\/jjinmanzini\/","name":"Im letzten K\u00f6nigreich","description":"Ein Jahr Swasiland mit Julius und Jan","potentialAction":[{"@type":"SearchAction","target":{"@type":"EntryPoint","urlTemplate":"https:\/\/blogs.donboscovolunteers.de\/jjinmanzini\/?s={search_term_string}"},"query-input":{"@type":"PropertyValueSpecification","valueRequired":true,"valueName":"search_term_string"}}],"inLanguage":"de"}]}},"_links":{"self":[{"href":"https:\/\/blogs.donboscovolunteers.de\/jjinmanzini\/wp-json\/wp\/v2\/pages\/18","targetHints":{"allow":["GET"]}}],"collection":[{"href":"https:\/\/blogs.donboscovolunteers.de\/jjinmanzini\/wp-json\/wp\/v2\/pages"}],"about":[{"href":"https:\/\/blogs.donboscovolunteers.de\/jjinmanzini\/wp-json\/wp\/v2\/types\/page"}],"author":[{"embeddable":true,"href":"https:\/\/blogs.donboscovolunteers.de\/jjinmanzini\/wp-json\/wp\/v2\/users\/19668"}],"replies":[{"embeddable":true,"href":"https:\/\/blogs.donboscovolunteers.de\/jjinmanzini\/wp-json\/wp\/v2\/comments?post=18"}],"version-history":[{"count":16,"href":"https:\/\/blogs.donboscovolunteers.de\/jjinmanzini\/wp-json\/wp\/v2\/pages\/18\/revisions"}],"predecessor-version":[{"id":120,"href":"https:\/\/blogs.donboscovolunteers.de\/jjinmanzini\/wp-json\/wp\/v2\/pages\/18\/revisions\/120"}],"wp:attachment":[{"href":"https:\/\/blogs.donboscovolunteers.de\/jjinmanzini\/wp-json\/wp\/v2\/media?parent=18"}],"curies":[{"name":"wp","href":"https:\/\/api.w.org\/{rel}","templated":true}]}}