{"id":10,"date":"2012-08-01T11:38:15","date_gmt":"2012-08-01T11:38:15","guid":{"rendered":"https:\/\/blogs.donboscovolunteers.de\/jjinmanzini\/"},"modified":"2012-08-04T13:01:36","modified_gmt":"2012-08-04T13:01:36","slug":"jan","status":"publish","type":"page","link":"https:\/\/blogs.donboscovolunteers.de\/jjinmanzini\/jan\/","title":{"rendered":"Jan Dix"},"content":{"rendered":"<p style=\"text-align: justify\">Hallo zusammen.<a href=\"https:\/\/blogs.donboscovolunteers.de\/jjinmanzini\/wp-content\/uploads\/sites\/19641\/2012\/08\/IMG_5393.jpg\"><img loading=\"lazy\" decoding=\"async\" class=\"size-medium wp-image-113 alignleft\" src=\"https:\/\/blogs.donboscovolunteers.de\/jjinmanzini\/wp-content\/uploads\/sites\/19641\/2012\/08\/IMG_5393-199x300.jpg\" alt=\"\" width=\"159\" height=\"246\" \/><\/a><\/p>\n<p style=\"text-align: justify\">Ich bin Jan Dix 19 Jahre alt. Geb\u00fcrtig komme ich aus Kommern in der sch\u00f6nen Eifel. Meine Leidenschaft gilt der Musik. Ich spiele Gitarre und singe gerne. Noch spiele ich Handball, aber darauf werde ich wahrscheinlich ein Jahr verzichten m\u00fcssen. Zum Gl\u00fcck kicke ich auch ab und zu schonmal gerne.<br \/>\nIch habe in diesem Jahr, wie auch Julius, mein Abitur gemacht. Nun werde ich aber nicht direkt ins Studium oder in eine Ausbildung einsteigen, sondern f\u00fcr ein Jahr ins <em>hoffentlich sch\u00f6ne<\/em> <strong>Manzini <\/strong>gehen.<\/p>\n<p style=\"text-align: justify\">Der Wunsch ein\u00a0 Jahr ins Ausland zu gehen begann als ich mit 16 meinen Musterungsbescheid bekommen habe. Ich versuchte mir die Alternativen klar zu machen und blieb bei einem FSJ im Ausland h\u00e4ngen. Erst wollte ich eigentlich nach Israel, aber da in Israel leider Hebr\u00e4isch gesprochen wird und ich dieser Sprache nicht m\u00e4chtig bin, schaute ich mich nach weiteren Alternativen um. So fand ich die wunderbare Seite: <strong>ausland.org<\/strong>. (sehr zu empfehlen f\u00fcr Leute die noch nach etwas suchen!) Schnell fand ich drei Organisationen, bei denen ich mich dann auch direkt beworben habe.<\/p>\n<p style=\"text-align: justify\">Als erstes bekam ich R\u00fcckmeldung von <strong><a href=\"https:\/\/www.donboscomission.de\/don-bosco\/\">Don Bosco<\/a> Volunteers<\/strong>. Ich wurde zum Auswahlwochenende eingeladen und bevor ich mich versah, war das dritte Vorbereitungswochenende auch schon vorbei. Dieses liegt jetzt knapp einen Monat zur\u00fcck. Ich lernte das Team kennen, das uns begleitet und nat\u00fcrlich meine wunderbaren Mitvolunt\u00e4re und auch den Julius, mit dem ich jetzt ein ganzes Jahr ins kleine K\u00f6nigreich im S\u00fcden Afrikas gehe.<\/p>\n<p style=\"text-align: justify\">Ich freue mich, dass ihr das hier lest und hoffe, dass es euch Freude bereitet uns per Blog zu folgen!<\/p>\n<p style=\"text-align: justify\">Jan<\/p>\n<p style=\"text-align: justify\">\n<p style=\"text-align: justify\">\n<p style=\"text-align: justify\">\n","protected":false},"excerpt":{"rendered":"<p>Hallo zusammen. Ich bin Jan Dix 19 Jahre alt. Geb\u00fcrtig komme ich aus Kommern in der sch\u00f6nen Eifel. Meine Leidenschaft gilt der Musik. Ich spiele Gitarre und singe gerne. Noch spiele ich Handball, aber darauf werde ich wahrscheinlich ein Jahr verzichten m\u00fcssen. Zum Gl\u00fcck kicke ich auch ab und zu schonmal gerne. Ich habe in [&hellip;]<\/p>\n","protected":false},"author":19668,"featured_media":0,"parent":0,"menu_order":5,"comment_status":"closed","ping_status":"closed","template":"","meta":{"footnotes":""},"class_list":["post-10","page","type-page","status-publish","hentry"],"yoast_head":"<!-- This site is optimized with the Yoast SEO plugin v25.3.1 - https:\/\/yoast.com\/wordpress\/plugins\/seo\/ -->\n<title>Jan Dix - Im letzten K\u00f6nigreich<\/title>\n<meta name=\"robots\" content=\"index, follow, max-snippet:-1, max-image-preview:large, max-video-preview:-1\" \/>\n<link rel=\"canonical\" href=\"https:\/\/blogs.donboscovolunteers.de\/jjinmanzini\/jan\/\" \/>\n<meta property=\"og:locale\" content=\"de_DE\" \/>\n<meta property=\"og:type\" content=\"article\" \/>\n<meta property=\"og:title\" content=\"Jan Dix - Im letzten K\u00f6nigreich\" \/>\n<meta property=\"og:description\" content=\"Hallo zusammen. Ich bin Jan Dix 19 Jahre alt. Geb\u00fcrtig komme ich aus Kommern in der sch\u00f6nen Eifel. Meine Leidenschaft gilt der Musik. Ich spiele Gitarre und singe gerne. Noch spiele ich Handball, aber darauf werde ich wahrscheinlich ein Jahr verzichten m\u00fcssen. Zum Gl\u00fcck kicke ich auch ab und zu schonmal gerne. Ich habe in [&hellip;]\" \/>\n<meta property=\"og:url\" content=\"https:\/\/blogs.donboscovolunteers.de\/jjinmanzini\/jan\/\" \/>\n<meta property=\"og:site_name\" content=\"Im letzten K\u00f6nigreich\" \/>\n<meta property=\"article:modified_time\" content=\"2012-08-04T13:01:36+00:00\" \/>\n<meta property=\"og:image\" content=\"https:\/\/blogs.donboscovolunteers.de\/jjinmanzini\/wp-content\/uploads\/sites\/19641\/2012\/08\/IMG_5393-199x300.jpg\" \/>\n<meta name=\"twitter:card\" content=\"summary_large_image\" \/>\n<meta name=\"twitter:label1\" content=\"Gesch\u00e4tzte Lesezeit\" \/>\n\t<meta name=\"twitter:data1\" content=\"1\u00a0Minute\" \/>\n<script type=\"application\/ld+json\" class=\"yoast-schema-graph\">{\"@context\":\"https:\/\/schema.org\",\"@graph\":[{\"@type\":\"WebPage\",\"@id\":\"https:\/\/blogs.donboscovolunteers.de\/jjinmanzini\/jan\/\",\"url\":\"https:\/\/blogs.donboscovolunteers.de\/jjinmanzini\/jan\/\",\"name\":\"Jan Dix - Im letzten K\u00f6nigreich\",\"isPartOf\":{\"@id\":\"https:\/\/blogs.donboscovolunteers.de\/jjinmanzini\/#website\"},\"primaryImageOfPage\":{\"@id\":\"https:\/\/blogs.donboscovolunteers.de\/jjinmanzini\/jan\/#primaryimage\"},\"image\":{\"@id\":\"https:\/\/blogs.donboscovolunteers.de\/jjinmanzini\/jan\/#primaryimage\"},\"thumbnailUrl\":\"https:\/\/blogs.donboscovolunteers.de\/jjinmanzini\/wp-content\/uploads\/sites\/19641\/2012\/08\/IMG_5393-199x300.jpg\",\"datePublished\":\"2012-08-01T11:38:15+00:00\",\"dateModified\":\"2012-08-04T13:01:36+00:00\",\"breadcrumb\":{\"@id\":\"https:\/\/blogs.donboscovolunteers.de\/jjinmanzini\/jan\/#breadcrumb\"},\"inLanguage\":\"de\",\"potentialAction\":[{\"@type\":\"ReadAction\",\"target\":[\"https:\/\/blogs.donboscovolunteers.de\/jjinmanzini\/jan\/\"]}]},{\"@type\":\"ImageObject\",\"inLanguage\":\"de\",\"@id\":\"https:\/\/blogs.donboscovolunteers.de\/jjinmanzini\/jan\/#primaryimage\",\"url\":\"https:\/\/blogs.donboscovolunteers.de\/jjinmanzini\/wp-content\/uploads\/sites\/19641\/2012\/08\/IMG_5393.jpg\",\"contentUrl\":\"https:\/\/blogs.donboscovolunteers.de\/jjinmanzini\/wp-content\/uploads\/sites\/19641\/2012\/08\/IMG_5393.jpg\",\"width\":\"2056\",\"height\":\"3088\"},{\"@type\":\"BreadcrumbList\",\"@id\":\"https:\/\/blogs.donboscovolunteers.de\/jjinmanzini\/jan\/#breadcrumb\",\"itemListElement\":[{\"@type\":\"ListItem\",\"position\":1,\"name\":\"Startseite\",\"item\":\"https:\/\/blogs.donboscovolunteers.de\/jjinmanzini\/\"},{\"@type\":\"ListItem\",\"position\":2,\"name\":\"Jan Dix\"}]},{\"@type\":\"WebSite\",\"@id\":\"https:\/\/blogs.donboscovolunteers.de\/jjinmanzini\/#website\",\"url\":\"https:\/\/blogs.donboscovolunteers.de\/jjinmanzini\/\",\"name\":\"Im letzten K\u00f6nigreich\",\"description\":\"Ein Jahr Swasiland mit Julius und Jan\",\"potentialAction\":[{\"@type\":\"SearchAction\",\"target\":{\"@type\":\"EntryPoint\",\"urlTemplate\":\"https:\/\/blogs.donboscovolunteers.de\/jjinmanzini\/?s={search_term_string}\"},\"query-input\":{\"@type\":\"PropertyValueSpecification\",\"valueRequired\":true,\"valueName\":\"search_term_string\"}}],\"inLanguage\":\"de\"}]}<\/script>\n<!-- \/ Yoast SEO plugin. -->","yoast_head_json":{"title":"Jan Dix - Im letzten K\u00f6nigreich","robots":{"index":"index","follow":"follow","max-snippet":"max-snippet:-1","max-image-preview":"max-image-preview:large","max-video-preview":"max-video-preview:-1"},"canonical":"https:\/\/blogs.donboscovolunteers.de\/jjinmanzini\/jan\/","og_locale":"de_DE","og_type":"article","og_title":"Jan Dix - Im letzten K\u00f6nigreich","og_description":"Hallo zusammen. Ich bin Jan Dix 19 Jahre alt. Geb\u00fcrtig komme ich aus Kommern in der sch\u00f6nen Eifel. Meine Leidenschaft gilt der Musik. Ich spiele Gitarre und singe gerne. Noch spiele ich Handball, aber darauf werde ich wahrscheinlich ein Jahr verzichten m\u00fcssen. Zum Gl\u00fcck kicke ich auch ab und zu schonmal gerne. Ich habe in [&hellip;]","og_url":"https:\/\/blogs.donboscovolunteers.de\/jjinmanzini\/jan\/","og_site_name":"Im letzten K\u00f6nigreich","article_modified_time":"2012-08-04T13:01:36+00:00","og_image":[{"url":"https:\/\/blogs.donboscovolunteers.de\/jjinmanzini\/wp-content\/uploads\/sites\/19641\/2012\/08\/IMG_5393-199x300.jpg","type":"","width":"","height":""}],"twitter_card":"summary_large_image","twitter_misc":{"Gesch\u00e4tzte Lesezeit":"1\u00a0Minute"},"schema":{"@context":"https:\/\/schema.org","@graph":[{"@type":"WebPage","@id":"https:\/\/blogs.donboscovolunteers.de\/jjinmanzini\/jan\/","url":"https:\/\/blogs.donboscovolunteers.de\/jjinmanzini\/jan\/","name":"Jan Dix - Im letzten K\u00f6nigreich","isPartOf":{"@id":"https:\/\/blogs.donboscovolunteers.de\/jjinmanzini\/#website"},"primaryImageOfPage":{"@id":"https:\/\/blogs.donboscovolunteers.de\/jjinmanzini\/jan\/#primaryimage"},"image":{"@id":"https:\/\/blogs.donboscovolunteers.de\/jjinmanzini\/jan\/#primaryimage"},"thumbnailUrl":"https:\/\/blogs.donboscovolunteers.de\/jjinmanzini\/wp-content\/uploads\/sites\/19641\/2012\/08\/IMG_5393-199x300.jpg","datePublished":"2012-08-01T11:38:15+00:00","dateModified":"2012-08-04T13:01:36+00:00","breadcrumb":{"@id":"https:\/\/blogs.donboscovolunteers.de\/jjinmanzini\/jan\/#breadcrumb"},"inLanguage":"de","potentialAction":[{"@type":"ReadAction","target":["https:\/\/blogs.donboscovolunteers.de\/jjinmanzini\/jan\/"]}]},{"@type":"ImageObject","inLanguage":"de","@id":"https:\/\/blogs.donboscovolunteers.de\/jjinmanzini\/jan\/#primaryimage","url":"https:\/\/blogs.donboscovolunteers.de\/jjinmanzini\/wp-content\/uploads\/sites\/19641\/2012\/08\/IMG_5393.jpg","contentUrl":"https:\/\/blogs.donboscovolunteers.de\/jjinmanzini\/wp-content\/uploads\/sites\/19641\/2012\/08\/IMG_5393.jpg","width":"2056","height":"3088"},{"@type":"BreadcrumbList","@id":"https:\/\/blogs.donboscovolunteers.de\/jjinmanzini\/jan\/#breadcrumb","itemListElement":[{"@type":"ListItem","position":1,"name":"Startseite","item":"https:\/\/blogs.donboscovolunteers.de\/jjinmanzini\/"},{"@type":"ListItem","position":2,"name":"Jan Dix"}]},{"@type":"WebSite","@id":"https:\/\/blogs.donboscovolunteers.de\/jjinmanzini\/#website","url":"https:\/\/blogs.donboscovolunteers.de\/jjinmanzini\/","name":"Im letzten K\u00f6nigreich","description":"Ein Jahr Swasiland mit Julius und Jan","potentialAction":[{"@type":"SearchAction","target":{"@type":"EntryPoint","urlTemplate":"https:\/\/blogs.donboscovolunteers.de\/jjinmanzini\/?s={search_term_string}"},"query-input":{"@type":"PropertyValueSpecification","valueRequired":true,"valueName":"search_term_string"}}],"inLanguage":"de"}]}},"_links":{"self":[{"href":"https:\/\/blogs.donboscovolunteers.de\/jjinmanzini\/wp-json\/wp\/v2\/pages\/10","targetHints":{"allow":["GET"]}}],"collection":[{"href":"https:\/\/blogs.donboscovolunteers.de\/jjinmanzini\/wp-json\/wp\/v2\/pages"}],"about":[{"href":"https:\/\/blogs.donboscovolunteers.de\/jjinmanzini\/wp-json\/wp\/v2\/types\/page"}],"author":[{"embeddable":true,"href":"https:\/\/blogs.donboscovolunteers.de\/jjinmanzini\/wp-json\/wp\/v2\/users\/19668"}],"replies":[{"embeddable":true,"href":"https:\/\/blogs.donboscovolunteers.de\/jjinmanzini\/wp-json\/wp\/v2\/comments?post=10"}],"version-history":[{"count":14,"href":"https:\/\/blogs.donboscovolunteers.de\/jjinmanzini\/wp-json\/wp\/v2\/pages\/10\/revisions"}],"predecessor-version":[{"id":124,"href":"https:\/\/blogs.donboscovolunteers.de\/jjinmanzini\/wp-json\/wp\/v2\/pages\/10\/revisions\/124"}],"wp:attachment":[{"href":"https:\/\/blogs.donboscovolunteers.de\/jjinmanzini\/wp-json\/wp\/v2\/media?parent=10"}],"curies":[{"name":"wp","href":"https:\/\/api.w.org\/{rel}","templated":true}]}}