{"id":8,"date":"2019-08-17T10:56:24","date_gmt":"2019-08-17T08:56:24","guid":{"rendered":"https:\/\/blogs.donboscovolunteers.de\/jfchennai\/?page_id=8"},"modified":"2019-08-17T10:56:26","modified_gmt":"2019-08-17T08:56:26","slug":"das-bin-ich","status":"publish","type":"page","link":"https:\/\/blogs.donboscovolunteers.de\/jfchennai\/das-bin-ich\/","title":{"rendered":"Das bin Ich"},"content":{"rendered":"<p>Mein Name ist Jakob Freiwald, ich bin 18 Jahre alt und komme aus Bonn. Ich habe diesen Sommer die Schulzeit erfolgreich hinter mir gelassen und habe keine Ahnung was ich studieren will. Das war einer meiner vielen Beweggr\u00fcnde ein Jahr ins Ausland zu gehen. Ich bin au\u00dferdem Messdiener (und Leiter) in unserer Gemeinde und engagiere mich im christlichen Verband &#8222;ND Christsein.Heute&#8220;. Ich interessiere mich insbesondere f\u00fcr Fu\u00dfball, Kochen und Musik, spiele selbst auch seit 11 Jahren Horn, zuletzt in unserem Schulorchester. Nun aber zu den Gr\u00fcnden warum ich hier bin: Nach der anstrengenden Schulzeit wollte ich eine Pause vom Bildungssystem und habe mich also nach M\u00f6glichkeiten umgeschaut wie ich ein Jahr rauskomme, etwas Sinnvolles mache und was in einem finanziell angemessenem Rahmen bleibt. Durch meine Arbeit mit Kindern wurde die Option einen <a href=\"https:\/\/www.donboscovolunteers.de\/\">Freiwilligendienst<\/a> im Ausland zu machen zu meinem Favorit und durch Recherche und Bekannte, die mir von <a href=\"https:\/\/www.donboscomission.de\/don-bosco\/\">Don Bosco<\/a> erz\u00e4hlten kam ich hierher.  <\/p>","protected":false},"excerpt":{"rendered":"<p>Mein Name ist Jakob Freiwald, ich bin 18 Jahre alt und komme aus Bonn. Ich habe diesen Sommer die Schulzeit erfolgreich hinter mir gelassen und habe keine Ahnung was ich studieren will. Das war einer meiner vielen Beweggr\u00fcnde ein Jahr ins Ausland zu gehen. Ich bin au\u00dferdem Messdiener (und Leiter) in unserer Gemeinde und engagiere [&hellip;]<\/p>\n","protected":false},"author":21660,"featured_media":0,"parent":0,"menu_order":0,"comment_status":"closed","ping_status":"closed","template":"","meta":{"footnotes":""},"class_list":["post-8","page","type-page","status-publish","hentry"],"yoast_head":"<!-- This site is optimized with the Yoast SEO plugin v25.3.1 - https:\/\/yoast.com\/wordpress\/plugins\/seo\/ -->\n<title>Das bin Ich - Ein Jahr raus - Jakob in Chennai<\/title>\n<meta name=\"robots\" content=\"index, follow, max-snippet:-1, max-image-preview:large, max-video-preview:-1\" \/>\n<link rel=\"canonical\" href=\"https:\/\/blogs.donboscovolunteers.de\/jfchennai\/das-bin-ich\/\" \/>\n<meta property=\"og:locale\" content=\"de_DE\" \/>\n<meta property=\"og:type\" content=\"article\" \/>\n<meta property=\"og:title\" content=\"Das bin Ich - Ein Jahr raus - Jakob in Chennai\" \/>\n<meta property=\"og:description\" content=\"Mein Name ist Jakob Freiwald, ich bin 18 Jahre alt und komme aus Bonn. Ich habe diesen Sommer die Schulzeit erfolgreich hinter mir gelassen und habe keine Ahnung was ich studieren will. Das war einer meiner vielen Beweggr\u00fcnde ein Jahr ins Ausland zu gehen. Ich bin au\u00dferdem Messdiener (und Leiter) in unserer Gemeinde und engagiere [&hellip;]\" \/>\n<meta property=\"og:url\" content=\"https:\/\/blogs.donboscovolunteers.de\/jfchennai\/das-bin-ich\/\" \/>\n<meta property=\"og:site_name\" content=\"Ein Jahr raus - Jakob in Chennai\" \/>\n<meta property=\"article:modified_time\" content=\"2019-08-17T08:56:26+00:00\" \/>\n<meta name=\"twitter:card\" content=\"summary_large_image\" \/>\n<meta name=\"twitter:label1\" content=\"Gesch\u00e4tzte Lesezeit\" \/>\n\t<meta name=\"twitter:data1\" content=\"1\u00a0Minute\" \/>\n<script type=\"application\/ld+json\" class=\"yoast-schema-graph\">{\"@context\":\"https:\/\/schema.org\",\"@graph\":[{\"@type\":\"WebPage\",\"@id\":\"https:\/\/blogs.donboscovolunteers.de\/jfchennai\/das-bin-ich\/\",\"url\":\"https:\/\/blogs.donboscovolunteers.de\/jfchennai\/das-bin-ich\/\",\"name\":\"Das bin Ich - Ein Jahr raus - Jakob in Chennai\",\"isPartOf\":{\"@id\":\"https:\/\/blogs.donboscovolunteers.de\/jfchennai\/#website\"},\"datePublished\":\"2019-08-17T08:56:24+00:00\",\"dateModified\":\"2019-08-17T08:56:26+00:00\",\"breadcrumb\":{\"@id\":\"https:\/\/blogs.donboscovolunteers.de\/jfchennai\/das-bin-ich\/#breadcrumb\"},\"inLanguage\":\"de\",\"potentialAction\":[{\"@type\":\"ReadAction\",\"target\":[\"https:\/\/blogs.donboscovolunteers.de\/jfchennai\/das-bin-ich\/\"]}]},{\"@type\":\"BreadcrumbList\",\"@id\":\"https:\/\/blogs.donboscovolunteers.de\/jfchennai\/das-bin-ich\/#breadcrumb\",\"itemListElement\":[{\"@type\":\"ListItem\",\"position\":1,\"name\":\"Startseite\",\"item\":\"https:\/\/blogs.donboscovolunteers.de\/jfchennai\/\"},{\"@type\":\"ListItem\",\"position\":2,\"name\":\"Das bin Ich\"}]},{\"@type\":\"WebSite\",\"@id\":\"https:\/\/blogs.donboscovolunteers.de\/jfchennai\/#website\",\"url\":\"https:\/\/blogs.donboscovolunteers.de\/jfchennai\/\",\"name\":\"Ein Jahr raus - Jakob in Chennai\",\"description\":\"Zwischen Schule und Studium mal was sinnvolles\",\"potentialAction\":[{\"@type\":\"SearchAction\",\"target\":{\"@type\":\"EntryPoint\",\"urlTemplate\":\"https:\/\/blogs.donboscovolunteers.de\/jfchennai\/?s={search_term_string}\"},\"query-input\":{\"@type\":\"PropertyValueSpecification\",\"valueRequired\":true,\"valueName\":\"search_term_string\"}}],\"inLanguage\":\"de\"}]}<\/script>\n<!-- \/ Yoast SEO plugin. -->","yoast_head_json":{"title":"Das bin Ich - Ein Jahr raus - Jakob in Chennai","robots":{"index":"index","follow":"follow","max-snippet":"max-snippet:-1","max-image-preview":"max-image-preview:large","max-video-preview":"max-video-preview:-1"},"canonical":"https:\/\/blogs.donboscovolunteers.de\/jfchennai\/das-bin-ich\/","og_locale":"de_DE","og_type":"article","og_title":"Das bin Ich - Ein Jahr raus - Jakob in Chennai","og_description":"Mein Name ist Jakob Freiwald, ich bin 18 Jahre alt und komme aus Bonn. Ich habe diesen Sommer die Schulzeit erfolgreich hinter mir gelassen und habe keine Ahnung was ich studieren will. Das war einer meiner vielen Beweggr\u00fcnde ein Jahr ins Ausland zu gehen. Ich bin au\u00dferdem Messdiener (und Leiter) in unserer Gemeinde und engagiere [&hellip;]","og_url":"https:\/\/blogs.donboscovolunteers.de\/jfchennai\/das-bin-ich\/","og_site_name":"Ein Jahr raus - Jakob in Chennai","article_modified_time":"2019-08-17T08:56:26+00:00","twitter_card":"summary_large_image","twitter_misc":{"Gesch\u00e4tzte Lesezeit":"1\u00a0Minute"},"schema":{"@context":"https:\/\/schema.org","@graph":[{"@type":"WebPage","@id":"https:\/\/blogs.donboscovolunteers.de\/jfchennai\/das-bin-ich\/","url":"https:\/\/blogs.donboscovolunteers.de\/jfchennai\/das-bin-ich\/","name":"Das bin Ich - Ein Jahr raus - Jakob in Chennai","isPartOf":{"@id":"https:\/\/blogs.donboscovolunteers.de\/jfchennai\/#website"},"datePublished":"2019-08-17T08:56:24+00:00","dateModified":"2019-08-17T08:56:26+00:00","breadcrumb":{"@id":"https:\/\/blogs.donboscovolunteers.de\/jfchennai\/das-bin-ich\/#breadcrumb"},"inLanguage":"de","potentialAction":[{"@type":"ReadAction","target":["https:\/\/blogs.donboscovolunteers.de\/jfchennai\/das-bin-ich\/"]}]},{"@type":"BreadcrumbList","@id":"https:\/\/blogs.donboscovolunteers.de\/jfchennai\/das-bin-ich\/#breadcrumb","itemListElement":[{"@type":"ListItem","position":1,"name":"Startseite","item":"https:\/\/blogs.donboscovolunteers.de\/jfchennai\/"},{"@type":"ListItem","position":2,"name":"Das bin Ich"}]},{"@type":"WebSite","@id":"https:\/\/blogs.donboscovolunteers.de\/jfchennai\/#website","url":"https:\/\/blogs.donboscovolunteers.de\/jfchennai\/","name":"Ein Jahr raus - Jakob in Chennai","description":"Zwischen Schule und Studium mal was sinnvolles","potentialAction":[{"@type":"SearchAction","target":{"@type":"EntryPoint","urlTemplate":"https:\/\/blogs.donboscovolunteers.de\/jfchennai\/?s={search_term_string}"},"query-input":{"@type":"PropertyValueSpecification","valueRequired":true,"valueName":"search_term_string"}}],"inLanguage":"de"}]}},"_links":{"self":[{"href":"https:\/\/blogs.donboscovolunteers.de\/jfchennai\/wp-json\/wp\/v2\/pages\/8","targetHints":{"allow":["GET"]}}],"collection":[{"href":"https:\/\/blogs.donboscovolunteers.de\/jfchennai\/wp-json\/wp\/v2\/pages"}],"about":[{"href":"https:\/\/blogs.donboscovolunteers.de\/jfchennai\/wp-json\/wp\/v2\/types\/page"}],"author":[{"embeddable":true,"href":"https:\/\/blogs.donboscovolunteers.de\/jfchennai\/wp-json\/wp\/v2\/users\/21660"}],"replies":[{"embeddable":true,"href":"https:\/\/blogs.donboscovolunteers.de\/jfchennai\/wp-json\/wp\/v2\/comments?post=8"}],"version-history":[{"count":3,"href":"https:\/\/blogs.donboscovolunteers.de\/jfchennai\/wp-json\/wp\/v2\/pages\/8\/revisions"}],"predecessor-version":[{"id":11,"href":"https:\/\/blogs.donboscovolunteers.de\/jfchennai\/wp-json\/wp\/v2\/pages\/8\/revisions\/11"}],"wp:attachment":[{"href":"https:\/\/blogs.donboscovolunteers.de\/jfchennai\/wp-json\/wp\/v2\/media?parent=8"}],"curies":[{"name":"wp","href":"https:\/\/api.w.org\/{rel}","templated":true}]}}